{"id":133363,"date":"2026-01-27T21:44:31","date_gmt":"2026-01-27T20:44:31","guid":{"rendered":"https:\/\/new.visit-montenegro.com\/kotor\/"},"modified":"2026-03-22T20:19:07","modified_gmt":"2026-03-22T19:19:07","slug":"kotor","status":"publish","type":"page","link":"https:\/\/www.visit-montenegro.com\/de\/reiseziele\/kotor\/","title":{"rendered":"Kotor"},"content":{"rendered":"\n<p>Kotor ist eine dramatische UNESCO-gesch\u00fctzte Stadt in Montenegro, eingebettet zwischen grauen Bergen und dem Meer. Dieses mittelalterliche Ziel zeichnet sich durch venezianische Pal\u00e4ste, alte Kirchen und massive Steinw\u00e4lle aus. Kotor bietet eine einzigartige Mischung aus historischen Denkm\u00e4lern und lebendigem modernem Leben in seinen engen Kopfsteinpflasterstra\u00dfen.<\/p>\n\n<hr class=\"wp-block-separator has-alpha-channel-opacity\"\/>\n\n<h2 class=\"wp-block-heading\">Alte Geschichte und UNESCO-Erbe<\/h2>\n\n<p>Tats\u00e4chlich herrschten verschiedene Reiche wie die R\u00f6mer und Venezianer im Laufe der Geschichte \u00fcber <strong>Kotor<\/strong>. Insbesondere hinterlie\u00dfen diese Eroberer beeindruckende Renaissance-Pal\u00e4ste und barocke T\u00fcrme. Dar\u00fcber hinaus ist die Kathedrale des Heiligen Tripun drei Jahrhunderte \u00e4lter als die Entdeckung Amerikas. Folglich f\u00fchrte dieser kulturelle Reichtum dazu, dass <strong>Kotor<\/strong> in die UNESCO-Liste des gesch\u00fctzten Erbes aufgenommen wurde.<\/p>\n\n<figure class=\"wp-block-image size-large\"><img loading=\"lazy\" decoding=\"async\" width=\"1024\" height=\"683\" src=\"https:\/\/www.visit-montenegro.com\/wp-content\/uploads\/2019\/06\/kotor-katedrala-1024x683.jpg\" alt=\"\" class=\"wp-image-35348\" srcset=\"https:\/\/www.visit-montenegro.com\/wp-content\/uploads\/2019\/06\/kotor-katedrala-1024x683.jpg 1024w, https:\/\/www.visit-montenegro.com\/wp-content\/uploads\/2019\/06\/kotor-katedrala-300x200.jpg 300w, https:\/\/www.visit-montenegro.com\/wp-content\/uploads\/2019\/06\/kotor-katedrala-768x512.jpg 768w, https:\/\/www.visit-montenegro.com\/wp-content\/uploads\/2019\/06\/kotor-katedrala-90x60.jpg 90w, https:\/\/www.visit-montenegro.com\/wp-content\/uploads\/2019\/06\/kotor-katedrala-180x120.jpg 180w, https:\/\/www.visit-montenegro.com\/wp-content\/uploads\/2019\/06\/kotor-katedrala-95x64.jpg 95w, https:\/\/www.visit-montenegro.com\/wp-content\/uploads\/2019\/06\/kotor-katedrala.jpg 1600w\" sizes=\"auto, (max-width: 1024px) 100vw, 1024px\" \/><figcaption class=\"wp-element-caption\">Die Kathedrale des Heiligen Tryphon in Kotor, Montenegro<\/figcaption><\/figure>\n\n<h2 class=\"wp-block-heading\">Atmosph\u00e4rische Stra\u00dfen und malerische Kontraste<\/h2>\n\n<p>Dar\u00fcber hinaus bleibt <strong>Kotor<\/strong> zwischen den grauen Bergen und dem K\u00fcstenmeer verankert. Zus\u00e4tzlich verh\u00fcllen hohe W\u00e4lle und Felsausl\u00e4ufer diese dramatische Stadt. Ebenso gedeiht modernes Leben in einem Labyrinth aus mittelalterlichen Kirchen und Pal\u00e4sten. Tats\u00e4chlich bietet <strong>Kotor<\/strong> einen auff\u00e4lligen Kontrast zwischen alten Pl\u00e4tzen und modernen Caf\u00e9s. Besonders bemerkenswert ist, dass das Echo von Schritten sich mit dem Schnurren lokaler Katzen vermischt.<\/p>\n\n<figure class=\"wp-block-image size-large\"><img loading=\"lazy\" decoding=\"async\" width=\"1024\" height=\"683\" src=\"https:\/\/www.visit-montenegro.com\/wp-content\/uploads\/2026\/02\/Depositphotos_505114134_XL-1024x683.jpg\" alt=\"\" class=\"wp-image-133118\" srcset=\"https:\/\/www.visit-montenegro.com\/wp-content\/uploads\/2026\/02\/Depositphotos_505114134_XL-1024x683.jpg 1024w, https:\/\/www.visit-montenegro.com\/wp-content\/uploads\/2026\/02\/Depositphotos_505114134_XL-300x200.jpg 300w, https:\/\/www.visit-montenegro.com\/wp-content\/uploads\/2026\/02\/Depositphotos_505114134_XL-768x512.jpg 768w, https:\/\/www.visit-montenegro.com\/wp-content\/uploads\/2026\/02\/Depositphotos_505114134_XL-1536x1024.jpg 1536w, https:\/\/www.visit-montenegro.com\/wp-content\/uploads\/2026\/02\/Depositphotos_505114134_XL-2048x1365.jpg 2048w, https:\/\/www.visit-montenegro.com\/wp-content\/uploads\/2026\/02\/Depositphotos_505114134_XL-scaled.jpg 1600w\" sizes=\"auto, (max-width: 1024px) 100vw, 1024px\" \/><\/figure>\n\n<h2 class=\"wp-block-heading\">Majest\u00e4tische Befestigungsanlagen und lokale Legenden<\/h2>\n\n<p>Infolgedessen leuchten die Stadtmauern jeden Abend wie helle Fackeln. Tats\u00e4chlich verwandelt sich die Stadt w\u00e4hrend der Karnevalssaison in einen gro\u00dfen Funken. Insbesondere wuchsen die Befestigungsanlagen \u00fcber zehn Jahrhunderte am St. John&#8217;s Hill. Zus\u00e4tzlich k\u00f6nnen Sie 1350 Stufen f\u00fcr einen herrlichen Blick \u00fcber <strong>Kotor<\/strong> erklimmen. Dar\u00fcber hinaus f\u00fchren drei Haupttore zur umliegenden Bucht hinaus. Schlie\u00dflich w\u00f6lbt sich das legend\u00e4re Feentor hoch \u00fcber <strong>Kotor<\/strong>.<\/p>\n\n<figure class=\"wp-block-image size-large\"><img loading=\"lazy\" decoding=\"async\" width=\"1024\" height=\"683\" src=\"https:\/\/www.visit-montenegro.com\/wp-content\/uploads\/2026\/01\/kotor-city-walls-stairs-1024x683.jpg\" alt=\"\" class=\"wp-image-36086\" srcset=\"https:\/\/www.visit-montenegro.com\/wp-content\/uploads\/2026\/01\/kotor-city-walls-stairs-1024x683.jpg 1024w, https:\/\/www.visit-montenegro.com\/wp-content\/uploads\/2026\/01\/kotor-city-walls-stairs-300x200.jpg 300w, https:\/\/www.visit-montenegro.com\/wp-content\/uploads\/2026\/01\/kotor-city-walls-stairs-768x512.jpg 768w, https:\/\/www.visit-montenegro.com\/wp-content\/uploads\/2026\/01\/kotor-city-walls-stairs-1536x1024.jpg 1536w, https:\/\/www.visit-montenegro.com\/wp-content\/uploads\/2026\/01\/kotor-city-walls-stairs-1200x800.jpg 1200w, https:\/\/www.visit-montenegro.com\/wp-content\/uploads\/2026\/01\/kotor-city-walls-stairs-scaled.jpg 1600w\" sizes=\"auto, (max-width: 1024px) 100vw, 1024px\" \/><figcaption class=\"wp-element-caption\">Draufsicht auf die alten steinernen Ruinengeb\u00e4ude und Treppen<\/figcaption><\/figure>\n\n<p>Zusammenfassend leben viele Mythen und Legenden in <strong>Kotor<\/strong>. Insbesondere sollten Sie <strong>Kotor<\/strong> besuchen, um diese Geschichten selbst zu erleben!<\/p>\n\n<hr class=\"wp-block-separator has-alpha-channel-opacity\"\/>\n\n<div class=\"wp-block-columns is-layout-flex wp-container-core-columns-is-layout-9d6595d7 wp-block-columns-is-layout-flex\">\n<div class=\"wp-block-column is-layout-flow wp-block-column-is-layout-flow\">\n<div class=\"wp-block-group\"><div class=\"wp-block-group__inner-container is-layout-constrained wp-block-group-is-layout-constrained\">\n<h3 class=\"wp-block-heading\">Entdecken Sie Kotor&#8217;s verborgene Sch\u00e4tze<\/h3>\n\n\n\n<p>Erkunden Sie die ikonischsten Wahrzeichen, historischen St\u00e4tten und Sehensw\u00fcrdigkeiten, die dieses Ziel einzigartig machen.<\/p>\n\n\n\n<div class=\"wp-block-buttons is-layout-flex wp-block-buttons-is-layout-flex\">\n<div class=\"wp-block-button\"><a class=\"wp-block-button__link wp-element-button\" href=\"https:\/\/www.visit-montenegro.com\/de\/reiseziele\/kotor\/sehenswuerdigkeiten\/\">Kotor Sehensw\u00fcrdigkeiten<\/a><\/div>\n<\/div>\n<\/div><\/div>\n<\/div>\n\n\n\n<div class=\"wp-block-column is-layout-flow wp-block-column-is-layout-flow\">\n<div class=\"wp-block-group\"><div class=\"wp-block-group__inner-container is-layout-constrained wp-block-group-is-layout-constrained\">\n<h3 class=\"wp-block-heading\">Erfahren Sie mehr \u00fcber Kotor<\/h3>\n\n\n\n<p>Tauchen Sie tiefer in die lokale Kultur, Geschichte und praktische Reiseberatung ein, um sich auf Ihre bevorstehende Reise vorzubereiten.<\/p>\n<\/div><\/div>\n\n\n\n<div class=\"wp-block-buttons is-layout-flex wp-block-buttons-is-layout-flex\">\n<div class=\"wp-block-button\"><a class=\"wp-block-button__link wp-element-button\" href=\"https:\/\/www.visit-montenegro.com\/de\/reiseziele\/kotor\/info\/\">Mehr \u00fcber Kotor<\/a><\/div>\n<\/div>\n<\/div>\n<\/div>\n\n<p><\/p>\n\n<p><\/p>\n","protected":false},"excerpt":{"rendered":"<p>Entdecken Sie Kotor, ein UNESCO-gesch\u00fctztes Juwel in Montenegro, wo mittelalterlicher Charme auf lebendiges modernes Leben trifft. Erkunden Sie seine dramatische Lage zwischen Bergen und Meer, alte Befestigungsanlagen und atmosph\u00e4rische Stra\u00dfen.<\/p>\n","protected":false},"author":1,"featured_media":133368,"parent":133381,"menu_order":0,"comment_status":"closed","ping_status":"closed","template":"","meta":{"_yoast_wpseo_focuskw":"Kotor","_yoast_wpseo_metadesc":"Entdecken Sie Kotor, Montenegros UNESCO-Stadt mit mittelalterlichem Charme, beeindruckenden Befestigungsanlagen und lebendigen Stra\u00dfen. Planen Sie Ihre Reise zu diesem dramatischen K\u00fcstenziel.","_kad_post_transparent":"","_kad_post_title":"","_kad_post_layout":"","_kad_post_sidebar_id":"","_kad_post_content_style":"","_kad_post_vertical_padding":"","_kad_post_feature":"","_kad_post_feature_position":"","_kad_post_header":false,"_kad_post_footer":false,"_kad_post_classname":"","iawp_total_views":79,"footnotes":""},"tags":[2295,594],"class_list":["post-133363","page","type-page","status-publish","has-post-thumbnail","hentry","tag-coast-destination","tag-destination"],"yoast_head":"<!-- This site is optimized with the Yoast SEO plugin v27.3 - https:\/\/yoast.com\/product\/yoast-seo-wordpress\/ -->\n<title>Kotor - Visit Montenegro<\/title>\n<meta name=\"description\" content=\"Entdecken Sie Kotor, Montenegros UNESCO-Stadt mit mittelalterlichem Charme, beeindruckenden Befestigungsanlagen und lebendigen Stra\u00dfen. Planen Sie Ihre Reise zu diesem dramatischen K\u00fcstenziel.\" \/>\n<meta name=\"robots\" content=\"index, follow, max-snippet:-1, max-image-preview:large, max-video-preview:-1\" \/>\n<link rel=\"canonical\" href=\"https:\/\/www.visit-montenegro.com\/de\/reiseziele\/kotor\/\" \/>\n<meta property=\"og:locale\" content=\"de_DE\" \/>\n<meta property=\"og:type\" content=\"article\" \/>\n<meta property=\"og:title\" content=\"Kotor - Visit Montenegro\" \/>\n<meta property=\"og:description\" content=\"Entdecken Sie Kotor, Montenegros UNESCO-Stadt mit mittelalterlichem Charme, beeindruckenden Befestigungsanlagen und lebendigen Stra\u00dfen. Planen Sie Ihre Reise zu diesem dramatischen K\u00fcstenziel.\" \/>\n<meta property=\"og:url\" content=\"https:\/\/www.visit-montenegro.com\/de\/reiseziele\/kotor\/\" \/>\n<meta property=\"og:site_name\" content=\"Visit Montenegro\" \/>\n<meta property=\"article:publisher\" content=\"https:\/\/www.facebook.com\/visitmontenegro\" \/>\n<meta property=\"article:modified_time\" content=\"2026-03-22T19:19:07+00:00\" \/>\n<meta property=\"og:image\" content=\"https:\/\/www.visit-montenegro.com\/wp-content\/uploads\/2025\/12\/kotor-1.jpeg\" \/>\n\t<meta property=\"og:image:width\" content=\"835\" \/>\n\t<meta property=\"og:image:height\" content=\"961\" \/>\n\t<meta property=\"og:image:type\" content=\"image\/jpeg\" \/>\n<meta name=\"twitter:card\" content=\"summary_large_image\" \/>\n<meta name=\"twitter:site\" content=\"@visitmontenegro\" \/>\n<meta name=\"twitter:label1\" content=\"Gesch\u00e4tzte Lesezeit\" \/>\n\t<meta name=\"twitter:data1\" content=\"2\u00a0Minuten\" \/>\n<script type=\"application\/ld+json\" class=\"yoast-schema-graph\">{\"@context\":\"https:\\\/\\\/schema.org\",\"@graph\":[{\"@type\":\"WebPage\",\"@id\":\"https:\\\/\\\/www.visit-montenegro.com\\\/de\\\/reiseziele\\\/kotor\\\/\",\"url\":\"https:\\\/\\\/www.visit-montenegro.com\\\/de\\\/reiseziele\\\/kotor\\\/\",\"name\":\"Kotor - Visit Montenegro\",\"isPartOf\":{\"@id\":\"https:\\\/\\\/www.visit-montenegro.com\\\/de\\\/#website\"},\"primaryImageOfPage\":{\"@id\":\"https:\\\/\\\/www.visit-montenegro.com\\\/de\\\/reiseziele\\\/kotor\\\/#primaryimage\"},\"image\":{\"@id\":\"https:\\\/\\\/www.visit-montenegro.com\\\/de\\\/reiseziele\\\/kotor\\\/#primaryimage\"},\"thumbnailUrl\":\"https:\\\/\\\/www.visit-montenegro.com\\\/wp-content\\\/uploads\\\/2025\\\/12\\\/kotor-1.jpeg\",\"datePublished\":\"2026-01-27T20:44:31+00:00\",\"dateModified\":\"2026-03-22T19:19:07+00:00\",\"description\":\"Entdecken Sie Kotor, Montenegros UNESCO-Stadt mit mittelalterlichem Charme, beeindruckenden Befestigungsanlagen und lebendigen Stra\u00dfen. Planen Sie Ihre Reise zu diesem dramatischen K\u00fcstenziel.\",\"breadcrumb\":{\"@id\":\"https:\\\/\\\/www.visit-montenegro.com\\\/de\\\/reiseziele\\\/kotor\\\/#breadcrumb\"},\"inLanguage\":\"de\",\"potentialAction\":[{\"@type\":\"ReadAction\",\"target\":[\"https:\\\/\\\/www.visit-montenegro.com\\\/de\\\/reiseziele\\\/kotor\\\/\"]}]},{\"@type\":\"ImageObject\",\"inLanguage\":\"de\",\"@id\":\"https:\\\/\\\/www.visit-montenegro.com\\\/de\\\/reiseziele\\\/kotor\\\/#primaryimage\",\"url\":\"https:\\\/\\\/www.visit-montenegro.com\\\/wp-content\\\/uploads\\\/2025\\\/12\\\/kotor-1.jpeg\",\"contentUrl\":\"https:\\\/\\\/www.visit-montenegro.com\\\/wp-content\\\/uploads\\\/2025\\\/12\\\/kotor-1.jpeg\",\"width\":835,\"height\":961},{\"@type\":\"BreadcrumbList\",\"@id\":\"https:\\\/\\\/www.visit-montenegro.com\\\/de\\\/reiseziele\\\/kotor\\\/#breadcrumb\",\"itemListElement\":[{\"@type\":\"ListItem\",\"position\":1,\"name\":\"Home\",\"item\":\"https:\\\/\\\/www.visit-montenegro.com\\\/de\\\/home\\\/\"},{\"@type\":\"ListItem\",\"position\":2,\"name\":\"Reiseziele in Montenegro\",\"item\":\"https:\\\/\\\/www.visit-montenegro.com\\\/de\\\/reiseziele\\\/\"},{\"@type\":\"ListItem\",\"position\":3,\"name\":\"Kotor\"}]},{\"@type\":\"WebSite\",\"@id\":\"https:\\\/\\\/www.visit-montenegro.com\\\/de\\\/#website\",\"url\":\"https:\\\/\\\/www.visit-montenegro.com\\\/de\\\/\",\"name\":\"Visit Montenegro\",\"description\":\"Breathtaking beauty\",\"publisher\":{\"@id\":\"https:\\\/\\\/www.visit-montenegro.com\\\/de\\\/#organization\"},\"potentialAction\":[{\"@type\":\"SearchAction\",\"target\":{\"@type\":\"EntryPoint\",\"urlTemplate\":\"https:\\\/\\\/www.visit-montenegro.com\\\/de\\\/?s={search_term_string}\"},\"query-input\":{\"@type\":\"PropertyValueSpecification\",\"valueRequired\":true,\"valueName\":\"search_term_string\"}}],\"inLanguage\":\"de\"},{\"@type\":\"Organization\",\"@id\":\"https:\\\/\\\/www.visit-montenegro.com\\\/de\\\/#organization\",\"name\":\"Visit Montenegro\",\"url\":\"https:\\\/\\\/www.visit-montenegro.com\\\/de\\\/\",\"logo\":{\"@type\":\"ImageObject\",\"inLanguage\":\"de\",\"@id\":\"https:\\\/\\\/www.visit-montenegro.com\\\/de\\\/#\\\/schema\\\/logo\\\/image\\\/\",\"url\":\"https:\\\/\\\/www.visit-montenegro.com\\\/wp-content\\\/uploads\\\/2017\\\/10\\\/logo-amp.png\",\"contentUrl\":\"https:\\\/\\\/www.visit-montenegro.com\\\/wp-content\\\/uploads\\\/2017\\\/10\\\/logo-amp.png\",\"width\":190,\"height\":36,\"caption\":\"Visit Montenegro\"},\"image\":{\"@id\":\"https:\\\/\\\/www.visit-montenegro.com\\\/de\\\/#\\\/schema\\\/logo\\\/image\\\/\"},\"sameAs\":[\"https:\\\/\\\/www.facebook.com\\\/visitmontenegro\",\"https:\\\/\\\/x.com\\\/visitmontenegro\",\"https:\\\/\\\/www.instagram.com\\\/visit_montenegro\\\/\",\"https:\\\/\\\/www.youtube.com\\\/user\\\/VisitMontenegro\"]}]}<\/script>\n<!-- \/ Yoast SEO plugin. -->","yoast_head_json":{"title":"Kotor - Visit Montenegro","description":"Entdecken Sie Kotor, Montenegros UNESCO-Stadt mit mittelalterlichem Charme, beeindruckenden Befestigungsanlagen und lebendigen Stra\u00dfen. Planen Sie Ihre Reise zu diesem dramatischen K\u00fcstenziel.","robots":{"index":"index","follow":"follow","max-snippet":"max-snippet:-1","max-image-preview":"max-image-preview:large","max-video-preview":"max-video-preview:-1"},"canonical":"https:\/\/www.visit-montenegro.com\/de\/reiseziele\/kotor\/","og_locale":"de_DE","og_type":"article","og_title":"Kotor - Visit Montenegro","og_description":"Entdecken Sie Kotor, Montenegros UNESCO-Stadt mit mittelalterlichem Charme, beeindruckenden Befestigungsanlagen und lebendigen Stra\u00dfen. Planen Sie Ihre Reise zu diesem dramatischen K\u00fcstenziel.","og_url":"https:\/\/www.visit-montenegro.com\/de\/reiseziele\/kotor\/","og_site_name":"Visit Montenegro","article_publisher":"https:\/\/www.facebook.com\/visitmontenegro","article_modified_time":"2026-03-22T19:19:07+00:00","og_image":[{"width":835,"height":961,"url":"https:\/\/www.visit-montenegro.com\/wp-content\/uploads\/2025\/12\/kotor-1.jpeg","type":"image\/jpeg"}],"twitter_card":"summary_large_image","twitter_site":"@visitmontenegro","twitter_misc":{"Gesch\u00e4tzte Lesezeit":"2\u00a0Minuten"},"schema":{"@context":"https:\/\/schema.org","@graph":[{"@type":"WebPage","@id":"https:\/\/www.visit-montenegro.com\/de\/reiseziele\/kotor\/","url":"https:\/\/www.visit-montenegro.com\/de\/reiseziele\/kotor\/","name":"Kotor - Visit Montenegro","isPartOf":{"@id":"https:\/\/www.visit-montenegro.com\/de\/#website"},"primaryImageOfPage":{"@id":"https:\/\/www.visit-montenegro.com\/de\/reiseziele\/kotor\/#primaryimage"},"image":{"@id":"https:\/\/www.visit-montenegro.com\/de\/reiseziele\/kotor\/#primaryimage"},"thumbnailUrl":"https:\/\/www.visit-montenegro.com\/wp-content\/uploads\/2025\/12\/kotor-1.jpeg","datePublished":"2026-01-27T20:44:31+00:00","dateModified":"2026-03-22T19:19:07+00:00","description":"Entdecken Sie Kotor, Montenegros UNESCO-Stadt mit mittelalterlichem Charme, beeindruckenden Befestigungsanlagen und lebendigen Stra\u00dfen. Planen Sie Ihre Reise zu diesem dramatischen K\u00fcstenziel.","breadcrumb":{"@id":"https:\/\/www.visit-montenegro.com\/de\/reiseziele\/kotor\/#breadcrumb"},"inLanguage":"de","potentialAction":[{"@type":"ReadAction","target":["https:\/\/www.visit-montenegro.com\/de\/reiseziele\/kotor\/"]}]},{"@type":"ImageObject","inLanguage":"de","@id":"https:\/\/www.visit-montenegro.com\/de\/reiseziele\/kotor\/#primaryimage","url":"https:\/\/www.visit-montenegro.com\/wp-content\/uploads\/2025\/12\/kotor-1.jpeg","contentUrl":"https:\/\/www.visit-montenegro.com\/wp-content\/uploads\/2025\/12\/kotor-1.jpeg","width":835,"height":961},{"@type":"BreadcrumbList","@id":"https:\/\/www.visit-montenegro.com\/de\/reiseziele\/kotor\/#breadcrumb","itemListElement":[{"@type":"ListItem","position":1,"name":"Home","item":"https:\/\/www.visit-montenegro.com\/de\/home\/"},{"@type":"ListItem","position":2,"name":"Reiseziele in Montenegro","item":"https:\/\/www.visit-montenegro.com\/de\/reiseziele\/"},{"@type":"ListItem","position":3,"name":"Kotor"}]},{"@type":"WebSite","@id":"https:\/\/www.visit-montenegro.com\/de\/#website","url":"https:\/\/www.visit-montenegro.com\/de\/","name":"Visit Montenegro","description":"Breathtaking beauty","publisher":{"@id":"https:\/\/www.visit-montenegro.com\/de\/#organization"},"potentialAction":[{"@type":"SearchAction","target":{"@type":"EntryPoint","urlTemplate":"https:\/\/www.visit-montenegro.com\/de\/?s={search_term_string}"},"query-input":{"@type":"PropertyValueSpecification","valueRequired":true,"valueName":"search_term_string"}}],"inLanguage":"de"},{"@type":"Organization","@id":"https:\/\/www.visit-montenegro.com\/de\/#organization","name":"Visit Montenegro","url":"https:\/\/www.visit-montenegro.com\/de\/","logo":{"@type":"ImageObject","inLanguage":"de","@id":"https:\/\/www.visit-montenegro.com\/de\/#\/schema\/logo\/image\/","url":"https:\/\/www.visit-montenegro.com\/wp-content\/uploads\/2017\/10\/logo-amp.png","contentUrl":"https:\/\/www.visit-montenegro.com\/wp-content\/uploads\/2017\/10\/logo-amp.png","width":190,"height":36,"caption":"Visit Montenegro"},"image":{"@id":"https:\/\/www.visit-montenegro.com\/de\/#\/schema\/logo\/image\/"},"sameAs":["https:\/\/www.facebook.com\/visitmontenegro","https:\/\/x.com\/visitmontenegro","https:\/\/www.instagram.com\/visit_montenegro\/","https:\/\/www.youtube.com\/user\/VisitMontenegro"]}]}},"translations":[],"_links":{"self":[{"href":"https:\/\/www.visit-montenegro.com\/de\/wp-json\/wp\/v2\/pages\/133363","targetHints":{"allow":["GET"]}}],"collection":[{"href":"https:\/\/www.visit-montenegro.com\/de\/wp-json\/wp\/v2\/pages"}],"about":[{"href":"https:\/\/www.visit-montenegro.com\/de\/wp-json\/wp\/v2\/types\/page"}],"author":[{"embeddable":true,"href":"https:\/\/www.visit-montenegro.com\/de\/wp-json\/wp\/v2\/users\/1"}],"replies":[{"embeddable":true,"href":"https:\/\/www.visit-montenegro.com\/de\/wp-json\/wp\/v2\/comments?post=133363"}],"version-history":[{"count":1,"href":"https:\/\/www.visit-montenegro.com\/de\/wp-json\/wp\/v2\/pages\/133363\/revisions"}],"predecessor-version":[{"id":139421,"href":"https:\/\/www.visit-montenegro.com\/de\/wp-json\/wp\/v2\/pages\/133363\/revisions\/139421"}],"up":[{"embeddable":true,"href":"https:\/\/www.visit-montenegro.com\/de\/wp-json\/wp\/v2\/pages\/133381"}],"wp:featuredmedia":[{"embeddable":true,"href":"https:\/\/www.visit-montenegro.com\/de\/wp-json\/wp\/v2\/media\/133368"}],"wp:attachment":[{"href":"https:\/\/www.visit-montenegro.com\/de\/wp-json\/wp\/v2\/media?parent=133363"}],"wp:term":[{"taxonomy":"post_tag","embeddable":true,"href":"https:\/\/www.visit-montenegro.com\/de\/wp-json\/wp\/v2\/tags?post=133363"}],"curies":[{"name":"wp","href":"https:\/\/api.w.org\/{rel}","templated":true}]}}