{"id":133377,"date":"2026-01-27T21:44:33","date_gmt":"2026-01-27T20:44:33","guid":{"rendered":"https:\/\/new.visit-montenegro.com\/redzepagic-turm\/"},"modified":"2026-02-22T17:41:52","modified_gmt":"2026-02-22T16:41:52","slug":"redzepagic-turm","status":"publish","type":"page","link":"https:\/\/www.visit-montenegro.com\/de\/reiseziele\/plav\/sehenswuerdigkeiten\/redzepagic-turm\/","title":{"rendered":"Redzepagic-Turm"},"content":{"rendered":"\n<p>Der Redzepagic-Turm ist das \u00e4lteste erhaltene Geb\u00e4ude in Plav und eines der interessantesten Denkm\u00e4ler der Verteidigungsarchitektur in Montenegro, gesetzlich gesch\u00fctzt.<\/p>\n\n<hr class=\"wp-block-separator has-alpha-channel-opacity\"\/>\n\n<h2 class=\"wp-block-heading\">Historische Urspr\u00fcnge und Legenden<\/h2>\n\n<p>Laut einigen schriftlichen Quellen wurde der <strong>Redzepagic-Turm<\/strong> 1671 von Hasan beg Redzepagic erbaut. Die Legende besagt jedoch, dass er viel \u00e4lter ist und aus dem 15. Jahrhundert stammt. Der Legende nach wurde der Turm von Ali Muce mit seinen S\u00f6hnen, Nachkommen von Ali beg Redzepagic, erbaut, um Plav vor den Bunjani (Clements) zu verteidigen.<\/p>\n\n<h2 class=\"wp-block-heading\">Architektonische Merkmale und Entwicklung<\/h2>\n\n<p>Der Turm hatte urspr\u00fcnglich zwei Stockwerke mit dicken W\u00e4nden, \u00fcber einem Meter, Wacht\u00fcrmen und Schie\u00dfscharten, bedeckt mit Steinziegeln. Sp\u00e4ter wurde das dritte Stockwerk hinzugef\u00fcgt.<\/p>\n\n<p>Als bedeutendes kulturelles und historisches Denkmal ist der <strong>Redzepagic-Turm<\/strong> eine sehr attraktive Touristenattraktion.<\/p>\n\n<p><\/p>\n","protected":false},"excerpt":{"rendered":"<p>Entdecken Sie den Redzepagic-Turm, das \u00e4lteste erhaltene Geb\u00e4ude in Plav und ein Schl\u00fcsselmonument der Verteidigungsarchitektur Montenegros. Erkunden Sie seine historischen Urspr\u00fcnge, architektonische Entwicklung und kulturelle Bedeutung als gesch\u00fctzte Touristenattraktion.<\/p>\n","protected":false},"author":1,"featured_media":133853,"parent":133383,"menu_order":0,"comment_status":"closed","ping_status":"closed","template":"","meta":{"_yoast_wpseo_focuskw":"Redzepagic-Turm","_yoast_wpseo_metadesc":"Entdecken Sie den Redzepagic-Turm in Plav, das \u00e4lteste erhaltene Geb\u00e4ude Montenegros. Erfahren Sie mehr \u00fcber seine Geschichte, Architektur und warum es ein Muss f\u00fcr kulturelle Denkm\u00e4ler ist.","_kad_post_transparent":"","_kad_post_title":"","_kad_post_layout":"","_kad_post_sidebar_id":"","_kad_post_content_style":"","_kad_post_vertical_padding":"","_kad_post_feature":"","_kad_post_feature_position":"","_kad_post_header":false,"_kad_post_footer":false,"_kad_post_classname":"","iawp_total_views":2,"footnotes":""},"tags":[],"class_list":["post-133377","page","type-page","status-publish","has-post-thumbnail","hentry"],"yoast_head":"<!-- This site is optimized with the Yoast SEO plugin v27.3 - https:\/\/yoast.com\/product\/yoast-seo-wordpress\/ -->\n<title>Redzepagic-Turm - Visit Montenegro<\/title>\n<meta name=\"description\" content=\"Entdecken Sie den Redzepagic-Turm in Plav, das \u00e4lteste erhaltene Geb\u00e4ude Montenegros. Erfahren Sie mehr \u00fcber seine Geschichte, Architektur und warum es ein Muss f\u00fcr kulturelle Denkm\u00e4ler ist.\" \/>\n<meta name=\"robots\" content=\"index, follow, max-snippet:-1, max-image-preview:large, max-video-preview:-1\" \/>\n<link rel=\"canonical\" href=\"https:\/\/www.visit-montenegro.com\/de\/reiseziele\/plav\/sehenswuerdigkeiten\/redzepagic-turm\/\" \/>\n<meta property=\"og:locale\" content=\"de_DE\" \/>\n<meta property=\"og:type\" content=\"article\" \/>\n<meta property=\"og:title\" content=\"Redzepagic-Turm - Visit Montenegro\" \/>\n<meta property=\"og:description\" content=\"Entdecken Sie den Redzepagic-Turm in Plav, das \u00e4lteste erhaltene Geb\u00e4ude Montenegros. Erfahren Sie mehr \u00fcber seine Geschichte, Architektur und warum es ein Muss f\u00fcr kulturelle Denkm\u00e4ler ist.\" \/>\n<meta property=\"og:url\" content=\"https:\/\/www.visit-montenegro.com\/de\/reiseziele\/plav\/sehenswuerdigkeiten\/redzepagic-turm\/\" \/>\n<meta property=\"og:site_name\" content=\"Visit Montenegro\" \/>\n<meta property=\"article:publisher\" content=\"https:\/\/www.facebook.com\/visitmontenegro\" \/>\n<meta property=\"article:modified_time\" content=\"2026-02-22T16:41:52+00:00\" \/>\n<meta property=\"og:image\" content=\"https:\/\/www.visit-montenegro.com\/wp-content\/uploads\/2026\/01\/prokletije-redzepagic-tower-scaled.jpg\" \/>\n\t<meta property=\"og:image:width\" content=\"1600\" \/>\n\t<meta property=\"og:image:height\" content=\"1067\" \/>\n\t<meta property=\"og:image:type\" content=\"image\/jpeg\" \/>\n<meta name=\"twitter:card\" content=\"summary_large_image\" \/>\n<meta name=\"twitter:site\" content=\"@visitmontenegro\" \/>\n<meta name=\"twitter:label1\" content=\"Gesch\u00e4tzte Lesezeit\" \/>\n\t<meta name=\"twitter:data1\" content=\"1\u00a0Minute\" \/>\n<script type=\"application\/ld+json\" class=\"yoast-schema-graph\">{\"@context\":\"https:\\\/\\\/schema.org\",\"@graph\":[{\"@type\":\"WebPage\",\"@id\":\"https:\\\/\\\/www.visit-montenegro.com\\\/de\\\/reiseziele\\\/plav\\\/sehenswuerdigkeiten\\\/redzepagic-turm\\\/\",\"url\":\"https:\\\/\\\/www.visit-montenegro.com\\\/de\\\/reiseziele\\\/plav\\\/sehenswuerdigkeiten\\\/redzepagic-turm\\\/\",\"name\":\"Redzepagic-Turm - Visit Montenegro\",\"isPartOf\":{\"@id\":\"https:\\\/\\\/www.visit-montenegro.com\\\/de\\\/#website\"},\"primaryImageOfPage\":{\"@id\":\"https:\\\/\\\/www.visit-montenegro.com\\\/de\\\/reiseziele\\\/plav\\\/sehenswuerdigkeiten\\\/redzepagic-turm\\\/#primaryimage\"},\"image\":{\"@id\":\"https:\\\/\\\/www.visit-montenegro.com\\\/de\\\/reiseziele\\\/plav\\\/sehenswuerdigkeiten\\\/redzepagic-turm\\\/#primaryimage\"},\"thumbnailUrl\":\"https:\\\/\\\/www.visit-montenegro.com\\\/wp-content\\\/uploads\\\/2026\\\/01\\\/prokletije-redzepagic-tower-scaled.jpg\",\"datePublished\":\"2026-01-27T20:44:33+00:00\",\"dateModified\":\"2026-02-22T16:41:52+00:00\",\"description\":\"Entdecken Sie den Redzepagic-Turm in Plav, das \u00e4lteste erhaltene Geb\u00e4ude Montenegros. Erfahren Sie mehr \u00fcber seine Geschichte, Architektur und warum es ein Muss f\u00fcr kulturelle Denkm\u00e4ler ist.\",\"breadcrumb\":{\"@id\":\"https:\\\/\\\/www.visit-montenegro.com\\\/de\\\/reiseziele\\\/plav\\\/sehenswuerdigkeiten\\\/redzepagic-turm\\\/#breadcrumb\"},\"inLanguage\":\"de\",\"potentialAction\":[{\"@type\":\"ReadAction\",\"target\":[\"https:\\\/\\\/www.visit-montenegro.com\\\/de\\\/reiseziele\\\/plav\\\/sehenswuerdigkeiten\\\/redzepagic-turm\\\/\"]}]},{\"@type\":\"ImageObject\",\"inLanguage\":\"de\",\"@id\":\"https:\\\/\\\/www.visit-montenegro.com\\\/de\\\/reiseziele\\\/plav\\\/sehenswuerdigkeiten\\\/redzepagic-turm\\\/#primaryimage\",\"url\":\"https:\\\/\\\/www.visit-montenegro.com\\\/wp-content\\\/uploads\\\/2026\\\/01\\\/prokletije-redzepagic-tower-scaled.jpg\",\"contentUrl\":\"https:\\\/\\\/www.visit-montenegro.com\\\/wp-content\\\/uploads\\\/2026\\\/01\\\/prokletije-redzepagic-tower-scaled.jpg\",\"width\":1600,\"height\":1067,\"caption\":\"Ein robuster, mittelalterlicher, kleiner, hoher Verteidigungsturm.\"},{\"@type\":\"BreadcrumbList\",\"@id\":\"https:\\\/\\\/www.visit-montenegro.com\\\/de\\\/reiseziele\\\/plav\\\/sehenswuerdigkeiten\\\/redzepagic-turm\\\/#breadcrumb\",\"itemListElement\":[{\"@type\":\"ListItem\",\"position\":1,\"name\":\"Home\",\"item\":\"https:\\\/\\\/www.visit-montenegro.com\\\/de\\\/home\\\/\"},{\"@type\":\"ListItem\",\"position\":2,\"name\":\"Reiseziele in Montenegro\",\"item\":\"https:\\\/\\\/www.visit-montenegro.com\\\/de\\\/reiseziele\\\/\"},{\"@type\":\"ListItem\",\"position\":3,\"name\":\"Plav\",\"item\":\"https:\\\/\\\/www.visit-montenegro.com\\\/de\\\/destinations\\\/plav\\\/\"},{\"@type\":\"ListItem\",\"position\":4,\"name\":\"Plav Sehensw\u00fcrdigkeiten\",\"item\":\"https:\\\/\\\/www.visit-montenegro.com\\\/de\\\/destinations\\\/plav\\\/attractions\\\/\"},{\"@type\":\"ListItem\",\"position\":5,\"name\":\"Redzepagic-Turm\"}]},{\"@type\":\"WebSite\",\"@id\":\"https:\\\/\\\/www.visit-montenegro.com\\\/de\\\/#website\",\"url\":\"https:\\\/\\\/www.visit-montenegro.com\\\/de\\\/\",\"name\":\"Visit Montenegro\",\"description\":\"Breathtaking beauty\",\"publisher\":{\"@id\":\"https:\\\/\\\/www.visit-montenegro.com\\\/de\\\/#organization\"},\"potentialAction\":[{\"@type\":\"SearchAction\",\"target\":{\"@type\":\"EntryPoint\",\"urlTemplate\":\"https:\\\/\\\/www.visit-montenegro.com\\\/de\\\/?s={search_term_string}\"},\"query-input\":{\"@type\":\"PropertyValueSpecification\",\"valueRequired\":true,\"valueName\":\"search_term_string\"}}],\"inLanguage\":\"de\"},{\"@type\":\"Organization\",\"@id\":\"https:\\\/\\\/www.visit-montenegro.com\\\/de\\\/#organization\",\"name\":\"Visit Montenegro\",\"url\":\"https:\\\/\\\/www.visit-montenegro.com\\\/de\\\/\",\"logo\":{\"@type\":\"ImageObject\",\"inLanguage\":\"de\",\"@id\":\"https:\\\/\\\/www.visit-montenegro.com\\\/de\\\/#\\\/schema\\\/logo\\\/image\\\/\",\"url\":\"https:\\\/\\\/www.visit-montenegro.com\\\/wp-content\\\/uploads\\\/2017\\\/10\\\/logo-amp.png\",\"contentUrl\":\"https:\\\/\\\/www.visit-montenegro.com\\\/wp-content\\\/uploads\\\/2017\\\/10\\\/logo-amp.png\",\"width\":190,\"height\":36,\"caption\":\"Visit Montenegro\"},\"image\":{\"@id\":\"https:\\\/\\\/www.visit-montenegro.com\\\/de\\\/#\\\/schema\\\/logo\\\/image\\\/\"},\"sameAs\":[\"https:\\\/\\\/www.facebook.com\\\/visitmontenegro\",\"https:\\\/\\\/x.com\\\/visitmontenegro\",\"https:\\\/\\\/www.instagram.com\\\/visit_montenegro\\\/\",\"https:\\\/\\\/www.youtube.com\\\/user\\\/VisitMontenegro\"]}]}<\/script>\n<!-- \/ Yoast SEO plugin. -->","yoast_head_json":{"title":"Redzepagic-Turm - Visit Montenegro","description":"Entdecken Sie den Redzepagic-Turm in Plav, das \u00e4lteste erhaltene Geb\u00e4ude Montenegros. Erfahren Sie mehr \u00fcber seine Geschichte, Architektur und warum es ein Muss f\u00fcr kulturelle Denkm\u00e4ler ist.","robots":{"index":"index","follow":"follow","max-snippet":"max-snippet:-1","max-image-preview":"max-image-preview:large","max-video-preview":"max-video-preview:-1"},"canonical":"https:\/\/www.visit-montenegro.com\/de\/reiseziele\/plav\/sehenswuerdigkeiten\/redzepagic-turm\/","og_locale":"de_DE","og_type":"article","og_title":"Redzepagic-Turm - Visit Montenegro","og_description":"Entdecken Sie den Redzepagic-Turm in Plav, das \u00e4lteste erhaltene Geb\u00e4ude Montenegros. Erfahren Sie mehr \u00fcber seine Geschichte, Architektur und warum es ein Muss f\u00fcr kulturelle Denkm\u00e4ler ist.","og_url":"https:\/\/www.visit-montenegro.com\/de\/reiseziele\/plav\/sehenswuerdigkeiten\/redzepagic-turm\/","og_site_name":"Visit Montenegro","article_publisher":"https:\/\/www.facebook.com\/visitmontenegro","article_modified_time":"2026-02-22T16:41:52+00:00","og_image":[{"width":1600,"height":1067,"url":"https:\/\/www.visit-montenegro.com\/wp-content\/uploads\/2026\/01\/prokletije-redzepagic-tower-scaled.jpg","type":"image\/jpeg"}],"twitter_card":"summary_large_image","twitter_site":"@visitmontenegro","twitter_misc":{"Gesch\u00e4tzte Lesezeit":"1\u00a0Minute"},"schema":{"@context":"https:\/\/schema.org","@graph":[{"@type":"WebPage","@id":"https:\/\/www.visit-montenegro.com\/de\/reiseziele\/plav\/sehenswuerdigkeiten\/redzepagic-turm\/","url":"https:\/\/www.visit-montenegro.com\/de\/reiseziele\/plav\/sehenswuerdigkeiten\/redzepagic-turm\/","name":"Redzepagic-Turm - Visit Montenegro","isPartOf":{"@id":"https:\/\/www.visit-montenegro.com\/de\/#website"},"primaryImageOfPage":{"@id":"https:\/\/www.visit-montenegro.com\/de\/reiseziele\/plav\/sehenswuerdigkeiten\/redzepagic-turm\/#primaryimage"},"image":{"@id":"https:\/\/www.visit-montenegro.com\/de\/reiseziele\/plav\/sehenswuerdigkeiten\/redzepagic-turm\/#primaryimage"},"thumbnailUrl":"https:\/\/www.visit-montenegro.com\/wp-content\/uploads\/2026\/01\/prokletije-redzepagic-tower-scaled.jpg","datePublished":"2026-01-27T20:44:33+00:00","dateModified":"2026-02-22T16:41:52+00:00","description":"Entdecken Sie den Redzepagic-Turm in Plav, das \u00e4lteste erhaltene Geb\u00e4ude Montenegros. Erfahren Sie mehr \u00fcber seine Geschichte, Architektur und warum es ein Muss f\u00fcr kulturelle Denkm\u00e4ler ist.","breadcrumb":{"@id":"https:\/\/www.visit-montenegro.com\/de\/reiseziele\/plav\/sehenswuerdigkeiten\/redzepagic-turm\/#breadcrumb"},"inLanguage":"de","potentialAction":[{"@type":"ReadAction","target":["https:\/\/www.visit-montenegro.com\/de\/reiseziele\/plav\/sehenswuerdigkeiten\/redzepagic-turm\/"]}]},{"@type":"ImageObject","inLanguage":"de","@id":"https:\/\/www.visit-montenegro.com\/de\/reiseziele\/plav\/sehenswuerdigkeiten\/redzepagic-turm\/#primaryimage","url":"https:\/\/www.visit-montenegro.com\/wp-content\/uploads\/2026\/01\/prokletije-redzepagic-tower-scaled.jpg","contentUrl":"https:\/\/www.visit-montenegro.com\/wp-content\/uploads\/2026\/01\/prokletije-redzepagic-tower-scaled.jpg","width":1600,"height":1067,"caption":"Ein robuster, mittelalterlicher, kleiner, hoher Verteidigungsturm."},{"@type":"BreadcrumbList","@id":"https:\/\/www.visit-montenegro.com\/de\/reiseziele\/plav\/sehenswuerdigkeiten\/redzepagic-turm\/#breadcrumb","itemListElement":[{"@type":"ListItem","position":1,"name":"Home","item":"https:\/\/www.visit-montenegro.com\/de\/home\/"},{"@type":"ListItem","position":2,"name":"Reiseziele in Montenegro","item":"https:\/\/www.visit-montenegro.com\/de\/reiseziele\/"},{"@type":"ListItem","position":3,"name":"Plav","item":"https:\/\/www.visit-montenegro.com\/de\/destinations\/plav\/"},{"@type":"ListItem","position":4,"name":"Plav Sehensw\u00fcrdigkeiten","item":"https:\/\/www.visit-montenegro.com\/de\/destinations\/plav\/attractions\/"},{"@type":"ListItem","position":5,"name":"Redzepagic-Turm"}]},{"@type":"WebSite","@id":"https:\/\/www.visit-montenegro.com\/de\/#website","url":"https:\/\/www.visit-montenegro.com\/de\/","name":"Visit Montenegro","description":"Breathtaking beauty","publisher":{"@id":"https:\/\/www.visit-montenegro.com\/de\/#organization"},"potentialAction":[{"@type":"SearchAction","target":{"@type":"EntryPoint","urlTemplate":"https:\/\/www.visit-montenegro.com\/de\/?s={search_term_string}"},"query-input":{"@type":"PropertyValueSpecification","valueRequired":true,"valueName":"search_term_string"}}],"inLanguage":"de"},{"@type":"Organization","@id":"https:\/\/www.visit-montenegro.com\/de\/#organization","name":"Visit Montenegro","url":"https:\/\/www.visit-montenegro.com\/de\/","logo":{"@type":"ImageObject","inLanguage":"de","@id":"https:\/\/www.visit-montenegro.com\/de\/#\/schema\/logo\/image\/","url":"https:\/\/www.visit-montenegro.com\/wp-content\/uploads\/2017\/10\/logo-amp.png","contentUrl":"https:\/\/www.visit-montenegro.com\/wp-content\/uploads\/2017\/10\/logo-amp.png","width":190,"height":36,"caption":"Visit Montenegro"},"image":{"@id":"https:\/\/www.visit-montenegro.com\/de\/#\/schema\/logo\/image\/"},"sameAs":["https:\/\/www.facebook.com\/visitmontenegro","https:\/\/x.com\/visitmontenegro","https:\/\/www.instagram.com\/visit_montenegro\/","https:\/\/www.youtube.com\/user\/VisitMontenegro"]}]}},"translations":[],"_links":{"self":[{"href":"https:\/\/www.visit-montenegro.com\/de\/wp-json\/wp\/v2\/pages\/133377","targetHints":{"allow":["GET"]}}],"collection":[{"href":"https:\/\/www.visit-montenegro.com\/de\/wp-json\/wp\/v2\/pages"}],"about":[{"href":"https:\/\/www.visit-montenegro.com\/de\/wp-json\/wp\/v2\/types\/page"}],"author":[{"embeddable":true,"href":"https:\/\/www.visit-montenegro.com\/de\/wp-json\/wp\/v2\/users\/1"}],"replies":[{"embeddable":true,"href":"https:\/\/www.visit-montenegro.com\/de\/wp-json\/wp\/v2\/comments?post=133377"}],"version-history":[{"count":0,"href":"https:\/\/www.visit-montenegro.com\/de\/wp-json\/wp\/v2\/pages\/133377\/revisions"}],"up":[{"embeddable":true,"href":"https:\/\/www.visit-montenegro.com\/de\/wp-json\/wp\/v2\/pages\/133383"}],"wp:featuredmedia":[{"embeddable":true,"href":"https:\/\/www.visit-montenegro.com\/de\/wp-json\/wp\/v2\/media\/133853"}],"wp:attachment":[{"href":"https:\/\/www.visit-montenegro.com\/de\/wp-json\/wp\/v2\/media?parent=133377"}],"wp:term":[{"taxonomy":"post_tag","embeddable":true,"href":"https:\/\/www.visit-montenegro.com\/de\/wp-json\/wp\/v2\/tags?post=133377"}],"curies":[{"name":"wp","href":"https:\/\/api.w.org\/{rel}","templated":true}]}}