{"id":133419,"date":"2026-01-27T21:44:31","date_gmt":"2026-01-27T20:44:31","guid":{"rendered":"https:\/\/new.visit-montenegro.com\/reiseziele\/budva\/"},"modified":"2026-02-22T17:41:52","modified_gmt":"2026-02-22T16:41:52","slug":"budva","status":"publish","type":"page","link":"https:\/\/www.visit-montenegro.com\/de\/reiseziele\/budva\/","title":{"rendered":"Budva"},"content":{"rendered":"\n<p>Einst eine kleine und ruhige K\u00fcstenstadt, ist <strong>Budva<\/strong> heute eine Metropole des montenegrinischen Tourismus und eine der lautesten und vollsten St\u00e4dte an der montenegrinischen K\u00fcste im Sommer. Sein Leben begann vor zweieinhalb Jahrtausenden auf der Landzunge und hat sich \u00fcber die Festungsmauern hinaus zu luxuri\u00f6sen Yachten, neuen Geb\u00e4uden, Restaurants, Bars und Nachtclubs ergossen, wo erstaunlicher Spa\u00df wartet. <strong>Budva<\/strong> hat sein eigenes Hawaii \u2013 eine Insel gegen\u00fcber der Stadt mit wundersch\u00f6nen Str\u00e4nden, eiskalten Erfrischungen und Meeresfr\u00fcchte-Spezialit\u00e4ten.<\/p>\n\n<hr class=\"wp-block-separator has-alpha-channel-opacity\"\/>\n\n<p>Am Abend werden Sie auf der Promenade entlang des Strandes von lauter Musik aus den Caf\u00e9s, dem Lachen und Schreien von Kindern aus nahegelegenen Vergn\u00fcgungsparks, dem Duft des Meeres vermischt mit dem Aroma k\u00f6stlicher Grillgerichte und den Lichtstrahlen der Disco, die durch den Himmel wandern, \u00fcberw\u00e4ltigt. Folglich ist <strong>Budva<\/strong> eine gro\u00dfe Lichtshow.<\/p>\n\n<h2 class=\"wp-block-heading\">Das Doppelleben von Budva<\/h2>\n\n<p><strong>Budva<\/strong> scheint ein Doppelleben zu f\u00fchren \u2013 eines im alten und eines im neuen Teil der Stadt. Begrenzt von hohen Festungsmauern und gepr\u00e4gt von Architektur, vorwiegend venezianisch, bewahrt die Altstadt historische und kulturelle Sch\u00e4tze \u2013 r\u00f6mische Nekropole und einen Altar, antike Pylone, vorchristliche Basilika und viele Kirchen. Sie beherbergt die offene und brodelnde B\u00fchne der \u201eTheaterstadt\u201c; Literaturabende und Konzerte auf dem Dichterplatz sowie Ausstellungen in der Stadtgalerie finden jeden Sommer statt. Au\u00dferhalb der Altstadt w\u00e4chst die neue Stadt und die Einwohnerzahl steigt.<\/p>\n\n<figure class=\"wp-block-image size-large\"><img loading=\"lazy\" decoding=\"async\" width=\"1024\" height=\"683\" src=\"https:\/\/www.visit-montenegro.com\/wp-content\/uploads\/2026\/01\/budva-statue-old-town-1024x683.jpg\" alt=\"\" class=\"wp-image-36016\" srcset=\"https:\/\/www.visit-montenegro.com\/wp-content\/uploads\/2026\/01\/budva-statue-old-town-1024x683.jpg 1024w, https:\/\/www.visit-montenegro.com\/wp-content\/uploads\/2026\/01\/budva-statue-old-town-300x200.jpg 300w, https:\/\/www.visit-montenegro.com\/wp-content\/uploads\/2026\/01\/budva-statue-old-town-768x512.jpg 768w, https:\/\/www.visit-montenegro.com\/wp-content\/uploads\/2026\/01\/budva-statue-old-town-1536x1024.jpg 1536w, https:\/\/www.visit-montenegro.com\/wp-content\/uploads\/2026\/01\/budva-statue-old-town-1200x800.jpg 1200w, https:\/\/www.visit-montenegro.com\/wp-content\/uploads\/2026\/01\/budva-statue-old-town-scaled.jpg 1600w\" sizes=\"auto, (max-width: 1024px) 100vw, 1024px\" \/><figcaption class=\"wp-element-caption\">K\u00fcstenabschnitt in der N\u00e4he der Altstadt von Budva. Montenegro.<\/figcaption><\/figure>\n\n<h2 class=\"wp-block-heading\">Die Budva Riviera und Str\u00e4nde<\/h2>\n\n<p>Die <strong>Budva<\/strong> Riviera hat sandige, steinige und kiesige Str\u00e4nde, und solche, die einst der k\u00f6niglichen Familie geh\u00f6rten. Keiner gleicht dem anderen. Es gibt Str\u00e4nde mit r\u00f6tlichen, bunten oder grauen Kieseln. Einige sind ins Meer gestiegen, einige sind von kleinen Buchten gesch\u00fctzt, einige sind der Sonne ausgesetzt und einige sind von dichten Pinien beschattet. Einige blicken auf Inselchen. Dar\u00fcber hinaus lauert hinter jedem mindestens ein Fischerdorf, bereit, Privatunterk\u00fcnfte anzubieten.<\/p>\n\n<h2 class=\"wp-block-heading\">Nachtleben und Aktivit\u00e4ten<\/h2>\n\n<p><strong>Budva<\/strong> ist eine Stadt, die bis zum Morgengrauen wach ist und in der niemand zu lange schl\u00e4ft. Ein intensives Nachtleben, Str\u00e4nde mit verschiedenen Aktivit\u00e4ten, ein gro\u00dfer Wasserpark in den H\u00fcgeln und Luxushotels direkt am Meer machen den Urlaub hier wert, wach zu bleiben.<\/p>\n\n<hr class=\"wp-block-separator has-alpha-channel-opacity\"\/>\n\n<div class=\"wp-block-columns is-layout-flex wp-container-core-columns-is-layout-9d6595d7 wp-block-columns-is-layout-flex\">\n<div class=\"wp-block-column is-layout-flow wp-block-column-is-layout-flow\">\n<div class=\"wp-block-group\"><div class=\"wp-block-group__inner-container is-layout-constrained wp-block-group-is-layout-constrained\">\n<h3 class=\"wp-block-heading\">Entdecken Sie Budvas verborgene Sch\u00e4tze<\/h3>\n\n\n\n<p>Erkunden Sie die ikonischsten Wahrzeichen, historischen St\u00e4tten und Muss-Sehensw\u00fcrdigkeiten, die dieses Reiseziel einzigartig machen.<\/p>\n\n\n\n<div class=\"wp-block-buttons is-layout-flex wp-block-buttons-is-layout-flex\">\n<div class=\"wp-block-button\"><a class=\"wp-block-button__link wp-element-button\" href=\"https:\/\/www.visit-montenegro.com\/de\/reiseziele\/budva\/sehenswuerdigkeiten\/\">Budva Sehensw\u00fcrdigkeiten<\/a><\/div>\n<\/div>\n<\/div><\/div>\n<\/div>\n\n\n\n<div class=\"wp-block-column is-layout-flow wp-block-column-is-layout-flow\">\n<div class=\"wp-block-group\"><div class=\"wp-block-group__inner-container is-layout-constrained wp-block-group-is-layout-constrained\">\n<h3 class=\"wp-block-heading\">Erfahren Sie mehr \u00fcber Budva<\/h3>\n\n\n\n<p>Tauchen Sie tiefer in die lokale Kultur, Geschichte und praktische Reiseberatung ein, um sich auf Ihre bevorstehende Reise vorzubereiten.<\/p>\n<\/div><\/div>\n\n\n\n<div class=\"wp-block-buttons is-layout-flex wp-block-buttons-is-layout-flex\">\n<div class=\"wp-block-button\"><a class=\"wp-block-button__link wp-element-button\" href=\"https:\/\/www.visit-montenegro.com\/de\/reiseziele\/budva\/info\/\">Mehr \u00fcber Budva<\/a><\/div>\n<\/div>\n<\/div>\n<\/div>\n","protected":false},"excerpt":{"rendered":"<p>Entdecken Sie Budva, das pulsierende K\u00fcstenzentrum Montenegros, wo alte Geschichte auf moderne Aufregung trifft. Von seinen lebendigen Str\u00e4nden und dem Nachtleben bis zu kulturellen Sch\u00e4tzen in der Altstadt bietet Budva ein unvergessliches Urlaubserlebnis.<\/p>\n","protected":false},"author":1,"featured_media":133420,"parent":133381,"menu_order":0,"comment_status":"closed","ping_status":"closed","template":"","meta":{"_yoast_wpseo_focuskw":"Budva","_yoast_wpseo_metadesc":"Entdecken Sie Budva, die lebhafte K\u00fcstenstadt Montenegros mit atemberaubenden Str\u00e4nden, reicher Geschichte und pulsierendem Nachtleben. Planen Sie Ihre perfekte Reise zu diesem Juwel der Adria.","_kad_post_transparent":"","_kad_post_title":"","_kad_post_layout":"","_kad_post_sidebar_id":"","_kad_post_content_style":"","_kad_post_vertical_padding":"","_kad_post_feature":"","_kad_post_feature_position":"","_kad_post_header":false,"_kad_post_footer":false,"_kad_post_classname":"","iawp_total_views":63,"footnotes":""},"tags":[2295,594],"class_list":["post-133419","page","type-page","status-publish","has-post-thumbnail","hentry","tag-coast-destination","tag-destination"],"yoast_head":"<!-- This site is optimized with the Yoast SEO plugin v27.3 - https:\/\/yoast.com\/product\/yoast-seo-wordpress\/ -->\n<title>Budva - Visit Montenegro<\/title>\n<meta name=\"description\" content=\"Entdecken Sie Budva, die lebhafte K\u00fcstenstadt Montenegros mit atemberaubenden Str\u00e4nden, reicher Geschichte und pulsierendem Nachtleben. Planen Sie Ihre perfekte Reise zu diesem Juwel der Adria.\" \/>\n<meta name=\"robots\" content=\"index, follow, max-snippet:-1, max-image-preview:large, max-video-preview:-1\" \/>\n<link rel=\"canonical\" href=\"https:\/\/www.visit-montenegro.com\/de\/reiseziele\/budva\/\" \/>\n<meta property=\"og:locale\" content=\"de_DE\" \/>\n<meta property=\"og:type\" content=\"article\" \/>\n<meta property=\"og:title\" content=\"Budva - Visit Montenegro\" \/>\n<meta property=\"og:description\" content=\"Entdecken Sie Budva, die lebhafte K\u00fcstenstadt Montenegros mit atemberaubenden Str\u00e4nden, reicher Geschichte und pulsierendem Nachtleben. Planen Sie Ihre perfekte Reise zu diesem Juwel der Adria.\" \/>\n<meta property=\"og:url\" content=\"https:\/\/www.visit-montenegro.com\/de\/reiseziele\/budva\/\" \/>\n<meta property=\"og:site_name\" content=\"Visit Montenegro\" \/>\n<meta property=\"article:publisher\" content=\"https:\/\/www.facebook.com\/visitmontenegro\" \/>\n<meta property=\"article:modified_time\" content=\"2026-02-22T16:41:52+00:00\" \/>\n<meta property=\"og:image\" content=\"https:\/\/www.visit-montenegro.com\/wp-content\/uploads\/2026\/01\/budva-old-town-scaled.jpg\" \/>\n\t<meta property=\"og:image:width\" content=\"1600\" \/>\n\t<meta property=\"og:image:height\" content=\"1199\" \/>\n\t<meta property=\"og:image:type\" content=\"image\/jpeg\" \/>\n<meta name=\"twitter:card\" content=\"summary_large_image\" \/>\n<meta name=\"twitter:site\" content=\"@visitmontenegro\" \/>\n<meta name=\"twitter:label1\" content=\"Gesch\u00e4tzte Lesezeit\" \/>\n\t<meta name=\"twitter:data1\" content=\"3\u00a0Minuten\" \/>\n<script type=\"application\/ld+json\" class=\"yoast-schema-graph\">{\"@context\":\"https:\\\/\\\/schema.org\",\"@graph\":[{\"@type\":\"WebPage\",\"@id\":\"https:\\\/\\\/www.visit-montenegro.com\\\/de\\\/reiseziele\\\/budva\\\/\",\"url\":\"https:\\\/\\\/www.visit-montenegro.com\\\/de\\\/reiseziele\\\/budva\\\/\",\"name\":\"Budva - Visit Montenegro\",\"isPartOf\":{\"@id\":\"https:\\\/\\\/www.visit-montenegro.com\\\/de\\\/#website\"},\"primaryImageOfPage\":{\"@id\":\"https:\\\/\\\/www.visit-montenegro.com\\\/de\\\/reiseziele\\\/budva\\\/#primaryimage\"},\"image\":{\"@id\":\"https:\\\/\\\/www.visit-montenegro.com\\\/de\\\/reiseziele\\\/budva\\\/#primaryimage\"},\"thumbnailUrl\":\"https:\\\/\\\/www.visit-montenegro.com\\\/wp-content\\\/uploads\\\/2026\\\/01\\\/budva-old-town-scaled.jpg\",\"datePublished\":\"2026-01-27T20:44:31+00:00\",\"dateModified\":\"2026-02-22T16:41:52+00:00\",\"description\":\"Entdecken Sie Budva, die lebhafte K\u00fcstenstadt Montenegros mit atemberaubenden Str\u00e4nden, reicher Geschichte und pulsierendem Nachtleben. Planen Sie Ihre perfekte Reise zu diesem Juwel der Adria.\",\"breadcrumb\":{\"@id\":\"https:\\\/\\\/www.visit-montenegro.com\\\/de\\\/reiseziele\\\/budva\\\/#breadcrumb\"},\"inLanguage\":\"de\",\"potentialAction\":[{\"@type\":\"ReadAction\",\"target\":[\"https:\\\/\\\/www.visit-montenegro.com\\\/de\\\/reiseziele\\\/budva\\\/\"]}]},{\"@type\":\"ImageObject\",\"inLanguage\":\"de\",\"@id\":\"https:\\\/\\\/www.visit-montenegro.com\\\/de\\\/reiseziele\\\/budva\\\/#primaryimage\",\"url\":\"https:\\\/\\\/www.visit-montenegro.com\\\/wp-content\\\/uploads\\\/2026\\\/01\\\/budva-old-town-scaled.jpg\",\"contentUrl\":\"https:\\\/\\\/www.visit-montenegro.com\\\/wp-content\\\/uploads\\\/2026\\\/01\\\/budva-old-town-scaled.jpg\",\"width\":1600,\"height\":1199,\"caption\":\"Atemberaubender Blick auf die Meeresbucht mit Bergkulisse in Budva, Montenegro. Zu sehen sind die Zitadellenfestung mit Befestigungsmauern, alte H\u00e4user und Kirchen, Strand. Es ist sonnig. Horizontal.\"},{\"@type\":\"BreadcrumbList\",\"@id\":\"https:\\\/\\\/www.visit-montenegro.com\\\/de\\\/reiseziele\\\/budva\\\/#breadcrumb\",\"itemListElement\":[{\"@type\":\"ListItem\",\"position\":1,\"name\":\"Home\",\"item\":\"https:\\\/\\\/www.visit-montenegro.com\\\/de\\\/home\\\/\"},{\"@type\":\"ListItem\",\"position\":2,\"name\":\"Reiseziele in Montenegro\",\"item\":\"https:\\\/\\\/www.visit-montenegro.com\\\/de\\\/reiseziele\\\/\"},{\"@type\":\"ListItem\",\"position\":3,\"name\":\"Budva\"}]},{\"@type\":\"WebSite\",\"@id\":\"https:\\\/\\\/www.visit-montenegro.com\\\/de\\\/#website\",\"url\":\"https:\\\/\\\/www.visit-montenegro.com\\\/de\\\/\",\"name\":\"Visit Montenegro\",\"description\":\"Breathtaking beauty\",\"publisher\":{\"@id\":\"https:\\\/\\\/www.visit-montenegro.com\\\/de\\\/#organization\"},\"potentialAction\":[{\"@type\":\"SearchAction\",\"target\":{\"@type\":\"EntryPoint\",\"urlTemplate\":\"https:\\\/\\\/www.visit-montenegro.com\\\/de\\\/?s={search_term_string}\"},\"query-input\":{\"@type\":\"PropertyValueSpecification\",\"valueRequired\":true,\"valueName\":\"search_term_string\"}}],\"inLanguage\":\"de\"},{\"@type\":\"Organization\",\"@id\":\"https:\\\/\\\/www.visit-montenegro.com\\\/de\\\/#organization\",\"name\":\"Visit Montenegro\",\"url\":\"https:\\\/\\\/www.visit-montenegro.com\\\/de\\\/\",\"logo\":{\"@type\":\"ImageObject\",\"inLanguage\":\"de\",\"@id\":\"https:\\\/\\\/www.visit-montenegro.com\\\/de\\\/#\\\/schema\\\/logo\\\/image\\\/\",\"url\":\"https:\\\/\\\/www.visit-montenegro.com\\\/wp-content\\\/uploads\\\/2017\\\/10\\\/logo-amp.png\",\"contentUrl\":\"https:\\\/\\\/www.visit-montenegro.com\\\/wp-content\\\/uploads\\\/2017\\\/10\\\/logo-amp.png\",\"width\":190,\"height\":36,\"caption\":\"Visit Montenegro\"},\"image\":{\"@id\":\"https:\\\/\\\/www.visit-montenegro.com\\\/de\\\/#\\\/schema\\\/logo\\\/image\\\/\"},\"sameAs\":[\"https:\\\/\\\/www.facebook.com\\\/visitmontenegro\",\"https:\\\/\\\/x.com\\\/visitmontenegro\",\"https:\\\/\\\/www.instagram.com\\\/visit_montenegro\\\/\",\"https:\\\/\\\/www.youtube.com\\\/user\\\/VisitMontenegro\"]}]}<\/script>\n<!-- \/ Yoast SEO plugin. -->","yoast_head_json":{"title":"Budva - Visit Montenegro","description":"Entdecken Sie Budva, die lebhafte K\u00fcstenstadt Montenegros mit atemberaubenden Str\u00e4nden, reicher Geschichte und pulsierendem Nachtleben. Planen Sie Ihre perfekte Reise zu diesem Juwel der Adria.","robots":{"index":"index","follow":"follow","max-snippet":"max-snippet:-1","max-image-preview":"max-image-preview:large","max-video-preview":"max-video-preview:-1"},"canonical":"https:\/\/www.visit-montenegro.com\/de\/reiseziele\/budva\/","og_locale":"de_DE","og_type":"article","og_title":"Budva - Visit Montenegro","og_description":"Entdecken Sie Budva, die lebhafte K\u00fcstenstadt Montenegros mit atemberaubenden Str\u00e4nden, reicher Geschichte und pulsierendem Nachtleben. Planen Sie Ihre perfekte Reise zu diesem Juwel der Adria.","og_url":"https:\/\/www.visit-montenegro.com\/de\/reiseziele\/budva\/","og_site_name":"Visit Montenegro","article_publisher":"https:\/\/www.facebook.com\/visitmontenegro","article_modified_time":"2026-02-22T16:41:52+00:00","og_image":[{"width":1600,"height":1199,"url":"https:\/\/www.visit-montenegro.com\/wp-content\/uploads\/2026\/01\/budva-old-town-scaled.jpg","type":"image\/jpeg"}],"twitter_card":"summary_large_image","twitter_site":"@visitmontenegro","twitter_misc":{"Gesch\u00e4tzte Lesezeit":"3\u00a0Minuten"},"schema":{"@context":"https:\/\/schema.org","@graph":[{"@type":"WebPage","@id":"https:\/\/www.visit-montenegro.com\/de\/reiseziele\/budva\/","url":"https:\/\/www.visit-montenegro.com\/de\/reiseziele\/budva\/","name":"Budva - Visit Montenegro","isPartOf":{"@id":"https:\/\/www.visit-montenegro.com\/de\/#website"},"primaryImageOfPage":{"@id":"https:\/\/www.visit-montenegro.com\/de\/reiseziele\/budva\/#primaryimage"},"image":{"@id":"https:\/\/www.visit-montenegro.com\/de\/reiseziele\/budva\/#primaryimage"},"thumbnailUrl":"https:\/\/www.visit-montenegro.com\/wp-content\/uploads\/2026\/01\/budva-old-town-scaled.jpg","datePublished":"2026-01-27T20:44:31+00:00","dateModified":"2026-02-22T16:41:52+00:00","description":"Entdecken Sie Budva, die lebhafte K\u00fcstenstadt Montenegros mit atemberaubenden Str\u00e4nden, reicher Geschichte und pulsierendem Nachtleben. Planen Sie Ihre perfekte Reise zu diesem Juwel der Adria.","breadcrumb":{"@id":"https:\/\/www.visit-montenegro.com\/de\/reiseziele\/budva\/#breadcrumb"},"inLanguage":"de","potentialAction":[{"@type":"ReadAction","target":["https:\/\/www.visit-montenegro.com\/de\/reiseziele\/budva\/"]}]},{"@type":"ImageObject","inLanguage":"de","@id":"https:\/\/www.visit-montenegro.com\/de\/reiseziele\/budva\/#primaryimage","url":"https:\/\/www.visit-montenegro.com\/wp-content\/uploads\/2026\/01\/budva-old-town-scaled.jpg","contentUrl":"https:\/\/www.visit-montenegro.com\/wp-content\/uploads\/2026\/01\/budva-old-town-scaled.jpg","width":1600,"height":1199,"caption":"Atemberaubender Blick auf die Meeresbucht mit Bergkulisse in Budva, Montenegro. Zu sehen sind die Zitadellenfestung mit Befestigungsmauern, alte H\u00e4user und Kirchen, Strand. Es ist sonnig. Horizontal."},{"@type":"BreadcrumbList","@id":"https:\/\/www.visit-montenegro.com\/de\/reiseziele\/budva\/#breadcrumb","itemListElement":[{"@type":"ListItem","position":1,"name":"Home","item":"https:\/\/www.visit-montenegro.com\/de\/home\/"},{"@type":"ListItem","position":2,"name":"Reiseziele in Montenegro","item":"https:\/\/www.visit-montenegro.com\/de\/reiseziele\/"},{"@type":"ListItem","position":3,"name":"Budva"}]},{"@type":"WebSite","@id":"https:\/\/www.visit-montenegro.com\/de\/#website","url":"https:\/\/www.visit-montenegro.com\/de\/","name":"Visit Montenegro","description":"Breathtaking beauty","publisher":{"@id":"https:\/\/www.visit-montenegro.com\/de\/#organization"},"potentialAction":[{"@type":"SearchAction","target":{"@type":"EntryPoint","urlTemplate":"https:\/\/www.visit-montenegro.com\/de\/?s={search_term_string}"},"query-input":{"@type":"PropertyValueSpecification","valueRequired":true,"valueName":"search_term_string"}}],"inLanguage":"de"},{"@type":"Organization","@id":"https:\/\/www.visit-montenegro.com\/de\/#organization","name":"Visit Montenegro","url":"https:\/\/www.visit-montenegro.com\/de\/","logo":{"@type":"ImageObject","inLanguage":"de","@id":"https:\/\/www.visit-montenegro.com\/de\/#\/schema\/logo\/image\/","url":"https:\/\/www.visit-montenegro.com\/wp-content\/uploads\/2017\/10\/logo-amp.png","contentUrl":"https:\/\/www.visit-montenegro.com\/wp-content\/uploads\/2017\/10\/logo-amp.png","width":190,"height":36,"caption":"Visit Montenegro"},"image":{"@id":"https:\/\/www.visit-montenegro.com\/de\/#\/schema\/logo\/image\/"},"sameAs":["https:\/\/www.facebook.com\/visitmontenegro","https:\/\/x.com\/visitmontenegro","https:\/\/www.instagram.com\/visit_montenegro\/","https:\/\/www.youtube.com\/user\/VisitMontenegro"]}]}},"translations":[],"_links":{"self":[{"href":"https:\/\/www.visit-montenegro.com\/de\/wp-json\/wp\/v2\/pages\/133419","targetHints":{"allow":["GET"]}}],"collection":[{"href":"https:\/\/www.visit-montenegro.com\/de\/wp-json\/wp\/v2\/pages"}],"about":[{"href":"https:\/\/www.visit-montenegro.com\/de\/wp-json\/wp\/v2\/types\/page"}],"author":[{"embeddable":true,"href":"https:\/\/www.visit-montenegro.com\/de\/wp-json\/wp\/v2\/users\/1"}],"replies":[{"embeddable":true,"href":"https:\/\/www.visit-montenegro.com\/de\/wp-json\/wp\/v2\/comments?post=133419"}],"version-history":[{"count":0,"href":"https:\/\/www.visit-montenegro.com\/de\/wp-json\/wp\/v2\/pages\/133419\/revisions"}],"up":[{"embeddable":true,"href":"https:\/\/www.visit-montenegro.com\/de\/wp-json\/wp\/v2\/pages\/133381"}],"wp:featuredmedia":[{"embeddable":true,"href":"https:\/\/www.visit-montenegro.com\/de\/wp-json\/wp\/v2\/media\/133420"}],"wp:attachment":[{"href":"https:\/\/www.visit-montenegro.com\/de\/wp-json\/wp\/v2\/media?parent=133419"}],"wp:term":[{"taxonomy":"post_tag","embeddable":true,"href":"https:\/\/www.visit-montenegro.com\/de\/wp-json\/wp\/v2\/tags?post=133419"}],"curies":[{"name":"wp","href":"https:\/\/api.w.org\/{rel}","templated":true}]}}