{"id":133464,"date":"2026-01-28T19:16:59","date_gmt":"2026-01-28T18:16:59","guid":{"rendered":"https:\/\/new.visit-montenegro.com\/transport\/transportation-railway\/"},"modified":"2026-02-24T14:41:51","modified_gmt":"2026-02-24T13:41:51","slug":"transportation-railway","status":"publish","type":"page","link":"https:\/\/www.visit-montenegro.com\/de\/transport\/transportation-railway\/","title":{"rendered":"Montenegro Eisenbahn"},"content":{"rendered":"\n<p>Montenegros Eisenbahnsystem bietet spektakul\u00e4re Bergreisen und wichtige europ\u00e4ische Verbindungen, wobei die Bar-Belgrad-Linie das K\u00fcsten-Montenegro \u00fcber das europ\u00e4ische Netz mit Serbiens Hauptstadt verbindet.<\/p>\n\n<hr class=\"wp-block-separator has-alpha-channel-opacity\"\/>\n\n<h2 class=\"wp-block-heading\">Malerische Bergbahnen und Touristenattraktionen<\/h2>\n\n<p>Die n\u00f6rdliche montenegrinische Eisenbahn steigt hoch durch atemberaubende Berge und ist an sich schon eine Touristenattraktion. Tats\u00e4chlich \u00fcberquert die Strecke von <a href=\"https:\/\/www.visit-montenegro.com\/de\/reiseziele\/podgorica\/\">Podgorica<\/a> nach Kola\u0161in die Br\u00fccke \u00fcber die Mala Rijeka, die die h\u00f6chste Eisenbahnbr\u00fccke Europas ist und ein beliebter Ort f\u00fcr Base-Jumping.<\/p>\n\n<h2 class=\"wp-block-heading\">Hauptstrecken und europ\u00e4ische Verbindungen<\/h2>\n\n<p><strong>Montenegro<\/strong> verf\u00fcgt \u00fcber eine Eisenbahnstrecke, die <a href=\"https:\/\/www.visit-montenegro.com\/de\/reiseziele\/bar\/\">Bar<\/a> an der montenegrinischen K\u00fcste mit Belgrad, der Hauptstadt Serbiens, verbindet. Als Teil des europ\u00e4ischen Eisenbahnnetzes erm\u00f6glicht sie Reisen nach Montenegro mit dem Zug von \u00fcberall in Europa. Der Endbahnhof ist Bar, wobei der Zug durch Podgorica, Kola\u0161in, Mojkovac und Bijelo Polje f\u00e4hrt.<\/p>\n\n<p>Eine weitere Eisenbahnstrecke verbindet Montenegros Hauptstadt Podgorica mit seiner zweitgr\u00f6\u00dften Stadt Nik\u0161i\u0107.<\/p>\n\n<p>Aktuelle Fahrpl\u00e4ne finden Sie auf der <a href=\"http:\/\/www.zpcg.me\/\" target=\"_blank\">Website der Montenegro Eisenbahn<\/a>.<\/p>\n","protected":false},"excerpt":{"rendered":"<p>Entdecken Sie Montenegros atemberaubende Zugreisen, von der h\u00f6chsten Br\u00fccke Europas bis zu K\u00fcstenverbindungen. Erfahren Sie mehr \u00fcber wichtige Strecken und wie Sie Ihre Reise mit aktuellen Fahrpl\u00e4nen planen.<\/p>\n","protected":false},"author":1,"featured_media":133465,"parent":133449,"menu_order":0,"comment_status":"open","ping_status":"open","template":"","meta":{"_yoast_wpseo_focuskw":"Montenegro Eisenbahn","_yoast_wpseo_metadesc":"Entdecken Sie Montenegros malerische Eisenbahnstrecken, darunter die h\u00f6chste Br\u00fccke Europas und Verbindungen zum europ\u00e4ischen Netz. Planen Sie Ihre Reise mit unserem Guide und Fahrpl\u00e4nen.","_kad_post_transparent":"","_kad_post_title":"","_kad_post_layout":"","_kad_post_sidebar_id":"","_kad_post_content_style":"","_kad_post_vertical_padding":"","_kad_post_feature":"","_kad_post_feature_position":"","_kad_post_header":false,"_kad_post_footer":false,"_kad_post_classname":"","iawp_total_views":36,"footnotes":""},"tags":[],"class_list":["post-133464","page","type-page","status-publish","has-post-thumbnail","hentry"],"yoast_head":"<!-- This site is optimized with the Yoast SEO plugin v27.3 - https:\/\/yoast.com\/product\/yoast-seo-wordpress\/ -->\n<title>Montenegro Eisenbahn - Visit Montenegro<\/title>\n<meta name=\"description\" content=\"Entdecken Sie Montenegros malerische Eisenbahnstrecken, darunter die h\u00f6chste Br\u00fccke Europas und Verbindungen zum europ\u00e4ischen Netz. Planen Sie Ihre Reise mit unserem Guide und Fahrpl\u00e4nen.\" \/>\n<meta name=\"robots\" content=\"index, follow, max-snippet:-1, max-image-preview:large, max-video-preview:-1\" \/>\n<link rel=\"canonical\" href=\"https:\/\/www.visit-montenegro.com\/de\/transport\/transportation-railway\/\" \/>\n<meta property=\"og:locale\" content=\"de_DE\" \/>\n<meta property=\"og:type\" content=\"article\" \/>\n<meta property=\"og:title\" content=\"Montenegro Eisenbahn - Visit Montenegro\" \/>\n<meta property=\"og:description\" content=\"Entdecken Sie Montenegros malerische Eisenbahnstrecken, darunter die h\u00f6chste Br\u00fccke Europas und Verbindungen zum europ\u00e4ischen Netz. Planen Sie Ihre Reise mit unserem Guide und Fahrpl\u00e4nen.\" \/>\n<meta property=\"og:url\" content=\"https:\/\/www.visit-montenegro.com\/de\/transport\/transportation-railway\/\" \/>\n<meta property=\"og:site_name\" content=\"Visit Montenegro\" \/>\n<meta property=\"article:publisher\" content=\"https:\/\/www.facebook.com\/visitmontenegro\" \/>\n<meta property=\"article:modified_time\" content=\"2026-02-24T13:41:51+00:00\" \/>\n<meta property=\"og:image\" content=\"https:\/\/www.visit-montenegro.com\/wp-content\/uploads\/2026\/01\/podgorica-train-moraca-scaled.jpg\" \/>\n\t<meta property=\"og:image:width\" content=\"1600\" \/>\n\t<meta property=\"og:image:height\" content=\"900\" \/>\n\t<meta property=\"og:image:type\" content=\"image\/jpeg\" \/>\n<meta name=\"twitter:card\" content=\"summary_large_image\" \/>\n<meta name=\"twitter:site\" content=\"@visitmontenegro\" \/>\n<meta name=\"twitter:label1\" content=\"Gesch\u00e4tzte Lesezeit\" \/>\n\t<meta name=\"twitter:data1\" content=\"1\u00a0Minute\" \/>\n<script type=\"application\/ld+json\" class=\"yoast-schema-graph\">{\"@context\":\"https:\\\/\\\/schema.org\",\"@graph\":[{\"@type\":\"WebPage\",\"@id\":\"https:\\\/\\\/www.visit-montenegro.com\\\/de\\\/transport\\\/transportation-railway\\\/\",\"url\":\"https:\\\/\\\/www.visit-montenegro.com\\\/de\\\/transport\\\/transportation-railway\\\/\",\"name\":\"Montenegro Eisenbahn - Visit Montenegro\",\"isPartOf\":{\"@id\":\"https:\\\/\\\/www.visit-montenegro.com\\\/de\\\/#website\"},\"primaryImageOfPage\":{\"@id\":\"https:\\\/\\\/www.visit-montenegro.com\\\/de\\\/transport\\\/transportation-railway\\\/#primaryimage\"},\"image\":{\"@id\":\"https:\\\/\\\/www.visit-montenegro.com\\\/de\\\/transport\\\/transportation-railway\\\/#primaryimage\"},\"thumbnailUrl\":\"https:\\\/\\\/www.visit-montenegro.com\\\/wp-content\\\/uploads\\\/2026\\\/01\\\/podgorica-train-moraca-scaled.jpg\",\"datePublished\":\"2026-01-28T18:16:59+00:00\",\"dateModified\":\"2026-02-24T13:41:51+00:00\",\"description\":\"Entdecken Sie Montenegros malerische Eisenbahnstrecken, darunter die h\u00f6chste Br\u00fccke Europas und Verbindungen zum europ\u00e4ischen Netz. Planen Sie Ihre Reise mit unserem Guide und Fahrpl\u00e4nen.\",\"breadcrumb\":{\"@id\":\"https:\\\/\\\/www.visit-montenegro.com\\\/de\\\/transport\\\/transportation-railway\\\/#breadcrumb\"},\"inLanguage\":\"de\",\"potentialAction\":[{\"@type\":\"ReadAction\",\"target\":[\"https:\\\/\\\/www.visit-montenegro.com\\\/de\\\/transport\\\/transportation-railway\\\/\"]}]},{\"@type\":\"ImageObject\",\"inLanguage\":\"de\",\"@id\":\"https:\\\/\\\/www.visit-montenegro.com\\\/de\\\/transport\\\/transportation-railway\\\/#primaryimage\",\"url\":\"https:\\\/\\\/www.visit-montenegro.com\\\/wp-content\\\/uploads\\\/2026\\\/01\\\/podgorica-train-moraca-scaled.jpg\",\"contentUrl\":\"https:\\\/\\\/www.visit-montenegro.com\\\/wp-content\\\/uploads\\\/2026\\\/01\\\/podgorica-train-moraca-scaled.jpg\",\"width\":1600,\"height\":900,\"caption\":\"Blick aus dem Zug auf die Berge in Montenegro\"},{\"@type\":\"BreadcrumbList\",\"@id\":\"https:\\\/\\\/www.visit-montenegro.com\\\/de\\\/transport\\\/transportation-railway\\\/#breadcrumb\",\"itemListElement\":[{\"@type\":\"ListItem\",\"position\":1,\"name\":\"Home\",\"item\":\"https:\\\/\\\/www.visit-montenegro.com\\\/de\\\/home\\\/\"},{\"@type\":\"ListItem\",\"position\":2,\"name\":\"Transport in Montenegro\",\"item\":\"https:\\\/\\\/www.visit-montenegro.com\\\/de\\\/transport\\\/\"},{\"@type\":\"ListItem\",\"position\":3,\"name\":\"Montenegro Eisenbahn\"}]},{\"@type\":\"WebSite\",\"@id\":\"https:\\\/\\\/www.visit-montenegro.com\\\/de\\\/#website\",\"url\":\"https:\\\/\\\/www.visit-montenegro.com\\\/de\\\/\",\"name\":\"Visit Montenegro\",\"description\":\"Breathtaking beauty\",\"publisher\":{\"@id\":\"https:\\\/\\\/www.visit-montenegro.com\\\/de\\\/#organization\"},\"potentialAction\":[{\"@type\":\"SearchAction\",\"target\":{\"@type\":\"EntryPoint\",\"urlTemplate\":\"https:\\\/\\\/www.visit-montenegro.com\\\/de\\\/?s={search_term_string}\"},\"query-input\":{\"@type\":\"PropertyValueSpecification\",\"valueRequired\":true,\"valueName\":\"search_term_string\"}}],\"inLanguage\":\"de\"},{\"@type\":\"Organization\",\"@id\":\"https:\\\/\\\/www.visit-montenegro.com\\\/de\\\/#organization\",\"name\":\"Visit Montenegro\",\"url\":\"https:\\\/\\\/www.visit-montenegro.com\\\/de\\\/\",\"logo\":{\"@type\":\"ImageObject\",\"inLanguage\":\"de\",\"@id\":\"https:\\\/\\\/www.visit-montenegro.com\\\/de\\\/#\\\/schema\\\/logo\\\/image\\\/\",\"url\":\"https:\\\/\\\/www.visit-montenegro.com\\\/wp-content\\\/uploads\\\/2017\\\/10\\\/logo-amp.png\",\"contentUrl\":\"https:\\\/\\\/www.visit-montenegro.com\\\/wp-content\\\/uploads\\\/2017\\\/10\\\/logo-amp.png\",\"width\":190,\"height\":36,\"caption\":\"Visit Montenegro\"},\"image\":{\"@id\":\"https:\\\/\\\/www.visit-montenegro.com\\\/de\\\/#\\\/schema\\\/logo\\\/image\\\/\"},\"sameAs\":[\"https:\\\/\\\/www.facebook.com\\\/visitmontenegro\",\"https:\\\/\\\/x.com\\\/visitmontenegro\",\"https:\\\/\\\/www.instagram.com\\\/visit_montenegro\\\/\",\"https:\\\/\\\/www.youtube.com\\\/user\\\/VisitMontenegro\"]}]}<\/script>\n<!-- \/ Yoast SEO plugin. -->","yoast_head_json":{"title":"Montenegro Eisenbahn - Visit Montenegro","description":"Entdecken Sie Montenegros malerische Eisenbahnstrecken, darunter die h\u00f6chste Br\u00fccke Europas und Verbindungen zum europ\u00e4ischen Netz. Planen Sie Ihre Reise mit unserem Guide und Fahrpl\u00e4nen.","robots":{"index":"index","follow":"follow","max-snippet":"max-snippet:-1","max-image-preview":"max-image-preview:large","max-video-preview":"max-video-preview:-1"},"canonical":"https:\/\/www.visit-montenegro.com\/de\/transport\/transportation-railway\/","og_locale":"de_DE","og_type":"article","og_title":"Montenegro Eisenbahn - Visit Montenegro","og_description":"Entdecken Sie Montenegros malerische Eisenbahnstrecken, darunter die h\u00f6chste Br\u00fccke Europas und Verbindungen zum europ\u00e4ischen Netz. Planen Sie Ihre Reise mit unserem Guide und Fahrpl\u00e4nen.","og_url":"https:\/\/www.visit-montenegro.com\/de\/transport\/transportation-railway\/","og_site_name":"Visit Montenegro","article_publisher":"https:\/\/www.facebook.com\/visitmontenegro","article_modified_time":"2026-02-24T13:41:51+00:00","og_image":[{"width":1600,"height":900,"url":"https:\/\/www.visit-montenegro.com\/wp-content\/uploads\/2026\/01\/podgorica-train-moraca-scaled.jpg","type":"image\/jpeg"}],"twitter_card":"summary_large_image","twitter_site":"@visitmontenegro","twitter_misc":{"Gesch\u00e4tzte Lesezeit":"1\u00a0Minute"},"schema":{"@context":"https:\/\/schema.org","@graph":[{"@type":"WebPage","@id":"https:\/\/www.visit-montenegro.com\/de\/transport\/transportation-railway\/","url":"https:\/\/www.visit-montenegro.com\/de\/transport\/transportation-railway\/","name":"Montenegro Eisenbahn - Visit Montenegro","isPartOf":{"@id":"https:\/\/www.visit-montenegro.com\/de\/#website"},"primaryImageOfPage":{"@id":"https:\/\/www.visit-montenegro.com\/de\/transport\/transportation-railway\/#primaryimage"},"image":{"@id":"https:\/\/www.visit-montenegro.com\/de\/transport\/transportation-railway\/#primaryimage"},"thumbnailUrl":"https:\/\/www.visit-montenegro.com\/wp-content\/uploads\/2026\/01\/podgorica-train-moraca-scaled.jpg","datePublished":"2026-01-28T18:16:59+00:00","dateModified":"2026-02-24T13:41:51+00:00","description":"Entdecken Sie Montenegros malerische Eisenbahnstrecken, darunter die h\u00f6chste Br\u00fccke Europas und Verbindungen zum europ\u00e4ischen Netz. Planen Sie Ihre Reise mit unserem Guide und Fahrpl\u00e4nen.","breadcrumb":{"@id":"https:\/\/www.visit-montenegro.com\/de\/transport\/transportation-railway\/#breadcrumb"},"inLanguage":"de","potentialAction":[{"@type":"ReadAction","target":["https:\/\/www.visit-montenegro.com\/de\/transport\/transportation-railway\/"]}]},{"@type":"ImageObject","inLanguage":"de","@id":"https:\/\/www.visit-montenegro.com\/de\/transport\/transportation-railway\/#primaryimage","url":"https:\/\/www.visit-montenegro.com\/wp-content\/uploads\/2026\/01\/podgorica-train-moraca-scaled.jpg","contentUrl":"https:\/\/www.visit-montenegro.com\/wp-content\/uploads\/2026\/01\/podgorica-train-moraca-scaled.jpg","width":1600,"height":900,"caption":"Blick aus dem Zug auf die Berge in Montenegro"},{"@type":"BreadcrumbList","@id":"https:\/\/www.visit-montenegro.com\/de\/transport\/transportation-railway\/#breadcrumb","itemListElement":[{"@type":"ListItem","position":1,"name":"Home","item":"https:\/\/www.visit-montenegro.com\/de\/home\/"},{"@type":"ListItem","position":2,"name":"Transport in Montenegro","item":"https:\/\/www.visit-montenegro.com\/de\/transport\/"},{"@type":"ListItem","position":3,"name":"Montenegro Eisenbahn"}]},{"@type":"WebSite","@id":"https:\/\/www.visit-montenegro.com\/de\/#website","url":"https:\/\/www.visit-montenegro.com\/de\/","name":"Visit Montenegro","description":"Breathtaking beauty","publisher":{"@id":"https:\/\/www.visit-montenegro.com\/de\/#organization"},"potentialAction":[{"@type":"SearchAction","target":{"@type":"EntryPoint","urlTemplate":"https:\/\/www.visit-montenegro.com\/de\/?s={search_term_string}"},"query-input":{"@type":"PropertyValueSpecification","valueRequired":true,"valueName":"search_term_string"}}],"inLanguage":"de"},{"@type":"Organization","@id":"https:\/\/www.visit-montenegro.com\/de\/#organization","name":"Visit Montenegro","url":"https:\/\/www.visit-montenegro.com\/de\/","logo":{"@type":"ImageObject","inLanguage":"de","@id":"https:\/\/www.visit-montenegro.com\/de\/#\/schema\/logo\/image\/","url":"https:\/\/www.visit-montenegro.com\/wp-content\/uploads\/2017\/10\/logo-amp.png","contentUrl":"https:\/\/www.visit-montenegro.com\/wp-content\/uploads\/2017\/10\/logo-amp.png","width":190,"height":36,"caption":"Visit Montenegro"},"image":{"@id":"https:\/\/www.visit-montenegro.com\/de\/#\/schema\/logo\/image\/"},"sameAs":["https:\/\/www.facebook.com\/visitmontenegro","https:\/\/x.com\/visitmontenegro","https:\/\/www.instagram.com\/visit_montenegro\/","https:\/\/www.youtube.com\/user\/VisitMontenegro"]}]}},"translations":[],"_links":{"self":[{"href":"https:\/\/www.visit-montenegro.com\/de\/wp-json\/wp\/v2\/pages\/133464","targetHints":{"allow":["GET"]}}],"collection":[{"href":"https:\/\/www.visit-montenegro.com\/de\/wp-json\/wp\/v2\/pages"}],"about":[{"href":"https:\/\/www.visit-montenegro.com\/de\/wp-json\/wp\/v2\/types\/page"}],"author":[{"embeddable":true,"href":"https:\/\/www.visit-montenegro.com\/de\/wp-json\/wp\/v2\/users\/1"}],"replies":[{"embeddable":true,"href":"https:\/\/www.visit-montenegro.com\/de\/wp-json\/wp\/v2\/comments?post=133464"}],"version-history":[{"count":0,"href":"https:\/\/www.visit-montenegro.com\/de\/wp-json\/wp\/v2\/pages\/133464\/revisions"}],"up":[{"embeddable":true,"href":"https:\/\/www.visit-montenegro.com\/de\/wp-json\/wp\/v2\/pages\/133449"}],"wp:featuredmedia":[{"embeddable":true,"href":"https:\/\/www.visit-montenegro.com\/de\/wp-json\/wp\/v2\/media\/133465"}],"wp:attachment":[{"href":"https:\/\/www.visit-montenegro.com\/de\/wp-json\/wp\/v2\/media?parent=133464"}],"wp:term":[{"taxonomy":"post_tag","embeddable":true,"href":"https:\/\/www.visit-montenegro.com\/de\/wp-json\/wp\/v2\/tags?post=133464"}],"curies":[{"name":"wp","href":"https:\/\/api.w.org\/{rel}","templated":true}]}}