{"id":133881,"date":"2026-02-07T13:25:17","date_gmt":"2026-02-07T12:25:17","guid":{"rendered":"https:\/\/new.visit-montenegro.com\/hotels-3\/"},"modified":"2026-03-12T13:24:22","modified_gmt":"2026-03-12T12:24:22","slug":"hotels","status":"publish","type":"page","link":"https:\/\/www.visit-montenegro.com\/de\/reiseziele\/kolasin\/info\/hotels\/","title":{"rendered":"Kolasin Hotels"},"content":{"rendered":"\n<h2 class=\"wp-block-heading\">Kolasin Hotels: Ihr Tor zu montenegrinischen Bergabenteuern<\/h2>\n\n<p>Eingebettet im Herzen des atemberaubenden Nationalparks <a href=\"https:\/\/www.visit-montenegro.com\/de\/reiseziele\/zabljak\/info\/durmitor\/\">Durmitor<\/a> in Montenegro bietet <a href=\"https:\/\/www.visit-montenegro.com\/de\/reiseziele\/kolasin\/\">Kolasin<\/a> eine perfekte Mischung aus alpiner Sch\u00f6nheit und Outdoor-Abenteuer, was es zu einer idealen Basis f\u00fcr Naturliebhaber und Abenteuersuchende macht. Ein Aufenthalt in Kolasin erm\u00f6glicht einfachen Zugang zu Wandern, Skifahren und atemberaubenden Landschaften und garantiert einen unvergesslichen Ausflug aus dem Alltag.<\/p>\n\n<h3 class=\"wp-block-heading\">Warum Sie Kolasin Hotels hier buchen sollten<\/h3>\n\n<ul class=\"wp-block-list\">\n<li>Erstklassige Berglagen mit Panoramablick auf W\u00e4lder und Gipfel.<\/li>\n\n\n\n<li>Vielfalt an Unterk\u00fcnften, von gem\u00fctlichen H\u00fctten bis zu modernen Resorts.<\/li>\n\n\n\n<li>N\u00e4he zu Outdoor-Aktivit\u00e4ten wie Skifahren im Winter und Wandern im Sommer.<\/li>\n<\/ul>\n\n<p>Durchsuchen Sie unten die besten Unterk\u00fcnfte in Kolasin, um Ihren perfekten Aufenthalt zu finden.<\/p>\n\n\t\t\t\t\t<script>\n\t\t\t\t\t\tvar url = window.location.href;\n\t\t\t\t\t\tvar consented_area_visible = document.getElementById('cmplz_consent_area_anchor');\n\t\t\t\t\t\tif (url.indexOf('cmplz_consent=1') !== -1 && !consented_area_visible ) {\n\t\t\t\t\t\t\turl = url.replace('cmplz_consent=1', '');\n\t\t\t\t\t\t\turl = url.replace('#cmplz_consent_area_anchor', '');\n\t\t\t\t\t\t\turl = url.replace('?&', '?');\n\t\t\t\t\t\t\turl = url.replace('&&', '?');\n\t\t\t\t\t\t\t\/\/if last character is ? or &, drop it\n\t\t\t\t\t\t\tif (url.substring(url.length-1) === \"&\" || url.substring(url.length-1) === \"?\")\n\t\t\t\t\t\t\t{\n\t\t\t\t\t\t\t\turl = url.substring(0, url.length-1);\n\t\t\t\t\t\t\t}\n\t\t\t\t\t\t\twindow.location.replace(url);\n\t\t\t\t\t\t}\n\n\t\t\t\t\t\tdocument.addEventListener(\"cmplz_enable_category\", cmplzEnableCustomBlockedContent);\n\t\t\t\t\t\tfunction cmplzEnableCustomBlockedContent(e) {\n\t\t\t\t\t\t\tif ( cmplz_has_service_consent('no-service' ) || cmplz_has_consent('marketing' )){\n\t\t\t\t\t\t\t\tif (url.indexOf('cmplz_consent=1') === -1 ) {\n\t\t\t\t\t\t\t\t\tif (url.indexOf('?') !== -1) {url += '&';} else {url += '?';}\n\t\t\t\t\t\t\t\t\turl += 'cmplz_consent=1#cmplz_consent_area_anchor';\n\t\t\t\t\t\t\t\t\twindow.location.replace(url);\n\t\t\t\t\t\t\t\t}\n\t\t\t\t\t\t\t}\n\t\t\t\t\t\t}\n\t\t\t\t\t<\/script>\n\t\t\t\t\t\t\t\t<div class=\"cmplz-consent-area\">\n\t\t\t\t\t\t\t\t\t\t\t<a href=\"#\" data-category=\"marketing\" class=\"cmplz-accept-category  cmplz_marketing_consentarea\" >Hier klicken, um die Cookies f\u00fcr diesen Dienst zu akzeptieren<\/a>\n\t\t\t\t\t\t\t\t\t<\/div>\n\t\t\t\t\r\n","protected":false},"excerpt":{"rendered":"<p>Entdecken Sie Hotels in Kolasin in den Bergen Montenegros f\u00fcr Skifahren, Wandern und landschaftlich reizvolle Aufenthalte.<\/p>\n","protected":false},"author":1,"featured_media":133872,"parent":134722,"menu_order":0,"comment_status":"closed","ping_status":"closed","template":"","meta":{"_yoast_wpseo_focuskw":"Kolasin Hotels","_yoast_wpseo_metadesc":"Finden Sie die besten Hotels in Kolasin f\u00fcr Bergabenteuer in Montenegro. Buchen Sie gem\u00fctliche H\u00fctten oder moderne Resorts mit toller Aussicht und einfachem Zugang zum Skifahren und Wandern.","_kad_post_transparent":"","_kad_post_title":"","_kad_post_layout":"","_kad_post_sidebar_id":"","_kad_post_content_style":"","_kad_post_vertical_padding":"","_kad_post_feature":"","_kad_post_feature_position":"","_kad_post_header":false,"_kad_post_footer":false,"_kad_post_classname":"","iawp_total_views":0,"footnotes":""},"tags":[2308],"class_list":["post-133881","page","type-page","status-publish","has-post-thumbnail","hentry","tag-destination-hotels"],"yoast_head":"<!-- This site is optimized with the Yoast SEO plugin v27.3 - https:\/\/yoast.com\/product\/yoast-seo-wordpress\/ -->\n<title>Kolasin Hotels - Visit Montenegro<\/title>\n<meta name=\"description\" content=\"Finden Sie die besten Hotels in Kolasin f\u00fcr Bergabenteuer in Montenegro. Buchen Sie gem\u00fctliche H\u00fctten oder moderne Resorts mit toller Aussicht und einfachem Zugang zum Skifahren und Wandern.\" \/>\n<meta name=\"robots\" content=\"index, follow, max-snippet:-1, max-image-preview:large, max-video-preview:-1\" \/>\n<link rel=\"canonical\" href=\"https:\/\/www.visit-montenegro.com\/de\/reiseziele\/kolasin\/info\/hotels\/\" \/>\n<meta property=\"og:locale\" content=\"de_DE\" \/>\n<meta property=\"og:type\" content=\"article\" \/>\n<meta property=\"og:title\" content=\"Kolasin Hotels - Visit Montenegro\" \/>\n<meta property=\"og:description\" content=\"Finden Sie die besten Hotels in Kolasin f\u00fcr Bergabenteuer in Montenegro. Buchen Sie gem\u00fctliche H\u00fctten oder moderne Resorts mit toller Aussicht und einfachem Zugang zum Skifahren und Wandern.\" \/>\n<meta property=\"og:url\" content=\"https:\/\/www.visit-montenegro.com\/de\/reiseziele\/kolasin\/info\/hotels\/\" \/>\n<meta property=\"og:site_name\" content=\"Visit Montenegro\" \/>\n<meta property=\"article:publisher\" content=\"https:\/\/www.facebook.com\/visitmontenegro\" \/>\n<meta property=\"article:modified_time\" content=\"2026-03-12T12:24:22+00:00\" \/>\n<meta property=\"og:image\" content=\"https:\/\/www.visit-montenegro.com\/wp-content\/uploads\/2026\/02\/Depositphotos_639669476_L-scaled.jpg\" \/>\n\t<meta property=\"og:image:width\" content=\"1600\" \/>\n\t<meta property=\"og:image:height\" content=\"1067\" \/>\n\t<meta property=\"og:image:type\" content=\"image\/jpeg\" \/>\n<meta name=\"twitter:card\" content=\"summary_large_image\" \/>\n<meta name=\"twitter:site\" content=\"@visitmontenegro\" \/>\n<meta name=\"twitter:label1\" content=\"Gesch\u00e4tzte Lesezeit\" \/>\n\t<meta name=\"twitter:data1\" content=\"1\u00a0Minute\" \/>\n<script type=\"application\/ld+json\" class=\"yoast-schema-graph\">{\"@context\":\"https:\\\/\\\/schema.org\",\"@graph\":[{\"@type\":\"WebPage\",\"@id\":\"https:\\\/\\\/www.visit-montenegro.com\\\/de\\\/reiseziele\\\/kolasin\\\/info\\\/hotels\\\/\",\"url\":\"https:\\\/\\\/www.visit-montenegro.com\\\/de\\\/reiseziele\\\/kolasin\\\/info\\\/hotels\\\/\",\"name\":\"Kolasin Hotels - Visit Montenegro\",\"isPartOf\":{\"@id\":\"https:\\\/\\\/www.visit-montenegro.com\\\/de\\\/#website\"},\"primaryImageOfPage\":{\"@id\":\"https:\\\/\\\/www.visit-montenegro.com\\\/de\\\/reiseziele\\\/kolasin\\\/info\\\/hotels\\\/#primaryimage\"},\"image\":{\"@id\":\"https:\\\/\\\/www.visit-montenegro.com\\\/de\\\/reiseziele\\\/kolasin\\\/info\\\/hotels\\\/#primaryimage\"},\"thumbnailUrl\":\"https:\\\/\\\/www.visit-montenegro.com\\\/wp-content\\\/uploads\\\/2026\\\/02\\\/Depositphotos_639669476_L-scaled.jpg\",\"datePublished\":\"2026-02-07T12:25:17+00:00\",\"dateModified\":\"2026-03-12T12:24:22+00:00\",\"description\":\"Finden Sie die besten Hotels in Kolasin f\u00fcr Bergabenteuer in Montenegro. Buchen Sie gem\u00fctliche H\u00fctten oder moderne Resorts mit toller Aussicht und einfachem Zugang zum Skifahren und Wandern.\",\"breadcrumb\":{\"@id\":\"https:\\\/\\\/www.visit-montenegro.com\\\/de\\\/reiseziele\\\/kolasin\\\/info\\\/hotels\\\/#breadcrumb\"},\"inLanguage\":\"de\",\"potentialAction\":[{\"@type\":\"ReadAction\",\"target\":[\"https:\\\/\\\/www.visit-montenegro.com\\\/de\\\/reiseziele\\\/kolasin\\\/info\\\/hotels\\\/\"]}]},{\"@type\":\"ImageObject\",\"inLanguage\":\"de\",\"@id\":\"https:\\\/\\\/www.visit-montenegro.com\\\/de\\\/reiseziele\\\/kolasin\\\/info\\\/hotels\\\/#primaryimage\",\"url\":\"https:\\\/\\\/www.visit-montenegro.com\\\/wp-content\\\/uploads\\\/2026\\\/02\\\/Depositphotos_639669476_L-scaled.jpg\",\"contentUrl\":\"https:\\\/\\\/www.visit-montenegro.com\\\/wp-content\\\/uploads\\\/2026\\\/02\\\/Depositphotos_639669476_L-scaled.jpg\",\"width\":1600,\"height\":1067},{\"@type\":\"BreadcrumbList\",\"@id\":\"https:\\\/\\\/www.visit-montenegro.com\\\/de\\\/reiseziele\\\/kolasin\\\/info\\\/hotels\\\/#breadcrumb\",\"itemListElement\":[{\"@type\":\"ListItem\",\"position\":1,\"name\":\"Home\",\"item\":\"https:\\\/\\\/www.visit-montenegro.com\\\/de\\\/home\\\/\"},{\"@type\":\"ListItem\",\"position\":2,\"name\":\"Reiseziele in Montenegro\",\"item\":\"https:\\\/\\\/www.visit-montenegro.com\\\/de\\\/reiseziele\\\/\"},{\"@type\":\"ListItem\",\"position\":3,\"name\":\"Kolasin\",\"item\":\"https:\\\/\\\/www.visit-montenegro.com\\\/de\\\/reiseziele\\\/kolasin\\\/\"},{\"@type\":\"ListItem\",\"position\":4,\"name\":\"Mehr \u00fcber Kolasin\",\"item\":\"https:\\\/\\\/www.visit-montenegro.com\\\/de\\\/reiseziele\\\/kolasin\\\/info\\\/\"},{\"@type\":\"ListItem\",\"position\":5,\"name\":\"Kolasin Hotels\"}]},{\"@type\":\"WebSite\",\"@id\":\"https:\\\/\\\/www.visit-montenegro.com\\\/de\\\/#website\",\"url\":\"https:\\\/\\\/www.visit-montenegro.com\\\/de\\\/\",\"name\":\"Visit Montenegro\",\"description\":\"Breathtaking beauty\",\"publisher\":{\"@id\":\"https:\\\/\\\/www.visit-montenegro.com\\\/de\\\/#organization\"},\"potentialAction\":[{\"@type\":\"SearchAction\",\"target\":{\"@type\":\"EntryPoint\",\"urlTemplate\":\"https:\\\/\\\/www.visit-montenegro.com\\\/de\\\/?s={search_term_string}\"},\"query-input\":{\"@type\":\"PropertyValueSpecification\",\"valueRequired\":true,\"valueName\":\"search_term_string\"}}],\"inLanguage\":\"de\"},{\"@type\":\"Organization\",\"@id\":\"https:\\\/\\\/www.visit-montenegro.com\\\/de\\\/#organization\",\"name\":\"Visit Montenegro\",\"url\":\"https:\\\/\\\/www.visit-montenegro.com\\\/de\\\/\",\"logo\":{\"@type\":\"ImageObject\",\"inLanguage\":\"de\",\"@id\":\"https:\\\/\\\/www.visit-montenegro.com\\\/de\\\/#\\\/schema\\\/logo\\\/image\\\/\",\"url\":\"https:\\\/\\\/www.visit-montenegro.com\\\/wp-content\\\/uploads\\\/2017\\\/10\\\/logo-amp.png\",\"contentUrl\":\"https:\\\/\\\/www.visit-montenegro.com\\\/wp-content\\\/uploads\\\/2017\\\/10\\\/logo-amp.png\",\"width\":190,\"height\":36,\"caption\":\"Visit Montenegro\"},\"image\":{\"@id\":\"https:\\\/\\\/www.visit-montenegro.com\\\/de\\\/#\\\/schema\\\/logo\\\/image\\\/\"},\"sameAs\":[\"https:\\\/\\\/www.facebook.com\\\/visitmontenegro\",\"https:\\\/\\\/x.com\\\/visitmontenegro\",\"https:\\\/\\\/www.instagram.com\\\/visit_montenegro\\\/\",\"https:\\\/\\\/www.youtube.com\\\/user\\\/VisitMontenegro\"]}]}<\/script>\n<!-- \/ Yoast SEO plugin. -->","yoast_head_json":{"title":"Kolasin Hotels - Visit Montenegro","description":"Finden Sie die besten Hotels in Kolasin f\u00fcr Bergabenteuer in Montenegro. Buchen Sie gem\u00fctliche H\u00fctten oder moderne Resorts mit toller Aussicht und einfachem Zugang zum Skifahren und Wandern.","robots":{"index":"index","follow":"follow","max-snippet":"max-snippet:-1","max-image-preview":"max-image-preview:large","max-video-preview":"max-video-preview:-1"},"canonical":"https:\/\/www.visit-montenegro.com\/de\/reiseziele\/kolasin\/info\/hotels\/","og_locale":"de_DE","og_type":"article","og_title":"Kolasin Hotels - Visit Montenegro","og_description":"Finden Sie die besten Hotels in Kolasin f\u00fcr Bergabenteuer in Montenegro. Buchen Sie gem\u00fctliche H\u00fctten oder moderne Resorts mit toller Aussicht und einfachem Zugang zum Skifahren und Wandern.","og_url":"https:\/\/www.visit-montenegro.com\/de\/reiseziele\/kolasin\/info\/hotels\/","og_site_name":"Visit Montenegro","article_publisher":"https:\/\/www.facebook.com\/visitmontenegro","article_modified_time":"2026-03-12T12:24:22+00:00","og_image":[{"width":1600,"height":1067,"url":"https:\/\/www.visit-montenegro.com\/wp-content\/uploads\/2026\/02\/Depositphotos_639669476_L-scaled.jpg","type":"image\/jpeg"}],"twitter_card":"summary_large_image","twitter_site":"@visitmontenegro","twitter_misc":{"Gesch\u00e4tzte Lesezeit":"1\u00a0Minute"},"schema":{"@context":"https:\/\/schema.org","@graph":[{"@type":"WebPage","@id":"https:\/\/www.visit-montenegro.com\/de\/reiseziele\/kolasin\/info\/hotels\/","url":"https:\/\/www.visit-montenegro.com\/de\/reiseziele\/kolasin\/info\/hotels\/","name":"Kolasin Hotels - Visit Montenegro","isPartOf":{"@id":"https:\/\/www.visit-montenegro.com\/de\/#website"},"primaryImageOfPage":{"@id":"https:\/\/www.visit-montenegro.com\/de\/reiseziele\/kolasin\/info\/hotels\/#primaryimage"},"image":{"@id":"https:\/\/www.visit-montenegro.com\/de\/reiseziele\/kolasin\/info\/hotels\/#primaryimage"},"thumbnailUrl":"https:\/\/www.visit-montenegro.com\/wp-content\/uploads\/2026\/02\/Depositphotos_639669476_L-scaled.jpg","datePublished":"2026-02-07T12:25:17+00:00","dateModified":"2026-03-12T12:24:22+00:00","description":"Finden Sie die besten Hotels in Kolasin f\u00fcr Bergabenteuer in Montenegro. Buchen Sie gem\u00fctliche H\u00fctten oder moderne Resorts mit toller Aussicht und einfachem Zugang zum Skifahren und Wandern.","breadcrumb":{"@id":"https:\/\/www.visit-montenegro.com\/de\/reiseziele\/kolasin\/info\/hotels\/#breadcrumb"},"inLanguage":"de","potentialAction":[{"@type":"ReadAction","target":["https:\/\/www.visit-montenegro.com\/de\/reiseziele\/kolasin\/info\/hotels\/"]}]},{"@type":"ImageObject","inLanguage":"de","@id":"https:\/\/www.visit-montenegro.com\/de\/reiseziele\/kolasin\/info\/hotels\/#primaryimage","url":"https:\/\/www.visit-montenegro.com\/wp-content\/uploads\/2026\/02\/Depositphotos_639669476_L-scaled.jpg","contentUrl":"https:\/\/www.visit-montenegro.com\/wp-content\/uploads\/2026\/02\/Depositphotos_639669476_L-scaled.jpg","width":1600,"height":1067},{"@type":"BreadcrumbList","@id":"https:\/\/www.visit-montenegro.com\/de\/reiseziele\/kolasin\/info\/hotels\/#breadcrumb","itemListElement":[{"@type":"ListItem","position":1,"name":"Home","item":"https:\/\/www.visit-montenegro.com\/de\/home\/"},{"@type":"ListItem","position":2,"name":"Reiseziele in Montenegro","item":"https:\/\/www.visit-montenegro.com\/de\/reiseziele\/"},{"@type":"ListItem","position":3,"name":"Kolasin","item":"https:\/\/www.visit-montenegro.com\/de\/reiseziele\/kolasin\/"},{"@type":"ListItem","position":4,"name":"Mehr \u00fcber Kolasin","item":"https:\/\/www.visit-montenegro.com\/de\/reiseziele\/kolasin\/info\/"},{"@type":"ListItem","position":5,"name":"Kolasin Hotels"}]},{"@type":"WebSite","@id":"https:\/\/www.visit-montenegro.com\/de\/#website","url":"https:\/\/www.visit-montenegro.com\/de\/","name":"Visit Montenegro","description":"Breathtaking beauty","publisher":{"@id":"https:\/\/www.visit-montenegro.com\/de\/#organization"},"potentialAction":[{"@type":"SearchAction","target":{"@type":"EntryPoint","urlTemplate":"https:\/\/www.visit-montenegro.com\/de\/?s={search_term_string}"},"query-input":{"@type":"PropertyValueSpecification","valueRequired":true,"valueName":"search_term_string"}}],"inLanguage":"de"},{"@type":"Organization","@id":"https:\/\/www.visit-montenegro.com\/de\/#organization","name":"Visit Montenegro","url":"https:\/\/www.visit-montenegro.com\/de\/","logo":{"@type":"ImageObject","inLanguage":"de","@id":"https:\/\/www.visit-montenegro.com\/de\/#\/schema\/logo\/image\/","url":"https:\/\/www.visit-montenegro.com\/wp-content\/uploads\/2017\/10\/logo-amp.png","contentUrl":"https:\/\/www.visit-montenegro.com\/wp-content\/uploads\/2017\/10\/logo-amp.png","width":190,"height":36,"caption":"Visit Montenegro"},"image":{"@id":"https:\/\/www.visit-montenegro.com\/de\/#\/schema\/logo\/image\/"},"sameAs":["https:\/\/www.facebook.com\/visitmontenegro","https:\/\/x.com\/visitmontenegro","https:\/\/www.instagram.com\/visit_montenegro\/","https:\/\/www.youtube.com\/user\/VisitMontenegro"]}]}},"translations":[],"_links":{"self":[{"href":"https:\/\/www.visit-montenegro.com\/de\/wp-json\/wp\/v2\/pages\/133881","targetHints":{"allow":["GET"]}}],"collection":[{"href":"https:\/\/www.visit-montenegro.com\/de\/wp-json\/wp\/v2\/pages"}],"about":[{"href":"https:\/\/www.visit-montenegro.com\/de\/wp-json\/wp\/v2\/types\/page"}],"author":[{"embeddable":true,"href":"https:\/\/www.visit-montenegro.com\/de\/wp-json\/wp\/v2\/users\/1"}],"replies":[{"embeddable":true,"href":"https:\/\/www.visit-montenegro.com\/de\/wp-json\/wp\/v2\/comments?post=133881"}],"version-history":[{"count":0,"href":"https:\/\/www.visit-montenegro.com\/de\/wp-json\/wp\/v2\/pages\/133881\/revisions"}],"up":[{"embeddable":true,"href":"https:\/\/www.visit-montenegro.com\/de\/wp-json\/wp\/v2\/pages\/134722"}],"wp:featuredmedia":[{"embeddable":true,"href":"https:\/\/www.visit-montenegro.com\/de\/wp-json\/wp\/v2\/media\/133872"}],"wp:attachment":[{"href":"https:\/\/www.visit-montenegro.com\/de\/wp-json\/wp\/v2\/media?parent=133881"}],"wp:term":[{"taxonomy":"post_tag","embeddable":true,"href":"https:\/\/www.visit-montenegro.com\/de\/wp-json\/wp\/v2\/tags?post=133881"}],"curies":[{"name":"wp","href":"https:\/\/api.w.org\/{rel}","templated":true}]}}