{"id":133889,"date":"2026-02-07T13:24:16","date_gmt":"2026-02-07T12:24:16","guid":{"rendered":"https:\/\/new.visit-montenegro.com\/hotels-5\/"},"modified":"2026-03-12T13:23:33","modified_gmt":"2026-03-12T12:23:33","slug":"hotels","status":"publish","type":"page","link":"https:\/\/www.visit-montenegro.com\/de\/reiseziele\/cetinje\/info\/hotels\/","title":{"rendered":"Cetinje Hotels"},"content":{"rendered":"\n<h2 class=\"wp-block-heading\">Cetinje Hotels: Ihr Tor zum historischen Herzen Montenegros<\/h2>\n\n<p>Eingebettet in den Bergen ist <a href=\"https:\/\/www.visit-montenegro.com\/de\/reiseziele\/cetinje\/\">Cetinje<\/a> die historische Hauptstadt Montenegros und bietet eine ruhige Flucht mit reichem kulturellem Erbe und atemberaubender nat\u00fcrlicher Umgebung. Ein Aufenthalt in Cetinje erm\u00f6glicht es Ihnen, in die Geschichte einzutauchen, Museen zu erkunden und friedliche Spazierg\u00e4nge im malerischen Lov\u0107en-Nationalpark zu genie\u00dfen.<\/p>\n\n<h3 class=\"wp-block-heading\">Warum Cetinje Hotels buchen<\/h3>\n\n<ul class=\"wp-block-list\">\n<li>Beste Lage in der N\u00e4he historischer St\u00e4tten und kultureller Wahrzeichen f\u00fcr einfache Erkundung.<\/li>\n\n\n\n<li>Charmante Unterk\u00fcnfte mit traditioneller Architektur und Bergblicken.<\/li>\n\n\n\n<li>Eine Vielzahl von Optionen von Boutique-Herbergen bis zu gem\u00fctlichen G\u00e4steh\u00e4usern, um unterschiedliche Vorlieben zu erf\u00fcllen.<\/li>\n<\/ul>\n\n<p>Durchsuchen Sie unten die besten Unterk\u00fcnfte in Cetinje, um Ihren perfekten Aufenthalt zu finden.<\/p>\n\n\t\t\t\t\t<script>\n\t\t\t\t\t\tvar url = window.location.href;\n\t\t\t\t\t\tvar consented_area_visible = document.getElementById('cmplz_consent_area_anchor');\n\t\t\t\t\t\tif (url.indexOf('cmplz_consent=1') !== -1 && !consented_area_visible ) {\n\t\t\t\t\t\t\turl = url.replace('cmplz_consent=1', '');\n\t\t\t\t\t\t\turl = url.replace('#cmplz_consent_area_anchor', '');\n\t\t\t\t\t\t\turl = url.replace('?&', '?');\n\t\t\t\t\t\t\turl = url.replace('&&', '?');\n\t\t\t\t\t\t\t\/\/if last character is ? or &, drop it\n\t\t\t\t\t\t\tif (url.substring(url.length-1) === \"&\" || url.substring(url.length-1) === \"?\")\n\t\t\t\t\t\t\t{\n\t\t\t\t\t\t\t\turl = url.substring(0, url.length-1);\n\t\t\t\t\t\t\t}\n\t\t\t\t\t\t\twindow.location.replace(url);\n\t\t\t\t\t\t}\n\n\t\t\t\t\t\tdocument.addEventListener(\"cmplz_enable_category\", cmplzEnableCustomBlockedContent);\n\t\t\t\t\t\tfunction cmplzEnableCustomBlockedContent(e) {\n\t\t\t\t\t\t\tif ( cmplz_has_service_consent('no-service' ) || cmplz_has_consent('marketing' )){\n\t\t\t\t\t\t\t\tif (url.indexOf('cmplz_consent=1') === -1 ) {\n\t\t\t\t\t\t\t\t\tif (url.indexOf('?') !== -1) {url += '&';} else {url += '?';}\n\t\t\t\t\t\t\t\t\turl += 'cmplz_consent=1#cmplz_consent_area_anchor';\n\t\t\t\t\t\t\t\t\twindow.location.replace(url);\n\t\t\t\t\t\t\t\t}\n\t\t\t\t\t\t\t}\n\t\t\t\t\t\t}\n\t\t\t\t\t<\/script>\n\t\t\t\t\t\t\t\t<div class=\"cmplz-consent-area\">\n\t\t\t\t\t\t\t\t\t\t\t<a href=\"#\" data-category=\"marketing\" class=\"cmplz-accept-category  cmplz_marketing_consentarea\" >Hier klicken, um die Cookies f\u00fcr diesen Dienst zu akzeptieren<\/a>\n\t\t\t\t\t\t\t\t\t<\/div>\n\t\t\t\t\r\n","protected":false},"excerpt":{"rendered":"<p>Entdecken Sie Top-Cetinje-Hotels f\u00fcr einen kulturellen und landschaftlichen R\u00fcckzugsort in der historischen Hauptstadt Montenegros.<\/p>\n","protected":false},"author":1,"featured_media":133872,"parent":134774,"menu_order":0,"comment_status":"closed","ping_status":"closed","template":"","meta":{"_yoast_wpseo_focuskw":"Cetinje Hotels","_yoast_wpseo_metadesc":"Finden Sie die besten Cetinje Hotels f\u00fcr einen historischen Aufenthalt in der Kulturhauptstadt Montenegros. Buchen Sie jetzt f\u00fcr Bergblicke und einfachen Zugang zu Sehensw\u00fcrdigkeiten.","_kad_post_transparent":"","_kad_post_title":"","_kad_post_layout":"","_kad_post_sidebar_id":"","_kad_post_content_style":"","_kad_post_vertical_padding":"","_kad_post_feature":"","_kad_post_feature_position":"","_kad_post_header":false,"_kad_post_footer":false,"_kad_post_classname":"","iawp_total_views":0,"footnotes":""},"tags":[2308],"class_list":["post-133889","page","type-page","status-publish","has-post-thumbnail","hentry","tag-destination-hotels"],"yoast_head":"<!-- This site is optimized with the Yoast SEO plugin v27.3 - https:\/\/yoast.com\/product\/yoast-seo-wordpress\/ -->\n<title>Cetinje Hotels - Visit Montenegro<\/title>\n<meta name=\"description\" content=\"Finden Sie die besten Cetinje Hotels f\u00fcr einen historischen Aufenthalt in der Kulturhauptstadt Montenegros. Buchen Sie jetzt f\u00fcr Bergblicke und einfachen Zugang zu Sehensw\u00fcrdigkeiten.\" \/>\n<meta name=\"robots\" content=\"index, follow, max-snippet:-1, max-image-preview:large, max-video-preview:-1\" \/>\n<link rel=\"canonical\" href=\"https:\/\/www.visit-montenegro.com\/de\/reiseziele\/cetinje\/info\/hotels\/\" \/>\n<meta property=\"og:locale\" content=\"de_DE\" \/>\n<meta property=\"og:type\" content=\"article\" \/>\n<meta property=\"og:title\" content=\"Cetinje Hotels - Visit Montenegro\" \/>\n<meta property=\"og:description\" content=\"Finden Sie die besten Cetinje Hotels f\u00fcr einen historischen Aufenthalt in der Kulturhauptstadt Montenegros. Buchen Sie jetzt f\u00fcr Bergblicke und einfachen Zugang zu Sehensw\u00fcrdigkeiten.\" \/>\n<meta property=\"og:url\" content=\"https:\/\/www.visit-montenegro.com\/de\/reiseziele\/cetinje\/info\/hotels\/\" \/>\n<meta property=\"og:site_name\" content=\"Visit Montenegro\" \/>\n<meta property=\"article:publisher\" content=\"https:\/\/www.facebook.com\/visitmontenegro\" \/>\n<meta property=\"article:modified_time\" content=\"2026-03-12T12:23:33+00:00\" \/>\n<meta property=\"og:image\" content=\"https:\/\/www.visit-montenegro.com\/wp-content\/uploads\/2026\/02\/Depositphotos_639669476_L-scaled.jpg\" \/>\n\t<meta property=\"og:image:width\" content=\"1600\" \/>\n\t<meta property=\"og:image:height\" content=\"1067\" \/>\n\t<meta property=\"og:image:type\" content=\"image\/jpeg\" \/>\n<meta name=\"twitter:card\" content=\"summary_large_image\" \/>\n<meta name=\"twitter:site\" content=\"@visitmontenegro\" \/>\n<meta name=\"twitter:label1\" content=\"Gesch\u00e4tzte Lesezeit\" \/>\n\t<meta name=\"twitter:data1\" content=\"1\u00a0Minute\" \/>\n<script type=\"application\/ld+json\" class=\"yoast-schema-graph\">{\"@context\":\"https:\\\/\\\/schema.org\",\"@graph\":[{\"@type\":\"WebPage\",\"@id\":\"https:\\\/\\\/www.visit-montenegro.com\\\/de\\\/reiseziele\\\/cetinje\\\/info\\\/hotels\\\/\",\"url\":\"https:\\\/\\\/www.visit-montenegro.com\\\/de\\\/reiseziele\\\/cetinje\\\/info\\\/hotels\\\/\",\"name\":\"Cetinje Hotels - Visit Montenegro\",\"isPartOf\":{\"@id\":\"https:\\\/\\\/www.visit-montenegro.com\\\/de\\\/#website\"},\"primaryImageOfPage\":{\"@id\":\"https:\\\/\\\/www.visit-montenegro.com\\\/de\\\/reiseziele\\\/cetinje\\\/info\\\/hotels\\\/#primaryimage\"},\"image\":{\"@id\":\"https:\\\/\\\/www.visit-montenegro.com\\\/de\\\/reiseziele\\\/cetinje\\\/info\\\/hotels\\\/#primaryimage\"},\"thumbnailUrl\":\"https:\\\/\\\/www.visit-montenegro.com\\\/wp-content\\\/uploads\\\/2026\\\/02\\\/Depositphotos_639669476_L-scaled.jpg\",\"datePublished\":\"2026-02-07T12:24:16+00:00\",\"dateModified\":\"2026-03-12T12:23:33+00:00\",\"description\":\"Finden Sie die besten Cetinje Hotels f\u00fcr einen historischen Aufenthalt in der Kulturhauptstadt Montenegros. Buchen Sie jetzt f\u00fcr Bergblicke und einfachen Zugang zu Sehensw\u00fcrdigkeiten.\",\"breadcrumb\":{\"@id\":\"https:\\\/\\\/www.visit-montenegro.com\\\/de\\\/reiseziele\\\/cetinje\\\/info\\\/hotels\\\/#breadcrumb\"},\"inLanguage\":\"de\",\"potentialAction\":[{\"@type\":\"ReadAction\",\"target\":[\"https:\\\/\\\/www.visit-montenegro.com\\\/de\\\/reiseziele\\\/cetinje\\\/info\\\/hotels\\\/\"]}]},{\"@type\":\"ImageObject\",\"inLanguage\":\"de\",\"@id\":\"https:\\\/\\\/www.visit-montenegro.com\\\/de\\\/reiseziele\\\/cetinje\\\/info\\\/hotels\\\/#primaryimage\",\"url\":\"https:\\\/\\\/www.visit-montenegro.com\\\/wp-content\\\/uploads\\\/2026\\\/02\\\/Depositphotos_639669476_L-scaled.jpg\",\"contentUrl\":\"https:\\\/\\\/www.visit-montenegro.com\\\/wp-content\\\/uploads\\\/2026\\\/02\\\/Depositphotos_639669476_L-scaled.jpg\",\"width\":1600,\"height\":1067},{\"@type\":\"BreadcrumbList\",\"@id\":\"https:\\\/\\\/www.visit-montenegro.com\\\/de\\\/reiseziele\\\/cetinje\\\/info\\\/hotels\\\/#breadcrumb\",\"itemListElement\":[{\"@type\":\"ListItem\",\"position\":1,\"name\":\"Home\",\"item\":\"https:\\\/\\\/www.visit-montenegro.com\\\/de\\\/home\\\/\"},{\"@type\":\"ListItem\",\"position\":2,\"name\":\"Reiseziele in Montenegro\",\"item\":\"https:\\\/\\\/www.visit-montenegro.com\\\/de\\\/reiseziele\\\/\"},{\"@type\":\"ListItem\",\"position\":3,\"name\":\"Cetinje\",\"item\":\"https:\\\/\\\/www.visit-montenegro.com\\\/de\\\/reiseziele\\\/cetinje\\\/\"},{\"@type\":\"ListItem\",\"position\":4,\"name\":\"Mehr \u00fcber Cetinje\",\"item\":\"https:\\\/\\\/www.visit-montenegro.com\\\/de\\\/reiseziele\\\/cetinje\\\/info\\\/\"},{\"@type\":\"ListItem\",\"position\":5,\"name\":\"Cetinje Hotels\"}]},{\"@type\":\"WebSite\",\"@id\":\"https:\\\/\\\/www.visit-montenegro.com\\\/de\\\/#website\",\"url\":\"https:\\\/\\\/www.visit-montenegro.com\\\/de\\\/\",\"name\":\"Visit Montenegro\",\"description\":\"Breathtaking beauty\",\"publisher\":{\"@id\":\"https:\\\/\\\/www.visit-montenegro.com\\\/de\\\/#organization\"},\"potentialAction\":[{\"@type\":\"SearchAction\",\"target\":{\"@type\":\"EntryPoint\",\"urlTemplate\":\"https:\\\/\\\/www.visit-montenegro.com\\\/de\\\/?s={search_term_string}\"},\"query-input\":{\"@type\":\"PropertyValueSpecification\",\"valueRequired\":true,\"valueName\":\"search_term_string\"}}],\"inLanguage\":\"de\"},{\"@type\":\"Organization\",\"@id\":\"https:\\\/\\\/www.visit-montenegro.com\\\/de\\\/#organization\",\"name\":\"Visit Montenegro\",\"url\":\"https:\\\/\\\/www.visit-montenegro.com\\\/de\\\/\",\"logo\":{\"@type\":\"ImageObject\",\"inLanguage\":\"de\",\"@id\":\"https:\\\/\\\/www.visit-montenegro.com\\\/de\\\/#\\\/schema\\\/logo\\\/image\\\/\",\"url\":\"https:\\\/\\\/www.visit-montenegro.com\\\/wp-content\\\/uploads\\\/2017\\\/10\\\/logo-amp.png\",\"contentUrl\":\"https:\\\/\\\/www.visit-montenegro.com\\\/wp-content\\\/uploads\\\/2017\\\/10\\\/logo-amp.png\",\"width\":190,\"height\":36,\"caption\":\"Visit Montenegro\"},\"image\":{\"@id\":\"https:\\\/\\\/www.visit-montenegro.com\\\/de\\\/#\\\/schema\\\/logo\\\/image\\\/\"},\"sameAs\":[\"https:\\\/\\\/www.facebook.com\\\/visitmontenegro\",\"https:\\\/\\\/x.com\\\/visitmontenegro\",\"https:\\\/\\\/www.instagram.com\\\/visit_montenegro\\\/\",\"https:\\\/\\\/www.youtube.com\\\/user\\\/VisitMontenegro\"]}]}<\/script>\n<!-- \/ Yoast SEO plugin. -->","yoast_head_json":{"title":"Cetinje Hotels - Visit Montenegro","description":"Finden Sie die besten Cetinje Hotels f\u00fcr einen historischen Aufenthalt in der Kulturhauptstadt Montenegros. Buchen Sie jetzt f\u00fcr Bergblicke und einfachen Zugang zu Sehensw\u00fcrdigkeiten.","robots":{"index":"index","follow":"follow","max-snippet":"max-snippet:-1","max-image-preview":"max-image-preview:large","max-video-preview":"max-video-preview:-1"},"canonical":"https:\/\/www.visit-montenegro.com\/de\/reiseziele\/cetinje\/info\/hotels\/","og_locale":"de_DE","og_type":"article","og_title":"Cetinje Hotels - Visit Montenegro","og_description":"Finden Sie die besten Cetinje Hotels f\u00fcr einen historischen Aufenthalt in der Kulturhauptstadt Montenegros. Buchen Sie jetzt f\u00fcr Bergblicke und einfachen Zugang zu Sehensw\u00fcrdigkeiten.","og_url":"https:\/\/www.visit-montenegro.com\/de\/reiseziele\/cetinje\/info\/hotels\/","og_site_name":"Visit Montenegro","article_publisher":"https:\/\/www.facebook.com\/visitmontenegro","article_modified_time":"2026-03-12T12:23:33+00:00","og_image":[{"width":1600,"height":1067,"url":"https:\/\/www.visit-montenegro.com\/wp-content\/uploads\/2026\/02\/Depositphotos_639669476_L-scaled.jpg","type":"image\/jpeg"}],"twitter_card":"summary_large_image","twitter_site":"@visitmontenegro","twitter_misc":{"Gesch\u00e4tzte Lesezeit":"1\u00a0Minute"},"schema":{"@context":"https:\/\/schema.org","@graph":[{"@type":"WebPage","@id":"https:\/\/www.visit-montenegro.com\/de\/reiseziele\/cetinje\/info\/hotels\/","url":"https:\/\/www.visit-montenegro.com\/de\/reiseziele\/cetinje\/info\/hotels\/","name":"Cetinje Hotels - Visit Montenegro","isPartOf":{"@id":"https:\/\/www.visit-montenegro.com\/de\/#website"},"primaryImageOfPage":{"@id":"https:\/\/www.visit-montenegro.com\/de\/reiseziele\/cetinje\/info\/hotels\/#primaryimage"},"image":{"@id":"https:\/\/www.visit-montenegro.com\/de\/reiseziele\/cetinje\/info\/hotels\/#primaryimage"},"thumbnailUrl":"https:\/\/www.visit-montenegro.com\/wp-content\/uploads\/2026\/02\/Depositphotos_639669476_L-scaled.jpg","datePublished":"2026-02-07T12:24:16+00:00","dateModified":"2026-03-12T12:23:33+00:00","description":"Finden Sie die besten Cetinje Hotels f\u00fcr einen historischen Aufenthalt in der Kulturhauptstadt Montenegros. Buchen Sie jetzt f\u00fcr Bergblicke und einfachen Zugang zu Sehensw\u00fcrdigkeiten.","breadcrumb":{"@id":"https:\/\/www.visit-montenegro.com\/de\/reiseziele\/cetinje\/info\/hotels\/#breadcrumb"},"inLanguage":"de","potentialAction":[{"@type":"ReadAction","target":["https:\/\/www.visit-montenegro.com\/de\/reiseziele\/cetinje\/info\/hotels\/"]}]},{"@type":"ImageObject","inLanguage":"de","@id":"https:\/\/www.visit-montenegro.com\/de\/reiseziele\/cetinje\/info\/hotels\/#primaryimage","url":"https:\/\/www.visit-montenegro.com\/wp-content\/uploads\/2026\/02\/Depositphotos_639669476_L-scaled.jpg","contentUrl":"https:\/\/www.visit-montenegro.com\/wp-content\/uploads\/2026\/02\/Depositphotos_639669476_L-scaled.jpg","width":1600,"height":1067},{"@type":"BreadcrumbList","@id":"https:\/\/www.visit-montenegro.com\/de\/reiseziele\/cetinje\/info\/hotels\/#breadcrumb","itemListElement":[{"@type":"ListItem","position":1,"name":"Home","item":"https:\/\/www.visit-montenegro.com\/de\/home\/"},{"@type":"ListItem","position":2,"name":"Reiseziele in Montenegro","item":"https:\/\/www.visit-montenegro.com\/de\/reiseziele\/"},{"@type":"ListItem","position":3,"name":"Cetinje","item":"https:\/\/www.visit-montenegro.com\/de\/reiseziele\/cetinje\/"},{"@type":"ListItem","position":4,"name":"Mehr \u00fcber Cetinje","item":"https:\/\/www.visit-montenegro.com\/de\/reiseziele\/cetinje\/info\/"},{"@type":"ListItem","position":5,"name":"Cetinje Hotels"}]},{"@type":"WebSite","@id":"https:\/\/www.visit-montenegro.com\/de\/#website","url":"https:\/\/www.visit-montenegro.com\/de\/","name":"Visit Montenegro","description":"Breathtaking beauty","publisher":{"@id":"https:\/\/www.visit-montenegro.com\/de\/#organization"},"potentialAction":[{"@type":"SearchAction","target":{"@type":"EntryPoint","urlTemplate":"https:\/\/www.visit-montenegro.com\/de\/?s={search_term_string}"},"query-input":{"@type":"PropertyValueSpecification","valueRequired":true,"valueName":"search_term_string"}}],"inLanguage":"de"},{"@type":"Organization","@id":"https:\/\/www.visit-montenegro.com\/de\/#organization","name":"Visit Montenegro","url":"https:\/\/www.visit-montenegro.com\/de\/","logo":{"@type":"ImageObject","inLanguage":"de","@id":"https:\/\/www.visit-montenegro.com\/de\/#\/schema\/logo\/image\/","url":"https:\/\/www.visit-montenegro.com\/wp-content\/uploads\/2017\/10\/logo-amp.png","contentUrl":"https:\/\/www.visit-montenegro.com\/wp-content\/uploads\/2017\/10\/logo-amp.png","width":190,"height":36,"caption":"Visit Montenegro"},"image":{"@id":"https:\/\/www.visit-montenegro.com\/de\/#\/schema\/logo\/image\/"},"sameAs":["https:\/\/www.facebook.com\/visitmontenegro","https:\/\/x.com\/visitmontenegro","https:\/\/www.instagram.com\/visit_montenegro\/","https:\/\/www.youtube.com\/user\/VisitMontenegro"]}]}},"translations":[],"_links":{"self":[{"href":"https:\/\/www.visit-montenegro.com\/de\/wp-json\/wp\/v2\/pages\/133889","targetHints":{"allow":["GET"]}}],"collection":[{"href":"https:\/\/www.visit-montenegro.com\/de\/wp-json\/wp\/v2\/pages"}],"about":[{"href":"https:\/\/www.visit-montenegro.com\/de\/wp-json\/wp\/v2\/types\/page"}],"author":[{"embeddable":true,"href":"https:\/\/www.visit-montenegro.com\/de\/wp-json\/wp\/v2\/users\/1"}],"replies":[{"embeddable":true,"href":"https:\/\/www.visit-montenegro.com\/de\/wp-json\/wp\/v2\/comments?post=133889"}],"version-history":[{"count":0,"href":"https:\/\/www.visit-montenegro.com\/de\/wp-json\/wp\/v2\/pages\/133889\/revisions"}],"up":[{"embeddable":true,"href":"https:\/\/www.visit-montenegro.com\/de\/wp-json\/wp\/v2\/pages\/134774"}],"wp:featuredmedia":[{"embeddable":true,"href":"https:\/\/www.visit-montenegro.com\/de\/wp-json\/wp\/v2\/media\/133872"}],"wp:attachment":[{"href":"https:\/\/www.visit-montenegro.com\/de\/wp-json\/wp\/v2\/media?parent=133889"}],"wp:term":[{"taxonomy":"post_tag","embeddable":true,"href":"https:\/\/www.visit-montenegro.com\/de\/wp-json\/wp\/v2\/tags?post=133889"}],"curies":[{"name":"wp","href":"https:\/\/api.w.org\/{rel}","templated":true}]}}