{"id":133913,"date":"2026-02-07T13:21:20","date_gmt":"2026-02-07T12:21:20","guid":{"rendered":"https:\/\/new.visit-montenegro.com\/hotels-11\/"},"modified":"2026-03-12T13:20:55","modified_gmt":"2026-03-12T12:20:55","slug":"hotels","status":"publish","type":"page","link":"https:\/\/www.visit-montenegro.com\/de\/reiseziele\/budva\/info\/hotels\/","title":{"rendered":"Budva Hotels"},"content":{"rendered":"\n<h2 class=\"wp-block-heading\">Entdecken Sie die beste Unterkunft in Budva<\/h2>\n\n<p><a href=\"https:\/\/www.visit-montenegro.com\/de\/reiseziele\/budva\/\">Budva<\/a>, Montenegro, ist ein atemberaubendes K\u00fcstenjuwel, bekannt f\u00fcr sein lebhaftes Nachtleben, die historische Altstadt und die sch\u00f6nen Adriastr\u00e4nde. Ein Aufenthalt in Budva bringt Sie ins Zentrum des Geschehens, mit einfachem Zugang zu sonnenverw\u00f6hnten K\u00fcsten und kulturellen Sehensw\u00fcrdigkeiten, was es zu einer idealen Basis f\u00fcr die Erkundung der montenegrinischen Riviera macht.<\/p>\n\n<h3 class=\"wp-block-heading\">Warum Budva Hotels w\u00e4hlen<\/h3>\n\n<ul class=\"wp-block-list\">\n<li>Erstklassige Lagen in der N\u00e4he von Str\u00e4nden und Unterhaltungszentren f\u00fcr Bequemlichkeit und Spa\u00df.<\/li>\n\n\n\n<li>Atemberaubende Meerblick und moderne Annehmlichkeiten f\u00fcr Ihre Entspannung.<\/li>\n\n\n\n<li>Eine breite Auswahl an Optionen, von Luxusresorts bis zu budgetfreundlichen Unterk\u00fcnften.<\/li>\n<\/ul>\n\n<p>Durchsuchen Sie unten die beste Unterkunft in Budva, um Ihren perfekten Aufenthalt zu finden.<\/p>\n\n\t\t\t\t\t<script>\n\t\t\t\t\t\tvar url = window.location.href;\n\t\t\t\t\t\tvar consented_area_visible = document.getElementById('cmplz_consent_area_anchor');\n\t\t\t\t\t\tif (url.indexOf('cmplz_consent=1') !== -1 && !consented_area_visible ) {\n\t\t\t\t\t\t\turl = url.replace('cmplz_consent=1', '');\n\t\t\t\t\t\t\turl = url.replace('#cmplz_consent_area_anchor', '');\n\t\t\t\t\t\t\turl = url.replace('?&', '?');\n\t\t\t\t\t\t\turl = url.replace('&&', '?');\n\t\t\t\t\t\t\t\/\/if last character is ? or &, drop it\n\t\t\t\t\t\t\tif (url.substring(url.length-1) === \"&\" || url.substring(url.length-1) === \"?\")\n\t\t\t\t\t\t\t{\n\t\t\t\t\t\t\t\turl = url.substring(0, url.length-1);\n\t\t\t\t\t\t\t}\n\t\t\t\t\t\t\twindow.location.replace(url);\n\t\t\t\t\t\t}\n\n\t\t\t\t\t\tdocument.addEventListener(\"cmplz_enable_category\", cmplzEnableCustomBlockedContent);\n\t\t\t\t\t\tfunction cmplzEnableCustomBlockedContent(e) {\n\t\t\t\t\t\t\tif ( cmplz_has_service_consent('no-service' ) || cmplz_has_consent('marketing' )){\n\t\t\t\t\t\t\t\tif (url.indexOf('cmplz_consent=1') === -1 ) {\n\t\t\t\t\t\t\t\t\tif (url.indexOf('?') !== -1) {url += '&';} else {url += '?';}\n\t\t\t\t\t\t\t\t\turl += 'cmplz_consent=1#cmplz_consent_area_anchor';\n\t\t\t\t\t\t\t\t\twindow.location.replace(url);\n\t\t\t\t\t\t\t\t}\n\t\t\t\t\t\t\t}\n\t\t\t\t\t\t}\n\t\t\t\t\t<\/script>\n\t\t\t\t\t\t\t\t<div class=\"cmplz-consent-area\">\n\t\t\t\t\t\t\t\t\t\t\t<a href=\"#\" data-category=\"marketing\" class=\"cmplz-accept-category  cmplz_marketing_consentarea\" >Hier klicken, um die Cookies f\u00fcr diesen Dienst zu akzeptieren<\/a>\n\t\t\t\t\t\t\t\t\t<\/div>\n\t\t\t\t\r\n","protected":false},"excerpt":{"rendered":"<p>Entdecken Sie Top-Budva-Hotels mit gro\u00dfartigen Lagen, Aussichten und Vielfalt f\u00fcr Ihre Montenegro-Reise.<\/p>\n","protected":false},"author":1,"featured_media":133872,"parent":134169,"menu_order":0,"comment_status":"closed","ping_status":"closed","template":"","meta":{"_yoast_wpseo_focuskw":"Budva Hotels","_yoast_wpseo_metadesc":"Finden Sie die besten Budva Hotels f\u00fcr Ihren Aufenthalt in Montenegro. Genie\u00dfen Sie erstklassige Lagen, atemberaubende Ausblicke und eine Vielzahl von Optionen f\u00fcr jeden Reisenden.","_kad_post_transparent":"","_kad_post_title":"","_kad_post_layout":"","_kad_post_sidebar_id":"","_kad_post_content_style":"","_kad_post_vertical_padding":"","_kad_post_feature":"","_kad_post_feature_position":"","_kad_post_header":false,"_kad_post_footer":false,"_kad_post_classname":"","iawp_total_views":2,"footnotes":""},"tags":[2308],"class_list":["post-133913","page","type-page","status-publish","has-post-thumbnail","hentry","tag-destination-hotels"],"yoast_head":"<!-- This site is optimized with the Yoast SEO plugin v27.3 - https:\/\/yoast.com\/product\/yoast-seo-wordpress\/ -->\n<title>Budva Hotels - Visit Montenegro<\/title>\n<meta name=\"description\" content=\"Finden Sie die besten Budva Hotels f\u00fcr Ihren Aufenthalt in Montenegro. Genie\u00dfen Sie erstklassige Lagen, atemberaubende Ausblicke und eine Vielzahl von Optionen f\u00fcr jeden Reisenden.\" \/>\n<meta name=\"robots\" content=\"index, follow, max-snippet:-1, max-image-preview:large, max-video-preview:-1\" \/>\n<link rel=\"canonical\" href=\"https:\/\/www.visit-montenegro.com\/de\/reiseziele\/budva\/info\/hotels\/\" \/>\n<meta property=\"og:locale\" content=\"de_DE\" \/>\n<meta property=\"og:type\" content=\"article\" \/>\n<meta property=\"og:title\" content=\"Budva Hotels - Visit Montenegro\" \/>\n<meta property=\"og:description\" content=\"Finden Sie die besten Budva Hotels f\u00fcr Ihren Aufenthalt in Montenegro. Genie\u00dfen Sie erstklassige Lagen, atemberaubende Ausblicke und eine Vielzahl von Optionen f\u00fcr jeden Reisenden.\" \/>\n<meta property=\"og:url\" content=\"https:\/\/www.visit-montenegro.com\/de\/reiseziele\/budva\/info\/hotels\/\" \/>\n<meta property=\"og:site_name\" content=\"Visit Montenegro\" \/>\n<meta property=\"article:publisher\" content=\"https:\/\/www.facebook.com\/visitmontenegro\" \/>\n<meta property=\"article:modified_time\" content=\"2026-03-12T12:20:55+00:00\" \/>\n<meta property=\"og:image\" content=\"https:\/\/www.visit-montenegro.com\/wp-content\/uploads\/2026\/02\/Depositphotos_639669476_L-scaled.jpg\" \/>\n\t<meta property=\"og:image:width\" content=\"1600\" \/>\n\t<meta property=\"og:image:height\" content=\"1067\" \/>\n\t<meta property=\"og:image:type\" content=\"image\/jpeg\" \/>\n<meta name=\"twitter:card\" content=\"summary_large_image\" \/>\n<meta name=\"twitter:site\" content=\"@visitmontenegro\" \/>\n<meta name=\"twitter:label1\" content=\"Gesch\u00e4tzte Lesezeit\" \/>\n\t<meta name=\"twitter:data1\" content=\"1\u00a0Minute\" \/>\n<script type=\"application\/ld+json\" class=\"yoast-schema-graph\">{\"@context\":\"https:\\\/\\\/schema.org\",\"@graph\":[{\"@type\":\"WebPage\",\"@id\":\"https:\\\/\\\/www.visit-montenegro.com\\\/de\\\/reiseziele\\\/budva\\\/info\\\/hotels\\\/\",\"url\":\"https:\\\/\\\/www.visit-montenegro.com\\\/de\\\/reiseziele\\\/budva\\\/info\\\/hotels\\\/\",\"name\":\"Budva Hotels - Visit Montenegro\",\"isPartOf\":{\"@id\":\"https:\\\/\\\/www.visit-montenegro.com\\\/de\\\/#website\"},\"primaryImageOfPage\":{\"@id\":\"https:\\\/\\\/www.visit-montenegro.com\\\/de\\\/reiseziele\\\/budva\\\/info\\\/hotels\\\/#primaryimage\"},\"image\":{\"@id\":\"https:\\\/\\\/www.visit-montenegro.com\\\/de\\\/reiseziele\\\/budva\\\/info\\\/hotels\\\/#primaryimage\"},\"thumbnailUrl\":\"https:\\\/\\\/www.visit-montenegro.com\\\/wp-content\\\/uploads\\\/2026\\\/02\\\/Depositphotos_639669476_L-scaled.jpg\",\"datePublished\":\"2026-02-07T12:21:20+00:00\",\"dateModified\":\"2026-03-12T12:20:55+00:00\",\"description\":\"Finden Sie die besten Budva Hotels f\u00fcr Ihren Aufenthalt in Montenegro. Genie\u00dfen Sie erstklassige Lagen, atemberaubende Ausblicke und eine Vielzahl von Optionen f\u00fcr jeden Reisenden.\",\"breadcrumb\":{\"@id\":\"https:\\\/\\\/www.visit-montenegro.com\\\/de\\\/reiseziele\\\/budva\\\/info\\\/hotels\\\/#breadcrumb\"},\"inLanguage\":\"de\",\"potentialAction\":[{\"@type\":\"ReadAction\",\"target\":[\"https:\\\/\\\/www.visit-montenegro.com\\\/de\\\/reiseziele\\\/budva\\\/info\\\/hotels\\\/\"]}]},{\"@type\":\"ImageObject\",\"inLanguage\":\"de\",\"@id\":\"https:\\\/\\\/www.visit-montenegro.com\\\/de\\\/reiseziele\\\/budva\\\/info\\\/hotels\\\/#primaryimage\",\"url\":\"https:\\\/\\\/www.visit-montenegro.com\\\/wp-content\\\/uploads\\\/2026\\\/02\\\/Depositphotos_639669476_L-scaled.jpg\",\"contentUrl\":\"https:\\\/\\\/www.visit-montenegro.com\\\/wp-content\\\/uploads\\\/2026\\\/02\\\/Depositphotos_639669476_L-scaled.jpg\",\"width\":1600,\"height\":1067},{\"@type\":\"BreadcrumbList\",\"@id\":\"https:\\\/\\\/www.visit-montenegro.com\\\/de\\\/reiseziele\\\/budva\\\/info\\\/hotels\\\/#breadcrumb\",\"itemListElement\":[{\"@type\":\"ListItem\",\"position\":1,\"name\":\"Home\",\"item\":\"https:\\\/\\\/www.visit-montenegro.com\\\/de\\\/home\\\/\"},{\"@type\":\"ListItem\",\"position\":2,\"name\":\"Reiseziele in Montenegro\",\"item\":\"https:\\\/\\\/www.visit-montenegro.com\\\/de\\\/reiseziele\\\/\"},{\"@type\":\"ListItem\",\"position\":3,\"name\":\"Budva\",\"item\":\"https:\\\/\\\/www.visit-montenegro.com\\\/de\\\/reiseziele\\\/budva\\\/\"},{\"@type\":\"ListItem\",\"position\":4,\"name\":\"Mehr \u00fcber Budva\",\"item\":\"https:\\\/\\\/www.visit-montenegro.com\\\/de\\\/reiseziele\\\/budva\\\/info\\\/\"},{\"@type\":\"ListItem\",\"position\":5,\"name\":\"Budva Hotels\"}]},{\"@type\":\"WebSite\",\"@id\":\"https:\\\/\\\/www.visit-montenegro.com\\\/de\\\/#website\",\"url\":\"https:\\\/\\\/www.visit-montenegro.com\\\/de\\\/\",\"name\":\"Visit Montenegro\",\"description\":\"Breathtaking beauty\",\"publisher\":{\"@id\":\"https:\\\/\\\/www.visit-montenegro.com\\\/de\\\/#organization\"},\"potentialAction\":[{\"@type\":\"SearchAction\",\"target\":{\"@type\":\"EntryPoint\",\"urlTemplate\":\"https:\\\/\\\/www.visit-montenegro.com\\\/de\\\/?s={search_term_string}\"},\"query-input\":{\"@type\":\"PropertyValueSpecification\",\"valueRequired\":true,\"valueName\":\"search_term_string\"}}],\"inLanguage\":\"de\"},{\"@type\":\"Organization\",\"@id\":\"https:\\\/\\\/www.visit-montenegro.com\\\/de\\\/#organization\",\"name\":\"Visit Montenegro\",\"url\":\"https:\\\/\\\/www.visit-montenegro.com\\\/de\\\/\",\"logo\":{\"@type\":\"ImageObject\",\"inLanguage\":\"de\",\"@id\":\"https:\\\/\\\/www.visit-montenegro.com\\\/de\\\/#\\\/schema\\\/logo\\\/image\\\/\",\"url\":\"https:\\\/\\\/www.visit-montenegro.com\\\/wp-content\\\/uploads\\\/2017\\\/10\\\/logo-amp.png\",\"contentUrl\":\"https:\\\/\\\/www.visit-montenegro.com\\\/wp-content\\\/uploads\\\/2017\\\/10\\\/logo-amp.png\",\"width\":190,\"height\":36,\"caption\":\"Visit Montenegro\"},\"image\":{\"@id\":\"https:\\\/\\\/www.visit-montenegro.com\\\/de\\\/#\\\/schema\\\/logo\\\/image\\\/\"},\"sameAs\":[\"https:\\\/\\\/www.facebook.com\\\/visitmontenegro\",\"https:\\\/\\\/x.com\\\/visitmontenegro\",\"https:\\\/\\\/www.instagram.com\\\/visit_montenegro\\\/\",\"https:\\\/\\\/www.youtube.com\\\/user\\\/VisitMontenegro\"]}]}<\/script>\n<!-- \/ Yoast SEO plugin. -->","yoast_head_json":{"title":"Budva Hotels - Visit Montenegro","description":"Finden Sie die besten Budva Hotels f\u00fcr Ihren Aufenthalt in Montenegro. Genie\u00dfen Sie erstklassige Lagen, atemberaubende Ausblicke und eine Vielzahl von Optionen f\u00fcr jeden Reisenden.","robots":{"index":"index","follow":"follow","max-snippet":"max-snippet:-1","max-image-preview":"max-image-preview:large","max-video-preview":"max-video-preview:-1"},"canonical":"https:\/\/www.visit-montenegro.com\/de\/reiseziele\/budva\/info\/hotels\/","og_locale":"de_DE","og_type":"article","og_title":"Budva Hotels - Visit Montenegro","og_description":"Finden Sie die besten Budva Hotels f\u00fcr Ihren Aufenthalt in Montenegro. Genie\u00dfen Sie erstklassige Lagen, atemberaubende Ausblicke und eine Vielzahl von Optionen f\u00fcr jeden Reisenden.","og_url":"https:\/\/www.visit-montenegro.com\/de\/reiseziele\/budva\/info\/hotels\/","og_site_name":"Visit Montenegro","article_publisher":"https:\/\/www.facebook.com\/visitmontenegro","article_modified_time":"2026-03-12T12:20:55+00:00","og_image":[{"width":1600,"height":1067,"url":"https:\/\/www.visit-montenegro.com\/wp-content\/uploads\/2026\/02\/Depositphotos_639669476_L-scaled.jpg","type":"image\/jpeg"}],"twitter_card":"summary_large_image","twitter_site":"@visitmontenegro","twitter_misc":{"Gesch\u00e4tzte Lesezeit":"1\u00a0Minute"},"schema":{"@context":"https:\/\/schema.org","@graph":[{"@type":"WebPage","@id":"https:\/\/www.visit-montenegro.com\/de\/reiseziele\/budva\/info\/hotels\/","url":"https:\/\/www.visit-montenegro.com\/de\/reiseziele\/budva\/info\/hotels\/","name":"Budva Hotels - Visit Montenegro","isPartOf":{"@id":"https:\/\/www.visit-montenegro.com\/de\/#website"},"primaryImageOfPage":{"@id":"https:\/\/www.visit-montenegro.com\/de\/reiseziele\/budva\/info\/hotels\/#primaryimage"},"image":{"@id":"https:\/\/www.visit-montenegro.com\/de\/reiseziele\/budva\/info\/hotels\/#primaryimage"},"thumbnailUrl":"https:\/\/www.visit-montenegro.com\/wp-content\/uploads\/2026\/02\/Depositphotos_639669476_L-scaled.jpg","datePublished":"2026-02-07T12:21:20+00:00","dateModified":"2026-03-12T12:20:55+00:00","description":"Finden Sie die besten Budva Hotels f\u00fcr Ihren Aufenthalt in Montenegro. Genie\u00dfen Sie erstklassige Lagen, atemberaubende Ausblicke und eine Vielzahl von Optionen f\u00fcr jeden Reisenden.","breadcrumb":{"@id":"https:\/\/www.visit-montenegro.com\/de\/reiseziele\/budva\/info\/hotels\/#breadcrumb"},"inLanguage":"de","potentialAction":[{"@type":"ReadAction","target":["https:\/\/www.visit-montenegro.com\/de\/reiseziele\/budva\/info\/hotels\/"]}]},{"@type":"ImageObject","inLanguage":"de","@id":"https:\/\/www.visit-montenegro.com\/de\/reiseziele\/budva\/info\/hotels\/#primaryimage","url":"https:\/\/www.visit-montenegro.com\/wp-content\/uploads\/2026\/02\/Depositphotos_639669476_L-scaled.jpg","contentUrl":"https:\/\/www.visit-montenegro.com\/wp-content\/uploads\/2026\/02\/Depositphotos_639669476_L-scaled.jpg","width":1600,"height":1067},{"@type":"BreadcrumbList","@id":"https:\/\/www.visit-montenegro.com\/de\/reiseziele\/budva\/info\/hotels\/#breadcrumb","itemListElement":[{"@type":"ListItem","position":1,"name":"Home","item":"https:\/\/www.visit-montenegro.com\/de\/home\/"},{"@type":"ListItem","position":2,"name":"Reiseziele in Montenegro","item":"https:\/\/www.visit-montenegro.com\/de\/reiseziele\/"},{"@type":"ListItem","position":3,"name":"Budva","item":"https:\/\/www.visit-montenegro.com\/de\/reiseziele\/budva\/"},{"@type":"ListItem","position":4,"name":"Mehr \u00fcber Budva","item":"https:\/\/www.visit-montenegro.com\/de\/reiseziele\/budva\/info\/"},{"@type":"ListItem","position":5,"name":"Budva Hotels"}]},{"@type":"WebSite","@id":"https:\/\/www.visit-montenegro.com\/de\/#website","url":"https:\/\/www.visit-montenegro.com\/de\/","name":"Visit Montenegro","description":"Breathtaking beauty","publisher":{"@id":"https:\/\/www.visit-montenegro.com\/de\/#organization"},"potentialAction":[{"@type":"SearchAction","target":{"@type":"EntryPoint","urlTemplate":"https:\/\/www.visit-montenegro.com\/de\/?s={search_term_string}"},"query-input":{"@type":"PropertyValueSpecification","valueRequired":true,"valueName":"search_term_string"}}],"inLanguage":"de"},{"@type":"Organization","@id":"https:\/\/www.visit-montenegro.com\/de\/#organization","name":"Visit Montenegro","url":"https:\/\/www.visit-montenegro.com\/de\/","logo":{"@type":"ImageObject","inLanguage":"de","@id":"https:\/\/www.visit-montenegro.com\/de\/#\/schema\/logo\/image\/","url":"https:\/\/www.visit-montenegro.com\/wp-content\/uploads\/2017\/10\/logo-amp.png","contentUrl":"https:\/\/www.visit-montenegro.com\/wp-content\/uploads\/2017\/10\/logo-amp.png","width":190,"height":36,"caption":"Visit Montenegro"},"image":{"@id":"https:\/\/www.visit-montenegro.com\/de\/#\/schema\/logo\/image\/"},"sameAs":["https:\/\/www.facebook.com\/visitmontenegro","https:\/\/x.com\/visitmontenegro","https:\/\/www.instagram.com\/visit_montenegro\/","https:\/\/www.youtube.com\/user\/VisitMontenegro"]}]}},"translations":[],"_links":{"self":[{"href":"https:\/\/www.visit-montenegro.com\/de\/wp-json\/wp\/v2\/pages\/133913","targetHints":{"allow":["GET"]}}],"collection":[{"href":"https:\/\/www.visit-montenegro.com\/de\/wp-json\/wp\/v2\/pages"}],"about":[{"href":"https:\/\/www.visit-montenegro.com\/de\/wp-json\/wp\/v2\/types\/page"}],"author":[{"embeddable":true,"href":"https:\/\/www.visit-montenegro.com\/de\/wp-json\/wp\/v2\/users\/1"}],"replies":[{"embeddable":true,"href":"https:\/\/www.visit-montenegro.com\/de\/wp-json\/wp\/v2\/comments?post=133913"}],"version-history":[{"count":0,"href":"https:\/\/www.visit-montenegro.com\/de\/wp-json\/wp\/v2\/pages\/133913\/revisions"}],"up":[{"embeddable":true,"href":"https:\/\/www.visit-montenegro.com\/de\/wp-json\/wp\/v2\/pages\/134169"}],"wp:featuredmedia":[{"embeddable":true,"href":"https:\/\/www.visit-montenegro.com\/de\/wp-json\/wp\/v2\/media\/133872"}],"wp:attachment":[{"href":"https:\/\/www.visit-montenegro.com\/de\/wp-json\/wp\/v2\/media?parent=133913"}],"wp:term":[{"taxonomy":"post_tag","embeddable":true,"href":"https:\/\/www.visit-montenegro.com\/de\/wp-json\/wp\/v2\/tags?post=133913"}],"curies":[{"name":"wp","href":"https:\/\/api.w.org\/{rel}","templated":true}]}}