{"id":133929,"date":"2026-01-28T20:01:42","date_gmt":"2026-01-28T19:01:42","guid":{"rendered":"https:\/\/new.visit-montenegro.com\/montenegro-visaregime\/"},"modified":"2026-02-22T17:17:58","modified_gmt":"2026-02-22T16:17:58","slug":"montenegro-visaregime","status":"publish","type":"page","link":"https:\/\/www.visit-montenegro.com\/de\/montenegro-visaregime\/","title":{"rendered":"Montenegro Visaregime"},"content":{"rendered":"\n<h2 class=\"wp-block-heading\">Ben\u00f6tige ich ein Visum f\u00fcr die Einreise nach Montenegro?<\/h2>\n\n<p>Planen Sie eine Reise nach Montenegro? Je nach Ihrer Nationalit\u00e4t und den von Ihnen besessenen Reisedokumenten k\u00f6nnen Sie f\u00fcr visumfreie Einreise berechtigt sein. Nachfolgend finden Sie den umfassenden Leitfaden zu den Einreisebestimmungen f\u00fcr Montenegro.<\/p>\n\n<h2 class=\"wp-block-heading\"><span style=\"font-family: inherit;\">EU-B\u00fcrger &amp; Europ\u00e4ische Reisende<\/span><\/h2>\n\n<ul class=\"wp-block-list\">\n<li><strong>Mit einem g\u00fcltigen Personalausweis:<\/strong> Aufenthalt bis zu <strong>30 Tagen<\/strong>.<\/li>\n\n\n\n<li><strong>Mit einem g\u00fcltigen Reisepass:<\/strong> Aufenthalt bis zu <strong>90 Tagen<\/strong>.<\/li>\n<\/ul>\n\n<h2 class=\"wp-block-heading\"><span style=\"font-family: inherit;\">Visumfreie Einreise f\u00fcr bis zu 90 Tage<\/span><\/h2>\n\n<p>B\u00fcrger der folgenden Regionen k\u00f6nnen mit einem g\u00fcltigen Reisedokument f\u00fcr bis zu 90 Tage einreisen, durchreisen und sich in Montenegro aufhalten:<\/p>\n\n<figure class=\"wp-block-table\"><table><thead><tr><th>Region<\/th><th>L\u00e4nder &amp; Gebiete<\/th><\/tr><\/thead><tbody><tr><td><strong>Europa<\/strong><\/td><td>Albanien, Andorra, \u00d6sterreich, Belgien, Bosnien und Herzegowina, Bulgarien, Kroatien, Zypern, Tschechische Republik, D\u00e4nemark, Estland, Finnland, Frankreich, Deutschland, Griechenland, Ungarn, Island, Irland, Italien, Kosovo, Lettland, Liechtenstein, Litauen, Luxemburg, Malta, Moldawien, Monaco, Niederlande, Nordmazedonien, Norwegen, Polen, Portugal, Rum\u00e4nien, San Marino, Serbien, Slowakei, Slowenien, Spanien, Schweden, Schweiz, Ukraine, Vereinigtes K\u00f6nigreich, Vatikanstadt.<\/td><\/tr><tr><td><strong>Asien &amp; Naher Osten<\/strong><\/td><td>Aserbaidschan, Bahrain, Brunei, Georgien, Israel, Japan, Kuwait, Malaysia, Katar, Saudi-Arabien, Singapur, S\u00fcdkorea, Taiwan, Timor-Leste, T\u00fcrkei, Vereinigte Arabische Emirate.<br\/><em>Besondere Regionen: Hongkong (SAR), Macao (SAR).<\/em><\/td><\/tr><tr><td><strong>Nord- &amp; Mittelamerika<\/strong><\/td><td>Antigua und Barbuda, Bahamas, Barbados, Kanada, Costa Rica, Dominica, El Salvador, Grenada, Guatemala, Honduras, Mexiko, Nicaragua, Panama, St. Kitts und Nevis, St. Lucia, St. Vincent und die Grenadinen, Trinidad und Tobago, USA.<br\/><em>Britische \u00dcberseegebiete: Anguilla, Bermuda, Britische Jungferninseln, Kaimaninseln, Montserrat, Turks- und Caicosinseln.<\/em><\/td><\/tr><tr><td><strong>S\u00fcdamerika<\/strong><\/td><td>Argentinien, Brasilien, Chile, Kolumbien, Paraguay, Uruguay, Venezuela.<\/td><\/tr><tr><td><strong>Ozeanien<\/strong><\/td><td>Australien, Kiribati, Marshallinseln, Mikronesien, Neuseeland, Palau, Samoa, Salomonen, Tonga, Tuvalu, Vanuatu.<\/td><\/tr><tr><td><strong>Afrika<\/strong><\/td><td>Mauritius, Seychellen.<\/td><\/tr><\/tbody><\/table><\/figure>\n\n<h2 class=\"wp-block-heading\"><span style=\"font-family: inherit;\">Einreise basierend auf bestehenden Visa (Schengen, USA, UK)<\/span><\/h2>\n\n<p>Sie k\u00f6nnen f\u00fcr bis zu <strong>30 Tage<\/strong> (oder bis Ihr Visum abl\u00e4uft) bleiben, wenn Sie ein g\u00fcltiges Visum oder eine Aufenthaltserlaubnis aus folgenden L\u00e4ndern besitzen:<\/p>\n\n<ul class=\"wp-block-list\">\n<li>Schengen-Raum-L\u00e4nder<\/li>\n\n\n\n<li>Vereinigte Staaten von Amerika (USA)<\/li>\n\n\n\n<li>Vereinigtes K\u00f6nigreich (UK)<\/li>\n\n\n\n<li>Kanada, Australien, Neuseeland oder Japan<\/li>\n\n\n\n<li>Irland, Rum\u00e4nien oder Bulgarien<\/li>\n<\/ul>\n\n<h2 class=\"wp-block-heading\">Sonderkategorien &amp; Kurzaufenthalte<\/h2>\n\n<p>Die folgenden Gruppen haben spezifische Einreisebedingungen:<\/p>\n\n<ul class=\"wp-block-list\">\n<li><strong>Wei\u00dfrussland &amp; Russland:<\/strong> Bis zu 30 Tage mit einem g\u00fcltigen Reisedokument.<\/li>\n\n\n\n<li><strong>UN-Passierschein:<\/strong> Bis zu 90 Tage visumfrei.<\/li>\n\n\n\n<li><strong>Fl\u00fcchtlings-\/Staatenlosen-Dokumente:<\/strong> Inhaber von Dokumenten, die von der EU, USA, UK, Kanada usw. ausgestellt wurden, k\u00f6nnen bis zu 30 Tage bleiben.<\/li>\n\n\n\n<li><strong>China:<\/strong> 30 Tage f\u00fcr Gesch\u00e4ftsreisepassinhaber (mit Einladung) oder organisierte Touristengruppen.<\/li>\n<\/ul>\n\n<hr class=\"wp-block-separator has-alpha-channel-opacity\"\/>\n\n<p><br\/>&#x26a0;&#xfe0f;<em><strong>Haftungsausschluss:<\/strong> Reisebestimmungen k\u00f6nnen sich \u00e4ndern. \u00dcberpr\u00fcfen Sie diese stets vor Ihrer Reise beim offiziellen montenegrinischen Au\u00dfenministerium.<\/em><\/p>\n","protected":false},"excerpt":{"rendered":"<p>Erfahren Sie, wie das Visaregime Montenegros f\u00fcr Reisende mit g\u00fcltigen Visa aus Schengen, USA, UK oder Irland funktioniert. Dieser Leitfaden erkl\u00e4rt die Einreisebestimmungen und bietet offizielle Ressourcen f\u00fcr die Planung Ihrer Reise.<\/p>\n","protected":false},"author":1,"featured_media":133637,"parent":0,"menu_order":0,"comment_status":"closed","ping_status":"closed","template":"","meta":{"_yoast_wpseo_focuskw":"Montenegro Visaregime","_yoast_wpseo_metadesc":"Entdecken Sie das Visaregime von Montenegro: Einreisebestimmungen f\u00fcr Inhaber von Schengen-, US-, UK- und Irland-Visa. Planen Sie Ihren Besuch mit offiziellen Informationen und Reisetipps.","_kad_post_transparent":"","_kad_post_title":"","_kad_post_layout":"","_kad_post_sidebar_id":"","_kad_post_content_style":"","_kad_post_vertical_padding":"","_kad_post_feature":"","_kad_post_feature_position":"","_kad_post_header":false,"_kad_post_footer":false,"_kad_post_classname":"","iawp_total_views":39,"footnotes":""},"tags":[],"class_list":["post-133929","page","type-page","status-publish","has-post-thumbnail","hentry"],"yoast_head":"<!-- This site is optimized with the Yoast SEO plugin v27.3 - https:\/\/yoast.com\/product\/yoast-seo-wordpress\/ -->\n<title>Montenegro Visaregime - Visit Montenegro<\/title>\n<meta name=\"description\" content=\"Entdecken Sie das Visaregime von Montenegro: Einreisebestimmungen f\u00fcr Inhaber von Schengen-, US-, UK- und Irland-Visa. Planen Sie Ihren Besuch mit offiziellen Informationen und Reisetipps.\" \/>\n<meta name=\"robots\" content=\"index, follow, max-snippet:-1, max-image-preview:large, max-video-preview:-1\" \/>\n<link rel=\"canonical\" href=\"https:\/\/www.visit-montenegro.com\/de\/montenegro-visaregime\/\" \/>\n<meta property=\"og:locale\" content=\"de_DE\" \/>\n<meta property=\"og:type\" content=\"article\" \/>\n<meta property=\"og:title\" content=\"Montenegro Visaregime - Visit Montenegro\" \/>\n<meta property=\"og:description\" content=\"Entdecken Sie das Visaregime von Montenegro: Einreisebestimmungen f\u00fcr Inhaber von Schengen-, US-, UK- und Irland-Visa. Planen Sie Ihren Besuch mit offiziellen Informationen und Reisetipps.\" \/>\n<meta property=\"og:url\" content=\"https:\/\/www.visit-montenegro.com\/de\/montenegro-visaregime\/\" \/>\n<meta property=\"og:site_name\" content=\"Visit Montenegro\" \/>\n<meta property=\"article:publisher\" content=\"https:\/\/www.facebook.com\/visitmontenegro\" \/>\n<meta property=\"article:modified_time\" content=\"2026-02-22T16:17:58+00:00\" \/>\n<meta property=\"og:image\" content=\"https:\/\/www.visit-montenegro.com\/wp-content\/uploads\/2026\/01\/montenegro-signs-scaled.jpg\" \/>\n\t<meta property=\"og:image:width\" content=\"1600\" \/>\n\t<meta property=\"og:image:height\" content=\"1128\" \/>\n\t<meta property=\"og:image:type\" content=\"image\/jpeg\" \/>\n<meta name=\"twitter:card\" content=\"summary_large_image\" \/>\n<meta name=\"twitter:site\" content=\"@visitmontenegro\" \/>\n<meta name=\"twitter:label1\" content=\"Gesch\u00e4tzte Lesezeit\" \/>\n\t<meta name=\"twitter:data1\" content=\"2\u00a0Minuten\" \/>\n<script type=\"application\/ld+json\" class=\"yoast-schema-graph\">{\"@context\":\"https:\\\/\\\/schema.org\",\"@graph\":[{\"@type\":\"WebPage\",\"@id\":\"https:\\\/\\\/www.visit-montenegro.com\\\/de\\\/montenegro-visaregime\\\/\",\"url\":\"https:\\\/\\\/www.visit-montenegro.com\\\/de\\\/montenegro-visaregime\\\/\",\"name\":\"Montenegro Visaregime - Visit Montenegro\",\"isPartOf\":{\"@id\":\"https:\\\/\\\/www.visit-montenegro.com\\\/de\\\/#website\"},\"primaryImageOfPage\":{\"@id\":\"https:\\\/\\\/www.visit-montenegro.com\\\/de\\\/montenegro-visaregime\\\/#primaryimage\"},\"image\":{\"@id\":\"https:\\\/\\\/www.visit-montenegro.com\\\/de\\\/montenegro-visaregime\\\/#primaryimage\"},\"thumbnailUrl\":\"https:\\\/\\\/www.visit-montenegro.com\\\/wp-content\\\/uploads\\\/2026\\\/01\\\/montenegro-signs-scaled.jpg\",\"datePublished\":\"2026-01-28T19:01:42+00:00\",\"dateModified\":\"2026-02-22T16:17:58+00:00\",\"description\":\"Entdecken Sie das Visaregime von Montenegro: Einreisebestimmungen f\u00fcr Inhaber von Schengen-, US-, UK- und Irland-Visa. Planen Sie Ihren Besuch mit offiziellen Informationen und Reisetipps.\",\"breadcrumb\":{\"@id\":\"https:\\\/\\\/www.visit-montenegro.com\\\/de\\\/montenegro-visaregime\\\/#breadcrumb\"},\"inLanguage\":\"de\",\"potentialAction\":[{\"@type\":\"ReadAction\",\"target\":[\"https:\\\/\\\/www.visit-montenegro.com\\\/de\\\/montenegro-visaregime\\\/\"]}]},{\"@type\":\"ImageObject\",\"inLanguage\":\"de\",\"@id\":\"https:\\\/\\\/www.visit-montenegro.com\\\/de\\\/montenegro-visaregime\\\/#primaryimage\",\"url\":\"https:\\\/\\\/www.visit-montenegro.com\\\/wp-content\\\/uploads\\\/2026\\\/01\\\/montenegro-signs-scaled.jpg\",\"contentUrl\":\"https:\\\/\\\/www.visit-montenegro.com\\\/wp-content\\\/uploads\\\/2026\\\/01\\\/montenegro-signs-scaled.jpg\",\"width\":1600,\"height\":1128},{\"@type\":\"BreadcrumbList\",\"@id\":\"https:\\\/\\\/www.visit-montenegro.com\\\/de\\\/montenegro-visaregime\\\/#breadcrumb\",\"itemListElement\":[{\"@type\":\"ListItem\",\"position\":1,\"name\":\"Home\",\"item\":\"https:\\\/\\\/www.visit-montenegro.com\\\/de\\\/home\\\/\"},{\"@type\":\"ListItem\",\"position\":2,\"name\":\"Montenegro Visaregime\"}]},{\"@type\":\"WebSite\",\"@id\":\"https:\\\/\\\/www.visit-montenegro.com\\\/de\\\/#website\",\"url\":\"https:\\\/\\\/www.visit-montenegro.com\\\/de\\\/\",\"name\":\"Visit Montenegro\",\"description\":\"Breathtaking beauty\",\"publisher\":{\"@id\":\"https:\\\/\\\/www.visit-montenegro.com\\\/de\\\/#organization\"},\"potentialAction\":[{\"@type\":\"SearchAction\",\"target\":{\"@type\":\"EntryPoint\",\"urlTemplate\":\"https:\\\/\\\/www.visit-montenegro.com\\\/de\\\/?s={search_term_string}\"},\"query-input\":{\"@type\":\"PropertyValueSpecification\",\"valueRequired\":true,\"valueName\":\"search_term_string\"}}],\"inLanguage\":\"de\"},{\"@type\":\"Organization\",\"@id\":\"https:\\\/\\\/www.visit-montenegro.com\\\/de\\\/#organization\",\"name\":\"Visit Montenegro\",\"url\":\"https:\\\/\\\/www.visit-montenegro.com\\\/de\\\/\",\"logo\":{\"@type\":\"ImageObject\",\"inLanguage\":\"de\",\"@id\":\"https:\\\/\\\/www.visit-montenegro.com\\\/de\\\/#\\\/schema\\\/logo\\\/image\\\/\",\"url\":\"https:\\\/\\\/www.visit-montenegro.com\\\/wp-content\\\/uploads\\\/2017\\\/10\\\/logo-amp.png\",\"contentUrl\":\"https:\\\/\\\/www.visit-montenegro.com\\\/wp-content\\\/uploads\\\/2017\\\/10\\\/logo-amp.png\",\"width\":190,\"height\":36,\"caption\":\"Visit Montenegro\"},\"image\":{\"@id\":\"https:\\\/\\\/www.visit-montenegro.com\\\/de\\\/#\\\/schema\\\/logo\\\/image\\\/\"},\"sameAs\":[\"https:\\\/\\\/www.facebook.com\\\/visitmontenegro\",\"https:\\\/\\\/x.com\\\/visitmontenegro\",\"https:\\\/\\\/www.instagram.com\\\/visit_montenegro\\\/\",\"https:\\\/\\\/www.youtube.com\\\/user\\\/VisitMontenegro\"]}]}<\/script>\n<!-- \/ Yoast SEO plugin. -->","yoast_head_json":{"title":"Montenegro Visaregime - Visit Montenegro","description":"Entdecken Sie das Visaregime von Montenegro: Einreisebestimmungen f\u00fcr Inhaber von Schengen-, US-, UK- und Irland-Visa. Planen Sie Ihren Besuch mit offiziellen Informationen und Reisetipps.","robots":{"index":"index","follow":"follow","max-snippet":"max-snippet:-1","max-image-preview":"max-image-preview:large","max-video-preview":"max-video-preview:-1"},"canonical":"https:\/\/www.visit-montenegro.com\/de\/montenegro-visaregime\/","og_locale":"de_DE","og_type":"article","og_title":"Montenegro Visaregime - Visit Montenegro","og_description":"Entdecken Sie das Visaregime von Montenegro: Einreisebestimmungen f\u00fcr Inhaber von Schengen-, US-, UK- und Irland-Visa. Planen Sie Ihren Besuch mit offiziellen Informationen und Reisetipps.","og_url":"https:\/\/www.visit-montenegro.com\/de\/montenegro-visaregime\/","og_site_name":"Visit Montenegro","article_publisher":"https:\/\/www.facebook.com\/visitmontenegro","article_modified_time":"2026-02-22T16:17:58+00:00","og_image":[{"width":1600,"height":1128,"url":"https:\/\/www.visit-montenegro.com\/wp-content\/uploads\/2026\/01\/montenegro-signs-scaled.jpg","type":"image\/jpeg"}],"twitter_card":"summary_large_image","twitter_site":"@visitmontenegro","twitter_misc":{"Gesch\u00e4tzte Lesezeit":"2\u00a0Minuten"},"schema":{"@context":"https:\/\/schema.org","@graph":[{"@type":"WebPage","@id":"https:\/\/www.visit-montenegro.com\/de\/montenegro-visaregime\/","url":"https:\/\/www.visit-montenegro.com\/de\/montenegro-visaregime\/","name":"Montenegro Visaregime - Visit Montenegro","isPartOf":{"@id":"https:\/\/www.visit-montenegro.com\/de\/#website"},"primaryImageOfPage":{"@id":"https:\/\/www.visit-montenegro.com\/de\/montenegro-visaregime\/#primaryimage"},"image":{"@id":"https:\/\/www.visit-montenegro.com\/de\/montenegro-visaregime\/#primaryimage"},"thumbnailUrl":"https:\/\/www.visit-montenegro.com\/wp-content\/uploads\/2026\/01\/montenegro-signs-scaled.jpg","datePublished":"2026-01-28T19:01:42+00:00","dateModified":"2026-02-22T16:17:58+00:00","description":"Entdecken Sie das Visaregime von Montenegro: Einreisebestimmungen f\u00fcr Inhaber von Schengen-, US-, UK- und Irland-Visa. Planen Sie Ihren Besuch mit offiziellen Informationen und Reisetipps.","breadcrumb":{"@id":"https:\/\/www.visit-montenegro.com\/de\/montenegro-visaregime\/#breadcrumb"},"inLanguage":"de","potentialAction":[{"@type":"ReadAction","target":["https:\/\/www.visit-montenegro.com\/de\/montenegro-visaregime\/"]}]},{"@type":"ImageObject","inLanguage":"de","@id":"https:\/\/www.visit-montenegro.com\/de\/montenegro-visaregime\/#primaryimage","url":"https:\/\/www.visit-montenegro.com\/wp-content\/uploads\/2026\/01\/montenegro-signs-scaled.jpg","contentUrl":"https:\/\/www.visit-montenegro.com\/wp-content\/uploads\/2026\/01\/montenegro-signs-scaled.jpg","width":1600,"height":1128},{"@type":"BreadcrumbList","@id":"https:\/\/www.visit-montenegro.com\/de\/montenegro-visaregime\/#breadcrumb","itemListElement":[{"@type":"ListItem","position":1,"name":"Home","item":"https:\/\/www.visit-montenegro.com\/de\/home\/"},{"@type":"ListItem","position":2,"name":"Montenegro Visaregime"}]},{"@type":"WebSite","@id":"https:\/\/www.visit-montenegro.com\/de\/#website","url":"https:\/\/www.visit-montenegro.com\/de\/","name":"Visit Montenegro","description":"Breathtaking beauty","publisher":{"@id":"https:\/\/www.visit-montenegro.com\/de\/#organization"},"potentialAction":[{"@type":"SearchAction","target":{"@type":"EntryPoint","urlTemplate":"https:\/\/www.visit-montenegro.com\/de\/?s={search_term_string}"},"query-input":{"@type":"PropertyValueSpecification","valueRequired":true,"valueName":"search_term_string"}}],"inLanguage":"de"},{"@type":"Organization","@id":"https:\/\/www.visit-montenegro.com\/de\/#organization","name":"Visit Montenegro","url":"https:\/\/www.visit-montenegro.com\/de\/","logo":{"@type":"ImageObject","inLanguage":"de","@id":"https:\/\/www.visit-montenegro.com\/de\/#\/schema\/logo\/image\/","url":"https:\/\/www.visit-montenegro.com\/wp-content\/uploads\/2017\/10\/logo-amp.png","contentUrl":"https:\/\/www.visit-montenegro.com\/wp-content\/uploads\/2017\/10\/logo-amp.png","width":190,"height":36,"caption":"Visit Montenegro"},"image":{"@id":"https:\/\/www.visit-montenegro.com\/de\/#\/schema\/logo\/image\/"},"sameAs":["https:\/\/www.facebook.com\/visitmontenegro","https:\/\/x.com\/visitmontenegro","https:\/\/www.instagram.com\/visit_montenegro\/","https:\/\/www.youtube.com\/user\/VisitMontenegro"]}]}},"translations":[],"_links":{"self":[{"href":"https:\/\/www.visit-montenegro.com\/de\/wp-json\/wp\/v2\/pages\/133929","targetHints":{"allow":["GET"]}}],"collection":[{"href":"https:\/\/www.visit-montenegro.com\/de\/wp-json\/wp\/v2\/pages"}],"about":[{"href":"https:\/\/www.visit-montenegro.com\/de\/wp-json\/wp\/v2\/types\/page"}],"author":[{"embeddable":true,"href":"https:\/\/www.visit-montenegro.com\/de\/wp-json\/wp\/v2\/users\/1"}],"replies":[{"embeddable":true,"href":"https:\/\/www.visit-montenegro.com\/de\/wp-json\/wp\/v2\/comments?post=133929"}],"version-history":[{"count":0,"href":"https:\/\/www.visit-montenegro.com\/de\/wp-json\/wp\/v2\/pages\/133929\/revisions"}],"wp:featuredmedia":[{"embeddable":true,"href":"https:\/\/www.visit-montenegro.com\/de\/wp-json\/wp\/v2\/media\/133637"}],"wp:attachment":[{"href":"https:\/\/www.visit-montenegro.com\/de\/wp-json\/wp\/v2\/media?parent=133929"}],"wp:term":[{"taxonomy":"post_tag","embeddable":true,"href":"https:\/\/www.visit-montenegro.com\/de\/wp-json\/wp\/v2\/tags?post=133929"}],"curies":[{"name":"wp","href":"https:\/\/api.w.org\/{rel}","templated":true}]}}