{"id":133934,"date":"2026-01-28T19:56:35","date_gmt":"2026-01-28T18:56:35","guid":{"rendered":"https:\/\/new.visit-montenegro.com\/nationalparks\/"},"modified":"2026-02-22T17:17:58","modified_gmt":"2026-02-22T16:17:58","slug":"nationalparks","status":"publish","type":"page","link":"https:\/\/www.visit-montenegro.com\/de\/tourismus\/nationalparks\/","title":{"rendered":"Nationalparks in Montenegro"},"content":{"rendered":"\n<p>Montenegros f\u00fcnf <strong>Nationalparks in Montenegro<\/strong> zeigen seine beeindruckende nat\u00fcrliche Vielfalt, von schroffen Bergen und Gletscherseen bis zu uralten W\u00e4ldern und dem gr\u00f6\u00dften See des Balkans.<\/p>\n\n<hr class=\"wp-block-separator has-css-opacity\"\/>\n\n<h2 class=\"wp-block-heading\">Nationalpark Durmitor: Ein UNESCO-Weltkulturerbe<\/h2>\n\n<figure class=\"wp-block-image size-large\"><img loading=\"lazy\" decoding=\"async\" width=\"1024\" height=\"692\" src=\"https:\/\/www.visit-montenegro.com\/wp-content\/uploads\/2019\/06\/why-visit-Montenegro-black-lake-1024x692.jpg\" alt=\"\" class=\"wp-image-35335\" srcset=\"https:\/\/www.visit-montenegro.com\/wp-content\/uploads\/2019\/06\/why-visit-Montenegro-black-lake-1024x692.jpg 1024w, https:\/\/www.visit-montenegro.com\/wp-content\/uploads\/2019\/06\/why-visit-Montenegro-black-lake-300x203.jpg 300w, https:\/\/www.visit-montenegro.com\/wp-content\/uploads\/2019\/06\/why-visit-Montenegro-black-lake-768x519.jpg 768w, https:\/\/www.visit-montenegro.com\/wp-content\/uploads\/2019\/06\/why-visit-Montenegro-black-lake-90x60.jpg 90w, https:\/\/www.visit-montenegro.com\/wp-content\/uploads\/2019\/06\/why-visit-Montenegro-black-lake-95x64.jpg 95w, https:\/\/www.visit-montenegro.com\/wp-content\/uploads\/2019\/06\/why-visit-Montenegro-black-lake.jpg 1600w\" sizes=\"auto, (max-width: 1024px) 100vw, 1024px\" \/><figcaption class=\"wp-element-caption\"><a href=\"https:\/\/www.visit-montenegro.com\/de\/reiseziele\/zabljak\/sehenswuerdigkeiten\/schwarzer-see\/\">Schwarzer See<\/a> (Crno Jezero) in <a href=\"https:\/\/www.visit-montenegro.com\/de\/reiseziele\/zabljak\/info\/durmitor\/\">Durmitor<\/a> \u2013 Montenegro<\/figcaption><\/figure>\n\n<p>Der Durmitor <strong>Nationalparks in Montenegro<\/strong> ist der gr\u00f6\u00dfte der f\u00fcnf ausgewiesenen Parks des Landes. Er zeichnet sich durch gezackte Gipfel, dramatische Canyons wie den Tara-Fluss-Canyon und tiefe Bergseen aus. 1952 ausgewiesen, wurde er 1980 in die UNESCO-Welterbeliste aufgenommen.<\/p>\n\n<p>\u00dcber f\u00fcnfzig Gipfel \u00fcbersteigen 2.000 Meter, darunter der Bobotov Peak mit 2.525 Metern. Alpine Wiesen und W\u00e4lder bedecken die Landschaft. Zudem liegen 18 Gletscherseen, bekannt als &#8222;Bergaugen&#8220;, auf 1.500 Metern. Der Schwarze See, der gr\u00f6\u00dfte, bietet atemberaubende Aussichten unterhalb des riesigen Me\u0111ed-Gipfels.<\/p>\n\n<p>Ob Wandern, Rafting oder Entspannen an glasklaren Seen, Outdoor-Enthusiasten werden Durmitor lieben.<\/p>\n\n<div class=\"wp-block-buttons is-layout-flex wp-block-buttons-is-layout-flex\">\n<div class=\"wp-block-button\"><a class=\"wp-block-button__link wp-element-button\" href=\"https:\/\/www.visit-montenegro.com\/de\/reiseziele\/zabljak\/sehenswuerdigkeiten\/durmitor\/\">Mehr lesen<\/a><\/div>\n<\/div>\n\n<hr class=\"wp-block-separator has-css-opacity\"\/>\n\n<h2 class=\"wp-block-heading\">Nationalpark Biogradska Gora: Europas bewaldetes Juwel<\/h2>\n\n<figure class=\"wp-block-image size-large\"><img loading=\"lazy\" decoding=\"async\" width=\"1024\" height=\"683\" src=\"https:\/\/www.visit-montenegro.com\/wp-content\/uploads\/2026\/01\/kolasin-lake-biograd-01-1024x683.jpg\" alt=\"\" class=\"wp-image-36066\" srcset=\"https:\/\/www.visit-montenegro.com\/wp-content\/uploads\/2026\/01\/kolasin-lake-biograd-01-1024x683.jpg 1024w, https:\/\/www.visit-montenegro.com\/wp-content\/uploads\/2026\/01\/kolasin-lake-biograd-01-300x200.jpg 300w, https:\/\/www.visit-montenegro.com\/wp-content\/uploads\/2026\/01\/kolasin-lake-biograd-01-768x512.jpg 768w, https:\/\/www.visit-montenegro.com\/wp-content\/uploads\/2026\/01\/kolasin-lake-biograd-01-1536x1024.jpg 1536w, https:\/\/www.visit-montenegro.com\/wp-content\/uploads\/2026\/01\/kolasin-lake-biograd-01-1200x800.jpg 1200w, https:\/\/www.visit-montenegro.com\/wp-content\/uploads\/2026\/01\/kolasin-lake-biograd-01-scaled.jpg 1600w\" sizes=\"auto, (max-width: 1024px) 100vw, 1024px\" \/><figcaption class=\"wp-element-caption\">Steg und Boote am Biogradsko jezero, Nationalpark <a href=\"https:\/\/www.visit-montenegro.com\/de\/reiseziele\/kolasin\/sehenswuerdigkeiten\/biogradska-gora\/\">Biogradska Gora<\/a>, Montenegro<\/figcaption><\/figure>\n\n<p>Biogradska Gora <strong>Nationalparks in Montenegro<\/strong> liegt im Nordosten zwischen den Fl\u00fcssen <a href=\"https:\/\/www.visit-montenegro.com\/de\/reiseziele\/zabljak\/sehenswuerdigkeiten\/tara-river\/\">Tara<\/a> und Lim. Mit 5.650 Hektar auf dem Bjelasica-Massiv ist es Europas am st\u00e4rksten bewaldeter Nationalpark. Bjelasica ist Montenegros gr\u00fcnster Berg, reich an Wasser.<\/p>\n\n<p>1952 als Montenegros erster Nationalpark gegr\u00fcndet, hat es eine lange Umweltgeschichte. Tats\u00e4chlich erhielt es den Parkstatus nur sechs Jahre nach dem weltweit ersten Nationalpark. Sein gr\u00f6\u00dfter Schatz ist der Urwald von Biogradska gora, einer der letzten drei in Europa.<\/p>\n\n<p>Auf 1.094 Metern im Herzen des Regenwaldes liegt der Biogradsko-See. Er ist der gr\u00f6\u00dfte und bekannteste Gletschersee im Park.<\/p>\n\n<div class=\"wp-block-buttons is-layout-flex wp-block-buttons-is-layout-flex\">\n<div class=\"wp-block-button\"><a class=\"wp-block-button__link wp-element-button\" href=\"https:\/\/www.visit-montenegro.com\/de\/reiseziele\/kolasin\/sehenswuerdigkeiten\/biogradska-gora\/\">Mehr lesen<\/a><\/div>\n<\/div>\n\n<hr class=\"wp-block-separator has-css-opacity\"\/>\n\n<h2 class=\"wp-block-heading\">Nationalpark Prokletije: Die wilde Grenzregion<\/h2>\n\n<figure class=\"wp-block-image size-large\"><img loading=\"lazy\" decoding=\"async\" width=\"1024\" height=\"683\" src=\"https:\/\/www.visit-montenegro.com\/wp-content\/uploads\/2026\/01\/prokletije-02-1024x683.jpg\" alt=\"\" class=\"wp-image-36196\" srcset=\"https:\/\/www.visit-montenegro.com\/wp-content\/uploads\/2026\/01\/prokletije-02-1024x683.jpg 1024w, https:\/\/www.visit-montenegro.com\/wp-content\/uploads\/2026\/01\/prokletije-02-300x200.jpg 300w, https:\/\/www.visit-montenegro.com\/wp-content\/uploads\/2026\/01\/prokletije-02-768x512.jpg 768w, https:\/\/www.visit-montenegro.com\/wp-content\/uploads\/2026\/01\/prokletije-02-1536x1024.jpg 1536w, https:\/\/www.visit-montenegro.com\/wp-content\/uploads\/2026\/01\/prokletije-02-1200x800.jpg 1200w, https:\/\/www.visit-montenegro.com\/wp-content\/uploads\/2026\/01\/prokletije-02-scaled.jpg 1600w\" sizes=\"auto, (max-width: 1024px) 100vw, 1024px\" \/><figcaption class=\"wp-element-caption\">Atemberaubende Aussicht auf das friedliche Bergtal, Nationalpark <a href=\"https:\/\/www.visit-montenegro.com\/de\/reiseziele\/plav\/sehenswuerdigkeiten\/prokletije\/\">Prokletije<\/a>, Montenegro<\/figcaption><\/figure>\n\n<p>Prokletije <strong>Nationalparks in Montenegro<\/strong>, 2009 gegr\u00fcndet, ist der j\u00fcngste Park. Er vervollst\u00e4ndigt Montenegros nat\u00fcrlichen Reichtum mit den anderen vier Parks. Die Prokletije-Berge bilden eine weite Wildnisgrenze zu Albanien und Kosovo.<\/p>\n\n<p>Dieses Gebiet ist der h\u00f6chste Teil der Dinarischen Alpen, oft &#8218;die montenegrinischen Alpen&#8216; genannt. Folglich ist sein schroffes, felsiges Gel\u00e4nde seit Jahrhunderten d\u00fcnn besiedelt geblieben. Diese Isolation bewahrte seine unber\u00fchrte Natur. Unter vielen Quellen sind Ali-Pashas Quellen und Oko Skakavice die sch\u00f6nsten.<\/p>\n\n<div class=\"wp-block-buttons is-layout-flex wp-block-buttons-is-layout-flex\">\n<div class=\"wp-block-button\"><a class=\"wp-block-button__link wp-element-button\" href=\"https:\/\/www.visit-montenegro.com\/de\/reiseziele\/plav\/sehenswuerdigkeiten\/prokletije\/\">Mehr lesen<\/a><\/div>\n<\/div>\n\n<hr class=\"wp-block-separator has-css-opacity\"\/>\n\n<h2 class=\"wp-block-heading\">Lov\u0107en und Skadarsko Jezero: Vielf\u00e4ltige Landschaften<\/h2>\n\n<h3 class=\"wp-block-heading\">Nationalpark Lov\u0107en<\/h3>\n\n<figure class=\"wp-block-image size-large\"><img loading=\"lazy\" decoding=\"async\" width=\"1024\" height=\"633\" src=\"https:\/\/www.visit-montenegro.com\/wp-content\/uploads\/2026\/01\/lovcen-gumno-1024x633.jpg\" alt=\"\" class=\"wp-image-36032\" srcset=\"https:\/\/www.visit-montenegro.com\/wp-content\/uploads\/2026\/01\/lovcen-gumno-1024x633.jpg 1024w, https:\/\/www.visit-montenegro.com\/wp-content\/uploads\/2026\/01\/lovcen-gumno-300x185.jpg 300w, https:\/\/www.visit-montenegro.com\/wp-content\/uploads\/2026\/01\/lovcen-gumno-768x475.jpg 768w, https:\/\/www.visit-montenegro.com\/wp-content\/uploads\/2026\/01\/lovcen-gumno-1536x950.jpg 1536w, https:\/\/www.visit-montenegro.com\/wp-content\/uploads\/2026\/01\/lovcen-gumno-1200x742.jpg 1200w, https:\/\/www.visit-montenegro.com\/wp-content\/uploads\/2026\/01\/lovcen-gumno-scaled.jpg 1600w\" sizes=\"auto, (max-width: 1024px) 100vw, 1024px\" \/><figcaption class=\"wp-element-caption\">Der Aussichtspunkt befindet sich auf dem Gipfel eines hohen Berges.<\/figcaption><\/figure>\n\n<p>Lov\u0107en <strong>Nationalparks in Montenegro<\/strong> liegt in den felsigen Dinarischen Alpen. Seine H\u00e4nge steigen steil von <a href=\"https:\/\/www.visit-montenegro.com\/de\/reiseziele\/budva\/\">Budva<\/a> und <a href=\"https:\/\/www.visit-montenegro.com\/de\/reiseziele\/cetinje\/\">Cetinje<\/a> auf. Der Park grenzt im S\u00fcden an die Budva-Cetinje-Autobahn und im Norden an die alte Kotor-Stra\u00dfe.<\/p>\n\n<p>Er bietet gro\u00dfartige Wanderungen in spektakul\u00e4ren Berglandschaften. Zudem bietet er historische Einblicke durch Denkm\u00e4ler wie das Njego\u0161-Mausoleum. Der Berg Lov\u0107en, der &#8217;schwarze Berg&#8216;, gab Montenegro seinen Namen.<\/p>\n\n<div class=\"wp-block-buttons is-layout-flex wp-block-buttons-is-layout-flex\">\n<div class=\"wp-block-button\"><a class=\"wp-block-button__link wp-element-button\" href=\"https:\/\/www.visit-montenegro.com\/de\/reiseziele\/cetinje\/sehenswuerdigkeiten\/lovcen\/\">Mehr lesen<\/a><\/div>\n<\/div>\n\n<h3 class=\"wp-block-heading\">Nationalpark Skadarsko Jezero<\/h3>\n\n<figure class=\"wp-block-image size-large\"><img loading=\"lazy\" decoding=\"async\" width=\"1024\" height=\"684\" src=\"https:\/\/www.visit-montenegro.com\/wp-content\/uploads\/2026\/01\/lake-skadar-pavlova-strana-1024x684.jpg\" alt=\"\" class=\"wp-image-36132\" srcset=\"https:\/\/www.visit-montenegro.com\/wp-content\/uploads\/2026\/01\/lake-skadar-pavlova-strana-1024x684.jpg 1024w, https:\/\/www.visit-montenegro.com\/wp-content\/uploads\/2026\/01\/lake-skadar-pavlova-strana-300x200.jpg 300w, https:\/\/www.visit-montenegro.com\/wp-content\/uploads\/2026\/01\/lake-skadar-pavlova-strana-768x513.jpg 768w, https:\/\/www.visit-montenegro.com\/wp-content\/uploads\/2026\/01\/lake-skadar-pavlova-strana-1536x1026.jpg 1536w, https:\/\/www.visit-montenegro.com\/wp-content\/uploads\/2026\/01\/lake-skadar-pavlova-strana-1200x801.jpg 1200w, https:\/\/www.visit-montenegro.com\/wp-content\/uploads\/2026\/01\/lake-skadar-pavlova-strana-scaled.jpg 1600w\" sizes=\"auto, (max-width: 1024px) 100vw, 1024px\" \/><figcaption class=\"wp-element-caption\">Canyon des <a href=\"https:\/\/www.visit-montenegro.com\/de\/reiseziele\/cetinje\/sehenswuerdigkeiten\/rijeka-crnojevica\/\">Rijeka Crnojevica<\/a> Flusses im Nationalpark Skadarsko Jezero. Eine der ber\u00fchmtesten Aussichten Montenegros. Die Gr\u00fcne Pyramide und die Flussbiegung zwischen Bergen.<\/figcaption><\/figure>\n\n<p>Skadarsko Jezero <strong>Nationalparks in Montenegro<\/strong> ist der gr\u00f6\u00dfte See des Balkans. Es ist der einzige Park, der von aquatischen und Feuchtgebiets\u00f6kosystemen dominiert wird. Der delphinf\u00f6rmige See erstreckt sich \u00fcber Montenegro und Albanien, wobei der gr\u00f6\u00dfte Teil auf der montenegrinischen Seite liegt.<\/p>\n\n<p>Er bietet alles von Bergen und Fischerd\u00f6rfern bis zu Inseln und Festungen. Tats\u00e4chlich macht diese vielf\u00e4ltige Landschaft ihn zu einem einzigartigen Ziel.<\/p>\n\n<div class=\"wp-block-buttons is-layout-flex wp-block-buttons-is-layout-flex\">\n<div class=\"wp-block-button\"><a class=\"wp-block-button__link wp-element-button\" href=\"https:\/\/www.visit-montenegro.com\/de\/reiseziele\/podgorica\/sehenswuerdigkeiten\/lake-skadar\/\">Mehr lesen<\/a><\/div>\n<\/div>\n\n<p><\/p>\n","protected":false},"excerpt":{"rendered":"<p>Erkunden Sie Montenegros f\u00fcnf atemberaubende Nationalparks, vom UNESCO-gesch\u00fctzten Durmitor mit seinen Gletscherseen bis zum bewaldeten Biogradska Gora und dem wilden Prokletije. Entdecken Sie vielf\u00e4ltige Landschaften, perfekt f\u00fcr Wandern, Rafting und Naturliebhaber.<\/p>\n","protected":false},"author":1,"featured_media":133935,"parent":133964,"menu_order":0,"comment_status":"closed","ping_status":"closed","template":"","meta":{"_yoast_wpseo_focuskw":"Nationalparks in Montenegro","_yoast_wpseo_metadesc":"Entdecken Sie Montenegros f\u00fcnf Nationalparks: Durmitor, Biogradska Gora, Prokletije, Lov\u0107en und Skadarsko Jezero. Erkunden Sie UNESCO-St\u00e4tten, Urw\u00e4lder und Balkan-Seen.","_kad_post_transparent":"","_kad_post_title":"","_kad_post_layout":"","_kad_post_sidebar_id":"","_kad_post_content_style":"","_kad_post_vertical_padding":"","_kad_post_feature":"","_kad_post_feature_position":"","_kad_post_header":false,"_kad_post_footer":false,"_kad_post_classname":"","iawp_total_views":16,"footnotes":""},"tags":[],"class_list":["post-133934","page","type-page","status-publish","has-post-thumbnail","hentry"],"yoast_head":"<!-- This site is optimized with the Yoast SEO plugin v27.3 - https:\/\/yoast.com\/product\/yoast-seo-wordpress\/ -->\n<title>Nationalparks in Montenegro - Visit Montenegro<\/title>\n<meta name=\"description\" content=\"Entdecken Sie Montenegros f\u00fcnf Nationalparks: Durmitor, Biogradska Gora, Prokletije, Lov\u0107en und Skadarsko Jezero. Erkunden Sie UNESCO-St\u00e4tten, Urw\u00e4lder und Balkan-Seen.\" \/>\n<meta name=\"robots\" content=\"index, follow, max-snippet:-1, max-image-preview:large, max-video-preview:-1\" \/>\n<link rel=\"canonical\" href=\"https:\/\/www.visit-montenegro.com\/de\/tourismus\/nationalparks\/\" \/>\n<meta property=\"og:locale\" content=\"de_DE\" \/>\n<meta property=\"og:type\" content=\"article\" \/>\n<meta property=\"og:title\" content=\"Nationalparks in Montenegro - Visit Montenegro\" \/>\n<meta property=\"og:description\" content=\"Entdecken Sie Montenegros f\u00fcnf Nationalparks: Durmitor, Biogradska Gora, Prokletije, Lov\u0107en und Skadarsko Jezero. Erkunden Sie UNESCO-St\u00e4tten, Urw\u00e4lder und Balkan-Seen.\" \/>\n<meta property=\"og:url\" content=\"https:\/\/www.visit-montenegro.com\/de\/tourismus\/nationalparks\/\" \/>\n<meta property=\"og:site_name\" content=\"Visit Montenegro\" \/>\n<meta property=\"article:publisher\" content=\"https:\/\/www.facebook.com\/visitmontenegro\" \/>\n<meta property=\"article:modified_time\" content=\"2026-02-22T16:17:58+00:00\" \/>\n<meta property=\"og:image\" content=\"https:\/\/www.visit-montenegro.com\/wp-content\/uploads\/2026\/01\/lake-skadar-couple-bench-scaled.jpg\" \/>\n\t<meta property=\"og:image:width\" content=\"1600\" \/>\n\t<meta property=\"og:image:height\" content=\"1067\" \/>\n\t<meta property=\"og:image:type\" content=\"image\/jpeg\" \/>\n<meta name=\"twitter:card\" content=\"summary_large_image\" \/>\n<meta name=\"twitter:site\" content=\"@visitmontenegro\" \/>\n<meta name=\"twitter:label1\" content=\"Gesch\u00e4tzte Lesezeit\" \/>\n\t<meta name=\"twitter:data1\" content=\"3\u00a0Minuten\" \/>\n<script type=\"application\/ld+json\" class=\"yoast-schema-graph\">{\"@context\":\"https:\\\/\\\/schema.org\",\"@graph\":[{\"@type\":\"WebPage\",\"@id\":\"https:\\\/\\\/www.visit-montenegro.com\\\/de\\\/tourismus\\\/nationalparks\\\/\",\"url\":\"https:\\\/\\\/www.visit-montenegro.com\\\/de\\\/tourismus\\\/nationalparks\\\/\",\"name\":\"Nationalparks in Montenegro - Visit Montenegro\",\"isPartOf\":{\"@id\":\"https:\\\/\\\/www.visit-montenegro.com\\\/de\\\/#website\"},\"primaryImageOfPage\":{\"@id\":\"https:\\\/\\\/www.visit-montenegro.com\\\/de\\\/tourismus\\\/nationalparks\\\/#primaryimage\"},\"image\":{\"@id\":\"https:\\\/\\\/www.visit-montenegro.com\\\/de\\\/tourismus\\\/nationalparks\\\/#primaryimage\"},\"thumbnailUrl\":\"https:\\\/\\\/www.visit-montenegro.com\\\/wp-content\\\/uploads\\\/2026\\\/01\\\/lake-skadar-couple-bench-scaled.jpg\",\"datePublished\":\"2026-01-28T18:56:35+00:00\",\"dateModified\":\"2026-02-22T16:17:58+00:00\",\"description\":\"Entdecken Sie Montenegros f\u00fcnf Nationalparks: Durmitor, Biogradska Gora, Prokletije, Lov\u0107en und Skadarsko Jezero. Erkunden Sie UNESCO-St\u00e4tten, Urw\u00e4lder und Balkan-Seen.\",\"breadcrumb\":{\"@id\":\"https:\\\/\\\/www.visit-montenegro.com\\\/de\\\/tourismus\\\/nationalparks\\\/#breadcrumb\"},\"inLanguage\":\"de\",\"potentialAction\":[{\"@type\":\"ReadAction\",\"target\":[\"https:\\\/\\\/www.visit-montenegro.com\\\/de\\\/tourismus\\\/nationalparks\\\/\"]}]},{\"@type\":\"ImageObject\",\"inLanguage\":\"de\",\"@id\":\"https:\\\/\\\/www.visit-montenegro.com\\\/de\\\/tourismus\\\/nationalparks\\\/#primaryimage\",\"url\":\"https:\\\/\\\/www.visit-montenegro.com\\\/wp-content\\\/uploads\\\/2026\\\/01\\\/lake-skadar-couple-bench-scaled.jpg\",\"contentUrl\":\"https:\\\/\\\/www.visit-montenegro.com\\\/wp-content\\\/uploads\\\/2026\\\/01\\\/lake-skadar-couple-bench-scaled.jpg\",\"width\":1600,\"height\":1067,\"caption\":\"Paar sitzt auf einer Bank und bewundert die Aussicht auf den See und H\u00fcgel an einem sonnigen Tag\"},{\"@type\":\"BreadcrumbList\",\"@id\":\"https:\\\/\\\/www.visit-montenegro.com\\\/de\\\/tourismus\\\/nationalparks\\\/#breadcrumb\",\"itemListElement\":[{\"@type\":\"ListItem\",\"position\":1,\"name\":\"Home\",\"item\":\"https:\\\/\\\/www.visit-montenegro.com\\\/de\\\/home\\\/\"},{\"@type\":\"ListItem\",\"position\":2,\"name\":\"Tourismus in Montenegro\",\"item\":\"https:\\\/\\\/www.visit-montenegro.com\\\/de\\\/tourismus\\\/\"},{\"@type\":\"ListItem\",\"position\":3,\"name\":\"Nationalparks in Montenegro\"}]},{\"@type\":\"WebSite\",\"@id\":\"https:\\\/\\\/www.visit-montenegro.com\\\/de\\\/#website\",\"url\":\"https:\\\/\\\/www.visit-montenegro.com\\\/de\\\/\",\"name\":\"Visit Montenegro\",\"description\":\"Breathtaking beauty\",\"publisher\":{\"@id\":\"https:\\\/\\\/www.visit-montenegro.com\\\/de\\\/#organization\"},\"potentialAction\":[{\"@type\":\"SearchAction\",\"target\":{\"@type\":\"EntryPoint\",\"urlTemplate\":\"https:\\\/\\\/www.visit-montenegro.com\\\/de\\\/?s={search_term_string}\"},\"query-input\":{\"@type\":\"PropertyValueSpecification\",\"valueRequired\":true,\"valueName\":\"search_term_string\"}}],\"inLanguage\":\"de\"},{\"@type\":\"Organization\",\"@id\":\"https:\\\/\\\/www.visit-montenegro.com\\\/de\\\/#organization\",\"name\":\"Visit Montenegro\",\"url\":\"https:\\\/\\\/www.visit-montenegro.com\\\/de\\\/\",\"logo\":{\"@type\":\"ImageObject\",\"inLanguage\":\"de\",\"@id\":\"https:\\\/\\\/www.visit-montenegro.com\\\/de\\\/#\\\/schema\\\/logo\\\/image\\\/\",\"url\":\"https:\\\/\\\/www.visit-montenegro.com\\\/wp-content\\\/uploads\\\/2017\\\/10\\\/logo-amp.png\",\"contentUrl\":\"https:\\\/\\\/www.visit-montenegro.com\\\/wp-content\\\/uploads\\\/2017\\\/10\\\/logo-amp.png\",\"width\":190,\"height\":36,\"caption\":\"Visit Montenegro\"},\"image\":{\"@id\":\"https:\\\/\\\/www.visit-montenegro.com\\\/de\\\/#\\\/schema\\\/logo\\\/image\\\/\"},\"sameAs\":[\"https:\\\/\\\/www.facebook.com\\\/visitmontenegro\",\"https:\\\/\\\/x.com\\\/visitmontenegro\",\"https:\\\/\\\/www.instagram.com\\\/visit_montenegro\\\/\",\"https:\\\/\\\/www.youtube.com\\\/user\\\/VisitMontenegro\"]}]}<\/script>\n<!-- \/ Yoast SEO plugin. -->","yoast_head_json":{"title":"Nationalparks in Montenegro - Visit Montenegro","description":"Entdecken Sie Montenegros f\u00fcnf Nationalparks: Durmitor, Biogradska Gora, Prokletije, Lov\u0107en und Skadarsko Jezero. Erkunden Sie UNESCO-St\u00e4tten, Urw\u00e4lder und Balkan-Seen.","robots":{"index":"index","follow":"follow","max-snippet":"max-snippet:-1","max-image-preview":"max-image-preview:large","max-video-preview":"max-video-preview:-1"},"canonical":"https:\/\/www.visit-montenegro.com\/de\/tourismus\/nationalparks\/","og_locale":"de_DE","og_type":"article","og_title":"Nationalparks in Montenegro - Visit Montenegro","og_description":"Entdecken Sie Montenegros f\u00fcnf Nationalparks: Durmitor, Biogradska Gora, Prokletije, Lov\u0107en und Skadarsko Jezero. Erkunden Sie UNESCO-St\u00e4tten, Urw\u00e4lder und Balkan-Seen.","og_url":"https:\/\/www.visit-montenegro.com\/de\/tourismus\/nationalparks\/","og_site_name":"Visit Montenegro","article_publisher":"https:\/\/www.facebook.com\/visitmontenegro","article_modified_time":"2026-02-22T16:17:58+00:00","og_image":[{"width":1600,"height":1067,"url":"https:\/\/www.visit-montenegro.com\/wp-content\/uploads\/2026\/01\/lake-skadar-couple-bench-scaled.jpg","type":"image\/jpeg"}],"twitter_card":"summary_large_image","twitter_site":"@visitmontenegro","twitter_misc":{"Gesch\u00e4tzte Lesezeit":"3\u00a0Minuten"},"schema":{"@context":"https:\/\/schema.org","@graph":[{"@type":"WebPage","@id":"https:\/\/www.visit-montenegro.com\/de\/tourismus\/nationalparks\/","url":"https:\/\/www.visit-montenegro.com\/de\/tourismus\/nationalparks\/","name":"Nationalparks in Montenegro - Visit Montenegro","isPartOf":{"@id":"https:\/\/www.visit-montenegro.com\/de\/#website"},"primaryImageOfPage":{"@id":"https:\/\/www.visit-montenegro.com\/de\/tourismus\/nationalparks\/#primaryimage"},"image":{"@id":"https:\/\/www.visit-montenegro.com\/de\/tourismus\/nationalparks\/#primaryimage"},"thumbnailUrl":"https:\/\/www.visit-montenegro.com\/wp-content\/uploads\/2026\/01\/lake-skadar-couple-bench-scaled.jpg","datePublished":"2026-01-28T18:56:35+00:00","dateModified":"2026-02-22T16:17:58+00:00","description":"Entdecken Sie Montenegros f\u00fcnf Nationalparks: Durmitor, Biogradska Gora, Prokletije, Lov\u0107en und Skadarsko Jezero. Erkunden Sie UNESCO-St\u00e4tten, Urw\u00e4lder und Balkan-Seen.","breadcrumb":{"@id":"https:\/\/www.visit-montenegro.com\/de\/tourismus\/nationalparks\/#breadcrumb"},"inLanguage":"de","potentialAction":[{"@type":"ReadAction","target":["https:\/\/www.visit-montenegro.com\/de\/tourismus\/nationalparks\/"]}]},{"@type":"ImageObject","inLanguage":"de","@id":"https:\/\/www.visit-montenegro.com\/de\/tourismus\/nationalparks\/#primaryimage","url":"https:\/\/www.visit-montenegro.com\/wp-content\/uploads\/2026\/01\/lake-skadar-couple-bench-scaled.jpg","contentUrl":"https:\/\/www.visit-montenegro.com\/wp-content\/uploads\/2026\/01\/lake-skadar-couple-bench-scaled.jpg","width":1600,"height":1067,"caption":"Paar sitzt auf einer Bank und bewundert die Aussicht auf den See und H\u00fcgel an einem sonnigen Tag"},{"@type":"BreadcrumbList","@id":"https:\/\/www.visit-montenegro.com\/de\/tourismus\/nationalparks\/#breadcrumb","itemListElement":[{"@type":"ListItem","position":1,"name":"Home","item":"https:\/\/www.visit-montenegro.com\/de\/home\/"},{"@type":"ListItem","position":2,"name":"Tourismus in Montenegro","item":"https:\/\/www.visit-montenegro.com\/de\/tourismus\/"},{"@type":"ListItem","position":3,"name":"Nationalparks in Montenegro"}]},{"@type":"WebSite","@id":"https:\/\/www.visit-montenegro.com\/de\/#website","url":"https:\/\/www.visit-montenegro.com\/de\/","name":"Visit Montenegro","description":"Breathtaking beauty","publisher":{"@id":"https:\/\/www.visit-montenegro.com\/de\/#organization"},"potentialAction":[{"@type":"SearchAction","target":{"@type":"EntryPoint","urlTemplate":"https:\/\/www.visit-montenegro.com\/de\/?s={search_term_string}"},"query-input":{"@type":"PropertyValueSpecification","valueRequired":true,"valueName":"search_term_string"}}],"inLanguage":"de"},{"@type":"Organization","@id":"https:\/\/www.visit-montenegro.com\/de\/#organization","name":"Visit Montenegro","url":"https:\/\/www.visit-montenegro.com\/de\/","logo":{"@type":"ImageObject","inLanguage":"de","@id":"https:\/\/www.visit-montenegro.com\/de\/#\/schema\/logo\/image\/","url":"https:\/\/www.visit-montenegro.com\/wp-content\/uploads\/2017\/10\/logo-amp.png","contentUrl":"https:\/\/www.visit-montenegro.com\/wp-content\/uploads\/2017\/10\/logo-amp.png","width":190,"height":36,"caption":"Visit Montenegro"},"image":{"@id":"https:\/\/www.visit-montenegro.com\/de\/#\/schema\/logo\/image\/"},"sameAs":["https:\/\/www.facebook.com\/visitmontenegro","https:\/\/x.com\/visitmontenegro","https:\/\/www.instagram.com\/visit_montenegro\/","https:\/\/www.youtube.com\/user\/VisitMontenegro"]}]}},"translations":[],"_links":{"self":[{"href":"https:\/\/www.visit-montenegro.com\/de\/wp-json\/wp\/v2\/pages\/133934","targetHints":{"allow":["GET"]}}],"collection":[{"href":"https:\/\/www.visit-montenegro.com\/de\/wp-json\/wp\/v2\/pages"}],"about":[{"href":"https:\/\/www.visit-montenegro.com\/de\/wp-json\/wp\/v2\/types\/page"}],"author":[{"embeddable":true,"href":"https:\/\/www.visit-montenegro.com\/de\/wp-json\/wp\/v2\/users\/1"}],"replies":[{"embeddable":true,"href":"https:\/\/www.visit-montenegro.com\/de\/wp-json\/wp\/v2\/comments?post=133934"}],"version-history":[{"count":0,"href":"https:\/\/www.visit-montenegro.com\/de\/wp-json\/wp\/v2\/pages\/133934\/revisions"}],"up":[{"embeddable":true,"href":"https:\/\/www.visit-montenegro.com\/de\/wp-json\/wp\/v2\/pages\/133964"}],"wp:featuredmedia":[{"embeddable":true,"href":"https:\/\/www.visit-montenegro.com\/de\/wp-json\/wp\/v2\/media\/133935"}],"wp:attachment":[{"href":"https:\/\/www.visit-montenegro.com\/de\/wp-json\/wp\/v2\/media?parent=133934"}],"wp:term":[{"taxonomy":"post_tag","embeddable":true,"href":"https:\/\/www.visit-montenegro.com\/de\/wp-json\/wp\/v2\/tags?post=133934"}],"curies":[{"name":"wp","href":"https:\/\/api.w.org\/{rel}","templated":true}]}}