{"id":133940,"date":"2026-01-28T19:37:43","date_gmt":"2026-01-28T18:37:43","guid":{"rendered":"https:\/\/new.visit-montenegro.com\/nord\/"},"modified":"2026-02-24T14:39:47","modified_gmt":"2026-02-24T13:39:47","slug":"nord","status":"publish","type":"page","link":"https:\/\/www.visit-montenegro.com\/de\/entdecken\/nord\/","title":{"rendered":"Entdecken Sie die Berge Montenegros"},"content":{"rendered":"\n<p>Die Berge Montenegros bieten atemberaubende Naturwunder, von der tiefsten Schlucht Europas bis zu uralten Urw\u00e4ldern, und sind ein erstklassiges Ziel f\u00fcr Abenteuer und kulturelle Erkundungen.<\/p>\n\n<hr class=\"wp-block-separator has-alpha-channel-opacity\"\/>\n\n<h2 class=\"wp-block-heading\">Naturwunder und Nationalparks<\/h2>\n\n<p>Die Montenegriner sch\u00e4tzen ihr Naturerbe als wertvollstes Gut. In der Tat werden Sie dies verstehen, sobald Sie die tiefste Schlucht Europas sehen \u2013 die 1300 Meter tiefe <a href=\"https:\/\/www.visit-montenegro.com\/de\/reiseziele\/zabljak\/sehenswuerdigkeiten\/tara-river\/\">Schlucht des Flusses Tara<\/a>. Alternativ besuchen Sie <a href=\"https:\/\/www.visit-montenegro.com\/de\/reiseziele\/kolasin\/sehenswuerdigkeiten\/biogradska-gora\/\">Biogradska Gora<\/a>, den letzten Urwald des Kontinents und den \u00e4ltesten Nationalpark Montenegros, gegr\u00fcndet 1878.<\/p>\n\n<p>Der Norden lockt mit unz\u00e4hligen Hochlandabenteuern. Folglich sind seine gro\u00dfartigen Naturlandschaften \u2013 einschlie\u00dflich der Nationalparks <a href=\"https:\/\/www.visit-montenegro.com\/de\/reiseziele\/zabljak\/sehenswuerdigkeiten\/durmitor\/\">Durmitor<\/a>, <a href=\"https:\/\/www.visit-montenegro.com\/de\/reiseziele\/kolasin\/sehenswuerdigkeiten\/biogradska-gora\/\">Biogradska Gora<\/a> und <a href=\"https:\/\/www.visit-montenegro.com\/de\/reiseziele\/plav\/sehenswuerdigkeiten\/prokletije\/\">Prokletije<\/a> \u2013 ein Traumziel f\u00fcr Wandern, Mountainbiken, Canyoning und Rafting.<\/p>\n\n<p>F\u00fcr diejenigen, die es lieber entspannt angehen lassen, ist diese raue Region ebenfalls eine Erkundung wert. Dar\u00fcber hinaus bietet sie kulturelles und historisches Erbe, festliche Stimmung, k\u00f6stliche Naturprodukte und l\u00e4ndliche Gastfreundschaft.<\/p>\n\n<h2 class=\"wp-block-heading\">Gebirgsz\u00fcge und regionale Highlights<\/h2>\n\n<p>Neben <a href=\"https:\/\/www.visit-montenegro.com\/de\/reiseziele\/zabljak\/info\/durmitor\/\">Durmitor<\/a> und <a href=\"https:\/\/www.visit-montenegro.com\/de\/reiseziele\/plav\/sehenswuerdigkeiten\/prokletije\/\">Prokletije<\/a> ist Komovi der drittwichtigste beeindruckende Gebirgszug Montenegros. Umgeben von den langen, schnellen Fl\u00fcssen <a href=\"https:\/\/www.visit-montenegro.com\/de\/reiseziele\/zabljak\/sehenswuerdigkeiten\/tara-river\/\">Tara<\/a> und Lim und den ausgedehnten Bergen Bjelasica und Prokletije, besteht Komovi aus drei Bergkr\u00e4nzen: Kom Ku\u010dki (2487m), Kom Vasojevi\u0107ki (2461m) und Kom Lijevore\u010dki (2483m).<\/p>\n\n<p>Die Nordregion ist in erster Linie ein Ort reiner, unber\u00fchrter Natur. In der Tat kommen viele Urlauber hierher, um unvergessliche Erlebnisse in herausragender Umgebung zu suchen. Diese Region umfasst Andrijevica, Berane, Bijelo Polje, <a href=\"https:\/\/www.visit-montenegro.com\/de\/reiseziele\/kolasin\/\">Kola\u0161in<\/a>, Mojkovac, <a href=\"https:\/\/www.visit-montenegro.com\/de\/reiseziele\/plav\/\">Plav<\/a>, Plu\u017eine, Petnjica, Pljevlja, Ro\u017eaje, \u0160avnik und <a href=\"https:\/\/www.visit-montenegro.com\/de\/reiseziele\/zabljak\/\">\u017dabljak<\/a>.<\/p>\n\n<h2 class=\"wp-block-heading\">Touristische Ziele in den Bergen Montenegros<\/h2>\n\n<div class=\"wp-block-query is-layout-flow wp-block-query-is-layout-flow\"><ul class=\"wp-block-post-template is-layout-flow wp-block-post-template-is-layout-flow\"><li class=\"wp-block-post post-134700 page type-page status-publish has-post-thumbnail hentry tag-destination tag-mountain-destination\">\n\n<div class=\"wp-block-columns alignwide is-layout-flex wp-container-core-columns-is-layout-9d6595d7 wp-block-columns-is-layout-flex\">\n<div class=\"wp-block-column is-layout-flow wp-block-column-is-layout-flow\" style=\"flex-basis:33.33%\"><figure class=\"wp-block-post-featured-image\"><a href=\"https:\/\/www.visit-montenegro.com\/de\/reiseziele\/kolasin\/\" target=\"_self\"  ><img loading=\"lazy\" decoding=\"async\" width=\"1024\" height=\"678\" src=\"https:\/\/www.visit-montenegro.com\/wp-content\/uploads\/2026\/01\/kolasin-mountain-peaks-1024x678.jpg\" class=\"attachment-large size-large wp-post-image\" alt=\"Kolasin\" style=\"object-fit:cover;\" srcset=\"https:\/\/www.visit-montenegro.com\/wp-content\/uploads\/2026\/01\/kolasin-mountain-peaks-1024x678.jpg 1024w, https:\/\/www.visit-montenegro.com\/wp-content\/uploads\/2026\/01\/kolasin-mountain-peaks-300x199.jpg 300w, https:\/\/www.visit-montenegro.com\/wp-content\/uploads\/2026\/01\/kolasin-mountain-peaks-768x508.jpg 768w, https:\/\/www.visit-montenegro.com\/wp-content\/uploads\/2026\/01\/kolasin-mountain-peaks-1536x1017.jpg 1536w, https:\/\/www.visit-montenegro.com\/wp-content\/uploads\/2026\/01\/kolasin-mountain-peaks-1200x794.jpg 1200w, https:\/\/www.visit-montenegro.com\/wp-content\/uploads\/2026\/01\/kolasin-mountain-peaks-scaled.jpg 1600w\" sizes=\"auto, (max-width: 1024px) 100vw, 1024px\" \/><\/a><\/figure><\/div>\n\n\n\n<div class=\"wp-block-column is-layout-flow wp-block-column-is-layout-flow\" style=\"flex-basis:66.66%\"><h2 class=\"wp-block-post-title\"><a href=\"https:\/\/www.visit-montenegro.com\/de\/reiseziele\/kolasin\/\" target=\"_self\" >Kolasin<\/a><\/h2>\n\n<div class=\"wp-block-post-excerpt\"><p class=\"wp-block-post-excerpt__excerpt\">Entdecken Sie <a href=\"https:\/\/www.visit-montenegro.com\/de\/reiseziele\/kolasin\/\">Kolasin<\/a>, eine historische Stadt im Norden Montenegros, gegr\u00fcndet im 17. Jahrhundert. Umgeben von Bergen und Fl\u00fcssen bietet sie ganzj\u00e4hrige Urlaube und Attraktionen wie den Biograd-See. Erfahren Sie mehr \u00fcber ihre reiche Geschichte und nat\u00fcrliche Sch\u00f6nheit.<\/p><p class=\"wp-block-post-excerpt__more-text\"><a class=\"wp-block-post-excerpt__more-link\" href=\"https:\/\/www.visit-montenegro.com\/de\/reiseziele\/kolasin\/\">Weiterlesen<\/a><\/p><\/div><\/div>\n<\/div>\n\n<\/li><li class=\"wp-block-post post-133379 page type-page status-publish has-post-thumbnail hentry tag-destination tag-mountain-destination\">\n\n<div class=\"wp-block-columns alignwide is-layout-flex wp-container-core-columns-is-layout-9d6595d7 wp-block-columns-is-layout-flex\">\n<div class=\"wp-block-column is-layout-flow wp-block-column-is-layout-flow\" style=\"flex-basis:33.33%\"><figure class=\"wp-block-post-featured-image\"><a href=\"https:\/\/www.visit-montenegro.com\/de\/reiseziele\/plav\/\" target=\"_self\"  ><img loading=\"lazy\" decoding=\"async\" width=\"1024\" height=\"683\" src=\"https:\/\/www.visit-montenegro.com\/wp-content\/uploads\/2026\/01\/prokletije-plav-aerial-1024x683.jpg\" class=\"attachment-large size-large wp-post-image\" alt=\"Plav\" style=\"object-fit:cover;\" srcset=\"https:\/\/www.visit-montenegro.com\/wp-content\/uploads\/2026\/01\/prokletije-plav-aerial-1024x683.jpg 1024w, https:\/\/www.visit-montenegro.com\/wp-content\/uploads\/2026\/01\/prokletije-plav-aerial-300x200.jpg 300w, https:\/\/www.visit-montenegro.com\/wp-content\/uploads\/2026\/01\/prokletije-plav-aerial-768x512.jpg 768w, https:\/\/www.visit-montenegro.com\/wp-content\/uploads\/2026\/01\/prokletije-plav-aerial-1536x1024.jpg 1536w, https:\/\/www.visit-montenegro.com\/wp-content\/uploads\/2026\/01\/prokletije-plav-aerial-1200x800.jpg 1200w, https:\/\/www.visit-montenegro.com\/wp-content\/uploads\/2026\/01\/prokletije-plav-aerial-scaled.jpg 1600w\" sizes=\"auto, (max-width: 1024px) 100vw, 1024px\" \/><\/a><\/figure><\/div>\n\n\n\n<div class=\"wp-block-column is-layout-flow wp-block-column-is-layout-flow\" style=\"flex-basis:66.66%\"><h2 class=\"wp-block-post-title\"><a href=\"https:\/\/www.visit-montenegro.com\/de\/reiseziele\/plav\/\" target=\"_self\" >Plav<\/a><\/h2>\n\n<div class=\"wp-block-post-excerpt\"><p class=\"wp-block-post-excerpt__excerpt\">Entdecken Sie Plav, eine montenegrinische Stadt reich an nat\u00fcrlicher Sch\u00f6nheit und kulturellem Erbe. Von beeindruckenden Seen wie dem Plavsko-See bis zu historischen St\u00e4tten bietet sie einen einzigartigen Einblick in den Charme der Region. Planen Sie Ihren Besuch, um ihre verborgenen Sch\u00e4tze zu erkunden.<\/p><p class=\"wp-block-post-excerpt__more-text\"><a class=\"wp-block-post-excerpt__more-link\" href=\"https:\/\/www.visit-montenegro.com\/de\/reiseziele\/plav\/\">Weiterlesen<\/a><\/p><\/div><\/div>\n<\/div>\n\n<\/li><li class=\"wp-block-post post-134612 page type-page status-publish has-post-thumbnail hentry tag-destination tag-mountain-destination\">\n\n<div class=\"wp-block-columns alignwide is-layout-flex wp-container-core-columns-is-layout-9d6595d7 wp-block-columns-is-layout-flex\">\n<div class=\"wp-block-column is-layout-flow wp-block-column-is-layout-flow\" style=\"flex-basis:33.33%\"><figure class=\"wp-block-post-featured-image\"><a href=\"https:\/\/www.visit-montenegro.com\/de\/reiseziele\/zabljak\/\" target=\"_self\"  ><img loading=\"lazy\" decoding=\"async\" width=\"1024\" height=\"683\" src=\"https:\/\/www.visit-montenegro.com\/wp-content\/uploads\/2026\/01\/zabljak-black-lake04-1024x683.jpg\" class=\"attachment-large size-large wp-post-image\" alt=\"\u017dabljak\" style=\"object-fit:cover;\" srcset=\"https:\/\/www.visit-montenegro.com\/wp-content\/uploads\/2026\/01\/zabljak-black-lake04-1024x683.jpg 1024w, https:\/\/www.visit-montenegro.com\/wp-content\/uploads\/2026\/01\/zabljak-black-lake04-300x200.jpg 300w, https:\/\/www.visit-montenegro.com\/wp-content\/uploads\/2026\/01\/zabljak-black-lake04-768x512.jpg 768w, https:\/\/www.visit-montenegro.com\/wp-content\/uploads\/2026\/01\/zabljak-black-lake04-1536x1025.jpg 1536w, https:\/\/www.visit-montenegro.com\/wp-content\/uploads\/2026\/01\/zabljak-black-lake04-1200x801.jpg 1200w, https:\/\/www.visit-montenegro.com\/wp-content\/uploads\/2026\/01\/zabljak-black-lake04-scaled.jpg 1600w\" sizes=\"auto, (max-width: 1024px) 100vw, 1024px\" \/><\/a><\/figure><\/div>\n\n\n\n<div class=\"wp-block-column is-layout-flow wp-block-column-is-layout-flow\" style=\"flex-basis:66.66%\"><h2 class=\"wp-block-post-title\"><a href=\"https:\/\/www.visit-montenegro.com\/de\/reiseziele\/zabljak\/\" target=\"_self\" >\u017dabljak<\/a><\/h2>\n\n<div class=\"wp-block-post-excerpt\"><p class=\"wp-block-post-excerpt__excerpt\">Entdecken Sie \u017dabljak, die h\u00f6chstgelegene Stadt auf dem Balkan, eingebettet im <a href=\"https:\/\/www.visit-montenegro.com\/de\/reiseziele\/zabljak\/sehenswuerdigkeiten\/durmitor\/\">Nationalpark Durmitor<\/a>. Perfekt f\u00fcr Winter- und Sommerabenteuer bietet sie atemberaubende Natursch\u00f6nheit und aufregende Aktivit\u00e4ten wie Wildwasser-Rafting. Erkunden Sie ihren einzigartigen Charme und planen Sie noch heute Ihren Besuch!<\/p><p class=\"wp-block-post-excerpt__more-text\"><a class=\"wp-block-post-excerpt__more-link\" href=\"https:\/\/www.visit-montenegro.com\/de\/reiseziele\/zabljak\/\">Weiterlesen<\/a><\/p><\/div><\/div>\n<\/div>\n\n<\/li><\/ul><\/div>\n","protected":false},"excerpt":{"rendered":"<p>Entdecken Sie die majest\u00e4tischen Berge Montenegros, von der tiefsten Schlucht Europas bis zu uralten W\u00e4ldern. Dieser Leitfaden hebt Top-Destinationen wie Durmitor und Komovi hervor, ideal f\u00fcr Wandern, Rafting und kulturelle Erkundungen. Planen Sie Ihr Abenteuer in diesem unber\u00fchrten Naturparadies.<\/p>\n","protected":false},"author":1,"featured_media":133941,"parent":134474,"menu_order":0,"comment_status":"closed","ping_status":"closed","template":"","meta":{"_yoast_wpseo_focuskw":"Entdecken Sie die Berge Montenegros","_yoast_wpseo_metadesc":"Entdecken Sie die atemberaubenden Berge Montenegros, einschlie\u00dflich Durmitor und Tara-Schlucht. Erleben Sie Wandern, Rafting und kulturelle Sch\u00e4tze in diesem unber\u00fchrten Naturparadies. Planen Sie noch heute Ihre Reise!","_kad_post_transparent":"","_kad_post_title":"","_kad_post_layout":"","_kad_post_sidebar_id":"","_kad_post_content_style":"","_kad_post_vertical_padding":"","_kad_post_feature":"","_kad_post_feature_position":"","_kad_post_header":false,"_kad_post_footer":false,"_kad_post_classname":"","iawp_total_views":4,"footnotes":""},"tags":[],"class_list":["post-133940","page","type-page","status-publish","has-post-thumbnail","hentry"],"yoast_head":"<!-- This site is optimized with the Yoast SEO plugin v27.3 - https:\/\/yoast.com\/product\/yoast-seo-wordpress\/ -->\n<title>Entdecken Sie die Berge Montenegros - Visit Montenegro<\/title>\n<meta name=\"description\" content=\"Entdecken Sie die atemberaubenden Berge Montenegros, einschlie\u00dflich Durmitor und Tara-Schlucht. Erleben Sie Wandern, Rafting und kulturelle Sch\u00e4tze in diesem unber\u00fchrten Naturparadies. Planen Sie noch heute Ihre Reise!\" \/>\n<meta name=\"robots\" content=\"index, follow, max-snippet:-1, max-image-preview:large, max-video-preview:-1\" \/>\n<link rel=\"canonical\" href=\"https:\/\/www.visit-montenegro.com\/de\/entdecken\/nord\/\" \/>\n<meta property=\"og:locale\" content=\"de_DE\" \/>\n<meta property=\"og:type\" content=\"article\" \/>\n<meta property=\"og:title\" content=\"Entdecken Sie die Berge Montenegros - Visit Montenegro\" \/>\n<meta property=\"og:description\" content=\"Entdecken Sie die atemberaubenden Berge Montenegros, einschlie\u00dflich Durmitor und Tara-Schlucht. Erleben Sie Wandern, Rafting und kulturelle Sch\u00e4tze in diesem unber\u00fchrten Naturparadies. Planen Sie noch heute Ihre Reise!\" \/>\n<meta property=\"og:url\" content=\"https:\/\/www.visit-montenegro.com\/de\/entdecken\/nord\/\" \/>\n<meta property=\"og:site_name\" content=\"Visit Montenegro\" \/>\n<meta property=\"article:publisher\" content=\"https:\/\/www.facebook.com\/visitmontenegro\" \/>\n<meta property=\"article:modified_time\" content=\"2026-02-24T13:39:47+00:00\" \/>\n<meta property=\"og:image\" content=\"https:\/\/www.visit-montenegro.com\/wp-content\/uploads\/2026\/01\/prokletije-02-scaled.jpg\" \/>\n\t<meta property=\"og:image:width\" content=\"1600\" \/>\n\t<meta property=\"og:image:height\" content=\"1067\" \/>\n\t<meta property=\"og:image:type\" content=\"image\/jpeg\" \/>\n<meta name=\"twitter:card\" content=\"summary_large_image\" \/>\n<meta name=\"twitter:site\" content=\"@visitmontenegro\" \/>\n<meta name=\"twitter:label1\" content=\"Gesch\u00e4tzte Lesezeit\" \/>\n\t<meta name=\"twitter:data1\" content=\"1\u00a0Minute\" \/>\n<script type=\"application\/ld+json\" class=\"yoast-schema-graph\">{\"@context\":\"https:\\\/\\\/schema.org\",\"@graph\":[{\"@type\":\"WebPage\",\"@id\":\"https:\\\/\\\/www.visit-montenegro.com\\\/de\\\/entdecken\\\/nord\\\/\",\"url\":\"https:\\\/\\\/www.visit-montenegro.com\\\/de\\\/entdecken\\\/nord\\\/\",\"name\":\"Entdecken Sie die Berge Montenegros - Visit Montenegro\",\"isPartOf\":{\"@id\":\"https:\\\/\\\/www.visit-montenegro.com\\\/de\\\/#website\"},\"primaryImageOfPage\":{\"@id\":\"https:\\\/\\\/www.visit-montenegro.com\\\/de\\\/entdecken\\\/nord\\\/#primaryimage\"},\"image\":{\"@id\":\"https:\\\/\\\/www.visit-montenegro.com\\\/de\\\/entdecken\\\/nord\\\/#primaryimage\"},\"thumbnailUrl\":\"https:\\\/\\\/www.visit-montenegro.com\\\/wp-content\\\/uploads\\\/2026\\\/01\\\/prokletije-02-scaled.jpg\",\"datePublished\":\"2026-01-28T18:37:43+00:00\",\"dateModified\":\"2026-02-24T13:39:47+00:00\",\"description\":\"Entdecken Sie die atemberaubenden Berge Montenegros, einschlie\u00dflich Durmitor und Tara-Schlucht. Erleben Sie Wandern, Rafting und kulturelle Sch\u00e4tze in diesem unber\u00fchrten Naturparadies. Planen Sie noch heute Ihre Reise!\",\"breadcrumb\":{\"@id\":\"https:\\\/\\\/www.visit-montenegro.com\\\/de\\\/entdecken\\\/nord\\\/#breadcrumb\"},\"inLanguage\":\"de\",\"potentialAction\":[{\"@type\":\"ReadAction\",\"target\":[\"https:\\\/\\\/www.visit-montenegro.com\\\/de\\\/entdecken\\\/nord\\\/\"]}]},{\"@type\":\"ImageObject\",\"inLanguage\":\"de\",\"@id\":\"https:\\\/\\\/www.visit-montenegro.com\\\/de\\\/entdecken\\\/nord\\\/#primaryimage\",\"url\":\"https:\\\/\\\/www.visit-montenegro.com\\\/wp-content\\\/uploads\\\/2026\\\/01\\\/prokletije-02-scaled.jpg\",\"contentUrl\":\"https:\\\/\\\/www.visit-montenegro.com\\\/wp-content\\\/uploads\\\/2026\\\/01\\\/prokletije-02-scaled.jpg\",\"width\":1600,\"height\":1067,\"caption\":\"Erstaunlicher Blick auf das stille Bergtal, Prokletije Nationalpark, Montenegro\"},{\"@type\":\"BreadcrumbList\",\"@id\":\"https:\\\/\\\/www.visit-montenegro.com\\\/de\\\/entdecken\\\/nord\\\/#breadcrumb\",\"itemListElement\":[{\"@type\":\"ListItem\",\"position\":1,\"name\":\"Home\",\"item\":\"https:\\\/\\\/www.visit-montenegro.com\\\/de\\\/home\\\/\"},{\"@type\":\"ListItem\",\"position\":2,\"name\":\"Entdecken Sie Montenegro\",\"item\":\"https:\\\/\\\/www.visit-montenegro.com\\\/de\\\/entdecken\\\/\"},{\"@type\":\"ListItem\",\"position\":3,\"name\":\"Entdecken Sie die Berge Montenegros\"}]},{\"@type\":\"WebSite\",\"@id\":\"https:\\\/\\\/www.visit-montenegro.com\\\/de\\\/#website\",\"url\":\"https:\\\/\\\/www.visit-montenegro.com\\\/de\\\/\",\"name\":\"Visit Montenegro\",\"description\":\"Breathtaking beauty\",\"publisher\":{\"@id\":\"https:\\\/\\\/www.visit-montenegro.com\\\/de\\\/#organization\"},\"potentialAction\":[{\"@type\":\"SearchAction\",\"target\":{\"@type\":\"EntryPoint\",\"urlTemplate\":\"https:\\\/\\\/www.visit-montenegro.com\\\/de\\\/?s={search_term_string}\"},\"query-input\":{\"@type\":\"PropertyValueSpecification\",\"valueRequired\":true,\"valueName\":\"search_term_string\"}}],\"inLanguage\":\"de\"},{\"@type\":\"Organization\",\"@id\":\"https:\\\/\\\/www.visit-montenegro.com\\\/de\\\/#organization\",\"name\":\"Visit Montenegro\",\"url\":\"https:\\\/\\\/www.visit-montenegro.com\\\/de\\\/\",\"logo\":{\"@type\":\"ImageObject\",\"inLanguage\":\"de\",\"@id\":\"https:\\\/\\\/www.visit-montenegro.com\\\/de\\\/#\\\/schema\\\/logo\\\/image\\\/\",\"url\":\"https:\\\/\\\/www.visit-montenegro.com\\\/wp-content\\\/uploads\\\/2017\\\/10\\\/logo-amp.png\",\"contentUrl\":\"https:\\\/\\\/www.visit-montenegro.com\\\/wp-content\\\/uploads\\\/2017\\\/10\\\/logo-amp.png\",\"width\":190,\"height\":36,\"caption\":\"Visit Montenegro\"},\"image\":{\"@id\":\"https:\\\/\\\/www.visit-montenegro.com\\\/de\\\/#\\\/schema\\\/logo\\\/image\\\/\"},\"sameAs\":[\"https:\\\/\\\/www.facebook.com\\\/visitmontenegro\",\"https:\\\/\\\/x.com\\\/visitmontenegro\",\"https:\\\/\\\/www.instagram.com\\\/visit_montenegro\\\/\",\"https:\\\/\\\/www.youtube.com\\\/user\\\/VisitMontenegro\"]}]}<\/script>\n<!-- \/ Yoast SEO plugin. -->","yoast_head_json":{"title":"Entdecken Sie die Berge Montenegros - Visit Montenegro","description":"Entdecken Sie die atemberaubenden Berge Montenegros, einschlie\u00dflich Durmitor und Tara-Schlucht. Erleben Sie Wandern, Rafting und kulturelle Sch\u00e4tze in diesem unber\u00fchrten Naturparadies. Planen Sie noch heute Ihre Reise!","robots":{"index":"index","follow":"follow","max-snippet":"max-snippet:-1","max-image-preview":"max-image-preview:large","max-video-preview":"max-video-preview:-1"},"canonical":"https:\/\/www.visit-montenegro.com\/de\/entdecken\/nord\/","og_locale":"de_DE","og_type":"article","og_title":"Entdecken Sie die Berge Montenegros - Visit Montenegro","og_description":"Entdecken Sie die atemberaubenden Berge Montenegros, einschlie\u00dflich Durmitor und Tara-Schlucht. Erleben Sie Wandern, Rafting und kulturelle Sch\u00e4tze in diesem unber\u00fchrten Naturparadies. Planen Sie noch heute Ihre Reise!","og_url":"https:\/\/www.visit-montenegro.com\/de\/entdecken\/nord\/","og_site_name":"Visit Montenegro","article_publisher":"https:\/\/www.facebook.com\/visitmontenegro","article_modified_time":"2026-02-24T13:39:47+00:00","og_image":[{"width":1600,"height":1067,"url":"https:\/\/www.visit-montenegro.com\/wp-content\/uploads\/2026\/01\/prokletije-02-scaled.jpg","type":"image\/jpeg"}],"twitter_card":"summary_large_image","twitter_site":"@visitmontenegro","twitter_misc":{"Gesch\u00e4tzte Lesezeit":"1\u00a0Minute"},"schema":{"@context":"https:\/\/schema.org","@graph":[{"@type":"WebPage","@id":"https:\/\/www.visit-montenegro.com\/de\/entdecken\/nord\/","url":"https:\/\/www.visit-montenegro.com\/de\/entdecken\/nord\/","name":"Entdecken Sie die Berge Montenegros - Visit Montenegro","isPartOf":{"@id":"https:\/\/www.visit-montenegro.com\/de\/#website"},"primaryImageOfPage":{"@id":"https:\/\/www.visit-montenegro.com\/de\/entdecken\/nord\/#primaryimage"},"image":{"@id":"https:\/\/www.visit-montenegro.com\/de\/entdecken\/nord\/#primaryimage"},"thumbnailUrl":"https:\/\/www.visit-montenegro.com\/wp-content\/uploads\/2026\/01\/prokletije-02-scaled.jpg","datePublished":"2026-01-28T18:37:43+00:00","dateModified":"2026-02-24T13:39:47+00:00","description":"Entdecken Sie die atemberaubenden Berge Montenegros, einschlie\u00dflich Durmitor und Tara-Schlucht. Erleben Sie Wandern, Rafting und kulturelle Sch\u00e4tze in diesem unber\u00fchrten Naturparadies. Planen Sie noch heute Ihre Reise!","breadcrumb":{"@id":"https:\/\/www.visit-montenegro.com\/de\/entdecken\/nord\/#breadcrumb"},"inLanguage":"de","potentialAction":[{"@type":"ReadAction","target":["https:\/\/www.visit-montenegro.com\/de\/entdecken\/nord\/"]}]},{"@type":"ImageObject","inLanguage":"de","@id":"https:\/\/www.visit-montenegro.com\/de\/entdecken\/nord\/#primaryimage","url":"https:\/\/www.visit-montenegro.com\/wp-content\/uploads\/2026\/01\/prokletije-02-scaled.jpg","contentUrl":"https:\/\/www.visit-montenegro.com\/wp-content\/uploads\/2026\/01\/prokletije-02-scaled.jpg","width":1600,"height":1067,"caption":"Erstaunlicher Blick auf das stille Bergtal, Prokletije Nationalpark, Montenegro"},{"@type":"BreadcrumbList","@id":"https:\/\/www.visit-montenegro.com\/de\/entdecken\/nord\/#breadcrumb","itemListElement":[{"@type":"ListItem","position":1,"name":"Home","item":"https:\/\/www.visit-montenegro.com\/de\/home\/"},{"@type":"ListItem","position":2,"name":"Entdecken Sie Montenegro","item":"https:\/\/www.visit-montenegro.com\/de\/entdecken\/"},{"@type":"ListItem","position":3,"name":"Entdecken Sie die Berge Montenegros"}]},{"@type":"WebSite","@id":"https:\/\/www.visit-montenegro.com\/de\/#website","url":"https:\/\/www.visit-montenegro.com\/de\/","name":"Visit Montenegro","description":"Breathtaking beauty","publisher":{"@id":"https:\/\/www.visit-montenegro.com\/de\/#organization"},"potentialAction":[{"@type":"SearchAction","target":{"@type":"EntryPoint","urlTemplate":"https:\/\/www.visit-montenegro.com\/de\/?s={search_term_string}"},"query-input":{"@type":"PropertyValueSpecification","valueRequired":true,"valueName":"search_term_string"}}],"inLanguage":"de"},{"@type":"Organization","@id":"https:\/\/www.visit-montenegro.com\/de\/#organization","name":"Visit Montenegro","url":"https:\/\/www.visit-montenegro.com\/de\/","logo":{"@type":"ImageObject","inLanguage":"de","@id":"https:\/\/www.visit-montenegro.com\/de\/#\/schema\/logo\/image\/","url":"https:\/\/www.visit-montenegro.com\/wp-content\/uploads\/2017\/10\/logo-amp.png","contentUrl":"https:\/\/www.visit-montenegro.com\/wp-content\/uploads\/2017\/10\/logo-amp.png","width":190,"height":36,"caption":"Visit Montenegro"},"image":{"@id":"https:\/\/www.visit-montenegro.com\/de\/#\/schema\/logo\/image\/"},"sameAs":["https:\/\/www.facebook.com\/visitmontenegro","https:\/\/x.com\/visitmontenegro","https:\/\/www.instagram.com\/visit_montenegro\/","https:\/\/www.youtube.com\/user\/VisitMontenegro"]}]}},"translations":[],"_links":{"self":[{"href":"https:\/\/www.visit-montenegro.com\/de\/wp-json\/wp\/v2\/pages\/133940","targetHints":{"allow":["GET"]}}],"collection":[{"href":"https:\/\/www.visit-montenegro.com\/de\/wp-json\/wp\/v2\/pages"}],"about":[{"href":"https:\/\/www.visit-montenegro.com\/de\/wp-json\/wp\/v2\/types\/page"}],"author":[{"embeddable":true,"href":"https:\/\/www.visit-montenegro.com\/de\/wp-json\/wp\/v2\/users\/1"}],"replies":[{"embeddable":true,"href":"https:\/\/www.visit-montenegro.com\/de\/wp-json\/wp\/v2\/comments?post=133940"}],"version-history":[{"count":0,"href":"https:\/\/www.visit-montenegro.com\/de\/wp-json\/wp\/v2\/pages\/133940\/revisions"}],"up":[{"embeddable":true,"href":"https:\/\/www.visit-montenegro.com\/de\/wp-json\/wp\/v2\/pages\/134474"}],"wp:featuredmedia":[{"embeddable":true,"href":"https:\/\/www.visit-montenegro.com\/de\/wp-json\/wp\/v2\/media\/133941"}],"wp:attachment":[{"href":"https:\/\/www.visit-montenegro.com\/de\/wp-json\/wp\/v2\/media?parent=133940"}],"wp:term":[{"taxonomy":"post_tag","embeddable":true,"href":"https:\/\/www.visit-montenegro.com\/de\/wp-json\/wp\/v2\/tags?post=133940"}],"curies":[{"name":"wp","href":"https:\/\/api.w.org\/{rel}","templated":true}]}}