{"id":133946,"date":"2026-01-28T19:36:28","date_gmt":"2026-01-28T18:36:28","guid":{"rendered":"https:\/\/new.visit-montenegro.com\/zentral\/"},"modified":"2026-02-22T17:17:59","modified_gmt":"2026-02-22T16:17:59","slug":"zentral","status":"publish","type":"page","link":"https:\/\/www.visit-montenegro.com\/de\/entdecken\/zentral\/","title":{"rendered":"Entdecken Sie Zentralmontenegro"},"content":{"rendered":"\n<p><strong>Entdecken Sie Zentralmontenegro<\/strong> ist das pulsierende Gesch\u00e4fts- und Kulturzentrum Montenegros, das sich um <a href=\"https:\/\/www.visit-montenegro.com\/de\/reiseziele\/podgorica\/\">Podgorica<\/a> dreht. Es bietet eine vielf\u00e4ltige Mischung aus urbanem Leben, nat\u00fcrlichen Landschaften und historischen Regionen, was es zu einem idealen Ziel f\u00fcr Reisende macht, die sowohl Abenteuer als auch Entspannung suchen.<\/p>\n\n<hr class=\"wp-block-separator has-css-opacity\"\/>\n\n<h2 class=\"wp-block-heading\">Entdecken Sie die vielf\u00e4ltige Anziehungskraft Zentralmontenegros<\/h2>\n\n<p>Die Zentralregion, oder der Gesch\u00e4ftsteil Montenegros, hat seine Hauptstadt <a href=\"https:\/\/www.visit-montenegro.com\/de\/reiseziele\/podgorica\/\">Podgorica<\/a> im Zentrum. Dieses Gebiet dient als Knotenpunkt f\u00fcr Unternehmen, Unterhaltung und Entspannung. Folglich k\u00f6nnen Sie zwischen der nat\u00fcrlichen Umgebung von Seen und sanften Bergen oder dem urbanen Umfeld w\u00e4hlen. <strong>Entdecken Sie Zentralmontenegro<\/strong> ist selbst eine Mischung aus mehreren kleineren Regionen, die sich sowohl in der Landschaft als auch in der Geschichte unterscheiden.<\/p>\n\n<h2 class=\"wp-block-heading\">Podgorica: Das Herz Zentralmontenegros<\/h2>\n\n<p>Podgorica liegt im zentralen Teil Montenegros und stellt als Hauptstadt das administrative, wirtschaftliche, kulturelle und akademische Zentrum des Landes dar. Es zeichnet sich durch eine Harmonie traditioneller und moderner Architekturstile aus, die alte und neue Elemente nahtlos verbinden. Dar\u00fcber hinaus machen seine ideale Lage, leichte Erreichbarkeit und das g\u00fcnstige milde Klima es das ganze Jahr \u00fcber attraktiv f\u00fcr Besuche. Tats\u00e4chlich macht dies Podgorica zu einem \u00fcberzeugenden Ziel f\u00fcr alle Arten von Besuchern, die <strong>Zentralmontenegro entdecken<\/strong> m\u00f6chten.<\/p>\n\n<h2 class=\"wp-block-heading\">Touristische Ziele in der Zentralregion<\/h2>\n\n<div class=\"wp-block-query is-layout-flow wp-block-query-is-layout-flow\"><ul class=\"wp-block-post-template is-layout-flow wp-block-post-template-is-layout-flow\"><li class=\"wp-block-post post-134798 page type-page status-publish has-post-thumbnail hentry tag-central-destination tag-destination\">\n\n<div class=\"wp-block-columns alignwide is-layout-flex wp-container-core-columns-is-layout-9d6595d7 wp-block-columns-is-layout-flex\">\n<div class=\"wp-block-column is-layout-flow wp-block-column-is-layout-flow\" style=\"flex-basis:33.33%\"><figure class=\"wp-block-post-featured-image\"><a href=\"https:\/\/www.visit-montenegro.com\/de\/reiseziele\/cetinje\/\" target=\"_self\"  ><img loading=\"lazy\" decoding=\"async\" width=\"1024\" height=\"681\" src=\"https:\/\/www.visit-montenegro.com\/wp-content\/uploads\/2026\/01\/cetinje-monastery-1024x681.jpg\" class=\"attachment-large size-large wp-post-image\" alt=\"Cetinje\" style=\"object-fit:cover;\" srcset=\"https:\/\/www.visit-montenegro.com\/wp-content\/uploads\/2026\/01\/cetinje-monastery-1024x681.jpg 1024w, https:\/\/www.visit-montenegro.com\/wp-content\/uploads\/2026\/01\/cetinje-monastery-300x200.jpg 300w, https:\/\/www.visit-montenegro.com\/wp-content\/uploads\/2026\/01\/cetinje-monastery-768x511.jpg 768w, https:\/\/www.visit-montenegro.com\/wp-content\/uploads\/2026\/01\/cetinje-monastery-1536x1022.jpg 1536w, https:\/\/www.visit-montenegro.com\/wp-content\/uploads\/2026\/01\/cetinje-monastery-1200x798.jpg 1200w, https:\/\/www.visit-montenegro.com\/wp-content\/uploads\/2026\/01\/cetinje-monastery-scaled.jpg 1600w\" sizes=\"auto, (max-width: 1024px) 100vw, 1024px\" \/><\/a><\/figure><\/div>\n\n\n\n<div class=\"wp-block-column is-layout-flow wp-block-column-is-layout-flow\" style=\"flex-basis:66.66%\"><h2 class=\"wp-block-post-title\"><a href=\"https:\/\/www.visit-montenegro.com\/de\/reiseziele\/cetinje\/\" target=\"_self\" >Cetinje<\/a><\/h2>\n\n<div class=\"wp-block-post-excerpt\"><p class=\"wp-block-post-excerpt__excerpt\">Entdecken Sie <a href=\"https:\/\/www.visit-montenegro.com\/de\/reiseziele\/cetinje\/\">Cetinje<\/a>, ein historisches Juwel am Fu\u00dfe des Lovcen-Berges, reich an kulturellem Erbe und beeindruckender Architektur. Erkunden Sie seine Kl\u00f6ster, Museen und malerische Orte wie Ivanova korita f\u00fcr ein unvergessliches montenegrinisches Erlebnis.<\/p><p class=\"wp-block-post-excerpt__more-text\"><a class=\"wp-block-post-excerpt__more-link\" href=\"https:\/\/www.visit-montenegro.com\/de\/reiseziele\/cetinje\/\">Mehr lesen<\/a><\/p><\/div><\/div>\n<\/div>\n\n<\/li><li class=\"wp-block-post post-134566 page type-page status-publish has-post-thumbnail hentry tag-central-destination tag-destination\">\n\n<div class=\"wp-block-columns alignwide is-layout-flex wp-container-core-columns-is-layout-9d6595d7 wp-block-columns-is-layout-flex\">\n<div class=\"wp-block-column is-layout-flow wp-block-column-is-layout-flow\" style=\"flex-basis:33.33%\"><figure class=\"wp-block-post-featured-image\"><a href=\"https:\/\/www.visit-montenegro.com\/de\/reiseziele\/niksic\/\" target=\"_self\"  ><img loading=\"lazy\" decoding=\"async\" width=\"1024\" height=\"683\" src=\"https:\/\/www.visit-montenegro.com\/wp-content\/uploads\/2026\/01\/niksic-tsar-bridge-1024x683.jpg\" class=\"attachment-large size-large wp-post-image\" alt=\"Niksic\" style=\"object-fit:cover;\" srcset=\"https:\/\/www.visit-montenegro.com\/wp-content\/uploads\/2026\/01\/niksic-tsar-bridge-1024x683.jpg 1024w, https:\/\/www.visit-montenegro.com\/wp-content\/uploads\/2026\/01\/niksic-tsar-bridge-300x200.jpg 300w, https:\/\/www.visit-montenegro.com\/wp-content\/uploads\/2026\/01\/niksic-tsar-bridge-768x512.jpg 768w, https:\/\/www.visit-montenegro.com\/wp-content\/uploads\/2026\/01\/niksic-tsar-bridge-1536x1024.jpg 1536w, https:\/\/www.visit-montenegro.com\/wp-content\/uploads\/2026\/01\/niksic-tsar-bridge-1200x800.jpg 1200w, https:\/\/www.visit-montenegro.com\/wp-content\/uploads\/2026\/01\/niksic-tsar-bridge-scaled.jpg 1600w\" sizes=\"auto, (max-width: 1024px) 100vw, 1024px\" \/><\/a><\/figure><\/div>\n\n\n\n<div class=\"wp-block-column is-layout-flow wp-block-column-is-layout-flow\" style=\"flex-basis:66.66%\"><h2 class=\"wp-block-post-title\"><a href=\"https:\/\/www.visit-montenegro.com\/de\/reiseziele\/niksic\/\" target=\"_self\" >Niksic<\/a><\/h2>\n\n<div class=\"wp-block-post-excerpt\"><p class=\"wp-block-post-excerpt__excerpt\">Entdecken Sie Nik\u0161i\u0107, Montenegros zweitgr\u00f6\u00dfte Stadt, bekannt f\u00fcr ihre reiche Geschichte, lebendige Festivals und atemberaubende Natur. Vom <a href=\"https:\/\/www.visit-montenegro.com\/de\/reiseziele\/niksic\/sehenswuerdigkeiten\/lake-krupac\/\">Krupac-See<\/a> bis zum industriellen Erbe bietet sie ganzj\u00e4hrig Abenteuer.<\/p><p class=\"wp-block-post-excerpt__more-text\"><a class=\"wp-block-post-excerpt__more-link\" href=\"https:\/\/www.visit-montenegro.com\/de\/reiseziele\/niksic\/\">Mehr lesen<\/a><\/p><\/div><\/div>\n<\/div>\n\n<\/li><li class=\"wp-block-post post-134761 page type-page status-publish has-post-thumbnail hentry tag-central-destination tag-destination\">\n\n<div class=\"wp-block-columns alignwide is-layout-flex wp-container-core-columns-is-layout-9d6595d7 wp-block-columns-is-layout-flex\">\n<div class=\"wp-block-column is-layout-flow wp-block-column-is-layout-flow\" style=\"flex-basis:33.33%\"><figure class=\"wp-block-post-featured-image\"><a href=\"https:\/\/www.visit-montenegro.com\/de\/reiseziele\/podgorica\/\" target=\"_self\"  ><img loading=\"lazy\" decoding=\"async\" width=\"1024\" height=\"683\" src=\"https:\/\/www.visit-montenegro.com\/wp-content\/uploads\/2026\/01\/podgorica-milenium-bridge-1024x683.jpg\" class=\"attachment-large size-large wp-post-image\" alt=\"Podgorica\" style=\"object-fit:cover;\" srcset=\"https:\/\/www.visit-montenegro.com\/wp-content\/uploads\/2026\/01\/podgorica-milenium-bridge-1024x683.jpg 1024w, https:\/\/www.visit-montenegro.com\/wp-content\/uploads\/2026\/01\/podgorica-milenium-bridge-300x200.jpg 300w, https:\/\/www.visit-montenegro.com\/wp-content\/uploads\/2026\/01\/podgorica-milenium-bridge-768x512.jpg 768w, https:\/\/www.visit-montenegro.com\/wp-content\/uploads\/2026\/01\/podgorica-milenium-bridge-1536x1024.jpg 1536w, https:\/\/www.visit-montenegro.com\/wp-content\/uploads\/2026\/01\/podgorica-milenium-bridge-1200x800.jpg 1200w, https:\/\/www.visit-montenegro.com\/wp-content\/uploads\/2026\/01\/podgorica-milenium-bridge-scaled.jpg 1600w\" sizes=\"auto, (max-width: 1024px) 100vw, 1024px\" \/><\/a><\/figure><\/div>\n\n\n\n<div class=\"wp-block-column is-layout-flow wp-block-column-is-layout-flow\" style=\"flex-basis:66.66%\"><h2 class=\"wp-block-post-title\"><a href=\"https:\/\/www.visit-montenegro.com\/de\/reiseziele\/podgorica\/\" target=\"_self\" >Podgorica<\/a><\/h2>\n\n<div class=\"wp-block-post-excerpt\"><p class=\"wp-block-post-excerpt__excerpt\">Entdecken Sie Podgorica, die Hauptstadt Montenegros, eine moderne Stadt, die nach dem Zweiten Weltkrieg wiederaufgebaut wurde, mit reichen kulturellen St\u00e4tten, Gr\u00fcnfl\u00e4chen und guter Verkehrsanbindung. Erkunden Sie den nahe gelegenen Skadar-See, ein Naturwunder voller seltener Tierwelt, ideal f\u00fcr Naturliebhaber und Geschichtsinteressierte.<\/p><p class=\"wp-block-post-excerpt__more-text\"><a class=\"wp-block-post-excerpt__more-link\" href=\"https:\/\/www.visit-montenegro.com\/de\/reiseziele\/podgorica\/\">Mehr lesen<\/a><\/p><\/div><\/div>\n<\/div>\n\n<\/li><\/ul><\/div>\n","protected":false},"excerpt":{"rendered":"<p>Entdecken Sie Zentralmontenegro, eine lebendige Region mit Podgorica im Zentrum. Sie vereint urbanes Leben mit nat\u00fcrlicher Sch\u00f6nheit und bietet vielf\u00e4ltige Landschaften und eine reiche Geschichte f\u00fcr ein unvergessliches Reiseerlebnis.<\/p>\n","protected":false},"author":1,"featured_media":133947,"parent":134474,"menu_order":0,"comment_status":"closed","ping_status":"closed","template":"","meta":{"_yoast_wpseo_focuskw":"Entdecken Sie Zentralmontenegro","_yoast_wpseo_metadesc":"Entdecken Sie Zentralmontenegro: Erkunden Sie den Charme Podgoricas, nat\u00fcrliche Wunder und kulturelle Sch\u00e4tze. Planen Sie noch heute Ihre perfekte Reise in diese vielf\u00e4ltige und lebendige Region!","_kad_post_transparent":"","_kad_post_title":"","_kad_post_layout":"","_kad_post_sidebar_id":"","_kad_post_content_style":"","_kad_post_vertical_padding":"","_kad_post_feature":"","_kad_post_feature_position":"","_kad_post_header":false,"_kad_post_footer":false,"_kad_post_classname":"","iawp_total_views":1,"footnotes":""},"tags":[],"class_list":["post-133946","page","type-page","status-publish","has-post-thumbnail","hentry"],"yoast_head":"<!-- This site is optimized with the Yoast SEO plugin v27.3 - https:\/\/yoast.com\/product\/yoast-seo-wordpress\/ -->\n<title>Entdecken Sie Zentralmontenegro - Visit Montenegro<\/title>\n<meta name=\"description\" content=\"Entdecken Sie Zentralmontenegro: Erkunden Sie den Charme Podgoricas, nat\u00fcrliche Wunder und kulturelle Sch\u00e4tze. Planen Sie noch heute Ihre perfekte Reise in diese vielf\u00e4ltige und lebendige Region!\" \/>\n<meta name=\"robots\" content=\"index, follow, max-snippet:-1, max-image-preview:large, max-video-preview:-1\" \/>\n<link rel=\"canonical\" href=\"https:\/\/www.visit-montenegro.com\/de\/entdecken\/zentral\/\" \/>\n<meta property=\"og:locale\" content=\"de_DE\" \/>\n<meta property=\"og:type\" content=\"article\" \/>\n<meta property=\"og:title\" content=\"Entdecken Sie Zentralmontenegro - Visit Montenegro\" \/>\n<meta property=\"og:description\" content=\"Entdecken Sie Zentralmontenegro: Erkunden Sie den Charme Podgoricas, nat\u00fcrliche Wunder und kulturelle Sch\u00e4tze. Planen Sie noch heute Ihre perfekte Reise in diese vielf\u00e4ltige und lebendige Region!\" \/>\n<meta property=\"og:url\" content=\"https:\/\/www.visit-montenegro.com\/de\/entdecken\/zentral\/\" \/>\n<meta property=\"og:site_name\" content=\"Visit Montenegro\" \/>\n<meta property=\"article:publisher\" content=\"https:\/\/www.facebook.com\/visitmontenegro\" \/>\n<meta property=\"article:modified_time\" content=\"2026-02-22T16:17:59+00:00\" \/>\n<meta property=\"og:image\" content=\"https:\/\/www.visit-montenegro.com\/wp-content\/uploads\/2026\/01\/lake-skadar-03-scaled.jpg\" \/>\n\t<meta property=\"og:image:width\" content=\"1600\" \/>\n\t<meta property=\"og:image:height\" content=\"1040\" \/>\n\t<meta property=\"og:image:type\" content=\"image\/jpeg\" \/>\n<meta name=\"twitter:card\" content=\"summary_large_image\" \/>\n<meta name=\"twitter:site\" content=\"@visitmontenegro\" \/>\n<meta name=\"twitter:label1\" content=\"Gesch\u00e4tzte Lesezeit\" \/>\n\t<meta name=\"twitter:data1\" content=\"1\u00a0Minute\" \/>\n<script type=\"application\/ld+json\" class=\"yoast-schema-graph\">{\"@context\":\"https:\\\/\\\/schema.org\",\"@graph\":[{\"@type\":\"WebPage\",\"@id\":\"https:\\\/\\\/www.visit-montenegro.com\\\/de\\\/entdecken\\\/zentral\\\/\",\"url\":\"https:\\\/\\\/www.visit-montenegro.com\\\/de\\\/entdecken\\\/zentral\\\/\",\"name\":\"Entdecken Sie Zentralmontenegro - Visit Montenegro\",\"isPartOf\":{\"@id\":\"https:\\\/\\\/www.visit-montenegro.com\\\/de\\\/#website\"},\"primaryImageOfPage\":{\"@id\":\"https:\\\/\\\/www.visit-montenegro.com\\\/de\\\/entdecken\\\/zentral\\\/#primaryimage\"},\"image\":{\"@id\":\"https:\\\/\\\/www.visit-montenegro.com\\\/de\\\/entdecken\\\/zentral\\\/#primaryimage\"},\"thumbnailUrl\":\"https:\\\/\\\/www.visit-montenegro.com\\\/wp-content\\\/uploads\\\/2026\\\/01\\\/lake-skadar-03-scaled.jpg\",\"datePublished\":\"2026-01-28T18:36:28+00:00\",\"dateModified\":\"2026-02-22T16:17:59+00:00\",\"description\":\"Entdecken Sie Zentralmontenegro: Erkunden Sie den Charme Podgoricas, nat\u00fcrliche Wunder und kulturelle Sch\u00e4tze. Planen Sie noch heute Ihre perfekte Reise in diese vielf\u00e4ltige und lebendige Region!\",\"breadcrumb\":{\"@id\":\"https:\\\/\\\/www.visit-montenegro.com\\\/de\\\/entdecken\\\/zentral\\\/#breadcrumb\"},\"inLanguage\":\"de\",\"potentialAction\":[{\"@type\":\"ReadAction\",\"target\":[\"https:\\\/\\\/www.visit-montenegro.com\\\/de\\\/entdecken\\\/zentral\\\/\"]}]},{\"@type\":\"ImageObject\",\"inLanguage\":\"de\",\"@id\":\"https:\\\/\\\/www.visit-montenegro.com\\\/de\\\/entdecken\\\/zentral\\\/#primaryimage\",\"url\":\"https:\\\/\\\/www.visit-montenegro.com\\\/wp-content\\\/uploads\\\/2026\\\/01\\\/lake-skadar-03-scaled.jpg\",\"contentUrl\":\"https:\\\/\\\/www.visit-montenegro.com\\\/wp-content\\\/uploads\\\/2026\\\/01\\\/lake-skadar-03-scaled.jpg\",\"width\":1600,\"height\":1040},{\"@type\":\"BreadcrumbList\",\"@id\":\"https:\\\/\\\/www.visit-montenegro.com\\\/de\\\/entdecken\\\/zentral\\\/#breadcrumb\",\"itemListElement\":[{\"@type\":\"ListItem\",\"position\":1,\"name\":\"Home\",\"item\":\"https:\\\/\\\/www.visit-montenegro.com\\\/de\\\/home\\\/\"},{\"@type\":\"ListItem\",\"position\":2,\"name\":\"Entdecken Sie Montenegro\",\"item\":\"https:\\\/\\\/www.visit-montenegro.com\\\/de\\\/entdecken\\\/\"},{\"@type\":\"ListItem\",\"position\":3,\"name\":\"Entdecken Sie Zentralmontenegro\"}]},{\"@type\":\"WebSite\",\"@id\":\"https:\\\/\\\/www.visit-montenegro.com\\\/de\\\/#website\",\"url\":\"https:\\\/\\\/www.visit-montenegro.com\\\/de\\\/\",\"name\":\"Visit Montenegro\",\"description\":\"Breathtaking beauty\",\"publisher\":{\"@id\":\"https:\\\/\\\/www.visit-montenegro.com\\\/de\\\/#organization\"},\"potentialAction\":[{\"@type\":\"SearchAction\",\"target\":{\"@type\":\"EntryPoint\",\"urlTemplate\":\"https:\\\/\\\/www.visit-montenegro.com\\\/de\\\/?s={search_term_string}\"},\"query-input\":{\"@type\":\"PropertyValueSpecification\",\"valueRequired\":true,\"valueName\":\"search_term_string\"}}],\"inLanguage\":\"de\"},{\"@type\":\"Organization\",\"@id\":\"https:\\\/\\\/www.visit-montenegro.com\\\/de\\\/#organization\",\"name\":\"Visit Montenegro\",\"url\":\"https:\\\/\\\/www.visit-montenegro.com\\\/de\\\/\",\"logo\":{\"@type\":\"ImageObject\",\"inLanguage\":\"de\",\"@id\":\"https:\\\/\\\/www.visit-montenegro.com\\\/de\\\/#\\\/schema\\\/logo\\\/image\\\/\",\"url\":\"https:\\\/\\\/www.visit-montenegro.com\\\/wp-content\\\/uploads\\\/2017\\\/10\\\/logo-amp.png\",\"contentUrl\":\"https:\\\/\\\/www.visit-montenegro.com\\\/wp-content\\\/uploads\\\/2017\\\/10\\\/logo-amp.png\",\"width\":190,\"height\":36,\"caption\":\"Visit Montenegro\"},\"image\":{\"@id\":\"https:\\\/\\\/www.visit-montenegro.com\\\/de\\\/#\\\/schema\\\/logo\\\/image\\\/\"},\"sameAs\":[\"https:\\\/\\\/www.facebook.com\\\/visitmontenegro\",\"https:\\\/\\\/x.com\\\/visitmontenegro\",\"https:\\\/\\\/www.instagram.com\\\/visit_montenegro\\\/\",\"https:\\\/\\\/www.youtube.com\\\/user\\\/VisitMontenegro\"]}]}<\/script>\n<!-- \/ Yoast SEO plugin. -->","yoast_head_json":{"title":"Entdecken Sie Zentralmontenegro - Visit Montenegro","description":"Entdecken Sie Zentralmontenegro: Erkunden Sie den Charme Podgoricas, nat\u00fcrliche Wunder und kulturelle Sch\u00e4tze. Planen Sie noch heute Ihre perfekte Reise in diese vielf\u00e4ltige und lebendige Region!","robots":{"index":"index","follow":"follow","max-snippet":"max-snippet:-1","max-image-preview":"max-image-preview:large","max-video-preview":"max-video-preview:-1"},"canonical":"https:\/\/www.visit-montenegro.com\/de\/entdecken\/zentral\/","og_locale":"de_DE","og_type":"article","og_title":"Entdecken Sie Zentralmontenegro - Visit Montenegro","og_description":"Entdecken Sie Zentralmontenegro: Erkunden Sie den Charme Podgoricas, nat\u00fcrliche Wunder und kulturelle Sch\u00e4tze. Planen Sie noch heute Ihre perfekte Reise in diese vielf\u00e4ltige und lebendige Region!","og_url":"https:\/\/www.visit-montenegro.com\/de\/entdecken\/zentral\/","og_site_name":"Visit Montenegro","article_publisher":"https:\/\/www.facebook.com\/visitmontenegro","article_modified_time":"2026-02-22T16:17:59+00:00","og_image":[{"width":1600,"height":1040,"url":"https:\/\/www.visit-montenegro.com\/wp-content\/uploads\/2026\/01\/lake-skadar-03-scaled.jpg","type":"image\/jpeg"}],"twitter_card":"summary_large_image","twitter_site":"@visitmontenegro","twitter_misc":{"Gesch\u00e4tzte Lesezeit":"1\u00a0Minute"},"schema":{"@context":"https:\/\/schema.org","@graph":[{"@type":"WebPage","@id":"https:\/\/www.visit-montenegro.com\/de\/entdecken\/zentral\/","url":"https:\/\/www.visit-montenegro.com\/de\/entdecken\/zentral\/","name":"Entdecken Sie Zentralmontenegro - Visit Montenegro","isPartOf":{"@id":"https:\/\/www.visit-montenegro.com\/de\/#website"},"primaryImageOfPage":{"@id":"https:\/\/www.visit-montenegro.com\/de\/entdecken\/zentral\/#primaryimage"},"image":{"@id":"https:\/\/www.visit-montenegro.com\/de\/entdecken\/zentral\/#primaryimage"},"thumbnailUrl":"https:\/\/www.visit-montenegro.com\/wp-content\/uploads\/2026\/01\/lake-skadar-03-scaled.jpg","datePublished":"2026-01-28T18:36:28+00:00","dateModified":"2026-02-22T16:17:59+00:00","description":"Entdecken Sie Zentralmontenegro: Erkunden Sie den Charme Podgoricas, nat\u00fcrliche Wunder und kulturelle Sch\u00e4tze. Planen Sie noch heute Ihre perfekte Reise in diese vielf\u00e4ltige und lebendige Region!","breadcrumb":{"@id":"https:\/\/www.visit-montenegro.com\/de\/entdecken\/zentral\/#breadcrumb"},"inLanguage":"de","potentialAction":[{"@type":"ReadAction","target":["https:\/\/www.visit-montenegro.com\/de\/entdecken\/zentral\/"]}]},{"@type":"ImageObject","inLanguage":"de","@id":"https:\/\/www.visit-montenegro.com\/de\/entdecken\/zentral\/#primaryimage","url":"https:\/\/www.visit-montenegro.com\/wp-content\/uploads\/2026\/01\/lake-skadar-03-scaled.jpg","contentUrl":"https:\/\/www.visit-montenegro.com\/wp-content\/uploads\/2026\/01\/lake-skadar-03-scaled.jpg","width":1600,"height":1040},{"@type":"BreadcrumbList","@id":"https:\/\/www.visit-montenegro.com\/de\/entdecken\/zentral\/#breadcrumb","itemListElement":[{"@type":"ListItem","position":1,"name":"Home","item":"https:\/\/www.visit-montenegro.com\/de\/home\/"},{"@type":"ListItem","position":2,"name":"Entdecken Sie Montenegro","item":"https:\/\/www.visit-montenegro.com\/de\/entdecken\/"},{"@type":"ListItem","position":3,"name":"Entdecken Sie Zentralmontenegro"}]},{"@type":"WebSite","@id":"https:\/\/www.visit-montenegro.com\/de\/#website","url":"https:\/\/www.visit-montenegro.com\/de\/","name":"Visit Montenegro","description":"Breathtaking beauty","publisher":{"@id":"https:\/\/www.visit-montenegro.com\/de\/#organization"},"potentialAction":[{"@type":"SearchAction","target":{"@type":"EntryPoint","urlTemplate":"https:\/\/www.visit-montenegro.com\/de\/?s={search_term_string}"},"query-input":{"@type":"PropertyValueSpecification","valueRequired":true,"valueName":"search_term_string"}}],"inLanguage":"de"},{"@type":"Organization","@id":"https:\/\/www.visit-montenegro.com\/de\/#organization","name":"Visit Montenegro","url":"https:\/\/www.visit-montenegro.com\/de\/","logo":{"@type":"ImageObject","inLanguage":"de","@id":"https:\/\/www.visit-montenegro.com\/de\/#\/schema\/logo\/image\/","url":"https:\/\/www.visit-montenegro.com\/wp-content\/uploads\/2017\/10\/logo-amp.png","contentUrl":"https:\/\/www.visit-montenegro.com\/wp-content\/uploads\/2017\/10\/logo-amp.png","width":190,"height":36,"caption":"Visit Montenegro"},"image":{"@id":"https:\/\/www.visit-montenegro.com\/de\/#\/schema\/logo\/image\/"},"sameAs":["https:\/\/www.facebook.com\/visitmontenegro","https:\/\/x.com\/visitmontenegro","https:\/\/www.instagram.com\/visit_montenegro\/","https:\/\/www.youtube.com\/user\/VisitMontenegro"]}]}},"translations":[],"_links":{"self":[{"href":"https:\/\/www.visit-montenegro.com\/de\/wp-json\/wp\/v2\/pages\/133946","targetHints":{"allow":["GET"]}}],"collection":[{"href":"https:\/\/www.visit-montenegro.com\/de\/wp-json\/wp\/v2\/pages"}],"about":[{"href":"https:\/\/www.visit-montenegro.com\/de\/wp-json\/wp\/v2\/types\/page"}],"author":[{"embeddable":true,"href":"https:\/\/www.visit-montenegro.com\/de\/wp-json\/wp\/v2\/users\/1"}],"replies":[{"embeddable":true,"href":"https:\/\/www.visit-montenegro.com\/de\/wp-json\/wp\/v2\/comments?post=133946"}],"version-history":[{"count":0,"href":"https:\/\/www.visit-montenegro.com\/de\/wp-json\/wp\/v2\/pages\/133946\/revisions"}],"up":[{"embeddable":true,"href":"https:\/\/www.visit-montenegro.com\/de\/wp-json\/wp\/v2\/pages\/134474"}],"wp:featuredmedia":[{"embeddable":true,"href":"https:\/\/www.visit-montenegro.com\/de\/wp-json\/wp\/v2\/media\/133947"}],"wp:attachment":[{"href":"https:\/\/www.visit-montenegro.com\/de\/wp-json\/wp\/v2\/media?parent=133946"}],"wp:term":[{"taxonomy":"post_tag","embeddable":true,"href":"https:\/\/www.visit-montenegro.com\/de\/wp-json\/wp\/v2\/tags?post=133946"}],"curies":[{"name":"wp","href":"https:\/\/api.w.org\/{rel}","templated":true}]}}