{"id":133970,"date":"2026-01-28T19:17:00","date_gmt":"2026-01-28T18:17:00","guid":{"rendered":"https:\/\/new.visit-montenegro.com\/buying-a-property-in-montenegro\/"},"modified":"2026-02-23T14:24:45","modified_gmt":"2026-02-23T13:24:45","slug":"buying-a-property-in-montenegro","status":"publish","type":"page","link":"https:\/\/www.visit-montenegro.com\/de\/montenegro\/buying-a-property-in-montenegro\/","title":{"rendered":"Immobilienkauf in Montenegro"},"content":{"rendered":"\n<p>Montenegro ist ein europ\u00e4isches Reiseziel, das Auswanderer und digitale Nomaden mit seinem sonnigen Klima, der landschaftlichen Sch\u00f6nheit und dem erschwinglichen Leben anzieht, was viele dazu veranlasst, den <strong>Immobilienkauf in Montenegro<\/strong> f\u00fcr ein dauerhaftes oder saisonales Zuhause in Betracht zu ziehen.<\/p>\n\n<hr class=\"wp-block-separator has-alpha-channel-opacity\"\/>\n\n<h2 class=\"wp-block-heading\">Rechtlicher Rahmen f\u00fcr ausl\u00e4ndischen Immobilienbesitz<\/h2>\n\n<p>Ausl\u00e4nder in Montenegro haben das Recht, Immobilien unter denselben Bedingungen wie inl\u00e4ndische Personen zu erwerben und ben\u00f6tigen lediglich ein Identit\u00e4tsdokument. Das Gesetz \u00fcber Eigentumsverh\u00e4ltnisse schr\u00e4nkt jedoch den Besitz bestimmter Verm\u00f6genswerte ein. Tats\u00e4chlich k\u00f6nnen Ausl\u00e4nder keine nat\u00fcrlichen Ressourcen, \u00f6ffentliche G\u00fcter, landwirtschaftliche Fl\u00e4chen, W\u00e4lder und Waldfl\u00e4chen, Kulturdenkm\u00e4ler von gro\u00dfer und besonderer Bedeutung, Immobilien in einem Landgrenzgebiet bis zu einem Kilometer Tiefe, Inseln oder Immobilien in Gebieten, die f\u00fcr die nationale Sicherheit bestimmt sind, besitzen.<\/p>\n\n<p>Ausnahmsweise k\u00f6nnen Ausl\u00e4nder Eigentum an landwirtschaftlichen Fl\u00e4chen, W\u00e4ldern oder Waldfl\u00e4chen bis zu 5.000 m\u00b2 erwerben, wenn ein Wohngeb\u00e4ude auf diesem Grundst\u00fcck Teil des Kauf-, Schenkungs- oder Tauschvertrags ist. Dar\u00fcber hinaus k\u00f6nnen sie Anspruch auf langfristige Pachten, Konzessionen, BOT-Vereinbarungen oder andere \u00f6ffentlich-private Partnerschaften f\u00fcr diese eingeschr\u00e4nkten Immobilien haben. Durch rechtliche Transaktionen k\u00f6nnen Ausl\u00e4nder das Eigentum an inl\u00e4ndische Personen oder andere berechtigte Ausl\u00e4nder \u00fcbertragen.<\/p>\n\n<h3 class=\"wp-block-heading\">H\u00e4ufige Kosten bei Immobilientransaktionen<\/h3>\n\n<p><strong>Hier ist eine Liste der h\u00e4ufigen Kosten und wer sie zahlt:<\/strong><\/p>\n\n<ul class=\"wp-block-list\">\n<li>Anwaltsgeb\u00fchren<\/li>\n\n\n\n<li>Verk\u00e4ufer zahlt die Maklerprovision<\/li>\n\n\n\n<li>Der K\u00e4ufer tr\u00e4gt die Notarkosten.<\/li>\n\n\n\n<li>Der K\u00e4ufer zahlt 3% Grunderwerbsteuer.<\/li>\n\n\n\n<li>Kosten f\u00fcr die Gesellschaftsgr\u00fcndung und Registereintragung beim Immobilienkauf.<\/li>\n<\/ul>\n\n<h2 class=\"wp-block-heading\">Detaillierte Aufschl\u00fcsselung der Immobilienkaufkosten<\/h2>\n\n<h3 class=\"wp-block-heading\">Reservierungsanzahlung<\/h3>\n\n<p>Normalerweise \u20ac5.000 \u2013 \u20ac10.000<\/p>\n\n<h3 class=\"wp-block-heading\">Anwaltskosten<\/h3>\n\n<p>Etwa \u20ac1.000 f\u00fcr den Kauf einer mittelgro\u00dfen Wohnung und vor dem Termin best\u00e4tigt<\/p>\n\n<h3 class=\"wp-block-heading\">Vollmacht<\/h3>\n\n<p>Etwa \u20ac50 bis \u20ac120 einschlie\u00dflich der \u00dcbersetzung<\/p>\n\n<h3 class=\"wp-block-heading\">Notargeb\u00fchr f\u00fcr die Beglaubigung des Hauptkaufvertrags<\/h3>\n\n<ul class=\"wp-block-list\">\n<li>0 \u2013 5,000 = 70 \u20ac<\/li>\n\n\n\n<li>5,001 \u2013 20,000 = 120 \u20ac<\/li>\n\n\n\n<li>20,001 \u2013 40,000 = 170 \u20ac<\/li>\n\n\n\n<li>40,001 \u2013 60,000 = 250 \u20ac<\/li>\n\n\n\n<li>60,001 \u2013 80,000 = 300 \u20ac<\/li>\n\n\n\n<li>80,001 \u2013 120,000 = 350 \u20ac<\/li>\n<\/ul>\n\n<p>F\u00fcr Immobilien mit einem Wert \u00fcber \u20ac120.000 erh\u00f6ht sich die Geb\u00fchr um \u20ac10 f\u00fcr jede \u20ac15.000 Erh\u00f6hung des Preises, mit einer maximalen Geb\u00fchr von \u20ac5.000.<\/p>\n\n<h3 class=\"wp-block-heading\">\u00dcbersetzung von Dokumenten<\/h3>\n\n<p>Die \u00dcbersetzung der Vollmacht und des Vertrags erfolgt durch einen zertifizierten Gerichtsdolmetscher zu etwa \u20ac20 pro Seite. Ein Standardvertrag umfasst normalerweise 5 Seiten, sodass die Gesamtkosten zwischen \u20ac100 und \u20ac200 liegen, wobei zus\u00e4tzliche \u00c4nderungen berechnet werden.<\/p>\n\n<h3 class=\"wp-block-heading\">Katastersteuern und -kosten<\/h3>\n\n<p>Katastersteuern betragen durchschnittlich \u20ac15.<\/p>\n\n<h2 class=\"wp-block-heading\">Immobilienmarktpreise in Montenegro<\/h2>\n\n<p>Der durchschnittliche Preis pro Quadratmeter f\u00fcr eine Wohnung in <a href=\"https:\/\/www.visit-montenegro.com\/de\/reiseziele\/podgorica\/\">Podgorica<\/a> betr\u00e4gt 1.056 Euro\/qm, in K\u00fcstenbadeorten 1.576 Euro\/qm, in der zentralen Region 650 Euro\/qm und in n\u00f6rdlichen Gebieten 875 Euro\/qm f\u00fcr Neubauten. Folglich bietet diese Vielfalt Optionen f\u00fcr verschiedene Budgets beim <strong>Immobilienkauf in Montenegro<\/strong>.<\/p>\n","protected":false},"excerpt":{"rendered":"<p>Erkunden Sie den Prozess des Immobilienkaufs in Montenegro, von rechtlichen Beschr\u00e4nkungen f\u00fcr Ausl\u00e4nder bis hin zu detaillierten Kostenaufschl\u00fcsselungen und Marktpreisen. Dieser Leitfaden hilft Ihnen, Eigentumsm\u00f6glichkeiten in diesem malerischen europ\u00e4ischen Reiseziel zu navigieren.<\/p>\n","protected":false},"author":1,"featured_media":133971,"parent":133960,"menu_order":0,"comment_status":"open","ping_status":"open","template":"","meta":{"_yoast_wpseo_focuskw":"Immobilienkauf in Montenegro","_yoast_wpseo_metadesc":"Erfahren Sie alles \u00fcber den Immobilienkauf in Montenegro: rechtliche Regelungen, Kosten und Preise. Ein unverzichtbarer Leitfaden f\u00fcr Auswanderer und Investoren, die ein Zuhause in diesem sch\u00f6nen Land suchen.","_kad_post_transparent":"","_kad_post_title":"","_kad_post_layout":"","_kad_post_sidebar_id":"","_kad_post_content_style":"","_kad_post_vertical_padding":"","_kad_post_feature":"","_kad_post_feature_position":"","_kad_post_header":false,"_kad_post_footer":false,"_kad_post_classname":"","iawp_total_views":25,"footnotes":""},"tags":[],"class_list":["post-133970","page","type-page","status-publish","has-post-thumbnail","hentry"],"yoast_head":"<!-- This site is optimized with the Yoast SEO plugin v27.4 - https:\/\/yoast.com\/product\/yoast-seo-wordpress\/ -->\n<title>Immobilienkauf in Montenegro - Visit Montenegro<\/title>\n<meta name=\"description\" content=\"Erfahren Sie alles \u00fcber den Immobilienkauf in Montenegro: rechtliche Regelungen, Kosten und Preise. Ein unverzichtbarer Leitfaden f\u00fcr Auswanderer und Investoren, die ein Zuhause in diesem sch\u00f6nen Land suchen.\" \/>\n<meta name=\"robots\" content=\"index, follow, max-snippet:-1, max-image-preview:large, max-video-preview:-1\" \/>\n<link rel=\"canonical\" href=\"https:\/\/www.visit-montenegro.com\/de\/montenegro\/buying-a-property-in-montenegro\/\" \/>\n<meta property=\"og:locale\" content=\"de_DE\" \/>\n<meta property=\"og:type\" content=\"article\" \/>\n<meta property=\"og:title\" content=\"Immobilienkauf in Montenegro - Visit Montenegro\" \/>\n<meta property=\"og:description\" content=\"Erfahren Sie alles \u00fcber den Immobilienkauf in Montenegro: rechtliche Regelungen, Kosten und Preise. Ein unverzichtbarer Leitfaden f\u00fcr Auswanderer und Investoren, die ein Zuhause in diesem sch\u00f6nen Land suchen.\" \/>\n<meta property=\"og:url\" content=\"https:\/\/www.visit-montenegro.com\/de\/montenegro\/buying-a-property-in-montenegro\/\" \/>\n<meta property=\"og:site_name\" content=\"Visit Montenegro\" \/>\n<meta property=\"article:publisher\" content=\"https:\/\/www.facebook.com\/visitmontenegro\" \/>\n<meta property=\"article:modified_time\" content=\"2026-02-23T13:24:45+00:00\" \/>\n<meta property=\"og:image\" content=\"https:\/\/www.visit-montenegro.com\/wp-content\/uploads\/2019\/05\/hotel-chedi-lustica-bay.jpg\" \/>\n\t<meta property=\"og:image:width\" content=\"1280\" \/>\n\t<meta property=\"og:image:height\" content=\"853\" \/>\n\t<meta property=\"og:image:type\" content=\"image\/jpeg\" \/>\n<meta name=\"twitter:card\" content=\"summary_large_image\" \/>\n<meta name=\"twitter:site\" content=\"@visitmontenegro\" \/>\n<meta name=\"twitter:label1\" content=\"Gesch\u00e4tzte Lesezeit\" \/>\n\t<meta name=\"twitter:data1\" content=\"2\u00a0Minuten\" \/>\n<script type=\"application\/ld+json\" class=\"yoast-schema-graph\">{\"@context\":\"https:\\\/\\\/schema.org\",\"@graph\":[{\"@type\":\"WebPage\",\"@id\":\"https:\\\/\\\/www.visit-montenegro.com\\\/de\\\/montenegro\\\/buying-a-property-in-montenegro\\\/\",\"url\":\"https:\\\/\\\/www.visit-montenegro.com\\\/de\\\/montenegro\\\/buying-a-property-in-montenegro\\\/\",\"name\":\"Immobilienkauf in Montenegro - Visit Montenegro\",\"isPartOf\":{\"@id\":\"https:\\\/\\\/www.visit-montenegro.com\\\/de\\\/#website\"},\"primaryImageOfPage\":{\"@id\":\"https:\\\/\\\/www.visit-montenegro.com\\\/de\\\/montenegro\\\/buying-a-property-in-montenegro\\\/#primaryimage\"},\"image\":{\"@id\":\"https:\\\/\\\/www.visit-montenegro.com\\\/de\\\/montenegro\\\/buying-a-property-in-montenegro\\\/#primaryimage\"},\"thumbnailUrl\":\"https:\\\/\\\/www.visit-montenegro.com\\\/wp-content\\\/uploads\\\/2019\\\/05\\\/hotel-chedi-lustica-bay.jpg\",\"datePublished\":\"2026-01-28T18:17:00+00:00\",\"dateModified\":\"2026-02-23T13:24:45+00:00\",\"description\":\"Erfahren Sie alles \u00fcber den Immobilienkauf in Montenegro: rechtliche Regelungen, Kosten und Preise. Ein unverzichtbarer Leitfaden f\u00fcr Auswanderer und Investoren, die ein Zuhause in diesem sch\u00f6nen Land suchen.\",\"breadcrumb\":{\"@id\":\"https:\\\/\\\/www.visit-montenegro.com\\\/de\\\/montenegro\\\/buying-a-property-in-montenegro\\\/#breadcrumb\"},\"inLanguage\":\"de\",\"potentialAction\":[{\"@type\":\"ReadAction\",\"target\":[\"https:\\\/\\\/www.visit-montenegro.com\\\/de\\\/montenegro\\\/buying-a-property-in-montenegro\\\/\"]}]},{\"@type\":\"ImageObject\",\"inLanguage\":\"de\",\"@id\":\"https:\\\/\\\/www.visit-montenegro.com\\\/de\\\/montenegro\\\/buying-a-property-in-montenegro\\\/#primaryimage\",\"url\":\"https:\\\/\\\/www.visit-montenegro.com\\\/wp-content\\\/uploads\\\/2019\\\/05\\\/hotel-chedi-lustica-bay.jpg\",\"contentUrl\":\"https:\\\/\\\/www.visit-montenegro.com\\\/wp-content\\\/uploads\\\/2019\\\/05\\\/hotel-chedi-lustica-bay.jpg\",\"width\":1280,\"height\":853},{\"@type\":\"BreadcrumbList\",\"@id\":\"https:\\\/\\\/www.visit-montenegro.com\\\/de\\\/montenegro\\\/buying-a-property-in-montenegro\\\/#breadcrumb\",\"itemListElement\":[{\"@type\":\"ListItem\",\"position\":1,\"name\":\"Home\",\"item\":\"https:\\\/\\\/www.visit-montenegro.com\\\/de\\\/\"},{\"@type\":\"ListItem\",\"position\":2,\"name\":\"Immobilienkauf in Montenegro\"}]},{\"@type\":\"WebSite\",\"@id\":\"https:\\\/\\\/www.visit-montenegro.com\\\/de\\\/#website\",\"url\":\"https:\\\/\\\/www.visit-montenegro.com\\\/de\\\/\",\"name\":\"Visit Montenegro\",\"description\":\"Breathtaking beauty\",\"publisher\":{\"@id\":\"https:\\\/\\\/www.visit-montenegro.com\\\/de\\\/#organization\"},\"potentialAction\":[{\"@type\":\"SearchAction\",\"target\":{\"@type\":\"EntryPoint\",\"urlTemplate\":\"https:\\\/\\\/www.visit-montenegro.com\\\/de\\\/?s={search_term_string}\"},\"query-input\":{\"@type\":\"PropertyValueSpecification\",\"valueRequired\":true,\"valueName\":\"search_term_string\"}}],\"inLanguage\":\"de\"},{\"@type\":\"Organization\",\"@id\":\"https:\\\/\\\/www.visit-montenegro.com\\\/de\\\/#organization\",\"name\":\"Visit Montenegro\",\"url\":\"https:\\\/\\\/www.visit-montenegro.com\\\/de\\\/\",\"logo\":{\"@type\":\"ImageObject\",\"inLanguage\":\"de\",\"@id\":\"https:\\\/\\\/www.visit-montenegro.com\\\/de\\\/#\\\/schema\\\/logo\\\/image\\\/\",\"url\":\"https:\\\/\\\/www.visit-montenegro.com\\\/wp-content\\\/uploads\\\/2017\\\/10\\\/logo-amp.png\",\"contentUrl\":\"https:\\\/\\\/www.visit-montenegro.com\\\/wp-content\\\/uploads\\\/2017\\\/10\\\/logo-amp.png\",\"width\":190,\"height\":36,\"caption\":\"Visit Montenegro\"},\"image\":{\"@id\":\"https:\\\/\\\/www.visit-montenegro.com\\\/de\\\/#\\\/schema\\\/logo\\\/image\\\/\"},\"sameAs\":[\"https:\\\/\\\/www.facebook.com\\\/visitmontenegro\",\"https:\\\/\\\/x.com\\\/visitmontenegro\",\"https:\\\/\\\/www.instagram.com\\\/visit_montenegro\\\/\",\"https:\\\/\\\/www.youtube.com\\\/user\\\/VisitMontenegro\"]}]}<\/script>\n<!-- \/ Yoast SEO plugin. -->","yoast_head_json":{"title":"Immobilienkauf in Montenegro - Visit Montenegro","description":"Erfahren Sie alles \u00fcber den Immobilienkauf in Montenegro: rechtliche Regelungen, Kosten und Preise. Ein unverzichtbarer Leitfaden f\u00fcr Auswanderer und Investoren, die ein Zuhause in diesem sch\u00f6nen Land suchen.","robots":{"index":"index","follow":"follow","max-snippet":"max-snippet:-1","max-image-preview":"max-image-preview:large","max-video-preview":"max-video-preview:-1"},"canonical":"https:\/\/www.visit-montenegro.com\/de\/montenegro\/buying-a-property-in-montenegro\/","og_locale":"de_DE","og_type":"article","og_title":"Immobilienkauf in Montenegro - Visit Montenegro","og_description":"Erfahren Sie alles \u00fcber den Immobilienkauf in Montenegro: rechtliche Regelungen, Kosten und Preise. Ein unverzichtbarer Leitfaden f\u00fcr Auswanderer und Investoren, die ein Zuhause in diesem sch\u00f6nen Land suchen.","og_url":"https:\/\/www.visit-montenegro.com\/de\/montenegro\/buying-a-property-in-montenegro\/","og_site_name":"Visit Montenegro","article_publisher":"https:\/\/www.facebook.com\/visitmontenegro","article_modified_time":"2026-02-23T13:24:45+00:00","og_image":[{"width":1280,"height":853,"url":"https:\/\/www.visit-montenegro.com\/wp-content\/uploads\/2019\/05\/hotel-chedi-lustica-bay.jpg","type":"image\/jpeg"}],"twitter_card":"summary_large_image","twitter_site":"@visitmontenegro","twitter_misc":{"Gesch\u00e4tzte Lesezeit":"2\u00a0Minuten"},"schema":{"@context":"https:\/\/schema.org","@graph":[{"@type":"WebPage","@id":"https:\/\/www.visit-montenegro.com\/de\/montenegro\/buying-a-property-in-montenegro\/","url":"https:\/\/www.visit-montenegro.com\/de\/montenegro\/buying-a-property-in-montenegro\/","name":"Immobilienkauf in Montenegro - Visit Montenegro","isPartOf":{"@id":"https:\/\/www.visit-montenegro.com\/de\/#website"},"primaryImageOfPage":{"@id":"https:\/\/www.visit-montenegro.com\/de\/montenegro\/buying-a-property-in-montenegro\/#primaryimage"},"image":{"@id":"https:\/\/www.visit-montenegro.com\/de\/montenegro\/buying-a-property-in-montenegro\/#primaryimage"},"thumbnailUrl":"https:\/\/www.visit-montenegro.com\/wp-content\/uploads\/2019\/05\/hotel-chedi-lustica-bay.jpg","datePublished":"2026-01-28T18:17:00+00:00","dateModified":"2026-02-23T13:24:45+00:00","description":"Erfahren Sie alles \u00fcber den Immobilienkauf in Montenegro: rechtliche Regelungen, Kosten und Preise. Ein unverzichtbarer Leitfaden f\u00fcr Auswanderer und Investoren, die ein Zuhause in diesem sch\u00f6nen Land suchen.","breadcrumb":{"@id":"https:\/\/www.visit-montenegro.com\/de\/montenegro\/buying-a-property-in-montenegro\/#breadcrumb"},"inLanguage":"de","potentialAction":[{"@type":"ReadAction","target":["https:\/\/www.visit-montenegro.com\/de\/montenegro\/buying-a-property-in-montenegro\/"]}]},{"@type":"ImageObject","inLanguage":"de","@id":"https:\/\/www.visit-montenegro.com\/de\/montenegro\/buying-a-property-in-montenegro\/#primaryimage","url":"https:\/\/www.visit-montenegro.com\/wp-content\/uploads\/2019\/05\/hotel-chedi-lustica-bay.jpg","contentUrl":"https:\/\/www.visit-montenegro.com\/wp-content\/uploads\/2019\/05\/hotel-chedi-lustica-bay.jpg","width":1280,"height":853},{"@type":"BreadcrumbList","@id":"https:\/\/www.visit-montenegro.com\/de\/montenegro\/buying-a-property-in-montenegro\/#breadcrumb","itemListElement":[{"@type":"ListItem","position":1,"name":"Home","item":"https:\/\/www.visit-montenegro.com\/de\/"},{"@type":"ListItem","position":2,"name":"Immobilienkauf in Montenegro"}]},{"@type":"WebSite","@id":"https:\/\/www.visit-montenegro.com\/de\/#website","url":"https:\/\/www.visit-montenegro.com\/de\/","name":"Visit Montenegro","description":"Breathtaking beauty","publisher":{"@id":"https:\/\/www.visit-montenegro.com\/de\/#organization"},"potentialAction":[{"@type":"SearchAction","target":{"@type":"EntryPoint","urlTemplate":"https:\/\/www.visit-montenegro.com\/de\/?s={search_term_string}"},"query-input":{"@type":"PropertyValueSpecification","valueRequired":true,"valueName":"search_term_string"}}],"inLanguage":"de"},{"@type":"Organization","@id":"https:\/\/www.visit-montenegro.com\/de\/#organization","name":"Visit Montenegro","url":"https:\/\/www.visit-montenegro.com\/de\/","logo":{"@type":"ImageObject","inLanguage":"de","@id":"https:\/\/www.visit-montenegro.com\/de\/#\/schema\/logo\/image\/","url":"https:\/\/www.visit-montenegro.com\/wp-content\/uploads\/2017\/10\/logo-amp.png","contentUrl":"https:\/\/www.visit-montenegro.com\/wp-content\/uploads\/2017\/10\/logo-amp.png","width":190,"height":36,"caption":"Visit Montenegro"},"image":{"@id":"https:\/\/www.visit-montenegro.com\/de\/#\/schema\/logo\/image\/"},"sameAs":["https:\/\/www.facebook.com\/visitmontenegro","https:\/\/x.com\/visitmontenegro","https:\/\/www.instagram.com\/visit_montenegro\/","https:\/\/www.youtube.com\/user\/VisitMontenegro"]}]}},"_links":{"self":[{"href":"https:\/\/www.visit-montenegro.com\/de\/wp-json\/wp\/v2\/pages\/133970","targetHints":{"allow":["GET"]}}],"collection":[{"href":"https:\/\/www.visit-montenegro.com\/de\/wp-json\/wp\/v2\/pages"}],"about":[{"href":"https:\/\/www.visit-montenegro.com\/de\/wp-json\/wp\/v2\/types\/page"}],"author":[{"embeddable":true,"href":"https:\/\/www.visit-montenegro.com\/de\/wp-json\/wp\/v2\/users\/1"}],"replies":[{"embeddable":true,"href":"https:\/\/www.visit-montenegro.com\/de\/wp-json\/wp\/v2\/comments?post=133970"}],"version-history":[{"count":0,"href":"https:\/\/www.visit-montenegro.com\/de\/wp-json\/wp\/v2\/pages\/133970\/revisions"}],"up":[{"embeddable":true,"href":"https:\/\/www.visit-montenegro.com\/de\/wp-json\/wp\/v2\/pages\/133960"}],"wp:featuredmedia":[{"embeddable":true,"href":"https:\/\/www.visit-montenegro.com\/de\/wp-json\/wp\/v2\/media\/133971"}],"wp:attachment":[{"href":"https:\/\/www.visit-montenegro.com\/de\/wp-json\/wp\/v2\/media?parent=133970"}],"wp:term":[{"taxonomy":"post_tag","embeddable":true,"href":"https:\/\/www.visit-montenegro.com\/de\/wp-json\/wp\/v2\/tags?post=133970"}],"curies":[{"name":"wp","href":"https:\/\/api.w.org\/{rel}","templated":true}]}}