{"id":133982,"date":"2026-01-28T19:17:00","date_gmt":"2026-01-28T18:17:00","guid":{"rendered":"https:\/\/new.visit-montenegro.com\/kloster-ostrog\/region\/"},"modified":"2026-02-22T17:18:40","modified_gmt":"2026-02-22T16:18:40","slug":"region","status":"publish","type":"page","link":"https:\/\/www.visit-montenegro.com\/de\/kloster-ostrog\/region\/","title":{"rendered":"Die Geschichte der Ostrog-Region"},"content":{"rendered":"\n<p>Die Ostrog-Region Montenegros hat eine vielschichtige Geschichte, die vorchristliche Siedlungen, mittelalterliche Befestigungen und osmanische Transformationen umfasst und im ber\u00fchmten Kloster gipfelt, das heute ihre kulturelle Identit\u00e4t pr\u00e4gt.<\/p>\n\n<hr class=\"wp-block-separator has-alpha-channel-opacity\"\/>\n\n<h2 class=\"wp-block-heading\">Fr\u00fche Besiedlung und vorchristliche Grundlagen<\/h2>\n\n<p>Das Gebiet von <a href=\"https:\/\/www.visit-montenegro.com\/de\/reiseziele\/niksic\/sehenswuerdigkeiten\/ostrog\/\">Ostrog<\/a> wurde viele Jahre vor der Ausbreitung des Christentums in der Region besiedelt. In der N\u00e4he des Zeta-Flusses durchzogen Pfade die Landschaft in alle Richtungen, um verstreute D\u00f6rfer Montenegros zu verbinden. Heute sind \u00dcberreste dieser Pfade aus r\u00f6mischer Zeit im Gebiet Povija noch sichtbar, die zu einer kleinen Festung namens Viris f\u00fchren. Der milde, fruchtbare Zeta-Fluss trug zur schnellen Besiedlung des Tals in den fr\u00fchen Tagen Montenegros bei. Im fr\u00fchen Mittelalter grenzte die Ostrog-Region an den herzegowinischen Staat Zahumlje. Andere Befestigungen wie Budos (erbaut vom herzegowinischen Staat) sowie Susjed und nat\u00fcrlich Ostrog befinden sich ebenfalls in diesem Gebiet.<\/p>\n\n<h2 class=\"wp-block-heading\">Mittelalterliche Befestigungen und osmanische Transformationen<\/h2>\n\n<p>Das genaue Datum, wann die Befestigung von Ostrog erbaut wurde oder die heute dort befindliche Stadt Ostrog, ist nicht bekannt. Mitte des 15. Jahrhunderts wird in Schriften von 1441 dokumentiert, dass Ostrog eine Grenzstadt des Herzogs Stephan Vukcic Kosace war, eines lokalen F\u00fchrers und Grundbesitzers. Aufgrund ihrer Grenzlage sowie territorialer Konflikte zwischen den Staaten in diesem Gebiet war die Stadt stets im Zentrum der Ereignisse. Der genaue Standort der urspr\u00fcnglichen Befestigung von Ostrog wird in einer nahegelegenen Ruine namens Gradac vermutet, nicht weit von Perucice entfernt. Es wird angenommen, dass die Stadt nach der Ankunft der T\u00fcrken im sp\u00e4ten 15. Jahrhundert verw\u00fcstet und in Ruinen fiel, weshalb der genaue Standort von Kastrum (der urspr\u00fcngliche Name der Stadt) unbekannt ist. Der Bau des Klosters Ostrog brachte diesen wichtigen Ort im kulturellen Erbe Montenegros wieder auf die Karte \u2013 jedoch nicht mehr als strategische Milit\u00e4rposition, sondern als Ort der Hoffnung und des Glaubens.<\/p>\n\n<h2 class=\"wp-block-heading\">Erfahren Sie mehr \u00fcber das Kloster Ostrog<\/h2>\n\n<div class=\"wp-block-query is-layout-flow wp-block-query-is-layout-flow\"><ul class=\"wp-block-post-template is-layout-flow wp-block-post-template-is-layout-flow\"><li class=\"wp-block-post post-134332 page type-page status-publish has-post-thumbnail hentry\">\n<h6 style=\"text-decoration:underline; border-style:none;border-width:0px; padding-top:0px;padding-bottom:0px;padding-left:var(--wp--preset--spacing--50);padding-right:var(--wp--preset--spacing--50);margin-right:0;margin-left:0;margin-top:0px;margin-bottom:0px;\" class=\"has-link-color wp-elements-0a45992c3b14e5d616ed7c3546852965 wp-block-post-title\"><a href=\"https:\/\/www.visit-montenegro.com\/de\/kloster-ostrog\/bau\/\" target=\"_self\" >Bau des Klosters Ostrog<\/a><\/h6>\n<\/li><li class=\"wp-block-post post-133986 page type-page status-publish has-post-thumbnail hentry\">\n<h6 style=\"text-decoration:underline; border-style:none;border-width:0px; padding-top:0px;padding-bottom:0px;padding-left:var(--wp--preset--spacing--50);padding-right:var(--wp--preset--spacing--50);margin-right:0;margin-left:0;margin-top:0px;margin-bottom:0px;\" class=\"has-link-color wp-elements-0a45992c3b14e5d616ed7c3546852965 wp-block-post-title\"><a href=\"https:\/\/www.visit-montenegro.com\/de\/kloster-ostrog\/gebet\/\" target=\"_self\" >Das Gebet zu Sankt Basilius<\/a><\/h6>\n<\/li><li class=\"wp-block-post post-134300 page type-page status-publish has-post-thumbnail hentry\">\n<h6 style=\"text-decoration:underline; border-style:none;border-width:0px; padding-top:0px;padding-bottom:0px;padding-left:var(--wp--preset--spacing--50);padding-right:var(--wp--preset--spacing--50);margin-right:0;margin-left:0;margin-top:0px;margin-bottom:0px;\" class=\"has-link-color wp-elements-0a45992c3b14e5d616ed7c3546852965 wp-block-post-title\"><a href=\"https:\/\/www.visit-montenegro.com\/de\/kloster-ostrog\/leben\/\" target=\"_self\" >Das Leben des Heiligen Basilius von Ostrog<\/a><\/h6>\n<\/li><li class=\"wp-block-post post-133982 page type-page status-publish has-post-thumbnail hentry\">\n<h6 style=\"text-decoration:underline; border-style:none;border-width:0px; padding-top:0px;padding-bottom:0px;padding-left:var(--wp--preset--spacing--50);padding-right:var(--wp--preset--spacing--50);margin-right:0;margin-left:0;margin-top:0px;margin-bottom:0px;\" class=\"has-link-color wp-elements-0a45992c3b14e5d616ed7c3546852965 wp-block-post-title\"><a href=\"https:\/\/www.visit-montenegro.com\/de\/kloster-ostrog\/region\/\" target=\"_self\" >Die Geschichte der Ostrog-Region<\/a><\/h6>\n<\/li><li class=\"wp-block-post post-134316 page type-page status-publish has-post-thumbnail hentry\">\n<h6 style=\"text-decoration:underline; border-style:none;border-width:0px; padding-top:0px;padding-bottom:0px;padding-left:var(--wp--preset--spacing--50);padding-right:var(--wp--preset--spacing--50);margin-right:0;margin-left:0;margin-top:0px;margin-bottom:0px;\" class=\"has-link-color wp-elements-0a45992c3b14e5d616ed7c3546852965 wp-block-post-title\"><a href=\"https:\/\/www.visit-montenegro.com\/de\/kloster-ostrog\/historisch\/\" target=\"_self\" >Geschichte des Klosters Ostrog<\/a><\/h6>\n<\/li><li class=\"wp-block-post post-134308 page type-page status-publish has-post-thumbnail hentry\">\n<h6 style=\"text-decoration:underline; border-style:none;border-width:0px; padding-top:0px;padding-bottom:0px;padding-left:var(--wp--preset--spacing--50);padding-right:var(--wp--preset--spacing--50);margin-right:0;margin-left:0;margin-top:0px;margin-bottom:0px;\" class=\"has-link-color wp-elements-0a45992c3b14e5d616ed7c3546852965 wp-block-post-title\"><a href=\"https:\/\/www.visit-montenegro.com\/de\/kloster-ostrog\/kirchen\/\" target=\"_self\" >Kirchen, die dem Heiligen Basilius von Ostrog gewidmet sind<\/a><\/h6>\n<\/li><li class=\"wp-block-post post-134320 page type-page status-publish has-post-thumbnail hentry\">\n<h6 style=\"text-decoration:underline; border-style:none;border-width:0px; padding-top:0px;padding-bottom:0px;padding-left:var(--wp--preset--spacing--50);padding-right:var(--wp--preset--spacing--50);margin-right:0;margin-left:0;margin-top:0px;margin-bottom:0px;\" class=\"has-link-color wp-elements-0a45992c3b14e5d616ed7c3546852965 wp-block-post-title\"><a href=\"https:\/\/www.visit-montenegro.com\/de\/kloster-ostrog\/kulturell\/\" target=\"_self\" >Kulturerbe des Klosters Ostrog<\/a><\/h6>\n<\/li><li class=\"wp-block-post post-134312 page type-page status-publish has-post-thumbnail hentry\">\n<h6 style=\"text-decoration:underline; border-style:none;border-width:0px; padding-top:0px;padding-bottom:0px;padding-left:var(--wp--preset--spacing--50);padding-right:var(--wp--preset--spacing--50);margin-right:0;margin-left:0;margin-top:0px;margin-bottom:0px;\" class=\"has-link-color wp-elements-0a45992c3b14e5d616ed7c3546852965 wp-block-post-title\"><a href=\"https:\/\/www.visit-montenegro.com\/de\/kloster-ostrog\/legenden\/\" target=\"_self\" >Legenden und Mythen des Klosters Ostrog<\/a><\/h6>\n<\/li><li class=\"wp-block-post post-134304 page type-page status-publish has-post-thumbnail hentry\">\n<h6 style=\"text-decoration:underline; border-style:none;border-width:0px; padding-top:0px;padding-bottom:0px;padding-left:var(--wp--preset--spacing--50);padding-right:var(--wp--preset--spacing--50);margin-right:0;margin-left:0;margin-top:0px;margin-bottom:0px;\" class=\"has-link-color wp-elements-0a45992c3b14e5d616ed7c3546852965 wp-block-post-title\"><a href=\"https:\/\/www.visit-montenegro.com\/de\/kloster-ostrog\/gatherings\/\" target=\"_self\" >Ostrog-Kloster Feiertage und Versammlungen<\/a><\/h6>\n<\/li><li class=\"wp-block-post post-133989 page type-page status-publish has-post-thumbnail hentry\">\n<h6 style=\"text-decoration:underline; border-style:none;border-width:0px; padding-top:0px;padding-bottom:0px;padding-left:var(--wp--preset--spacing--50);padding-right:var(--wp--preset--spacing--50);margin-right:0;margin-left:0;margin-top:0px;margin-bottom:0px;\" class=\"has-link-color wp-elements-0a45992c3b14e5d616ed7c3546852965 wp-block-post-title\"><a href=\"https:\/\/www.visit-montenegro.com\/de\/kloster-ostrog\/geschichten\/\" target=\"_self\" >Ostrog-Kloster Geschichten von Wundern<\/a><\/h6>\n<\/li><li class=\"wp-block-post post-134328 page type-page status-publish has-post-thumbnail hentry\">\n<h6 style=\"text-decoration:underline; border-style:none;border-width:0px; padding-top:0px;padding-bottom:0px;padding-left:var(--wp--preset--spacing--50);padding-right:var(--wp--preset--spacing--50);margin-right:0;margin-left:0;margin-top:0px;margin-bottom:0px;\" class=\"has-link-color wp-elements-0a45992c3b14e5d616ed7c3546852965 wp-block-post-title\"><a href=\"https:\/\/www.visit-montenegro.com\/de\/kloster-ostrog\/wo\/\" target=\"_self\" >Ostrog-Kloster Lage<\/a><\/h6>\n<\/li><li class=\"wp-block-post post-134336 page type-page status-publish has-post-thumbnail hentry\">\n<h6 style=\"text-decoration:underline; border-style:none;border-width:0px; padding-top:0px;padding-bottom:0px;padding-left:var(--wp--preset--spacing--50);padding-right:var(--wp--preset--spacing--50);margin-right:0;margin-left:0;margin-top:0px;margin-bottom:0px;\" class=\"has-link-color wp-elements-0a45992c3b14e5d616ed7c3546852965 wp-block-post-title\"><a href=\"https:\/\/www.visit-montenegro.com\/de\/kloster-ostrog\/traditionen\/\" target=\"_self\" >Ostrog-Klostertraditionen<\/a><\/h6>\n<\/li><li class=\"wp-block-post post-134324 page type-page status-publish has-post-thumbnail hentry\">\n<h6 style=\"text-decoration:underline; border-style:none;border-width:0px; padding-top:0px;padding-bottom:0px;padding-left:var(--wp--preset--spacing--50);padding-right:var(--wp--preset--spacing--50);margin-right:0;margin-left:0;margin-top:0px;margin-bottom:0px;\" class=\"has-link-color wp-elements-0a45992c3b14e5d616ed7c3546852965 wp-block-post-title\"><a href=\"https:\/\/www.visit-montenegro.com\/de\/kloster-ostrog\/other\/\" target=\"_self\" >Was andere \u00fcber das Kloster Ostrog sagen<\/a><\/h6>\n<\/li><\/ul><\/div>\n","protected":false},"excerpt":{"rendered":"<p>Erkunden Sie die reiche Geschichte der Ostrog-Region in Montenegro, von antiken vorchristlichen Siedlungen \u00fcber mittelalterliche Befestigungen bis zum ikonischen Kloster. Entdecken Sie, wie sich dieses Gebiet von einem strategischen Grenzland zu einem spirituellen Zentrum entwickelte.<\/p>\n","protected":false},"author":1,"featured_media":133953,"parent":133952,"menu_order":0,"comment_status":"open","ping_status":"open","template":"","meta":{"_yoast_wpseo_focuskw":"Die Geschichte der Ostrog-Region","_yoast_wpseo_metadesc":"Entdecken Sie die vielschichtige Geschichte der Ostrog-Region in Montenegro, von antiken Pfaden bis zum ikonischen Kloster. Perfekt f\u00fcr Geschichtsinteressierte und Reiseplaner.","_kad_post_transparent":"","_kad_post_title":"","_kad_post_layout":"","_kad_post_sidebar_id":"","_kad_post_content_style":"","_kad_post_vertical_padding":"","_kad_post_feature":"","_kad_post_feature_position":"","_kad_post_header":false,"_kad_post_footer":false,"_kad_post_classname":"","iawp_total_views":7,"footnotes":""},"tags":[],"class_list":["post-133982","page","type-page","status-publish","has-post-thumbnail","hentry"],"yoast_head":"<!-- This site is optimized with the Yoast SEO plugin v27.3 - https:\/\/yoast.com\/product\/yoast-seo-wordpress\/ -->\n<title>Die Geschichte der Ostrog-Region - Visit Montenegro<\/title>\n<meta name=\"description\" content=\"Entdecken Sie die vielschichtige Geschichte der Ostrog-Region in Montenegro, von antiken Pfaden bis zum ikonischen Kloster. Perfekt f\u00fcr Geschichtsinteressierte und Reiseplaner.\" \/>\n<meta name=\"robots\" content=\"index, follow, max-snippet:-1, max-image-preview:large, max-video-preview:-1\" \/>\n<link rel=\"canonical\" href=\"https:\/\/www.visit-montenegro.com\/de\/kloster-ostrog\/region\/\" \/>\n<meta property=\"og:locale\" content=\"de_DE\" \/>\n<meta property=\"og:type\" content=\"article\" \/>\n<meta property=\"og:title\" content=\"Die Geschichte der Ostrog-Region - Visit Montenegro\" \/>\n<meta property=\"og:description\" content=\"Entdecken Sie die vielschichtige Geschichte der Ostrog-Region in Montenegro, von antiken Pfaden bis zum ikonischen Kloster. Perfekt f\u00fcr Geschichtsinteressierte und Reiseplaner.\" \/>\n<meta property=\"og:url\" content=\"https:\/\/www.visit-montenegro.com\/de\/kloster-ostrog\/region\/\" \/>\n<meta property=\"og:site_name\" content=\"Visit Montenegro\" \/>\n<meta property=\"article:publisher\" content=\"https:\/\/www.facebook.com\/visitmontenegro\" \/>\n<meta property=\"article:modified_time\" content=\"2026-02-22T16:18:40+00:00\" \/>\n<meta property=\"og:image\" content=\"https:\/\/www.visit-montenegro.com\/wp-content\/uploads\/2026\/01\/ostrog-monastery-01-scaled.jpg\" \/>\n\t<meta property=\"og:image:width\" content=\"1600\" \/>\n\t<meta property=\"og:image:height\" content=\"1067\" \/>\n\t<meta property=\"og:image:type\" content=\"image\/jpeg\" \/>\n<meta name=\"twitter:card\" content=\"summary_large_image\" \/>\n<meta name=\"twitter:site\" content=\"@visitmontenegro\" \/>\n<meta name=\"twitter:label1\" content=\"Gesch\u00e4tzte Lesezeit\" \/>\n\t<meta name=\"twitter:data1\" content=\"2\u00a0Minuten\" \/>\n<script type=\"application\/ld+json\" class=\"yoast-schema-graph\">{\"@context\":\"https:\\\/\\\/schema.org\",\"@graph\":[{\"@type\":\"WebPage\",\"@id\":\"https:\\\/\\\/www.visit-montenegro.com\\\/de\\\/kloster-ostrog\\\/region\\\/\",\"url\":\"https:\\\/\\\/www.visit-montenegro.com\\\/de\\\/kloster-ostrog\\\/region\\\/\",\"name\":\"Die Geschichte der Ostrog-Region - Visit Montenegro\",\"isPartOf\":{\"@id\":\"https:\\\/\\\/www.visit-montenegro.com\\\/de\\\/#website\"},\"primaryImageOfPage\":{\"@id\":\"https:\\\/\\\/www.visit-montenegro.com\\\/de\\\/kloster-ostrog\\\/region\\\/#primaryimage\"},\"image\":{\"@id\":\"https:\\\/\\\/www.visit-montenegro.com\\\/de\\\/kloster-ostrog\\\/region\\\/#primaryimage\"},\"thumbnailUrl\":\"https:\\\/\\\/www.visit-montenegro.com\\\/wp-content\\\/uploads\\\/2026\\\/01\\\/ostrog-monastery-01-scaled.jpg\",\"datePublished\":\"2026-01-28T18:17:00+00:00\",\"dateModified\":\"2026-02-22T16:18:40+00:00\",\"description\":\"Entdecken Sie die vielschichtige Geschichte der Ostrog-Region in Montenegro, von antiken Pfaden bis zum ikonischen Kloster. Perfekt f\u00fcr Geschichtsinteressierte und Reiseplaner.\",\"breadcrumb\":{\"@id\":\"https:\\\/\\\/www.visit-montenegro.com\\\/de\\\/kloster-ostrog\\\/region\\\/#breadcrumb\"},\"inLanguage\":\"de\",\"potentialAction\":[{\"@type\":\"ReadAction\",\"target\":[\"https:\\\/\\\/www.visit-montenegro.com\\\/de\\\/kloster-ostrog\\\/region\\\/\"]}]},{\"@type\":\"ImageObject\",\"inLanguage\":\"de\",\"@id\":\"https:\\\/\\\/www.visit-montenegro.com\\\/de\\\/kloster-ostrog\\\/region\\\/#primaryimage\",\"url\":\"https:\\\/\\\/www.visit-montenegro.com\\\/wp-content\\\/uploads\\\/2026\\\/01\\\/ostrog-monastery-01-scaled.jpg\",\"contentUrl\":\"https:\\\/\\\/www.visit-montenegro.com\\\/wp-content\\\/uploads\\\/2026\\\/01\\\/ostrog-monastery-01-scaled.jpg\",\"width\":1600,\"height\":1067},{\"@type\":\"BreadcrumbList\",\"@id\":\"https:\\\/\\\/www.visit-montenegro.com\\\/de\\\/kloster-ostrog\\\/region\\\/#breadcrumb\",\"itemListElement\":[{\"@type\":\"ListItem\",\"position\":1,\"name\":\"Home\",\"item\":\"https:\\\/\\\/www.visit-montenegro.com\\\/de\\\/home\\\/\"},{\"@type\":\"ListItem\",\"position\":2,\"name\":\"Kloster Ostrog\",\"item\":\"https:\\\/\\\/www.visit-montenegro.com\\\/de\\\/kloster-ostrog\\\/\"},{\"@type\":\"ListItem\",\"position\":3,\"name\":\"Die Geschichte der Ostrog-Region\"}]},{\"@type\":\"WebSite\",\"@id\":\"https:\\\/\\\/www.visit-montenegro.com\\\/de\\\/#website\",\"url\":\"https:\\\/\\\/www.visit-montenegro.com\\\/de\\\/\",\"name\":\"Visit Montenegro\",\"description\":\"Breathtaking beauty\",\"publisher\":{\"@id\":\"https:\\\/\\\/www.visit-montenegro.com\\\/de\\\/#organization\"},\"potentialAction\":[{\"@type\":\"SearchAction\",\"target\":{\"@type\":\"EntryPoint\",\"urlTemplate\":\"https:\\\/\\\/www.visit-montenegro.com\\\/de\\\/?s={search_term_string}\"},\"query-input\":{\"@type\":\"PropertyValueSpecification\",\"valueRequired\":true,\"valueName\":\"search_term_string\"}}],\"inLanguage\":\"de\"},{\"@type\":\"Organization\",\"@id\":\"https:\\\/\\\/www.visit-montenegro.com\\\/de\\\/#organization\",\"name\":\"Visit Montenegro\",\"url\":\"https:\\\/\\\/www.visit-montenegro.com\\\/de\\\/\",\"logo\":{\"@type\":\"ImageObject\",\"inLanguage\":\"de\",\"@id\":\"https:\\\/\\\/www.visit-montenegro.com\\\/de\\\/#\\\/schema\\\/logo\\\/image\\\/\",\"url\":\"https:\\\/\\\/www.visit-montenegro.com\\\/wp-content\\\/uploads\\\/2017\\\/10\\\/logo-amp.png\",\"contentUrl\":\"https:\\\/\\\/www.visit-montenegro.com\\\/wp-content\\\/uploads\\\/2017\\\/10\\\/logo-amp.png\",\"width\":190,\"height\":36,\"caption\":\"Visit Montenegro\"},\"image\":{\"@id\":\"https:\\\/\\\/www.visit-montenegro.com\\\/de\\\/#\\\/schema\\\/logo\\\/image\\\/\"},\"sameAs\":[\"https:\\\/\\\/www.facebook.com\\\/visitmontenegro\",\"https:\\\/\\\/x.com\\\/visitmontenegro\",\"https:\\\/\\\/www.instagram.com\\\/visit_montenegro\\\/\",\"https:\\\/\\\/www.youtube.com\\\/user\\\/VisitMontenegro\"]}]}<\/script>\n<!-- \/ Yoast SEO plugin. -->","yoast_head_json":{"title":"Die Geschichte der Ostrog-Region - Visit Montenegro","description":"Entdecken Sie die vielschichtige Geschichte der Ostrog-Region in Montenegro, von antiken Pfaden bis zum ikonischen Kloster. Perfekt f\u00fcr Geschichtsinteressierte und Reiseplaner.","robots":{"index":"index","follow":"follow","max-snippet":"max-snippet:-1","max-image-preview":"max-image-preview:large","max-video-preview":"max-video-preview:-1"},"canonical":"https:\/\/www.visit-montenegro.com\/de\/kloster-ostrog\/region\/","og_locale":"de_DE","og_type":"article","og_title":"Die Geschichte der Ostrog-Region - Visit Montenegro","og_description":"Entdecken Sie die vielschichtige Geschichte der Ostrog-Region in Montenegro, von antiken Pfaden bis zum ikonischen Kloster. Perfekt f\u00fcr Geschichtsinteressierte und Reiseplaner.","og_url":"https:\/\/www.visit-montenegro.com\/de\/kloster-ostrog\/region\/","og_site_name":"Visit Montenegro","article_publisher":"https:\/\/www.facebook.com\/visitmontenegro","article_modified_time":"2026-02-22T16:18:40+00:00","og_image":[{"width":1600,"height":1067,"url":"https:\/\/www.visit-montenegro.com\/wp-content\/uploads\/2026\/01\/ostrog-monastery-01-scaled.jpg","type":"image\/jpeg"}],"twitter_card":"summary_large_image","twitter_site":"@visitmontenegro","twitter_misc":{"Gesch\u00e4tzte Lesezeit":"2\u00a0Minuten"},"schema":{"@context":"https:\/\/schema.org","@graph":[{"@type":"WebPage","@id":"https:\/\/www.visit-montenegro.com\/de\/kloster-ostrog\/region\/","url":"https:\/\/www.visit-montenegro.com\/de\/kloster-ostrog\/region\/","name":"Die Geschichte der Ostrog-Region - Visit Montenegro","isPartOf":{"@id":"https:\/\/www.visit-montenegro.com\/de\/#website"},"primaryImageOfPage":{"@id":"https:\/\/www.visit-montenegro.com\/de\/kloster-ostrog\/region\/#primaryimage"},"image":{"@id":"https:\/\/www.visit-montenegro.com\/de\/kloster-ostrog\/region\/#primaryimage"},"thumbnailUrl":"https:\/\/www.visit-montenegro.com\/wp-content\/uploads\/2026\/01\/ostrog-monastery-01-scaled.jpg","datePublished":"2026-01-28T18:17:00+00:00","dateModified":"2026-02-22T16:18:40+00:00","description":"Entdecken Sie die vielschichtige Geschichte der Ostrog-Region in Montenegro, von antiken Pfaden bis zum ikonischen Kloster. Perfekt f\u00fcr Geschichtsinteressierte und Reiseplaner.","breadcrumb":{"@id":"https:\/\/www.visit-montenegro.com\/de\/kloster-ostrog\/region\/#breadcrumb"},"inLanguage":"de","potentialAction":[{"@type":"ReadAction","target":["https:\/\/www.visit-montenegro.com\/de\/kloster-ostrog\/region\/"]}]},{"@type":"ImageObject","inLanguage":"de","@id":"https:\/\/www.visit-montenegro.com\/de\/kloster-ostrog\/region\/#primaryimage","url":"https:\/\/www.visit-montenegro.com\/wp-content\/uploads\/2026\/01\/ostrog-monastery-01-scaled.jpg","contentUrl":"https:\/\/www.visit-montenegro.com\/wp-content\/uploads\/2026\/01\/ostrog-monastery-01-scaled.jpg","width":1600,"height":1067},{"@type":"BreadcrumbList","@id":"https:\/\/www.visit-montenegro.com\/de\/kloster-ostrog\/region\/#breadcrumb","itemListElement":[{"@type":"ListItem","position":1,"name":"Home","item":"https:\/\/www.visit-montenegro.com\/de\/home\/"},{"@type":"ListItem","position":2,"name":"Kloster Ostrog","item":"https:\/\/www.visit-montenegro.com\/de\/kloster-ostrog\/"},{"@type":"ListItem","position":3,"name":"Die Geschichte der Ostrog-Region"}]},{"@type":"WebSite","@id":"https:\/\/www.visit-montenegro.com\/de\/#website","url":"https:\/\/www.visit-montenegro.com\/de\/","name":"Visit Montenegro","description":"Breathtaking beauty","publisher":{"@id":"https:\/\/www.visit-montenegro.com\/de\/#organization"},"potentialAction":[{"@type":"SearchAction","target":{"@type":"EntryPoint","urlTemplate":"https:\/\/www.visit-montenegro.com\/de\/?s={search_term_string}"},"query-input":{"@type":"PropertyValueSpecification","valueRequired":true,"valueName":"search_term_string"}}],"inLanguage":"de"},{"@type":"Organization","@id":"https:\/\/www.visit-montenegro.com\/de\/#organization","name":"Visit Montenegro","url":"https:\/\/www.visit-montenegro.com\/de\/","logo":{"@type":"ImageObject","inLanguage":"de","@id":"https:\/\/www.visit-montenegro.com\/de\/#\/schema\/logo\/image\/","url":"https:\/\/www.visit-montenegro.com\/wp-content\/uploads\/2017\/10\/logo-amp.png","contentUrl":"https:\/\/www.visit-montenegro.com\/wp-content\/uploads\/2017\/10\/logo-amp.png","width":190,"height":36,"caption":"Visit Montenegro"},"image":{"@id":"https:\/\/www.visit-montenegro.com\/de\/#\/schema\/logo\/image\/"},"sameAs":["https:\/\/www.facebook.com\/visitmontenegro","https:\/\/x.com\/visitmontenegro","https:\/\/www.instagram.com\/visit_montenegro\/","https:\/\/www.youtube.com\/user\/VisitMontenegro"]}]}},"translations":[],"_links":{"self":[{"href":"https:\/\/www.visit-montenegro.com\/de\/wp-json\/wp\/v2\/pages\/133982","targetHints":{"allow":["GET"]}}],"collection":[{"href":"https:\/\/www.visit-montenegro.com\/de\/wp-json\/wp\/v2\/pages"}],"about":[{"href":"https:\/\/www.visit-montenegro.com\/de\/wp-json\/wp\/v2\/types\/page"}],"author":[{"embeddable":true,"href":"https:\/\/www.visit-montenegro.com\/de\/wp-json\/wp\/v2\/users\/1"}],"replies":[{"embeddable":true,"href":"https:\/\/www.visit-montenegro.com\/de\/wp-json\/wp\/v2\/comments?post=133982"}],"version-history":[{"count":0,"href":"https:\/\/www.visit-montenegro.com\/de\/wp-json\/wp\/v2\/pages\/133982\/revisions"}],"up":[{"embeddable":true,"href":"https:\/\/www.visit-montenegro.com\/de\/wp-json\/wp\/v2\/pages\/133952"}],"wp:featuredmedia":[{"embeddable":true,"href":"https:\/\/www.visit-montenegro.com\/de\/wp-json\/wp\/v2\/media\/133953"}],"wp:attachment":[{"href":"https:\/\/www.visit-montenegro.com\/de\/wp-json\/wp\/v2\/media?parent=133982"}],"wp:term":[{"taxonomy":"post_tag","embeddable":true,"href":"https:\/\/www.visit-montenegro.com\/de\/wp-json\/wp\/v2\/tags?post=133982"}],"curies":[{"name":"wp","href":"https:\/\/api.w.org\/{rel}","templated":true}]}}