{"id":133989,"date":"2026-01-28T19:16:59","date_gmt":"2026-01-28T18:16:59","guid":{"rendered":"https:\/\/new.visit-montenegro.com\/kloster-ostrog\/geschichten\/"},"modified":"2026-02-22T17:18:41","modified_gmt":"2026-02-22T16:18:41","slug":"geschichten","status":"publish","type":"page","link":"https:\/\/www.visit-montenegro.com\/de\/kloster-ostrog\/geschichten\/","title":{"rendered":"Ostrog-Kloster Geschichten von Wundern"},"content":{"rendered":"\n<p>Unter Montenegrinern kursieren unz\u00e4hlige Geschichten \u00fcber die wundersamen Wirkungen der Reliquien des Heiligen Basilius. Eine der faszinierendsten betrifft den amerikanischen Senator William Bill <a href=\"https:\/\/www.visit-montenegro.com\/de\/reiseziele\/bar\/\">Bar<\/a>. Seine Frau, Dojna Galic Bar, eine amerikanische Physiaterin montenegrinischer Abstammung, ver\u00f6ffentlichte k\u00fcrzlich ein Buch mit dem Titel \u201eBlaue Taube\u201c, das den Besuch ihres Mannes im <strong>Ostrog-Kloster<\/strong> dokumentiert. Der republikanische Senator aus Illinois \u00fcberlebte 1970 ein Attentat, das ihn verwundete, wobei \u00c4rzte sein Bein nicht retten konnten. Folglich verursachten wiederkehrende Schmerzen qualvolle Leiden, und medizinisches Fachpersonal konnte seine Schmerzen, Fieber oder andere Zust\u00e4nde nicht lindern. Laut dem Senator hatte er eines Nachts einen seltsamen Traum, in dem er eine kleine wei\u00dfe Kirche in einer Klippe auf einem Berg besuchte. In wiederkehrenden Tr\u00e4umen f\u00fchrte ihn ein alter, grauhaariger Mann, der eine unbekannte Sprache sprach, durch die R\u00e4ume der Kirche und heilte Kranke und Sterbende mit der Kraft seiner H\u00e4nde. Er erz\u00e4hlte seiner Frau von dem Traum, aber keiner verstand seine Bedeutung.<\/p>\n\n<p>Auf der Suche nach einer Heilung f\u00fcr seine Schmerzen traf der Senator zuf\u00e4llig einen Hersteller moderner Prothesen, der jugoslawischer Herkunft war. W\u00e4hrend eines Besuchs in seinem B\u00fcro bemerkte der Senator ein Bild einer kleinen wei\u00dfen Kirche und eines wei\u00dfhaarigen Heiligen Basilius an der Wand. Von diesem Mann h\u00f6rte er Geschichten \u00fcber das <strong>Ostrog-Kloster<\/strong> und beschloss, es zu besuchen. Er machte sich 1980 mit einer Gruppe anderer Patienten, die Gliedma\u00dfen verloren hatten, auf die Reise. In den Tagen vor der Reise fastete der Senator und lernte ein Gebet auf Serbisch. W\u00e4hrend seines Aufenthalts in Montenegro ging er t\u00e4glich zum Oberen Kloster hinauf, auf seltsame Weise von dem Ort angezogen, trotz der Schmerzen. Er erkl\u00e4rte, dass diese Besuche alle fr\u00fcheren Erfahrungen bei weitem \u00fcbertrafen. Tag f\u00fcr Tag lie\u00dfen seine Schmerzen nach, als er vor den \u00dcberresten des Heiligen Basilius kniete. Tats\u00e4chlich kehrte er schmerzfrei nach Hause zur\u00fcck, mit gro\u00dfem Glauben in Herz und Seele und einigen Ikonen, die er engen Freunden schenkte.<\/p>\n\n<h2 class=\"wp-block-heading\">Andere wundersame Geschichten aus dem Ostrog-Kloster<\/h2>\n\n<p>Es gibt viele andere Geschichten, von denen hier nur wenige wiedergegeben werden, da sie m\u00fcndlich \u00fcberliefert werden. Eine Erz\u00e4hlung handelt von einer Mutter, die eine Wiege aus Holz auf der Mauer direkt \u00fcber dem Kloster zur\u00fccklie\u00df. Das Baby bewegte sich in der Wiege, wodurch sie aus etwa 70 Metern H\u00f6he fiel. Obwohl die Wiege in St\u00fccke zerbrach, blieb das Baby gn\u00e4digerweise unverletzt.<\/p>\n\n<p>Zahlreiche Menschen teilen Geschichten \u00fcber spirituelle Ver\u00e4nderungen nach dem Besuch des Klosters. Viele berichten, wie sie nach Erscheinungen des Heiligen Basilius in ihren Tr\u00e4umen ihr nicht-spirituelles Leben aufgaben. Dar\u00fcber hinaus erz\u00e4hlen viele, dass sie bei ihren Besuchen im <strong>Ostrog-Kloster<\/strong> von k\u00f6rperlichen Leiden und Krankheiten geheilt wurden. Zum Beispiel gewannen einige ihre Sprechf\u00e4higkeit zur\u00fcck. Menschen kommen immer noch aus allen Ecken der Welt, und viele feiern den Heiligen Tag des Heiligen Basilius von <a href=\"https:\/\/www.visit-montenegro.com\/de\/reiseziele\/niksic\/sehenswuerdigkeiten\/ostrog\/\">Ostrog<\/a>, um ihre H\u00e4user und Seelen zu sch\u00fctzen.<\/p>\n\n<h2 class=\"wp-block-heading\">Die Bedeutung des Ostrog-Klosters<\/h2>\n\n<p>Das Kloster ist eine der am h\u00e4ufigsten besuchten heiligen St\u00e4tten auf dem Balkan. Gl\u00e4ubige kommen aus der ganzen Welt, entweder allein oder als Teil organisierter Touren. Der subtile Glanz des Klosters liegt darin, dass alle drei gro\u00dfen Religionen \u2013 orthodoxe Christen, r\u00f6mische Katholiken und Muslime \u2013 dies als einen heiligen Ort betrachten. Sie alle glauben, dass die Reliquien des Heiligen Basilius Wunder f\u00fcr alle bewirken, die glauben und Vertrauen haben. F\u00fchrer aller drei Religionen erz\u00e4hlen oft zahlreiche Geschichten \u00fcber das Kloster und seinen Heiligen, die oft \u00fcber den Wolken oder im Nebel der Wasserd\u00e4mpfe des Flusses Zeta dargestellt werden.<\/p>\n\n<h2 class=\"wp-block-heading\">Erfahren Sie mehr \u00fcber das Ostrog-Kloster<\/h2>\n\n<div class=\"wp-block-query is-layout-flow wp-block-query-is-layout-flow\"><ul class=\"wp-block-post-template is-layout-flow wp-block-post-template-is-layout-flow\"><li class=\"wp-block-post post-134332 page type-page status-publish has-post-thumbnail hentry\">\n<h6 style=\"text-decoration:underline; border-style:none;border-width:0px; padding-top:0px;padding-bottom:0px;padding-left:var(--wp--preset--spacing--50);padding-right:var(--wp--preset--spacing--50);margin-right:0;margin-left:0;margin-top:0px;margin-bottom:0px;\" class=\"has-link-color wp-elements-0a45992c3b14e5d616ed7c3546852965 wp-block-post-title\"><a href=\"https:\/\/www.visit-montenegro.com\/de\/kloster-ostrog\/bau\/\" target=\"_self\" >Bau des Klosters Ostrog<\/a><\/h6>\n<\/li><li class=\"wp-block-post post-133986 page type-page status-publish has-post-thumbnail hentry\">\n<h6 style=\"text-decoration:underline; border-style:none;border-width:0px; padding-top:0px;padding-bottom:0px;padding-left:var(--wp--preset--spacing--50);padding-right:var(--wp--preset--spacing--50);margin-right:0;margin-left:0;margin-top:0px;margin-bottom:0px;\" class=\"has-link-color wp-elements-0a45992c3b14e5d616ed7c3546852965 wp-block-post-title\"><a href=\"https:\/\/www.visit-montenegro.com\/de\/kloster-ostrog\/gebet\/\" target=\"_self\" >Das Gebet zu Sankt Basilius<\/a><\/h6>\n<\/li><li class=\"wp-block-post post-134300 page type-page status-publish has-post-thumbnail hentry\">\n<h6 style=\"text-decoration:underline; border-style:none;border-width:0px; padding-top:0px;padding-bottom:0px;padding-left:var(--wp--preset--spacing--50);padding-right:var(--wp--preset--spacing--50);margin-right:0;margin-left:0;margin-top:0px;margin-bottom:0px;\" class=\"has-link-color wp-elements-0a45992c3b14e5d616ed7c3546852965 wp-block-post-title\"><a href=\"https:\/\/www.visit-montenegro.com\/de\/kloster-ostrog\/leben\/\" target=\"_self\" >Das Leben des Heiligen Basilius von Ostrog<\/a><\/h6>\n<\/li><li class=\"wp-block-post post-133982 page type-page status-publish has-post-thumbnail hentry\">\n<h6 style=\"text-decoration:underline; border-style:none;border-width:0px; padding-top:0px;padding-bottom:0px;padding-left:var(--wp--preset--spacing--50);padding-right:var(--wp--preset--spacing--50);margin-right:0;margin-left:0;margin-top:0px;margin-bottom:0px;\" class=\"has-link-color wp-elements-0a45992c3b14e5d616ed7c3546852965 wp-block-post-title\"><a href=\"https:\/\/www.visit-montenegro.com\/de\/kloster-ostrog\/region\/\" target=\"_self\" >Die Geschichte der Ostrog-Region<\/a><\/h6>\n<\/li><li class=\"wp-block-post post-134316 page type-page status-publish has-post-thumbnail hentry\">\n<h6 style=\"text-decoration:underline; border-style:none;border-width:0px; padding-top:0px;padding-bottom:0px;padding-left:var(--wp--preset--spacing--50);padding-right:var(--wp--preset--spacing--50);margin-right:0;margin-left:0;margin-top:0px;margin-bottom:0px;\" class=\"has-link-color wp-elements-0a45992c3b14e5d616ed7c3546852965 wp-block-post-title\"><a href=\"https:\/\/www.visit-montenegro.com\/de\/kloster-ostrog\/historisch\/\" target=\"_self\" >Geschichte des Klosters Ostrog<\/a><\/h6>\n<\/li><li class=\"wp-block-post post-134308 page type-page status-publish has-post-thumbnail hentry\">\n<h6 style=\"text-decoration:underline; border-style:none;border-width:0px; padding-top:0px;padding-bottom:0px;padding-left:var(--wp--preset--spacing--50);padding-right:var(--wp--preset--spacing--50);margin-right:0;margin-left:0;margin-top:0px;margin-bottom:0px;\" class=\"has-link-color wp-elements-0a45992c3b14e5d616ed7c3546852965 wp-block-post-title\"><a href=\"https:\/\/www.visit-montenegro.com\/de\/kloster-ostrog\/kirchen\/\" target=\"_self\" >Kirchen, die dem Heiligen Basilius von Ostrog gewidmet sind<\/a><\/h6>\n<\/li><li class=\"wp-block-post post-134320 page type-page status-publish has-post-thumbnail hentry\">\n<h6 style=\"text-decoration:underline; border-style:none;border-width:0px; padding-top:0px;padding-bottom:0px;padding-left:var(--wp--preset--spacing--50);padding-right:var(--wp--preset--spacing--50);margin-right:0;margin-left:0;margin-top:0px;margin-bottom:0px;\" class=\"has-link-color wp-elements-0a45992c3b14e5d616ed7c3546852965 wp-block-post-title\"><a href=\"https:\/\/www.visit-montenegro.com\/de\/kloster-ostrog\/kulturell\/\" target=\"_self\" >Kulturerbe des Klosters Ostrog<\/a><\/h6>\n<\/li><li class=\"wp-block-post post-134312 page type-page status-publish has-post-thumbnail hentry\">\n<h6 style=\"text-decoration:underline; border-style:none;border-width:0px; padding-top:0px;padding-bottom:0px;padding-left:var(--wp--preset--spacing--50);padding-right:var(--wp--preset--spacing--50);margin-right:0;margin-left:0;margin-top:0px;margin-bottom:0px;\" class=\"has-link-color wp-elements-0a45992c3b14e5d616ed7c3546852965 wp-block-post-title\"><a href=\"https:\/\/www.visit-montenegro.com\/de\/kloster-ostrog\/legenden\/\" target=\"_self\" >Legenden und Mythen des Klosters Ostrog<\/a><\/h6>\n<\/li><li class=\"wp-block-post post-134304 page type-page status-publish has-post-thumbnail hentry\">\n<h6 style=\"text-decoration:underline; border-style:none;border-width:0px; padding-top:0px;padding-bottom:0px;padding-left:var(--wp--preset--spacing--50);padding-right:var(--wp--preset--spacing--50);margin-right:0;margin-left:0;margin-top:0px;margin-bottom:0px;\" class=\"has-link-color wp-elements-0a45992c3b14e5d616ed7c3546852965 wp-block-post-title\"><a href=\"https:\/\/www.visit-montenegro.com\/de\/kloster-ostrog\/gatherings\/\" target=\"_self\" >Ostrog-Kloster Feiertage und Versammlungen<\/a><\/h6>\n<\/li><li class=\"wp-block-post post-133989 page type-page status-publish has-post-thumbnail hentry\">\n<h6 style=\"text-decoration:underline; border-style:none;border-width:0px; padding-top:0px;padding-bottom:0px;padding-left:var(--wp--preset--spacing--50);padding-right:var(--wp--preset--spacing--50);margin-right:0;margin-left:0;margin-top:0px;margin-bottom:0px;\" class=\"has-link-color wp-elements-0a45992c3b14e5d616ed7c3546852965 wp-block-post-title\"><a href=\"https:\/\/www.visit-montenegro.com\/de\/kloster-ostrog\/geschichten\/\" target=\"_self\" >Ostrog-Kloster Geschichten von Wundern<\/a><\/h6>\n<\/li><li class=\"wp-block-post post-134328 page type-page status-publish has-post-thumbnail hentry\">\n<h6 style=\"text-decoration:underline; border-style:none;border-width:0px; padding-top:0px;padding-bottom:0px;padding-left:var(--wp--preset--spacing--50);padding-right:var(--wp--preset--spacing--50);margin-right:0;margin-left:0;margin-top:0px;margin-bottom:0px;\" class=\"has-link-color wp-elements-0a45992c3b14e5d616ed7c3546852965 wp-block-post-title\"><a href=\"https:\/\/www.visit-montenegro.com\/de\/kloster-ostrog\/wo\/\" target=\"_self\" >Ostrog-Kloster Lage<\/a><\/h6>\n<\/li><li class=\"wp-block-post post-134336 page type-page status-publish has-post-thumbnail hentry\">\n<h6 style=\"text-decoration:underline; border-style:none;border-width:0px; padding-top:0px;padding-bottom:0px;padding-left:var(--wp--preset--spacing--50);padding-right:var(--wp--preset--spacing--50);margin-right:0;margin-left:0;margin-top:0px;margin-bottom:0px;\" class=\"has-link-color wp-elements-0a45992c3b14e5d616ed7c3546852965 wp-block-post-title\"><a href=\"https:\/\/www.visit-montenegro.com\/de\/kloster-ostrog\/traditionen\/\" target=\"_self\" >Ostrog-Klostertraditionen<\/a><\/h6>\n<\/li><li class=\"wp-block-post post-134324 page type-page status-publish has-post-thumbnail hentry\">\n<h6 style=\"text-decoration:underline; border-style:none;border-width:0px; padding-top:0px;padding-bottom:0px;padding-left:var(--wp--preset--spacing--50);padding-right:var(--wp--preset--spacing--50);margin-right:0;margin-left:0;margin-top:0px;margin-bottom:0px;\" class=\"has-link-color wp-elements-0a45992c3b14e5d616ed7c3546852965 wp-block-post-title\"><a href=\"https:\/\/www.visit-montenegro.com\/de\/kloster-ostrog\/other\/\" target=\"_self\" >Was andere \u00fcber das Kloster Ostrog sagen<\/a><\/h6>\n<\/li><\/ul><\/div>\n","protected":false},"excerpt":{"rendered":"<p>Entdecken Sie die wundersamen Geschichten des Ostrog-Klosters, wo Glaube und Heilung sich verbinden. Von der Reise von Senator William Bill Bar bis zu Erz\u00e4hlungen spiritueller Transformation zieht diese heilige St\u00e4tte Gl\u00e4ubige weltweit an. Erkunden Sie seine Bedeutung \u00fcber Religionen hinweg und das bleibende Verm\u00e4chtnis des Heiligen Basilius.<\/p>\n","protected":false},"author":1,"featured_media":133953,"parent":133952,"menu_order":0,"comment_status":"open","ping_status":"open","template":"","meta":{"_yoast_wpseo_focuskw":"Ostrog-Kloster Geschichten von Wundern","_yoast_wpseo_metadesc":"Erkunden Sie wundersame Geschichten des Ostrog-Klosters, einschlie\u00dflich der Heilungsreise von Senator William Bill Bar. Entdecken Sie Glauben, Spiritualit\u00e4t und interreligi\u00f6se Bedeutung an Montenegros heiliger St\u00e4tte.","_kad_post_transparent":"","_kad_post_title":"","_kad_post_layout":"","_kad_post_sidebar_id":"","_kad_post_content_style":"","_kad_post_vertical_padding":"","_kad_post_feature":"","_kad_post_feature_position":"","_kad_post_header":false,"_kad_post_footer":false,"_kad_post_classname":"","iawp_total_views":20,"footnotes":""},"tags":[],"class_list":["post-133989","page","type-page","status-publish","has-post-thumbnail","hentry"],"yoast_head":"<!-- This site is optimized with the Yoast SEO plugin v27.3 - https:\/\/yoast.com\/product\/yoast-seo-wordpress\/ -->\n<title>Ostrog-Kloster Geschichten von Wundern - Visit Montenegro<\/title>\n<meta name=\"description\" content=\"Erkunden Sie wundersame Geschichten des Ostrog-Klosters, einschlie\u00dflich der Heilungsreise von Senator William Bill Bar. Entdecken Sie Glauben, Spiritualit\u00e4t und interreligi\u00f6se Bedeutung an Montenegros heiliger St\u00e4tte.\" \/>\n<meta name=\"robots\" content=\"index, follow, max-snippet:-1, max-image-preview:large, max-video-preview:-1\" \/>\n<link rel=\"canonical\" href=\"https:\/\/www.visit-montenegro.com\/de\/kloster-ostrog\/geschichten\/\" \/>\n<meta property=\"og:locale\" content=\"de_DE\" \/>\n<meta property=\"og:type\" content=\"article\" \/>\n<meta property=\"og:title\" content=\"Ostrog-Kloster Geschichten von Wundern - Visit Montenegro\" \/>\n<meta property=\"og:description\" content=\"Erkunden Sie wundersame Geschichten des Ostrog-Klosters, einschlie\u00dflich der Heilungsreise von Senator William Bill Bar. Entdecken Sie Glauben, Spiritualit\u00e4t und interreligi\u00f6se Bedeutung an Montenegros heiliger St\u00e4tte.\" \/>\n<meta property=\"og:url\" content=\"https:\/\/www.visit-montenegro.com\/de\/kloster-ostrog\/geschichten\/\" \/>\n<meta property=\"og:site_name\" content=\"Visit Montenegro\" \/>\n<meta property=\"article:publisher\" content=\"https:\/\/www.facebook.com\/visitmontenegro\" \/>\n<meta property=\"article:modified_time\" content=\"2026-02-22T16:18:41+00:00\" \/>\n<meta property=\"og:image\" content=\"https:\/\/www.visit-montenegro.com\/wp-content\/uploads\/2026\/01\/ostrog-monastery-01-scaled.jpg\" \/>\n\t<meta property=\"og:image:width\" content=\"1600\" \/>\n\t<meta property=\"og:image:height\" content=\"1067\" \/>\n\t<meta property=\"og:image:type\" content=\"image\/jpeg\" \/>\n<meta name=\"twitter:card\" content=\"summary_large_image\" \/>\n<meta name=\"twitter:site\" content=\"@visitmontenegro\" \/>\n<meta name=\"twitter:label1\" content=\"Gesch\u00e4tzte Lesezeit\" \/>\n\t<meta name=\"twitter:data1\" content=\"3\u00a0Minuten\" \/>\n<script type=\"application\/ld+json\" class=\"yoast-schema-graph\">{\"@context\":\"https:\\\/\\\/schema.org\",\"@graph\":[{\"@type\":\"WebPage\",\"@id\":\"https:\\\/\\\/www.visit-montenegro.com\\\/de\\\/kloster-ostrog\\\/geschichten\\\/\",\"url\":\"https:\\\/\\\/www.visit-montenegro.com\\\/de\\\/kloster-ostrog\\\/geschichten\\\/\",\"name\":\"Ostrog-Kloster Geschichten von Wundern - Visit Montenegro\",\"isPartOf\":{\"@id\":\"https:\\\/\\\/www.visit-montenegro.com\\\/de\\\/#website\"},\"primaryImageOfPage\":{\"@id\":\"https:\\\/\\\/www.visit-montenegro.com\\\/de\\\/kloster-ostrog\\\/geschichten\\\/#primaryimage\"},\"image\":{\"@id\":\"https:\\\/\\\/www.visit-montenegro.com\\\/de\\\/kloster-ostrog\\\/geschichten\\\/#primaryimage\"},\"thumbnailUrl\":\"https:\\\/\\\/www.visit-montenegro.com\\\/wp-content\\\/uploads\\\/2026\\\/01\\\/ostrog-monastery-01-scaled.jpg\",\"datePublished\":\"2026-01-28T18:16:59+00:00\",\"dateModified\":\"2026-02-22T16:18:41+00:00\",\"description\":\"Erkunden Sie wundersame Geschichten des Ostrog-Klosters, einschlie\u00dflich der Heilungsreise von Senator William Bill Bar. Entdecken Sie Glauben, Spiritualit\u00e4t und interreligi\u00f6se Bedeutung an Montenegros heiliger St\u00e4tte.\",\"breadcrumb\":{\"@id\":\"https:\\\/\\\/www.visit-montenegro.com\\\/de\\\/kloster-ostrog\\\/geschichten\\\/#breadcrumb\"},\"inLanguage\":\"de\",\"potentialAction\":[{\"@type\":\"ReadAction\",\"target\":[\"https:\\\/\\\/www.visit-montenegro.com\\\/de\\\/kloster-ostrog\\\/geschichten\\\/\"]}]},{\"@type\":\"ImageObject\",\"inLanguage\":\"de\",\"@id\":\"https:\\\/\\\/www.visit-montenegro.com\\\/de\\\/kloster-ostrog\\\/geschichten\\\/#primaryimage\",\"url\":\"https:\\\/\\\/www.visit-montenegro.com\\\/wp-content\\\/uploads\\\/2026\\\/01\\\/ostrog-monastery-01-scaled.jpg\",\"contentUrl\":\"https:\\\/\\\/www.visit-montenegro.com\\\/wp-content\\\/uploads\\\/2026\\\/01\\\/ostrog-monastery-01-scaled.jpg\",\"width\":1600,\"height\":1067},{\"@type\":\"BreadcrumbList\",\"@id\":\"https:\\\/\\\/www.visit-montenegro.com\\\/de\\\/kloster-ostrog\\\/geschichten\\\/#breadcrumb\",\"itemListElement\":[{\"@type\":\"ListItem\",\"position\":1,\"name\":\"Home\",\"item\":\"https:\\\/\\\/www.visit-montenegro.com\\\/de\\\/home\\\/\"},{\"@type\":\"ListItem\",\"position\":2,\"name\":\"Kloster Ostrog\",\"item\":\"https:\\\/\\\/www.visit-montenegro.com\\\/de\\\/kloster-ostrog\\\/\"},{\"@type\":\"ListItem\",\"position\":3,\"name\":\"Ostrog-Kloster Geschichten von Wundern\"}]},{\"@type\":\"WebSite\",\"@id\":\"https:\\\/\\\/www.visit-montenegro.com\\\/de\\\/#website\",\"url\":\"https:\\\/\\\/www.visit-montenegro.com\\\/de\\\/\",\"name\":\"Visit Montenegro\",\"description\":\"Breathtaking beauty\",\"publisher\":{\"@id\":\"https:\\\/\\\/www.visit-montenegro.com\\\/de\\\/#organization\"},\"potentialAction\":[{\"@type\":\"SearchAction\",\"target\":{\"@type\":\"EntryPoint\",\"urlTemplate\":\"https:\\\/\\\/www.visit-montenegro.com\\\/de\\\/?s={search_term_string}\"},\"query-input\":{\"@type\":\"PropertyValueSpecification\",\"valueRequired\":true,\"valueName\":\"search_term_string\"}}],\"inLanguage\":\"de\"},{\"@type\":\"Organization\",\"@id\":\"https:\\\/\\\/www.visit-montenegro.com\\\/de\\\/#organization\",\"name\":\"Visit Montenegro\",\"url\":\"https:\\\/\\\/www.visit-montenegro.com\\\/de\\\/\",\"logo\":{\"@type\":\"ImageObject\",\"inLanguage\":\"de\",\"@id\":\"https:\\\/\\\/www.visit-montenegro.com\\\/de\\\/#\\\/schema\\\/logo\\\/image\\\/\",\"url\":\"https:\\\/\\\/www.visit-montenegro.com\\\/wp-content\\\/uploads\\\/2017\\\/10\\\/logo-amp.png\",\"contentUrl\":\"https:\\\/\\\/www.visit-montenegro.com\\\/wp-content\\\/uploads\\\/2017\\\/10\\\/logo-amp.png\",\"width\":190,\"height\":36,\"caption\":\"Visit Montenegro\"},\"image\":{\"@id\":\"https:\\\/\\\/www.visit-montenegro.com\\\/de\\\/#\\\/schema\\\/logo\\\/image\\\/\"},\"sameAs\":[\"https:\\\/\\\/www.facebook.com\\\/visitmontenegro\",\"https:\\\/\\\/x.com\\\/visitmontenegro\",\"https:\\\/\\\/www.instagram.com\\\/visit_montenegro\\\/\",\"https:\\\/\\\/www.youtube.com\\\/user\\\/VisitMontenegro\"]}]}<\/script>\n<!-- \/ Yoast SEO plugin. -->","yoast_head_json":{"title":"Ostrog-Kloster Geschichten von Wundern - Visit Montenegro","description":"Erkunden Sie wundersame Geschichten des Ostrog-Klosters, einschlie\u00dflich der Heilungsreise von Senator William Bill Bar. Entdecken Sie Glauben, Spiritualit\u00e4t und interreligi\u00f6se Bedeutung an Montenegros heiliger St\u00e4tte.","robots":{"index":"index","follow":"follow","max-snippet":"max-snippet:-1","max-image-preview":"max-image-preview:large","max-video-preview":"max-video-preview:-1"},"canonical":"https:\/\/www.visit-montenegro.com\/de\/kloster-ostrog\/geschichten\/","og_locale":"de_DE","og_type":"article","og_title":"Ostrog-Kloster Geschichten von Wundern - Visit Montenegro","og_description":"Erkunden Sie wundersame Geschichten des Ostrog-Klosters, einschlie\u00dflich der Heilungsreise von Senator William Bill Bar. Entdecken Sie Glauben, Spiritualit\u00e4t und interreligi\u00f6se Bedeutung an Montenegros heiliger St\u00e4tte.","og_url":"https:\/\/www.visit-montenegro.com\/de\/kloster-ostrog\/geschichten\/","og_site_name":"Visit Montenegro","article_publisher":"https:\/\/www.facebook.com\/visitmontenegro","article_modified_time":"2026-02-22T16:18:41+00:00","og_image":[{"width":1600,"height":1067,"url":"https:\/\/www.visit-montenegro.com\/wp-content\/uploads\/2026\/01\/ostrog-monastery-01-scaled.jpg","type":"image\/jpeg"}],"twitter_card":"summary_large_image","twitter_site":"@visitmontenegro","twitter_misc":{"Gesch\u00e4tzte Lesezeit":"3\u00a0Minuten"},"schema":{"@context":"https:\/\/schema.org","@graph":[{"@type":"WebPage","@id":"https:\/\/www.visit-montenegro.com\/de\/kloster-ostrog\/geschichten\/","url":"https:\/\/www.visit-montenegro.com\/de\/kloster-ostrog\/geschichten\/","name":"Ostrog-Kloster Geschichten von Wundern - Visit Montenegro","isPartOf":{"@id":"https:\/\/www.visit-montenegro.com\/de\/#website"},"primaryImageOfPage":{"@id":"https:\/\/www.visit-montenegro.com\/de\/kloster-ostrog\/geschichten\/#primaryimage"},"image":{"@id":"https:\/\/www.visit-montenegro.com\/de\/kloster-ostrog\/geschichten\/#primaryimage"},"thumbnailUrl":"https:\/\/www.visit-montenegro.com\/wp-content\/uploads\/2026\/01\/ostrog-monastery-01-scaled.jpg","datePublished":"2026-01-28T18:16:59+00:00","dateModified":"2026-02-22T16:18:41+00:00","description":"Erkunden Sie wundersame Geschichten des Ostrog-Klosters, einschlie\u00dflich der Heilungsreise von Senator William Bill Bar. Entdecken Sie Glauben, Spiritualit\u00e4t und interreligi\u00f6se Bedeutung an Montenegros heiliger St\u00e4tte.","breadcrumb":{"@id":"https:\/\/www.visit-montenegro.com\/de\/kloster-ostrog\/geschichten\/#breadcrumb"},"inLanguage":"de","potentialAction":[{"@type":"ReadAction","target":["https:\/\/www.visit-montenegro.com\/de\/kloster-ostrog\/geschichten\/"]}]},{"@type":"ImageObject","inLanguage":"de","@id":"https:\/\/www.visit-montenegro.com\/de\/kloster-ostrog\/geschichten\/#primaryimage","url":"https:\/\/www.visit-montenegro.com\/wp-content\/uploads\/2026\/01\/ostrog-monastery-01-scaled.jpg","contentUrl":"https:\/\/www.visit-montenegro.com\/wp-content\/uploads\/2026\/01\/ostrog-monastery-01-scaled.jpg","width":1600,"height":1067},{"@type":"BreadcrumbList","@id":"https:\/\/www.visit-montenegro.com\/de\/kloster-ostrog\/geschichten\/#breadcrumb","itemListElement":[{"@type":"ListItem","position":1,"name":"Home","item":"https:\/\/www.visit-montenegro.com\/de\/home\/"},{"@type":"ListItem","position":2,"name":"Kloster Ostrog","item":"https:\/\/www.visit-montenegro.com\/de\/kloster-ostrog\/"},{"@type":"ListItem","position":3,"name":"Ostrog-Kloster Geschichten von Wundern"}]},{"@type":"WebSite","@id":"https:\/\/www.visit-montenegro.com\/de\/#website","url":"https:\/\/www.visit-montenegro.com\/de\/","name":"Visit Montenegro","description":"Breathtaking beauty","publisher":{"@id":"https:\/\/www.visit-montenegro.com\/de\/#organization"},"potentialAction":[{"@type":"SearchAction","target":{"@type":"EntryPoint","urlTemplate":"https:\/\/www.visit-montenegro.com\/de\/?s={search_term_string}"},"query-input":{"@type":"PropertyValueSpecification","valueRequired":true,"valueName":"search_term_string"}}],"inLanguage":"de"},{"@type":"Organization","@id":"https:\/\/www.visit-montenegro.com\/de\/#organization","name":"Visit Montenegro","url":"https:\/\/www.visit-montenegro.com\/de\/","logo":{"@type":"ImageObject","inLanguage":"de","@id":"https:\/\/www.visit-montenegro.com\/de\/#\/schema\/logo\/image\/","url":"https:\/\/www.visit-montenegro.com\/wp-content\/uploads\/2017\/10\/logo-amp.png","contentUrl":"https:\/\/www.visit-montenegro.com\/wp-content\/uploads\/2017\/10\/logo-amp.png","width":190,"height":36,"caption":"Visit Montenegro"},"image":{"@id":"https:\/\/www.visit-montenegro.com\/de\/#\/schema\/logo\/image\/"},"sameAs":["https:\/\/www.facebook.com\/visitmontenegro","https:\/\/x.com\/visitmontenegro","https:\/\/www.instagram.com\/visit_montenegro\/","https:\/\/www.youtube.com\/user\/VisitMontenegro"]}]}},"translations":[],"_links":{"self":[{"href":"https:\/\/www.visit-montenegro.com\/de\/wp-json\/wp\/v2\/pages\/133989","targetHints":{"allow":["GET"]}}],"collection":[{"href":"https:\/\/www.visit-montenegro.com\/de\/wp-json\/wp\/v2\/pages"}],"about":[{"href":"https:\/\/www.visit-montenegro.com\/de\/wp-json\/wp\/v2\/types\/page"}],"author":[{"embeddable":true,"href":"https:\/\/www.visit-montenegro.com\/de\/wp-json\/wp\/v2\/users\/1"}],"replies":[{"embeddable":true,"href":"https:\/\/www.visit-montenegro.com\/de\/wp-json\/wp\/v2\/comments?post=133989"}],"version-history":[{"count":0,"href":"https:\/\/www.visit-montenegro.com\/de\/wp-json\/wp\/v2\/pages\/133989\/revisions"}],"up":[{"embeddable":true,"href":"https:\/\/www.visit-montenegro.com\/de\/wp-json\/wp\/v2\/pages\/133952"}],"wp:featuredmedia":[{"embeddable":true,"href":"https:\/\/www.visit-montenegro.com\/de\/wp-json\/wp\/v2\/media\/133953"}],"wp:attachment":[{"href":"https:\/\/www.visit-montenegro.com\/de\/wp-json\/wp\/v2\/media?parent=133989"}],"wp:term":[{"taxonomy":"post_tag","embeddable":true,"href":"https:\/\/www.visit-montenegro.com\/de\/wp-json\/wp\/v2\/tags?post=133989"}],"curies":[{"name":"wp","href":"https:\/\/api.w.org\/{rel}","templated":true}]}}