{"id":134105,"date":"2026-01-27T21:44:31","date_gmt":"2026-01-27T20:44:31","guid":{"rendered":"https:\/\/new.visit-montenegro.com\/ziele\/kotor__trashed\/attractions\/old-town-kotor\/"},"modified":"2026-03-22T20:20:48","modified_gmt":"2026-03-22T19:20:48","slug":"old-town-kotor","status":"publish","type":"page","link":"https:\/\/www.visit-montenegro.com\/de\/reiseziele\/kotor\/sehenswuerdigkeiten\/old-town-kotor\/","title":{"rendered":"Kotor Altstadt"},"content":{"rendered":"\n<p>Die <strong><a href=\"https:\/\/www.visit-montenegro.com\/de\/reiseziele\/kotor\/\">Kotor<\/a> Altstadt<\/strong> ist eine UNESCO-Welterbest\u00e4tte, bekannt als die am besten erhaltene mittelalterliche Stadtanlage im Mittelmeerraum, mit historischer Architektur, Stadtmauern und kulturellen Wahrzeichen.<\/p>\n\n<hr class=\"wp-block-separator has-alpha-channel-opacity\"\/>\n\n<h2 class=\"wp-block-heading\">Architektonische und historische Bedeutung<\/h2>\n\n<p>Die <strong>Kotor Altstadt<\/strong> ist der ber\u00fchmteste Teil von Kotor, der seine Geschichte, Kultur und Tradition bewahrt. Sie verf\u00fcgt \u00fcber zahlreiche mittelalterliche Denkm\u00e4ler, darunter Kirchen, Kathedralen, Pal\u00e4ste und Museen. Ihre Sch\u00f6nheit wird durch enge Gassen, Pl\u00e4tze und M\u00e4rkte verst\u00e4rkt. Au\u00dferdem verf\u00fcgt sie \u00fcber stilvolle Tore, Pal\u00e4ste wohlhabender Familien und viele Treppen. Dieser Kern gilt als die am besten erhaltene mittelalterliche Stadtanlage im Mittelmeerraum.<\/p>\n\n<figure class=\"wp-block-image size-large\"><img loading=\"lazy\" decoding=\"async\" width=\"1024\" height=\"684\" src=\"https:\/\/www.visit-montenegro.com\/wp-content\/uploads\/2026\/01\/kotor-walls-02-1024x684.jpg\" alt=\"\" class=\"wp-image-36104\" srcset=\"https:\/\/www.visit-montenegro.com\/wp-content\/uploads\/2026\/01\/kotor-walls-02-1024x684.jpg 1024w, https:\/\/www.visit-montenegro.com\/wp-content\/uploads\/2026\/01\/kotor-walls-02-300x200.jpg 300w, https:\/\/www.visit-montenegro.com\/wp-content\/uploads\/2026\/01\/kotor-walls-02-768x513.jpg 768w, https:\/\/www.visit-montenegro.com\/wp-content\/uploads\/2026\/01\/kotor-walls-02-1536x1026.jpg 1536w, https:\/\/www.visit-montenegro.com\/wp-content\/uploads\/2026\/01\/kotor-walls-02-1200x801.jpg 1200w, https:\/\/www.visit-montenegro.com\/wp-content\/uploads\/2026\/01\/kotor-walls-02-scaled.jpg 1600w\" sizes=\"auto, (max-width: 1024px) 100vw, 1024px\" \/><figcaption class=\"wp-element-caption\">Kotor Festungsmauer und Altstadt Stari Grad mit bew\u00f6lkten Bergen im Hintergrund. Kotor Burg San Giovanni spiegelt sich im Wassergraben. UNESCO-Welterbest\u00e4tte in Montenegro.<\/figcaption><\/figure>\n\n<p>Die Stadtbefestigungen sind die gr\u00f6\u00dften und beeindruckendsten Merkmale. Sie sind etwa 5 km lang, 20 m hoch und 10 m breit. Vollst\u00e4ndig erhalten, sind sie ein einzigartiges Beispiel f\u00fcr Befestigungsarchitektur in Europa. Der Bau begann im IX. Jahrhundert und dauerte zehn Jahrhunderte an. Tats\u00e4chlich haben die Befestigungen drei Tore, die jahrhundertelang zum Betreten und Verlassen der Stadt genutzt wurden. Von jedem Tor f\u00fchrt der Weg zur Kathedrale Sveti Tripun aus dem XII. Jahrhundert, die dem Schutzpatron der Stadt gewidmet ist.<\/p>\n\n<figure class=\"wp-block-image size-large\"><img loading=\"lazy\" decoding=\"async\" width=\"1024\" height=\"682\" src=\"https:\/\/www.visit-montenegro.com\/wp-content\/uploads\/2026\/01\/kotor-katedrala-1024x682.jpg\" alt=\"\" class=\"wp-image-36090\" srcset=\"https:\/\/www.visit-montenegro.com\/wp-content\/uploads\/2026\/01\/kotor-katedrala-1024x682.jpg 1024w, https:\/\/www.visit-montenegro.com\/wp-content\/uploads\/2026\/01\/kotor-katedrala-300x200.jpg 300w, https:\/\/www.visit-montenegro.com\/wp-content\/uploads\/2026\/01\/kotor-katedrala-768x512.jpg 768w, https:\/\/www.visit-montenegro.com\/wp-content\/uploads\/2026\/01\/kotor-katedrala-1536x1023.jpg 1536w, https:\/\/www.visit-montenegro.com\/wp-content\/uploads\/2026\/01\/kotor-katedrala-1200x799.jpg 1200w, https:\/\/www.visit-montenegro.com\/wp-content\/uploads\/2026\/01\/kotor-katedrala-scaled.jpg 1600w\" sizes=\"auto, (max-width: 1024px) 100vw, 1024px\" \/><figcaption class=\"wp-element-caption\">Die Kathedrale des Heiligen Tryphon in Kotor, Montenegro<\/figcaption><\/figure>\n\n<h3 class=\"wp-block-heading\">Pl\u00e4tze und Versammlungsorte<\/h3>\n\n<p>Es gibt mehrere Pl\u00e4tze in der <strong>Kotor Altstadt<\/strong>. Der Haupt- und gr\u00f6\u00dfte ist Trg od oruzja (Waffenplatz). Dieser Platz war schon immer der prim\u00e4re Versammlungsort f\u00fcr verschiedene Veranstaltungen und Versammlungen der Bev\u00f6lkerung von Kotor.<\/p>\n\n<figure class=\"wp-block-image size-large\"><img loading=\"lazy\" decoding=\"async\" width=\"1024\" height=\"685\" src=\"https:\/\/www.visit-montenegro.com\/wp-content\/uploads\/2026\/01\/kotor-main-square-1024x685.jpg\" alt=\"\" class=\"wp-image-36093\" srcset=\"https:\/\/www.visit-montenegro.com\/wp-content\/uploads\/2026\/01\/kotor-main-square-1024x685.jpg 1024w, https:\/\/www.visit-montenegro.com\/wp-content\/uploads\/2026\/01\/kotor-main-square-300x201.jpg 300w, https:\/\/www.visit-montenegro.com\/wp-content\/uploads\/2026\/01\/kotor-main-square-768x514.jpg 768w, https:\/\/www.visit-montenegro.com\/wp-content\/uploads\/2026\/01\/kotor-main-square-1536x1028.jpg 1536w, https:\/\/www.visit-montenegro.com\/wp-content\/uploads\/2026\/01\/kotor-main-square-1200x803.jpg 1200w, https:\/\/www.visit-montenegro.com\/wp-content\/uploads\/2026\/01\/kotor-main-square-scaled.jpg 1600w\" sizes=\"auto, (max-width: 1024px) 100vw, 1024px\" \/><figcaption class=\"wp-element-caption\">Uhrturm in Kotor, Montenegro<\/figcaption><\/figure>\n\n<h2 class=\"wp-block-heading\">Kulturelle und moderne Annehmlichkeiten<\/h2>\n\n<p>Der kulturelle Reichtum der <strong>Kotor Altstadt<\/strong> umfasst unsch\u00e4tzbare Denkm\u00e4ler wie den Uhrturm (VIII. Jahrhundert), die Kathedrale Sveti Tripun (XII. Jahrhundert), die Kirche Sveti Luka (XII. Jahrhundert), den F\u00fcrstenpalast (XVII. Jahrhundert), die Kirche Sveta Marija (XII. Jahrhundert), die Kirche der Heiligen Gesundheit (XV. Jahrhundert) und das Napoleon-Theater (XIX. Jahrhundert). Au\u00dferdem gibt es zahlreiche Pal\u00e4ste wie Bizanti, Buca, Pima und Grgurin, in dem sich heute das Seefahrtsmuseum befindet.<\/p>\n\n<p>Moderne Annehmlichkeiten in der <strong>Kotor Altstadt<\/strong> umfassen die erste Fakult\u00e4t f\u00fcr Tourismus und Hotelwesen, Musikhallen, ein Kulturzentrum und Galerien. Folglich bietet sie eine Mischung aus historischen und zeitgen\u00f6ssischen Attraktionen.<\/p>\n\n<h3 class=\"wp-block-heading\">Einkaufen und Essen<\/h3>\n\n<p>Die <strong>Kotor Altstadt<\/strong> hat die gr\u00f6\u00dfte Anzahl an Boutiquen und Handelsgesch\u00e4ften. Kleinere Gesch\u00e4fte bieten Schuhe und Kleidung von renommierten europ\u00e4ischen und weltweiten Designern an. Au\u00dferdem gibt es Souvenirl\u00e4den, Fotogesch\u00e4fte, Juweliergesch\u00e4fte, Buchhandlungen, Antiquit\u00e4tenl\u00e4den, Friseursalons, Sch\u00f6nheitszentren, Barbierl\u00e4den, Caf\u00e9s und Pizzerien.<\/p>\n\n<figure class=\"wp-block-image size-large\"><img loading=\"lazy\" decoding=\"async\" width=\"1024\" height=\"718\" src=\"https:\/\/www.visit-montenegro.com\/wp-content\/uploads\/2026\/01\/kotor-city-street-1024x718.jpg\" alt=\"\" class=\"wp-image-36084\" srcset=\"https:\/\/www.visit-montenegro.com\/wp-content\/uploads\/2026\/01\/kotor-city-street-1024x718.jpg 1024w, https:\/\/www.visit-montenegro.com\/wp-content\/uploads\/2026\/01\/kotor-city-street-300x210.jpg 300w, https:\/\/www.visit-montenegro.com\/wp-content\/uploads\/2026\/01\/kotor-city-street-768x538.jpg 768w, https:\/\/www.visit-montenegro.com\/wp-content\/uploads\/2026\/01\/kotor-city-street-1536x1077.jpg 1536w, https:\/\/www.visit-montenegro.com\/wp-content\/uploads\/2026\/01\/kotor-city-street-1200x841.jpg 1200w, https:\/\/www.visit-montenegro.com\/wp-content\/uploads\/2026\/01\/kotor-city-street-scaled.jpg 1600w\" sizes=\"auto, (max-width: 1024px) 100vw, 1024px\" \/><figcaption class=\"wp-element-caption\">Enge Gassen der Kotor Altstadt<br\/><\/figcaption><\/figure>\n\n<p>Es lohnt sich, einen Tag mit der Besichtigung der <strong>Kotor Altstadt<\/strong> zu verbringen. Sie k\u00f6nnen die Stadt erkunden und sich in zahlreichen Caf\u00e9s erfrischen, die meist auf den Pl\u00e4tzen liegen. Au\u00dferdem bieten sch\u00f6n dekorierte Restaurants und Hotels traditionelle Spezialit\u00e4ten und mediterranes Essen an. Zwei Hotels bieten angenehme Unterk\u00fcnfte. Wichtig ist, dass die <strong>Kotor Altstadt<\/strong> seit 1979 auf der UNESCO-Liste des Weltkulturerbes steht. K\u00fcrzlich als gef\u00e4hrdetes Weltkulturerbe erkl\u00e4rt, wird sie erh\u00f6hte Aufmerksamkeit von europ\u00e4ischen und weltweiten Institutionen erhalten.<\/p>\n","protected":false},"excerpt":{"rendered":"<p>Entdecken Sie die Kotor Altstadt, eine UNESCO-Welterbest\u00e4tte und die am besten erhaltene mittelalterliche Stadtanlage im Mittelmeerraum. Erkunden Sie ihre historischen Mauern, Kathedralen und lebendigen Pl\u00e4tze, die reiche Kultur mit modernen Annehmlichkeiten f\u00fcr einen unvergesslichen Besuch verbinden.<\/p>\n","protected":false},"author":1,"featured_media":133368,"parent":134099,"menu_order":0,"comment_status":"closed","ping_status":"closed","template":"","meta":{"_yoast_wpseo_focuskw":"Altstadt von Kotor","_yoast_wpseo_metadesc":"Entdecken Sie die Altstadt von Kotor, eine UNESCO-St\u00e4tte mit mittelalterlichen Mauern, historischen Kathedralen und lebendigen Pl\u00e4tzen. Erkunden Sie ihre reiche Kultur und modernen Annehmlichkeiten in Montenegro.","_kad_post_transparent":"","_kad_post_title":"","_kad_post_layout":"","_kad_post_sidebar_id":"","_kad_post_content_style":"","_kad_post_vertical_padding":"","_kad_post_feature":"","_kad_post_feature_position":"","_kad_post_header":false,"_kad_post_footer":false,"_kad_post_classname":"","iawp_total_views":11,"footnotes":""},"tags":[140,52,139,62,141,76],"class_list":["post-134105","page","type-page","status-publish","has-post-thumbnail","hentry","tag-crna-gora","tag-montenegro","tag-news","tag-tourism","tag-travel","tag-visit"],"yoast_head":"<!-- This site is optimized with the Yoast SEO plugin v27.3 - https:\/\/yoast.com\/product\/yoast-seo-wordpress\/ -->\n<title>Kotor Altstadt - Visit Montenegro<\/title>\n<meta name=\"description\" content=\"Entdecken Sie die Altstadt von Kotor, eine UNESCO-St\u00e4tte mit mittelalterlichen Mauern, historischen Kathedralen und lebendigen Pl\u00e4tzen. Erkunden Sie ihre reiche Kultur und modernen Annehmlichkeiten in Montenegro.\" \/>\n<meta name=\"robots\" content=\"index, follow, max-snippet:-1, max-image-preview:large, max-video-preview:-1\" \/>\n<link rel=\"canonical\" href=\"https:\/\/www.visit-montenegro.com\/de\/reiseziele\/kotor\/sehenswuerdigkeiten\/old-town-kotor\/\" \/>\n<meta property=\"og:locale\" content=\"de_DE\" \/>\n<meta property=\"og:type\" content=\"article\" \/>\n<meta property=\"og:title\" content=\"Kotor Altstadt - Visit Montenegro\" \/>\n<meta property=\"og:description\" content=\"Entdecken Sie die Altstadt von Kotor, eine UNESCO-St\u00e4tte mit mittelalterlichen Mauern, historischen Kathedralen und lebendigen Pl\u00e4tzen. Erkunden Sie ihre reiche Kultur und modernen Annehmlichkeiten in Montenegro.\" \/>\n<meta property=\"og:url\" content=\"https:\/\/www.visit-montenegro.com\/de\/reiseziele\/kotor\/sehenswuerdigkeiten\/old-town-kotor\/\" \/>\n<meta property=\"og:site_name\" content=\"Visit Montenegro\" \/>\n<meta property=\"article:publisher\" content=\"https:\/\/www.facebook.com\/visitmontenegro\" \/>\n<meta property=\"article:modified_time\" content=\"2026-03-22T19:20:48+00:00\" \/>\n<meta property=\"og:image\" content=\"https:\/\/www.visit-montenegro.com\/wp-content\/uploads\/2025\/12\/kotor-1.jpeg\" \/>\n\t<meta property=\"og:image:width\" content=\"835\" \/>\n\t<meta property=\"og:image:height\" content=\"961\" \/>\n\t<meta property=\"og:image:type\" content=\"image\/jpeg\" \/>\n<meta name=\"twitter:card\" content=\"summary_large_image\" \/>\n<meta name=\"twitter:site\" content=\"@visitmontenegro\" \/>\n<meta name=\"twitter:label1\" content=\"Gesch\u00e4tzte Lesezeit\" \/>\n\t<meta name=\"twitter:data1\" content=\"3\u00a0Minuten\" \/>\n<script type=\"application\/ld+json\" class=\"yoast-schema-graph\">{\"@context\":\"https:\\\/\\\/schema.org\",\"@graph\":[{\"@type\":\"WebPage\",\"@id\":\"https:\\\/\\\/www.visit-montenegro.com\\\/de\\\/reiseziele\\\/kotor\\\/sehenswuerdigkeiten\\\/old-town-kotor\\\/\",\"url\":\"https:\\\/\\\/www.visit-montenegro.com\\\/de\\\/reiseziele\\\/kotor\\\/sehenswuerdigkeiten\\\/old-town-kotor\\\/\",\"name\":\"Kotor Altstadt - Visit Montenegro\",\"isPartOf\":{\"@id\":\"https:\\\/\\\/www.visit-montenegro.com\\\/de\\\/#website\"},\"primaryImageOfPage\":{\"@id\":\"https:\\\/\\\/www.visit-montenegro.com\\\/de\\\/reiseziele\\\/kotor\\\/sehenswuerdigkeiten\\\/old-town-kotor\\\/#primaryimage\"},\"image\":{\"@id\":\"https:\\\/\\\/www.visit-montenegro.com\\\/de\\\/reiseziele\\\/kotor\\\/sehenswuerdigkeiten\\\/old-town-kotor\\\/#primaryimage\"},\"thumbnailUrl\":\"https:\\\/\\\/www.visit-montenegro.com\\\/wp-content\\\/uploads\\\/2025\\\/12\\\/kotor-1.jpeg\",\"datePublished\":\"2026-01-27T20:44:31+00:00\",\"dateModified\":\"2026-03-22T19:20:48+00:00\",\"description\":\"Entdecken Sie die Altstadt von Kotor, eine UNESCO-St\u00e4tte mit mittelalterlichen Mauern, historischen Kathedralen und lebendigen Pl\u00e4tzen. Erkunden Sie ihre reiche Kultur und modernen Annehmlichkeiten in Montenegro.\",\"breadcrumb\":{\"@id\":\"https:\\\/\\\/www.visit-montenegro.com\\\/de\\\/reiseziele\\\/kotor\\\/sehenswuerdigkeiten\\\/old-town-kotor\\\/#breadcrumb\"},\"inLanguage\":\"de\",\"potentialAction\":[{\"@type\":\"ReadAction\",\"target\":[\"https:\\\/\\\/www.visit-montenegro.com\\\/de\\\/reiseziele\\\/kotor\\\/sehenswuerdigkeiten\\\/old-town-kotor\\\/\"]}]},{\"@type\":\"ImageObject\",\"inLanguage\":\"de\",\"@id\":\"https:\\\/\\\/www.visit-montenegro.com\\\/de\\\/reiseziele\\\/kotor\\\/sehenswuerdigkeiten\\\/old-town-kotor\\\/#primaryimage\",\"url\":\"https:\\\/\\\/www.visit-montenegro.com\\\/wp-content\\\/uploads\\\/2025\\\/12\\\/kotor-1.jpeg\",\"contentUrl\":\"https:\\\/\\\/www.visit-montenegro.com\\\/wp-content\\\/uploads\\\/2025\\\/12\\\/kotor-1.jpeg\",\"width\":835,\"height\":961},{\"@type\":\"BreadcrumbList\",\"@id\":\"https:\\\/\\\/www.visit-montenegro.com\\\/de\\\/reiseziele\\\/kotor\\\/sehenswuerdigkeiten\\\/old-town-kotor\\\/#breadcrumb\",\"itemListElement\":[{\"@type\":\"ListItem\",\"position\":1,\"name\":\"Home\",\"item\":\"https:\\\/\\\/www.visit-montenegro.com\\\/de\\\/home\\\/\"},{\"@type\":\"ListItem\",\"position\":2,\"name\":\"Reiseziele in Montenegro\",\"item\":\"https:\\\/\\\/www.visit-montenegro.com\\\/de\\\/reiseziele\\\/\"},{\"@type\":\"ListItem\",\"position\":3,\"name\":\"Kotor\",\"item\":\"https:\\\/\\\/www.visit-montenegro.com\\\/de\\\/reiseziele\\\/kotor\\\/\"},{\"@type\":\"ListItem\",\"position\":4,\"name\":\"Kotor Sehensw\u00fcrdigkeiten\",\"item\":\"https:\\\/\\\/www.visit-montenegro.com\\\/de\\\/reiseziele\\\/kotor\\\/sehenswuerdigkeiten\\\/\"},{\"@type\":\"ListItem\",\"position\":5,\"name\":\"Kotor Altstadt\"}]},{\"@type\":\"WebSite\",\"@id\":\"https:\\\/\\\/www.visit-montenegro.com\\\/de\\\/#website\",\"url\":\"https:\\\/\\\/www.visit-montenegro.com\\\/de\\\/\",\"name\":\"Visit Montenegro\",\"description\":\"Breathtaking beauty\",\"publisher\":{\"@id\":\"https:\\\/\\\/www.visit-montenegro.com\\\/de\\\/#organization\"},\"potentialAction\":[{\"@type\":\"SearchAction\",\"target\":{\"@type\":\"EntryPoint\",\"urlTemplate\":\"https:\\\/\\\/www.visit-montenegro.com\\\/de\\\/?s={search_term_string}\"},\"query-input\":{\"@type\":\"PropertyValueSpecification\",\"valueRequired\":true,\"valueName\":\"search_term_string\"}}],\"inLanguage\":\"de\"},{\"@type\":\"Organization\",\"@id\":\"https:\\\/\\\/www.visit-montenegro.com\\\/de\\\/#organization\",\"name\":\"Visit Montenegro\",\"url\":\"https:\\\/\\\/www.visit-montenegro.com\\\/de\\\/\",\"logo\":{\"@type\":\"ImageObject\",\"inLanguage\":\"de\",\"@id\":\"https:\\\/\\\/www.visit-montenegro.com\\\/de\\\/#\\\/schema\\\/logo\\\/image\\\/\",\"url\":\"https:\\\/\\\/www.visit-montenegro.com\\\/wp-content\\\/uploads\\\/2017\\\/10\\\/logo-amp.png\",\"contentUrl\":\"https:\\\/\\\/www.visit-montenegro.com\\\/wp-content\\\/uploads\\\/2017\\\/10\\\/logo-amp.png\",\"width\":190,\"height\":36,\"caption\":\"Visit Montenegro\"},\"image\":{\"@id\":\"https:\\\/\\\/www.visit-montenegro.com\\\/de\\\/#\\\/schema\\\/logo\\\/image\\\/\"},\"sameAs\":[\"https:\\\/\\\/www.facebook.com\\\/visitmontenegro\",\"https:\\\/\\\/x.com\\\/visitmontenegro\",\"https:\\\/\\\/www.instagram.com\\\/visit_montenegro\\\/\",\"https:\\\/\\\/www.youtube.com\\\/user\\\/VisitMontenegro\"]}]}<\/script>\n<!-- \/ Yoast SEO plugin. -->","yoast_head_json":{"title":"Kotor Altstadt - Visit Montenegro","description":"Entdecken Sie die Altstadt von Kotor, eine UNESCO-St\u00e4tte mit mittelalterlichen Mauern, historischen Kathedralen und lebendigen Pl\u00e4tzen. Erkunden Sie ihre reiche Kultur und modernen Annehmlichkeiten in Montenegro.","robots":{"index":"index","follow":"follow","max-snippet":"max-snippet:-1","max-image-preview":"max-image-preview:large","max-video-preview":"max-video-preview:-1"},"canonical":"https:\/\/www.visit-montenegro.com\/de\/reiseziele\/kotor\/sehenswuerdigkeiten\/old-town-kotor\/","og_locale":"de_DE","og_type":"article","og_title":"Kotor Altstadt - Visit Montenegro","og_description":"Entdecken Sie die Altstadt von Kotor, eine UNESCO-St\u00e4tte mit mittelalterlichen Mauern, historischen Kathedralen und lebendigen Pl\u00e4tzen. Erkunden Sie ihre reiche Kultur und modernen Annehmlichkeiten in Montenegro.","og_url":"https:\/\/www.visit-montenegro.com\/de\/reiseziele\/kotor\/sehenswuerdigkeiten\/old-town-kotor\/","og_site_name":"Visit Montenegro","article_publisher":"https:\/\/www.facebook.com\/visitmontenegro","article_modified_time":"2026-03-22T19:20:48+00:00","og_image":[{"width":835,"height":961,"url":"https:\/\/www.visit-montenegro.com\/wp-content\/uploads\/2025\/12\/kotor-1.jpeg","type":"image\/jpeg"}],"twitter_card":"summary_large_image","twitter_site":"@visitmontenegro","twitter_misc":{"Gesch\u00e4tzte Lesezeit":"3\u00a0Minuten"},"schema":{"@context":"https:\/\/schema.org","@graph":[{"@type":"WebPage","@id":"https:\/\/www.visit-montenegro.com\/de\/reiseziele\/kotor\/sehenswuerdigkeiten\/old-town-kotor\/","url":"https:\/\/www.visit-montenegro.com\/de\/reiseziele\/kotor\/sehenswuerdigkeiten\/old-town-kotor\/","name":"Kotor Altstadt - Visit Montenegro","isPartOf":{"@id":"https:\/\/www.visit-montenegro.com\/de\/#website"},"primaryImageOfPage":{"@id":"https:\/\/www.visit-montenegro.com\/de\/reiseziele\/kotor\/sehenswuerdigkeiten\/old-town-kotor\/#primaryimage"},"image":{"@id":"https:\/\/www.visit-montenegro.com\/de\/reiseziele\/kotor\/sehenswuerdigkeiten\/old-town-kotor\/#primaryimage"},"thumbnailUrl":"https:\/\/www.visit-montenegro.com\/wp-content\/uploads\/2025\/12\/kotor-1.jpeg","datePublished":"2026-01-27T20:44:31+00:00","dateModified":"2026-03-22T19:20:48+00:00","description":"Entdecken Sie die Altstadt von Kotor, eine UNESCO-St\u00e4tte mit mittelalterlichen Mauern, historischen Kathedralen und lebendigen Pl\u00e4tzen. Erkunden Sie ihre reiche Kultur und modernen Annehmlichkeiten in Montenegro.","breadcrumb":{"@id":"https:\/\/www.visit-montenegro.com\/de\/reiseziele\/kotor\/sehenswuerdigkeiten\/old-town-kotor\/#breadcrumb"},"inLanguage":"de","potentialAction":[{"@type":"ReadAction","target":["https:\/\/www.visit-montenegro.com\/de\/reiseziele\/kotor\/sehenswuerdigkeiten\/old-town-kotor\/"]}]},{"@type":"ImageObject","inLanguage":"de","@id":"https:\/\/www.visit-montenegro.com\/de\/reiseziele\/kotor\/sehenswuerdigkeiten\/old-town-kotor\/#primaryimage","url":"https:\/\/www.visit-montenegro.com\/wp-content\/uploads\/2025\/12\/kotor-1.jpeg","contentUrl":"https:\/\/www.visit-montenegro.com\/wp-content\/uploads\/2025\/12\/kotor-1.jpeg","width":835,"height":961},{"@type":"BreadcrumbList","@id":"https:\/\/www.visit-montenegro.com\/de\/reiseziele\/kotor\/sehenswuerdigkeiten\/old-town-kotor\/#breadcrumb","itemListElement":[{"@type":"ListItem","position":1,"name":"Home","item":"https:\/\/www.visit-montenegro.com\/de\/home\/"},{"@type":"ListItem","position":2,"name":"Reiseziele in Montenegro","item":"https:\/\/www.visit-montenegro.com\/de\/reiseziele\/"},{"@type":"ListItem","position":3,"name":"Kotor","item":"https:\/\/www.visit-montenegro.com\/de\/reiseziele\/kotor\/"},{"@type":"ListItem","position":4,"name":"Kotor Sehensw\u00fcrdigkeiten","item":"https:\/\/www.visit-montenegro.com\/de\/reiseziele\/kotor\/sehenswuerdigkeiten\/"},{"@type":"ListItem","position":5,"name":"Kotor Altstadt"}]},{"@type":"WebSite","@id":"https:\/\/www.visit-montenegro.com\/de\/#website","url":"https:\/\/www.visit-montenegro.com\/de\/","name":"Visit Montenegro","description":"Breathtaking beauty","publisher":{"@id":"https:\/\/www.visit-montenegro.com\/de\/#organization"},"potentialAction":[{"@type":"SearchAction","target":{"@type":"EntryPoint","urlTemplate":"https:\/\/www.visit-montenegro.com\/de\/?s={search_term_string}"},"query-input":{"@type":"PropertyValueSpecification","valueRequired":true,"valueName":"search_term_string"}}],"inLanguage":"de"},{"@type":"Organization","@id":"https:\/\/www.visit-montenegro.com\/de\/#organization","name":"Visit Montenegro","url":"https:\/\/www.visit-montenegro.com\/de\/","logo":{"@type":"ImageObject","inLanguage":"de","@id":"https:\/\/www.visit-montenegro.com\/de\/#\/schema\/logo\/image\/","url":"https:\/\/www.visit-montenegro.com\/wp-content\/uploads\/2017\/10\/logo-amp.png","contentUrl":"https:\/\/www.visit-montenegro.com\/wp-content\/uploads\/2017\/10\/logo-amp.png","width":190,"height":36,"caption":"Visit Montenegro"},"image":{"@id":"https:\/\/www.visit-montenegro.com\/de\/#\/schema\/logo\/image\/"},"sameAs":["https:\/\/www.facebook.com\/visitmontenegro","https:\/\/x.com\/visitmontenegro","https:\/\/www.instagram.com\/visit_montenegro\/","https:\/\/www.youtube.com\/user\/VisitMontenegro"]}]}},"translations":[],"_links":{"self":[{"href":"https:\/\/www.visit-montenegro.com\/de\/wp-json\/wp\/v2\/pages\/134105","targetHints":{"allow":["GET"]}}],"collection":[{"href":"https:\/\/www.visit-montenegro.com\/de\/wp-json\/wp\/v2\/pages"}],"about":[{"href":"https:\/\/www.visit-montenegro.com\/de\/wp-json\/wp\/v2\/types\/page"}],"author":[{"embeddable":true,"href":"https:\/\/www.visit-montenegro.com\/de\/wp-json\/wp\/v2\/users\/1"}],"replies":[{"embeddable":true,"href":"https:\/\/www.visit-montenegro.com\/de\/wp-json\/wp\/v2\/comments?post=134105"}],"version-history":[{"count":1,"href":"https:\/\/www.visit-montenegro.com\/de\/wp-json\/wp\/v2\/pages\/134105\/revisions"}],"predecessor-version":[{"id":139425,"href":"https:\/\/www.visit-montenegro.com\/de\/wp-json\/wp\/v2\/pages\/134105\/revisions\/139425"}],"up":[{"embeddable":true,"href":"https:\/\/www.visit-montenegro.com\/de\/wp-json\/wp\/v2\/pages\/134099"}],"wp:featuredmedia":[{"embeddable":true,"href":"https:\/\/www.visit-montenegro.com\/de\/wp-json\/wp\/v2\/media\/133368"}],"wp:attachment":[{"href":"https:\/\/www.visit-montenegro.com\/de\/wp-json\/wp\/v2\/media?parent=134105"}],"wp:term":[{"taxonomy":"post_tag","embeddable":true,"href":"https:\/\/www.visit-montenegro.com\/de\/wp-json\/wp\/v2\/tags?post=134105"}],"curies":[{"name":"wp","href":"https:\/\/api.w.org\/{rel}","templated":true}]}}