{"id":134109,"date":"2026-01-27T21:44:31","date_gmt":"2026-01-27T20:44:31","guid":{"rendered":"https:\/\/new.visit-montenegro.com\/ziele\/kotor__trashed\/attractions\/unsere-liebe-frau-vom-felsen\/"},"modified":"2026-02-22T17:15:06","modified_gmt":"2026-02-22T16:15:06","slug":"unsere-liebe-frau-vom-felsen","status":"publish","type":"page","link":"https:\/\/www.visit-montenegro.com\/de\/reiseziele\/kotor\/sehenswuerdigkeiten\/unsere-liebe-frau-vom-felsen\/","title":{"rendered":"Unsere Liebe Frau vom Felsen"},"content":{"rendered":"\n<p>Unsere Liebe Frau vom Felsen ist eine k\u00fcnstliche Insel in der Bucht von <a href=\"https:\/\/www.visit-montenegro.com\/de\/reiseziele\/kotor\/\">Kotor<\/a> in Montenegro, die eine historische Kirche beherbergt, die errichtet wurde, nachdem Fischer dort im 17. Jahrhundert eine Ikone der Jungfrau Maria fanden.<\/p>\n<hr \/>\n\n<h2 class=\"wp-block-heading\">Einf\u00fchrung in Unsere Liebe Frau vom Felsen und ihre Zwillingsinsel<\/h2>\n\n<p><strong>Die Insel Gospa od \u0160krpjela<\/strong> (Unsere Liebe Frau vom Felsen) ist eine von zwei wundersch\u00f6nen Inseln in der Bucht von Boka Kotorska, die im Meer gegen\u00fcber von <a href=\"https:\/\/www.visit-montenegro.com\/de\/reiseziele\/kotor\/sehenswuerdigkeiten\/perast\/\">Perast<\/a> in der Gemeinde Kotor liegen. Die andere Insel, die ebenfalls besucht werden sollte, ist die Insel Sveti \u0110or\u0111e. Diese Insel wird auch \u201edie Insel der toten Kapit\u00e4ne\u201c genannt, weil laut einer Legende ein franz\u00f6sischer Soldat durch einen Kanonenschuss auf Perast das Haus seiner geliebten Frau traf und sie t\u00f6tete. Diese Legende war die Inspiration f\u00fcr das Meisterwerk \u201eDie Toteninsel\u201c des Schweizer Malers B\u00f6cklin.<\/p>\n\n<figure class=\"wp-block-image size-full is-resized\"><img loading=\"lazy\" decoding=\"async\" width=\"1600\" height=\"1067\" src=\"https:\/\/www.visit-montenegro.com\/wp-content\/uploads\/2019\/06\/perast-gospa-i-sveti-djordje.jpg\" alt=\"\" class=\"wp-image-35347\" style=\"width:724px;height:auto\" srcset=\"https:\/\/www.visit-montenegro.com\/wp-content\/uploads\/2019\/06\/perast-gospa-i-sveti-djordje.jpg 1600w, https:\/\/www.visit-montenegro.com\/wp-content\/uploads\/2019\/06\/perast-gospa-i-sveti-djordje-300x200.jpg 300w, https:\/\/www.visit-montenegro.com\/wp-content\/uploads\/2019\/06\/perast-gospa-i-sveti-djordje-768x512.jpg 768w, https:\/\/www.visit-montenegro.com\/wp-content\/uploads\/2019\/06\/perast-gospa-i-sveti-djordje-1024x683.jpg 1024w, https:\/\/www.visit-montenegro.com\/wp-content\/uploads\/2019\/06\/perast-gospa-i-sveti-djordje-90x60.jpg 90w, https:\/\/www.visit-montenegro.com\/wp-content\/uploads\/2019\/06\/perast-gospa-i-sveti-djordje-180x120.jpg 180w, https:\/\/www.visit-montenegro.com\/wp-content\/uploads\/2019\/06\/perast-gospa-i-sveti-djordje-95x64.jpg 95w\" sizes=\"auto, (max-width: 1600px) 100vw, 1600px\" \/><figcaption class=\"wp-element-caption\">Unsere Liebe Frau vom Felsen und die Insel Sankt Georg in der Bucht von Boka<\/figcaption><\/figure>\n\n<h2 class=\"wp-block-heading\">Geschichte und Bedeutung von Unsere Liebe Frau vom Felsen<\/h2>\n\n<p>Die Insel Gospa od \u0160krpjela wurde als k\u00fcnstliche Insel geschaffen, die laut Erz\u00e4hlungen von Seeleuten aus Perast und Kotor angelegt wurde, die auf ihren gro\u00dfen Segelschiffen gro\u00dfe Steine herbeibrachten. Auf der Insel befindet sich eine Kirche. Einer Legende zufolge fanden Fischer aus Perast nach einem Schiffbruch in der N\u00e4he der Insel eine Ikone der Heiligen Muttergottes mit dem Christus auf einem Meeresfelsen, und gem\u00e4\u00df der Tradition gelobten sie, eine Kirche auf der Insel zu errichten. Sie bauten die Kirche im Jahr 1630. Da die Insel instand gehalten werden musste, brachten die Seeleute weiterhin Steine herbei, sodass diese Tradition bis heute lebendig ist. Der Brauch aus alter Zeit wurde k\u00fcrzlich wiederbelebt. Heute hei\u00dft er Fasinada von Perast und findet am Ende des Tages am 22. Juli statt.<\/p>\n\n<figure class=\"wp-block-image size-large\"><img loading=\"lazy\" decoding=\"async\" width=\"1024\" height=\"576\" src=\"https:\/\/www.visit-montenegro.com\/wp-content\/uploads\/2026\/02\/Depositphotos_654542568_XL-1024x576.jpg\" alt=\"\" class=\"wp-image-133130\" srcset=\"https:\/\/www.visit-montenegro.com\/wp-content\/uploads\/2026\/02\/Depositphotos_654542568_XL-1024x576.jpg 1024w, https:\/\/www.visit-montenegro.com\/wp-content\/uploads\/2026\/02\/Depositphotos_654542568_XL-300x169.jpg 300w, https:\/\/www.visit-montenegro.com\/wp-content\/uploads\/2026\/02\/Depositphotos_654542568_XL-768x432.jpg 768w, https:\/\/www.visit-montenegro.com\/wp-content\/uploads\/2026\/02\/Depositphotos_654542568_XL-1536x864.jpg 1536w, https:\/\/www.visit-montenegro.com\/wp-content\/uploads\/2026\/02\/Depositphotos_654542568_XL-2048x1152.jpg 2048w, https:\/\/www.visit-montenegro.com\/wp-content\/uploads\/2026\/02\/Depositphotos_654542568_XL-scaled.jpg 1600w\" sizes=\"auto, (max-width: 1024px) 100vw, 1024px\" \/><\/figure>\n\n<h2 class=\"wp-block-heading\">Besuch von Unsere Liebe Frau vom Felsen und praktische Informationen<\/h2>\n\n<p>Sie k\u00f6nnen beide Inseln leicht von Kotor aus erreichen. Der Besuch der Inseln in der Sommerzeit kann ein wirklich interessanter Teil Ihrer Unterhaltung w\u00e4hrend des Tages sein. Die Fahrt zur Insel kann als Ausflug mit Touristenbooten organisiert werden. Ein Teil der Kreuzfahrt durch die Bucht von Boka Kotorska umfasst die Besichtigung der genannten Inseln. Der einfachste Weg, sich \u00fcber diese Ausfl\u00fcge zu informieren, ist, zur Tourismusorganisation von Kotor zu gehen, zu Reiseb\u00fcros oder selbst zum Hafen von Kotor zu fahren und entlang des Kotor-Ufers Vereinbarungen mit den Besitzern der Touristen-Taxiboote zu treffen.<\/p>\n","protected":false},"excerpt":{"rendered":"<p>Entdecken Sie Unsere Liebe Frau vom Felsen, eine bezaubernde k\u00fcnstliche Insel in der Bucht von Kotor in Montenegro. Erfahren Sie mehr \u00fcber ihre legend\u00e4ren Urspr\u00fcnge und die historische Kirche, und finden Sie Tipps f\u00fcr den Besuch dieser sehenswerten Attraktion.<\/p>\n","protected":false},"author":1,"featured_media":135619,"parent":134099,"menu_order":0,"comment_status":"closed","ping_status":"closed","template":"","meta":{"_yoast_wpseo_focuskw":"Unsere Liebe Frau vom Felsen","_yoast_wpseo_metadesc":"Entdecken Sie Unsere Liebe Frau vom Felsen in Montenegro: eine historische k\u00fcnstliche Insel mit einer Kirche, Legenden und einfachem Zugang von Kotor. Planen Sie Ihren Besuch heute!","_kad_post_transparent":"","_kad_post_title":"","_kad_post_layout":"","_kad_post_sidebar_id":"","_kad_post_content_style":"","_kad_post_vertical_padding":"","_kad_post_feature":"","_kad_post_feature_position":"","_kad_post_header":false,"_kad_post_footer":false,"_kad_post_classname":"","iawp_total_views":15,"footnotes":""},"tags":[140,52,139,62,141,76],"class_list":["post-134109","page","type-page","status-publish","has-post-thumbnail","hentry","tag-crna-gora","tag-montenegro","tag-news","tag-tourism","tag-travel","tag-visit"],"yoast_head":"<!-- This site is optimized with the Yoast SEO plugin v27.3 - https:\/\/yoast.com\/product\/yoast-seo-wordpress\/ -->\n<title>Unsere Liebe Frau vom Felsen - Visit Montenegro<\/title>\n<meta name=\"description\" content=\"Entdecken Sie Unsere Liebe Frau vom Felsen in Montenegro: eine historische k\u00fcnstliche Insel mit einer Kirche, Legenden und einfachem Zugang von Kotor. Planen Sie Ihren Besuch heute!\" \/>\n<meta name=\"robots\" content=\"index, follow, max-snippet:-1, max-image-preview:large, max-video-preview:-1\" \/>\n<link rel=\"canonical\" href=\"https:\/\/www.visit-montenegro.com\/de\/reiseziele\/kotor\/sehenswuerdigkeiten\/unsere-liebe-frau-vom-felsen\/\" \/>\n<meta property=\"og:locale\" content=\"de_DE\" \/>\n<meta property=\"og:type\" content=\"article\" \/>\n<meta property=\"og:title\" content=\"Unsere Liebe Frau vom Felsen - Visit Montenegro\" \/>\n<meta property=\"og:description\" content=\"Entdecken Sie Unsere Liebe Frau vom Felsen in Montenegro: eine historische k\u00fcnstliche Insel mit einer Kirche, Legenden und einfachem Zugang von Kotor. Planen Sie Ihren Besuch heute!\" \/>\n<meta property=\"og:url\" content=\"https:\/\/www.visit-montenegro.com\/de\/reiseziele\/kotor\/sehenswuerdigkeiten\/unsere-liebe-frau-vom-felsen\/\" \/>\n<meta property=\"og:site_name\" content=\"Visit Montenegro\" \/>\n<meta property=\"article:publisher\" content=\"https:\/\/www.facebook.com\/visitmontenegro\" \/>\n<meta property=\"article:modified_time\" content=\"2026-02-22T16:15:06+00:00\" \/>\n<meta property=\"og:image\" content=\"https:\/\/www.visit-montenegro.com\/wp-content\/uploads\/2026\/01\/perast-our-lady-air-scaled.jpg\" \/>\n\t<meta property=\"og:image:width\" content=\"1600\" \/>\n\t<meta property=\"og:image:height\" content=\"969\" \/>\n\t<meta property=\"og:image:type\" content=\"image\/jpeg\" \/>\n<meta name=\"twitter:card\" content=\"summary_large_image\" \/>\n<meta name=\"twitter:site\" content=\"@visitmontenegro\" \/>\n<meta name=\"twitter:label1\" content=\"Gesch\u00e4tzte Lesezeit\" \/>\n\t<meta name=\"twitter:data1\" content=\"2\u00a0Minuten\" \/>\n<script type=\"application\/ld+json\" class=\"yoast-schema-graph\">{\"@context\":\"https:\\\/\\\/schema.org\",\"@graph\":[{\"@type\":\"WebPage\",\"@id\":\"https:\\\/\\\/www.visit-montenegro.com\\\/de\\\/reiseziele\\\/kotor\\\/sehenswuerdigkeiten\\\/unsere-liebe-frau-vom-felsen\\\/\",\"url\":\"https:\\\/\\\/www.visit-montenegro.com\\\/de\\\/reiseziele\\\/kotor\\\/sehenswuerdigkeiten\\\/unsere-liebe-frau-vom-felsen\\\/\",\"name\":\"Unsere Liebe Frau vom Felsen - Visit Montenegro\",\"isPartOf\":{\"@id\":\"https:\\\/\\\/www.visit-montenegro.com\\\/de\\\/#website\"},\"primaryImageOfPage\":{\"@id\":\"https:\\\/\\\/www.visit-montenegro.com\\\/de\\\/reiseziele\\\/kotor\\\/sehenswuerdigkeiten\\\/unsere-liebe-frau-vom-felsen\\\/#primaryimage\"},\"image\":{\"@id\":\"https:\\\/\\\/www.visit-montenegro.com\\\/de\\\/reiseziele\\\/kotor\\\/sehenswuerdigkeiten\\\/unsere-liebe-frau-vom-felsen\\\/#primaryimage\"},\"thumbnailUrl\":\"https:\\\/\\\/www.visit-montenegro.com\\\/wp-content\\\/uploads\\\/2026\\\/01\\\/perast-our-lady-air-scaled.jpg\",\"datePublished\":\"2026-01-27T20:44:31+00:00\",\"dateModified\":\"2026-02-22T16:15:06+00:00\",\"description\":\"Entdecken Sie Unsere Liebe Frau vom Felsen in Montenegro: eine historische k\u00fcnstliche Insel mit einer Kirche, Legenden und einfachem Zugang von Kotor. Planen Sie Ihren Besuch heute!\",\"breadcrumb\":{\"@id\":\"https:\\\/\\\/www.visit-montenegro.com\\\/de\\\/reiseziele\\\/kotor\\\/sehenswuerdigkeiten\\\/unsere-liebe-frau-vom-felsen\\\/#breadcrumb\"},\"inLanguage\":\"de\",\"potentialAction\":[{\"@type\":\"ReadAction\",\"target\":[\"https:\\\/\\\/www.visit-montenegro.com\\\/de\\\/reiseziele\\\/kotor\\\/sehenswuerdigkeiten\\\/unsere-liebe-frau-vom-felsen\\\/\"]}]},{\"@type\":\"ImageObject\",\"inLanguage\":\"de\",\"@id\":\"https:\\\/\\\/www.visit-montenegro.com\\\/de\\\/reiseziele\\\/kotor\\\/sehenswuerdigkeiten\\\/unsere-liebe-frau-vom-felsen\\\/#primaryimage\",\"url\":\"https:\\\/\\\/www.visit-montenegro.com\\\/wp-content\\\/uploads\\\/2026\\\/01\\\/perast-our-lady-air-scaled.jpg\",\"contentUrl\":\"https:\\\/\\\/www.visit-montenegro.com\\\/wp-content\\\/uploads\\\/2026\\\/01\\\/perast-our-lady-air-scaled.jpg\",\"width\":1600,\"height\":969,\"caption\":\"Church of Our Lady of the Rocks, Perast, view from above\"},{\"@type\":\"BreadcrumbList\",\"@id\":\"https:\\\/\\\/www.visit-montenegro.com\\\/de\\\/reiseziele\\\/kotor\\\/sehenswuerdigkeiten\\\/unsere-liebe-frau-vom-felsen\\\/#breadcrumb\",\"itemListElement\":[{\"@type\":\"ListItem\",\"position\":1,\"name\":\"Home\",\"item\":\"https:\\\/\\\/www.visit-montenegro.com\\\/de\\\/home\\\/\"},{\"@type\":\"ListItem\",\"position\":2,\"name\":\"Reiseziele in Montenegro\",\"item\":\"https:\\\/\\\/www.visit-montenegro.com\\\/de\\\/reiseziele\\\/\"},{\"@type\":\"ListItem\",\"position\":3,\"name\":\"Kotor\",\"item\":\"https:\\\/\\\/www.visit-montenegro.com\\\/de\\\/reiseziele\\\/kotor\\\/\"},{\"@type\":\"ListItem\",\"position\":4,\"name\":\"Kotor Sehensw\u00fcrdigkeiten\",\"item\":\"https:\\\/\\\/www.visit-montenegro.com\\\/de\\\/reiseziele\\\/kotor\\\/sehenswuerdigkeiten\\\/\"},{\"@type\":\"ListItem\",\"position\":5,\"name\":\"Unsere Liebe Frau vom Felsen\"}]},{\"@type\":\"WebSite\",\"@id\":\"https:\\\/\\\/www.visit-montenegro.com\\\/de\\\/#website\",\"url\":\"https:\\\/\\\/www.visit-montenegro.com\\\/de\\\/\",\"name\":\"Visit Montenegro\",\"description\":\"Breathtaking beauty\",\"publisher\":{\"@id\":\"https:\\\/\\\/www.visit-montenegro.com\\\/de\\\/#organization\"},\"potentialAction\":[{\"@type\":\"SearchAction\",\"target\":{\"@type\":\"EntryPoint\",\"urlTemplate\":\"https:\\\/\\\/www.visit-montenegro.com\\\/de\\\/?s={search_term_string}\"},\"query-input\":{\"@type\":\"PropertyValueSpecification\",\"valueRequired\":true,\"valueName\":\"search_term_string\"}}],\"inLanguage\":\"de\"},{\"@type\":\"Organization\",\"@id\":\"https:\\\/\\\/www.visit-montenegro.com\\\/de\\\/#organization\",\"name\":\"Visit Montenegro\",\"url\":\"https:\\\/\\\/www.visit-montenegro.com\\\/de\\\/\",\"logo\":{\"@type\":\"ImageObject\",\"inLanguage\":\"de\",\"@id\":\"https:\\\/\\\/www.visit-montenegro.com\\\/de\\\/#\\\/schema\\\/logo\\\/image\\\/\",\"url\":\"https:\\\/\\\/www.visit-montenegro.com\\\/wp-content\\\/uploads\\\/2017\\\/10\\\/logo-amp.png\",\"contentUrl\":\"https:\\\/\\\/www.visit-montenegro.com\\\/wp-content\\\/uploads\\\/2017\\\/10\\\/logo-amp.png\",\"width\":190,\"height\":36,\"caption\":\"Visit Montenegro\"},\"image\":{\"@id\":\"https:\\\/\\\/www.visit-montenegro.com\\\/de\\\/#\\\/schema\\\/logo\\\/image\\\/\"},\"sameAs\":[\"https:\\\/\\\/www.facebook.com\\\/visitmontenegro\",\"https:\\\/\\\/x.com\\\/visitmontenegro\",\"https:\\\/\\\/www.instagram.com\\\/visit_montenegro\\\/\",\"https:\\\/\\\/www.youtube.com\\\/user\\\/VisitMontenegro\"]}]}<\/script>\n<!-- \/ Yoast SEO plugin. -->","yoast_head_json":{"title":"Unsere Liebe Frau vom Felsen - Visit Montenegro","description":"Entdecken Sie Unsere Liebe Frau vom Felsen in Montenegro: eine historische k\u00fcnstliche Insel mit einer Kirche, Legenden und einfachem Zugang von Kotor. Planen Sie Ihren Besuch heute!","robots":{"index":"index","follow":"follow","max-snippet":"max-snippet:-1","max-image-preview":"max-image-preview:large","max-video-preview":"max-video-preview:-1"},"canonical":"https:\/\/www.visit-montenegro.com\/de\/reiseziele\/kotor\/sehenswuerdigkeiten\/unsere-liebe-frau-vom-felsen\/","og_locale":"de_DE","og_type":"article","og_title":"Unsere Liebe Frau vom Felsen - Visit Montenegro","og_description":"Entdecken Sie Unsere Liebe Frau vom Felsen in Montenegro: eine historische k\u00fcnstliche Insel mit einer Kirche, Legenden und einfachem Zugang von Kotor. Planen Sie Ihren Besuch heute!","og_url":"https:\/\/www.visit-montenegro.com\/de\/reiseziele\/kotor\/sehenswuerdigkeiten\/unsere-liebe-frau-vom-felsen\/","og_site_name":"Visit Montenegro","article_publisher":"https:\/\/www.facebook.com\/visitmontenegro","article_modified_time":"2026-02-22T16:15:06+00:00","og_image":[{"width":1600,"height":969,"url":"https:\/\/www.visit-montenegro.com\/wp-content\/uploads\/2026\/01\/perast-our-lady-air-scaled.jpg","type":"image\/jpeg"}],"twitter_card":"summary_large_image","twitter_site":"@visitmontenegro","twitter_misc":{"Gesch\u00e4tzte Lesezeit":"2\u00a0Minuten"},"schema":{"@context":"https:\/\/schema.org","@graph":[{"@type":"WebPage","@id":"https:\/\/www.visit-montenegro.com\/de\/reiseziele\/kotor\/sehenswuerdigkeiten\/unsere-liebe-frau-vom-felsen\/","url":"https:\/\/www.visit-montenegro.com\/de\/reiseziele\/kotor\/sehenswuerdigkeiten\/unsere-liebe-frau-vom-felsen\/","name":"Unsere Liebe Frau vom Felsen - Visit Montenegro","isPartOf":{"@id":"https:\/\/www.visit-montenegro.com\/de\/#website"},"primaryImageOfPage":{"@id":"https:\/\/www.visit-montenegro.com\/de\/reiseziele\/kotor\/sehenswuerdigkeiten\/unsere-liebe-frau-vom-felsen\/#primaryimage"},"image":{"@id":"https:\/\/www.visit-montenegro.com\/de\/reiseziele\/kotor\/sehenswuerdigkeiten\/unsere-liebe-frau-vom-felsen\/#primaryimage"},"thumbnailUrl":"https:\/\/www.visit-montenegro.com\/wp-content\/uploads\/2026\/01\/perast-our-lady-air-scaled.jpg","datePublished":"2026-01-27T20:44:31+00:00","dateModified":"2026-02-22T16:15:06+00:00","description":"Entdecken Sie Unsere Liebe Frau vom Felsen in Montenegro: eine historische k\u00fcnstliche Insel mit einer Kirche, Legenden und einfachem Zugang von Kotor. Planen Sie Ihren Besuch heute!","breadcrumb":{"@id":"https:\/\/www.visit-montenegro.com\/de\/reiseziele\/kotor\/sehenswuerdigkeiten\/unsere-liebe-frau-vom-felsen\/#breadcrumb"},"inLanguage":"de","potentialAction":[{"@type":"ReadAction","target":["https:\/\/www.visit-montenegro.com\/de\/reiseziele\/kotor\/sehenswuerdigkeiten\/unsere-liebe-frau-vom-felsen\/"]}]},{"@type":"ImageObject","inLanguage":"de","@id":"https:\/\/www.visit-montenegro.com\/de\/reiseziele\/kotor\/sehenswuerdigkeiten\/unsere-liebe-frau-vom-felsen\/#primaryimage","url":"https:\/\/www.visit-montenegro.com\/wp-content\/uploads\/2026\/01\/perast-our-lady-air-scaled.jpg","contentUrl":"https:\/\/www.visit-montenegro.com\/wp-content\/uploads\/2026\/01\/perast-our-lady-air-scaled.jpg","width":1600,"height":969,"caption":"Church of Our Lady of the Rocks, Perast, view from above"},{"@type":"BreadcrumbList","@id":"https:\/\/www.visit-montenegro.com\/de\/reiseziele\/kotor\/sehenswuerdigkeiten\/unsere-liebe-frau-vom-felsen\/#breadcrumb","itemListElement":[{"@type":"ListItem","position":1,"name":"Home","item":"https:\/\/www.visit-montenegro.com\/de\/home\/"},{"@type":"ListItem","position":2,"name":"Reiseziele in Montenegro","item":"https:\/\/www.visit-montenegro.com\/de\/reiseziele\/"},{"@type":"ListItem","position":3,"name":"Kotor","item":"https:\/\/www.visit-montenegro.com\/de\/reiseziele\/kotor\/"},{"@type":"ListItem","position":4,"name":"Kotor Sehensw\u00fcrdigkeiten","item":"https:\/\/www.visit-montenegro.com\/de\/reiseziele\/kotor\/sehenswuerdigkeiten\/"},{"@type":"ListItem","position":5,"name":"Unsere Liebe Frau vom Felsen"}]},{"@type":"WebSite","@id":"https:\/\/www.visit-montenegro.com\/de\/#website","url":"https:\/\/www.visit-montenegro.com\/de\/","name":"Visit Montenegro","description":"Breathtaking beauty","publisher":{"@id":"https:\/\/www.visit-montenegro.com\/de\/#organization"},"potentialAction":[{"@type":"SearchAction","target":{"@type":"EntryPoint","urlTemplate":"https:\/\/www.visit-montenegro.com\/de\/?s={search_term_string}"},"query-input":{"@type":"PropertyValueSpecification","valueRequired":true,"valueName":"search_term_string"}}],"inLanguage":"de"},{"@type":"Organization","@id":"https:\/\/www.visit-montenegro.com\/de\/#organization","name":"Visit Montenegro","url":"https:\/\/www.visit-montenegro.com\/de\/","logo":{"@type":"ImageObject","inLanguage":"de","@id":"https:\/\/www.visit-montenegro.com\/de\/#\/schema\/logo\/image\/","url":"https:\/\/www.visit-montenegro.com\/wp-content\/uploads\/2017\/10\/logo-amp.png","contentUrl":"https:\/\/www.visit-montenegro.com\/wp-content\/uploads\/2017\/10\/logo-amp.png","width":190,"height":36,"caption":"Visit Montenegro"},"image":{"@id":"https:\/\/www.visit-montenegro.com\/de\/#\/schema\/logo\/image\/"},"sameAs":["https:\/\/www.facebook.com\/visitmontenegro","https:\/\/x.com\/visitmontenegro","https:\/\/www.instagram.com\/visit_montenegro\/","https:\/\/www.youtube.com\/user\/VisitMontenegro"]}]}},"translations":[],"_links":{"self":[{"href":"https:\/\/www.visit-montenegro.com\/de\/wp-json\/wp\/v2\/pages\/134109","targetHints":{"allow":["GET"]}}],"collection":[{"href":"https:\/\/www.visit-montenegro.com\/de\/wp-json\/wp\/v2\/pages"}],"about":[{"href":"https:\/\/www.visit-montenegro.com\/de\/wp-json\/wp\/v2\/types\/page"}],"author":[{"embeddable":true,"href":"https:\/\/www.visit-montenegro.com\/de\/wp-json\/wp\/v2\/users\/1"}],"replies":[{"embeddable":true,"href":"https:\/\/www.visit-montenegro.com\/de\/wp-json\/wp\/v2\/comments?post=134109"}],"version-history":[{"count":0,"href":"https:\/\/www.visit-montenegro.com\/de\/wp-json\/wp\/v2\/pages\/134109\/revisions"}],"up":[{"embeddable":true,"href":"https:\/\/www.visit-montenegro.com\/de\/wp-json\/wp\/v2\/pages\/134099"}],"wp:featuredmedia":[{"embeddable":true,"href":"https:\/\/www.visit-montenegro.com\/de\/wp-json\/wp\/v2\/media\/135619"}],"wp:attachment":[{"href":"https:\/\/www.visit-montenegro.com\/de\/wp-json\/wp\/v2\/media?parent=134109"}],"wp:term":[{"taxonomy":"post_tag","embeddable":true,"href":"https:\/\/www.visit-montenegro.com\/de\/wp-json\/wp\/v2\/tags?post=134109"}],"curies":[{"name":"wp","href":"https:\/\/api.w.org\/{rel}","templated":true}]}}