{"id":134121,"date":"2026-01-27T21:44:31","date_gmt":"2026-01-27T20:44:31","guid":{"rendered":"https:\/\/new.visit-montenegro.com\/ziele\/kotor__trashed\/attractions\/saint-luke-church\/"},"modified":"2026-02-22T17:15:06","modified_gmt":"2026-02-22T16:15:06","slug":"saint-luke-church","status":"publish","type":"page","link":"https:\/\/www.visit-montenegro.com\/de\/reiseziele\/kotor\/sehenswuerdigkeiten\/saint-luke-church\/","title":{"rendered":"Kirche des Heiligen Lukas"},"content":{"rendered":"\n<p>Die Kirche des Heiligen Lukas in <a href=\"https:\/\/www.visit-montenegro.com\/de\/reiseziele\/kotor\/\">Kotor<\/a>, Montenegro, vereint einzigartig r\u00f6mische und byzantinische Architektur, \u00fcberstand das Erdbeben von 1979 unbeschadet, wobei Fragmente der urspr\u00fcnglichen Fresken noch sichtbar sind.<\/p>\n<hr>\n\n<h2 class=\"wp-block-heading\">Architektonische und historische Bedeutung<\/h2>\n\n<p>Die <strong>Kirche des Heiligen Lukas<\/strong> in Kotor, gelegen auf der Piazza Greca, zeigt Merkmale sowohl r\u00f6mischer als auch byzantinischer Architektur. Diese Kirche ist das einzige Geb\u00e4ude in der Stadt, das w\u00e4hrend des Erdbebens von 1979 keine nennenswerten Sch\u00e4den erlitt. Dar\u00fcber hinaus wurde sie unmittelbar nach dem Bau bemalt, wobei heute nur noch Fragmente an der S\u00fcdwand erhalten sind.<\/p>\n\n<p>Daskal Dimitrij, der Gr\u00fcnder der Boka Kotorska Malschule Rafailovic, schuf den Ikonostas im 17. Jahrhundert. Tats\u00e4chlich diente diese Kirche urspr\u00fcnglich bis Mitte des 17. Jahrhunderts als katholische Schule. Infolge von Kriegen und der Ankunft orthodoxer Menschen in Kotor wurde sie orthodoxen Gl\u00e4ubigen \u00fcbergeben und stellt ein Zeugnis f\u00fcr das harmonische Zusammenleben katholischer und orthodoxer Gemeinschaften dar.<\/p>\n\n<h2 class=\"wp-block-heading\">Einzigartige Merkmale und kulturelles Erbe<\/h2>\n\n<p>Die <strong>Kirche des Heiligen Lukas<\/strong> ist heute bedeutsam, weil sie zwei Alt\u00e4re hat: einen katholischen und einen orthodoxen. Der Boden bestand aus Grabplatten auf verbundenen Gr\u00e4bern von Kotorer B\u00fcrgern, da bis in die 1930er Jahre Beerdigungen in der Kirche selbst stattfanden.<\/p>\n","protected":false},"excerpt":{"rendered":"<p>Entdecken Sie die Kirche des Heiligen Lukas in Kotor, eine einzigartige Mischung aus r\u00f6mischer und byzantinischer Architektur, die das Erdbeben von 1979 \u00fcberstanden hat. Erkunden Sie ihre zwei Alt\u00e4re, historischen Fresken und ihre Rolle in der katholisch-orthodoxen Harmonie, die einen Einblick in das reiche kulturelle Erbe Montenegros bietet.<\/p>\n","protected":false},"author":1,"featured_media":135607,"parent":134099,"menu_order":0,"comment_status":"closed","ping_status":"closed","template":"","meta":{"_yoast_wpseo_focuskw":"Kirche des Heiligen Lukas","_yoast_wpseo_metadesc":"Entdecken Sie die Kirche des Heiligen Lukas in Kotor: ein historisches Juwel mit zwei Alt\u00e4ren, das Erdbeben \u00fcberstanden hat und die Harmonie zwischen Katholiken und Orthodoxen zeigt. Planen Sie Ihren Besuch in Montenegros kulturellem Schatz.","_kad_post_transparent":"","_kad_post_title":"","_kad_post_layout":"","_kad_post_sidebar_id":"","_kad_post_content_style":"","_kad_post_vertical_padding":"","_kad_post_feature":"","_kad_post_feature_position":"","_kad_post_header":false,"_kad_post_footer":false,"_kad_post_classname":"","iawp_total_views":7,"footnotes":""},"tags":[140,52,139,62,141,76],"class_list":["post-134121","page","type-page","status-publish","has-post-thumbnail","hentry","tag-crna-gora","tag-montenegro","tag-news","tag-tourism","tag-travel","tag-visit"],"yoast_head":"<!-- This site is optimized with the Yoast SEO plugin v27.3 - https:\/\/yoast.com\/product\/yoast-seo-wordpress\/ -->\n<title>Kirche des Heiligen Lukas - Visit Montenegro<\/title>\n<meta name=\"description\" content=\"Entdecken Sie die Kirche des Heiligen Lukas in Kotor: ein historisches Juwel mit zwei Alt\u00e4ren, das Erdbeben \u00fcberstanden hat und die Harmonie zwischen Katholiken und Orthodoxen zeigt. Planen Sie Ihren Besuch in Montenegros kulturellem Schatz.\" \/>\n<meta name=\"robots\" content=\"index, follow, max-snippet:-1, max-image-preview:large, max-video-preview:-1\" \/>\n<link rel=\"canonical\" href=\"https:\/\/www.visit-montenegro.com\/de\/reiseziele\/kotor\/sehenswuerdigkeiten\/saint-luke-church\/\" \/>\n<meta property=\"og:locale\" content=\"de_DE\" \/>\n<meta property=\"og:type\" content=\"article\" \/>\n<meta property=\"og:title\" content=\"Kirche des Heiligen Lukas - Visit Montenegro\" \/>\n<meta property=\"og:description\" content=\"Entdecken Sie die Kirche des Heiligen Lukas in Kotor: ein historisches Juwel mit zwei Alt\u00e4ren, das Erdbeben \u00fcberstanden hat und die Harmonie zwischen Katholiken und Orthodoxen zeigt. Planen Sie Ihren Besuch in Montenegros kulturellem Schatz.\" \/>\n<meta property=\"og:url\" content=\"https:\/\/www.visit-montenegro.com\/de\/reiseziele\/kotor\/sehenswuerdigkeiten\/saint-luke-church\/\" \/>\n<meta property=\"og:site_name\" content=\"Visit Montenegro\" \/>\n<meta property=\"article:publisher\" content=\"https:\/\/www.facebook.com\/visitmontenegro\" \/>\n<meta property=\"article:modified_time\" content=\"2026-02-22T16:15:06+00:00\" \/>\n<meta property=\"og:image\" content=\"https:\/\/www.visit-montenegro.com\/wp-content\/uploads\/2026\/01\/kotor-church-saint-luke-scaled.jpg\" \/>\n\t<meta property=\"og:image:width\" content=\"1600\" \/>\n\t<meta property=\"og:image:height\" content=\"1066\" \/>\n\t<meta property=\"og:image:type\" content=\"image\/jpeg\" \/>\n<meta name=\"twitter:card\" content=\"summary_large_image\" \/>\n<meta name=\"twitter:site\" content=\"@visitmontenegro\" \/>\n<meta name=\"twitter:label1\" content=\"Gesch\u00e4tzte Lesezeit\" \/>\n\t<meta name=\"twitter:data1\" content=\"1\u00a0Minute\" \/>\n<script type=\"application\/ld+json\" class=\"yoast-schema-graph\">{\"@context\":\"https:\\\/\\\/schema.org\",\"@graph\":[{\"@type\":\"WebPage\",\"@id\":\"https:\\\/\\\/www.visit-montenegro.com\\\/de\\\/reiseziele\\\/kotor\\\/sehenswuerdigkeiten\\\/saint-luke-church\\\/\",\"url\":\"https:\\\/\\\/www.visit-montenegro.com\\\/de\\\/reiseziele\\\/kotor\\\/sehenswuerdigkeiten\\\/saint-luke-church\\\/\",\"name\":\"Kirche des Heiligen Lukas - Visit Montenegro\",\"isPartOf\":{\"@id\":\"https:\\\/\\\/www.visit-montenegro.com\\\/de\\\/#website\"},\"primaryImageOfPage\":{\"@id\":\"https:\\\/\\\/www.visit-montenegro.com\\\/de\\\/reiseziele\\\/kotor\\\/sehenswuerdigkeiten\\\/saint-luke-church\\\/#primaryimage\"},\"image\":{\"@id\":\"https:\\\/\\\/www.visit-montenegro.com\\\/de\\\/reiseziele\\\/kotor\\\/sehenswuerdigkeiten\\\/saint-luke-church\\\/#primaryimage\"},\"thumbnailUrl\":\"https:\\\/\\\/www.visit-montenegro.com\\\/wp-content\\\/uploads\\\/2026\\\/01\\\/kotor-church-saint-luke-scaled.jpg\",\"datePublished\":\"2026-01-27T20:44:31+00:00\",\"dateModified\":\"2026-02-22T16:15:06+00:00\",\"description\":\"Entdecken Sie die Kirche des Heiligen Lukas in Kotor: ein historisches Juwel mit zwei Alt\u00e4ren, das Erdbeben \u00fcberstanden hat und die Harmonie zwischen Katholiken und Orthodoxen zeigt. Planen Sie Ihren Besuch in Montenegros kulturellem Schatz.\",\"breadcrumb\":{\"@id\":\"https:\\\/\\\/www.visit-montenegro.com\\\/de\\\/reiseziele\\\/kotor\\\/sehenswuerdigkeiten\\\/saint-luke-church\\\/#breadcrumb\"},\"inLanguage\":\"de\",\"potentialAction\":[{\"@type\":\"ReadAction\",\"target\":[\"https:\\\/\\\/www.visit-montenegro.com\\\/de\\\/reiseziele\\\/kotor\\\/sehenswuerdigkeiten\\\/saint-luke-church\\\/\"]}]},{\"@type\":\"ImageObject\",\"inLanguage\":\"de\",\"@id\":\"https:\\\/\\\/www.visit-montenegro.com\\\/de\\\/reiseziele\\\/kotor\\\/sehenswuerdigkeiten\\\/saint-luke-church\\\/#primaryimage\",\"url\":\"https:\\\/\\\/www.visit-montenegro.com\\\/wp-content\\\/uploads\\\/2026\\\/01\\\/kotor-church-saint-luke-scaled.jpg\",\"contentUrl\":\"https:\\\/\\\/www.visit-montenegro.com\\\/wp-content\\\/uploads\\\/2026\\\/01\\\/kotor-church-saint-luke-scaled.jpg\",\"width\":1600,\"height\":1066,\"caption\":\"Church of Saint Luke and the square in Kotor, Montenegro\"},{\"@type\":\"BreadcrumbList\",\"@id\":\"https:\\\/\\\/www.visit-montenegro.com\\\/de\\\/reiseziele\\\/kotor\\\/sehenswuerdigkeiten\\\/saint-luke-church\\\/#breadcrumb\",\"itemListElement\":[{\"@type\":\"ListItem\",\"position\":1,\"name\":\"Home\",\"item\":\"https:\\\/\\\/www.visit-montenegro.com\\\/de\\\/home\\\/\"},{\"@type\":\"ListItem\",\"position\":2,\"name\":\"Reiseziele in Montenegro\",\"item\":\"https:\\\/\\\/www.visit-montenegro.com\\\/de\\\/reiseziele\\\/\"},{\"@type\":\"ListItem\",\"position\":3,\"name\":\"Kotor\",\"item\":\"https:\\\/\\\/www.visit-montenegro.com\\\/de\\\/reiseziele\\\/kotor\\\/\"},{\"@type\":\"ListItem\",\"position\":4,\"name\":\"Kotor Sehensw\u00fcrdigkeiten\",\"item\":\"https:\\\/\\\/www.visit-montenegro.com\\\/de\\\/reiseziele\\\/kotor\\\/sehenswuerdigkeiten\\\/\"},{\"@type\":\"ListItem\",\"position\":5,\"name\":\"Kirche des Heiligen Lukas\"}]},{\"@type\":\"WebSite\",\"@id\":\"https:\\\/\\\/www.visit-montenegro.com\\\/de\\\/#website\",\"url\":\"https:\\\/\\\/www.visit-montenegro.com\\\/de\\\/\",\"name\":\"Visit Montenegro\",\"description\":\"Breathtaking beauty\",\"publisher\":{\"@id\":\"https:\\\/\\\/www.visit-montenegro.com\\\/de\\\/#organization\"},\"potentialAction\":[{\"@type\":\"SearchAction\",\"target\":{\"@type\":\"EntryPoint\",\"urlTemplate\":\"https:\\\/\\\/www.visit-montenegro.com\\\/de\\\/?s={search_term_string}\"},\"query-input\":{\"@type\":\"PropertyValueSpecification\",\"valueRequired\":true,\"valueName\":\"search_term_string\"}}],\"inLanguage\":\"de\"},{\"@type\":\"Organization\",\"@id\":\"https:\\\/\\\/www.visit-montenegro.com\\\/de\\\/#organization\",\"name\":\"Visit Montenegro\",\"url\":\"https:\\\/\\\/www.visit-montenegro.com\\\/de\\\/\",\"logo\":{\"@type\":\"ImageObject\",\"inLanguage\":\"de\",\"@id\":\"https:\\\/\\\/www.visit-montenegro.com\\\/de\\\/#\\\/schema\\\/logo\\\/image\\\/\",\"url\":\"https:\\\/\\\/www.visit-montenegro.com\\\/wp-content\\\/uploads\\\/2017\\\/10\\\/logo-amp.png\",\"contentUrl\":\"https:\\\/\\\/www.visit-montenegro.com\\\/wp-content\\\/uploads\\\/2017\\\/10\\\/logo-amp.png\",\"width\":190,\"height\":36,\"caption\":\"Visit Montenegro\"},\"image\":{\"@id\":\"https:\\\/\\\/www.visit-montenegro.com\\\/de\\\/#\\\/schema\\\/logo\\\/image\\\/\"},\"sameAs\":[\"https:\\\/\\\/www.facebook.com\\\/visitmontenegro\",\"https:\\\/\\\/x.com\\\/visitmontenegro\",\"https:\\\/\\\/www.instagram.com\\\/visit_montenegro\\\/\",\"https:\\\/\\\/www.youtube.com\\\/user\\\/VisitMontenegro\"]}]}<\/script>\n<!-- \/ Yoast SEO plugin. -->","yoast_head_json":{"title":"Kirche des Heiligen Lukas - Visit Montenegro","description":"Entdecken Sie die Kirche des Heiligen Lukas in Kotor: ein historisches Juwel mit zwei Alt\u00e4ren, das Erdbeben \u00fcberstanden hat und die Harmonie zwischen Katholiken und Orthodoxen zeigt. Planen Sie Ihren Besuch in Montenegros kulturellem Schatz.","robots":{"index":"index","follow":"follow","max-snippet":"max-snippet:-1","max-image-preview":"max-image-preview:large","max-video-preview":"max-video-preview:-1"},"canonical":"https:\/\/www.visit-montenegro.com\/de\/reiseziele\/kotor\/sehenswuerdigkeiten\/saint-luke-church\/","og_locale":"de_DE","og_type":"article","og_title":"Kirche des Heiligen Lukas - Visit Montenegro","og_description":"Entdecken Sie die Kirche des Heiligen Lukas in Kotor: ein historisches Juwel mit zwei Alt\u00e4ren, das Erdbeben \u00fcberstanden hat und die Harmonie zwischen Katholiken und Orthodoxen zeigt. Planen Sie Ihren Besuch in Montenegros kulturellem Schatz.","og_url":"https:\/\/www.visit-montenegro.com\/de\/reiseziele\/kotor\/sehenswuerdigkeiten\/saint-luke-church\/","og_site_name":"Visit Montenegro","article_publisher":"https:\/\/www.facebook.com\/visitmontenegro","article_modified_time":"2026-02-22T16:15:06+00:00","og_image":[{"width":1600,"height":1066,"url":"https:\/\/www.visit-montenegro.com\/wp-content\/uploads\/2026\/01\/kotor-church-saint-luke-scaled.jpg","type":"image\/jpeg"}],"twitter_card":"summary_large_image","twitter_site":"@visitmontenegro","twitter_misc":{"Gesch\u00e4tzte Lesezeit":"1\u00a0Minute"},"schema":{"@context":"https:\/\/schema.org","@graph":[{"@type":"WebPage","@id":"https:\/\/www.visit-montenegro.com\/de\/reiseziele\/kotor\/sehenswuerdigkeiten\/saint-luke-church\/","url":"https:\/\/www.visit-montenegro.com\/de\/reiseziele\/kotor\/sehenswuerdigkeiten\/saint-luke-church\/","name":"Kirche des Heiligen Lukas - Visit Montenegro","isPartOf":{"@id":"https:\/\/www.visit-montenegro.com\/de\/#website"},"primaryImageOfPage":{"@id":"https:\/\/www.visit-montenegro.com\/de\/reiseziele\/kotor\/sehenswuerdigkeiten\/saint-luke-church\/#primaryimage"},"image":{"@id":"https:\/\/www.visit-montenegro.com\/de\/reiseziele\/kotor\/sehenswuerdigkeiten\/saint-luke-church\/#primaryimage"},"thumbnailUrl":"https:\/\/www.visit-montenegro.com\/wp-content\/uploads\/2026\/01\/kotor-church-saint-luke-scaled.jpg","datePublished":"2026-01-27T20:44:31+00:00","dateModified":"2026-02-22T16:15:06+00:00","description":"Entdecken Sie die Kirche des Heiligen Lukas in Kotor: ein historisches Juwel mit zwei Alt\u00e4ren, das Erdbeben \u00fcberstanden hat und die Harmonie zwischen Katholiken und Orthodoxen zeigt. Planen Sie Ihren Besuch in Montenegros kulturellem Schatz.","breadcrumb":{"@id":"https:\/\/www.visit-montenegro.com\/de\/reiseziele\/kotor\/sehenswuerdigkeiten\/saint-luke-church\/#breadcrumb"},"inLanguage":"de","potentialAction":[{"@type":"ReadAction","target":["https:\/\/www.visit-montenegro.com\/de\/reiseziele\/kotor\/sehenswuerdigkeiten\/saint-luke-church\/"]}]},{"@type":"ImageObject","inLanguage":"de","@id":"https:\/\/www.visit-montenegro.com\/de\/reiseziele\/kotor\/sehenswuerdigkeiten\/saint-luke-church\/#primaryimage","url":"https:\/\/www.visit-montenegro.com\/wp-content\/uploads\/2026\/01\/kotor-church-saint-luke-scaled.jpg","contentUrl":"https:\/\/www.visit-montenegro.com\/wp-content\/uploads\/2026\/01\/kotor-church-saint-luke-scaled.jpg","width":1600,"height":1066,"caption":"Church of Saint Luke and the square in Kotor, Montenegro"},{"@type":"BreadcrumbList","@id":"https:\/\/www.visit-montenegro.com\/de\/reiseziele\/kotor\/sehenswuerdigkeiten\/saint-luke-church\/#breadcrumb","itemListElement":[{"@type":"ListItem","position":1,"name":"Home","item":"https:\/\/www.visit-montenegro.com\/de\/home\/"},{"@type":"ListItem","position":2,"name":"Reiseziele in Montenegro","item":"https:\/\/www.visit-montenegro.com\/de\/reiseziele\/"},{"@type":"ListItem","position":3,"name":"Kotor","item":"https:\/\/www.visit-montenegro.com\/de\/reiseziele\/kotor\/"},{"@type":"ListItem","position":4,"name":"Kotor Sehensw\u00fcrdigkeiten","item":"https:\/\/www.visit-montenegro.com\/de\/reiseziele\/kotor\/sehenswuerdigkeiten\/"},{"@type":"ListItem","position":5,"name":"Kirche des Heiligen Lukas"}]},{"@type":"WebSite","@id":"https:\/\/www.visit-montenegro.com\/de\/#website","url":"https:\/\/www.visit-montenegro.com\/de\/","name":"Visit Montenegro","description":"Breathtaking beauty","publisher":{"@id":"https:\/\/www.visit-montenegro.com\/de\/#organization"},"potentialAction":[{"@type":"SearchAction","target":{"@type":"EntryPoint","urlTemplate":"https:\/\/www.visit-montenegro.com\/de\/?s={search_term_string}"},"query-input":{"@type":"PropertyValueSpecification","valueRequired":true,"valueName":"search_term_string"}}],"inLanguage":"de"},{"@type":"Organization","@id":"https:\/\/www.visit-montenegro.com\/de\/#organization","name":"Visit Montenegro","url":"https:\/\/www.visit-montenegro.com\/de\/","logo":{"@type":"ImageObject","inLanguage":"de","@id":"https:\/\/www.visit-montenegro.com\/de\/#\/schema\/logo\/image\/","url":"https:\/\/www.visit-montenegro.com\/wp-content\/uploads\/2017\/10\/logo-amp.png","contentUrl":"https:\/\/www.visit-montenegro.com\/wp-content\/uploads\/2017\/10\/logo-amp.png","width":190,"height":36,"caption":"Visit Montenegro"},"image":{"@id":"https:\/\/www.visit-montenegro.com\/de\/#\/schema\/logo\/image\/"},"sameAs":["https:\/\/www.facebook.com\/visitmontenegro","https:\/\/x.com\/visitmontenegro","https:\/\/www.instagram.com\/visit_montenegro\/","https:\/\/www.youtube.com\/user\/VisitMontenegro"]}]}},"translations":[],"_links":{"self":[{"href":"https:\/\/www.visit-montenegro.com\/de\/wp-json\/wp\/v2\/pages\/134121","targetHints":{"allow":["GET"]}}],"collection":[{"href":"https:\/\/www.visit-montenegro.com\/de\/wp-json\/wp\/v2\/pages"}],"about":[{"href":"https:\/\/www.visit-montenegro.com\/de\/wp-json\/wp\/v2\/types\/page"}],"author":[{"embeddable":true,"href":"https:\/\/www.visit-montenegro.com\/de\/wp-json\/wp\/v2\/users\/1"}],"replies":[{"embeddable":true,"href":"https:\/\/www.visit-montenegro.com\/de\/wp-json\/wp\/v2\/comments?post=134121"}],"version-history":[{"count":0,"href":"https:\/\/www.visit-montenegro.com\/de\/wp-json\/wp\/v2\/pages\/134121\/revisions"}],"up":[{"embeddable":true,"href":"https:\/\/www.visit-montenegro.com\/de\/wp-json\/wp\/v2\/pages\/134099"}],"wp:featuredmedia":[{"embeddable":true,"href":"https:\/\/www.visit-montenegro.com\/de\/wp-json\/wp\/v2\/media\/135607"}],"wp:attachment":[{"href":"https:\/\/www.visit-montenegro.com\/de\/wp-json\/wp\/v2\/media?parent=134121"}],"wp:term":[{"taxonomy":"post_tag","embeddable":true,"href":"https:\/\/www.visit-montenegro.com\/de\/wp-json\/wp\/v2\/tags?post=134121"}],"curies":[{"name":"wp","href":"https:\/\/api.w.org\/{rel}","templated":true}]}}