{"id":134125,"date":"2026-01-27T21:44:31","date_gmt":"2026-01-27T20:44:31","guid":{"rendered":"https:\/\/new.visit-montenegro.com\/ziele\/kotor__trashed\/attractions\/kathedrale-des-heiligen-tryphon\/"},"modified":"2026-02-22T17:15:06","modified_gmt":"2026-02-22T16:15:06","slug":"kathedrale-des-heiligen-tryphon","status":"publish","type":"page","link":"https:\/\/www.visit-montenegro.com\/de\/reiseziele\/kotor\/sehenswuerdigkeiten\/kathedrale-des-heiligen-tryphon\/","title":{"rendered":"Kathedrale des Heiligen Tryphon"},"content":{"rendered":"\n<p>Die Kathedrale des Heiligen Tryphon in <a href=\"https:\/\/www.visit-montenegro.com\/de\/reiseziele\/kotor\/\">Kotor<\/a> ist eine historische romanische Kirche aus dem Jahr 1166, bekannt f\u00fcr ihre antike Schatzkammer, Fresken und Relikte des Heiligen Tryphon, des Schutzpatrons der Stadt. Sie wurde nach Erdbeben im 16. und 20. Jahrhundert mehrfach renoviert und vereint originale und barocke Elemente.<\/p>\n<hr \/>\n\n<h2 class=\"wp-block-heading\">Geschichte und Architektur der Kathedrale des Heiligen Tryphon<\/h2>\n\n<p>Die Kathedrale des Heiligen Tryphon (Sveti Tripun) befindet sich in Kotor, im Herzen der Altstadt. Ein Kotoraner Adliger, Andrija Saracenus, von dem der kaiserliche Schriftsteller Konstantin Porphyrogenitus berichtet, errichtete eine kleinere Kirche zu Ehren des Heiligen Tryphon, und nach dem verheerenden Erdbeben von 1979 wurden die \u00dcberreste dieser Kirche gefunden. Es wird angenommen, dass diese Kirche in einem Feuer zerst\u00f6rt wurde und die neue Kathedrale im 12. Jahrhundert erbaut wurde. Heute ist bekannt, dass diese Kathedrale 1166 an der Stelle errichtet wurde, an der zu Beginn des 9. Jahrhunderts eine kleinere Kirche im r\u00f6mischen Stil stand, die demselben Heiligen gewidmet war. Bei dem verheerenden Erdbeben im 16. Jahrhundert erlitt die Kathedrale schwere Sch\u00e4den. Die Renovierung erfolgte zwischen 1584 und 1613, und das Innere der Kirche erhielt zu dieser Zeit ein renaissance-barockes Aussehen. Bei der letzten Renovierung nach dem verheerenden Erdbeben in dieser Region im Jahr 1979 erhielten einige Elemente der Kathedrale ihr urspr\u00fcngliches Aussehen, das sie bei ihrer Erbauung im Jahr 1166 hatte.<\/p>\n\n<figure class=\"wp-block-image size-large\"><img loading=\"lazy\" decoding=\"async\" width=\"1024\" height=\"683\" src=\"https:\/\/www.visit-montenegro.com\/wp-content\/uploads\/2019\/06\/kotor-katedrala-1024x683.jpg\" alt=\"\" class=\"wp-image-35348\" srcset=\"https:\/\/www.visit-montenegro.com\/wp-content\/uploads\/2019\/06\/kotor-katedrala-1024x683.jpg 1024w, https:\/\/www.visit-montenegro.com\/wp-content\/uploads\/2019\/06\/kotor-katedrala-300x200.jpg 300w, https:\/\/www.visit-montenegro.com\/wp-content\/uploads\/2019\/06\/kotor-katedrala-768x512.jpg 768w, https:\/\/www.visit-montenegro.com\/wp-content\/uploads\/2019\/06\/kotor-katedrala-90x60.jpg 90w, https:\/\/www.visit-montenegro.com\/wp-content\/uploads\/2019\/06\/kotor-katedrala-180x120.jpg 180w, https:\/\/www.visit-montenegro.com\/wp-content\/uploads\/2019\/06\/kotor-katedrala-95x64.jpg 95w, https:\/\/www.visit-montenegro.com\/wp-content\/uploads\/2019\/06\/kotor-katedrala.jpg 1600w\" sizes=\"auto, (max-width: 1024px) 100vw, 1024px\" \/><figcaption class=\"wp-element-caption\">Die Kathedrale des Heiligen Tryphon in Kotor, Montenegro<\/figcaption><\/figure>\n\n<h2 class=\"wp-block-heading\">Innenraum und Schatzkammer der Kathedrale<\/h2>\n\n<p>Diese Kathedrale ist f\u00fcr ihre gro\u00dfe Schatzkammer bekannt, die zu den \u00e4ltesten in Europa z\u00e4hlt. Die Fresken, mit denen die Kathedrale ausgemalt ist, stammen aus dem 14. Jahrhundert. Im Inneren der Kirche befindet sich ein Steinornament \u00fcber dem Hauptaltar, das das Leben des Heiligen Tryphon darstellt, sowie ein vergoldetes Silberrelief der Heiligen. In dieser Kathedrale liegen die Relikte des Heiligen Tryphon in einem silbernen Sarg. Wichtig f\u00fcr Touristen zu wissen ist, dass die Relikte des Heiligen Tryphon, des Schutzpatrons von Kotor, zu Beginn des 9. Jahrhunderts, genauer im Jahr 809, aus Carigrad (Istanbul) gebracht wurden und bis zum Bau der Kathedrale in einer kleinen Kirche in Kotor aufbewahrt wurden. Die Legende erz\u00e4hlt, dass die Kotoraner Marine an der Begr\u00fc\u00dfung der Relikte dieses Heiligen teilnahm, und die Beteiligung der Boka-Marine an der Feier dieses wichtigen Festes hat sich bis heute erhalten.<\/p>\n\n<figure class=\"wp-block-image size-large\"><img loading=\"lazy\" decoding=\"async\" width=\"1024\" height=\"778\" src=\"https:\/\/www.visit-montenegro.com\/wp-content\/uploads\/2026\/02\/Depositphotos_218973164_XL-1024x778.jpg\" alt=\"\" class=\"wp-image-133155\" srcset=\"https:\/\/www.visit-montenegro.com\/wp-content\/uploads\/2026\/02\/Depositphotos_218973164_XL-1024x778.jpg 1024w, https:\/\/www.visit-montenegro.com\/wp-content\/uploads\/2026\/02\/Depositphotos_218973164_XL-300x228.jpg 300w, https:\/\/www.visit-montenegro.com\/wp-content\/uploads\/2026\/02\/Depositphotos_218973164_XL-768x583.jpg 768w, https:\/\/www.visit-montenegro.com\/wp-content\/uploads\/2026\/02\/Depositphotos_218973164_XL-1536x1166.jpg 1536w, https:\/\/www.visit-montenegro.com\/wp-content\/uploads\/2026\/02\/Depositphotos_218973164_XL-2048x1555.jpg 2048w, https:\/\/www.visit-montenegro.com\/wp-content\/uploads\/2026\/02\/Depositphotos_218973164_XL-scaled.jpg 1600w\" sizes=\"auto, (max-width: 1024px) 100vw, 1024px\" \/><\/figure>\n\n<p>In der Schatzkammer der Kathedrale des Heiligen Tryphon (Sveti Tripun) findet man auch eine silberne Hand und ein Kreuz, die mit Ornamenten und Relieffiguren verziert sind. Sie k\u00f6nnen auch ein Ziborium aus der urspr\u00fcnglichen Kirche aus der zweiten H\u00e4lfte des 14. Jahrhunderts finden. Das neue Ziborium stammt aus der zweiten H\u00e4lfte des 14. Jahrhunderts und wird als Werk eines Sch\u00fclers von Bruder Vito Kotoranin (Vito aus Kotor) angesehen. Dann gibt es auch verschiedene gotische Skulpturen, vier Marmoralt\u00e4re aus dem 18. Jahrhundert, die in Venedig hergestellt wurden, einen vergoldeten Silberrechen, der ein gro\u00dfartiges Werk mittelalterlicher Kotoraner Goldschmiede ist, sowie einige ber\u00fchmte Arbeiten von Kotoraner Hausfrauen, die in der Technik der Doborta-Stickerei angefertigt wurden.<\/p>\n\n<h2 class=\"wp-block-heading\"><font dir=\"auto\" style=\"vertical-align: inherit;\"><font dir=\"auto\" style=\"vertical-align: inherit;\">Kulturelle Bedeutung und Umgebung<\/font><\/font><\/h2>\n\n<p><font dir=\"auto\" style=\"vertical-align: inherit;\"><font dir=\"auto\" style=\"vertical-align: inherit;\">Tripundan (Tag des Heiligen Tryphon) ist eines der wichtigsten Feste, die in Kotor und in der Boka im Allgemeinen gefeiert werden. Diese Feier findet in Kotor seit Beginn des 9. Jahrhunderts statt, als die Reliquien dieses Heiligen nach Kotor gebracht wurden. Diese Feierlichkeiten sind mit dem Heiligen Tryphon verbunden, der im 3. Jahrhundert unter dem r\u00f6mischen Kaiser Decius den M\u00e4rtyrertod erlitt.<\/font><\/font><\/p>\n\n<p><font dir=\"auto\" style=\"vertical-align: inherit;\"><font dir=\"auto\" style=\"vertical-align: inherit;\">Das Bistum ist die \u00e4lteste Institution in Kotor. Das heutige Bistumsgeb\u00e4ude befindet sich direkt neben der Kathedrale des Heiligen Tryphon und geh\u00f6rte der bekannten Familie Drago.<\/font><\/font><\/p>\n","protected":false},"excerpt":{"rendered":"<p>Entdecken Sie die Kathedrale des Heiligen Tryphon in Kotor, ein historisches Juwel aus dem Jahr 1166. Erkunden Sie ihre antike Schatzkammer, beeindruckende Fresken und die Relikte des Heiligen Tryphon, des Schutzpatrons der Stadt. Erfahren Sie mehr \u00fcber ihre reiche Geschichte und kulturelle Bedeutung in Montenegro.<\/p>\n","protected":false},"author":1,"featured_media":135341,"parent":134099,"menu_order":0,"comment_status":"closed","ping_status":"closed","template":"","meta":{"_yoast_wpseo_focuskw":"Kathedrale des Heiligen Tryphon","_yoast_wpseo_metadesc":"Entdecken Sie die Kathedrale des Heiligen Tryphon in Kotor: Geschichte, Architektur und Sch\u00e4tze. Erkunden Sie Relikte, Fresken und kulturelle Feste in diesem bedeutenden montenegrinischen Wahrzeichen.","_kad_post_transparent":"","_kad_post_title":"","_kad_post_layout":"","_kad_post_sidebar_id":"","_kad_post_content_style":"","_kad_post_vertical_padding":"","_kad_post_feature":"","_kad_post_feature_position":"","_kad_post_header":false,"_kad_post_footer":false,"_kad_post_classname":"","iawp_total_views":7,"footnotes":""},"tags":[140,52,139,62,141,76],"class_list":["post-134125","page","type-page","status-publish","has-post-thumbnail","hentry","tag-crna-gora","tag-montenegro","tag-news","tag-tourism","tag-travel","tag-visit"],"yoast_head":"<!-- This site is optimized with the Yoast SEO plugin v27.3 - https:\/\/yoast.com\/product\/yoast-seo-wordpress\/ -->\n<title>Kathedrale des Heiligen Tryphon - Visit Montenegro<\/title>\n<meta name=\"description\" content=\"Entdecken Sie die Kathedrale des Heiligen Tryphon in Kotor: Geschichte, Architektur und Sch\u00e4tze. Erkunden Sie Relikte, Fresken und kulturelle Feste in diesem bedeutenden montenegrinischen Wahrzeichen.\" \/>\n<meta name=\"robots\" content=\"index, follow, max-snippet:-1, max-image-preview:large, max-video-preview:-1\" \/>\n<link rel=\"canonical\" href=\"https:\/\/www.visit-montenegro.com\/de\/reiseziele\/kotor\/sehenswuerdigkeiten\/kathedrale-des-heiligen-tryphon\/\" \/>\n<meta property=\"og:locale\" content=\"de_DE\" \/>\n<meta property=\"og:type\" content=\"article\" \/>\n<meta property=\"og:title\" content=\"Kathedrale des Heiligen Tryphon - Visit Montenegro\" \/>\n<meta property=\"og:description\" content=\"Entdecken Sie die Kathedrale des Heiligen Tryphon in Kotor: Geschichte, Architektur und Sch\u00e4tze. Erkunden Sie Relikte, Fresken und kulturelle Feste in diesem bedeutenden montenegrinischen Wahrzeichen.\" \/>\n<meta property=\"og:url\" content=\"https:\/\/www.visit-montenegro.com\/de\/reiseziele\/kotor\/sehenswuerdigkeiten\/kathedrale-des-heiligen-tryphon\/\" \/>\n<meta property=\"og:site_name\" content=\"Visit Montenegro\" \/>\n<meta property=\"article:publisher\" content=\"https:\/\/www.facebook.com\/visitmontenegro\" \/>\n<meta property=\"article:modified_time\" content=\"2026-02-22T16:15:06+00:00\" \/>\n<meta property=\"og:image\" content=\"https:\/\/www.visit-montenegro.com\/wp-content\/uploads\/2026\/02\/Depositphotos_401567634_L-scaled.jpg\" \/>\n\t<meta property=\"og:image:width\" content=\"1600\" \/>\n\t<meta property=\"og:image:height\" content=\"1353\" \/>\n\t<meta property=\"og:image:type\" content=\"image\/jpeg\" \/>\n<meta name=\"twitter:card\" content=\"summary_large_image\" \/>\n<meta name=\"twitter:site\" content=\"@visitmontenegro\" \/>\n<meta name=\"twitter:label1\" content=\"Gesch\u00e4tzte Lesezeit\" \/>\n\t<meta name=\"twitter:data1\" content=\"3\u00a0Minuten\" \/>\n<script type=\"application\/ld+json\" class=\"yoast-schema-graph\">{\"@context\":\"https:\\\/\\\/schema.org\",\"@graph\":[{\"@type\":\"WebPage\",\"@id\":\"https:\\\/\\\/www.visit-montenegro.com\\\/de\\\/reiseziele\\\/kotor\\\/sehenswuerdigkeiten\\\/kathedrale-des-heiligen-tryphon\\\/\",\"url\":\"https:\\\/\\\/www.visit-montenegro.com\\\/de\\\/reiseziele\\\/kotor\\\/sehenswuerdigkeiten\\\/kathedrale-des-heiligen-tryphon\\\/\",\"name\":\"Kathedrale des Heiligen Tryphon - Visit Montenegro\",\"isPartOf\":{\"@id\":\"https:\\\/\\\/www.visit-montenegro.com\\\/de\\\/#website\"},\"primaryImageOfPage\":{\"@id\":\"https:\\\/\\\/www.visit-montenegro.com\\\/de\\\/reiseziele\\\/kotor\\\/sehenswuerdigkeiten\\\/kathedrale-des-heiligen-tryphon\\\/#primaryimage\"},\"image\":{\"@id\":\"https:\\\/\\\/www.visit-montenegro.com\\\/de\\\/reiseziele\\\/kotor\\\/sehenswuerdigkeiten\\\/kathedrale-des-heiligen-tryphon\\\/#primaryimage\"},\"thumbnailUrl\":\"https:\\\/\\\/www.visit-montenegro.com\\\/wp-content\\\/uploads\\\/2026\\\/02\\\/Depositphotos_401567634_L-scaled.jpg\",\"datePublished\":\"2026-01-27T20:44:31+00:00\",\"dateModified\":\"2026-02-22T16:15:06+00:00\",\"description\":\"Entdecken Sie die Kathedrale des Heiligen Tryphon in Kotor: Geschichte, Architektur und Sch\u00e4tze. Erkunden Sie Relikte, Fresken und kulturelle Feste in diesem bedeutenden montenegrinischen Wahrzeichen.\",\"breadcrumb\":{\"@id\":\"https:\\\/\\\/www.visit-montenegro.com\\\/de\\\/reiseziele\\\/kotor\\\/sehenswuerdigkeiten\\\/kathedrale-des-heiligen-tryphon\\\/#breadcrumb\"},\"inLanguage\":\"de\",\"potentialAction\":[{\"@type\":\"ReadAction\",\"target\":[\"https:\\\/\\\/www.visit-montenegro.com\\\/de\\\/reiseziele\\\/kotor\\\/sehenswuerdigkeiten\\\/kathedrale-des-heiligen-tryphon\\\/\"]}]},{\"@type\":\"ImageObject\",\"inLanguage\":\"de\",\"@id\":\"https:\\\/\\\/www.visit-montenegro.com\\\/de\\\/reiseziele\\\/kotor\\\/sehenswuerdigkeiten\\\/kathedrale-des-heiligen-tryphon\\\/#primaryimage\",\"url\":\"https:\\\/\\\/www.visit-montenegro.com\\\/wp-content\\\/uploads\\\/2026\\\/02\\\/Depositphotos_401567634_L-scaled.jpg\",\"contentUrl\":\"https:\\\/\\\/www.visit-montenegro.com\\\/wp-content\\\/uploads\\\/2026\\\/02\\\/Depositphotos_401567634_L-scaled.jpg\",\"width\":1600,\"height\":1353},{\"@type\":\"BreadcrumbList\",\"@id\":\"https:\\\/\\\/www.visit-montenegro.com\\\/de\\\/reiseziele\\\/kotor\\\/sehenswuerdigkeiten\\\/kathedrale-des-heiligen-tryphon\\\/#breadcrumb\",\"itemListElement\":[{\"@type\":\"ListItem\",\"position\":1,\"name\":\"Home\",\"item\":\"https:\\\/\\\/www.visit-montenegro.com\\\/de\\\/home\\\/\"},{\"@type\":\"ListItem\",\"position\":2,\"name\":\"Reiseziele in Montenegro\",\"item\":\"https:\\\/\\\/www.visit-montenegro.com\\\/de\\\/reiseziele\\\/\"},{\"@type\":\"ListItem\",\"position\":3,\"name\":\"Kotor\",\"item\":\"https:\\\/\\\/www.visit-montenegro.com\\\/de\\\/reiseziele\\\/kotor\\\/\"},{\"@type\":\"ListItem\",\"position\":4,\"name\":\"Kotor Sehensw\u00fcrdigkeiten\",\"item\":\"https:\\\/\\\/www.visit-montenegro.com\\\/de\\\/reiseziele\\\/kotor\\\/sehenswuerdigkeiten\\\/\"},{\"@type\":\"ListItem\",\"position\":5,\"name\":\"Kathedrale des Heiligen Tryphon\"}]},{\"@type\":\"WebSite\",\"@id\":\"https:\\\/\\\/www.visit-montenegro.com\\\/de\\\/#website\",\"url\":\"https:\\\/\\\/www.visit-montenegro.com\\\/de\\\/\",\"name\":\"Visit Montenegro\",\"description\":\"Breathtaking beauty\",\"publisher\":{\"@id\":\"https:\\\/\\\/www.visit-montenegro.com\\\/de\\\/#organization\"},\"potentialAction\":[{\"@type\":\"SearchAction\",\"target\":{\"@type\":\"EntryPoint\",\"urlTemplate\":\"https:\\\/\\\/www.visit-montenegro.com\\\/de\\\/?s={search_term_string}\"},\"query-input\":{\"@type\":\"PropertyValueSpecification\",\"valueRequired\":true,\"valueName\":\"search_term_string\"}}],\"inLanguage\":\"de\"},{\"@type\":\"Organization\",\"@id\":\"https:\\\/\\\/www.visit-montenegro.com\\\/de\\\/#organization\",\"name\":\"Visit Montenegro\",\"url\":\"https:\\\/\\\/www.visit-montenegro.com\\\/de\\\/\",\"logo\":{\"@type\":\"ImageObject\",\"inLanguage\":\"de\",\"@id\":\"https:\\\/\\\/www.visit-montenegro.com\\\/de\\\/#\\\/schema\\\/logo\\\/image\\\/\",\"url\":\"https:\\\/\\\/www.visit-montenegro.com\\\/wp-content\\\/uploads\\\/2017\\\/10\\\/logo-amp.png\",\"contentUrl\":\"https:\\\/\\\/www.visit-montenegro.com\\\/wp-content\\\/uploads\\\/2017\\\/10\\\/logo-amp.png\",\"width\":190,\"height\":36,\"caption\":\"Visit Montenegro\"},\"image\":{\"@id\":\"https:\\\/\\\/www.visit-montenegro.com\\\/de\\\/#\\\/schema\\\/logo\\\/image\\\/\"},\"sameAs\":[\"https:\\\/\\\/www.facebook.com\\\/visitmontenegro\",\"https:\\\/\\\/x.com\\\/visitmontenegro\",\"https:\\\/\\\/www.instagram.com\\\/visit_montenegro\\\/\",\"https:\\\/\\\/www.youtube.com\\\/user\\\/VisitMontenegro\"]}]}<\/script>\n<!-- \/ Yoast SEO plugin. -->","yoast_head_json":{"title":"Kathedrale des Heiligen Tryphon - Visit Montenegro","description":"Entdecken Sie die Kathedrale des Heiligen Tryphon in Kotor: Geschichte, Architektur und Sch\u00e4tze. Erkunden Sie Relikte, Fresken und kulturelle Feste in diesem bedeutenden montenegrinischen Wahrzeichen.","robots":{"index":"index","follow":"follow","max-snippet":"max-snippet:-1","max-image-preview":"max-image-preview:large","max-video-preview":"max-video-preview:-1"},"canonical":"https:\/\/www.visit-montenegro.com\/de\/reiseziele\/kotor\/sehenswuerdigkeiten\/kathedrale-des-heiligen-tryphon\/","og_locale":"de_DE","og_type":"article","og_title":"Kathedrale des Heiligen Tryphon - Visit Montenegro","og_description":"Entdecken Sie die Kathedrale des Heiligen Tryphon in Kotor: Geschichte, Architektur und Sch\u00e4tze. Erkunden Sie Relikte, Fresken und kulturelle Feste in diesem bedeutenden montenegrinischen Wahrzeichen.","og_url":"https:\/\/www.visit-montenegro.com\/de\/reiseziele\/kotor\/sehenswuerdigkeiten\/kathedrale-des-heiligen-tryphon\/","og_site_name":"Visit Montenegro","article_publisher":"https:\/\/www.facebook.com\/visitmontenegro","article_modified_time":"2026-02-22T16:15:06+00:00","og_image":[{"width":1600,"height":1353,"url":"https:\/\/www.visit-montenegro.com\/wp-content\/uploads\/2026\/02\/Depositphotos_401567634_L-scaled.jpg","type":"image\/jpeg"}],"twitter_card":"summary_large_image","twitter_site":"@visitmontenegro","twitter_misc":{"Gesch\u00e4tzte Lesezeit":"3\u00a0Minuten"},"schema":{"@context":"https:\/\/schema.org","@graph":[{"@type":"WebPage","@id":"https:\/\/www.visit-montenegro.com\/de\/reiseziele\/kotor\/sehenswuerdigkeiten\/kathedrale-des-heiligen-tryphon\/","url":"https:\/\/www.visit-montenegro.com\/de\/reiseziele\/kotor\/sehenswuerdigkeiten\/kathedrale-des-heiligen-tryphon\/","name":"Kathedrale des Heiligen Tryphon - Visit Montenegro","isPartOf":{"@id":"https:\/\/www.visit-montenegro.com\/de\/#website"},"primaryImageOfPage":{"@id":"https:\/\/www.visit-montenegro.com\/de\/reiseziele\/kotor\/sehenswuerdigkeiten\/kathedrale-des-heiligen-tryphon\/#primaryimage"},"image":{"@id":"https:\/\/www.visit-montenegro.com\/de\/reiseziele\/kotor\/sehenswuerdigkeiten\/kathedrale-des-heiligen-tryphon\/#primaryimage"},"thumbnailUrl":"https:\/\/www.visit-montenegro.com\/wp-content\/uploads\/2026\/02\/Depositphotos_401567634_L-scaled.jpg","datePublished":"2026-01-27T20:44:31+00:00","dateModified":"2026-02-22T16:15:06+00:00","description":"Entdecken Sie die Kathedrale des Heiligen Tryphon in Kotor: Geschichte, Architektur und Sch\u00e4tze. Erkunden Sie Relikte, Fresken und kulturelle Feste in diesem bedeutenden montenegrinischen Wahrzeichen.","breadcrumb":{"@id":"https:\/\/www.visit-montenegro.com\/de\/reiseziele\/kotor\/sehenswuerdigkeiten\/kathedrale-des-heiligen-tryphon\/#breadcrumb"},"inLanguage":"de","potentialAction":[{"@type":"ReadAction","target":["https:\/\/www.visit-montenegro.com\/de\/reiseziele\/kotor\/sehenswuerdigkeiten\/kathedrale-des-heiligen-tryphon\/"]}]},{"@type":"ImageObject","inLanguage":"de","@id":"https:\/\/www.visit-montenegro.com\/de\/reiseziele\/kotor\/sehenswuerdigkeiten\/kathedrale-des-heiligen-tryphon\/#primaryimage","url":"https:\/\/www.visit-montenegro.com\/wp-content\/uploads\/2026\/02\/Depositphotos_401567634_L-scaled.jpg","contentUrl":"https:\/\/www.visit-montenegro.com\/wp-content\/uploads\/2026\/02\/Depositphotos_401567634_L-scaled.jpg","width":1600,"height":1353},{"@type":"BreadcrumbList","@id":"https:\/\/www.visit-montenegro.com\/de\/reiseziele\/kotor\/sehenswuerdigkeiten\/kathedrale-des-heiligen-tryphon\/#breadcrumb","itemListElement":[{"@type":"ListItem","position":1,"name":"Home","item":"https:\/\/www.visit-montenegro.com\/de\/home\/"},{"@type":"ListItem","position":2,"name":"Reiseziele in Montenegro","item":"https:\/\/www.visit-montenegro.com\/de\/reiseziele\/"},{"@type":"ListItem","position":3,"name":"Kotor","item":"https:\/\/www.visit-montenegro.com\/de\/reiseziele\/kotor\/"},{"@type":"ListItem","position":4,"name":"Kotor Sehensw\u00fcrdigkeiten","item":"https:\/\/www.visit-montenegro.com\/de\/reiseziele\/kotor\/sehenswuerdigkeiten\/"},{"@type":"ListItem","position":5,"name":"Kathedrale des Heiligen Tryphon"}]},{"@type":"WebSite","@id":"https:\/\/www.visit-montenegro.com\/de\/#website","url":"https:\/\/www.visit-montenegro.com\/de\/","name":"Visit Montenegro","description":"Breathtaking beauty","publisher":{"@id":"https:\/\/www.visit-montenegro.com\/de\/#organization"},"potentialAction":[{"@type":"SearchAction","target":{"@type":"EntryPoint","urlTemplate":"https:\/\/www.visit-montenegro.com\/de\/?s={search_term_string}"},"query-input":{"@type":"PropertyValueSpecification","valueRequired":true,"valueName":"search_term_string"}}],"inLanguage":"de"},{"@type":"Organization","@id":"https:\/\/www.visit-montenegro.com\/de\/#organization","name":"Visit Montenegro","url":"https:\/\/www.visit-montenegro.com\/de\/","logo":{"@type":"ImageObject","inLanguage":"de","@id":"https:\/\/www.visit-montenegro.com\/de\/#\/schema\/logo\/image\/","url":"https:\/\/www.visit-montenegro.com\/wp-content\/uploads\/2017\/10\/logo-amp.png","contentUrl":"https:\/\/www.visit-montenegro.com\/wp-content\/uploads\/2017\/10\/logo-amp.png","width":190,"height":36,"caption":"Visit Montenegro"},"image":{"@id":"https:\/\/www.visit-montenegro.com\/de\/#\/schema\/logo\/image\/"},"sameAs":["https:\/\/www.facebook.com\/visitmontenegro","https:\/\/x.com\/visitmontenegro","https:\/\/www.instagram.com\/visit_montenegro\/","https:\/\/www.youtube.com\/user\/VisitMontenegro"]}]}},"translations":[],"_links":{"self":[{"href":"https:\/\/www.visit-montenegro.com\/de\/wp-json\/wp\/v2\/pages\/134125","targetHints":{"allow":["GET"]}}],"collection":[{"href":"https:\/\/www.visit-montenegro.com\/de\/wp-json\/wp\/v2\/pages"}],"about":[{"href":"https:\/\/www.visit-montenegro.com\/de\/wp-json\/wp\/v2\/types\/page"}],"author":[{"embeddable":true,"href":"https:\/\/www.visit-montenegro.com\/de\/wp-json\/wp\/v2\/users\/1"}],"replies":[{"embeddable":true,"href":"https:\/\/www.visit-montenegro.com\/de\/wp-json\/wp\/v2\/comments?post=134125"}],"version-history":[{"count":0,"href":"https:\/\/www.visit-montenegro.com\/de\/wp-json\/wp\/v2\/pages\/134125\/revisions"}],"up":[{"embeddable":true,"href":"https:\/\/www.visit-montenegro.com\/de\/wp-json\/wp\/v2\/pages\/134099"}],"wp:featuredmedia":[{"embeddable":true,"href":"https:\/\/www.visit-montenegro.com\/de\/wp-json\/wp\/v2\/media\/135341"}],"wp:attachment":[{"href":"https:\/\/www.visit-montenegro.com\/de\/wp-json\/wp\/v2\/media?parent=134125"}],"wp:term":[{"taxonomy":"post_tag","embeddable":true,"href":"https:\/\/www.visit-montenegro.com\/de\/wp-json\/wp\/v2\/tags?post=134125"}],"curies":[{"name":"wp","href":"https:\/\/api.w.org\/{rel}","templated":true}]}}