{"id":134129,"date":"2026-01-27T21:44:31","date_gmt":"2026-01-27T20:44:31","guid":{"rendered":"https:\/\/new.visit-montenegro.com\/ziele\/kotor__trashed\/attractions\/seefahrtsmuseum\/"},"modified":"2026-02-22T18:35:30","modified_gmt":"2026-02-22T17:35:30","slug":"seefahrtsmuseum","status":"publish","type":"page","link":"https:\/\/www.visit-montenegro.com\/de\/reiseziele\/kotor\/sehenswuerdigkeiten\/seefahrtsmuseum\/","title":{"rendered":"Kotor Seefahrtsmuseum"},"content":{"rendered":"\n<p>Montenegros <strong><a href=\"https:\/\/www.visit-montenegro.com\/de\/reiseziele\/kotor\/\">Kotor<\/a> Seefahrtsmuseum<\/strong> ist ein kulturelles Juwel in der Altstadt, das die reiche Seefahrtsgeschichte der Boka Kotorska-Region durch Artefakte, Dokumente und Ausstellungen bewahrt, die Besucher mit Jahrhunderten maritimer Tradition verbinden.<\/p>\n<hr>\n\n<h2 class=\"wp-block-heading\">Lage und Zug\u00e4nglichkeit des Museums<\/h2>\n\n<p>Ihr Besuch der Altstadt in Kotor kann durch einen Besuch des <strong>Kotor Seefahrtsmuseums<\/strong> erg\u00e4nzt werden, das sich auf dem Platz der Boka-Flotte befindet. Daher werden Sie, egal wen Sie fragen oder in welchem Teil von Kotor Sie sich befinden, schnell Informationen erhalten und zum gew\u00fcnschten Ort gelangen.<\/p>\n\n<h2 class=\"wp-block-heading\">Historische Bedeutung und Sammlungen<\/h2>\n\n<p>Die Seefahrt in Kotor begann sich im Mittelalter zu entwickeln, und der Nachweis daf\u00fcr ist die Erz\u00e4hlung \u00fcber die Gr\u00fcndung der Bruderschaft der Kotorer Seefahrer, der Boka-Flotte, im 9. Jahrhundert. Dar\u00fcber hinaus werden die Erinnerungen an jene l\u00e4ngst vergangenen Tage und Jahre, an die Erfolge ber\u00fchmter Kotorer Seefahrer, K\u00fcnstler, Schiffbauer, Handwerker, Staatsm\u00e4nner und Diplomaten, Vermittler zwischen West und Ost, heute im <strong>Kotor Seefahrtsmuseum<\/strong> in Kotor aufbewahrt, das sich im barocken Palast Grgurin befindet und mit geb\u00fchrendem Respekt den Ruhm von Boka und der Boka-Marine bewahrt.<\/p>\n\n<p>Im Museum kann man unter anderem Portr\u00e4ts ber\u00fchmter Kapit\u00e4ne, Modelle alter Galeeren und Segelschiffe, Navigationsinstrumente und andere sehr wertvolle Exponate finden. Tats\u00e4chlich kann man in der Halle des Museums sechs Bronzetafeln im Relief sehen, auf denen die wichtigsten Ereignisse und Pers\u00f6nlichkeiten aus der bewegten Geschichte von Kotor dargestellt sind. Au\u00dferdem hat das Museum geografische Karten, Stiche und Aquarelle der K\u00fcstenst\u00e4dte ausgestellt. Es gibt auch eine ethnografische Sammlung, die vom goldenen Zeitalter der Kotorer Navigation vom 16. bis zum 18. Jahrhundert zeugt.<\/p>\n\n<p>Im <strong>Kotor Seefahrtsmuseum<\/strong> wird eine Kopie des \u00e4ltesten Dokuments \u00fcber die Navigation in den Gebieten von Boka aus dem Jahr 1168 aufbewahrt. Einfach ausgedr\u00fcckt, im <strong>Kotor Seefahrtsmuseum<\/strong> wird der gesamte Schatz unseres Meeres ausgestellt. Dieser Schatz bewahrt maritime Traditionen vor dem Vergessen und verbindet das Meer in Kotor mit seinen Menschen, den ber\u00fchmten Seefahrern, die von dort aus zu fernen Meeren gesegelt sind. Neben dem Eingang des mittelalterlichen Palastes Grgurin befinden sich zwei kleine Kanonen, die Symbole f\u00fcr den st\u00e4ndigen Kampf der Boka-Seefahrer und Piraten sind.<\/p>\n","protected":false},"excerpt":{"rendered":"<p>Erkunden Sie das Kotor Seefahrtsmuseum in der Altstadt von Montenegro, wo Jahrhunderte Seefahrtsgeschichte durch Artefakte und Ausstellungen lebendig werden. Entdecken Sie das Erbe der Boka-Marine und ber\u00fchmter Kapit\u00e4ne in diesem kulturellen Schatz.<\/p>\n","protected":false},"author":1,"featured_media":135615,"parent":134099,"menu_order":0,"comment_status":"closed","ping_status":"closed","template":"","meta":{"_yoast_wpseo_focuskw":"Kotor Seefahrtsmuseum","_yoast_wpseo_metadesc":"Entdecken Sie das Kotor Seefahrtsmuseum in der Altstadt von Montenegro. Erkunden Sie die Seefahrtsgeschichte, Artefakte und Traditionen in diesem kulturellen Juwel, das ein Muss f\u00fcr Besucher ist.","_kad_post_transparent":"","_kad_post_title":"","_kad_post_layout":"","_kad_post_sidebar_id":"","_kad_post_content_style":"","_kad_post_vertical_padding":"","_kad_post_feature":"","_kad_post_feature_position":"","_kad_post_header":false,"_kad_post_footer":false,"_kad_post_classname":"","iawp_total_views":5,"footnotes":""},"tags":[140,52,139,62,141,76],"class_list":["post-134129","page","type-page","status-publish","has-post-thumbnail","hentry","tag-crna-gora","tag-montenegro","tag-news","tag-tourism","tag-travel","tag-visit"],"yoast_head":"<!-- This site is optimized with the Yoast SEO plugin v27.3 - https:\/\/yoast.com\/product\/yoast-seo-wordpress\/ -->\n<title>Kotor Seefahrtsmuseum - Visit Montenegro<\/title>\n<meta name=\"description\" content=\"Entdecken Sie das Kotor Seefahrtsmuseum in der Altstadt von Montenegro. Erkunden Sie die Seefahrtsgeschichte, Artefakte und Traditionen in diesem kulturellen Juwel, das ein Muss f\u00fcr Besucher ist.\" \/>\n<meta name=\"robots\" content=\"index, follow, max-snippet:-1, max-image-preview:large, max-video-preview:-1\" \/>\n<link rel=\"canonical\" href=\"https:\/\/www.visit-montenegro.com\/de\/reiseziele\/kotor\/sehenswuerdigkeiten\/seefahrtsmuseum\/\" \/>\n<meta property=\"og:locale\" content=\"de_DE\" \/>\n<meta property=\"og:type\" content=\"article\" \/>\n<meta property=\"og:title\" content=\"Kotor Seefahrtsmuseum - Visit Montenegro\" \/>\n<meta property=\"og:description\" content=\"Entdecken Sie das Kotor Seefahrtsmuseum in der Altstadt von Montenegro. Erkunden Sie die Seefahrtsgeschichte, Artefakte und Traditionen in diesem kulturellen Juwel, das ein Muss f\u00fcr Besucher ist.\" \/>\n<meta property=\"og:url\" content=\"https:\/\/www.visit-montenegro.com\/de\/reiseziele\/kotor\/sehenswuerdigkeiten\/seefahrtsmuseum\/\" \/>\n<meta property=\"og:site_name\" content=\"Visit Montenegro\" \/>\n<meta property=\"article:publisher\" content=\"https:\/\/www.facebook.com\/visitmontenegro\" \/>\n<meta property=\"article:modified_time\" content=\"2026-02-22T17:35:30+00:00\" \/>\n<meta property=\"og:image\" content=\"https:\/\/www.visit-montenegro.com\/wp-content\/uploads\/2026\/02\/muzejkotor.jpg\" \/>\n\t<meta property=\"og:image:width\" content=\"1280\" \/>\n\t<meta property=\"og:image:height\" content=\"881\" \/>\n\t<meta property=\"og:image:type\" content=\"image\/jpeg\" \/>\n<meta name=\"twitter:card\" content=\"summary_large_image\" \/>\n<meta name=\"twitter:site\" content=\"@visitmontenegro\" \/>\n<meta name=\"twitter:label1\" content=\"Gesch\u00e4tzte Lesezeit\" \/>\n\t<meta name=\"twitter:data1\" content=\"2\u00a0Minuten\" \/>\n<script type=\"application\/ld+json\" class=\"yoast-schema-graph\">{\"@context\":\"https:\\\/\\\/schema.org\",\"@graph\":[{\"@type\":\"WebPage\",\"@id\":\"https:\\\/\\\/www.visit-montenegro.com\\\/de\\\/reiseziele\\\/kotor\\\/sehenswuerdigkeiten\\\/seefahrtsmuseum\\\/\",\"url\":\"https:\\\/\\\/www.visit-montenegro.com\\\/de\\\/reiseziele\\\/kotor\\\/sehenswuerdigkeiten\\\/seefahrtsmuseum\\\/\",\"name\":\"Kotor Seefahrtsmuseum - Visit Montenegro\",\"isPartOf\":{\"@id\":\"https:\\\/\\\/www.visit-montenegro.com\\\/de\\\/#website\"},\"primaryImageOfPage\":{\"@id\":\"https:\\\/\\\/www.visit-montenegro.com\\\/de\\\/reiseziele\\\/kotor\\\/sehenswuerdigkeiten\\\/seefahrtsmuseum\\\/#primaryimage\"},\"image\":{\"@id\":\"https:\\\/\\\/www.visit-montenegro.com\\\/de\\\/reiseziele\\\/kotor\\\/sehenswuerdigkeiten\\\/seefahrtsmuseum\\\/#primaryimage\"},\"thumbnailUrl\":\"https:\\\/\\\/www.visit-montenegro.com\\\/wp-content\\\/uploads\\\/2026\\\/02\\\/muzejkotor.jpg\",\"datePublished\":\"2026-01-27T20:44:31+00:00\",\"dateModified\":\"2026-02-22T17:35:30+00:00\",\"description\":\"Entdecken Sie das Kotor Seefahrtsmuseum in der Altstadt von Montenegro. Erkunden Sie die Seefahrtsgeschichte, Artefakte und Traditionen in diesem kulturellen Juwel, das ein Muss f\u00fcr Besucher ist.\",\"breadcrumb\":{\"@id\":\"https:\\\/\\\/www.visit-montenegro.com\\\/de\\\/reiseziele\\\/kotor\\\/sehenswuerdigkeiten\\\/seefahrtsmuseum\\\/#breadcrumb\"},\"inLanguage\":\"de\",\"potentialAction\":[{\"@type\":\"ReadAction\",\"target\":[\"https:\\\/\\\/www.visit-montenegro.com\\\/de\\\/reiseziele\\\/kotor\\\/sehenswuerdigkeiten\\\/seefahrtsmuseum\\\/\"]}]},{\"@type\":\"ImageObject\",\"inLanguage\":\"de\",\"@id\":\"https:\\\/\\\/www.visit-montenegro.com\\\/de\\\/reiseziele\\\/kotor\\\/sehenswuerdigkeiten\\\/seefahrtsmuseum\\\/#primaryimage\",\"url\":\"https:\\\/\\\/www.visit-montenegro.com\\\/wp-content\\\/uploads\\\/2026\\\/02\\\/muzejkotor.jpg\",\"contentUrl\":\"https:\\\/\\\/www.visit-montenegro.com\\\/wp-content\\\/uploads\\\/2026\\\/02\\\/muzejkotor.jpg\",\"width\":1280,\"height\":881},{\"@type\":\"BreadcrumbList\",\"@id\":\"https:\\\/\\\/www.visit-montenegro.com\\\/de\\\/reiseziele\\\/kotor\\\/sehenswuerdigkeiten\\\/seefahrtsmuseum\\\/#breadcrumb\",\"itemListElement\":[{\"@type\":\"ListItem\",\"position\":1,\"name\":\"Home\",\"item\":\"https:\\\/\\\/www.visit-montenegro.com\\\/de\\\/home\\\/\"},{\"@type\":\"ListItem\",\"position\":2,\"name\":\"Reiseziele in Montenegro\",\"item\":\"https:\\\/\\\/www.visit-montenegro.com\\\/de\\\/reiseziele\\\/\"},{\"@type\":\"ListItem\",\"position\":3,\"name\":\"Kotor\",\"item\":\"https:\\\/\\\/www.visit-montenegro.com\\\/de\\\/reiseziele\\\/kotor\\\/\"},{\"@type\":\"ListItem\",\"position\":4,\"name\":\"Kotor Sehensw\u00fcrdigkeiten\",\"item\":\"https:\\\/\\\/www.visit-montenegro.com\\\/de\\\/reiseziele\\\/kotor\\\/sehenswuerdigkeiten\\\/\"},{\"@type\":\"ListItem\",\"position\":5,\"name\":\"Kotor Seefahrtsmuseum\"}]},{\"@type\":\"WebSite\",\"@id\":\"https:\\\/\\\/www.visit-montenegro.com\\\/de\\\/#website\",\"url\":\"https:\\\/\\\/www.visit-montenegro.com\\\/de\\\/\",\"name\":\"Visit Montenegro\",\"description\":\"Breathtaking beauty\",\"publisher\":{\"@id\":\"https:\\\/\\\/www.visit-montenegro.com\\\/de\\\/#organization\"},\"potentialAction\":[{\"@type\":\"SearchAction\",\"target\":{\"@type\":\"EntryPoint\",\"urlTemplate\":\"https:\\\/\\\/www.visit-montenegro.com\\\/de\\\/?s={search_term_string}\"},\"query-input\":{\"@type\":\"PropertyValueSpecification\",\"valueRequired\":true,\"valueName\":\"search_term_string\"}}],\"inLanguage\":\"de\"},{\"@type\":\"Organization\",\"@id\":\"https:\\\/\\\/www.visit-montenegro.com\\\/de\\\/#organization\",\"name\":\"Visit Montenegro\",\"url\":\"https:\\\/\\\/www.visit-montenegro.com\\\/de\\\/\",\"logo\":{\"@type\":\"ImageObject\",\"inLanguage\":\"de\",\"@id\":\"https:\\\/\\\/www.visit-montenegro.com\\\/de\\\/#\\\/schema\\\/logo\\\/image\\\/\",\"url\":\"https:\\\/\\\/www.visit-montenegro.com\\\/wp-content\\\/uploads\\\/2017\\\/10\\\/logo-amp.png\",\"contentUrl\":\"https:\\\/\\\/www.visit-montenegro.com\\\/wp-content\\\/uploads\\\/2017\\\/10\\\/logo-amp.png\",\"width\":190,\"height\":36,\"caption\":\"Visit Montenegro\"},\"image\":{\"@id\":\"https:\\\/\\\/www.visit-montenegro.com\\\/de\\\/#\\\/schema\\\/logo\\\/image\\\/\"},\"sameAs\":[\"https:\\\/\\\/www.facebook.com\\\/visitmontenegro\",\"https:\\\/\\\/x.com\\\/visitmontenegro\",\"https:\\\/\\\/www.instagram.com\\\/visit_montenegro\\\/\",\"https:\\\/\\\/www.youtube.com\\\/user\\\/VisitMontenegro\"]}]}<\/script>\n<!-- \/ Yoast SEO plugin. -->","yoast_head_json":{"title":"Kotor Seefahrtsmuseum - Visit Montenegro","description":"Entdecken Sie das Kotor Seefahrtsmuseum in der Altstadt von Montenegro. Erkunden Sie die Seefahrtsgeschichte, Artefakte und Traditionen in diesem kulturellen Juwel, das ein Muss f\u00fcr Besucher ist.","robots":{"index":"index","follow":"follow","max-snippet":"max-snippet:-1","max-image-preview":"max-image-preview:large","max-video-preview":"max-video-preview:-1"},"canonical":"https:\/\/www.visit-montenegro.com\/de\/reiseziele\/kotor\/sehenswuerdigkeiten\/seefahrtsmuseum\/","og_locale":"de_DE","og_type":"article","og_title":"Kotor Seefahrtsmuseum - Visit Montenegro","og_description":"Entdecken Sie das Kotor Seefahrtsmuseum in der Altstadt von Montenegro. Erkunden Sie die Seefahrtsgeschichte, Artefakte und Traditionen in diesem kulturellen Juwel, das ein Muss f\u00fcr Besucher ist.","og_url":"https:\/\/www.visit-montenegro.com\/de\/reiseziele\/kotor\/sehenswuerdigkeiten\/seefahrtsmuseum\/","og_site_name":"Visit Montenegro","article_publisher":"https:\/\/www.facebook.com\/visitmontenegro","article_modified_time":"2026-02-22T17:35:30+00:00","og_image":[{"width":1280,"height":881,"url":"https:\/\/www.visit-montenegro.com\/wp-content\/uploads\/2026\/02\/muzejkotor.jpg","type":"image\/jpeg"}],"twitter_card":"summary_large_image","twitter_site":"@visitmontenegro","twitter_misc":{"Gesch\u00e4tzte Lesezeit":"2\u00a0Minuten"},"schema":{"@context":"https:\/\/schema.org","@graph":[{"@type":"WebPage","@id":"https:\/\/www.visit-montenegro.com\/de\/reiseziele\/kotor\/sehenswuerdigkeiten\/seefahrtsmuseum\/","url":"https:\/\/www.visit-montenegro.com\/de\/reiseziele\/kotor\/sehenswuerdigkeiten\/seefahrtsmuseum\/","name":"Kotor Seefahrtsmuseum - Visit Montenegro","isPartOf":{"@id":"https:\/\/www.visit-montenegro.com\/de\/#website"},"primaryImageOfPage":{"@id":"https:\/\/www.visit-montenegro.com\/de\/reiseziele\/kotor\/sehenswuerdigkeiten\/seefahrtsmuseum\/#primaryimage"},"image":{"@id":"https:\/\/www.visit-montenegro.com\/de\/reiseziele\/kotor\/sehenswuerdigkeiten\/seefahrtsmuseum\/#primaryimage"},"thumbnailUrl":"https:\/\/www.visit-montenegro.com\/wp-content\/uploads\/2026\/02\/muzejkotor.jpg","datePublished":"2026-01-27T20:44:31+00:00","dateModified":"2026-02-22T17:35:30+00:00","description":"Entdecken Sie das Kotor Seefahrtsmuseum in der Altstadt von Montenegro. Erkunden Sie die Seefahrtsgeschichte, Artefakte und Traditionen in diesem kulturellen Juwel, das ein Muss f\u00fcr Besucher ist.","breadcrumb":{"@id":"https:\/\/www.visit-montenegro.com\/de\/reiseziele\/kotor\/sehenswuerdigkeiten\/seefahrtsmuseum\/#breadcrumb"},"inLanguage":"de","potentialAction":[{"@type":"ReadAction","target":["https:\/\/www.visit-montenegro.com\/de\/reiseziele\/kotor\/sehenswuerdigkeiten\/seefahrtsmuseum\/"]}]},{"@type":"ImageObject","inLanguage":"de","@id":"https:\/\/www.visit-montenegro.com\/de\/reiseziele\/kotor\/sehenswuerdigkeiten\/seefahrtsmuseum\/#primaryimage","url":"https:\/\/www.visit-montenegro.com\/wp-content\/uploads\/2026\/02\/muzejkotor.jpg","contentUrl":"https:\/\/www.visit-montenegro.com\/wp-content\/uploads\/2026\/02\/muzejkotor.jpg","width":1280,"height":881},{"@type":"BreadcrumbList","@id":"https:\/\/www.visit-montenegro.com\/de\/reiseziele\/kotor\/sehenswuerdigkeiten\/seefahrtsmuseum\/#breadcrumb","itemListElement":[{"@type":"ListItem","position":1,"name":"Home","item":"https:\/\/www.visit-montenegro.com\/de\/home\/"},{"@type":"ListItem","position":2,"name":"Reiseziele in Montenegro","item":"https:\/\/www.visit-montenegro.com\/de\/reiseziele\/"},{"@type":"ListItem","position":3,"name":"Kotor","item":"https:\/\/www.visit-montenegro.com\/de\/reiseziele\/kotor\/"},{"@type":"ListItem","position":4,"name":"Kotor Sehensw\u00fcrdigkeiten","item":"https:\/\/www.visit-montenegro.com\/de\/reiseziele\/kotor\/sehenswuerdigkeiten\/"},{"@type":"ListItem","position":5,"name":"Kotor Seefahrtsmuseum"}]},{"@type":"WebSite","@id":"https:\/\/www.visit-montenegro.com\/de\/#website","url":"https:\/\/www.visit-montenegro.com\/de\/","name":"Visit Montenegro","description":"Breathtaking beauty","publisher":{"@id":"https:\/\/www.visit-montenegro.com\/de\/#organization"},"potentialAction":[{"@type":"SearchAction","target":{"@type":"EntryPoint","urlTemplate":"https:\/\/www.visit-montenegro.com\/de\/?s={search_term_string}"},"query-input":{"@type":"PropertyValueSpecification","valueRequired":true,"valueName":"search_term_string"}}],"inLanguage":"de"},{"@type":"Organization","@id":"https:\/\/www.visit-montenegro.com\/de\/#organization","name":"Visit Montenegro","url":"https:\/\/www.visit-montenegro.com\/de\/","logo":{"@type":"ImageObject","inLanguage":"de","@id":"https:\/\/www.visit-montenegro.com\/de\/#\/schema\/logo\/image\/","url":"https:\/\/www.visit-montenegro.com\/wp-content\/uploads\/2017\/10\/logo-amp.png","contentUrl":"https:\/\/www.visit-montenegro.com\/wp-content\/uploads\/2017\/10\/logo-amp.png","width":190,"height":36,"caption":"Visit Montenegro"},"image":{"@id":"https:\/\/www.visit-montenegro.com\/de\/#\/schema\/logo\/image\/"},"sameAs":["https:\/\/www.facebook.com\/visitmontenegro","https:\/\/x.com\/visitmontenegro","https:\/\/www.instagram.com\/visit_montenegro\/","https:\/\/www.youtube.com\/user\/VisitMontenegro"]}]}},"translations":[],"_links":{"self":[{"href":"https:\/\/www.visit-montenegro.com\/de\/wp-json\/wp\/v2\/pages\/134129","targetHints":{"allow":["GET"]}}],"collection":[{"href":"https:\/\/www.visit-montenegro.com\/de\/wp-json\/wp\/v2\/pages"}],"about":[{"href":"https:\/\/www.visit-montenegro.com\/de\/wp-json\/wp\/v2\/types\/page"}],"author":[{"embeddable":true,"href":"https:\/\/www.visit-montenegro.com\/de\/wp-json\/wp\/v2\/users\/1"}],"replies":[{"embeddable":true,"href":"https:\/\/www.visit-montenegro.com\/de\/wp-json\/wp\/v2\/comments?post=134129"}],"version-history":[{"count":0,"href":"https:\/\/www.visit-montenegro.com\/de\/wp-json\/wp\/v2\/pages\/134129\/revisions"}],"up":[{"embeddable":true,"href":"https:\/\/www.visit-montenegro.com\/de\/wp-json\/wp\/v2\/pages\/134099"}],"wp:featuredmedia":[{"embeddable":true,"href":"https:\/\/www.visit-montenegro.com\/de\/wp-json\/wp\/v2\/media\/135615"}],"wp:attachment":[{"href":"https:\/\/www.visit-montenegro.com\/de\/wp-json\/wp\/v2\/media?parent=134129"}],"wp:term":[{"taxonomy":"post_tag","embeddable":true,"href":"https:\/\/www.visit-montenegro.com\/de\/wp-json\/wp\/v2\/tags?post=134129"}],"curies":[{"name":"wp","href":"https:\/\/api.w.org\/{rel}","templated":true}]}}