{"id":134139,"date":"2026-01-27T21:44:31","date_gmt":"2026-01-27T20:44:31","guid":{"rendered":"https:\/\/new.visit-montenegro.com\/ziele\/kotor__trashed\/info\/from-dubrovnik\/"},"modified":"2026-02-22T17:17:56","modified_gmt":"2026-02-22T16:17:56","slug":"from-dubrovnik","status":"publish","type":"page","link":"https:\/\/www.visit-montenegro.com\/de\/reiseziele\/kotor\/info\/from-dubrovnik\/","title":{"rendered":"Von Dubrovnik nach Kotor"},"content":{"rendered":"\n<p>Zwei der meistbesuchten Touristenzielorte an der Adria sind Dubrovnik in Kroatien und <a href=\"https:\/\/www.visit-montenegro.com\/de\/reiseziele\/kotor\/\">Kotor<\/a> in Montenegro, eingebettet in den atemberaubenden s\u00fcdlichen Fjord der Bucht von Kotor. Diese pr\u00e4chtigen St\u00e4dte faszinieren Besucher mit ihrem historischen Reichtum und visueller Sch\u00f6nheit. Die Altstadt von Dubrovnik versetzt Sie in alte Zeiten, w\u00e4hrend die Altstadt von Kotor, umgeben von hohen Bergen und alten Befestigungsanlagen, atemberaubende Landschaften bietet. Daher ist die Erkundung beider Ziele f\u00fcr viele Reisende eine Top-Priorit\u00e4t.<\/p>\n\n<hr class=\"wp-block-separator has-alpha-channel-opacity\"\/>\n\n<h2 class=\"wp-block-heading\">Transportoptionen von Dubrovnik nach Kotor<\/h2>\n\n<p>Mehrere Transportoptionen machen die Reise von <strong>Von Dubrovnik nach Kotor<\/strong> zug\u00e4nglich und angenehm. Transfers bieten einen bequemen Online-Buchungsservice f\u00fcr direkte Fahrten zu jedem Ort in Montenegro. Autovermietung wird dringend empfohlen f\u00fcr diejenigen, die die Magie der Adriak\u00fcste erleben m\u00f6chten, da sie vollst\u00e4ndige Freiheit bietet, um versteckte Juwelen zu erkunden, die nicht auf typischen Touristenkarten sind. Dar\u00fcber hinaus bieten Ganztagesausfl\u00fcge, wie der Kotor-Bucht-Tagesausflug von Dubrovnik mit einer Bootsfahrt zur Lady of the Rock, gef\u00fchrte Erlebnisse, mit anderen Dubrovnik-Touren f\u00fcr weitere Erkundungen verf\u00fcgbar.<\/p>\n\n<ul class=\"wp-block-list\">\n<li><a href=\"https:\/\/www.visit-montenegro.com\/de\/transfers\/\">Transfers<\/a> \u2013 Buchen Sie online einen gro\u00dfartigen Transferservice von Dubrovnik zu jedem Ort in Montenegro.<\/li>\n\n\n\n<li><a href=\"https:\/\/www.visit-montenegro.com\/de\/transport\/transportation-rental-cars\/\">Autovermietung<\/a> \u2013 Wenn Sie wirklich alle Magie der vielen sch\u00f6nen kleinen Orte entlang der Adriak\u00fcste erleben m\u00f6chten, ist Autovermietung sicherlich die beste Wahl und wir empfehlen sie. Auf diese Weise haben Sie vollst\u00e4ndige Freiheit, anzuhalten und sogar einige versteckte Orte zu besuchen, die nicht auf den Karten \u00fcblicher Touristentouren sind.<\/li>\n<\/ul>\n<div class=\"wp-block-image\">\n<figure class=\"aligncenter size-large is-resized\"><img loading=\"lazy\" decoding=\"async\" width=\"1024\" height=\"683\" src=\"https:\/\/www.visit-montenegro.com\/wp-content\/uploads\/2026\/02\/Depositphotos_250074826_XL-1024x683.jpg\" alt=\"\" class=\"wp-image-133160\" style=\"width:800px;height:600px\" srcset=\"https:\/\/www.visit-montenegro.com\/wp-content\/uploads\/2026\/02\/Depositphotos_250074826_XL-1024x683.jpg 1024w, https:\/\/www.visit-montenegro.com\/wp-content\/uploads\/2026\/02\/Depositphotos_250074826_XL-300x200.jpg 300w, https:\/\/www.visit-montenegro.com\/wp-content\/uploads\/2026\/02\/Depositphotos_250074826_XL-768x512.jpg 768w, https:\/\/www.visit-montenegro.com\/wp-content\/uploads\/2026\/02\/Depositphotos_250074826_XL-1536x1024.jpg 1536w, https:\/\/www.visit-montenegro.com\/wp-content\/uploads\/2026\/02\/Depositphotos_250074826_XL-2048x1365.jpg 2048w, https:\/\/www.visit-montenegro.com\/wp-content\/uploads\/2026\/02\/Depositphotos_250074826_XL-scaled.jpg 1600w\" sizes=\"auto, (max-width: 1024px) 100vw, 1024px\" \/><\/figure>\n<\/div>\n<h2 class=\"wp-block-heading\">Planung Ihrer Reise von Dubrovnik nach Kotor<\/h2>\n\n<p>Die meisten Touristen, die Dubrovnik oder Kotor besuchen, streben danach, beide St\u00e4dte zu erkunden, was es zu einer ausgezeichneten Entscheidung f\u00fcr jeden Reisenden macht. Tats\u00e4chlich erm\u00f6glicht Ihnen diese Tour eine landschaftliche Route entlang der Adriak\u00fcste zu erleben, einschlie\u00dflich Stopps in Dubrovnik, Cavtat, <a href=\"https:\/\/www.visit-montenegro.com\/de\/reiseziele\/herceg-novi\/sehenswuerdigkeiten\/igalo\/\">Igalo<\/a>, Herceg Novi, Risan, <a href=\"https:\/\/www.visit-montenegro.com\/de\/reiseziele\/kotor\/sehenswuerdigkeiten\/perast\/\">Perast<\/a> und Kotor. Wenn Zeit erlaubt, verl\u00e4ngern Sie Ihre Reise von Kotor nach <a href=\"https:\/\/www.visit-montenegro.com\/de\/reiseziele\/budva\/\">Budva<\/a>, um die beliebte Altstadt von Budva zu besuchen. Viele Agenturen bieten Touren an, aber Selbsterkundung wird oft f\u00fcr ein pers\u00f6nlicheres und au\u00dfergew\u00f6hnlicheres Erlebnis von <strong>Von Dubrovnik nach Kotor<\/strong> bevorzugt.<\/p>\n\n<p>Die Nutzung eines Mietwagenservices, wie erschwingliche Online-Optionen mit bekannten Marken, steigert den Genuss jedes Kilometers. F\u00fcr \u00dcbernachtungen in Kotor, pr\u00fcfen Sie Online-Unterkunftsdienste f\u00fcr die besten Buchungen. Diese Reise von <strong>Von Dubrovnik nach Kotor<\/strong> verbindet zwei atemberaubende Orte durch eine Stra\u00dfe nat\u00fcrlicher Sch\u00f6nheit, Geschichte, Kultur und k\u00f6stlichem Essen. Genie\u00dfen Sie Dubrovnik und Kroatien, dann schmecken Sie Kotor und Montenegro auf dieser unvergesslichen touristischen Diamantentour.<\/p>\n","protected":false},"excerpt":{"rendered":"<p>Entdecken Sie die beeindruckende Reise von Dubrovnik nach Kotor, zwei Adriatische Juwelen reich an Geschichte und Sch\u00f6nheit. Erkunden Sie Transportoptionen, landschaftliche Zwischenstopps und Tipps f\u00fcr eine unvergessliche selbstgef\u00fchrte Tour entlang der K\u00fcste.<\/p>\n","protected":false},"author":1,"featured_media":134140,"parent":134133,"menu_order":0,"comment_status":"closed","ping_status":"closed","template":"","meta":{"_yoast_wpseo_focuskw":"Von Dubrovnik nach Kotor","_yoast_wpseo_metadesc":"Planen Sie Ihre Reise von Dubrovnik nach Kotor mit Tipps zu Transport, landschaftlichen Routen und versteckten Juwelen. Erleben Sie Geschichte, Kultur und atemberaubende Ausblicke auf diesem Adriatischen Abenteuer.","_kad_post_transparent":"","_kad_post_title":"","_kad_post_layout":"","_kad_post_sidebar_id":"","_kad_post_content_style":"","_kad_post_vertical_padding":"","_kad_post_feature":"","_kad_post_feature_position":"","_kad_post_header":false,"_kad_post_footer":false,"_kad_post_classname":"","iawp_total_views":9,"footnotes":""},"tags":[],"class_list":["post-134139","page","type-page","status-publish","has-post-thumbnail","hentry"],"yoast_head":"<!-- This site is optimized with the Yoast SEO plugin v27.3 - https:\/\/yoast.com\/product\/yoast-seo-wordpress\/ -->\n<title>Von Dubrovnik nach Kotor - Visit Montenegro<\/title>\n<meta name=\"description\" content=\"Planen Sie Ihre Reise von Dubrovnik nach Kotor mit Tipps zu Transport, landschaftlichen Routen und versteckten Juwelen. Erleben Sie Geschichte, Kultur und atemberaubende Ausblicke auf diesem Adriatischen Abenteuer.\" \/>\n<meta name=\"robots\" content=\"index, follow, max-snippet:-1, max-image-preview:large, max-video-preview:-1\" \/>\n<link rel=\"canonical\" href=\"https:\/\/www.visit-montenegro.com\/de\/reiseziele\/kotor\/info\/from-dubrovnik\/\" \/>\n<meta property=\"og:locale\" content=\"de_DE\" \/>\n<meta property=\"og:type\" content=\"article\" \/>\n<meta property=\"og:title\" content=\"Von Dubrovnik nach Kotor - Visit Montenegro\" \/>\n<meta property=\"og:description\" content=\"Planen Sie Ihre Reise von Dubrovnik nach Kotor mit Tipps zu Transport, landschaftlichen Routen und versteckten Juwelen. Erleben Sie Geschichte, Kultur und atemberaubende Ausblicke auf diesem Adriatischen Abenteuer.\" \/>\n<meta property=\"og:url\" content=\"https:\/\/www.visit-montenegro.com\/de\/reiseziele\/kotor\/info\/from-dubrovnik\/\" \/>\n<meta property=\"og:site_name\" content=\"Visit Montenegro\" \/>\n<meta property=\"article:publisher\" content=\"https:\/\/www.facebook.com\/visitmontenegro\" \/>\n<meta property=\"article:modified_time\" content=\"2026-02-22T16:17:56+00:00\" \/>\n<meta property=\"og:image\" content=\"https:\/\/www.visit-montenegro.com\/wp-content\/uploads\/2026\/01\/kotor-bay-panorama-large-scaled.jpg\" \/>\n\t<meta property=\"og:image:width\" content=\"1600\" \/>\n\t<meta property=\"og:image:height\" content=\"575\" \/>\n\t<meta property=\"og:image:type\" content=\"image\/jpeg\" \/>\n<meta name=\"twitter:card\" content=\"summary_large_image\" \/>\n<meta name=\"twitter:site\" content=\"@visitmontenegro\" \/>\n<meta name=\"twitter:label1\" content=\"Gesch\u00e4tzte Lesezeit\" \/>\n\t<meta name=\"twitter:data1\" content=\"2\u00a0Minuten\" \/>\n<script type=\"application\/ld+json\" class=\"yoast-schema-graph\">{\"@context\":\"https:\\\/\\\/schema.org\",\"@graph\":[{\"@type\":\"WebPage\",\"@id\":\"https:\\\/\\\/www.visit-montenegro.com\\\/de\\\/reiseziele\\\/kotor\\\/info\\\/from-dubrovnik\\\/\",\"url\":\"https:\\\/\\\/www.visit-montenegro.com\\\/de\\\/reiseziele\\\/kotor\\\/info\\\/from-dubrovnik\\\/\",\"name\":\"Von Dubrovnik nach Kotor - Visit Montenegro\",\"isPartOf\":{\"@id\":\"https:\\\/\\\/www.visit-montenegro.com\\\/de\\\/#website\"},\"primaryImageOfPage\":{\"@id\":\"https:\\\/\\\/www.visit-montenegro.com\\\/de\\\/reiseziele\\\/kotor\\\/info\\\/from-dubrovnik\\\/#primaryimage\"},\"image\":{\"@id\":\"https:\\\/\\\/www.visit-montenegro.com\\\/de\\\/reiseziele\\\/kotor\\\/info\\\/from-dubrovnik\\\/#primaryimage\"},\"thumbnailUrl\":\"https:\\\/\\\/www.visit-montenegro.com\\\/wp-content\\\/uploads\\\/2026\\\/01\\\/kotor-bay-panorama-large-scaled.jpg\",\"datePublished\":\"2026-01-27T20:44:31+00:00\",\"dateModified\":\"2026-02-22T16:17:56+00:00\",\"description\":\"Planen Sie Ihre Reise von Dubrovnik nach Kotor mit Tipps zu Transport, landschaftlichen Routen und versteckten Juwelen. Erleben Sie Geschichte, Kultur und atemberaubende Ausblicke auf diesem Adriatischen Abenteuer.\",\"breadcrumb\":{\"@id\":\"https:\\\/\\\/www.visit-montenegro.com\\\/de\\\/reiseziele\\\/kotor\\\/info\\\/from-dubrovnik\\\/#breadcrumb\"},\"inLanguage\":\"de\",\"potentialAction\":[{\"@type\":\"ReadAction\",\"target\":[\"https:\\\/\\\/www.visit-montenegro.com\\\/de\\\/reiseziele\\\/kotor\\\/info\\\/from-dubrovnik\\\/\"]}]},{\"@type\":\"ImageObject\",\"inLanguage\":\"de\",\"@id\":\"https:\\\/\\\/www.visit-montenegro.com\\\/de\\\/reiseziele\\\/kotor\\\/info\\\/from-dubrovnik\\\/#primaryimage\",\"url\":\"https:\\\/\\\/www.visit-montenegro.com\\\/wp-content\\\/uploads\\\/2026\\\/01\\\/kotor-bay-panorama-large-scaled.jpg\",\"contentUrl\":\"https:\\\/\\\/www.visit-montenegro.com\\\/wp-content\\\/uploads\\\/2026\\\/01\\\/kotor-bay-panorama-large-scaled.jpg\",\"width\":1600,\"height\":575,\"caption\":\"Panorama der Kotor-Bucht, die sich von der alten Stadt Kotor bis Herceg-Novi, Montenegro erstreckt.\"},{\"@type\":\"BreadcrumbList\",\"@id\":\"https:\\\/\\\/www.visit-montenegro.com\\\/de\\\/reiseziele\\\/kotor\\\/info\\\/from-dubrovnik\\\/#breadcrumb\",\"itemListElement\":[{\"@type\":\"ListItem\",\"position\":1,\"name\":\"Home\",\"item\":\"https:\\\/\\\/www.visit-montenegro.com\\\/de\\\/home\\\/\"},{\"@type\":\"ListItem\",\"position\":2,\"name\":\"Reiseziele in Montenegro\",\"item\":\"https:\\\/\\\/www.visit-montenegro.com\\\/de\\\/reiseziele\\\/\"},{\"@type\":\"ListItem\",\"position\":3,\"name\":\"Kotor\",\"item\":\"https:\\\/\\\/www.visit-montenegro.com\\\/de\\\/reiseziele\\\/kotor\\\/\"},{\"@type\":\"ListItem\",\"position\":4,\"name\":\"Mehr \u00fcber Kotor\",\"item\":\"https:\\\/\\\/www.visit-montenegro.com\\\/de\\\/reiseziele\\\/kotor\\\/info\\\/\"},{\"@type\":\"ListItem\",\"position\":5,\"name\":\"Von Dubrovnik nach Kotor\"}]},{\"@type\":\"WebSite\",\"@id\":\"https:\\\/\\\/www.visit-montenegro.com\\\/de\\\/#website\",\"url\":\"https:\\\/\\\/www.visit-montenegro.com\\\/de\\\/\",\"name\":\"Visit Montenegro\",\"description\":\"Breathtaking beauty\",\"publisher\":{\"@id\":\"https:\\\/\\\/www.visit-montenegro.com\\\/de\\\/#organization\"},\"potentialAction\":[{\"@type\":\"SearchAction\",\"target\":{\"@type\":\"EntryPoint\",\"urlTemplate\":\"https:\\\/\\\/www.visit-montenegro.com\\\/de\\\/?s={search_term_string}\"},\"query-input\":{\"@type\":\"PropertyValueSpecification\",\"valueRequired\":true,\"valueName\":\"search_term_string\"}}],\"inLanguage\":\"de\"},{\"@type\":\"Organization\",\"@id\":\"https:\\\/\\\/www.visit-montenegro.com\\\/de\\\/#organization\",\"name\":\"Visit Montenegro\",\"url\":\"https:\\\/\\\/www.visit-montenegro.com\\\/de\\\/\",\"logo\":{\"@type\":\"ImageObject\",\"inLanguage\":\"de\",\"@id\":\"https:\\\/\\\/www.visit-montenegro.com\\\/de\\\/#\\\/schema\\\/logo\\\/image\\\/\",\"url\":\"https:\\\/\\\/www.visit-montenegro.com\\\/wp-content\\\/uploads\\\/2017\\\/10\\\/logo-amp.png\",\"contentUrl\":\"https:\\\/\\\/www.visit-montenegro.com\\\/wp-content\\\/uploads\\\/2017\\\/10\\\/logo-amp.png\",\"width\":190,\"height\":36,\"caption\":\"Visit Montenegro\"},\"image\":{\"@id\":\"https:\\\/\\\/www.visit-montenegro.com\\\/de\\\/#\\\/schema\\\/logo\\\/image\\\/\"},\"sameAs\":[\"https:\\\/\\\/www.facebook.com\\\/visitmontenegro\",\"https:\\\/\\\/x.com\\\/visitmontenegro\",\"https:\\\/\\\/www.instagram.com\\\/visit_montenegro\\\/\",\"https:\\\/\\\/www.youtube.com\\\/user\\\/VisitMontenegro\"]}]}<\/script>\n<!-- \/ Yoast SEO plugin. -->","yoast_head_json":{"title":"Von Dubrovnik nach Kotor - Visit Montenegro","description":"Planen Sie Ihre Reise von Dubrovnik nach Kotor mit Tipps zu Transport, landschaftlichen Routen und versteckten Juwelen. Erleben Sie Geschichte, Kultur und atemberaubende Ausblicke auf diesem Adriatischen Abenteuer.","robots":{"index":"index","follow":"follow","max-snippet":"max-snippet:-1","max-image-preview":"max-image-preview:large","max-video-preview":"max-video-preview:-1"},"canonical":"https:\/\/www.visit-montenegro.com\/de\/reiseziele\/kotor\/info\/from-dubrovnik\/","og_locale":"de_DE","og_type":"article","og_title":"Von Dubrovnik nach Kotor - Visit Montenegro","og_description":"Planen Sie Ihre Reise von Dubrovnik nach Kotor mit Tipps zu Transport, landschaftlichen Routen und versteckten Juwelen. Erleben Sie Geschichte, Kultur und atemberaubende Ausblicke auf diesem Adriatischen Abenteuer.","og_url":"https:\/\/www.visit-montenegro.com\/de\/reiseziele\/kotor\/info\/from-dubrovnik\/","og_site_name":"Visit Montenegro","article_publisher":"https:\/\/www.facebook.com\/visitmontenegro","article_modified_time":"2026-02-22T16:17:56+00:00","og_image":[{"width":1600,"height":575,"url":"https:\/\/www.visit-montenegro.com\/wp-content\/uploads\/2026\/01\/kotor-bay-panorama-large-scaled.jpg","type":"image\/jpeg"}],"twitter_card":"summary_large_image","twitter_site":"@visitmontenegro","twitter_misc":{"Gesch\u00e4tzte Lesezeit":"2\u00a0Minuten"},"schema":{"@context":"https:\/\/schema.org","@graph":[{"@type":"WebPage","@id":"https:\/\/www.visit-montenegro.com\/de\/reiseziele\/kotor\/info\/from-dubrovnik\/","url":"https:\/\/www.visit-montenegro.com\/de\/reiseziele\/kotor\/info\/from-dubrovnik\/","name":"Von Dubrovnik nach Kotor - Visit Montenegro","isPartOf":{"@id":"https:\/\/www.visit-montenegro.com\/de\/#website"},"primaryImageOfPage":{"@id":"https:\/\/www.visit-montenegro.com\/de\/reiseziele\/kotor\/info\/from-dubrovnik\/#primaryimage"},"image":{"@id":"https:\/\/www.visit-montenegro.com\/de\/reiseziele\/kotor\/info\/from-dubrovnik\/#primaryimage"},"thumbnailUrl":"https:\/\/www.visit-montenegro.com\/wp-content\/uploads\/2026\/01\/kotor-bay-panorama-large-scaled.jpg","datePublished":"2026-01-27T20:44:31+00:00","dateModified":"2026-02-22T16:17:56+00:00","description":"Planen Sie Ihre Reise von Dubrovnik nach Kotor mit Tipps zu Transport, landschaftlichen Routen und versteckten Juwelen. Erleben Sie Geschichte, Kultur und atemberaubende Ausblicke auf diesem Adriatischen Abenteuer.","breadcrumb":{"@id":"https:\/\/www.visit-montenegro.com\/de\/reiseziele\/kotor\/info\/from-dubrovnik\/#breadcrumb"},"inLanguage":"de","potentialAction":[{"@type":"ReadAction","target":["https:\/\/www.visit-montenegro.com\/de\/reiseziele\/kotor\/info\/from-dubrovnik\/"]}]},{"@type":"ImageObject","inLanguage":"de","@id":"https:\/\/www.visit-montenegro.com\/de\/reiseziele\/kotor\/info\/from-dubrovnik\/#primaryimage","url":"https:\/\/www.visit-montenegro.com\/wp-content\/uploads\/2026\/01\/kotor-bay-panorama-large-scaled.jpg","contentUrl":"https:\/\/www.visit-montenegro.com\/wp-content\/uploads\/2026\/01\/kotor-bay-panorama-large-scaled.jpg","width":1600,"height":575,"caption":"Panorama der Kotor-Bucht, die sich von der alten Stadt Kotor bis Herceg-Novi, Montenegro erstreckt."},{"@type":"BreadcrumbList","@id":"https:\/\/www.visit-montenegro.com\/de\/reiseziele\/kotor\/info\/from-dubrovnik\/#breadcrumb","itemListElement":[{"@type":"ListItem","position":1,"name":"Home","item":"https:\/\/www.visit-montenegro.com\/de\/home\/"},{"@type":"ListItem","position":2,"name":"Reiseziele in Montenegro","item":"https:\/\/www.visit-montenegro.com\/de\/reiseziele\/"},{"@type":"ListItem","position":3,"name":"Kotor","item":"https:\/\/www.visit-montenegro.com\/de\/reiseziele\/kotor\/"},{"@type":"ListItem","position":4,"name":"Mehr \u00fcber Kotor","item":"https:\/\/www.visit-montenegro.com\/de\/reiseziele\/kotor\/info\/"},{"@type":"ListItem","position":5,"name":"Von Dubrovnik nach Kotor"}]},{"@type":"WebSite","@id":"https:\/\/www.visit-montenegro.com\/de\/#website","url":"https:\/\/www.visit-montenegro.com\/de\/","name":"Visit Montenegro","description":"Breathtaking beauty","publisher":{"@id":"https:\/\/www.visit-montenegro.com\/de\/#organization"},"potentialAction":[{"@type":"SearchAction","target":{"@type":"EntryPoint","urlTemplate":"https:\/\/www.visit-montenegro.com\/de\/?s={search_term_string}"},"query-input":{"@type":"PropertyValueSpecification","valueRequired":true,"valueName":"search_term_string"}}],"inLanguage":"de"},{"@type":"Organization","@id":"https:\/\/www.visit-montenegro.com\/de\/#organization","name":"Visit Montenegro","url":"https:\/\/www.visit-montenegro.com\/de\/","logo":{"@type":"ImageObject","inLanguage":"de","@id":"https:\/\/www.visit-montenegro.com\/de\/#\/schema\/logo\/image\/","url":"https:\/\/www.visit-montenegro.com\/wp-content\/uploads\/2017\/10\/logo-amp.png","contentUrl":"https:\/\/www.visit-montenegro.com\/wp-content\/uploads\/2017\/10\/logo-amp.png","width":190,"height":36,"caption":"Visit Montenegro"},"image":{"@id":"https:\/\/www.visit-montenegro.com\/de\/#\/schema\/logo\/image\/"},"sameAs":["https:\/\/www.facebook.com\/visitmontenegro","https:\/\/x.com\/visitmontenegro","https:\/\/www.instagram.com\/visit_montenegro\/","https:\/\/www.youtube.com\/user\/VisitMontenegro"]}]}},"translations":[],"_links":{"self":[{"href":"https:\/\/www.visit-montenegro.com\/de\/wp-json\/wp\/v2\/pages\/134139","targetHints":{"allow":["GET"]}}],"collection":[{"href":"https:\/\/www.visit-montenegro.com\/de\/wp-json\/wp\/v2\/pages"}],"about":[{"href":"https:\/\/www.visit-montenegro.com\/de\/wp-json\/wp\/v2\/types\/page"}],"author":[{"embeddable":true,"href":"https:\/\/www.visit-montenegro.com\/de\/wp-json\/wp\/v2\/users\/1"}],"replies":[{"embeddable":true,"href":"https:\/\/www.visit-montenegro.com\/de\/wp-json\/wp\/v2\/comments?post=134139"}],"version-history":[{"count":0,"href":"https:\/\/www.visit-montenegro.com\/de\/wp-json\/wp\/v2\/pages\/134139\/revisions"}],"up":[{"embeddable":true,"href":"https:\/\/www.visit-montenegro.com\/de\/wp-json\/wp\/v2\/pages\/134133"}],"wp:featuredmedia":[{"embeddable":true,"href":"https:\/\/www.visit-montenegro.com\/de\/wp-json\/wp\/v2\/media\/134140"}],"wp:attachment":[{"href":"https:\/\/www.visit-montenegro.com\/de\/wp-json\/wp\/v2\/media?parent=134139"}],"wp:term":[{"taxonomy":"post_tag","embeddable":true,"href":"https:\/\/www.visit-montenegro.com\/de\/wp-json\/wp\/v2\/tags?post=134139"}],"curies":[{"name":"wp","href":"https:\/\/api.w.org\/{rel}","templated":true}]}}