{"id":134145,"date":"2026-01-27T21:44:31","date_gmt":"2026-01-27T20:44:31","guid":{"rendered":"https:\/\/new.visit-montenegro.com\/ziele\/kotor__trashed\/info\/straende\/"},"modified":"2026-02-22T17:17:57","modified_gmt":"2026-02-22T16:17:57","slug":"straende","status":"publish","type":"page","link":"https:\/\/www.visit-montenegro.com\/de\/reiseziele\/kotor\/info\/straende\/","title":{"rendered":"Kotor Str\u00e4nde"},"content":{"rendered":"\n<p>Kotors Str\u00e4nde sind keine langen Sandstr\u00e4nde, sondern eher intime, charmante Orte, die verstreut um die Bucht liegen und oft Pontons aufweisen, die der Landschaft eine einzigartige, gesch\u00fctzte Atmosph\u00e4re verleihen. Viele davon befinden sich auf Privatgrundst\u00fccken, sodass die Buchung einer Unterkunft entlang der Boka-Bucht Ihnen Ihren eigenen Ponton gew\u00e4hren kann.<\/p>\n\n<hr class=\"wp-block-separator has-alpha-channel-opacity\"\/>\n\n<h2 class=\"wp-block-heading\">\u00dcberblick \u00fcber Kotor Str\u00e4nde<\/h2>\n\n<p><a href=\"https:\/\/www.visit-montenegro.com\/de\/reiseziele\/kotor\/\">Kotor<\/a> hat keine langen Str\u00e4nde, sondern niedliche und intime, die verstreut um die Bucht liegen. Pontons mit sch\u00f6ner Atmosph\u00e4re und schutzartigem Charakter verleihen der Landschaft einen besonderen Charme und Charakter. Viele davon befinden sich auf Privatgrundst\u00fccken, sodass Sie, wenn Sie eine Unterkunft in einem der sch\u00f6nen Orte entlang der Boka-Bucht buchen, einen eigenen Ponton haben werden.<\/p>\n\n<figure class=\"wp-block-image size-large\"><img loading=\"lazy\" decoding=\"async\" width=\"1024\" height=\"683\" src=\"https:\/\/www.visit-montenegro.com\/wp-content\/uploads\/2026\/02\/kotor-beach-02-1024x683.jpg\" alt=\"\" class=\"wp-image-133475\" srcset=\"https:\/\/www.visit-montenegro.com\/wp-content\/uploads\/2026\/02\/kotor-beach-02-1024x683.jpg 1024w, https:\/\/www.visit-montenegro.com\/wp-content\/uploads\/2026\/02\/kotor-beach-02-300x200.jpg 300w, https:\/\/www.visit-montenegro.com\/wp-content\/uploads\/2026\/02\/kotor-beach-02-768x512.jpg 768w, https:\/\/www.visit-montenegro.com\/wp-content\/uploads\/2026\/02\/kotor-beach-02-1536x1024.jpg 1536w, https:\/\/www.visit-montenegro.com\/wp-content\/uploads\/2026\/02\/kotor-beach-02-2048x1365.jpg 2048w, https:\/\/www.visit-montenegro.com\/wp-content\/uploads\/2026\/02\/kotor-beach-02-scaled.jpg 1600w\" sizes=\"auto, (max-width: 1024px) 100vw, 1024px\" \/><figcaption class=\"wp-element-caption\">Typischer Strand am Ufer der Bucht von Kotor. Montenegro<\/figcaption><\/figure>\n\n<h2 class=\"wp-block-heading\">Spezifische Strand-Highlights<\/h2>\n\n<p><strong>Morinj<\/strong> ist ein sandig-kiesiger Strand auf einer kleinen Landzunge, die im Schatten umgebender Berge und B\u00e4ume eingebettet ist. Die alten M\u00fchlen, die in exklusive Restaurants umgewandelt wurden, verleihen einen besonderen Charme.<\/p>\n\n<figure class=\"wp-block-image size-large\"><img loading=\"lazy\" decoding=\"async\" width=\"1024\" height=\"682\" src=\"https:\/\/www.visit-montenegro.com\/wp-content\/uploads\/2026\/02\/Depositphotos_12557912_L-1024x682.jpg\" alt=\"\" class=\"wp-image-133395\" srcset=\"https:\/\/www.visit-montenegro.com\/wp-content\/uploads\/2026\/02\/Depositphotos_12557912_L-1024x682.jpg 1024w, https:\/\/www.visit-montenegro.com\/wp-content\/uploads\/2026\/02\/Depositphotos_12557912_L-300x200.jpg 300w, https:\/\/www.visit-montenegro.com\/wp-content\/uploads\/2026\/02\/Depositphotos_12557912_L-768x512.jpg 768w, https:\/\/www.visit-montenegro.com\/wp-content\/uploads\/2026\/02\/Depositphotos_12557912_L-1536x1024.jpg 1536w, https:\/\/www.visit-montenegro.com\/wp-content\/uploads\/2026\/02\/Depositphotos_12557912_L-scaled.jpg 1600w\" sizes=\"auto, (max-width: 1024px) 100vw, 1024px\" \/><\/figure>\n\n<p><strong>Bajova kula<\/strong> \u2013 Auf dem Weg nach <a href=\"https:\/\/www.visit-montenegro.com\/de\/reiseziele\/kotor\/sehenswuerdigkeiten\/perast\/\">Perast<\/a> gibt es einen kleinen, kiesigen Strand, der in dichtes Gr\u00fcn von Lorbeerb\u00e4umen eingetaucht ist und sowohl vom Land als auch vom Meer aus zug\u00e4nglich ist. Sonnenliegen, Sonnenschirme, Gr\u00fcn und Musik machen diesen Strand sehr attraktiv und beliebt.<\/p>\n\n<p><strong>Orahovac<\/strong> ist ein kiesiger, kristallklarer, ganzt\u00e4gig sonniger Strand mit harmonischer Umgebung aus dichter mediterraner Vegetation.<\/p>\n\n<figure class=\"wp-block-image size-large\"><img loading=\"lazy\" decoding=\"async\" width=\"1024\" height=\"682\" src=\"https:\/\/www.visit-montenegro.com\/wp-content\/uploads\/2026\/02\/Depositphotos_367712482_L-1024x682.jpg\" alt=\"\" class=\"wp-image-133476\" srcset=\"https:\/\/www.visit-montenegro.com\/wp-content\/uploads\/2026\/02\/Depositphotos_367712482_L-1024x682.jpg 1024w, https:\/\/www.visit-montenegro.com\/wp-content\/uploads\/2026\/02\/Depositphotos_367712482_L-300x200.jpg 300w, https:\/\/www.visit-montenegro.com\/wp-content\/uploads\/2026\/02\/Depositphotos_367712482_L-768x512.jpg 768w, https:\/\/www.visit-montenegro.com\/wp-content\/uploads\/2026\/02\/Depositphotos_367712482_L-1536x1024.jpg 1536w, https:\/\/www.visit-montenegro.com\/wp-content\/uploads\/2026\/02\/Depositphotos_367712482_L-scaled.jpg 1600w\" sizes=\"auto, (max-width: 1024px) 100vw, 1024px\" \/><figcaption class=\"wp-element-caption\">Sonnenblick auf das sch\u00f6ne Dorf Orahovac an der Bucht von Kotor, Montenegro.<\/figcaption><\/figure>\n\n<p><strong>Trsteno<\/strong> ist ein 200 m <a href=\"https:\/\/www.visit-montenegro.com\/de\/reiseziele\/ulcinj\/sehenswuerdigkeiten\/long-beach\/\">langer Strand<\/a> mit feinem Sand, klarem Wasser, sandigem Meeresboden und unber\u00fchrter Natur.<\/p>\n\n<p><strong>Bigova<\/strong> Strand war fr\u00fcher ein Fischerhafen. Er ist ber\u00fchmt f\u00fcr seinen heilenden Sand.<\/p>\n\n<p><strong>Plavi Horizonti<\/strong> ist ein sch\u00f6ner Sandstrand mit kristallklarem Wasser und ruhigen, abgeschiedenen Orten zum Genie\u00dfen.<\/p>\n\n<p><\/p>\n","protected":false},"excerpt":{"rendered":"<p>Entdecken Sie den intimen Charme der Str\u00e4nde von Kotor, die verstreut um die Bucht mit einzigartigen Pontons liegen. Erkunden Sie Highlights wie Morinj und Bajova kula f\u00fcr ein entspanntes K\u00fcstenerlebnis.<\/p>\n","protected":false},"author":1,"featured_media":134146,"parent":134133,"menu_order":0,"comment_status":"closed","ping_status":"closed","template":"","meta":{"_yoast_wpseo_focuskw":"Kotor Str\u00e4nde","_yoast_wpseo_metadesc":"Entdecken Sie intime Kotor Str\u00e4nde mit charmanten Pontons und malerischen Orten. Planen Sie Ihre Reise, um entspannte K\u00fcstenhighlights und versteckte Juwelen zu genie\u00dfen.","_kad_post_transparent":"","_kad_post_title":"","_kad_post_layout":"","_kad_post_sidebar_id":"","_kad_post_content_style":"","_kad_post_vertical_padding":"","_kad_post_feature":"","_kad_post_feature_position":"","_kad_post_header":false,"_kad_post_footer":false,"_kad_post_classname":"","iawp_total_views":15,"footnotes":""},"tags":[140,52,139,62,141,76],"class_list":["post-134145","page","type-page","status-publish","has-post-thumbnail","hentry","tag-crna-gora","tag-montenegro","tag-news","tag-tourism","tag-travel","tag-visit"],"yoast_head":"<!-- This site is optimized with the Yoast SEO plugin v27.3 - https:\/\/yoast.com\/product\/yoast-seo-wordpress\/ -->\n<title>Kotor Str\u00e4nde - Visit Montenegro<\/title>\n<meta name=\"description\" content=\"Entdecken Sie intime Kotor Str\u00e4nde mit charmanten Pontons und malerischen Orten. Planen Sie Ihre Reise, um entspannte K\u00fcstenhighlights und versteckte Juwelen zu genie\u00dfen.\" \/>\n<meta name=\"robots\" content=\"index, follow, max-snippet:-1, max-image-preview:large, max-video-preview:-1\" \/>\n<link rel=\"canonical\" href=\"https:\/\/www.visit-montenegro.com\/de\/reiseziele\/kotor\/info\/straende\/\" \/>\n<meta property=\"og:locale\" content=\"de_DE\" \/>\n<meta property=\"og:type\" content=\"article\" \/>\n<meta property=\"og:title\" content=\"Kotor Str\u00e4nde - Visit Montenegro\" \/>\n<meta property=\"og:description\" content=\"Entdecken Sie intime Kotor Str\u00e4nde mit charmanten Pontons und malerischen Orten. Planen Sie Ihre Reise, um entspannte K\u00fcstenhighlights und versteckte Juwelen zu genie\u00dfen.\" \/>\n<meta property=\"og:url\" content=\"https:\/\/www.visit-montenegro.com\/de\/reiseziele\/kotor\/info\/straende\/\" \/>\n<meta property=\"og:site_name\" content=\"Visit Montenegro\" \/>\n<meta property=\"article:publisher\" content=\"https:\/\/www.facebook.com\/visitmontenegro\" \/>\n<meta property=\"article:modified_time\" content=\"2026-02-22T16:17:57+00:00\" \/>\n<meta property=\"og:image\" content=\"https:\/\/www.visit-montenegro.com\/wp-content\/uploads\/2026\/02\/Depositphotos_340974166_XL-scaled.jpg\" \/>\n\t<meta property=\"og:image:width\" content=\"1600\" \/>\n\t<meta property=\"og:image:height\" content=\"1067\" \/>\n\t<meta property=\"og:image:type\" content=\"image\/jpeg\" \/>\n<meta name=\"twitter:card\" content=\"summary_large_image\" \/>\n<meta name=\"twitter:site\" content=\"@visitmontenegro\" \/>\n<meta name=\"twitter:label1\" content=\"Gesch\u00e4tzte Lesezeit\" \/>\n\t<meta name=\"twitter:data1\" content=\"1\u00a0Minute\" \/>\n<script type=\"application\/ld+json\" class=\"yoast-schema-graph\">{\"@context\":\"https:\\\/\\\/schema.org\",\"@graph\":[{\"@type\":\"WebPage\",\"@id\":\"https:\\\/\\\/www.visit-montenegro.com\\\/de\\\/reiseziele\\\/kotor\\\/info\\\/straende\\\/\",\"url\":\"https:\\\/\\\/www.visit-montenegro.com\\\/de\\\/reiseziele\\\/kotor\\\/info\\\/straende\\\/\",\"name\":\"Kotor Str\u00e4nde - Visit Montenegro\",\"isPartOf\":{\"@id\":\"https:\\\/\\\/www.visit-montenegro.com\\\/de\\\/#website\"},\"primaryImageOfPage\":{\"@id\":\"https:\\\/\\\/www.visit-montenegro.com\\\/de\\\/reiseziele\\\/kotor\\\/info\\\/straende\\\/#primaryimage\"},\"image\":{\"@id\":\"https:\\\/\\\/www.visit-montenegro.com\\\/de\\\/reiseziele\\\/kotor\\\/info\\\/straende\\\/#primaryimage\"},\"thumbnailUrl\":\"https:\\\/\\\/www.visit-montenegro.com\\\/wp-content\\\/uploads\\\/2026\\\/02\\\/Depositphotos_340974166_XL-scaled.jpg\",\"datePublished\":\"2026-01-27T20:44:31+00:00\",\"dateModified\":\"2026-02-22T16:17:57+00:00\",\"description\":\"Entdecken Sie intime Kotor Str\u00e4nde mit charmanten Pontons und malerischen Orten. Planen Sie Ihre Reise, um entspannte K\u00fcstenhighlights und versteckte Juwelen zu genie\u00dfen.\",\"breadcrumb\":{\"@id\":\"https:\\\/\\\/www.visit-montenegro.com\\\/de\\\/reiseziele\\\/kotor\\\/info\\\/straende\\\/#breadcrumb\"},\"inLanguage\":\"de\",\"potentialAction\":[{\"@type\":\"ReadAction\",\"target\":[\"https:\\\/\\\/www.visit-montenegro.com\\\/de\\\/reiseziele\\\/kotor\\\/info\\\/straende\\\/\"]}]},{\"@type\":\"ImageObject\",\"inLanguage\":\"de\",\"@id\":\"https:\\\/\\\/www.visit-montenegro.com\\\/de\\\/reiseziele\\\/kotor\\\/info\\\/straende\\\/#primaryimage\",\"url\":\"https:\\\/\\\/www.visit-montenegro.com\\\/wp-content\\\/uploads\\\/2026\\\/02\\\/Depositphotos_340974166_XL-scaled.jpg\",\"contentUrl\":\"https:\\\/\\\/www.visit-montenegro.com\\\/wp-content\\\/uploads\\\/2026\\\/02\\\/Depositphotos_340974166_XL-scaled.jpg\",\"width\":1600,\"height\":1067},{\"@type\":\"BreadcrumbList\",\"@id\":\"https:\\\/\\\/www.visit-montenegro.com\\\/de\\\/reiseziele\\\/kotor\\\/info\\\/straende\\\/#breadcrumb\",\"itemListElement\":[{\"@type\":\"ListItem\",\"position\":1,\"name\":\"Home\",\"item\":\"https:\\\/\\\/www.visit-montenegro.com\\\/de\\\/home\\\/\"},{\"@type\":\"ListItem\",\"position\":2,\"name\":\"Reiseziele in Montenegro\",\"item\":\"https:\\\/\\\/www.visit-montenegro.com\\\/de\\\/reiseziele\\\/\"},{\"@type\":\"ListItem\",\"position\":3,\"name\":\"Kotor\",\"item\":\"https:\\\/\\\/www.visit-montenegro.com\\\/de\\\/reiseziele\\\/kotor\\\/\"},{\"@type\":\"ListItem\",\"position\":4,\"name\":\"Mehr \u00fcber Kotor\",\"item\":\"https:\\\/\\\/www.visit-montenegro.com\\\/de\\\/reiseziele\\\/kotor\\\/info\\\/\"},{\"@type\":\"ListItem\",\"position\":5,\"name\":\"Kotor Str\u00e4nde\"}]},{\"@type\":\"WebSite\",\"@id\":\"https:\\\/\\\/www.visit-montenegro.com\\\/de\\\/#website\",\"url\":\"https:\\\/\\\/www.visit-montenegro.com\\\/de\\\/\",\"name\":\"Visit Montenegro\",\"description\":\"Breathtaking beauty\",\"publisher\":{\"@id\":\"https:\\\/\\\/www.visit-montenegro.com\\\/de\\\/#organization\"},\"potentialAction\":[{\"@type\":\"SearchAction\",\"target\":{\"@type\":\"EntryPoint\",\"urlTemplate\":\"https:\\\/\\\/www.visit-montenegro.com\\\/de\\\/?s={search_term_string}\"},\"query-input\":{\"@type\":\"PropertyValueSpecification\",\"valueRequired\":true,\"valueName\":\"search_term_string\"}}],\"inLanguage\":\"de\"},{\"@type\":\"Organization\",\"@id\":\"https:\\\/\\\/www.visit-montenegro.com\\\/de\\\/#organization\",\"name\":\"Visit Montenegro\",\"url\":\"https:\\\/\\\/www.visit-montenegro.com\\\/de\\\/\",\"logo\":{\"@type\":\"ImageObject\",\"inLanguage\":\"de\",\"@id\":\"https:\\\/\\\/www.visit-montenegro.com\\\/de\\\/#\\\/schema\\\/logo\\\/image\\\/\",\"url\":\"https:\\\/\\\/www.visit-montenegro.com\\\/wp-content\\\/uploads\\\/2017\\\/10\\\/logo-amp.png\",\"contentUrl\":\"https:\\\/\\\/www.visit-montenegro.com\\\/wp-content\\\/uploads\\\/2017\\\/10\\\/logo-amp.png\",\"width\":190,\"height\":36,\"caption\":\"Visit Montenegro\"},\"image\":{\"@id\":\"https:\\\/\\\/www.visit-montenegro.com\\\/de\\\/#\\\/schema\\\/logo\\\/image\\\/\"},\"sameAs\":[\"https:\\\/\\\/www.facebook.com\\\/visitmontenegro\",\"https:\\\/\\\/x.com\\\/visitmontenegro\",\"https:\\\/\\\/www.instagram.com\\\/visit_montenegro\\\/\",\"https:\\\/\\\/www.youtube.com\\\/user\\\/VisitMontenegro\"]}]}<\/script>\n<!-- \/ Yoast SEO plugin. -->","yoast_head_json":{"title":"Kotor Str\u00e4nde - Visit Montenegro","description":"Entdecken Sie intime Kotor Str\u00e4nde mit charmanten Pontons und malerischen Orten. Planen Sie Ihre Reise, um entspannte K\u00fcstenhighlights und versteckte Juwelen zu genie\u00dfen.","robots":{"index":"index","follow":"follow","max-snippet":"max-snippet:-1","max-image-preview":"max-image-preview:large","max-video-preview":"max-video-preview:-1"},"canonical":"https:\/\/www.visit-montenegro.com\/de\/reiseziele\/kotor\/info\/straende\/","og_locale":"de_DE","og_type":"article","og_title":"Kotor Str\u00e4nde - Visit Montenegro","og_description":"Entdecken Sie intime Kotor Str\u00e4nde mit charmanten Pontons und malerischen Orten. Planen Sie Ihre Reise, um entspannte K\u00fcstenhighlights und versteckte Juwelen zu genie\u00dfen.","og_url":"https:\/\/www.visit-montenegro.com\/de\/reiseziele\/kotor\/info\/straende\/","og_site_name":"Visit Montenegro","article_publisher":"https:\/\/www.facebook.com\/visitmontenegro","article_modified_time":"2026-02-22T16:17:57+00:00","og_image":[{"width":1600,"height":1067,"url":"https:\/\/www.visit-montenegro.com\/wp-content\/uploads\/2026\/02\/Depositphotos_340974166_XL-scaled.jpg","type":"image\/jpeg"}],"twitter_card":"summary_large_image","twitter_site":"@visitmontenegro","twitter_misc":{"Gesch\u00e4tzte Lesezeit":"1\u00a0Minute"},"schema":{"@context":"https:\/\/schema.org","@graph":[{"@type":"WebPage","@id":"https:\/\/www.visit-montenegro.com\/de\/reiseziele\/kotor\/info\/straende\/","url":"https:\/\/www.visit-montenegro.com\/de\/reiseziele\/kotor\/info\/straende\/","name":"Kotor Str\u00e4nde - Visit Montenegro","isPartOf":{"@id":"https:\/\/www.visit-montenegro.com\/de\/#website"},"primaryImageOfPage":{"@id":"https:\/\/www.visit-montenegro.com\/de\/reiseziele\/kotor\/info\/straende\/#primaryimage"},"image":{"@id":"https:\/\/www.visit-montenegro.com\/de\/reiseziele\/kotor\/info\/straende\/#primaryimage"},"thumbnailUrl":"https:\/\/www.visit-montenegro.com\/wp-content\/uploads\/2026\/02\/Depositphotos_340974166_XL-scaled.jpg","datePublished":"2026-01-27T20:44:31+00:00","dateModified":"2026-02-22T16:17:57+00:00","description":"Entdecken Sie intime Kotor Str\u00e4nde mit charmanten Pontons und malerischen Orten. Planen Sie Ihre Reise, um entspannte K\u00fcstenhighlights und versteckte Juwelen zu genie\u00dfen.","breadcrumb":{"@id":"https:\/\/www.visit-montenegro.com\/de\/reiseziele\/kotor\/info\/straende\/#breadcrumb"},"inLanguage":"de","potentialAction":[{"@type":"ReadAction","target":["https:\/\/www.visit-montenegro.com\/de\/reiseziele\/kotor\/info\/straende\/"]}]},{"@type":"ImageObject","inLanguage":"de","@id":"https:\/\/www.visit-montenegro.com\/de\/reiseziele\/kotor\/info\/straende\/#primaryimage","url":"https:\/\/www.visit-montenegro.com\/wp-content\/uploads\/2026\/02\/Depositphotos_340974166_XL-scaled.jpg","contentUrl":"https:\/\/www.visit-montenegro.com\/wp-content\/uploads\/2026\/02\/Depositphotos_340974166_XL-scaled.jpg","width":1600,"height":1067},{"@type":"BreadcrumbList","@id":"https:\/\/www.visit-montenegro.com\/de\/reiseziele\/kotor\/info\/straende\/#breadcrumb","itemListElement":[{"@type":"ListItem","position":1,"name":"Home","item":"https:\/\/www.visit-montenegro.com\/de\/home\/"},{"@type":"ListItem","position":2,"name":"Reiseziele in Montenegro","item":"https:\/\/www.visit-montenegro.com\/de\/reiseziele\/"},{"@type":"ListItem","position":3,"name":"Kotor","item":"https:\/\/www.visit-montenegro.com\/de\/reiseziele\/kotor\/"},{"@type":"ListItem","position":4,"name":"Mehr \u00fcber Kotor","item":"https:\/\/www.visit-montenegro.com\/de\/reiseziele\/kotor\/info\/"},{"@type":"ListItem","position":5,"name":"Kotor Str\u00e4nde"}]},{"@type":"WebSite","@id":"https:\/\/www.visit-montenegro.com\/de\/#website","url":"https:\/\/www.visit-montenegro.com\/de\/","name":"Visit Montenegro","description":"Breathtaking beauty","publisher":{"@id":"https:\/\/www.visit-montenegro.com\/de\/#organization"},"potentialAction":[{"@type":"SearchAction","target":{"@type":"EntryPoint","urlTemplate":"https:\/\/www.visit-montenegro.com\/de\/?s={search_term_string}"},"query-input":{"@type":"PropertyValueSpecification","valueRequired":true,"valueName":"search_term_string"}}],"inLanguage":"de"},{"@type":"Organization","@id":"https:\/\/www.visit-montenegro.com\/de\/#organization","name":"Visit Montenegro","url":"https:\/\/www.visit-montenegro.com\/de\/","logo":{"@type":"ImageObject","inLanguage":"de","@id":"https:\/\/www.visit-montenegro.com\/de\/#\/schema\/logo\/image\/","url":"https:\/\/www.visit-montenegro.com\/wp-content\/uploads\/2017\/10\/logo-amp.png","contentUrl":"https:\/\/www.visit-montenegro.com\/wp-content\/uploads\/2017\/10\/logo-amp.png","width":190,"height":36,"caption":"Visit Montenegro"},"image":{"@id":"https:\/\/www.visit-montenegro.com\/de\/#\/schema\/logo\/image\/"},"sameAs":["https:\/\/www.facebook.com\/visitmontenegro","https:\/\/x.com\/visitmontenegro","https:\/\/www.instagram.com\/visit_montenegro\/","https:\/\/www.youtube.com\/user\/VisitMontenegro"]}]}},"translations":[],"_links":{"self":[{"href":"https:\/\/www.visit-montenegro.com\/de\/wp-json\/wp\/v2\/pages\/134145","targetHints":{"allow":["GET"]}}],"collection":[{"href":"https:\/\/www.visit-montenegro.com\/de\/wp-json\/wp\/v2\/pages"}],"about":[{"href":"https:\/\/www.visit-montenegro.com\/de\/wp-json\/wp\/v2\/types\/page"}],"author":[{"embeddable":true,"href":"https:\/\/www.visit-montenegro.com\/de\/wp-json\/wp\/v2\/users\/1"}],"replies":[{"embeddable":true,"href":"https:\/\/www.visit-montenegro.com\/de\/wp-json\/wp\/v2\/comments?post=134145"}],"version-history":[{"count":0,"href":"https:\/\/www.visit-montenegro.com\/de\/wp-json\/wp\/v2\/pages\/134145\/revisions"}],"up":[{"embeddable":true,"href":"https:\/\/www.visit-montenegro.com\/de\/wp-json\/wp\/v2\/pages\/134133"}],"wp:featuredmedia":[{"embeddable":true,"href":"https:\/\/www.visit-montenegro.com\/de\/wp-json\/wp\/v2\/media\/134146"}],"wp:attachment":[{"href":"https:\/\/www.visit-montenegro.com\/de\/wp-json\/wp\/v2\/media?parent=134145"}],"wp:term":[{"taxonomy":"post_tag","embeddable":true,"href":"https:\/\/www.visit-montenegro.com\/de\/wp-json\/wp\/v2\/tags?post=134145"}],"curies":[{"name":"wp","href":"https:\/\/api.w.org\/{rel}","templated":true}]}}