{"id":134151,"date":"2026-01-27T21:44:31","date_gmt":"2026-01-27T20:44:31","guid":{"rendered":"https:\/\/new.visit-montenegro.com\/ziele\/kotor__trashed\/info\/nachtclubs\/"},"modified":"2026-02-22T17:17:57","modified_gmt":"2026-02-22T16:17:57","slug":"nachtclubs","status":"publish","type":"page","link":"https:\/\/www.visit-montenegro.com\/de\/reiseziele\/kotor\/info\/nachtclubs\/","title":{"rendered":"Kotor Nachtclubs"},"content":{"rendered":"\n<p>Montenegros <a href=\"https:\/\/www.visit-montenegro.com\/de\/reiseziele\/kotor\/\">Kotor<\/a> bietet vielf\u00e4ltiges Nachtleben von energiegeladenen Clubs bis zu intimen Jazz-Bars, die jeweils einzigartige Erlebnisse f\u00fcr Besucher bieten, die Abendunterhaltung suchen.<\/p>\n\n<hr class=\"wp-block-separator has-alpha-channel-opacity\"\/>\n\n<h2 class=\"wp-block-heading\">Energiegeladene Nachtclubs in Kotor<\/h2>\n\n<h3 class=\"wp-block-heading\">MAXIMUS<\/h3>\n\n<p>Wenn Sie ein Partytier sind, das sich vom Rhythmus mitrei\u00dfen l\u00e4sst, ziehen Sie Ihre Tanzschuhe an und kommen Sie zu <strong>Kotor Nachtclubs<\/strong> wie Maximus. <strong>Schlie\u00dfen Sie sich etwa 4.000 tanzenden Menschen an<\/strong>, die die Nacht im Takt der Discomusik verbringen. Internationale DJs heizen die Stimmung an und Hunderte von Lichtern und Videoscreens lassen Sie die antiquierte Atmosph\u00e4re und charmante Einrichtung aufsaugen, w\u00e4hrend Sie die Tanzfl\u00e4che rocken, tanzen und Spa\u00df haben. Der Eintritt ist erschwinglich und die Getr\u00e4nke auch! Mehr Infos unter: <a href=\"http:\/\/discomaximus.me\/\" target=\"_blank\">discomaximus.me<\/a><\/p>\n\n<figure class=\"wp-block-image size-full\"><img loading=\"lazy\" decoding=\"async\" width=\"960\" height=\"640\" src=\"https:\/\/www.visit-montenegro.com\/wp-content\/uploads\/2026\/02\/kotor-maximus.jpg\" alt=\"\" class=\"wp-image-133407\" srcset=\"https:\/\/www.visit-montenegro.com\/wp-content\/uploads\/2026\/02\/kotor-maximus.jpg 960w, https:\/\/www.visit-montenegro.com\/wp-content\/uploads\/2026\/02\/kotor-maximus-300x200.jpg 300w, https:\/\/www.visit-montenegro.com\/wp-content\/uploads\/2026\/02\/kotor-maximus-768x512.jpg 768w\" sizes=\"auto, (max-width: 960px) 100vw, 960px\" \/><\/figure>\n\n<h3 class=\"wp-block-heading\">Secondo Porto<\/h3>\n\n<p>Secondo Porto ist ein Nachtclub, der fast am Wasser gelegen ist, in der N\u00e4he der Altstadt von Kotor. Seine T\u00fcren sind von 23 Uhr bis 5 Uhr morgens ge\u00f6ffnet. Der Club ist immer voll, weil <strong>hier grenzenloser Spa\u00df zu Hause ist<\/strong>. Er organisiert Live-Auftritte ber\u00fchmter DJs auf der gro\u00dfen Schiff-B\u00fchne, die aus einem Wasserfall aus Lichtern auftaucht. Einzigartige Atmosph\u00e4re, einzigartiges und unvergessliches Erlebnis warten \u2013 verpassen Sie es nicht!<\/p>\n\n<h2 class=\"wp-block-heading\">Intime Bars und Jazz-Venues<\/h2>\n\n<h3 class=\"wp-block-heading\">LETRIKA<\/h3>\n\n<p>Niemand w\u00fcrde sagen, dass ein kleines authentisches Caf\u00e9, versteckt in den engen Gassen der <a href=\"https:\/\/www.visit-montenegro.com\/de\/reiseziele\/kotor\/sehenswuerdigkeiten\/old-town-kotor\/\">Kotor Altstadt<\/a>, wo tags\u00fcber m\u00fcde Touristen tr\u00e4ge an ihrem Kaffee nippen, sich nachts in eine <a href=\"https:\/\/www.visit-montenegro.com\/de\/reiseziele\/bar\/\">Bar<\/a> verwandelt. Tags\u00fcber ist Letrika ein ruhiger Ort f\u00fcr ein stilles Getr\u00e4nk in einer Seitengasse. An Sommerabenden f\u00fcllt sich die Gasse mit jungen Leuten, die tanzen und Lectrica-Cocktails schl\u00fcrfen, w\u00e4hrend sie <strong>DJs zuh\u00f6ren<\/strong>, die drau\u00dfen auftreten. Gute Zeiten sind garantiert. Mehr Infos unter: <a href=\"https:\/\/www.facebook.com\/artbarletrika\/\" target=\"_blank\">Letrika Facebook-Seite<\/a><\/p>\n\n<figure class=\"wp-block-image size-full\"><img loading=\"lazy\" decoding=\"async\" width=\"1024\" height=\"1024\" src=\"https:\/\/www.visit-montenegro.com\/wp-content\/uploads\/2026\/02\/kotor-letrika.jpg\" alt=\"\" class=\"wp-image-133409\" srcset=\"https:\/\/www.visit-montenegro.com\/wp-content\/uploads\/2026\/02\/kotor-letrika.jpg 1024w, https:\/\/www.visit-montenegro.com\/wp-content\/uploads\/2026\/02\/kotor-letrika-300x300.jpg 300w, https:\/\/www.visit-montenegro.com\/wp-content\/uploads\/2026\/02\/kotor-letrika-150x150.jpg 150w, https:\/\/www.visit-montenegro.com\/wp-content\/uploads\/2026\/02\/kotor-letrika-768x768.jpg 768w\" sizes=\"auto, (max-width: 1024px) 100vw, 1024px\" \/><\/figure>\n\n<h3 class=\"wp-block-heading\">Jazz Club Evergreen<\/h3>\n\n<p>Keine Lichtstrahlen, keine Menschenmassen, kein Wackeln, kein Clubbing\u2026 Nur Finger-Schnippen und Nicken, w\u00e4hrend Sie der sanften Jazzmelodie folgen. Jazz Club Evergreen, der Live-Auftritte von <strong>internationalen und lokalen Jazzmusikern<\/strong> veranstaltet, ist der Ort, um Ihre Finger schnippen zu lassen. In der warmen und gem\u00fctlichen Atmosph\u00e4re voller musikalischer Sammlerst\u00fccke ist dies das ideale Versteck f\u00fcr alle, die den friedlichen Genuss improvisierter Jazzdarbietungen suchen. Mehr Infos unter: <a href=\"https:\/\/www.facebook.com\/Jazz-Club-Evergreen-596114194238047\/\" target=\"_blank\">Jazz Club Evergreen Facebook-Seite<\/a><\/p>\n\n<figure class=\"wp-block-image size-full\"><img loading=\"lazy\" decoding=\"async\" width=\"960\" height=\"720\" src=\"https:\/\/www.visit-montenegro.com\/wp-content\/uploads\/2026\/02\/kotor-evergreen.jpg\" alt=\"\" class=\"wp-image-133410\" srcset=\"https:\/\/www.visit-montenegro.com\/wp-content\/uploads\/2026\/02\/kotor-evergreen.jpg 960w, https:\/\/www.visit-montenegro.com\/wp-content\/uploads\/2026\/02\/kotor-evergreen-300x225.jpg 300w, https:\/\/www.visit-montenegro.com\/wp-content\/uploads\/2026\/02\/kotor-evergreen-768x576.jpg 768w\" sizes=\"auto, (max-width: 960px) 100vw, 960px\" \/><\/figure>\n","protected":false},"excerpt":{"rendered":"<p>Entdecken Sie Kotor&#8217;s lebendige Nachtleben-Szene, von energiegeladenen Clubs wie Maximus und Secondo Porto bis zu intimen Bars wie Letrika und Jazz Club Evergreen. Jeder Ort bietet eine einzigartige Atmosph\u00e4re und garantiert unvergessliche Abende f\u00fcr jeden Besuchertyp.<\/p>\n","protected":false},"author":1,"featured_media":134152,"parent":134133,"menu_order":0,"comment_status":"closed","ping_status":"closed","template":"","meta":{"_yoast_wpseo_focuskw":"Kotor Nachtclubs","_yoast_wpseo_metadesc":"Entdecken Sie Kotor's beste Nachtclubs und Bars, von lebhaften Tanzlokalen bis zu gem\u00fctlichen Jazz-Venues. Finden Sie den perfekten Ort f\u00fcr Ihren Abend in Montenegros historischer Stadt.","_kad_post_transparent":"","_kad_post_title":"","_kad_post_layout":"","_kad_post_sidebar_id":"","_kad_post_content_style":"","_kad_post_vertical_padding":"","_kad_post_feature":"","_kad_post_feature_position":"","_kad_post_header":false,"_kad_post_footer":false,"_kad_post_classname":"","iawp_total_views":4,"footnotes":""},"tags":[140,52,139,62,141,76],"class_list":["post-134151","page","type-page","status-publish","has-post-thumbnail","hentry","tag-crna-gora","tag-montenegro","tag-news","tag-tourism","tag-travel","tag-visit"],"yoast_head":"<!-- This site is optimized with the Yoast SEO plugin v27.3 - https:\/\/yoast.com\/product\/yoast-seo-wordpress\/ -->\n<title>Kotor Nachtclubs - Visit Montenegro<\/title>\n<meta name=\"description\" content=\"Entdecken Sie Kotor&#039;s beste Nachtclubs und Bars, von lebhaften Tanzlokalen bis zu gem\u00fctlichen Jazz-Venues. Finden Sie den perfekten Ort f\u00fcr Ihren Abend in Montenegros historischer Stadt.\" \/>\n<meta name=\"robots\" content=\"index, follow, max-snippet:-1, max-image-preview:large, max-video-preview:-1\" \/>\n<link rel=\"canonical\" href=\"https:\/\/www.visit-montenegro.com\/de\/reiseziele\/kotor\/info\/nachtclubs\/\" \/>\n<meta property=\"og:locale\" content=\"de_DE\" \/>\n<meta property=\"og:type\" content=\"article\" \/>\n<meta property=\"og:title\" content=\"Kotor Nachtclubs - Visit Montenegro\" \/>\n<meta property=\"og:description\" content=\"Entdecken Sie Kotor&#039;s beste Nachtclubs und Bars, von lebhaften Tanzlokalen bis zu gem\u00fctlichen Jazz-Venues. Finden Sie den perfekten Ort f\u00fcr Ihren Abend in Montenegros historischer Stadt.\" \/>\n<meta property=\"og:url\" content=\"https:\/\/www.visit-montenegro.com\/de\/reiseziele\/kotor\/info\/nachtclubs\/\" \/>\n<meta property=\"og:site_name\" content=\"Visit Montenegro\" \/>\n<meta property=\"article:publisher\" content=\"https:\/\/www.facebook.com\/visitmontenegro\" \/>\n<meta property=\"article:modified_time\" content=\"2026-02-22T16:17:57+00:00\" \/>\n<meta property=\"og:image\" content=\"https:\/\/www.visit-montenegro.com\/wp-content\/uploads\/2026\/01\/night-club-scaled.jpg\" \/>\n\t<meta property=\"og:image:width\" content=\"1600\" \/>\n\t<meta property=\"og:image:height\" content=\"1067\" \/>\n\t<meta property=\"og:image:type\" content=\"image\/jpeg\" \/>\n<meta name=\"twitter:card\" content=\"summary_large_image\" \/>\n<meta name=\"twitter:site\" content=\"@visitmontenegro\" \/>\n<meta name=\"twitter:label1\" content=\"Gesch\u00e4tzte Lesezeit\" \/>\n\t<meta name=\"twitter:data1\" content=\"2\u00a0Minuten\" \/>\n<script type=\"application\/ld+json\" class=\"yoast-schema-graph\">{\"@context\":\"https:\\\/\\\/schema.org\",\"@graph\":[{\"@type\":\"WebPage\",\"@id\":\"https:\\\/\\\/www.visit-montenegro.com\\\/de\\\/reiseziele\\\/kotor\\\/info\\\/nachtclubs\\\/\",\"url\":\"https:\\\/\\\/www.visit-montenegro.com\\\/de\\\/reiseziele\\\/kotor\\\/info\\\/nachtclubs\\\/\",\"name\":\"Kotor Nachtclubs - Visit Montenegro\",\"isPartOf\":{\"@id\":\"https:\\\/\\\/www.visit-montenegro.com\\\/de\\\/#website\"},\"primaryImageOfPage\":{\"@id\":\"https:\\\/\\\/www.visit-montenegro.com\\\/de\\\/reiseziele\\\/kotor\\\/info\\\/nachtclubs\\\/#primaryimage\"},\"image\":{\"@id\":\"https:\\\/\\\/www.visit-montenegro.com\\\/de\\\/reiseziele\\\/kotor\\\/info\\\/nachtclubs\\\/#primaryimage\"},\"thumbnailUrl\":\"https:\\\/\\\/www.visit-montenegro.com\\\/wp-content\\\/uploads\\\/2026\\\/01\\\/night-club-scaled.jpg\",\"datePublished\":\"2026-01-27T20:44:31+00:00\",\"dateModified\":\"2026-02-22T16:17:57+00:00\",\"description\":\"Entdecken Sie Kotor's beste Nachtclubs und Bars, von lebhaften Tanzlokalen bis zu gem\u00fctlichen Jazz-Venues. Finden Sie den perfekten Ort f\u00fcr Ihren Abend in Montenegros historischer Stadt.\",\"breadcrumb\":{\"@id\":\"https:\\\/\\\/www.visit-montenegro.com\\\/de\\\/reiseziele\\\/kotor\\\/info\\\/nachtclubs\\\/#breadcrumb\"},\"inLanguage\":\"de\",\"potentialAction\":[{\"@type\":\"ReadAction\",\"target\":[\"https:\\\/\\\/www.visit-montenegro.com\\\/de\\\/reiseziele\\\/kotor\\\/info\\\/nachtclubs\\\/\"]}]},{\"@type\":\"ImageObject\",\"inLanguage\":\"de\",\"@id\":\"https:\\\/\\\/www.visit-montenegro.com\\\/de\\\/reiseziele\\\/kotor\\\/info\\\/nachtclubs\\\/#primaryimage\",\"url\":\"https:\\\/\\\/www.visit-montenegro.com\\\/wp-content\\\/uploads\\\/2026\\\/01\\\/night-club-scaled.jpg\",\"contentUrl\":\"https:\\\/\\\/www.visit-montenegro.com\\\/wp-content\\\/uploads\\\/2026\\\/01\\\/night-club-scaled.jpg\",\"width\":1600,\"height\":1067,\"caption\":\"Portr\u00e4t einer fr\u00f6hlichen tanzenden Menge, die auf einem Musikfestival genie\u00dft\"},{\"@type\":\"BreadcrumbList\",\"@id\":\"https:\\\/\\\/www.visit-montenegro.com\\\/de\\\/reiseziele\\\/kotor\\\/info\\\/nachtclubs\\\/#breadcrumb\",\"itemListElement\":[{\"@type\":\"ListItem\",\"position\":1,\"name\":\"Home\",\"item\":\"https:\\\/\\\/www.visit-montenegro.com\\\/de\\\/home\\\/\"},{\"@type\":\"ListItem\",\"position\":2,\"name\":\"Reiseziele in Montenegro\",\"item\":\"https:\\\/\\\/www.visit-montenegro.com\\\/de\\\/reiseziele\\\/\"},{\"@type\":\"ListItem\",\"position\":3,\"name\":\"Kotor\",\"item\":\"https:\\\/\\\/www.visit-montenegro.com\\\/de\\\/reiseziele\\\/kotor\\\/\"},{\"@type\":\"ListItem\",\"position\":4,\"name\":\"Mehr \u00fcber Kotor\",\"item\":\"https:\\\/\\\/www.visit-montenegro.com\\\/de\\\/reiseziele\\\/kotor\\\/info\\\/\"},{\"@type\":\"ListItem\",\"position\":5,\"name\":\"Kotor Nachtclubs\"}]},{\"@type\":\"WebSite\",\"@id\":\"https:\\\/\\\/www.visit-montenegro.com\\\/de\\\/#website\",\"url\":\"https:\\\/\\\/www.visit-montenegro.com\\\/de\\\/\",\"name\":\"Visit Montenegro\",\"description\":\"Breathtaking beauty\",\"publisher\":{\"@id\":\"https:\\\/\\\/www.visit-montenegro.com\\\/de\\\/#organization\"},\"potentialAction\":[{\"@type\":\"SearchAction\",\"target\":{\"@type\":\"EntryPoint\",\"urlTemplate\":\"https:\\\/\\\/www.visit-montenegro.com\\\/de\\\/?s={search_term_string}\"},\"query-input\":{\"@type\":\"PropertyValueSpecification\",\"valueRequired\":true,\"valueName\":\"search_term_string\"}}],\"inLanguage\":\"de\"},{\"@type\":\"Organization\",\"@id\":\"https:\\\/\\\/www.visit-montenegro.com\\\/de\\\/#organization\",\"name\":\"Visit Montenegro\",\"url\":\"https:\\\/\\\/www.visit-montenegro.com\\\/de\\\/\",\"logo\":{\"@type\":\"ImageObject\",\"inLanguage\":\"de\",\"@id\":\"https:\\\/\\\/www.visit-montenegro.com\\\/de\\\/#\\\/schema\\\/logo\\\/image\\\/\",\"url\":\"https:\\\/\\\/www.visit-montenegro.com\\\/wp-content\\\/uploads\\\/2017\\\/10\\\/logo-amp.png\",\"contentUrl\":\"https:\\\/\\\/www.visit-montenegro.com\\\/wp-content\\\/uploads\\\/2017\\\/10\\\/logo-amp.png\",\"width\":190,\"height\":36,\"caption\":\"Visit Montenegro\"},\"image\":{\"@id\":\"https:\\\/\\\/www.visit-montenegro.com\\\/de\\\/#\\\/schema\\\/logo\\\/image\\\/\"},\"sameAs\":[\"https:\\\/\\\/www.facebook.com\\\/visitmontenegro\",\"https:\\\/\\\/x.com\\\/visitmontenegro\",\"https:\\\/\\\/www.instagram.com\\\/visit_montenegro\\\/\",\"https:\\\/\\\/www.youtube.com\\\/user\\\/VisitMontenegro\"]}]}<\/script>\n<!-- \/ Yoast SEO plugin. -->","yoast_head_json":{"title":"Kotor Nachtclubs - Visit Montenegro","description":"Entdecken Sie Kotor's beste Nachtclubs und Bars, von lebhaften Tanzlokalen bis zu gem\u00fctlichen Jazz-Venues. Finden Sie den perfekten Ort f\u00fcr Ihren Abend in Montenegros historischer Stadt.","robots":{"index":"index","follow":"follow","max-snippet":"max-snippet:-1","max-image-preview":"max-image-preview:large","max-video-preview":"max-video-preview:-1"},"canonical":"https:\/\/www.visit-montenegro.com\/de\/reiseziele\/kotor\/info\/nachtclubs\/","og_locale":"de_DE","og_type":"article","og_title":"Kotor Nachtclubs - Visit Montenegro","og_description":"Entdecken Sie Kotor's beste Nachtclubs und Bars, von lebhaften Tanzlokalen bis zu gem\u00fctlichen Jazz-Venues. Finden Sie den perfekten Ort f\u00fcr Ihren Abend in Montenegros historischer Stadt.","og_url":"https:\/\/www.visit-montenegro.com\/de\/reiseziele\/kotor\/info\/nachtclubs\/","og_site_name":"Visit Montenegro","article_publisher":"https:\/\/www.facebook.com\/visitmontenegro","article_modified_time":"2026-02-22T16:17:57+00:00","og_image":[{"width":1600,"height":1067,"url":"https:\/\/www.visit-montenegro.com\/wp-content\/uploads\/2026\/01\/night-club-scaled.jpg","type":"image\/jpeg"}],"twitter_card":"summary_large_image","twitter_site":"@visitmontenegro","twitter_misc":{"Gesch\u00e4tzte Lesezeit":"2\u00a0Minuten"},"schema":{"@context":"https:\/\/schema.org","@graph":[{"@type":"WebPage","@id":"https:\/\/www.visit-montenegro.com\/de\/reiseziele\/kotor\/info\/nachtclubs\/","url":"https:\/\/www.visit-montenegro.com\/de\/reiseziele\/kotor\/info\/nachtclubs\/","name":"Kotor Nachtclubs - Visit Montenegro","isPartOf":{"@id":"https:\/\/www.visit-montenegro.com\/de\/#website"},"primaryImageOfPage":{"@id":"https:\/\/www.visit-montenegro.com\/de\/reiseziele\/kotor\/info\/nachtclubs\/#primaryimage"},"image":{"@id":"https:\/\/www.visit-montenegro.com\/de\/reiseziele\/kotor\/info\/nachtclubs\/#primaryimage"},"thumbnailUrl":"https:\/\/www.visit-montenegro.com\/wp-content\/uploads\/2026\/01\/night-club-scaled.jpg","datePublished":"2026-01-27T20:44:31+00:00","dateModified":"2026-02-22T16:17:57+00:00","description":"Entdecken Sie Kotor's beste Nachtclubs und Bars, von lebhaften Tanzlokalen bis zu gem\u00fctlichen Jazz-Venues. Finden Sie den perfekten Ort f\u00fcr Ihren Abend in Montenegros historischer Stadt.","breadcrumb":{"@id":"https:\/\/www.visit-montenegro.com\/de\/reiseziele\/kotor\/info\/nachtclubs\/#breadcrumb"},"inLanguage":"de","potentialAction":[{"@type":"ReadAction","target":["https:\/\/www.visit-montenegro.com\/de\/reiseziele\/kotor\/info\/nachtclubs\/"]}]},{"@type":"ImageObject","inLanguage":"de","@id":"https:\/\/www.visit-montenegro.com\/de\/reiseziele\/kotor\/info\/nachtclubs\/#primaryimage","url":"https:\/\/www.visit-montenegro.com\/wp-content\/uploads\/2026\/01\/night-club-scaled.jpg","contentUrl":"https:\/\/www.visit-montenegro.com\/wp-content\/uploads\/2026\/01\/night-club-scaled.jpg","width":1600,"height":1067,"caption":"Portr\u00e4t einer fr\u00f6hlichen tanzenden Menge, die auf einem Musikfestival genie\u00dft"},{"@type":"BreadcrumbList","@id":"https:\/\/www.visit-montenegro.com\/de\/reiseziele\/kotor\/info\/nachtclubs\/#breadcrumb","itemListElement":[{"@type":"ListItem","position":1,"name":"Home","item":"https:\/\/www.visit-montenegro.com\/de\/home\/"},{"@type":"ListItem","position":2,"name":"Reiseziele in Montenegro","item":"https:\/\/www.visit-montenegro.com\/de\/reiseziele\/"},{"@type":"ListItem","position":3,"name":"Kotor","item":"https:\/\/www.visit-montenegro.com\/de\/reiseziele\/kotor\/"},{"@type":"ListItem","position":4,"name":"Mehr \u00fcber Kotor","item":"https:\/\/www.visit-montenegro.com\/de\/reiseziele\/kotor\/info\/"},{"@type":"ListItem","position":5,"name":"Kotor Nachtclubs"}]},{"@type":"WebSite","@id":"https:\/\/www.visit-montenegro.com\/de\/#website","url":"https:\/\/www.visit-montenegro.com\/de\/","name":"Visit Montenegro","description":"Breathtaking beauty","publisher":{"@id":"https:\/\/www.visit-montenegro.com\/de\/#organization"},"potentialAction":[{"@type":"SearchAction","target":{"@type":"EntryPoint","urlTemplate":"https:\/\/www.visit-montenegro.com\/de\/?s={search_term_string}"},"query-input":{"@type":"PropertyValueSpecification","valueRequired":true,"valueName":"search_term_string"}}],"inLanguage":"de"},{"@type":"Organization","@id":"https:\/\/www.visit-montenegro.com\/de\/#organization","name":"Visit Montenegro","url":"https:\/\/www.visit-montenegro.com\/de\/","logo":{"@type":"ImageObject","inLanguage":"de","@id":"https:\/\/www.visit-montenegro.com\/de\/#\/schema\/logo\/image\/","url":"https:\/\/www.visit-montenegro.com\/wp-content\/uploads\/2017\/10\/logo-amp.png","contentUrl":"https:\/\/www.visit-montenegro.com\/wp-content\/uploads\/2017\/10\/logo-amp.png","width":190,"height":36,"caption":"Visit Montenegro"},"image":{"@id":"https:\/\/www.visit-montenegro.com\/de\/#\/schema\/logo\/image\/"},"sameAs":["https:\/\/www.facebook.com\/visitmontenegro","https:\/\/x.com\/visitmontenegro","https:\/\/www.instagram.com\/visit_montenegro\/","https:\/\/www.youtube.com\/user\/VisitMontenegro"]}]}},"translations":[],"_links":{"self":[{"href":"https:\/\/www.visit-montenegro.com\/de\/wp-json\/wp\/v2\/pages\/134151","targetHints":{"allow":["GET"]}}],"collection":[{"href":"https:\/\/www.visit-montenegro.com\/de\/wp-json\/wp\/v2\/pages"}],"about":[{"href":"https:\/\/www.visit-montenegro.com\/de\/wp-json\/wp\/v2\/types\/page"}],"author":[{"embeddable":true,"href":"https:\/\/www.visit-montenegro.com\/de\/wp-json\/wp\/v2\/users\/1"}],"replies":[{"embeddable":true,"href":"https:\/\/www.visit-montenegro.com\/de\/wp-json\/wp\/v2\/comments?post=134151"}],"version-history":[{"count":0,"href":"https:\/\/www.visit-montenegro.com\/de\/wp-json\/wp\/v2\/pages\/134151\/revisions"}],"up":[{"embeddable":true,"href":"https:\/\/www.visit-montenegro.com\/de\/wp-json\/wp\/v2\/pages\/134133"}],"wp:featuredmedia":[{"embeddable":true,"href":"https:\/\/www.visit-montenegro.com\/de\/wp-json\/wp\/v2\/media\/134152"}],"wp:attachment":[{"href":"https:\/\/www.visit-montenegro.com\/de\/wp-json\/wp\/v2\/media?parent=134151"}],"wp:term":[{"taxonomy":"post_tag","embeddable":true,"href":"https:\/\/www.visit-montenegro.com\/de\/wp-json\/wp\/v2\/tags?post=134151"}],"curies":[{"name":"wp","href":"https:\/\/api.w.org\/{rel}","templated":true}]}}