{"id":134157,"date":"2026-01-27T21:44:31","date_gmt":"2026-01-27T20:44:31","guid":{"rendered":"https:\/\/new.visit-montenegro.com\/ziele\/kotor__trashed\/info\/kueche\/"},"modified":"2026-02-22T17:17:57","modified_gmt":"2026-02-22T16:17:57","slug":"kueche","status":"publish","type":"page","link":"https:\/\/www.visit-montenegro.com\/de\/reiseziele\/kotor\/info\/kueche\/","title":{"rendered":"Kotor-K\u00fcche"},"content":{"rendered":"\n<p>Die Kotor-K\u00fcche Montenegros vereint traditionelle Nationalgerichte mit modernen Spezialit\u00e4ten und bietet Besuchern, die diese historische K\u00fcstenstadt erkunden, ein reiches kulinarisches Erlebnis.<\/p>\n<hr \/>\n\n<h2 class=\"wp-block-heading\">Traditionelle und moderne Kotor-K\u00fcche<\/h2>\n\n<p>In <a href=\"https:\/\/www.visit-montenegro.com\/de\/reiseziele\/kotor\/\">Kotor<\/a> k\u00f6nnen Sie die traditionelle nationale montenegrinische K\u00fcche sowie viele andere moderne Spezialit\u00e4ten probieren. Es gibt kaum ein Restaurant, eine kleinere offene Terrasse, Hotelterrasse oder Kotor-Fest, auf dem <strong>Kotor-K\u00fcche<\/strong>-Spezialit\u00e4ten nicht serviert werden. Wir empfehlen, bei Ihrem Besuch in Kotor die <strong>heimische Fischsuppe<\/strong> zu probieren (sie wird normalerweise aus gekochter Forelle zubereitet). Das ist eigentlich eine Art Fischsuppe mit gr\u00f6\u00dferen Fischst\u00fccken, Reis und verschiedenen Zus\u00e4tzen, die dem Gericht eine dunkelrote Farbe und einen scharfen Duft verleihen, der Sie sehr dazu verlockt, dieses Gericht zu probieren, selbst wenn Sie kein gro\u00dfer Fischfan sind.<\/p>\n\n<figure class=\"wp-block-image size-large\"><img loading=\"lazy\" decoding=\"async\" width=\"1024\" height=\"683\" src=\"https:\/\/www.visit-montenegro.com\/wp-content\/uploads\/2026\/02\/gnocchi-1024x683.jpg\" alt=\"\" class=\"wp-image-133399\" srcset=\"https:\/\/www.visit-montenegro.com\/wp-content\/uploads\/2026\/02\/gnocchi-1024x683.jpg 1024w, https:\/\/www.visit-montenegro.com\/wp-content\/uploads\/2026\/02\/gnocchi-300x200.jpg 300w, https:\/\/www.visit-montenegro.com\/wp-content\/uploads\/2026\/02\/gnocchi-768x512.jpg 768w, https:\/\/www.visit-montenegro.com\/wp-content\/uploads\/2026\/02\/gnocchi-1536x1024.jpg 1536w, https:\/\/www.visit-montenegro.com\/wp-content\/uploads\/2026\/02\/gnocchi-2048x1365.jpg 2048w, https:\/\/www.visit-montenegro.com\/wp-content\/uploads\/2026\/02\/gnocchi-scaled.jpg 1600w\" sizes=\"auto, (max-width: 1024px) 100vw, 1024px\" \/><figcaption class=\"wp-element-caption\">Gnocchi di patata, italienische Kartoffelnudeln mit Tomatensauce und Basilikum<\/figcaption><\/figure>\n\n<p>Als s\u00fc\u00dfe Leckereien geben Ihnen die Menschen aus Kotor &#8222;<strong>Frustula<\/strong>&#8220; (ein knuspriger, trockener, s\u00fc\u00dfer Keks in Rautenform), aber das ber\u00fchmteste Gericht sind Kotor&#8217;s &#8222;<strong>Njoke<\/strong>&#8220; (Nudelspezialit\u00e4t), die haupts\u00e4chlich w\u00e4hrend der gro\u00dfen und ber\u00fchmten Kotor-Karneval serviert werden.<\/p>\n\n<p>Au\u00dfer der traditionellen montenegrinischen K\u00fcche, die aus ger\u00e4uchertem Schinken, K\u00e4se, Oliven und ber\u00fchmten roten und wei\u00dfen Weinen besteht, k\u00f6nnen Sie in Kotor auch alle anderen Arten von Spezialit\u00e4ten probieren. In fast jedem Hotel, Restaurant oder Caf\u00e9 k\u00f6nnen Sie alle Arten italienischer Pizzen bestellen, und sie bieten auch andere italienische Spezialit\u00e4ten an.<\/p>\n\n<figure class=\"wp-block-image size-large\"><img loading=\"lazy\" decoding=\"async\" width=\"1024\" height=\"681\" src=\"https:\/\/www.visit-montenegro.com\/wp-content\/uploads\/2026\/02\/montenegrian-organic-food-1024x681.jpg\" alt=\"\" class=\"wp-image-133400\" srcset=\"https:\/\/www.visit-montenegro.com\/wp-content\/uploads\/2026\/02\/montenegrian-organic-food-1024x681.jpg 1024w, https:\/\/www.visit-montenegro.com\/wp-content\/uploads\/2026\/02\/montenegrian-organic-food-300x200.jpg 300w, https:\/\/www.visit-montenegro.com\/wp-content\/uploads\/2026\/02\/montenegrian-organic-food-768x511.jpg 768w, https:\/\/www.visit-montenegro.com\/wp-content\/uploads\/2026\/02\/montenegrian-organic-food-1536x1022.jpg 1536w, https:\/\/www.visit-montenegro.com\/wp-content\/uploads\/2026\/02\/montenegrian-organic-food-2048x1363.jpg 2048w, https:\/\/www.visit-montenegro.com\/wp-content\/uploads\/2026\/02\/montenegrian-organic-food-scaled.jpg 1600w\" sizes=\"auto, (max-width: 1024px) 100vw, 1024px\" \/><figcaption class=\"wp-element-caption\">Traditionelle montenegrinische Vorspeise<\/figcaption><\/figure>\n\n<h3 class=\"wp-block-heading\">Meeresfr\u00fcchte und mediterrane Aromen<\/h3>\n\n<p>In den Speisekarten aller Kotor-Hotels und Restaurants finden Sie fast alle Fischspezialit\u00e4ten und Gerichte, die aus <strong>Meeresfr\u00fcchten<\/strong> zubereitet werden: Oktopussalat, Reis mit Meeresfr\u00fcchten, Fischsuppen, Hummer, gegrillte Tintenfische, verschiedene Arten von Seefisch und Schalentieren usw.<\/p>\n\n<figure class=\"wp-block-image size-large\"><img loading=\"lazy\" decoding=\"async\" width=\"1024\" height=\"692\" src=\"https:\/\/www.visit-montenegro.com\/wp-content\/uploads\/2026\/02\/Depositphotos_530967596_L-1024x692.jpg\" alt=\"\" class=\"wp-image-133401\" srcset=\"https:\/\/www.visit-montenegro.com\/wp-content\/uploads\/2026\/02\/Depositphotos_530967596_L-1024x692.jpg 1024w, https:\/\/www.visit-montenegro.com\/wp-content\/uploads\/2026\/02\/Depositphotos_530967596_L-300x203.jpg 300w, https:\/\/www.visit-montenegro.com\/wp-content\/uploads\/2026\/02\/Depositphotos_530967596_L-768x519.jpg 768w, https:\/\/www.visit-montenegro.com\/wp-content\/uploads\/2026\/02\/Depositphotos_530967596_L-1536x1038.jpg 1536w, https:\/\/www.visit-montenegro.com\/wp-content\/uploads\/2026\/02\/Depositphotos_530967596_L-scaled.jpg 1600w\" sizes=\"auto, (max-width: 1024px) 100vw, 1024px\" \/><\/figure>\n\n<p>Da die <strong>Kotor-K\u00fcche<\/strong> haupts\u00e4chlich mediterran ist, mit fast allen Fischspezialit\u00e4ten, verwenden K\u00f6che Zus\u00e4tze, die den Duft und Geschmack der <strong>mediterranen K\u00fcche<\/strong> noch besonderer machen. Dazu geh\u00f6ren: Zitrone, Petersilie, Basilikum, Rosmarin, Knoblauch sowie andere Zus\u00e4tze, die das Gericht gesund und schmackhaft zum Probieren machen.<\/p>\n\n<p><\/p>\n","protected":false},"excerpt":{"rendered":"<p>Entdecken Sie die Aromen der Kotor-K\u00fcche, die traditionelle montenegrinische Gerichte wie Fischsuppe und Njoke mit modernen mediterranen Meeresfr\u00fcchte-Spezialit\u00e4ten vereint. Erleben Sie eine kulinarische Reise, die perfekt f\u00fcr Feinschmecker ist, die eine Reise nach Montenegro planen.<\/p>\n","protected":false},"author":1,"featured_media":134158,"parent":134133,"menu_order":0,"comment_status":"closed","ping_status":"closed","template":"","meta":{"_yoast_wpseo_focuskw":"Kotor-K\u00fcche","_yoast_wpseo_metadesc":"Entdecken Sie die Kotor-K\u00fcche: traditionelle montenegrinische Gerichte, Meeresfr\u00fcchte-Spezialit\u00e4ten und mediterrane Aromen. Perfekt f\u00fcr Feinschmecker, die eine Reise in die historische K\u00fcstenstadt Montenegros planen.","_kad_post_transparent":"","_kad_post_title":"","_kad_post_layout":"","_kad_post_sidebar_id":"","_kad_post_content_style":"","_kad_post_vertical_padding":"","_kad_post_feature":"","_kad_post_feature_position":"","_kad_post_header":false,"_kad_post_footer":false,"_kad_post_classname":"","iawp_total_views":7,"footnotes":""},"tags":[140,52,139,62,141,76],"class_list":["post-134157","page","type-page","status-publish","has-post-thumbnail","hentry","tag-crna-gora","tag-montenegro","tag-news","tag-tourism","tag-travel","tag-visit"],"yoast_head":"<!-- This site is optimized with the Yoast SEO plugin v27.3 - https:\/\/yoast.com\/product\/yoast-seo-wordpress\/ -->\n<title>Kotor-K\u00fcche - Visit Montenegro<\/title>\n<meta name=\"description\" content=\"Entdecken Sie die Kotor-K\u00fcche: traditionelle montenegrinische Gerichte, Meeresfr\u00fcchte-Spezialit\u00e4ten und mediterrane Aromen. Perfekt f\u00fcr Feinschmecker, die eine Reise in die historische K\u00fcstenstadt Montenegros planen.\" \/>\n<meta name=\"robots\" content=\"index, follow, max-snippet:-1, max-image-preview:large, max-video-preview:-1\" \/>\n<link rel=\"canonical\" href=\"https:\/\/www.visit-montenegro.com\/de\/reiseziele\/kotor\/info\/kueche\/\" \/>\n<meta property=\"og:locale\" content=\"de_DE\" \/>\n<meta property=\"og:type\" content=\"article\" \/>\n<meta property=\"og:title\" content=\"Kotor-K\u00fcche - Visit Montenegro\" \/>\n<meta property=\"og:description\" content=\"Entdecken Sie die Kotor-K\u00fcche: traditionelle montenegrinische Gerichte, Meeresfr\u00fcchte-Spezialit\u00e4ten und mediterrane Aromen. Perfekt f\u00fcr Feinschmecker, die eine Reise in die historische K\u00fcstenstadt Montenegros planen.\" \/>\n<meta property=\"og:url\" content=\"https:\/\/www.visit-montenegro.com\/de\/reiseziele\/kotor\/info\/kueche\/\" \/>\n<meta property=\"og:site_name\" content=\"Visit Montenegro\" \/>\n<meta property=\"article:publisher\" content=\"https:\/\/www.facebook.com\/visitmontenegro\" \/>\n<meta property=\"article:modified_time\" content=\"2026-02-22T16:17:57+00:00\" \/>\n<meta property=\"og:image\" content=\"https:\/\/www.visit-montenegro.com\/wp-content\/uploads\/2026\/01\/wine-on-balcony-scaled.jpg\" \/>\n\t<meta property=\"og:image:width\" content=\"1600\" \/>\n\t<meta property=\"og:image:height\" content=\"900\" \/>\n\t<meta property=\"og:image:type\" content=\"image\/jpeg\" \/>\n<meta name=\"twitter:card\" content=\"summary_large_image\" \/>\n<meta name=\"twitter:site\" content=\"@visitmontenegro\" \/>\n<meta name=\"twitter:label1\" content=\"Gesch\u00e4tzte Lesezeit\" \/>\n\t<meta name=\"twitter:data1\" content=\"2\u00a0Minuten\" \/>\n<script type=\"application\/ld+json\" class=\"yoast-schema-graph\">{\"@context\":\"https:\\\/\\\/schema.org\",\"@graph\":[{\"@type\":\"WebPage\",\"@id\":\"https:\\\/\\\/www.visit-montenegro.com\\\/de\\\/reiseziele\\\/kotor\\\/info\\\/kueche\\\/\",\"url\":\"https:\\\/\\\/www.visit-montenegro.com\\\/de\\\/reiseziele\\\/kotor\\\/info\\\/kueche\\\/\",\"name\":\"Kotor-K\u00fcche - Visit Montenegro\",\"isPartOf\":{\"@id\":\"https:\\\/\\\/www.visit-montenegro.com\\\/de\\\/#website\"},\"primaryImageOfPage\":{\"@id\":\"https:\\\/\\\/www.visit-montenegro.com\\\/de\\\/reiseziele\\\/kotor\\\/info\\\/kueche\\\/#primaryimage\"},\"image\":{\"@id\":\"https:\\\/\\\/www.visit-montenegro.com\\\/de\\\/reiseziele\\\/kotor\\\/info\\\/kueche\\\/#primaryimage\"},\"thumbnailUrl\":\"https:\\\/\\\/www.visit-montenegro.com\\\/wp-content\\\/uploads\\\/2026\\\/01\\\/wine-on-balcony-scaled.jpg\",\"datePublished\":\"2026-01-27T20:44:31+00:00\",\"dateModified\":\"2026-02-22T16:17:57+00:00\",\"description\":\"Entdecken Sie die Kotor-K\u00fcche: traditionelle montenegrinische Gerichte, Meeresfr\u00fcchte-Spezialit\u00e4ten und mediterrane Aromen. Perfekt f\u00fcr Feinschmecker, die eine Reise in die historische K\u00fcstenstadt Montenegros planen.\",\"breadcrumb\":{\"@id\":\"https:\\\/\\\/www.visit-montenegro.com\\\/de\\\/reiseziele\\\/kotor\\\/info\\\/kueche\\\/#breadcrumb\"},\"inLanguage\":\"de\",\"potentialAction\":[{\"@type\":\"ReadAction\",\"target\":[\"https:\\\/\\\/www.visit-montenegro.com\\\/de\\\/reiseziele\\\/kotor\\\/info\\\/kueche\\\/\"]}]},{\"@type\":\"ImageObject\",\"inLanguage\":\"de\",\"@id\":\"https:\\\/\\\/www.visit-montenegro.com\\\/de\\\/reiseziele\\\/kotor\\\/info\\\/kueche\\\/#primaryimage\",\"url\":\"https:\\\/\\\/www.visit-montenegro.com\\\/wp-content\\\/uploads\\\/2026\\\/01\\\/wine-on-balcony-scaled.jpg\",\"contentUrl\":\"https:\\\/\\\/www.visit-montenegro.com\\\/wp-content\\\/uploads\\\/2026\\\/01\\\/wine-on-balcony-scaled.jpg\",\"width\":1600,\"height\":900,\"caption\":\"Tisch mit lokalen Speisen und Wein auf dem heimischen Balkon. Fokus auf Essen. Sch\u00f6ne Aussicht vom Balkon auf ruhiges Meer und Berge. Austern mit Zitrone, Salat, Fleisch, Snacks und Flasche Sekt\"},{\"@type\":\"BreadcrumbList\",\"@id\":\"https:\\\/\\\/www.visit-montenegro.com\\\/de\\\/reiseziele\\\/kotor\\\/info\\\/kueche\\\/#breadcrumb\",\"itemListElement\":[{\"@type\":\"ListItem\",\"position\":1,\"name\":\"Home\",\"item\":\"https:\\\/\\\/www.visit-montenegro.com\\\/de\\\/home\\\/\"},{\"@type\":\"ListItem\",\"position\":2,\"name\":\"Reiseziele in Montenegro\",\"item\":\"https:\\\/\\\/www.visit-montenegro.com\\\/de\\\/reiseziele\\\/\"},{\"@type\":\"ListItem\",\"position\":3,\"name\":\"Kotor\",\"item\":\"https:\\\/\\\/www.visit-montenegro.com\\\/de\\\/reiseziele\\\/kotor\\\/\"},{\"@type\":\"ListItem\",\"position\":4,\"name\":\"Mehr \u00fcber Kotor\",\"item\":\"https:\\\/\\\/www.visit-montenegro.com\\\/de\\\/reiseziele\\\/kotor\\\/info\\\/\"},{\"@type\":\"ListItem\",\"position\":5,\"name\":\"Kotor-K\u00fcche\"}]},{\"@type\":\"WebSite\",\"@id\":\"https:\\\/\\\/www.visit-montenegro.com\\\/de\\\/#website\",\"url\":\"https:\\\/\\\/www.visit-montenegro.com\\\/de\\\/\",\"name\":\"Visit Montenegro\",\"description\":\"Breathtaking beauty\",\"publisher\":{\"@id\":\"https:\\\/\\\/www.visit-montenegro.com\\\/de\\\/#organization\"},\"potentialAction\":[{\"@type\":\"SearchAction\",\"target\":{\"@type\":\"EntryPoint\",\"urlTemplate\":\"https:\\\/\\\/www.visit-montenegro.com\\\/de\\\/?s={search_term_string}\"},\"query-input\":{\"@type\":\"PropertyValueSpecification\",\"valueRequired\":true,\"valueName\":\"search_term_string\"}}],\"inLanguage\":\"de\"},{\"@type\":\"Organization\",\"@id\":\"https:\\\/\\\/www.visit-montenegro.com\\\/de\\\/#organization\",\"name\":\"Visit Montenegro\",\"url\":\"https:\\\/\\\/www.visit-montenegro.com\\\/de\\\/\",\"logo\":{\"@type\":\"ImageObject\",\"inLanguage\":\"de\",\"@id\":\"https:\\\/\\\/www.visit-montenegro.com\\\/de\\\/#\\\/schema\\\/logo\\\/image\\\/\",\"url\":\"https:\\\/\\\/www.visit-montenegro.com\\\/wp-content\\\/uploads\\\/2017\\\/10\\\/logo-amp.png\",\"contentUrl\":\"https:\\\/\\\/www.visit-montenegro.com\\\/wp-content\\\/uploads\\\/2017\\\/10\\\/logo-amp.png\",\"width\":190,\"height\":36,\"caption\":\"Visit Montenegro\"},\"image\":{\"@id\":\"https:\\\/\\\/www.visit-montenegro.com\\\/de\\\/#\\\/schema\\\/logo\\\/image\\\/\"},\"sameAs\":[\"https:\\\/\\\/www.facebook.com\\\/visitmontenegro\",\"https:\\\/\\\/x.com\\\/visitmontenegro\",\"https:\\\/\\\/www.instagram.com\\\/visit_montenegro\\\/\",\"https:\\\/\\\/www.youtube.com\\\/user\\\/VisitMontenegro\"]}]}<\/script>\n<!-- \/ Yoast SEO plugin. -->","yoast_head_json":{"title":"Kotor-K\u00fcche - Visit Montenegro","description":"Entdecken Sie die Kotor-K\u00fcche: traditionelle montenegrinische Gerichte, Meeresfr\u00fcchte-Spezialit\u00e4ten und mediterrane Aromen. Perfekt f\u00fcr Feinschmecker, die eine Reise in die historische K\u00fcstenstadt Montenegros planen.","robots":{"index":"index","follow":"follow","max-snippet":"max-snippet:-1","max-image-preview":"max-image-preview:large","max-video-preview":"max-video-preview:-1"},"canonical":"https:\/\/www.visit-montenegro.com\/de\/reiseziele\/kotor\/info\/kueche\/","og_locale":"de_DE","og_type":"article","og_title":"Kotor-K\u00fcche - Visit Montenegro","og_description":"Entdecken Sie die Kotor-K\u00fcche: traditionelle montenegrinische Gerichte, Meeresfr\u00fcchte-Spezialit\u00e4ten und mediterrane Aromen. Perfekt f\u00fcr Feinschmecker, die eine Reise in die historische K\u00fcstenstadt Montenegros planen.","og_url":"https:\/\/www.visit-montenegro.com\/de\/reiseziele\/kotor\/info\/kueche\/","og_site_name":"Visit Montenegro","article_publisher":"https:\/\/www.facebook.com\/visitmontenegro","article_modified_time":"2026-02-22T16:17:57+00:00","og_image":[{"width":1600,"height":900,"url":"https:\/\/www.visit-montenegro.com\/wp-content\/uploads\/2026\/01\/wine-on-balcony-scaled.jpg","type":"image\/jpeg"}],"twitter_card":"summary_large_image","twitter_site":"@visitmontenegro","twitter_misc":{"Gesch\u00e4tzte Lesezeit":"2\u00a0Minuten"},"schema":{"@context":"https:\/\/schema.org","@graph":[{"@type":"WebPage","@id":"https:\/\/www.visit-montenegro.com\/de\/reiseziele\/kotor\/info\/kueche\/","url":"https:\/\/www.visit-montenegro.com\/de\/reiseziele\/kotor\/info\/kueche\/","name":"Kotor-K\u00fcche - Visit Montenegro","isPartOf":{"@id":"https:\/\/www.visit-montenegro.com\/de\/#website"},"primaryImageOfPage":{"@id":"https:\/\/www.visit-montenegro.com\/de\/reiseziele\/kotor\/info\/kueche\/#primaryimage"},"image":{"@id":"https:\/\/www.visit-montenegro.com\/de\/reiseziele\/kotor\/info\/kueche\/#primaryimage"},"thumbnailUrl":"https:\/\/www.visit-montenegro.com\/wp-content\/uploads\/2026\/01\/wine-on-balcony-scaled.jpg","datePublished":"2026-01-27T20:44:31+00:00","dateModified":"2026-02-22T16:17:57+00:00","description":"Entdecken Sie die Kotor-K\u00fcche: traditionelle montenegrinische Gerichte, Meeresfr\u00fcchte-Spezialit\u00e4ten und mediterrane Aromen. Perfekt f\u00fcr Feinschmecker, die eine Reise in die historische K\u00fcstenstadt Montenegros planen.","breadcrumb":{"@id":"https:\/\/www.visit-montenegro.com\/de\/reiseziele\/kotor\/info\/kueche\/#breadcrumb"},"inLanguage":"de","potentialAction":[{"@type":"ReadAction","target":["https:\/\/www.visit-montenegro.com\/de\/reiseziele\/kotor\/info\/kueche\/"]}]},{"@type":"ImageObject","inLanguage":"de","@id":"https:\/\/www.visit-montenegro.com\/de\/reiseziele\/kotor\/info\/kueche\/#primaryimage","url":"https:\/\/www.visit-montenegro.com\/wp-content\/uploads\/2026\/01\/wine-on-balcony-scaled.jpg","contentUrl":"https:\/\/www.visit-montenegro.com\/wp-content\/uploads\/2026\/01\/wine-on-balcony-scaled.jpg","width":1600,"height":900,"caption":"Tisch mit lokalen Speisen und Wein auf dem heimischen Balkon. Fokus auf Essen. Sch\u00f6ne Aussicht vom Balkon auf ruhiges Meer und Berge. Austern mit Zitrone, Salat, Fleisch, Snacks und Flasche Sekt"},{"@type":"BreadcrumbList","@id":"https:\/\/www.visit-montenegro.com\/de\/reiseziele\/kotor\/info\/kueche\/#breadcrumb","itemListElement":[{"@type":"ListItem","position":1,"name":"Home","item":"https:\/\/www.visit-montenegro.com\/de\/home\/"},{"@type":"ListItem","position":2,"name":"Reiseziele in Montenegro","item":"https:\/\/www.visit-montenegro.com\/de\/reiseziele\/"},{"@type":"ListItem","position":3,"name":"Kotor","item":"https:\/\/www.visit-montenegro.com\/de\/reiseziele\/kotor\/"},{"@type":"ListItem","position":4,"name":"Mehr \u00fcber Kotor","item":"https:\/\/www.visit-montenegro.com\/de\/reiseziele\/kotor\/info\/"},{"@type":"ListItem","position":5,"name":"Kotor-K\u00fcche"}]},{"@type":"WebSite","@id":"https:\/\/www.visit-montenegro.com\/de\/#website","url":"https:\/\/www.visit-montenegro.com\/de\/","name":"Visit Montenegro","description":"Breathtaking beauty","publisher":{"@id":"https:\/\/www.visit-montenegro.com\/de\/#organization"},"potentialAction":[{"@type":"SearchAction","target":{"@type":"EntryPoint","urlTemplate":"https:\/\/www.visit-montenegro.com\/de\/?s={search_term_string}"},"query-input":{"@type":"PropertyValueSpecification","valueRequired":true,"valueName":"search_term_string"}}],"inLanguage":"de"},{"@type":"Organization","@id":"https:\/\/www.visit-montenegro.com\/de\/#organization","name":"Visit Montenegro","url":"https:\/\/www.visit-montenegro.com\/de\/","logo":{"@type":"ImageObject","inLanguage":"de","@id":"https:\/\/www.visit-montenegro.com\/de\/#\/schema\/logo\/image\/","url":"https:\/\/www.visit-montenegro.com\/wp-content\/uploads\/2017\/10\/logo-amp.png","contentUrl":"https:\/\/www.visit-montenegro.com\/wp-content\/uploads\/2017\/10\/logo-amp.png","width":190,"height":36,"caption":"Visit Montenegro"},"image":{"@id":"https:\/\/www.visit-montenegro.com\/de\/#\/schema\/logo\/image\/"},"sameAs":["https:\/\/www.facebook.com\/visitmontenegro","https:\/\/x.com\/visitmontenegro","https:\/\/www.instagram.com\/visit_montenegro\/","https:\/\/www.youtube.com\/user\/VisitMontenegro"]}]}},"translations":[],"_links":{"self":[{"href":"https:\/\/www.visit-montenegro.com\/de\/wp-json\/wp\/v2\/pages\/134157","targetHints":{"allow":["GET"]}}],"collection":[{"href":"https:\/\/www.visit-montenegro.com\/de\/wp-json\/wp\/v2\/pages"}],"about":[{"href":"https:\/\/www.visit-montenegro.com\/de\/wp-json\/wp\/v2\/types\/page"}],"author":[{"embeddable":true,"href":"https:\/\/www.visit-montenegro.com\/de\/wp-json\/wp\/v2\/users\/1"}],"replies":[{"embeddable":true,"href":"https:\/\/www.visit-montenegro.com\/de\/wp-json\/wp\/v2\/comments?post=134157"}],"version-history":[{"count":0,"href":"https:\/\/www.visit-montenegro.com\/de\/wp-json\/wp\/v2\/pages\/134157\/revisions"}],"up":[{"embeddable":true,"href":"https:\/\/www.visit-montenegro.com\/de\/wp-json\/wp\/v2\/pages\/134133"}],"wp:featuredmedia":[{"embeddable":true,"href":"https:\/\/www.visit-montenegro.com\/de\/wp-json\/wp\/v2\/media\/134158"}],"wp:attachment":[{"href":"https:\/\/www.visit-montenegro.com\/de\/wp-json\/wp\/v2\/media?parent=134157"}],"wp:term":[{"taxonomy":"post_tag","embeddable":true,"href":"https:\/\/www.visit-montenegro.com\/de\/wp-json\/wp\/v2\/tags?post=134157"}],"curies":[{"name":"wp","href":"https:\/\/api.w.org\/{rel}","templated":true}]}}