{"id":134163,"date":"2026-01-27T21:44:31","date_gmt":"2026-01-27T20:44:31","guid":{"rendered":"https:\/\/new.visit-montenegro.com\/ziele\/kotor__trashed\/info\/kirchen\/"},"modified":"2026-02-22T17:17:57","modified_gmt":"2026-02-22T16:17:57","slug":"kirchen","status":"publish","type":"page","link":"https:\/\/www.visit-montenegro.com\/de\/reiseziele\/kotor\/info\/kirchen\/","title":{"rendered":"Kirchen in Kotor"},"content":{"rendered":"\n<p>Die Kirchen in <a href=\"https:\/\/www.visit-montenegro.com\/de\/reiseziele\/kotor\/\">Kotor<\/a> sind f\u00fcr ihre historische und architektonische Bedeutung bekannt, wobei die St.-Tryphon-Kathedrale das ber\u00fchmteste Wahrzeichen ist. Diese religi\u00f6sen St\u00e4tten zeigen eine Mischung aus romanischen, byzantinischen, barocken und gotischen Stilen und spiegeln Jahrhunderte kultureller und seismischer Ver\u00e4nderungen wider. Besucher k\u00f6nnen zahlreiche Kirchen erkunden, jede mit einzigartigen Geschichten und Sch\u00e4tzen, eingebettet in die malerische Altstadt.<\/p>\n<hr>\n\n<h2 class=\"wp-block-heading\">St.-Tryphon-Kathedrale: Das ikonische Wahrzeichen<\/h2>\n\n<p>Wof\u00fcr Kotor am bekanntesten ist, ist die Altstadt <strong>St.-Tryphon-Kathedrale<\/strong> oder einfach <strong>Kotor-Kathedrale<\/strong>. Dieser Tempel wird erstmals im IX. Jahrhundert erw\u00e4hnt, als die Reliquien des heiligen Tryphon, der im III. Jahrhundert in der Zeit des r\u00f6mischen Kaisers Decius den M\u00e4rtyrertod erlitt, dorthin gebracht wurden. Chronisten bezeugen, dass dieser Tempel h\u00f6chstwahrscheinlich im X. Jahrhundert durch einen Brand zerst\u00f6rt wurde und im XII. Jahrhundert wiederaufgebaut wurde. Die Kathedrale St. Tryphon wurde im romanischen Stil mit Elementen der byzantinischen Architektur erbaut. Sie \u00fcberstand mehrere Erdbeben, sodass ihr Aussehen sich ebenfalls ver\u00e4nderte. Besonders sichtbar an der Kathedrale sind die Elemente der Renaissance und des Barocks. Die Europ\u00e4ische Union und die Organisation Europa Nostra verliehen der Kathedrale im Jahr 2002 eine Urkunde f\u00fcr die gro\u00dfartige Rekonstruktion und die umfangreichen seismischen Sicherheitsma\u00dfnahmen der \u00e4ltesten romanischen Kathedrale an der Adriak\u00fcste. Als wichtigstes Denkmal und Symbol der Altstadt besitzt die Kathedrale St. Tryphon einen reichen Schatz an wertvollen Gegenst\u00e4nden, darunter einen vergoldeten Altar, barocke Fresken und eine gro\u00dfe Anzahl wertvoller Ornamente.<\/p>\n\n<figure class=\"wp-block-image size-large\"><img loading=\"lazy\" decoding=\"async\" width=\"1024\" height=\"866\" src=\"https:\/\/www.visit-montenegro.com\/wp-content\/uploads\/2026\/02\/Depositphotos_401567634_L-1024x866.jpg\" alt=\"\" class=\"wp-image-133413\" srcset=\"https:\/\/www.visit-montenegro.com\/wp-content\/uploads\/2026\/02\/Depositphotos_401567634_L-1024x866.jpg 1024w, https:\/\/www.visit-montenegro.com\/wp-content\/uploads\/2026\/02\/Depositphotos_401567634_L-300x254.jpg 300w, https:\/\/www.visit-montenegro.com\/wp-content\/uploads\/2026\/02\/Depositphotos_401567634_L-768x649.jpg 768w, https:\/\/www.visit-montenegro.com\/wp-content\/uploads\/2026\/02\/Depositphotos_401567634_L-1536x1299.jpg 1536w, https:\/\/www.visit-montenegro.com\/wp-content\/uploads\/2026\/02\/Depositphotos_401567634_L-scaled.jpg 1600w\" sizes=\"auto, (max-width: 1024px) 100vw, 1024px\" \/><figcaption class=\"wp-element-caption\">St.-Tryphon-Kathedrale in Kotor<\/figcaption><\/figure>\n\n<h2 class=\"wp-block-heading\">Weitere bemerkenswerte Kirchen in Kotor<\/h2>\n\n<h3 class=\"wp-block-heading\">St.-Nikolaus-Kirche<\/h3>\n\n<p><strong>Die Kirche St. Nikolaus<\/strong> ist die bedeutendste orthodoxe Kirche in Kotor. Sie befindet sich im n\u00f6rdlichen Teil der Stadt; sie wurde zu Beginn des XX. Jahrhunderts auf der Grundlage des alten Geb\u00e4udes errichtet, das im XIX. Jahrhundert durch einen Brand zerst\u00f6rt wurde. In der N\u00e4he befindet sich der Kirchenschatz mit einem reichen Fundus an Ikonen, Kunsthandwerk, Dokumenten und liturgischen Gew\u00e4ndern. Die Kirche besitzt zahlreiche andere wertvolle Gegenst\u00e4nde, die haupts\u00e4chlich von wohlhabenden Kotorer Familien gestiftet wurden.<\/p>\n\n<figure class=\"wp-block-image size-large\"><img loading=\"lazy\" decoding=\"async\" width=\"1024\" height=\"683\" src=\"https:\/\/www.visit-montenegro.com\/wp-content\/uploads\/2026\/02\/kotor-st-nicholas-church-1024x683.jpg\" alt=\"\" class=\"wp-image-133414\" srcset=\"https:\/\/www.visit-montenegro.com\/wp-content\/uploads\/2026\/02\/kotor-st-nicholas-church-1024x683.jpg 1024w, https:\/\/www.visit-montenegro.com\/wp-content\/uploads\/2026\/02\/kotor-st-nicholas-church-300x200.jpg 300w, https:\/\/www.visit-montenegro.com\/wp-content\/uploads\/2026\/02\/kotor-st-nicholas-church-768x512.jpg 768w, https:\/\/www.visit-montenegro.com\/wp-content\/uploads\/2026\/02\/kotor-st-nicholas-church-1536x1024.jpg 1536w, https:\/\/www.visit-montenegro.com\/wp-content\/uploads\/2026\/02\/kotor-st-nicholas-church-scaled.jpg 1600w\" sizes=\"auto, (max-width: 1024px) 100vw, 1024px\" \/><figcaption class=\"wp-element-caption\">St.-Nikolaus-Kirche in Kotor<\/figcaption><\/figure>\n\n<h3 class=\"wp-block-heading\">Kirche Sveti Luka<\/h3>\n\n<p>Die Kirche Sveti Luka befindet sich ebenfalls in der Altstadt. Sie wurde w\u00e4hrend der Herrschaft der serbischen Dynastie Nemanji\u0107 am Ende des XII. Jahrhunderts erbaut. Bis zur Mitte des XVII. Jahrhunderts war die Kirche Sveti Luka das Hauptkatholische Gotteshaus, um nach dem Krieg mit den T\u00fcrken zu einer orthodoxen Kirche zu werden. Sie wurde zu einer orthodoxen Kirche, weil die Zahl der orthodoxen Gl\u00e4ubigen in Kotor pl\u00f6tzlich zunahm. Dennoch hatten katholische Gl\u00e4ubige bis zur ersten H\u00e4lfte des XIX. Jahrhunderts ihren Altar in diesem Tempel.<\/p>\n\n<figure class=\"wp-block-image size-large\"><img loading=\"lazy\" decoding=\"async\" width=\"1024\" height=\"682\" src=\"https:\/\/www.visit-montenegro.com\/wp-content\/uploads\/2026\/01\/kotor-church-saint-luke-1024x682.jpg\" alt=\"\" class=\"wp-image-36082\" srcset=\"https:\/\/www.visit-montenegro.com\/wp-content\/uploads\/2026\/01\/kotor-church-saint-luke-1024x682.jpg 1024w, https:\/\/www.visit-montenegro.com\/wp-content\/uploads\/2026\/01\/kotor-church-saint-luke-300x200.jpg 300w, https:\/\/www.visit-montenegro.com\/wp-content\/uploads\/2026\/01\/kotor-church-saint-luke-768x512.jpg 768w, https:\/\/www.visit-montenegro.com\/wp-content\/uploads\/2026\/01\/kotor-church-saint-luke-1536x1023.jpg 1536w, https:\/\/www.visit-montenegro.com\/wp-content\/uploads\/2026\/01\/kotor-church-saint-luke-1200x799.jpg 1200w, https:\/\/www.visit-montenegro.com\/wp-content\/uploads\/2026\/01\/kotor-church-saint-luke-scaled.jpg 1600w\" sizes=\"auto, (max-width: 1024px) 100vw, 1024px\" \/><figcaption class=\"wp-element-caption\">Kirche des Heiligen Lukas und der Platz in Kotor, Montenegro<\/figcaption><\/figure>\n\n<h3 class=\"wp-block-heading\">Weitere historische Kirchen<\/h3>\n\n<p>Im mittleren Teil der Altstadt befindet sich die Kirche Sveti Mihailo (St. Michael), deren heutiges Erscheinungsbild aus dem Ende des XIV. Jahrhunderts stammt. Arch\u00e4ologische \u00dcberreste zeigen, dass an der Stelle der heutigen Kirche Sveti Mihailo im XII. Jahrhundert ein deutlich gr\u00f6\u00dferes Geb\u00e4ude stand. Im \u00f6stlichen Teil des alten Kotor befindet sich die Kirche Sveta Ana. Da sie mehrmals erweitert wurde, kann nicht genau bestimmt werden, wann sie erbaut wurde. Die Experten f\u00fcr die Rekonstruktion alter Geb\u00e4ude haben dennoch festgestellt, dass der \u00e4ltere Teil der Kirche Sveta Ana im XIII. Jahrhundert erbaut wurde und der neuere im XIV. Jahrhundert. Die Kirche ist durch mehrere Heilige gekennzeichnet, denen sie gewidmet wurde: Sveti Martin, Sveta Venerada und heute Sveta Ana.<\/p>\n\n<p>Das Innere der Altstadt von Kotor ist durch die ber\u00fchmte Kirche Sveta Marija Koledjate (Unsere Liebe Frau der Gesundheit) gepr\u00e4gt, in Kotor besser bekannt unter dem Namen Sveta Ozana. Sie wurde zu Beginn des XIII. Jahrhunderts erbaut. Im Laufe der Jahrhunderte erfuhr sie mehrere Ver\u00e4nderungen. Unter dieser Kirche haben Forscher das \u00e4lteste arch\u00e4ologische Geb\u00e4ude entdeckt, das je gefunden wurde \u2013 eine fr\u00fchchristliche Basilika aus dem VI. Jahrhundert n. Chr. Unter den zahlreichen Denkm\u00e4lern in der Altstadt von Kotor befinden sich auch die Kirchen Sveti Josip (St. Joseph), Gospa od Andjela (Unsere Liebe Frau der Engel) und Sveti Pavle (St. Paul).<\/p>\n\n<figure class=\"wp-block-image size-large\"><img loading=\"lazy\" decoding=\"async\" width=\"1024\" height=\"683\" src=\"https:\/\/www.visit-montenegro.com\/wp-content\/uploads\/2026\/02\/kotor-trg-od-drva-1024x683.jpg\" alt=\"\" class=\"wp-image-133415\" srcset=\"https:\/\/www.visit-montenegro.com\/wp-content\/uploads\/2026\/02\/kotor-trg-od-drva-1024x683.jpg 1024w, https:\/\/www.visit-montenegro.com\/wp-content\/uploads\/2026\/02\/kotor-trg-od-drva-300x200.jpg 300w, https:\/\/www.visit-montenegro.com\/wp-content\/uploads\/2026\/02\/kotor-trg-od-drva-768x512.jpg 768w, https:\/\/www.visit-montenegro.com\/wp-content\/uploads\/2026\/02\/kotor-trg-od-drva-1536x1025.jpg 1536w, https:\/\/www.visit-montenegro.com\/wp-content\/uploads\/2026\/02\/kotor-trg-od-drva-scaled.jpg 1600w\" sizes=\"auto, (max-width: 1024px) 100vw, 1024px\" \/><figcaption class=\"wp-element-caption\">St.-Marien-Kirchplatz in der Altstadt von Kotor, Montenegro<\/figcaption><\/figure>\n\n<h2 class=\"wp-block-heading\">Zus\u00e4tzliche Denkm\u00e4ler und Pal\u00e4ste in Kotor<\/h2>\n\n<p>Zu den Denkm\u00e4lern in der Altstadt von Kotor sollten wir einen Stadtturm hinzuf\u00fcgen, der aus dem XVII. Jahrhundert stammt, mit einem Pranger davor und einem Uhrwerk, das Teil des Geb\u00e4udes ist. In der N\u00e4he des Turms befindet sich auch der Turm der Stadtwache. Das F\u00fcrstenpalais und das Stadttheater, das das erste Theater war, das im XIX. Jahrhundert auf dem Balkan in Betrieb genommen wurde.<\/p>\n\n<h3 class=\"wp-block-heading\">Pal\u00e4ste in Kotor<\/h3>\n\n<p>Kotor ist f\u00fcr zahlreiche Pal\u00e4ste bekannt, die durch romanische und barocke Ornamente, Wanddekorationen und eine gro\u00dfe Anzahl von Wappen der Familien gekennzeichnet sind, nach denen die Pal\u00e4ste benannt sind oder denen sie geh\u00f6rten.<\/p>\n\n<p>Unter den zahlreichen Pal\u00e4sten stechen einige hervor. Der Palast Bizanti im romanischen Stil befindet sich neben dem Turm der Stadtwache und stammt aus dem XIV. Jahrhundert. Der barocke Palast Grgurin befindet sich im zentralen Teil der Altstadt. Er wurde zu Beginn des XVIII. Jahrhunderts erbaut. Die ber\u00fchmte Kotorer Familie Buca hat im XIV. Jahrhundert den Palast Buca erbaut, der im Laufe der Jahrhunderte mehrmals erweitert wurde und sp\u00e4ter der Familie Pskvali geh\u00f6rte. In der N\u00e4he haben wir auch eines der edelsten Stadth\u00e4user, das aus dem XIV. Jahrhundert stammt, den Palast Vrakjen. Dieser Palast hat gr\u00f6\u00dftenteils sein urspr\u00fcngliches Aussehen bewahrt. In der N\u00e4he der Kathedrale Sveti Tripun befindet sich der Palast Drago, der im XV. Jahrhundert im barocken und gotischen Stil erbaut wurde. Dennoch ist nach Meinung vieler Menschen der sch\u00f6nste Kotorer Palast der Palast Pima, der durch seinen gotischen Stil und einige barocke Elemente gekennzeichnet ist. Die Familie Pima, die den gleichnamigen Palast besa\u00df, lebte von XIV. bis XVIII. Jahrhundert in Kotor. Das heutige Aussehen erhielt der Palast am Ende des XVII. Jahrhunderts.<\/p>\n","protected":false},"excerpt":{"rendered":"<p>Erkunden Sie die historischen Kirchen in Kotor, von der ikonischen St.-Tryphon-Kathedrale bis zu weniger bekannten Juwelen wie St. Nikolaus und Sveti Luka. Entdecken Sie ihre reiche Architektur, kulturelle Bedeutung und versteckte Sch\u00e4tze in der Altstadt.<\/p>\n","protected":false},"author":1,"featured_media":134164,"parent":134133,"menu_order":0,"comment_status":"closed","ping_status":"closed","template":"","meta":{"_yoast_wpseo_focuskw":"Kirchen in Kotor","_yoast_wpseo_metadesc":"Entdecken Sie die historischen Kirchen in Kotor, darunter die St.-Tryphon-Kathedrale und mehr. Erkunden Sie ihre Architektur, Geschichte und kulturelle Bedeutung in der Altstadt von Montenegro.","_kad_post_transparent":"","_kad_post_title":"","_kad_post_layout":"","_kad_post_sidebar_id":"","_kad_post_content_style":"","_kad_post_vertical_padding":"","_kad_post_feature":"","_kad_post_feature_position":"","_kad_post_header":false,"_kad_post_footer":false,"_kad_post_classname":"","iawp_total_views":14,"footnotes":""},"tags":[140,52,139,62,141,76],"class_list":["post-134163","page","type-page","status-publish","has-post-thumbnail","hentry","tag-crna-gora","tag-montenegro","tag-news","tag-tourism","tag-travel","tag-visit"],"yoast_head":"<!-- This site is optimized with the Yoast SEO plugin v27.3 - https:\/\/yoast.com\/product\/yoast-seo-wordpress\/ -->\n<title>Kirchen in Kotor - Visit Montenegro<\/title>\n<meta name=\"description\" content=\"Entdecken Sie die historischen Kirchen in Kotor, darunter die St.-Tryphon-Kathedrale und mehr. Erkunden Sie ihre Architektur, Geschichte und kulturelle Bedeutung in der Altstadt von Montenegro.\" \/>\n<meta name=\"robots\" content=\"index, follow, max-snippet:-1, max-image-preview:large, max-video-preview:-1\" \/>\n<link rel=\"canonical\" href=\"https:\/\/www.visit-montenegro.com\/de\/reiseziele\/kotor\/info\/kirchen\/\" \/>\n<meta property=\"og:locale\" content=\"de_DE\" \/>\n<meta property=\"og:type\" content=\"article\" \/>\n<meta property=\"og:title\" content=\"Kirchen in Kotor - Visit Montenegro\" \/>\n<meta property=\"og:description\" content=\"Entdecken Sie die historischen Kirchen in Kotor, darunter die St.-Tryphon-Kathedrale und mehr. Erkunden Sie ihre Architektur, Geschichte und kulturelle Bedeutung in der Altstadt von Montenegro.\" \/>\n<meta property=\"og:url\" content=\"https:\/\/www.visit-montenegro.com\/de\/reiseziele\/kotor\/info\/kirchen\/\" \/>\n<meta property=\"og:site_name\" content=\"Visit Montenegro\" \/>\n<meta property=\"article:publisher\" content=\"https:\/\/www.facebook.com\/visitmontenegro\" \/>\n<meta property=\"article:modified_time\" content=\"2026-02-22T16:17:57+00:00\" \/>\n<meta property=\"og:image\" content=\"https:\/\/www.visit-montenegro.com\/wp-content\/uploads\/2026\/01\/kotor-our-lady-of-remedy-02-scaled.jpg\" \/>\n\t<meta property=\"og:image:width\" content=\"1600\" \/>\n\t<meta property=\"og:image:height\" content=\"1067\" \/>\n\t<meta property=\"og:image:type\" content=\"image\/jpeg\" \/>\n<meta name=\"twitter:card\" content=\"summary_large_image\" \/>\n<meta name=\"twitter:site\" content=\"@visitmontenegro\" \/>\n<meta name=\"twitter:label1\" content=\"Gesch\u00e4tzte Lesezeit\" \/>\n\t<meta name=\"twitter:data1\" content=\"5\u00a0Minuten\" \/>\n<script type=\"application\/ld+json\" class=\"yoast-schema-graph\">{\"@context\":\"https:\\\/\\\/schema.org\",\"@graph\":[{\"@type\":\"WebPage\",\"@id\":\"https:\\\/\\\/www.visit-montenegro.com\\\/de\\\/reiseziele\\\/kotor\\\/info\\\/kirchen\\\/\",\"url\":\"https:\\\/\\\/www.visit-montenegro.com\\\/de\\\/reiseziele\\\/kotor\\\/info\\\/kirchen\\\/\",\"name\":\"Kirchen in Kotor - Visit Montenegro\",\"isPartOf\":{\"@id\":\"https:\\\/\\\/www.visit-montenegro.com\\\/de\\\/#website\"},\"primaryImageOfPage\":{\"@id\":\"https:\\\/\\\/www.visit-montenegro.com\\\/de\\\/reiseziele\\\/kotor\\\/info\\\/kirchen\\\/#primaryimage\"},\"image\":{\"@id\":\"https:\\\/\\\/www.visit-montenegro.com\\\/de\\\/reiseziele\\\/kotor\\\/info\\\/kirchen\\\/#primaryimage\"},\"thumbnailUrl\":\"https:\\\/\\\/www.visit-montenegro.com\\\/wp-content\\\/uploads\\\/2026\\\/01\\\/kotor-our-lady-of-remedy-02-scaled.jpg\",\"datePublished\":\"2026-01-27T20:44:31+00:00\",\"dateModified\":\"2026-02-22T16:17:57+00:00\",\"description\":\"Entdecken Sie die historischen Kirchen in Kotor, darunter die St.-Tryphon-Kathedrale und mehr. Erkunden Sie ihre Architektur, Geschichte und kulturelle Bedeutung in der Altstadt von Montenegro.\",\"breadcrumb\":{\"@id\":\"https:\\\/\\\/www.visit-montenegro.com\\\/de\\\/reiseziele\\\/kotor\\\/info\\\/kirchen\\\/#breadcrumb\"},\"inLanguage\":\"de\",\"potentialAction\":[{\"@type\":\"ReadAction\",\"target\":[\"https:\\\/\\\/www.visit-montenegro.com\\\/de\\\/reiseziele\\\/kotor\\\/info\\\/kirchen\\\/\"]}]},{\"@type\":\"ImageObject\",\"inLanguage\":\"de\",\"@id\":\"https:\\\/\\\/www.visit-montenegro.com\\\/de\\\/reiseziele\\\/kotor\\\/info\\\/kirchen\\\/#primaryimage\",\"url\":\"https:\\\/\\\/www.visit-montenegro.com\\\/wp-content\\\/uploads\\\/2026\\\/01\\\/kotor-our-lady-of-remedy-02-scaled.jpg\",\"contentUrl\":\"https:\\\/\\\/www.visit-montenegro.com\\\/wp-content\\\/uploads\\\/2026\\\/01\\\/kotor-our-lady-of-remedy-02-scaled.jpg\",\"width\":1600,\"height\":1067,\"caption\":\"Alte Steinkirche in den Bergen\"},{\"@type\":\"BreadcrumbList\",\"@id\":\"https:\\\/\\\/www.visit-montenegro.com\\\/de\\\/reiseziele\\\/kotor\\\/info\\\/kirchen\\\/#breadcrumb\",\"itemListElement\":[{\"@type\":\"ListItem\",\"position\":1,\"name\":\"Home\",\"item\":\"https:\\\/\\\/www.visit-montenegro.com\\\/de\\\/home\\\/\"},{\"@type\":\"ListItem\",\"position\":2,\"name\":\"Reiseziele in Montenegro\",\"item\":\"https:\\\/\\\/www.visit-montenegro.com\\\/de\\\/reiseziele\\\/\"},{\"@type\":\"ListItem\",\"position\":3,\"name\":\"Kotor\",\"item\":\"https:\\\/\\\/www.visit-montenegro.com\\\/de\\\/reiseziele\\\/kotor\\\/\"},{\"@type\":\"ListItem\",\"position\":4,\"name\":\"Mehr \u00fcber Kotor\",\"item\":\"https:\\\/\\\/www.visit-montenegro.com\\\/de\\\/reiseziele\\\/kotor\\\/info\\\/\"},{\"@type\":\"ListItem\",\"position\":5,\"name\":\"Kirchen in Kotor\"}]},{\"@type\":\"WebSite\",\"@id\":\"https:\\\/\\\/www.visit-montenegro.com\\\/de\\\/#website\",\"url\":\"https:\\\/\\\/www.visit-montenegro.com\\\/de\\\/\",\"name\":\"Visit Montenegro\",\"description\":\"Breathtaking beauty\",\"publisher\":{\"@id\":\"https:\\\/\\\/www.visit-montenegro.com\\\/de\\\/#organization\"},\"potentialAction\":[{\"@type\":\"SearchAction\",\"target\":{\"@type\":\"EntryPoint\",\"urlTemplate\":\"https:\\\/\\\/www.visit-montenegro.com\\\/de\\\/?s={search_term_string}\"},\"query-input\":{\"@type\":\"PropertyValueSpecification\",\"valueRequired\":true,\"valueName\":\"search_term_string\"}}],\"inLanguage\":\"de\"},{\"@type\":\"Organization\",\"@id\":\"https:\\\/\\\/www.visit-montenegro.com\\\/de\\\/#organization\",\"name\":\"Visit Montenegro\",\"url\":\"https:\\\/\\\/www.visit-montenegro.com\\\/de\\\/\",\"logo\":{\"@type\":\"ImageObject\",\"inLanguage\":\"de\",\"@id\":\"https:\\\/\\\/www.visit-montenegro.com\\\/de\\\/#\\\/schema\\\/logo\\\/image\\\/\",\"url\":\"https:\\\/\\\/www.visit-montenegro.com\\\/wp-content\\\/uploads\\\/2017\\\/10\\\/logo-amp.png\",\"contentUrl\":\"https:\\\/\\\/www.visit-montenegro.com\\\/wp-content\\\/uploads\\\/2017\\\/10\\\/logo-amp.png\",\"width\":190,\"height\":36,\"caption\":\"Visit Montenegro\"},\"image\":{\"@id\":\"https:\\\/\\\/www.visit-montenegro.com\\\/de\\\/#\\\/schema\\\/logo\\\/image\\\/\"},\"sameAs\":[\"https:\\\/\\\/www.facebook.com\\\/visitmontenegro\",\"https:\\\/\\\/x.com\\\/visitmontenegro\",\"https:\\\/\\\/www.instagram.com\\\/visit_montenegro\\\/\",\"https:\\\/\\\/www.youtube.com\\\/user\\\/VisitMontenegro\"]}]}<\/script>\n<!-- \/ Yoast SEO plugin. -->","yoast_head_json":{"title":"Kirchen in Kotor - Visit Montenegro","description":"Entdecken Sie die historischen Kirchen in Kotor, darunter die St.-Tryphon-Kathedrale und mehr. Erkunden Sie ihre Architektur, Geschichte und kulturelle Bedeutung in der Altstadt von Montenegro.","robots":{"index":"index","follow":"follow","max-snippet":"max-snippet:-1","max-image-preview":"max-image-preview:large","max-video-preview":"max-video-preview:-1"},"canonical":"https:\/\/www.visit-montenegro.com\/de\/reiseziele\/kotor\/info\/kirchen\/","og_locale":"de_DE","og_type":"article","og_title":"Kirchen in Kotor - Visit Montenegro","og_description":"Entdecken Sie die historischen Kirchen in Kotor, darunter die St.-Tryphon-Kathedrale und mehr. Erkunden Sie ihre Architektur, Geschichte und kulturelle Bedeutung in der Altstadt von Montenegro.","og_url":"https:\/\/www.visit-montenegro.com\/de\/reiseziele\/kotor\/info\/kirchen\/","og_site_name":"Visit Montenegro","article_publisher":"https:\/\/www.facebook.com\/visitmontenegro","article_modified_time":"2026-02-22T16:17:57+00:00","og_image":[{"width":1600,"height":1067,"url":"https:\/\/www.visit-montenegro.com\/wp-content\/uploads\/2026\/01\/kotor-our-lady-of-remedy-02-scaled.jpg","type":"image\/jpeg"}],"twitter_card":"summary_large_image","twitter_site":"@visitmontenegro","twitter_misc":{"Gesch\u00e4tzte Lesezeit":"5\u00a0Minuten"},"schema":{"@context":"https:\/\/schema.org","@graph":[{"@type":"WebPage","@id":"https:\/\/www.visit-montenegro.com\/de\/reiseziele\/kotor\/info\/kirchen\/","url":"https:\/\/www.visit-montenegro.com\/de\/reiseziele\/kotor\/info\/kirchen\/","name":"Kirchen in Kotor - Visit Montenegro","isPartOf":{"@id":"https:\/\/www.visit-montenegro.com\/de\/#website"},"primaryImageOfPage":{"@id":"https:\/\/www.visit-montenegro.com\/de\/reiseziele\/kotor\/info\/kirchen\/#primaryimage"},"image":{"@id":"https:\/\/www.visit-montenegro.com\/de\/reiseziele\/kotor\/info\/kirchen\/#primaryimage"},"thumbnailUrl":"https:\/\/www.visit-montenegro.com\/wp-content\/uploads\/2026\/01\/kotor-our-lady-of-remedy-02-scaled.jpg","datePublished":"2026-01-27T20:44:31+00:00","dateModified":"2026-02-22T16:17:57+00:00","description":"Entdecken Sie die historischen Kirchen in Kotor, darunter die St.-Tryphon-Kathedrale und mehr. Erkunden Sie ihre Architektur, Geschichte und kulturelle Bedeutung in der Altstadt von Montenegro.","breadcrumb":{"@id":"https:\/\/www.visit-montenegro.com\/de\/reiseziele\/kotor\/info\/kirchen\/#breadcrumb"},"inLanguage":"de","potentialAction":[{"@type":"ReadAction","target":["https:\/\/www.visit-montenegro.com\/de\/reiseziele\/kotor\/info\/kirchen\/"]}]},{"@type":"ImageObject","inLanguage":"de","@id":"https:\/\/www.visit-montenegro.com\/de\/reiseziele\/kotor\/info\/kirchen\/#primaryimage","url":"https:\/\/www.visit-montenegro.com\/wp-content\/uploads\/2026\/01\/kotor-our-lady-of-remedy-02-scaled.jpg","contentUrl":"https:\/\/www.visit-montenegro.com\/wp-content\/uploads\/2026\/01\/kotor-our-lady-of-remedy-02-scaled.jpg","width":1600,"height":1067,"caption":"Alte Steinkirche in den Bergen"},{"@type":"BreadcrumbList","@id":"https:\/\/www.visit-montenegro.com\/de\/reiseziele\/kotor\/info\/kirchen\/#breadcrumb","itemListElement":[{"@type":"ListItem","position":1,"name":"Home","item":"https:\/\/www.visit-montenegro.com\/de\/home\/"},{"@type":"ListItem","position":2,"name":"Reiseziele in Montenegro","item":"https:\/\/www.visit-montenegro.com\/de\/reiseziele\/"},{"@type":"ListItem","position":3,"name":"Kotor","item":"https:\/\/www.visit-montenegro.com\/de\/reiseziele\/kotor\/"},{"@type":"ListItem","position":4,"name":"Mehr \u00fcber Kotor","item":"https:\/\/www.visit-montenegro.com\/de\/reiseziele\/kotor\/info\/"},{"@type":"ListItem","position":5,"name":"Kirchen in Kotor"}]},{"@type":"WebSite","@id":"https:\/\/www.visit-montenegro.com\/de\/#website","url":"https:\/\/www.visit-montenegro.com\/de\/","name":"Visit Montenegro","description":"Breathtaking beauty","publisher":{"@id":"https:\/\/www.visit-montenegro.com\/de\/#organization"},"potentialAction":[{"@type":"SearchAction","target":{"@type":"EntryPoint","urlTemplate":"https:\/\/www.visit-montenegro.com\/de\/?s={search_term_string}"},"query-input":{"@type":"PropertyValueSpecification","valueRequired":true,"valueName":"search_term_string"}}],"inLanguage":"de"},{"@type":"Organization","@id":"https:\/\/www.visit-montenegro.com\/de\/#organization","name":"Visit Montenegro","url":"https:\/\/www.visit-montenegro.com\/de\/","logo":{"@type":"ImageObject","inLanguage":"de","@id":"https:\/\/www.visit-montenegro.com\/de\/#\/schema\/logo\/image\/","url":"https:\/\/www.visit-montenegro.com\/wp-content\/uploads\/2017\/10\/logo-amp.png","contentUrl":"https:\/\/www.visit-montenegro.com\/wp-content\/uploads\/2017\/10\/logo-amp.png","width":190,"height":36,"caption":"Visit Montenegro"},"image":{"@id":"https:\/\/www.visit-montenegro.com\/de\/#\/schema\/logo\/image\/"},"sameAs":["https:\/\/www.facebook.com\/visitmontenegro","https:\/\/x.com\/visitmontenegro","https:\/\/www.instagram.com\/visit_montenegro\/","https:\/\/www.youtube.com\/user\/VisitMontenegro"]}]}},"translations":[],"_links":{"self":[{"href":"https:\/\/www.visit-montenegro.com\/de\/wp-json\/wp\/v2\/pages\/134163","targetHints":{"allow":["GET"]}}],"collection":[{"href":"https:\/\/www.visit-montenegro.com\/de\/wp-json\/wp\/v2\/pages"}],"about":[{"href":"https:\/\/www.visit-montenegro.com\/de\/wp-json\/wp\/v2\/types\/page"}],"author":[{"embeddable":true,"href":"https:\/\/www.visit-montenegro.com\/de\/wp-json\/wp\/v2\/users\/1"}],"replies":[{"embeddable":true,"href":"https:\/\/www.visit-montenegro.com\/de\/wp-json\/wp\/v2\/comments?post=134163"}],"version-history":[{"count":0,"href":"https:\/\/www.visit-montenegro.com\/de\/wp-json\/wp\/v2\/pages\/134163\/revisions"}],"up":[{"embeddable":true,"href":"https:\/\/www.visit-montenegro.com\/de\/wp-json\/wp\/v2\/pages\/134133"}],"wp:featuredmedia":[{"embeddable":true,"href":"https:\/\/www.visit-montenegro.com\/de\/wp-json\/wp\/v2\/media\/134164"}],"wp:attachment":[{"href":"https:\/\/www.visit-montenegro.com\/de\/wp-json\/wp\/v2\/media?parent=134163"}],"wp:term":[{"taxonomy":"post_tag","embeddable":true,"href":"https:\/\/www.visit-montenegro.com\/de\/wp-json\/wp\/v2\/tags?post=134163"}],"curies":[{"name":"wp","href":"https:\/\/api.w.org\/{rel}","templated":true}]}}