{"id":134175,"date":"2026-01-27T21:44:31","date_gmt":"2026-01-27T20:44:31","guid":{"rendered":"https:\/\/new.visit-montenegro.com\/ziele\/budva__trashed\/info\/straende\/"},"modified":"2026-02-22T17:17:57","modified_gmt":"2026-02-22T16:17:57","slug":"straende","status":"publish","type":"page","link":"https:\/\/www.visit-montenegro.com\/de\/reiseziele\/budva\/info\/straende\/","title":{"rendered":"Budva Str\u00e4nde"},"content":{"rendered":"\n<p>Budvas K\u00fcste erstreckt sich \u00fcber 25 Kilometer und bietet <strong>20 pr\u00e4chtige Str\u00e4nde<\/strong> mit einem mediterranen Klima aus milden Wintern und hei\u00dfen, trockenen Sommern. Die Region genie\u00dft 182 Sonnentage pro Jahr, und die Meerwassertemperaturen liegen im Sommer zwischen 21 und 25 Grad Celsius.<\/p>\n\n<p>Hier ist eine Liste der <strong>Top 5 Str\u00e4nde in <a href=\"https:\/\/www.visit-montenegro.com\/de\/reiseziele\/budva\/\">Budva<\/a><\/strong>.<\/p>\n\n<h2 class=\"wp-block-heading\">Top 5 Str\u00e4nde in Budva<\/h2>\n\n<h3 class=\"wp-block-heading\">Mogren I und II<\/h3>\n\n<p>Der Mogren-Strand besteht aus zwei sch\u00f6nen Str\u00e4nden, die durch einen Tunnel verbunden sind. Dieser Strand hat die Blaue Flagge erhalten, die hohe Umweltstandards und reines Wasser symbolisiert. Er ist leicht \u00fcber einen Fu\u00dfg\u00e4ngerweg von der Altstadt Budva aus erreichbar und bietet gro\u00dfz\u00fcgige Ausblicke auf die Altstadt und den Horizont.<\/p>\n\n<figure class=\"wp-block-image size-large\"><img loading=\"lazy\" decoding=\"async\" width=\"1024\" height=\"683\" src=\"https:\/\/www.visit-montenegro.com\/wp-content\/uploads\/2026\/01\/budva-mogren-beach-1024x683.jpg\" alt=\"\" class=\"wp-image-36008\" srcset=\"https:\/\/www.visit-montenegro.com\/wp-content\/uploads\/2026\/01\/budva-mogren-beach-1024x683.jpg 1024w, https:\/\/www.visit-montenegro.com\/wp-content\/uploads\/2026\/01\/budva-mogren-beach-300x200.jpg 300w, https:\/\/www.visit-montenegro.com\/wp-content\/uploads\/2026\/01\/budva-mogren-beach-768x512.jpg 768w, https:\/\/www.visit-montenegro.com\/wp-content\/uploads\/2026\/01\/budva-mogren-beach-1536x1024.jpg 1536w, https:\/\/www.visit-montenegro.com\/wp-content\/uploads\/2026\/01\/budva-mogren-beach-1200x800.jpg 1200w, https:\/\/www.visit-montenegro.com\/wp-content\/uploads\/2026\/01\/budva-mogren-beach-scaled.jpg 1600w\" sizes=\"auto, (max-width: 1024px) 100vw, 1024px\" \/><figcaption class=\"wp-element-caption\">Sonnenanbeter auf dem beliebten Mogren-Strand in Budva, Montenegro.<\/figcaption><\/figure>\n\n<p>Dieser abgeschiedene und intime Ort ist einzigartig, mit bunten Kieselsteinen und Kalksteinklippen, die eine lebendige nat\u00fcrliche Befestigung bilden. Daher ist er besonders bei j\u00fcngeren Besuchern sehr beliebt.<\/p>\n\n<h3 class=\"wp-block-heading\">Milocer Strand<\/h3>\n\n<p>Der Milocer Strand ist Teil des Aman Resorts in <a href=\"https:\/\/www.visit-montenegro.com\/de\/reiseziele\/budva\/sehenswuerdigkeiten\/sveti-stefan\/\">Sveti Stefan<\/a> und steht nur Hotelg\u00e4sten zur Verf\u00fcgung, wobei der Zugang 70 \u20ac pro Person kostet. Die Mischung aus \u00fcppiger Vegetation, einer sch\u00f6nen kleinen Bucht, kristallklarem Wasser und dem Duft von Jod und Kiefern macht einen Besuch lohnenswert. Au\u00dferdem bietet der Weg zwischen diesem Strand und Sveti Stefan glitzernde Ausblicke auf die Adria.<\/p>\n\n<figure class=\"wp-block-image size-large\"><img loading=\"lazy\" decoding=\"async\" width=\"1024\" height=\"709\" src=\"https:\/\/www.visit-montenegro.com\/wp-content\/uploads\/2019\/08\/queens-beach-1024x709.jpg\" alt=\"K&#xF6;niginnenstrand\" class=\"wp-image-35422\" srcset=\"https:\/\/www.visit-montenegro.com\/wp-content\/uploads\/2019\/08\/queens-beach-1024x709.jpg 1024w, https:\/\/www.visit-montenegro.com\/wp-content\/uploads\/2019\/08\/queens-beach-300x208.jpg 300w, https:\/\/www.visit-montenegro.com\/wp-content\/uploads\/2019\/08\/queens-beach-768x532.jpg 768w, https:\/\/www.visit-montenegro.com\/wp-content\/uploads\/2019\/08\/queens-beach.jpg 1034w\" sizes=\"auto, (max-width: 1024px) 100vw, 1024px\" \/><\/figure>\n\n<h3 class=\"wp-block-heading\">Jaz Strand<\/h3>\n\n<p>Der Jaz Strand, 2,5 Kilometer von Budva entfernt, ist einer der drei gr\u00f6\u00dften Str\u00e4nde an der montenegrinischen K\u00fcste.<\/p>\n\n<figure class=\"wp-block-image size-large\"><img loading=\"lazy\" decoding=\"async\" width=\"1024\" height=\"682\" src=\"https:\/\/www.visit-montenegro.com\/wp-content\/uploads\/2019\/08\/jaz-1024x682.jpg\" alt=\"Jaz Strand, Budva\" class=\"wp-image-35418\" srcset=\"https:\/\/www.visit-montenegro.com\/wp-content\/uploads\/2019\/08\/jaz-1024x682.jpg 1024w, https:\/\/www.visit-montenegro.com\/wp-content\/uploads\/2019\/08\/jaz-300x200.jpg 300w, https:\/\/www.visit-montenegro.com\/wp-content\/uploads\/2019\/08\/jaz-768x511.jpg 768w, https:\/\/www.visit-montenegro.com\/wp-content\/uploads\/2019\/08\/jaz-90x60.jpg 90w, https:\/\/www.visit-montenegro.com\/wp-content\/uploads\/2019\/08\/jaz-180x120.jpg 180w, https:\/\/www.visit-montenegro.com\/wp-content\/uploads\/2019\/08\/jaz-95x64.jpg 95w, https:\/\/www.visit-montenegro.com\/wp-content\/uploads\/2019\/08\/jaz.jpg 1600w\" sizes=\"auto, (max-width: 1024px) 100vw, 1024px\" \/><figcaption class=\"wp-element-caption\">Jaz Strand, Budva<\/figcaption><\/figure>\n\n<p>Restaurants und Einrichtungen sind unter einem H\u00fcgel versteckt, beschattet von mediterranen B\u00e4umen. Der Strand ist kiesig, aber im Wasser sp\u00fcrt man Sand unter den F\u00fc\u00dfen. Umgeben von unber\u00fchrter Natur zieht er Naturliebhaber an, die Camping genie\u00dfen. Tats\u00e4chlich erkl\u00e4rte Lonely Planet ihn 2015 zum besten europ\u00e4ischen Strand, also ist er ein Muss.<\/p>\n\n<h3 class=\"wp-block-heading\">Kamenovo Strand<\/h3>\n\n<p>Der Kamenovo Strand ist von der Autobahn und einem Fu\u00dfg\u00e4ngerweg von Becici durch einen Tunnel erreichbar. Sein spezieller Sand verleiht dem Meerwasser eine t\u00fcrkisfarbene Farbe, die sich mit dem Sonnenwinkel zu Azurblau \u00e4ndert, was ihn sehr fotogen macht.<\/p>\n\n<figure class=\"wp-block-image size-large\"><img loading=\"lazy\" decoding=\"async\" width=\"1024\" height=\"768\" src=\"https:\/\/www.visit-montenegro.com\/wp-content\/uploads\/2026\/01\/kamenovo-beach-1024x768.jpg\" alt=\"\" class=\"wp-image-36019\" srcset=\"https:\/\/www.visit-montenegro.com\/wp-content\/uploads\/2026\/01\/kamenovo-beach-1024x768.jpg 1024w, https:\/\/www.visit-montenegro.com\/wp-content\/uploads\/2026\/01\/kamenovo-beach-300x225.jpg 300w, https:\/\/www.visit-montenegro.com\/wp-content\/uploads\/2026\/01\/kamenovo-beach-768x576.jpg 768w, https:\/\/www.visit-montenegro.com\/wp-content\/uploads\/2026\/01\/kamenovo-beach-1536x1152.jpg 1536w, https:\/\/www.visit-montenegro.com\/wp-content\/uploads\/2026\/01\/kamenovo-beach-1200x900.jpg 1200w, https:\/\/www.visit-montenegro.com\/wp-content\/uploads\/2026\/01\/kamenovo-beach-scaled.jpg 1600w\" sizes=\"auto, (max-width: 1024px) 100vw, 1024px\" \/><figcaption class=\"wp-element-caption\">Sch\u00f6ner Strand an Budvas Riviera in Montenegro<\/figcaption><\/figure>\n\n<p>Der Strand hat viele Sonnenstunden und erstaunliche Sonnenunterg\u00e4nge. Zahlreiche Restaurants, Caf\u00e9s und Partys machen ihn bei j\u00fcngeren Menschen beliebt. F\u00fcr andere bietet er romantische Sonnenunterg\u00e4nge f\u00fcr einen unvergesslichen Urlaub.<\/p>\n\n<h3 class=\"wp-block-heading\">St. Nikolaus Insel Strand<\/h3>\n\n<p>F\u00fcr diejenigen, die friedliche Orte suchen, bietet die St. Nikolaus Insel (im Volksmund Hawaii genannt) Fahrten und Schwimmen sowie Bootstouren entlang der K\u00fcste.<\/p>\n\n<figure class=\"wp-block-image size-large\"><img loading=\"lazy\" decoding=\"async\" width=\"1024\" height=\"683\" src=\"https:\/\/www.visit-montenegro.com\/wp-content\/uploads\/2026\/01\/budva-island-beach-1024x683.jpg\" alt=\"\" class=\"wp-image-36005\" srcset=\"https:\/\/www.visit-montenegro.com\/wp-content\/uploads\/2026\/01\/budva-island-beach-1024x683.jpg 1024w, https:\/\/www.visit-montenegro.com\/wp-content\/uploads\/2026\/01\/budva-island-beach-300x200.jpg 300w, https:\/\/www.visit-montenegro.com\/wp-content\/uploads\/2026\/01\/budva-island-beach-768x512.jpg 768w, https:\/\/www.visit-montenegro.com\/wp-content\/uploads\/2026\/01\/budva-island-beach-1536x1024.jpg 1536w, https:\/\/www.visit-montenegro.com\/wp-content\/uploads\/2026\/01\/budva-island-beach-1200x800.jpg 1200w, https:\/\/www.visit-montenegro.com\/wp-content\/uploads\/2026\/01\/budva-island-beach-scaled.jpg 1600w\" sizes=\"auto, (max-width: 1024px) 100vw, 1024px\" \/><figcaption class=\"wp-element-caption\">Der Strand und die Klippen auf der Insel St. Nikolaus in Budva, Montenegro. Paradiesstrand auf einer Insel im Meer<\/figcaption><\/figure>\n","protected":false},"excerpt":{"rendered":"<p>Erkunden Sie Budvas atemberaubende K\u00fcste mit 20 pr\u00e4chtigen Str\u00e4nden, ideal f\u00fcr Sonnenanbeter und Naturliebhaber. Entdecken Sie Top-Spots wie Mogren, Jaz und Kamenovo, die jeweils einzigartigen Charme und Aktivit\u00e4ten bieten. Planen Sie Ihre Reise, um Montenegros Adriasch\u00f6nheit hautnah zu erleben.<\/p>\n","protected":false},"author":1,"featured_media":134176,"parent":134169,"menu_order":0,"comment_status":"closed","ping_status":"closed","template":"","meta":{"_yoast_wpseo_focuskw":"Budva Str\u00e4nde","_yoast_wpseo_metadesc":"Entdecken Sie die besten Budva Str\u00e4nde, von Mogrens blau-flaggen Sand bis zu Jazs preisgekr\u00f6nten K\u00fcsten. Planen Sie Ihren perfekten K\u00fcstenurlaub in Montenegros sonnigem Paradies.","_kad_post_transparent":"","_kad_post_title":"","_kad_post_layout":"","_kad_post_sidebar_id":"","_kad_post_content_style":"","_kad_post_vertical_padding":"","_kad_post_feature":"","_kad_post_feature_position":"","_kad_post_header":false,"_kad_post_footer":false,"_kad_post_classname":"","iawp_total_views":18,"footnotes":""},"tags":[140,52,139,62,141,76],"class_list":["post-134175","page","type-page","status-publish","has-post-thumbnail","hentry","tag-crna-gora","tag-montenegro","tag-news","tag-tourism","tag-travel","tag-visit"],"yoast_head":"<!-- This site is optimized with the Yoast SEO plugin v27.3 - https:\/\/yoast.com\/product\/yoast-seo-wordpress\/ -->\n<title>Budva Str\u00e4nde - Visit Montenegro<\/title>\n<meta name=\"description\" content=\"Entdecken Sie die besten Budva Str\u00e4nde, von Mogrens blau-flaggen Sand bis zu Jazs preisgekr\u00f6nten K\u00fcsten. Planen Sie Ihren perfekten K\u00fcstenurlaub in Montenegros sonnigem Paradies.\" \/>\n<meta name=\"robots\" content=\"index, follow, max-snippet:-1, max-image-preview:large, max-video-preview:-1\" \/>\n<link rel=\"canonical\" href=\"https:\/\/www.visit-montenegro.com\/de\/reiseziele\/budva\/info\/straende\/\" \/>\n<meta property=\"og:locale\" content=\"de_DE\" \/>\n<meta property=\"og:type\" content=\"article\" \/>\n<meta property=\"og:title\" content=\"Budva Str\u00e4nde - Visit Montenegro\" \/>\n<meta property=\"og:description\" content=\"Entdecken Sie die besten Budva Str\u00e4nde, von Mogrens blau-flaggen Sand bis zu Jazs preisgekr\u00f6nten K\u00fcsten. Planen Sie Ihren perfekten K\u00fcstenurlaub in Montenegros sonnigem Paradies.\" \/>\n<meta property=\"og:url\" content=\"https:\/\/www.visit-montenegro.com\/de\/reiseziele\/budva\/info\/straende\/\" \/>\n<meta property=\"og:site_name\" content=\"Visit Montenegro\" \/>\n<meta property=\"article:publisher\" content=\"https:\/\/www.facebook.com\/visitmontenegro\" \/>\n<meta property=\"article:modified_time\" content=\"2026-02-22T16:17:57+00:00\" \/>\n<meta property=\"og:image\" content=\"https:\/\/www.visit-montenegro.com\/wp-content\/uploads\/2026\/01\/beach-family-02-scaled.jpg\" \/>\n\t<meta property=\"og:image:width\" content=\"1600\" \/>\n\t<meta property=\"og:image:height\" content=\"1067\" \/>\n\t<meta property=\"og:image:type\" content=\"image\/jpeg\" \/>\n<meta name=\"twitter:card\" content=\"summary_large_image\" \/>\n<meta name=\"twitter:site\" content=\"@visitmontenegro\" \/>\n<meta name=\"twitter:label1\" content=\"Gesch\u00e4tzte Lesezeit\" \/>\n\t<meta name=\"twitter:data1\" content=\"2\u00a0Minuten\" \/>\n<script type=\"application\/ld+json\" class=\"yoast-schema-graph\">{\"@context\":\"https:\\\/\\\/schema.org\",\"@graph\":[{\"@type\":\"WebPage\",\"@id\":\"https:\\\/\\\/www.visit-montenegro.com\\\/de\\\/reiseziele\\\/budva\\\/info\\\/straende\\\/\",\"url\":\"https:\\\/\\\/www.visit-montenegro.com\\\/de\\\/reiseziele\\\/budva\\\/info\\\/straende\\\/\",\"name\":\"Budva Str\u00e4nde - Visit Montenegro\",\"isPartOf\":{\"@id\":\"https:\\\/\\\/www.visit-montenegro.com\\\/de\\\/#website\"},\"primaryImageOfPage\":{\"@id\":\"https:\\\/\\\/www.visit-montenegro.com\\\/de\\\/reiseziele\\\/budva\\\/info\\\/straende\\\/#primaryimage\"},\"image\":{\"@id\":\"https:\\\/\\\/www.visit-montenegro.com\\\/de\\\/reiseziele\\\/budva\\\/info\\\/straende\\\/#primaryimage\"},\"thumbnailUrl\":\"https:\\\/\\\/www.visit-montenegro.com\\\/wp-content\\\/uploads\\\/2026\\\/01\\\/beach-family-02-scaled.jpg\",\"datePublished\":\"2026-01-27T20:44:31+00:00\",\"dateModified\":\"2026-02-22T16:17:57+00:00\",\"description\":\"Entdecken Sie die besten Budva Str\u00e4nde, von Mogrens blau-flaggen Sand bis zu Jazs preisgekr\u00f6nten K\u00fcsten. Planen Sie Ihren perfekten K\u00fcstenurlaub in Montenegros sonnigem Paradies.\",\"breadcrumb\":{\"@id\":\"https:\\\/\\\/www.visit-montenegro.com\\\/de\\\/reiseziele\\\/budva\\\/info\\\/straende\\\/#breadcrumb\"},\"inLanguage\":\"de\",\"potentialAction\":[{\"@type\":\"ReadAction\",\"target\":[\"https:\\\/\\\/www.visit-montenegro.com\\\/de\\\/reiseziele\\\/budva\\\/info\\\/straende\\\/\"]}]},{\"@type\":\"ImageObject\",\"inLanguage\":\"de\",\"@id\":\"https:\\\/\\\/www.visit-montenegro.com\\\/de\\\/reiseziele\\\/budva\\\/info\\\/straende\\\/#primaryimage\",\"url\":\"https:\\\/\\\/www.visit-montenegro.com\\\/wp-content\\\/uploads\\\/2026\\\/01\\\/beach-family-02-scaled.jpg\",\"contentUrl\":\"https:\\\/\\\/www.visit-montenegro.com\\\/wp-content\\\/uploads\\\/2026\\\/01\\\/beach-family-02-scaled.jpg\",\"width\":1600,\"height\":1067,\"caption\":\"Gl\u00fcckliche junge Familie spaziert am Strand bei Sonnenuntergang. Gl\u00fccklicher Familienlifestyle\"},{\"@type\":\"BreadcrumbList\",\"@id\":\"https:\\\/\\\/www.visit-montenegro.com\\\/de\\\/reiseziele\\\/budva\\\/info\\\/straende\\\/#breadcrumb\",\"itemListElement\":[{\"@type\":\"ListItem\",\"position\":1,\"name\":\"Home\",\"item\":\"https:\\\/\\\/www.visit-montenegro.com\\\/de\\\/home\\\/\"},{\"@type\":\"ListItem\",\"position\":2,\"name\":\"Reiseziele in Montenegro\",\"item\":\"https:\\\/\\\/www.visit-montenegro.com\\\/de\\\/reiseziele\\\/\"},{\"@type\":\"ListItem\",\"position\":3,\"name\":\"Budva\",\"item\":\"https:\\\/\\\/www.visit-montenegro.com\\\/de\\\/reiseziele\\\/budva\\\/\"},{\"@type\":\"ListItem\",\"position\":4,\"name\":\"Mehr \u00fcber Budva\",\"item\":\"https:\\\/\\\/www.visit-montenegro.com\\\/de\\\/reiseziele\\\/budva\\\/info\\\/\"},{\"@type\":\"ListItem\",\"position\":5,\"name\":\"Budva Str\u00e4nde\"}]},{\"@type\":\"WebSite\",\"@id\":\"https:\\\/\\\/www.visit-montenegro.com\\\/de\\\/#website\",\"url\":\"https:\\\/\\\/www.visit-montenegro.com\\\/de\\\/\",\"name\":\"Visit Montenegro\",\"description\":\"Breathtaking beauty\",\"publisher\":{\"@id\":\"https:\\\/\\\/www.visit-montenegro.com\\\/de\\\/#organization\"},\"potentialAction\":[{\"@type\":\"SearchAction\",\"target\":{\"@type\":\"EntryPoint\",\"urlTemplate\":\"https:\\\/\\\/www.visit-montenegro.com\\\/de\\\/?s={search_term_string}\"},\"query-input\":{\"@type\":\"PropertyValueSpecification\",\"valueRequired\":true,\"valueName\":\"search_term_string\"}}],\"inLanguage\":\"de\"},{\"@type\":\"Organization\",\"@id\":\"https:\\\/\\\/www.visit-montenegro.com\\\/de\\\/#organization\",\"name\":\"Visit Montenegro\",\"url\":\"https:\\\/\\\/www.visit-montenegro.com\\\/de\\\/\",\"logo\":{\"@type\":\"ImageObject\",\"inLanguage\":\"de\",\"@id\":\"https:\\\/\\\/www.visit-montenegro.com\\\/de\\\/#\\\/schema\\\/logo\\\/image\\\/\",\"url\":\"https:\\\/\\\/www.visit-montenegro.com\\\/wp-content\\\/uploads\\\/2017\\\/10\\\/logo-amp.png\",\"contentUrl\":\"https:\\\/\\\/www.visit-montenegro.com\\\/wp-content\\\/uploads\\\/2017\\\/10\\\/logo-amp.png\",\"width\":190,\"height\":36,\"caption\":\"Visit Montenegro\"},\"image\":{\"@id\":\"https:\\\/\\\/www.visit-montenegro.com\\\/de\\\/#\\\/schema\\\/logo\\\/image\\\/\"},\"sameAs\":[\"https:\\\/\\\/www.facebook.com\\\/visitmontenegro\",\"https:\\\/\\\/x.com\\\/visitmontenegro\",\"https:\\\/\\\/www.instagram.com\\\/visit_montenegro\\\/\",\"https:\\\/\\\/www.youtube.com\\\/user\\\/VisitMontenegro\"]}]}<\/script>\n<!-- \/ Yoast SEO plugin. -->","yoast_head_json":{"title":"Budva Str\u00e4nde - Visit Montenegro","description":"Entdecken Sie die besten Budva Str\u00e4nde, von Mogrens blau-flaggen Sand bis zu Jazs preisgekr\u00f6nten K\u00fcsten. Planen Sie Ihren perfekten K\u00fcstenurlaub in Montenegros sonnigem Paradies.","robots":{"index":"index","follow":"follow","max-snippet":"max-snippet:-1","max-image-preview":"max-image-preview:large","max-video-preview":"max-video-preview:-1"},"canonical":"https:\/\/www.visit-montenegro.com\/de\/reiseziele\/budva\/info\/straende\/","og_locale":"de_DE","og_type":"article","og_title":"Budva Str\u00e4nde - Visit Montenegro","og_description":"Entdecken Sie die besten Budva Str\u00e4nde, von Mogrens blau-flaggen Sand bis zu Jazs preisgekr\u00f6nten K\u00fcsten. Planen Sie Ihren perfekten K\u00fcstenurlaub in Montenegros sonnigem Paradies.","og_url":"https:\/\/www.visit-montenegro.com\/de\/reiseziele\/budva\/info\/straende\/","og_site_name":"Visit Montenegro","article_publisher":"https:\/\/www.facebook.com\/visitmontenegro","article_modified_time":"2026-02-22T16:17:57+00:00","og_image":[{"width":1600,"height":1067,"url":"https:\/\/www.visit-montenegro.com\/wp-content\/uploads\/2026\/01\/beach-family-02-scaled.jpg","type":"image\/jpeg"}],"twitter_card":"summary_large_image","twitter_site":"@visitmontenegro","twitter_misc":{"Gesch\u00e4tzte Lesezeit":"2\u00a0Minuten"},"schema":{"@context":"https:\/\/schema.org","@graph":[{"@type":"WebPage","@id":"https:\/\/www.visit-montenegro.com\/de\/reiseziele\/budva\/info\/straende\/","url":"https:\/\/www.visit-montenegro.com\/de\/reiseziele\/budva\/info\/straende\/","name":"Budva Str\u00e4nde - Visit Montenegro","isPartOf":{"@id":"https:\/\/www.visit-montenegro.com\/de\/#website"},"primaryImageOfPage":{"@id":"https:\/\/www.visit-montenegro.com\/de\/reiseziele\/budva\/info\/straende\/#primaryimage"},"image":{"@id":"https:\/\/www.visit-montenegro.com\/de\/reiseziele\/budva\/info\/straende\/#primaryimage"},"thumbnailUrl":"https:\/\/www.visit-montenegro.com\/wp-content\/uploads\/2026\/01\/beach-family-02-scaled.jpg","datePublished":"2026-01-27T20:44:31+00:00","dateModified":"2026-02-22T16:17:57+00:00","description":"Entdecken Sie die besten Budva Str\u00e4nde, von Mogrens blau-flaggen Sand bis zu Jazs preisgekr\u00f6nten K\u00fcsten. Planen Sie Ihren perfekten K\u00fcstenurlaub in Montenegros sonnigem Paradies.","breadcrumb":{"@id":"https:\/\/www.visit-montenegro.com\/de\/reiseziele\/budva\/info\/straende\/#breadcrumb"},"inLanguage":"de","potentialAction":[{"@type":"ReadAction","target":["https:\/\/www.visit-montenegro.com\/de\/reiseziele\/budva\/info\/straende\/"]}]},{"@type":"ImageObject","inLanguage":"de","@id":"https:\/\/www.visit-montenegro.com\/de\/reiseziele\/budva\/info\/straende\/#primaryimage","url":"https:\/\/www.visit-montenegro.com\/wp-content\/uploads\/2026\/01\/beach-family-02-scaled.jpg","contentUrl":"https:\/\/www.visit-montenegro.com\/wp-content\/uploads\/2026\/01\/beach-family-02-scaled.jpg","width":1600,"height":1067,"caption":"Gl\u00fcckliche junge Familie spaziert am Strand bei Sonnenuntergang. Gl\u00fccklicher Familienlifestyle"},{"@type":"BreadcrumbList","@id":"https:\/\/www.visit-montenegro.com\/de\/reiseziele\/budva\/info\/straende\/#breadcrumb","itemListElement":[{"@type":"ListItem","position":1,"name":"Home","item":"https:\/\/www.visit-montenegro.com\/de\/home\/"},{"@type":"ListItem","position":2,"name":"Reiseziele in Montenegro","item":"https:\/\/www.visit-montenegro.com\/de\/reiseziele\/"},{"@type":"ListItem","position":3,"name":"Budva","item":"https:\/\/www.visit-montenegro.com\/de\/reiseziele\/budva\/"},{"@type":"ListItem","position":4,"name":"Mehr \u00fcber Budva","item":"https:\/\/www.visit-montenegro.com\/de\/reiseziele\/budva\/info\/"},{"@type":"ListItem","position":5,"name":"Budva Str\u00e4nde"}]},{"@type":"WebSite","@id":"https:\/\/www.visit-montenegro.com\/de\/#website","url":"https:\/\/www.visit-montenegro.com\/de\/","name":"Visit Montenegro","description":"Breathtaking beauty","publisher":{"@id":"https:\/\/www.visit-montenegro.com\/de\/#organization"},"potentialAction":[{"@type":"SearchAction","target":{"@type":"EntryPoint","urlTemplate":"https:\/\/www.visit-montenegro.com\/de\/?s={search_term_string}"},"query-input":{"@type":"PropertyValueSpecification","valueRequired":true,"valueName":"search_term_string"}}],"inLanguage":"de"},{"@type":"Organization","@id":"https:\/\/www.visit-montenegro.com\/de\/#organization","name":"Visit Montenegro","url":"https:\/\/www.visit-montenegro.com\/de\/","logo":{"@type":"ImageObject","inLanguage":"de","@id":"https:\/\/www.visit-montenegro.com\/de\/#\/schema\/logo\/image\/","url":"https:\/\/www.visit-montenegro.com\/wp-content\/uploads\/2017\/10\/logo-amp.png","contentUrl":"https:\/\/www.visit-montenegro.com\/wp-content\/uploads\/2017\/10\/logo-amp.png","width":190,"height":36,"caption":"Visit Montenegro"},"image":{"@id":"https:\/\/www.visit-montenegro.com\/de\/#\/schema\/logo\/image\/"},"sameAs":["https:\/\/www.facebook.com\/visitmontenegro","https:\/\/x.com\/visitmontenegro","https:\/\/www.instagram.com\/visit_montenegro\/","https:\/\/www.youtube.com\/user\/VisitMontenegro"]}]}},"translations":[],"_links":{"self":[{"href":"https:\/\/www.visit-montenegro.com\/de\/wp-json\/wp\/v2\/pages\/134175","targetHints":{"allow":["GET"]}}],"collection":[{"href":"https:\/\/www.visit-montenegro.com\/de\/wp-json\/wp\/v2\/pages"}],"about":[{"href":"https:\/\/www.visit-montenegro.com\/de\/wp-json\/wp\/v2\/types\/page"}],"author":[{"embeddable":true,"href":"https:\/\/www.visit-montenegro.com\/de\/wp-json\/wp\/v2\/users\/1"}],"replies":[{"embeddable":true,"href":"https:\/\/www.visit-montenegro.com\/de\/wp-json\/wp\/v2\/comments?post=134175"}],"version-history":[{"count":0,"href":"https:\/\/www.visit-montenegro.com\/de\/wp-json\/wp\/v2\/pages\/134175\/revisions"}],"up":[{"embeddable":true,"href":"https:\/\/www.visit-montenegro.com\/de\/wp-json\/wp\/v2\/pages\/134169"}],"wp:featuredmedia":[{"embeddable":true,"href":"https:\/\/www.visit-montenegro.com\/de\/wp-json\/wp\/v2\/media\/134176"}],"wp:attachment":[{"href":"https:\/\/www.visit-montenegro.com\/de\/wp-json\/wp\/v2\/media?parent=134175"}],"wp:term":[{"taxonomy":"post_tag","embeddable":true,"href":"https:\/\/www.visit-montenegro.com\/de\/wp-json\/wp\/v2\/tags?post=134175"}],"curies":[{"name":"wp","href":"https:\/\/api.w.org\/{rel}","templated":true}]}}