{"id":134324,"date":"2026-01-28T19:16:59","date_gmt":"2026-01-28T18:16:59","guid":{"rendered":"https:\/\/new.visit-montenegro.com\/kloster-ostrog\/other\/"},"modified":"2026-02-22T17:18:41","modified_gmt":"2026-02-22T16:18:41","slug":"other","status":"publish","type":"page","link":"https:\/\/www.visit-montenegro.com\/de\/kloster-ostrog\/other\/","title":{"rendered":"Was andere \u00fcber das Kloster Ostrog sagen"},"content":{"rendered":"\n<p>Das Kloster <a href=\"https:\/\/www.visit-montenegro.com\/de\/reiseziele\/niksic\/sehenswuerdigkeiten\/ostrog\/\">Ostrog<\/a> in Montenegro hat unz\u00e4hlige Besucher mit seiner tiefgr\u00fcndigen spirituellen Atmosph\u00e4re und atemberaubenden nat\u00fcrlichen Umgebung fasziniert. Pilger und Reisende haben tats\u00e4chlich \u00fcber Jahrhunderte ihre Ehrfurcht dokumentiert und sowohl die physische Reise als auch die innere Transformation beschrieben, die sie an diesem heiligen Ort erlebten.<\/p>\n\n<hr class=\"wp-block-separator has-alpha-channel-opacity\"\/>\n\n<h2 class=\"wp-block-heading\">Literarische und historische Berichte \u00fcber das Kloster Ostrog<\/h2>\n\n<p>Unz\u00e4hlige ber\u00fchmte und gro\u00dfe Geister, die zum Kloster aufstiegen, haben \u00fcber die unbeschreibliche Sch\u00f6nheit nicht nur seiner physischen Umgebung, sondern auch des spirituellen Weges geschrieben, den sie hier zur\u00fccklegten. Das Kloster wurde sogar besucht, als es noch keinen gepflasterten Weg dorthin gab und der Aufstieg zu Fu\u00df Stunden dauerte, aber Glaube, Hoffnung und Gebet gaben selbst den Schw\u00e4chsten die Kraft, seine rauen H\u00e4nge zu erklimmen.<\/p>\n\n<p>Viele renommierte Schriftsteller schrieben begeistert \u00fcber die romantische Atmosph\u00e4re und den kulturhistorischen Wert des Klosters <strong>Ostrog<\/strong>. Unter diesen Schriftstellern war Peter II. Petrovi\u0107 Njego\u0161, der es in seinem ber\u00fchmtesten Werk \u201eGorski Vijenac\u201c erw\u00e4hnt; gefolgt von Jovan Jovanovi\u0107 Zmaj \u2013 einem der ber\u00fchmtesten serbischen Dichter aller Zeiten, und Aleksa \u0160anti\u0107 \u2013 dem ber\u00fchmtesten Dichter aus Herzegowina.<\/p>\n\n<h3 class=\"wp-block-heading\">Dokumentationen aus dem 19. und 20. Jahrhundert<\/h3>\n\n<p><strong>Ostrog<\/strong> wurde in Memoiren und Reiseberichten vieler Wissenschaftler und Schriftsteller dokumentiert, die im 19. Jahrhundert nach Montenegro reisten. Zu Beginn des 20. Jahrhunderts schrieb ein deutscher Prinz \u00fcber das Kloster: \u201e<strong>Ostrog<\/strong> ist nicht nur ein heiliger Ort f\u00fcr die Orthodoxie, sondern die Antwort f\u00fcr alle Weltreligionen\u201c.<\/p>\n\n<p>Der englische Wissenschaftler John Gardner Wilkinson konnte nicht aufh\u00f6ren, das Gef\u00fchl der christlichen Br\u00fcderlichkeit und die Gastfreundschaft, die er erhielt, zu loben. Seine Schriften konzentrieren sich auf die mutigen und unbesiegbaren Hochl\u00e4nder, die in der Gegend lebten und das Kloster im Laufe der Zeit verteidigten.<\/p>\n\n<p>Viala de Somier, ein General der napoleonischen Armee, Kommandant von Herceg Novi und Gouverneur der Provinz <a href=\"https:\/\/www.visit-montenegro.com\/de\/reiseziele\/kotor\/\">Kotor<\/a>, schrieb ein Buch mit dem Titel \u201eVoyage historique et politique au Montenegro\u201c und widmete es dem Kloster und dem Heiligen Basilius. Er beschrieb detailliert die Kirchen und ihre Umgebung sowie den Heiligen Basilius und die Tatsache, dass er von Montenegrinern, Bosniern, Serben, Albanern sowie Italienern und T\u00fcrken geliebt wurde.<\/p>\n\n<h3 class=\"wp-block-heading\">Bemerkenswerte Besucher des Klosters<\/h3>\n\n<p>Viele kamen, um das Kloster zu besuchen. Sogar der letzte K\u00f6nig Jugoslawiens, K\u00f6nig Petar Kara\u0111or\u0111evi\u0107, der gr\u00f6\u00dfte serbische Patriarch Gavrilo Do\u017ei\u0107, viele Botschafter und Diplomaten, die in der Gegend residierten, der russische Patriarch Alexius und viele andere W\u00fcrdentr\u00e4ger aus der orthodoxen Welt machten die Reise nach <strong>Ostrog<\/strong>.<\/p>\n\n<h2 class=\"wp-block-heading\">Erfahren Sie mehr \u00fcber das Kloster Ostrog<\/h2>\n\n<div class=\"wp-block-query is-layout-flow wp-block-query-is-layout-flow\"><ul class=\"wp-block-post-template is-layout-flow wp-block-post-template-is-layout-flow\"><li class=\"wp-block-post post-134332 page type-page status-publish has-post-thumbnail hentry\">\n<h6 style=\"text-decoration:underline; border-style:none;border-width:0px; padding-top:0px;padding-bottom:0px;padding-left:var(--wp--preset--spacing--50);padding-right:var(--wp--preset--spacing--50);margin-right:0;margin-left:0;margin-top:0px;margin-bottom:0px;\" class=\"has-link-color wp-elements-0a45992c3b14e5d616ed7c3546852965 wp-block-post-title\"><a href=\"https:\/\/www.visit-montenegro.com\/de\/kloster-ostrog\/bau\/\" target=\"_self\" >Bau des Klosters Ostrog<\/a><\/h6>\n<\/li><li class=\"wp-block-post post-133986 page type-page status-publish has-post-thumbnail hentry\">\n<h6 style=\"text-decoration:underline; border-style:none;border-width:0px; padding-top:0px;padding-bottom:0px;padding-left:var(--wp--preset--spacing--50);padding-right:var(--wp--preset--spacing--50);margin-right:0;margin-left:0;margin-top:0px;margin-bottom:0px;\" class=\"has-link-color wp-elements-0a45992c3b14e5d616ed7c3546852965 wp-block-post-title\"><a href=\"https:\/\/www.visit-montenegro.com\/de\/kloster-ostrog\/gebet\/\" target=\"_self\" >Das Gebet zu Sankt Basilius<\/a><\/h6>\n<\/li><li class=\"wp-block-post post-134300 page type-page status-publish has-post-thumbnail hentry\">\n<h6 style=\"text-decoration:underline; border-style:none;border-width:0px; padding-top:0px;padding-bottom:0px;padding-left:var(--wp--preset--spacing--50);padding-right:var(--wp--preset--spacing--50);margin-right:0;margin-left:0;margin-top:0px;margin-bottom:0px;\" class=\"has-link-color wp-elements-0a45992c3b14e5d616ed7c3546852965 wp-block-post-title\"><a href=\"https:\/\/www.visit-montenegro.com\/de\/kloster-ostrog\/leben\/\" target=\"_self\" >Das Leben des Heiligen Basilius von Ostrog<\/a><\/h6>\n<\/li><li class=\"wp-block-post post-133982 page type-page status-publish has-post-thumbnail hentry\">\n<h6 style=\"text-decoration:underline; border-style:none;border-width:0px; padding-top:0px;padding-bottom:0px;padding-left:var(--wp--preset--spacing--50);padding-right:var(--wp--preset--spacing--50);margin-right:0;margin-left:0;margin-top:0px;margin-bottom:0px;\" class=\"has-link-color wp-elements-0a45992c3b14e5d616ed7c3546852965 wp-block-post-title\"><a href=\"https:\/\/www.visit-montenegro.com\/de\/kloster-ostrog\/region\/\" target=\"_self\" >Die Geschichte der Ostrog-Region<\/a><\/h6>\n<\/li><li class=\"wp-block-post post-134316 page type-page status-publish has-post-thumbnail hentry\">\n<h6 style=\"text-decoration:underline; border-style:none;border-width:0px; padding-top:0px;padding-bottom:0px;padding-left:var(--wp--preset--spacing--50);padding-right:var(--wp--preset--spacing--50);margin-right:0;margin-left:0;margin-top:0px;margin-bottom:0px;\" class=\"has-link-color wp-elements-0a45992c3b14e5d616ed7c3546852965 wp-block-post-title\"><a href=\"https:\/\/www.visit-montenegro.com\/de\/kloster-ostrog\/historisch\/\" target=\"_self\" >Geschichte des Klosters Ostrog<\/a><\/h6>\n<\/li><li class=\"wp-block-post post-134308 page type-page status-publish has-post-thumbnail hentry\">\n<h6 style=\"text-decoration:underline; border-style:none;border-width:0px; padding-top:0px;padding-bottom:0px;padding-left:var(--wp--preset--spacing--50);padding-right:var(--wp--preset--spacing--50);margin-right:0;margin-left:0;margin-top:0px;margin-bottom:0px;\" class=\"has-link-color wp-elements-0a45992c3b14e5d616ed7c3546852965 wp-block-post-title\"><a href=\"https:\/\/www.visit-montenegro.com\/de\/kloster-ostrog\/kirchen\/\" target=\"_self\" >Kirchen, die dem Heiligen Basilius von Ostrog gewidmet sind<\/a><\/h6>\n<\/li><li class=\"wp-block-post post-134320 page type-page status-publish has-post-thumbnail hentry\">\n<h6 style=\"text-decoration:underline; border-style:none;border-width:0px; padding-top:0px;padding-bottom:0px;padding-left:var(--wp--preset--spacing--50);padding-right:var(--wp--preset--spacing--50);margin-right:0;margin-left:0;margin-top:0px;margin-bottom:0px;\" class=\"has-link-color wp-elements-0a45992c3b14e5d616ed7c3546852965 wp-block-post-title\"><a href=\"https:\/\/www.visit-montenegro.com\/de\/kloster-ostrog\/kulturell\/\" target=\"_self\" >Kulturerbe des Klosters Ostrog<\/a><\/h6>\n<\/li><li class=\"wp-block-post post-134312 page type-page status-publish has-post-thumbnail hentry\">\n<h6 style=\"text-decoration:underline; border-style:none;border-width:0px; padding-top:0px;padding-bottom:0px;padding-left:var(--wp--preset--spacing--50);padding-right:var(--wp--preset--spacing--50);margin-right:0;margin-left:0;margin-top:0px;margin-bottom:0px;\" class=\"has-link-color wp-elements-0a45992c3b14e5d616ed7c3546852965 wp-block-post-title\"><a href=\"https:\/\/www.visit-montenegro.com\/de\/kloster-ostrog\/legenden\/\" target=\"_self\" >Legenden und Mythen des Klosters Ostrog<\/a><\/h6>\n<\/li><li class=\"wp-block-post post-134304 page type-page status-publish has-post-thumbnail hentry\">\n<h6 style=\"text-decoration:underline; border-style:none;border-width:0px; padding-top:0px;padding-bottom:0px;padding-left:var(--wp--preset--spacing--50);padding-right:var(--wp--preset--spacing--50);margin-right:0;margin-left:0;margin-top:0px;margin-bottom:0px;\" class=\"has-link-color wp-elements-0a45992c3b14e5d616ed7c3546852965 wp-block-post-title\"><a href=\"https:\/\/www.visit-montenegro.com\/de\/kloster-ostrog\/gatherings\/\" target=\"_self\" >Ostrog-Kloster Feiertage und Versammlungen<\/a><\/h6>\n<\/li><li class=\"wp-block-post post-133989 page type-page status-publish has-post-thumbnail hentry\">\n<h6 style=\"text-decoration:underline; border-style:none;border-width:0px; padding-top:0px;padding-bottom:0px;padding-left:var(--wp--preset--spacing--50);padding-right:var(--wp--preset--spacing--50);margin-right:0;margin-left:0;margin-top:0px;margin-bottom:0px;\" class=\"has-link-color wp-elements-0a45992c3b14e5d616ed7c3546852965 wp-block-post-title\"><a href=\"https:\/\/www.visit-montenegro.com\/de\/kloster-ostrog\/geschichten\/\" target=\"_self\" >Ostrog-Kloster Geschichten von Wundern<\/a><\/h6>\n<\/li><li class=\"wp-block-post post-134328 page type-page status-publish has-post-thumbnail hentry\">\n<h6 style=\"text-decoration:underline; border-style:none;border-width:0px; padding-top:0px;padding-bottom:0px;padding-left:var(--wp--preset--spacing--50);padding-right:var(--wp--preset--spacing--50);margin-right:0;margin-left:0;margin-top:0px;margin-bottom:0px;\" class=\"has-link-color wp-elements-0a45992c3b14e5d616ed7c3546852965 wp-block-post-title\"><a href=\"https:\/\/www.visit-montenegro.com\/de\/kloster-ostrog\/wo\/\" target=\"_self\" >Ostrog-Kloster Lage<\/a><\/h6>\n<\/li><li class=\"wp-block-post post-134336 page type-page status-publish has-post-thumbnail hentry\">\n<h6 style=\"text-decoration:underline; border-style:none;border-width:0px; padding-top:0px;padding-bottom:0px;padding-left:var(--wp--preset--spacing--50);padding-right:var(--wp--preset--spacing--50);margin-right:0;margin-left:0;margin-top:0px;margin-bottom:0px;\" class=\"has-link-color wp-elements-0a45992c3b14e5d616ed7c3546852965 wp-block-post-title\"><a href=\"https:\/\/www.visit-montenegro.com\/de\/kloster-ostrog\/traditionen\/\" target=\"_self\" >Ostrog-Klostertraditionen<\/a><\/h6>\n<\/li><li class=\"wp-block-post post-134324 page type-page status-publish has-post-thumbnail hentry\">\n<h6 style=\"text-decoration:underline; border-style:none;border-width:0px; padding-top:0px;padding-bottom:0px;padding-left:var(--wp--preset--spacing--50);padding-right:var(--wp--preset--spacing--50);margin-right:0;margin-left:0;margin-top:0px;margin-bottom:0px;\" class=\"has-link-color wp-elements-0a45992c3b14e5d616ed7c3546852965 wp-block-post-title\"><a href=\"https:\/\/www.visit-montenegro.com\/de\/kloster-ostrog\/other\/\" target=\"_self\" >Was andere \u00fcber das Kloster Ostrog sagen<\/a><\/h6>\n<\/li><\/ul><\/div>\n","protected":false},"excerpt":{"rendered":"<p>Entdecken Sie, was ber\u00fchmte Schriftsteller, Wissenschaftler und historische Figuren \u00fcber Montenegros Kloster Ostrog gesagt haben. Von poetischen Beschreibungen bis zu spirituellen Einsichten, erkunden Sie Jahrhunderte voller beeindruckender Berichte, die seine kulturelle und religi\u00f6se Bedeutung hervorheben.<\/p>\n","protected":false},"author":1,"featured_media":133953,"parent":133952,"menu_order":0,"comment_status":"open","ping_status":"open","template":"","meta":{"_yoast_wpseo_focuskw":"Was andere \u00fcber das Kloster Ostrog sagen","_yoast_wpseo_metadesc":"Entdecken Sie, was ber\u00fchmte Pers\u00f6nlichkeiten \u00fcber das Kloster Ostrog in Montenegro sagen. Lesen Sie literarische und historische Berichte, die seine spirituelle Sch\u00f6nheit und kulturelle Bedeutung einfangen.","_kad_post_transparent":"","_kad_post_title":"","_kad_post_layout":"","_kad_post_sidebar_id":"","_kad_post_content_style":"","_kad_post_vertical_padding":"","_kad_post_feature":"","_kad_post_feature_position":"","_kad_post_header":false,"_kad_post_footer":false,"_kad_post_classname":"","iawp_total_views":6,"footnotes":""},"tags":[],"class_list":["post-134324","page","type-page","status-publish","has-post-thumbnail","hentry"],"yoast_head":"<!-- This site is optimized with the Yoast SEO plugin v27.3 - https:\/\/yoast.com\/product\/yoast-seo-wordpress\/ -->\n<title>Was andere \u00fcber das Kloster Ostrog sagen - Visit Montenegro<\/title>\n<meta name=\"description\" content=\"Entdecken Sie, was ber\u00fchmte Pers\u00f6nlichkeiten \u00fcber das Kloster Ostrog in Montenegro sagen. Lesen Sie literarische und historische Berichte, die seine spirituelle Sch\u00f6nheit und kulturelle Bedeutung einfangen.\" \/>\n<meta name=\"robots\" content=\"index, follow, max-snippet:-1, max-image-preview:large, max-video-preview:-1\" \/>\n<link rel=\"canonical\" href=\"https:\/\/www.visit-montenegro.com\/de\/kloster-ostrog\/other\/\" \/>\n<meta property=\"og:locale\" content=\"de_DE\" \/>\n<meta property=\"og:type\" content=\"article\" \/>\n<meta property=\"og:title\" content=\"Was andere \u00fcber das Kloster Ostrog sagen - Visit Montenegro\" \/>\n<meta property=\"og:description\" content=\"Entdecken Sie, was ber\u00fchmte Pers\u00f6nlichkeiten \u00fcber das Kloster Ostrog in Montenegro sagen. Lesen Sie literarische und historische Berichte, die seine spirituelle Sch\u00f6nheit und kulturelle Bedeutung einfangen.\" \/>\n<meta property=\"og:url\" content=\"https:\/\/www.visit-montenegro.com\/de\/kloster-ostrog\/other\/\" \/>\n<meta property=\"og:site_name\" content=\"Visit Montenegro\" \/>\n<meta property=\"article:publisher\" content=\"https:\/\/www.facebook.com\/visitmontenegro\" \/>\n<meta property=\"article:modified_time\" content=\"2026-02-22T16:18:41+00:00\" \/>\n<meta property=\"og:image\" content=\"https:\/\/www.visit-montenegro.com\/wp-content\/uploads\/2026\/01\/ostrog-monastery-01-scaled.jpg\" \/>\n\t<meta property=\"og:image:width\" content=\"1600\" \/>\n\t<meta property=\"og:image:height\" content=\"1067\" \/>\n\t<meta property=\"og:image:type\" content=\"image\/jpeg\" \/>\n<meta name=\"twitter:card\" content=\"summary_large_image\" \/>\n<meta name=\"twitter:site\" content=\"@visitmontenegro\" \/>\n<meta name=\"twitter:label1\" content=\"Gesch\u00e4tzte Lesezeit\" \/>\n\t<meta name=\"twitter:data1\" content=\"2\u00a0Minuten\" \/>\n<script type=\"application\/ld+json\" class=\"yoast-schema-graph\">{\"@context\":\"https:\\\/\\\/schema.org\",\"@graph\":[{\"@type\":\"WebPage\",\"@id\":\"https:\\\/\\\/www.visit-montenegro.com\\\/de\\\/kloster-ostrog\\\/other\\\/\",\"url\":\"https:\\\/\\\/www.visit-montenegro.com\\\/de\\\/kloster-ostrog\\\/other\\\/\",\"name\":\"Was andere \u00fcber das Kloster Ostrog sagen - Visit Montenegro\",\"isPartOf\":{\"@id\":\"https:\\\/\\\/www.visit-montenegro.com\\\/de\\\/#website\"},\"primaryImageOfPage\":{\"@id\":\"https:\\\/\\\/www.visit-montenegro.com\\\/de\\\/kloster-ostrog\\\/other\\\/#primaryimage\"},\"image\":{\"@id\":\"https:\\\/\\\/www.visit-montenegro.com\\\/de\\\/kloster-ostrog\\\/other\\\/#primaryimage\"},\"thumbnailUrl\":\"https:\\\/\\\/www.visit-montenegro.com\\\/wp-content\\\/uploads\\\/2026\\\/01\\\/ostrog-monastery-01-scaled.jpg\",\"datePublished\":\"2026-01-28T18:16:59+00:00\",\"dateModified\":\"2026-02-22T16:18:41+00:00\",\"description\":\"Entdecken Sie, was ber\u00fchmte Pers\u00f6nlichkeiten \u00fcber das Kloster Ostrog in Montenegro sagen. Lesen Sie literarische und historische Berichte, die seine spirituelle Sch\u00f6nheit und kulturelle Bedeutung einfangen.\",\"breadcrumb\":{\"@id\":\"https:\\\/\\\/www.visit-montenegro.com\\\/de\\\/kloster-ostrog\\\/other\\\/#breadcrumb\"},\"inLanguage\":\"de\",\"potentialAction\":[{\"@type\":\"ReadAction\",\"target\":[\"https:\\\/\\\/www.visit-montenegro.com\\\/de\\\/kloster-ostrog\\\/other\\\/\"]}]},{\"@type\":\"ImageObject\",\"inLanguage\":\"de\",\"@id\":\"https:\\\/\\\/www.visit-montenegro.com\\\/de\\\/kloster-ostrog\\\/other\\\/#primaryimage\",\"url\":\"https:\\\/\\\/www.visit-montenegro.com\\\/wp-content\\\/uploads\\\/2026\\\/01\\\/ostrog-monastery-01-scaled.jpg\",\"contentUrl\":\"https:\\\/\\\/www.visit-montenegro.com\\\/wp-content\\\/uploads\\\/2026\\\/01\\\/ostrog-monastery-01-scaled.jpg\",\"width\":1600,\"height\":1067},{\"@type\":\"BreadcrumbList\",\"@id\":\"https:\\\/\\\/www.visit-montenegro.com\\\/de\\\/kloster-ostrog\\\/other\\\/#breadcrumb\",\"itemListElement\":[{\"@type\":\"ListItem\",\"position\":1,\"name\":\"Home\",\"item\":\"https:\\\/\\\/www.visit-montenegro.com\\\/de\\\/home\\\/\"},{\"@type\":\"ListItem\",\"position\":2,\"name\":\"Kloster Ostrog\",\"item\":\"https:\\\/\\\/www.visit-montenegro.com\\\/de\\\/kloster-ostrog\\\/\"},{\"@type\":\"ListItem\",\"position\":3,\"name\":\"Was andere \u00fcber das Kloster Ostrog sagen\"}]},{\"@type\":\"WebSite\",\"@id\":\"https:\\\/\\\/www.visit-montenegro.com\\\/de\\\/#website\",\"url\":\"https:\\\/\\\/www.visit-montenegro.com\\\/de\\\/\",\"name\":\"Visit Montenegro\",\"description\":\"Breathtaking beauty\",\"publisher\":{\"@id\":\"https:\\\/\\\/www.visit-montenegro.com\\\/de\\\/#organization\"},\"potentialAction\":[{\"@type\":\"SearchAction\",\"target\":{\"@type\":\"EntryPoint\",\"urlTemplate\":\"https:\\\/\\\/www.visit-montenegro.com\\\/de\\\/?s={search_term_string}\"},\"query-input\":{\"@type\":\"PropertyValueSpecification\",\"valueRequired\":true,\"valueName\":\"search_term_string\"}}],\"inLanguage\":\"de\"},{\"@type\":\"Organization\",\"@id\":\"https:\\\/\\\/www.visit-montenegro.com\\\/de\\\/#organization\",\"name\":\"Visit Montenegro\",\"url\":\"https:\\\/\\\/www.visit-montenegro.com\\\/de\\\/\",\"logo\":{\"@type\":\"ImageObject\",\"inLanguage\":\"de\",\"@id\":\"https:\\\/\\\/www.visit-montenegro.com\\\/de\\\/#\\\/schema\\\/logo\\\/image\\\/\",\"url\":\"https:\\\/\\\/www.visit-montenegro.com\\\/wp-content\\\/uploads\\\/2017\\\/10\\\/logo-amp.png\",\"contentUrl\":\"https:\\\/\\\/www.visit-montenegro.com\\\/wp-content\\\/uploads\\\/2017\\\/10\\\/logo-amp.png\",\"width\":190,\"height\":36,\"caption\":\"Visit Montenegro\"},\"image\":{\"@id\":\"https:\\\/\\\/www.visit-montenegro.com\\\/de\\\/#\\\/schema\\\/logo\\\/image\\\/\"},\"sameAs\":[\"https:\\\/\\\/www.facebook.com\\\/visitmontenegro\",\"https:\\\/\\\/x.com\\\/visitmontenegro\",\"https:\\\/\\\/www.instagram.com\\\/visit_montenegro\\\/\",\"https:\\\/\\\/www.youtube.com\\\/user\\\/VisitMontenegro\"]}]}<\/script>\n<!-- \/ Yoast SEO plugin. -->","yoast_head_json":{"title":"Was andere \u00fcber das Kloster Ostrog sagen - Visit Montenegro","description":"Entdecken Sie, was ber\u00fchmte Pers\u00f6nlichkeiten \u00fcber das Kloster Ostrog in Montenegro sagen. Lesen Sie literarische und historische Berichte, die seine spirituelle Sch\u00f6nheit und kulturelle Bedeutung einfangen.","robots":{"index":"index","follow":"follow","max-snippet":"max-snippet:-1","max-image-preview":"max-image-preview:large","max-video-preview":"max-video-preview:-1"},"canonical":"https:\/\/www.visit-montenegro.com\/de\/kloster-ostrog\/other\/","og_locale":"de_DE","og_type":"article","og_title":"Was andere \u00fcber das Kloster Ostrog sagen - Visit Montenegro","og_description":"Entdecken Sie, was ber\u00fchmte Pers\u00f6nlichkeiten \u00fcber das Kloster Ostrog in Montenegro sagen. Lesen Sie literarische und historische Berichte, die seine spirituelle Sch\u00f6nheit und kulturelle Bedeutung einfangen.","og_url":"https:\/\/www.visit-montenegro.com\/de\/kloster-ostrog\/other\/","og_site_name":"Visit Montenegro","article_publisher":"https:\/\/www.facebook.com\/visitmontenegro","article_modified_time":"2026-02-22T16:18:41+00:00","og_image":[{"width":1600,"height":1067,"url":"https:\/\/www.visit-montenegro.com\/wp-content\/uploads\/2026\/01\/ostrog-monastery-01-scaled.jpg","type":"image\/jpeg"}],"twitter_card":"summary_large_image","twitter_site":"@visitmontenegro","twitter_misc":{"Gesch\u00e4tzte Lesezeit":"2\u00a0Minuten"},"schema":{"@context":"https:\/\/schema.org","@graph":[{"@type":"WebPage","@id":"https:\/\/www.visit-montenegro.com\/de\/kloster-ostrog\/other\/","url":"https:\/\/www.visit-montenegro.com\/de\/kloster-ostrog\/other\/","name":"Was andere \u00fcber das Kloster Ostrog sagen - Visit Montenegro","isPartOf":{"@id":"https:\/\/www.visit-montenegro.com\/de\/#website"},"primaryImageOfPage":{"@id":"https:\/\/www.visit-montenegro.com\/de\/kloster-ostrog\/other\/#primaryimage"},"image":{"@id":"https:\/\/www.visit-montenegro.com\/de\/kloster-ostrog\/other\/#primaryimage"},"thumbnailUrl":"https:\/\/www.visit-montenegro.com\/wp-content\/uploads\/2026\/01\/ostrog-monastery-01-scaled.jpg","datePublished":"2026-01-28T18:16:59+00:00","dateModified":"2026-02-22T16:18:41+00:00","description":"Entdecken Sie, was ber\u00fchmte Pers\u00f6nlichkeiten \u00fcber das Kloster Ostrog in Montenegro sagen. Lesen Sie literarische und historische Berichte, die seine spirituelle Sch\u00f6nheit und kulturelle Bedeutung einfangen.","breadcrumb":{"@id":"https:\/\/www.visit-montenegro.com\/de\/kloster-ostrog\/other\/#breadcrumb"},"inLanguage":"de","potentialAction":[{"@type":"ReadAction","target":["https:\/\/www.visit-montenegro.com\/de\/kloster-ostrog\/other\/"]}]},{"@type":"ImageObject","inLanguage":"de","@id":"https:\/\/www.visit-montenegro.com\/de\/kloster-ostrog\/other\/#primaryimage","url":"https:\/\/www.visit-montenegro.com\/wp-content\/uploads\/2026\/01\/ostrog-monastery-01-scaled.jpg","contentUrl":"https:\/\/www.visit-montenegro.com\/wp-content\/uploads\/2026\/01\/ostrog-monastery-01-scaled.jpg","width":1600,"height":1067},{"@type":"BreadcrumbList","@id":"https:\/\/www.visit-montenegro.com\/de\/kloster-ostrog\/other\/#breadcrumb","itemListElement":[{"@type":"ListItem","position":1,"name":"Home","item":"https:\/\/www.visit-montenegro.com\/de\/home\/"},{"@type":"ListItem","position":2,"name":"Kloster Ostrog","item":"https:\/\/www.visit-montenegro.com\/de\/kloster-ostrog\/"},{"@type":"ListItem","position":3,"name":"Was andere \u00fcber das Kloster Ostrog sagen"}]},{"@type":"WebSite","@id":"https:\/\/www.visit-montenegro.com\/de\/#website","url":"https:\/\/www.visit-montenegro.com\/de\/","name":"Visit Montenegro","description":"Breathtaking beauty","publisher":{"@id":"https:\/\/www.visit-montenegro.com\/de\/#organization"},"potentialAction":[{"@type":"SearchAction","target":{"@type":"EntryPoint","urlTemplate":"https:\/\/www.visit-montenegro.com\/de\/?s={search_term_string}"},"query-input":{"@type":"PropertyValueSpecification","valueRequired":true,"valueName":"search_term_string"}}],"inLanguage":"de"},{"@type":"Organization","@id":"https:\/\/www.visit-montenegro.com\/de\/#organization","name":"Visit Montenegro","url":"https:\/\/www.visit-montenegro.com\/de\/","logo":{"@type":"ImageObject","inLanguage":"de","@id":"https:\/\/www.visit-montenegro.com\/de\/#\/schema\/logo\/image\/","url":"https:\/\/www.visit-montenegro.com\/wp-content\/uploads\/2017\/10\/logo-amp.png","contentUrl":"https:\/\/www.visit-montenegro.com\/wp-content\/uploads\/2017\/10\/logo-amp.png","width":190,"height":36,"caption":"Visit Montenegro"},"image":{"@id":"https:\/\/www.visit-montenegro.com\/de\/#\/schema\/logo\/image\/"},"sameAs":["https:\/\/www.facebook.com\/visitmontenegro","https:\/\/x.com\/visitmontenegro","https:\/\/www.instagram.com\/visit_montenegro\/","https:\/\/www.youtube.com\/user\/VisitMontenegro"]}]}},"translations":[],"_links":{"self":[{"href":"https:\/\/www.visit-montenegro.com\/de\/wp-json\/wp\/v2\/pages\/134324","targetHints":{"allow":["GET"]}}],"collection":[{"href":"https:\/\/www.visit-montenegro.com\/de\/wp-json\/wp\/v2\/pages"}],"about":[{"href":"https:\/\/www.visit-montenegro.com\/de\/wp-json\/wp\/v2\/types\/page"}],"author":[{"embeddable":true,"href":"https:\/\/www.visit-montenegro.com\/de\/wp-json\/wp\/v2\/users\/1"}],"replies":[{"embeddable":true,"href":"https:\/\/www.visit-montenegro.com\/de\/wp-json\/wp\/v2\/comments?post=134324"}],"version-history":[{"count":0,"href":"https:\/\/www.visit-montenegro.com\/de\/wp-json\/wp\/v2\/pages\/134324\/revisions"}],"up":[{"embeddable":true,"href":"https:\/\/www.visit-montenegro.com\/de\/wp-json\/wp\/v2\/pages\/133952"}],"wp:featuredmedia":[{"embeddable":true,"href":"https:\/\/www.visit-montenegro.com\/de\/wp-json\/wp\/v2\/media\/133953"}],"wp:attachment":[{"href":"https:\/\/www.visit-montenegro.com\/de\/wp-json\/wp\/v2\/media?parent=134324"}],"wp:term":[{"taxonomy":"post_tag","embeddable":true,"href":"https:\/\/www.visit-montenegro.com\/de\/wp-json\/wp\/v2\/tags?post=134324"}],"curies":[{"name":"wp","href":"https:\/\/api.w.org\/{rel}","templated":true}]}}