{"id":134332,"date":"2026-01-28T19:16:59","date_gmt":"2026-01-28T18:16:59","guid":{"rendered":"https:\/\/new.visit-montenegro.com\/kloster-ostrog\/bau\/"},"modified":"2026-02-22T17:18:41","modified_gmt":"2026-02-22T16:18:41","slug":"bau","status":"publish","type":"page","link":"https:\/\/www.visit-montenegro.com\/de\/kloster-ostrog\/bau\/","title":{"rendered":"Bau des Klosters Ostrog"},"content":{"rendered":"\n<p>Das Kloster <a href=\"https:\/\/www.visit-montenegro.com\/de\/reiseziele\/niksic\/sehenswuerdigkeiten\/ostrog\/\">Ostrog<\/a> in Montenegro ist eine bemerkenswerte architektonische und spirituelle Leistung, die direkt in senkrechte Klippen gebaut wurde. Der Komplex besteht aus zwei Hauptabschnitten: dem Oberen Kloster, das in H\u00f6hlen hoch am Berghang errichtet wurde, und dem Unteren Kloster, das auf ebenerem Gel\u00e4nde darunter gebaut wurde. Seine Entstehung umfasste sowohl g\u00f6ttliche Inspiration als auch immense menschliche Anstrengung, was zu einer St\u00e4tte f\u00fchrte, an der Natur und Spiritualit\u00e4t wundersch\u00f6n verschmelzen.<\/p>\n\n<hr class=\"wp-block-separator has-alpha-channel-opacity\"\/>\n\n<h2 class=\"wp-block-heading\">Die Vision und der Bau des Oberen Klosters<\/h2>\n\n<p>Als der urspr\u00fcngliche <strong>Bau des Klosters Ostrog<\/strong> f\u00fcr die Residenz des Heiligen Basilius begann, konzentrierte er sich auf die H\u00f6hle oberhalb des Dorfes Zagorak. Es wird gesagt, dass der Heilige Basilius nach einem Tag der Beobachtung der Arbeiten an diesem Ort den Befehl gab, das Kloster auf die Ostrog-Klippen auszudehnen. Als er am folgenden Tag in das Gebiet zur\u00fcckkehrte, entschied er auf Gottes Anweisung hin, die Kirche Vavedenja in der ersten H\u00f6hle, Lager und Schlafzimmer f\u00fcr G\u00e4ste in der zweiten H\u00f6hle und eine Kapelle in der dritten H\u00f6hle zu bauen, wo die meisten religi\u00f6sen Artefakte aufbewahrt wurden. Direkt unter dem Kloster befand sich bereits eine kleine Kirche, also f\u00fcgte er ein kleines Haus hinzu, das dort f\u00fcr die Verarbeitung von Weizen und das Leben junger M\u00f6nche gebaut werden sollte.<\/p>\n\n<p>Nach der erz\u00e4hlten Legende des derzeitigen Erzbischofs Nikodima Raicevica schrieb Vuk Stefanovic Karadic, der ber\u00fchmteste Name in der slowenischen Kultur jener Zeit, Mitte des 19. Jahrhunderts die Geschichte des Heiligen Basilius von Ostrog. Neben dem Schreiben \u00fcber seine Geburt, fr\u00fchen Tage und Reisen im orthodoxen Glauben erkl\u00e4rt Vuk Stefanovic Karadic, dass der Heilige Basilius den Bau des Klosters mit Spenden finanzierte und sein ganzes Leben lang mit den kleinen Geldbetr\u00e4gen, die er verdiente, sowie seiner gesamten Existenz fortfuhr, um sicherzustellen, dass der Glaube in diesem Teil der Welt zum Synonym f\u00fcr kulturelle und bildungsbezogene Entwicklung wurde. Folglich schuf der Obere Klosterbau sowie der gesamte Komplex, errichtet durch die St\u00e4rke des menschlichen K\u00f6rpers und Geistes, einen Raum, in dem das Verschmelzen von Natur und Geist stattfand.<\/p>\n\n<h2 class=\"wp-block-heading\">Die Entwicklung und Sch\u00e4tze des Unteren Klosters<\/h2>\n\n<p>Das Datum, wann das Untere Kloster gebaut wurde, ist nicht bestimmt worden. Nach Legenden der lokalen Bewohner befand sich an seinem heutigen Standort fr\u00fcher ein Dorf. Ein Teil dieses Landes wurde vom Heiligen Basilius von zwei Br\u00fcdern gekauft, und hier ist das Haus, das er f\u00fcr junge M\u00f6nche als sein Zentrum baute. Das Zentrum des Unteren Klosters ist heute die 1824 erbaute Kirche des Heiligen Trojan.<\/p>\n\n<p>Die Kirche des Heiligen Trojan ist eine einfache Struktur, die auf ebenen Steinbl\u00f6cken errichtet wurde. Ein gro\u00dfer kultureller Schatz ist der reich verzierte Altar. Die Kunstwerke, die heute seine W\u00e4nde schm\u00fccken, sind das Werk des K\u00fcnstlers Nauma Andrica aus dem 20. Jahrhundert. Diese Werke stellen die gro\u00dfen christlichen Feiertage dar sowie die Portr\u00e4ts des serbischen Heiligen Sava und Elijah von Onogosta \u2013 dem Gr\u00fcnder des Klosters. Ein gro\u00dfes Gem\u00e4lde an der Westwand der Kirche zeigt den Heiligen Basilius und einige seiner Wunderwerke: ein M\u00e4dchen, dem er half zu sprechen, und einen Muslim, den er von Ketten befreite. Dar\u00fcber hinaus umgibt die Kirche ein gro\u00dfes Haus, das 1742 erbaut wurde, und das Haus des Heiligen Basilius, das 1800 gebaut wurde. Nur eine kleine Entfernung davon entfernt befindet sich Kulica, das Anfang des 19. Jahrhunderts errichtet wurde. Zu den Sch\u00e4tzen des Unteren Klosters geh\u00f6ren das Gebetbuch Mineon von 1732 und ein dekorativer Kerzenhalter aus derselben Zeit.<\/p>\n\n<h2 class=\"wp-block-heading\">Erfahren Sie mehr \u00fcber das Kloster Ostrog<\/h2>\n\n<div class=\"wp-block-query is-layout-flow wp-block-query-is-layout-flow\"><ul class=\"wp-block-post-template is-layout-flow wp-block-post-template-is-layout-flow\"><li class=\"wp-block-post post-134332 page type-page status-publish has-post-thumbnail hentry\">\n<h6 style=\"text-decoration:underline; border-style:none;border-width:0px; padding-top:0px;padding-bottom:0px;padding-left:var(--wp--preset--spacing--50);padding-right:var(--wp--preset--spacing--50);margin-right:0;margin-left:0;margin-top:0px;margin-bottom:0px;\" class=\"has-link-color wp-elements-0a45992c3b14e5d616ed7c3546852965 wp-block-post-title\"><a href=\"https:\/\/www.visit-montenegro.com\/de\/kloster-ostrog\/bau\/\" target=\"_self\" >Bau des Klosters Ostrog<\/a><\/h6>\n<\/li><li class=\"wp-block-post post-133986 page type-page status-publish has-post-thumbnail hentry\">\n<h6 style=\"text-decoration:underline; border-style:none;border-width:0px; padding-top:0px;padding-bottom:0px;padding-left:var(--wp--preset--spacing--50);padding-right:var(--wp--preset--spacing--50);margin-right:0;margin-left:0;margin-top:0px;margin-bottom:0px;\" class=\"has-link-color wp-elements-0a45992c3b14e5d616ed7c3546852965 wp-block-post-title\"><a href=\"https:\/\/www.visit-montenegro.com\/de\/kloster-ostrog\/gebet\/\" target=\"_self\" >Das Gebet zu Sankt Basilius<\/a><\/h6>\n<\/li><li class=\"wp-block-post post-134300 page type-page status-publish has-post-thumbnail hentry\">\n<h6 style=\"text-decoration:underline; border-style:none;border-width:0px; padding-top:0px;padding-bottom:0px;padding-left:var(--wp--preset--spacing--50);padding-right:var(--wp--preset--spacing--50);margin-right:0;margin-left:0;margin-top:0px;margin-bottom:0px;\" class=\"has-link-color wp-elements-0a45992c3b14e5d616ed7c3546852965 wp-block-post-title\"><a href=\"https:\/\/www.visit-montenegro.com\/de\/kloster-ostrog\/leben\/\" target=\"_self\" >Das Leben des Heiligen Basilius von Ostrog<\/a><\/h6>\n<\/li><li class=\"wp-block-post post-133982 page type-page status-publish has-post-thumbnail hentry\">\n<h6 style=\"text-decoration:underline; border-style:none;border-width:0px; padding-top:0px;padding-bottom:0px;padding-left:var(--wp--preset--spacing--50);padding-right:var(--wp--preset--spacing--50);margin-right:0;margin-left:0;margin-top:0px;margin-bottom:0px;\" class=\"has-link-color wp-elements-0a45992c3b14e5d616ed7c3546852965 wp-block-post-title\"><a href=\"https:\/\/www.visit-montenegro.com\/de\/kloster-ostrog\/region\/\" target=\"_self\" >Die Geschichte der Ostrog-Region<\/a><\/h6>\n<\/li><li class=\"wp-block-post post-134316 page type-page status-publish has-post-thumbnail hentry\">\n<h6 style=\"text-decoration:underline; border-style:none;border-width:0px; padding-top:0px;padding-bottom:0px;padding-left:var(--wp--preset--spacing--50);padding-right:var(--wp--preset--spacing--50);margin-right:0;margin-left:0;margin-top:0px;margin-bottom:0px;\" class=\"has-link-color wp-elements-0a45992c3b14e5d616ed7c3546852965 wp-block-post-title\"><a href=\"https:\/\/www.visit-montenegro.com\/de\/kloster-ostrog\/historisch\/\" target=\"_self\" >Geschichte des Klosters Ostrog<\/a><\/h6>\n<\/li><li class=\"wp-block-post post-134308 page type-page status-publish has-post-thumbnail hentry\">\n<h6 style=\"text-decoration:underline; border-style:none;border-width:0px; padding-top:0px;padding-bottom:0px;padding-left:var(--wp--preset--spacing--50);padding-right:var(--wp--preset--spacing--50);margin-right:0;margin-left:0;margin-top:0px;margin-bottom:0px;\" class=\"has-link-color wp-elements-0a45992c3b14e5d616ed7c3546852965 wp-block-post-title\"><a href=\"https:\/\/www.visit-montenegro.com\/de\/kloster-ostrog\/kirchen\/\" target=\"_self\" >Kirchen, die dem Heiligen Basilius von Ostrog gewidmet sind<\/a><\/h6>\n<\/li><li class=\"wp-block-post post-134320 page type-page status-publish has-post-thumbnail hentry\">\n<h6 style=\"text-decoration:underline; border-style:none;border-width:0px; padding-top:0px;padding-bottom:0px;padding-left:var(--wp--preset--spacing--50);padding-right:var(--wp--preset--spacing--50);margin-right:0;margin-left:0;margin-top:0px;margin-bottom:0px;\" class=\"has-link-color wp-elements-0a45992c3b14e5d616ed7c3546852965 wp-block-post-title\"><a href=\"https:\/\/www.visit-montenegro.com\/de\/kloster-ostrog\/kulturell\/\" target=\"_self\" >Kulturerbe des Klosters Ostrog<\/a><\/h6>\n<\/li><li class=\"wp-block-post post-134312 page type-page status-publish has-post-thumbnail hentry\">\n<h6 style=\"text-decoration:underline; border-style:none;border-width:0px; padding-top:0px;padding-bottom:0px;padding-left:var(--wp--preset--spacing--50);padding-right:var(--wp--preset--spacing--50);margin-right:0;margin-left:0;margin-top:0px;margin-bottom:0px;\" class=\"has-link-color wp-elements-0a45992c3b14e5d616ed7c3546852965 wp-block-post-title\"><a href=\"https:\/\/www.visit-montenegro.com\/de\/kloster-ostrog\/legenden\/\" target=\"_self\" >Legenden und Mythen des Klosters Ostrog<\/a><\/h6>\n<\/li><li class=\"wp-block-post post-134304 page type-page status-publish has-post-thumbnail hentry\">\n<h6 style=\"text-decoration:underline; border-style:none;border-width:0px; padding-top:0px;padding-bottom:0px;padding-left:var(--wp--preset--spacing--50);padding-right:var(--wp--preset--spacing--50);margin-right:0;margin-left:0;margin-top:0px;margin-bottom:0px;\" class=\"has-link-color wp-elements-0a45992c3b14e5d616ed7c3546852965 wp-block-post-title\"><a href=\"https:\/\/www.visit-montenegro.com\/de\/kloster-ostrog\/gatherings\/\" target=\"_self\" >Ostrog-Kloster Feiertage und Versammlungen<\/a><\/h6>\n<\/li><li class=\"wp-block-post post-133989 page type-page status-publish has-post-thumbnail hentry\">\n<h6 style=\"text-decoration:underline; border-style:none;border-width:0px; padding-top:0px;padding-bottom:0px;padding-left:var(--wp--preset--spacing--50);padding-right:var(--wp--preset--spacing--50);margin-right:0;margin-left:0;margin-top:0px;margin-bottom:0px;\" class=\"has-link-color wp-elements-0a45992c3b14e5d616ed7c3546852965 wp-block-post-title\"><a href=\"https:\/\/www.visit-montenegro.com\/de\/kloster-ostrog\/geschichten\/\" target=\"_self\" >Ostrog-Kloster Geschichten von Wundern<\/a><\/h6>\n<\/li><li class=\"wp-block-post post-134328 page type-page status-publish has-post-thumbnail hentry\">\n<h6 style=\"text-decoration:underline; border-style:none;border-width:0px; padding-top:0px;padding-bottom:0px;padding-left:var(--wp--preset--spacing--50);padding-right:var(--wp--preset--spacing--50);margin-right:0;margin-left:0;margin-top:0px;margin-bottom:0px;\" class=\"has-link-color wp-elements-0a45992c3b14e5d616ed7c3546852965 wp-block-post-title\"><a href=\"https:\/\/www.visit-montenegro.com\/de\/kloster-ostrog\/wo\/\" target=\"_self\" >Ostrog-Kloster Lage<\/a><\/h6>\n<\/li><li class=\"wp-block-post post-134336 page type-page status-publish has-post-thumbnail hentry\">\n<h6 style=\"text-decoration:underline; border-style:none;border-width:0px; padding-top:0px;padding-bottom:0px;padding-left:var(--wp--preset--spacing--50);padding-right:var(--wp--preset--spacing--50);margin-right:0;margin-left:0;margin-top:0px;margin-bottom:0px;\" class=\"has-link-color wp-elements-0a45992c3b14e5d616ed7c3546852965 wp-block-post-title\"><a href=\"https:\/\/www.visit-montenegro.com\/de\/kloster-ostrog\/traditionen\/\" target=\"_self\" >Ostrog-Klostertraditionen<\/a><\/h6>\n<\/li><li class=\"wp-block-post post-134324 page type-page status-publish has-post-thumbnail hentry\">\n<h6 style=\"text-decoration:underline; border-style:none;border-width:0px; padding-top:0px;padding-bottom:0px;padding-left:var(--wp--preset--spacing--50);padding-right:var(--wp--preset--spacing--50);margin-right:0;margin-left:0;margin-top:0px;margin-bottom:0px;\" class=\"has-link-color wp-elements-0a45992c3b14e5d616ed7c3546852965 wp-block-post-title\"><a href=\"https:\/\/www.visit-montenegro.com\/de\/kloster-ostrog\/other\/\" target=\"_self\" >Was andere \u00fcber das Kloster Ostrog sagen<\/a><\/h6>\n<\/li><\/ul><\/div>\n","protected":false},"excerpt":{"rendered":"<p>Entdecken Sie die faszinierende Geschichte des Baus des Klosters Ostrog, das vom Heiligen Basilius in Klippen gebaut wurde. Erfahren Sie, wie diese spirituelle St\u00e4tte Natur und Glauben vereint, mit Einblicken in seine Oberen und Unteren Abschnitte.<\/p>\n","protected":false},"author":1,"featured_media":133953,"parent":133952,"menu_order":0,"comment_status":"open","ping_status":"open","template":"","meta":{"_yoast_wpseo_focuskw":"Bau des Klosters Ostrog","_yoast_wpseo_metadesc":"Erkunden Sie die Geschichte des Baus des Klosters Ostrog in Montenegro. Erfahren Sie, wie der Heilige Basilius diese spirituelle St\u00e4tte an einer Klippe errichtete und dabei Natur und Glauben vereinte.","_kad_post_transparent":"","_kad_post_title":"","_kad_post_layout":"","_kad_post_sidebar_id":"","_kad_post_content_style":"","_kad_post_vertical_padding":"","_kad_post_feature":"","_kad_post_feature_position":"","_kad_post_header":false,"_kad_post_footer":false,"_kad_post_classname":"","iawp_total_views":18,"footnotes":""},"tags":[],"class_list":["post-134332","page","type-page","status-publish","has-post-thumbnail","hentry"],"yoast_head":"<!-- This site is optimized with the Yoast SEO plugin v27.3 - https:\/\/yoast.com\/product\/yoast-seo-wordpress\/ -->\n<title>Bau des Klosters Ostrog - Visit Montenegro<\/title>\n<meta name=\"description\" content=\"Erkunden Sie die Geschichte des Baus des Klosters Ostrog in Montenegro. Erfahren Sie, wie der Heilige Basilius diese spirituelle St\u00e4tte an einer Klippe errichtete und dabei Natur und Glauben vereinte.\" \/>\n<meta name=\"robots\" content=\"index, follow, max-snippet:-1, max-image-preview:large, max-video-preview:-1\" \/>\n<link rel=\"canonical\" href=\"https:\/\/www.visit-montenegro.com\/de\/kloster-ostrog\/bau\/\" \/>\n<meta property=\"og:locale\" content=\"de_DE\" \/>\n<meta property=\"og:type\" content=\"article\" \/>\n<meta property=\"og:title\" content=\"Bau des Klosters Ostrog - Visit Montenegro\" \/>\n<meta property=\"og:description\" content=\"Erkunden Sie die Geschichte des Baus des Klosters Ostrog in Montenegro. Erfahren Sie, wie der Heilige Basilius diese spirituelle St\u00e4tte an einer Klippe errichtete und dabei Natur und Glauben vereinte.\" \/>\n<meta property=\"og:url\" content=\"https:\/\/www.visit-montenegro.com\/de\/kloster-ostrog\/bau\/\" \/>\n<meta property=\"og:site_name\" content=\"Visit Montenegro\" \/>\n<meta property=\"article:publisher\" content=\"https:\/\/www.facebook.com\/visitmontenegro\" \/>\n<meta property=\"article:modified_time\" content=\"2026-02-22T16:18:41+00:00\" \/>\n<meta property=\"og:image\" content=\"https:\/\/www.visit-montenegro.com\/wp-content\/uploads\/2026\/01\/ostrog-monastery-01-scaled.jpg\" \/>\n\t<meta property=\"og:image:width\" content=\"1600\" \/>\n\t<meta property=\"og:image:height\" content=\"1067\" \/>\n\t<meta property=\"og:image:type\" content=\"image\/jpeg\" \/>\n<meta name=\"twitter:card\" content=\"summary_large_image\" \/>\n<meta name=\"twitter:site\" content=\"@visitmontenegro\" \/>\n<meta name=\"twitter:label1\" content=\"Gesch\u00e4tzte Lesezeit\" \/>\n\t<meta name=\"twitter:data1\" content=\"3\u00a0Minuten\" \/>\n<script type=\"application\/ld+json\" class=\"yoast-schema-graph\">{\"@context\":\"https:\\\/\\\/schema.org\",\"@graph\":[{\"@type\":\"WebPage\",\"@id\":\"https:\\\/\\\/www.visit-montenegro.com\\\/de\\\/kloster-ostrog\\\/bau\\\/\",\"url\":\"https:\\\/\\\/www.visit-montenegro.com\\\/de\\\/kloster-ostrog\\\/bau\\\/\",\"name\":\"Bau des Klosters Ostrog - Visit Montenegro\",\"isPartOf\":{\"@id\":\"https:\\\/\\\/www.visit-montenegro.com\\\/de\\\/#website\"},\"primaryImageOfPage\":{\"@id\":\"https:\\\/\\\/www.visit-montenegro.com\\\/de\\\/kloster-ostrog\\\/bau\\\/#primaryimage\"},\"image\":{\"@id\":\"https:\\\/\\\/www.visit-montenegro.com\\\/de\\\/kloster-ostrog\\\/bau\\\/#primaryimage\"},\"thumbnailUrl\":\"https:\\\/\\\/www.visit-montenegro.com\\\/wp-content\\\/uploads\\\/2026\\\/01\\\/ostrog-monastery-01-scaled.jpg\",\"datePublished\":\"2026-01-28T18:16:59+00:00\",\"dateModified\":\"2026-02-22T16:18:41+00:00\",\"description\":\"Erkunden Sie die Geschichte des Baus des Klosters Ostrog in Montenegro. Erfahren Sie, wie der Heilige Basilius diese spirituelle St\u00e4tte an einer Klippe errichtete und dabei Natur und Glauben vereinte.\",\"breadcrumb\":{\"@id\":\"https:\\\/\\\/www.visit-montenegro.com\\\/de\\\/kloster-ostrog\\\/bau\\\/#breadcrumb\"},\"inLanguage\":\"de\",\"potentialAction\":[{\"@type\":\"ReadAction\",\"target\":[\"https:\\\/\\\/www.visit-montenegro.com\\\/de\\\/kloster-ostrog\\\/bau\\\/\"]}]},{\"@type\":\"ImageObject\",\"inLanguage\":\"de\",\"@id\":\"https:\\\/\\\/www.visit-montenegro.com\\\/de\\\/kloster-ostrog\\\/bau\\\/#primaryimage\",\"url\":\"https:\\\/\\\/www.visit-montenegro.com\\\/wp-content\\\/uploads\\\/2026\\\/01\\\/ostrog-monastery-01-scaled.jpg\",\"contentUrl\":\"https:\\\/\\\/www.visit-montenegro.com\\\/wp-content\\\/uploads\\\/2026\\\/01\\\/ostrog-monastery-01-scaled.jpg\",\"width\":1600,\"height\":1067},{\"@type\":\"BreadcrumbList\",\"@id\":\"https:\\\/\\\/www.visit-montenegro.com\\\/de\\\/kloster-ostrog\\\/bau\\\/#breadcrumb\",\"itemListElement\":[{\"@type\":\"ListItem\",\"position\":1,\"name\":\"Home\",\"item\":\"https:\\\/\\\/www.visit-montenegro.com\\\/de\\\/home\\\/\"},{\"@type\":\"ListItem\",\"position\":2,\"name\":\"Kloster Ostrog\",\"item\":\"https:\\\/\\\/www.visit-montenegro.com\\\/de\\\/kloster-ostrog\\\/\"},{\"@type\":\"ListItem\",\"position\":3,\"name\":\"Bau des Klosters Ostrog\"}]},{\"@type\":\"WebSite\",\"@id\":\"https:\\\/\\\/www.visit-montenegro.com\\\/de\\\/#website\",\"url\":\"https:\\\/\\\/www.visit-montenegro.com\\\/de\\\/\",\"name\":\"Visit Montenegro\",\"description\":\"Breathtaking beauty\",\"publisher\":{\"@id\":\"https:\\\/\\\/www.visit-montenegro.com\\\/de\\\/#organization\"},\"potentialAction\":[{\"@type\":\"SearchAction\",\"target\":{\"@type\":\"EntryPoint\",\"urlTemplate\":\"https:\\\/\\\/www.visit-montenegro.com\\\/de\\\/?s={search_term_string}\"},\"query-input\":{\"@type\":\"PropertyValueSpecification\",\"valueRequired\":true,\"valueName\":\"search_term_string\"}}],\"inLanguage\":\"de\"},{\"@type\":\"Organization\",\"@id\":\"https:\\\/\\\/www.visit-montenegro.com\\\/de\\\/#organization\",\"name\":\"Visit Montenegro\",\"url\":\"https:\\\/\\\/www.visit-montenegro.com\\\/de\\\/\",\"logo\":{\"@type\":\"ImageObject\",\"inLanguage\":\"de\",\"@id\":\"https:\\\/\\\/www.visit-montenegro.com\\\/de\\\/#\\\/schema\\\/logo\\\/image\\\/\",\"url\":\"https:\\\/\\\/www.visit-montenegro.com\\\/wp-content\\\/uploads\\\/2017\\\/10\\\/logo-amp.png\",\"contentUrl\":\"https:\\\/\\\/www.visit-montenegro.com\\\/wp-content\\\/uploads\\\/2017\\\/10\\\/logo-amp.png\",\"width\":190,\"height\":36,\"caption\":\"Visit Montenegro\"},\"image\":{\"@id\":\"https:\\\/\\\/www.visit-montenegro.com\\\/de\\\/#\\\/schema\\\/logo\\\/image\\\/\"},\"sameAs\":[\"https:\\\/\\\/www.facebook.com\\\/visitmontenegro\",\"https:\\\/\\\/x.com\\\/visitmontenegro\",\"https:\\\/\\\/www.instagram.com\\\/visit_montenegro\\\/\",\"https:\\\/\\\/www.youtube.com\\\/user\\\/VisitMontenegro\"]}]}<\/script>\n<!-- \/ Yoast SEO plugin. -->","yoast_head_json":{"title":"Bau des Klosters Ostrog - Visit Montenegro","description":"Erkunden Sie die Geschichte des Baus des Klosters Ostrog in Montenegro. Erfahren Sie, wie der Heilige Basilius diese spirituelle St\u00e4tte an einer Klippe errichtete und dabei Natur und Glauben vereinte.","robots":{"index":"index","follow":"follow","max-snippet":"max-snippet:-1","max-image-preview":"max-image-preview:large","max-video-preview":"max-video-preview:-1"},"canonical":"https:\/\/www.visit-montenegro.com\/de\/kloster-ostrog\/bau\/","og_locale":"de_DE","og_type":"article","og_title":"Bau des Klosters Ostrog - Visit Montenegro","og_description":"Erkunden Sie die Geschichte des Baus des Klosters Ostrog in Montenegro. Erfahren Sie, wie der Heilige Basilius diese spirituelle St\u00e4tte an einer Klippe errichtete und dabei Natur und Glauben vereinte.","og_url":"https:\/\/www.visit-montenegro.com\/de\/kloster-ostrog\/bau\/","og_site_name":"Visit Montenegro","article_publisher":"https:\/\/www.facebook.com\/visitmontenegro","article_modified_time":"2026-02-22T16:18:41+00:00","og_image":[{"width":1600,"height":1067,"url":"https:\/\/www.visit-montenegro.com\/wp-content\/uploads\/2026\/01\/ostrog-monastery-01-scaled.jpg","type":"image\/jpeg"}],"twitter_card":"summary_large_image","twitter_site":"@visitmontenegro","twitter_misc":{"Gesch\u00e4tzte Lesezeit":"3\u00a0Minuten"},"schema":{"@context":"https:\/\/schema.org","@graph":[{"@type":"WebPage","@id":"https:\/\/www.visit-montenegro.com\/de\/kloster-ostrog\/bau\/","url":"https:\/\/www.visit-montenegro.com\/de\/kloster-ostrog\/bau\/","name":"Bau des Klosters Ostrog - Visit Montenegro","isPartOf":{"@id":"https:\/\/www.visit-montenegro.com\/de\/#website"},"primaryImageOfPage":{"@id":"https:\/\/www.visit-montenegro.com\/de\/kloster-ostrog\/bau\/#primaryimage"},"image":{"@id":"https:\/\/www.visit-montenegro.com\/de\/kloster-ostrog\/bau\/#primaryimage"},"thumbnailUrl":"https:\/\/www.visit-montenegro.com\/wp-content\/uploads\/2026\/01\/ostrog-monastery-01-scaled.jpg","datePublished":"2026-01-28T18:16:59+00:00","dateModified":"2026-02-22T16:18:41+00:00","description":"Erkunden Sie die Geschichte des Baus des Klosters Ostrog in Montenegro. Erfahren Sie, wie der Heilige Basilius diese spirituelle St\u00e4tte an einer Klippe errichtete und dabei Natur und Glauben vereinte.","breadcrumb":{"@id":"https:\/\/www.visit-montenegro.com\/de\/kloster-ostrog\/bau\/#breadcrumb"},"inLanguage":"de","potentialAction":[{"@type":"ReadAction","target":["https:\/\/www.visit-montenegro.com\/de\/kloster-ostrog\/bau\/"]}]},{"@type":"ImageObject","inLanguage":"de","@id":"https:\/\/www.visit-montenegro.com\/de\/kloster-ostrog\/bau\/#primaryimage","url":"https:\/\/www.visit-montenegro.com\/wp-content\/uploads\/2026\/01\/ostrog-monastery-01-scaled.jpg","contentUrl":"https:\/\/www.visit-montenegro.com\/wp-content\/uploads\/2026\/01\/ostrog-monastery-01-scaled.jpg","width":1600,"height":1067},{"@type":"BreadcrumbList","@id":"https:\/\/www.visit-montenegro.com\/de\/kloster-ostrog\/bau\/#breadcrumb","itemListElement":[{"@type":"ListItem","position":1,"name":"Home","item":"https:\/\/www.visit-montenegro.com\/de\/home\/"},{"@type":"ListItem","position":2,"name":"Kloster Ostrog","item":"https:\/\/www.visit-montenegro.com\/de\/kloster-ostrog\/"},{"@type":"ListItem","position":3,"name":"Bau des Klosters Ostrog"}]},{"@type":"WebSite","@id":"https:\/\/www.visit-montenegro.com\/de\/#website","url":"https:\/\/www.visit-montenegro.com\/de\/","name":"Visit Montenegro","description":"Breathtaking beauty","publisher":{"@id":"https:\/\/www.visit-montenegro.com\/de\/#organization"},"potentialAction":[{"@type":"SearchAction","target":{"@type":"EntryPoint","urlTemplate":"https:\/\/www.visit-montenegro.com\/de\/?s={search_term_string}"},"query-input":{"@type":"PropertyValueSpecification","valueRequired":true,"valueName":"search_term_string"}}],"inLanguage":"de"},{"@type":"Organization","@id":"https:\/\/www.visit-montenegro.com\/de\/#organization","name":"Visit Montenegro","url":"https:\/\/www.visit-montenegro.com\/de\/","logo":{"@type":"ImageObject","inLanguage":"de","@id":"https:\/\/www.visit-montenegro.com\/de\/#\/schema\/logo\/image\/","url":"https:\/\/www.visit-montenegro.com\/wp-content\/uploads\/2017\/10\/logo-amp.png","contentUrl":"https:\/\/www.visit-montenegro.com\/wp-content\/uploads\/2017\/10\/logo-amp.png","width":190,"height":36,"caption":"Visit Montenegro"},"image":{"@id":"https:\/\/www.visit-montenegro.com\/de\/#\/schema\/logo\/image\/"},"sameAs":["https:\/\/www.facebook.com\/visitmontenegro","https:\/\/x.com\/visitmontenegro","https:\/\/www.instagram.com\/visit_montenegro\/","https:\/\/www.youtube.com\/user\/VisitMontenegro"]}]}},"translations":[],"_links":{"self":[{"href":"https:\/\/www.visit-montenegro.com\/de\/wp-json\/wp\/v2\/pages\/134332","targetHints":{"allow":["GET"]}}],"collection":[{"href":"https:\/\/www.visit-montenegro.com\/de\/wp-json\/wp\/v2\/pages"}],"about":[{"href":"https:\/\/www.visit-montenegro.com\/de\/wp-json\/wp\/v2\/types\/page"}],"author":[{"embeddable":true,"href":"https:\/\/www.visit-montenegro.com\/de\/wp-json\/wp\/v2\/users\/1"}],"replies":[{"embeddable":true,"href":"https:\/\/www.visit-montenegro.com\/de\/wp-json\/wp\/v2\/comments?post=134332"}],"version-history":[{"count":0,"href":"https:\/\/www.visit-montenegro.com\/de\/wp-json\/wp\/v2\/pages\/134332\/revisions"}],"up":[{"embeddable":true,"href":"https:\/\/www.visit-montenegro.com\/de\/wp-json\/wp\/v2\/pages\/133952"}],"wp:featuredmedia":[{"embeddable":true,"href":"https:\/\/www.visit-montenegro.com\/de\/wp-json\/wp\/v2\/media\/133953"}],"wp:attachment":[{"href":"https:\/\/www.visit-montenegro.com\/de\/wp-json\/wp\/v2\/media?parent=134332"}],"wp:term":[{"taxonomy":"post_tag","embeddable":true,"href":"https:\/\/www.visit-montenegro.com\/de\/wp-json\/wp\/v2\/tags?post=134332"}],"curies":[{"name":"wp","href":"https:\/\/api.w.org\/{rel}","templated":true}]}}