{"id":134339,"date":"2026-01-28T19:16:59","date_gmt":"2026-01-28T18:16:59","guid":{"rendered":"https:\/\/new.visit-montenegro.com\/transport\/transportation-rental-cars\/"},"modified":"2026-02-24T13:27:38","modified_gmt":"2026-02-24T12:27:38","slug":"transportation-rental-cars","status":"publish","type":"page","link":"https:\/\/www.visit-montenegro.com\/de\/transport\/transportation-rental-cars\/","title":{"rendered":"Autovermietungen in Montenegro"},"content":{"rendered":"\n<p>Montenegros atemberaubende Landschaften und versteckte Sch\u00e4tze lassen sich am besten mit der Freiheit eines eigenen Fahrzeugs erkunden. Daher ist die Anmietung eines Autos eine beliebte Wahl f\u00fcr Touristen, die Bequemlichkeit und Zugang zu abgelegenen Zielen bietet. Dar\u00fcber hinaus bietet unser Service garantierte Bestpreise und Partnerschaften mit Top-Agenturen weltweit.<\/p>\n\n<p>In den letzten Jahren gab es immer mehr Anfragen nach einem Mietwagen w\u00e4hrend der Ferien, was zu einem professionellen Service und Partnerschaften mit den besten Autovermietungsagenturen gef\u00fchrt hat. Jetzt k\u00f6nnen wir Ihnen mit Freude den BESTEN ONLINE-VERMIETUNGSSERVICE f\u00fcr Autovermietung (Car Hire) anbieten. <strong>Beste Autovermietungspreise \u2013 Garantiert<\/strong>. Finden Sie g\u00fcnstige Autovermietungen an \u00fcber 6000 Standorten weltweit.<\/p>\n\n<div id=\"rc-connect-container\"><\/div>\n<p>\n  <script defer=\"defer\" data-container=\"rc-connect-container\" data-enable-return-checkbox=\"true\" data-preflang=\"en\" data-rcid=\"visit_montenegro\" id=\"rc-connect\" src=\"https:\/\/www.rentalcars.com\/partners\/integrations\/connect\/connect.js\">\n  <\/script>\n<\/p>\n\n<hr class=\"wp-block-separator has-alpha-channel-opacity\"\/>\n\n<h2 class=\"wp-block-heading\">Warum ein Auto in Montenegro mieten<\/h2>\n\n<p>Ein Auto f\u00fcr Ihren Montenegro-Urlaub zu mieten, ist eine der besten M\u00f6glichkeiten, um Ihren Urlaub so angenehm wie m\u00f6glich zu gestalten und sicherzustellen, dass Sie alle kleinen Montenegro-Ziele und besten Orte besuchen. Wie Sie wissen, ist Montenegro ein kleines Land, und Ihre Ausgaben f\u00fcr <strong>Autovermietungen in Montenegro<\/strong> k\u00f6nnen sehr erschwinglich sein. Aufgrund des schlechten \u00f6ffentlichen Verkehrs empfehlen wir, ein Auto zu mieten.<\/p>\n\n<h3 class=\"wp-block-heading\">Fahrregeln und Anforderungen<\/h3>\n\n<p>Beim Fahren in Montenegro gibt es einige Regeln, die befolgt werden m\u00fcssen. Sicher fahren ist am wichtigsten. Verkehrskontrollen durch die montenegrinische Polizei sind recht h\u00e4ufig, und es gibt nichts zu bef\u00fcrchten, wenn Sie sicher fahren und die Beschilderung und Regeln respektieren.<\/p>\n\n<p>Fahrer m\u00fcssen einen g\u00fcltigen F\u00fchrerschein (international ist in Ordnung) mitf\u00fchren, einen Eigentumsnachweis oder f\u00fcr gemietete Autos den Mietvertrag haben und eine Versicherung besitzen. Ein Reisepass oder Ausweis wird ebenfalls empfohlen.<\/p>\n\n<p>Reisende, die aus einem Nachbarland nach Montenegro einreisen, zahlen die Grenz\u00fcbertrittsgeb\u00fchr bei der \u00f6rtlichen Agentur bei der Abholung. Au\u00dferdem sollten diejenigen, die die Grenze nach Montenegro \u00fcberqueren m\u00f6chten, bedenken, dass besonders in der Hochsaison die Kontrollpunkte an den Grenz\u00fcberg\u00e4ngen extrem \u00fcberf\u00fcllt sein k\u00f6nnen und Autoschlangen von bis zu einem Kilometer nicht ungew\u00f6hnlich sind. Eine gute M\u00f6glichkeit, dies zu vermeiden, ist die \u00dcberquerung an einem Wochentag fr\u00fch morgens oder sp\u00e4t abends.<\/p>\n\n<p>Hier sind einige weitere kurze Tipps, die Touristen, die ein Auto in Montenegro mieten m\u00f6chten, beachten sollten:<\/p>\n\n<ul class=\"wp-block-list\">\n<li>Die Verwendung von Sicherheitsgurten ist vorgeschrieben<\/li>\n\n\n\n<li>Das Telefonieren w\u00e4hrend der Fahrt ist illegal<\/li>\n\n\n\n<li>JEDES Trinken und Fahren ist illegal<\/li>\n\n\n\n<li>Geschwindigkeitsbegrenzungen werden streng durchgesetzt<\/li>\n<\/ul>\n\n<p>Vorsichtiges und langsames Fahren erm\u00f6glicht es Ihnen, die Sch\u00f6nheiten Montenegros zu genie\u00dfen.<\/p>\n\n<h2 class=\"wp-block-heading\">Alternative Transportoptionen<\/h2>\n\n<p>Montenegro verf\u00fcgt \u00fcber ein relativ gutes Busnetz, das alle St\u00e4dte verbindet. Es ist auch gut mit den Nachbarl\u00e4ndern verbunden: Kroatien, Serbien, Bosnien und Albanien.<\/p>\n\n<p>Allerdings ist Montenegro ein kleines Land, daher sind bestimmte Linien nicht sehr regelm\u00e4\u00dfig und ihre Verf\u00fcgbarkeit variiert je nach Jahreszeit. Je nach Ihrer Route k\u00f6nnten Sie in einem alten und schlecht ausgestatteten Bus landen, was sich auf die Qualit\u00e4t Ihrer Reise auswirken k\u00f6nnte.<\/p>\n\n<h3 class=\"wp-block-heading\">Privattransfers und Taxis<\/h3>\n\n<p>Wenn Sie einen <strong>Transfer zwischen zwei Orten in Montenegro<\/strong> ben\u00f6tigen, ist eine viel bessere Option, <a href=\"https:\/\/www.visit-montenegro.com\/de\/transfers\/\">einen Privattransfer zu buchen<\/a>. Es ist eine erschwingliche Option, besonders wenn Sie als Familie oder Gruppe reisen. Privattransfers bieten einen T\u00fcr-zu-T\u00fcr-Service, der Ihre wertvolle Urlaubszeit spart.<\/p>\n\n<p>Wenn Sie nach <strong>einem kurzen Transport innerhalb einer Stadt<\/strong> suchen, empfehlen wir, ein lokales Taxi zu nehmen. Sie sind normalerweise recht erschwinglich, aber fragen Sie im Voraus beim Fahrer nach den ungef\u00e4hren Kosten der Fahrt. St\u00e4dte in Montenegro sind relativ klein, daher verf\u00fcgen sie nicht \u00fcber eine sehr gute Businfrastruktur.<\/p>\n\n<p>Wenn Sie <strong>einen Flughafentransfer<\/strong> ben\u00f6tigen, ist bei weitem die beste Option, <a href=\"https:\/\/www.visit-montenegro.com\/de\/transfers\/\">einen Flughafentransfer online zu buchen<\/a>. Es gibt keine regelm\u00e4\u00dfigen Bus-Shuttles von den Flugh\u00e4fen Montenegros, und der Bus-Shuttle am Flughafen Dubrovnik f\u00e4hrt nur direkt ins Zentrum von Dubrovnik. Am Flughafen warten Taxis, aber sie sind in der Regel viel teurer, wenn Sie sie vor Ort buchen. Beachten Sie auch, dass Taxifahrer am Flughafen Dubrovnik Sie aufgrund gesetzlicher Beschr\u00e4nkungen nur bis zur montenegrinischen Grenze und nicht weiter bringen d\u00fcrfen.<\/p>\n","protected":false},"excerpt":{"rendered":"<p>Entdecken Sie, warum ein Mietwagen in Montenegro die ideale M\u00f6glichkeit ist, um seine versteckten Sch\u00e4tze und atemberaubenden Landschaften zu erkunden. Erfahren Sie mehr \u00fcber Verkehrsregeln, erschwingliche Optionen und alternative Transportmittel, um Ihre perfekte Reise zu planen.<\/p>\n","protected":false},"author":1,"featured_media":134340,"parent":133449,"menu_order":0,"comment_status":"open","ping_status":"open","template":"","meta":{"_yoast_wpseo_focuskw":"Autovermietungen in Montenegro","_yoast_wpseo_metadesc":"Entdecken Sie Montenegro m\u00fchelos! Finden Sie die besten Autovermietungen, Fahrttipps und erschwingliche Transportoptionen f\u00fcr ein nahtloses Urlaubsabenteuer. Buchen Sie jetzt f\u00fcr garantierte Preise.","_kad_post_transparent":"","_kad_post_title":"","_kad_post_layout":"","_kad_post_sidebar_id":"","_kad_post_content_style":"","_kad_post_vertical_padding":"","_kad_post_feature":"","_kad_post_feature_position":"","_kad_post_header":false,"_kad_post_footer":false,"_kad_post_classname":"","iawp_total_views":7,"footnotes":""},"tags":[],"class_list":["post-134339","page","type-page","status-publish","has-post-thumbnail","hentry"],"yoast_head":"<!-- This site is optimized with the Yoast SEO plugin v27.3 - https:\/\/yoast.com\/product\/yoast-seo-wordpress\/ -->\n<title>Autovermietungen in Montenegro - Visit Montenegro<\/title>\n<meta name=\"description\" content=\"Entdecken Sie Montenegro m\u00fchelos! Finden Sie die besten Autovermietungen, Fahrttipps und erschwingliche Transportoptionen f\u00fcr ein nahtloses Urlaubsabenteuer. Buchen Sie jetzt f\u00fcr garantierte Preise.\" \/>\n<meta name=\"robots\" content=\"index, follow, max-snippet:-1, max-image-preview:large, max-video-preview:-1\" \/>\n<link rel=\"canonical\" href=\"https:\/\/www.visit-montenegro.com\/de\/transport\/transportation-rental-cars\/\" \/>\n<meta property=\"og:locale\" content=\"de_DE\" \/>\n<meta property=\"og:type\" content=\"article\" \/>\n<meta property=\"og:title\" content=\"Autovermietungen in Montenegro - Visit Montenegro\" \/>\n<meta property=\"og:description\" content=\"Entdecken Sie Montenegro m\u00fchelos! Finden Sie die besten Autovermietungen, Fahrttipps und erschwingliche Transportoptionen f\u00fcr ein nahtloses Urlaubsabenteuer. Buchen Sie jetzt f\u00fcr garantierte Preise.\" \/>\n<meta property=\"og:url\" content=\"https:\/\/www.visit-montenegro.com\/de\/transport\/transportation-rental-cars\/\" \/>\n<meta property=\"og:site_name\" content=\"Visit Montenegro\" \/>\n<meta property=\"article:publisher\" content=\"https:\/\/www.facebook.com\/visitmontenegro\" \/>\n<meta property=\"article:modified_time\" content=\"2026-02-24T12:27:38+00:00\" \/>\n<meta property=\"og:image\" content=\"https:\/\/www.visit-montenegro.com\/wp-content\/uploads\/2026\/02\/Depositphotos_28867665_L-scaled.jpg\" \/>\n\t<meta property=\"og:image:width\" content=\"1600\" \/>\n\t<meta property=\"og:image:height\" content=\"1060\" \/>\n\t<meta property=\"og:image:type\" content=\"image\/jpeg\" \/>\n<meta name=\"twitter:card\" content=\"summary_large_image\" \/>\n<meta name=\"twitter:site\" content=\"@visitmontenegro\" \/>\n<meta name=\"twitter:label1\" content=\"Gesch\u00e4tzte Lesezeit\" \/>\n\t<meta name=\"twitter:data1\" content=\"3\u00a0Minuten\" \/>\n<script type=\"application\/ld+json\" class=\"yoast-schema-graph\">{\"@context\":\"https:\\\/\\\/schema.org\",\"@graph\":[{\"@type\":\"WebPage\",\"@id\":\"https:\\\/\\\/www.visit-montenegro.com\\\/de\\\/transport\\\/transportation-rental-cars\\\/\",\"url\":\"https:\\\/\\\/www.visit-montenegro.com\\\/de\\\/transport\\\/transportation-rental-cars\\\/\",\"name\":\"Autovermietungen in Montenegro - Visit Montenegro\",\"isPartOf\":{\"@id\":\"https:\\\/\\\/www.visit-montenegro.com\\\/de\\\/#website\"},\"primaryImageOfPage\":{\"@id\":\"https:\\\/\\\/www.visit-montenegro.com\\\/de\\\/transport\\\/transportation-rental-cars\\\/#primaryimage\"},\"image\":{\"@id\":\"https:\\\/\\\/www.visit-montenegro.com\\\/de\\\/transport\\\/transportation-rental-cars\\\/#primaryimage\"},\"thumbnailUrl\":\"https:\\\/\\\/www.visit-montenegro.com\\\/wp-content\\\/uploads\\\/2026\\\/02\\\/Depositphotos_28867665_L-scaled.jpg\",\"datePublished\":\"2026-01-28T18:16:59+00:00\",\"dateModified\":\"2026-02-24T12:27:38+00:00\",\"description\":\"Entdecken Sie Montenegro m\u00fchelos! Finden Sie die besten Autovermietungen, Fahrttipps und erschwingliche Transportoptionen f\u00fcr ein nahtloses Urlaubsabenteuer. Buchen Sie jetzt f\u00fcr garantierte Preise.\",\"breadcrumb\":{\"@id\":\"https:\\\/\\\/www.visit-montenegro.com\\\/de\\\/transport\\\/transportation-rental-cars\\\/#breadcrumb\"},\"inLanguage\":\"de\",\"potentialAction\":[{\"@type\":\"ReadAction\",\"target\":[\"https:\\\/\\\/www.visit-montenegro.com\\\/de\\\/transport\\\/transportation-rental-cars\\\/\"]}]},{\"@type\":\"ImageObject\",\"inLanguage\":\"de\",\"@id\":\"https:\\\/\\\/www.visit-montenegro.com\\\/de\\\/transport\\\/transportation-rental-cars\\\/#primaryimage\",\"url\":\"https:\\\/\\\/www.visit-montenegro.com\\\/wp-content\\\/uploads\\\/2026\\\/02\\\/Depositphotos_28867665_L-scaled.jpg\",\"contentUrl\":\"https:\\\/\\\/www.visit-montenegro.com\\\/wp-content\\\/uploads\\\/2026\\\/02\\\/Depositphotos_28867665_L-scaled.jpg\",\"width\":1600,\"height\":1060},{\"@type\":\"BreadcrumbList\",\"@id\":\"https:\\\/\\\/www.visit-montenegro.com\\\/de\\\/transport\\\/transportation-rental-cars\\\/#breadcrumb\",\"itemListElement\":[{\"@type\":\"ListItem\",\"position\":1,\"name\":\"Home\",\"item\":\"https:\\\/\\\/www.visit-montenegro.com\\\/de\\\/home\\\/\"},{\"@type\":\"ListItem\",\"position\":2,\"name\":\"Transport in Montenegro\",\"item\":\"https:\\\/\\\/www.visit-montenegro.com\\\/de\\\/transport\\\/\"},{\"@type\":\"ListItem\",\"position\":3,\"name\":\"Autovermietungen in Montenegro\"}]},{\"@type\":\"WebSite\",\"@id\":\"https:\\\/\\\/www.visit-montenegro.com\\\/de\\\/#website\",\"url\":\"https:\\\/\\\/www.visit-montenegro.com\\\/de\\\/\",\"name\":\"Visit Montenegro\",\"description\":\"Breathtaking beauty\",\"publisher\":{\"@id\":\"https:\\\/\\\/www.visit-montenegro.com\\\/de\\\/#organization\"},\"potentialAction\":[{\"@type\":\"SearchAction\",\"target\":{\"@type\":\"EntryPoint\",\"urlTemplate\":\"https:\\\/\\\/www.visit-montenegro.com\\\/de\\\/?s={search_term_string}\"},\"query-input\":{\"@type\":\"PropertyValueSpecification\",\"valueRequired\":true,\"valueName\":\"search_term_string\"}}],\"inLanguage\":\"de\"},{\"@type\":\"Organization\",\"@id\":\"https:\\\/\\\/www.visit-montenegro.com\\\/de\\\/#organization\",\"name\":\"Visit Montenegro\",\"url\":\"https:\\\/\\\/www.visit-montenegro.com\\\/de\\\/\",\"logo\":{\"@type\":\"ImageObject\",\"inLanguage\":\"de\",\"@id\":\"https:\\\/\\\/www.visit-montenegro.com\\\/de\\\/#\\\/schema\\\/logo\\\/image\\\/\",\"url\":\"https:\\\/\\\/www.visit-montenegro.com\\\/wp-content\\\/uploads\\\/2017\\\/10\\\/logo-amp.png\",\"contentUrl\":\"https:\\\/\\\/www.visit-montenegro.com\\\/wp-content\\\/uploads\\\/2017\\\/10\\\/logo-amp.png\",\"width\":190,\"height\":36,\"caption\":\"Visit Montenegro\"},\"image\":{\"@id\":\"https:\\\/\\\/www.visit-montenegro.com\\\/de\\\/#\\\/schema\\\/logo\\\/image\\\/\"},\"sameAs\":[\"https:\\\/\\\/www.facebook.com\\\/visitmontenegro\",\"https:\\\/\\\/x.com\\\/visitmontenegro\",\"https:\\\/\\\/www.instagram.com\\\/visit_montenegro\\\/\",\"https:\\\/\\\/www.youtube.com\\\/user\\\/VisitMontenegro\"]}]}<\/script>\n<!-- \/ Yoast SEO plugin. -->","yoast_head_json":{"title":"Autovermietungen in Montenegro - Visit Montenegro","description":"Entdecken Sie Montenegro m\u00fchelos! Finden Sie die besten Autovermietungen, Fahrttipps und erschwingliche Transportoptionen f\u00fcr ein nahtloses Urlaubsabenteuer. Buchen Sie jetzt f\u00fcr garantierte Preise.","robots":{"index":"index","follow":"follow","max-snippet":"max-snippet:-1","max-image-preview":"max-image-preview:large","max-video-preview":"max-video-preview:-1"},"canonical":"https:\/\/www.visit-montenegro.com\/de\/transport\/transportation-rental-cars\/","og_locale":"de_DE","og_type":"article","og_title":"Autovermietungen in Montenegro - Visit Montenegro","og_description":"Entdecken Sie Montenegro m\u00fchelos! Finden Sie die besten Autovermietungen, Fahrttipps und erschwingliche Transportoptionen f\u00fcr ein nahtloses Urlaubsabenteuer. Buchen Sie jetzt f\u00fcr garantierte Preise.","og_url":"https:\/\/www.visit-montenegro.com\/de\/transport\/transportation-rental-cars\/","og_site_name":"Visit Montenegro","article_publisher":"https:\/\/www.facebook.com\/visitmontenegro","article_modified_time":"2026-02-24T12:27:38+00:00","og_image":[{"width":1600,"height":1060,"url":"https:\/\/www.visit-montenegro.com\/wp-content\/uploads\/2026\/02\/Depositphotos_28867665_L-scaled.jpg","type":"image\/jpeg"}],"twitter_card":"summary_large_image","twitter_site":"@visitmontenegro","twitter_misc":{"Gesch\u00e4tzte Lesezeit":"3\u00a0Minuten"},"schema":{"@context":"https:\/\/schema.org","@graph":[{"@type":"WebPage","@id":"https:\/\/www.visit-montenegro.com\/de\/transport\/transportation-rental-cars\/","url":"https:\/\/www.visit-montenegro.com\/de\/transport\/transportation-rental-cars\/","name":"Autovermietungen in Montenegro - Visit Montenegro","isPartOf":{"@id":"https:\/\/www.visit-montenegro.com\/de\/#website"},"primaryImageOfPage":{"@id":"https:\/\/www.visit-montenegro.com\/de\/transport\/transportation-rental-cars\/#primaryimage"},"image":{"@id":"https:\/\/www.visit-montenegro.com\/de\/transport\/transportation-rental-cars\/#primaryimage"},"thumbnailUrl":"https:\/\/www.visit-montenegro.com\/wp-content\/uploads\/2026\/02\/Depositphotos_28867665_L-scaled.jpg","datePublished":"2026-01-28T18:16:59+00:00","dateModified":"2026-02-24T12:27:38+00:00","description":"Entdecken Sie Montenegro m\u00fchelos! Finden Sie die besten Autovermietungen, Fahrttipps und erschwingliche Transportoptionen f\u00fcr ein nahtloses Urlaubsabenteuer. Buchen Sie jetzt f\u00fcr garantierte Preise.","breadcrumb":{"@id":"https:\/\/www.visit-montenegro.com\/de\/transport\/transportation-rental-cars\/#breadcrumb"},"inLanguage":"de","potentialAction":[{"@type":"ReadAction","target":["https:\/\/www.visit-montenegro.com\/de\/transport\/transportation-rental-cars\/"]}]},{"@type":"ImageObject","inLanguage":"de","@id":"https:\/\/www.visit-montenegro.com\/de\/transport\/transportation-rental-cars\/#primaryimage","url":"https:\/\/www.visit-montenegro.com\/wp-content\/uploads\/2026\/02\/Depositphotos_28867665_L-scaled.jpg","contentUrl":"https:\/\/www.visit-montenegro.com\/wp-content\/uploads\/2026\/02\/Depositphotos_28867665_L-scaled.jpg","width":1600,"height":1060},{"@type":"BreadcrumbList","@id":"https:\/\/www.visit-montenegro.com\/de\/transport\/transportation-rental-cars\/#breadcrumb","itemListElement":[{"@type":"ListItem","position":1,"name":"Home","item":"https:\/\/www.visit-montenegro.com\/de\/home\/"},{"@type":"ListItem","position":2,"name":"Transport in Montenegro","item":"https:\/\/www.visit-montenegro.com\/de\/transport\/"},{"@type":"ListItem","position":3,"name":"Autovermietungen in Montenegro"}]},{"@type":"WebSite","@id":"https:\/\/www.visit-montenegro.com\/de\/#website","url":"https:\/\/www.visit-montenegro.com\/de\/","name":"Visit Montenegro","description":"Breathtaking beauty","publisher":{"@id":"https:\/\/www.visit-montenegro.com\/de\/#organization"},"potentialAction":[{"@type":"SearchAction","target":{"@type":"EntryPoint","urlTemplate":"https:\/\/www.visit-montenegro.com\/de\/?s={search_term_string}"},"query-input":{"@type":"PropertyValueSpecification","valueRequired":true,"valueName":"search_term_string"}}],"inLanguage":"de"},{"@type":"Organization","@id":"https:\/\/www.visit-montenegro.com\/de\/#organization","name":"Visit Montenegro","url":"https:\/\/www.visit-montenegro.com\/de\/","logo":{"@type":"ImageObject","inLanguage":"de","@id":"https:\/\/www.visit-montenegro.com\/de\/#\/schema\/logo\/image\/","url":"https:\/\/www.visit-montenegro.com\/wp-content\/uploads\/2017\/10\/logo-amp.png","contentUrl":"https:\/\/www.visit-montenegro.com\/wp-content\/uploads\/2017\/10\/logo-amp.png","width":190,"height":36,"caption":"Visit Montenegro"},"image":{"@id":"https:\/\/www.visit-montenegro.com\/de\/#\/schema\/logo\/image\/"},"sameAs":["https:\/\/www.facebook.com\/visitmontenegro","https:\/\/x.com\/visitmontenegro","https:\/\/www.instagram.com\/visit_montenegro\/","https:\/\/www.youtube.com\/user\/VisitMontenegro"]}]}},"translations":[],"_links":{"self":[{"href":"https:\/\/www.visit-montenegro.com\/de\/wp-json\/wp\/v2\/pages\/134339","targetHints":{"allow":["GET"]}}],"collection":[{"href":"https:\/\/www.visit-montenegro.com\/de\/wp-json\/wp\/v2\/pages"}],"about":[{"href":"https:\/\/www.visit-montenegro.com\/de\/wp-json\/wp\/v2\/types\/page"}],"author":[{"embeddable":true,"href":"https:\/\/www.visit-montenegro.com\/de\/wp-json\/wp\/v2\/users\/1"}],"replies":[{"embeddable":true,"href":"https:\/\/www.visit-montenegro.com\/de\/wp-json\/wp\/v2\/comments?post=134339"}],"version-history":[{"count":0,"href":"https:\/\/www.visit-montenegro.com\/de\/wp-json\/wp\/v2\/pages\/134339\/revisions"}],"up":[{"embeddable":true,"href":"https:\/\/www.visit-montenegro.com\/de\/wp-json\/wp\/v2\/pages\/133449"}],"wp:featuredmedia":[{"embeddable":true,"href":"https:\/\/www.visit-montenegro.com\/de\/wp-json\/wp\/v2\/media\/134340"}],"wp:attachment":[{"href":"https:\/\/www.visit-montenegro.com\/de\/wp-json\/wp\/v2\/media?parent=134339"}],"wp:term":[{"taxonomy":"post_tag","embeddable":true,"href":"https:\/\/www.visit-montenegro.com\/de\/wp-json\/wp\/v2\/tags?post=134339"}],"curies":[{"name":"wp","href":"https:\/\/api.w.org\/{rel}","templated":true}]}}