{"id":134351,"date":"2026-01-28T19:16:59","date_gmt":"2026-01-28T18:16:59","guid":{"rendered":"https:\/\/new.visit-montenegro.com\/transport\/transportation-bus-stations\/"},"modified":"2026-03-07T17:48:57","modified_gmt":"2026-03-07T16:48:57","slug":"transportation-bus-stations","status":"publish","type":"page","link":"https:\/\/www.visit-montenegro.com\/de\/transport\/transportation-bus-stations\/","title":{"rendered":"Bustransport in Montenegro"},"content":{"rendered":"\n<p>Montenegro verf\u00fcgt \u00fcber ein relativ gutes Busnetz, das alle St\u00e4dte verbindet. Es ist auch gut mit den Nachbarl\u00e4ndern verbunden: Kroatien, Serbien, Bosnien und Albanien.<\/p>\n\n<p>Allerdings ist Montenegro ein kleines Land, daher sind bestimmte Linien nicht sehr regelm\u00e4\u00dfig und ihre Verf\u00fcgbarkeit variiert je nach Jahreszeit. Abh\u00e4ngig von Ihrer Route k\u00f6nnten Sie in einem alten und schlecht ausgestatteten Bus landen, was sich auf die Qualit\u00e4t Ihrer Reise auswirken k\u00f6nnte.<\/p>\n\n<h2 class=\"wp-block-heading\">Alternativen zum Busverkehr in Montenegro<\/h2>\n\n<h3 class=\"wp-block-heading\">Privatransfer f\u00fcr Reisen zwischen St\u00e4dten<\/h3>\n\n<p>Wenn Sie einen <b>Transfer zwischen zwei Orten in Montenegro<\/b> ben\u00f6tigen, ist eine viel bessere Option, <a href=\"https:\/\/www.visit-montenegro.com\/de\/transfers\/\">einen privaten Transfer zu buchen<\/a>. Es ist eine erschwingliche Option, besonders wenn Sie als Familie oder Gruppe reisen. Folglich bieten private Transfers einen T\u00fcr-zu-T\u00fcr-Service, der Ihre wertvolle Urlaubszeit spart.<\/p>\n\n<h3 class=\"wp-block-heading\">Lokale Taxis f\u00fcr den Stadtverkehr<\/h3>\n\n<p>Wenn Sie nach <b>einem Kurzstreckentransport innerhalb einer Stadt<\/b> suchen, empfehlen wir, ein lokales Taxi zu nehmen. Sie sind in der Regel recht erschwinglich, aber kl\u00e4ren Sie im Voraus mit dem Fahrer die ungef\u00e4hren Kosten der Fahrt ab. St\u00e4dte in Montenegro sind relativ klein, daher verf\u00fcgen sie nicht \u00fcber eine sehr gute Businfrastruktur.<\/p>\n\n<h3 class=\"wp-block-heading\">Flughafentransfers<\/h3>\n\n<p>Wenn Sie <b>einen Flughafentransfer<\/b> ben\u00f6tigen, ist bei weitem die beste Option, <a href=\"https:\/\/www.visit-montenegro.com\/de\/transfers\/\">einen Flughafentransfer online zu buchen<\/a>. Es gibt keine regelm\u00e4\u00dfigen Bus-Shuttles von den Flugh\u00e4fen in Montenegro, und der Bus-Shuttle am Flughafen Dubrovnik f\u00e4hrt nur direkt ins Zentrum von Dubrovnik. Es gibt Taxis am Flughafen, aber sie sind in der Regel viel teurer, wenn Sie sie vor Ort buchen. Beachten Sie au\u00dferdem, dass Taxifahrer am Flughafen Dubrovnik Sie aufgrund gesetzlicher Beschr\u00e4nkungen nur bis zur montenegrinischen Grenze und nicht weiter bringen k\u00f6nnen.<\/p>\n","protected":false},"excerpt":{"rendered":"<p>Erkunden Sie das Busnetz in Montenegro, das St\u00e4dte und Nachbarl\u00e4nder verbindet. Erfahren Sie mehr \u00fcber Alternativen wie private Transfers und Taxis f\u00fcr bessere Reiseerlebnisse.<\/p>\n","protected":false},"author":1,"featured_media":133450,"parent":133449,"menu_order":0,"comment_status":"open","ping_status":"open","template":"","meta":{"_yoast_wpseo_focuskw":"Montenegro Bus Transport","_yoast_wpseo_metadesc":"Entdecken Sie die Busverkehrsm\u00f6glichkeiten in Montenegro und Alternativen wie private Transfers und Taxis f\u00fcr effizientes Reisen. Planen Sie Ihre Reise mit unserem Leitfaden.","_kad_post_transparent":"","_kad_post_title":"","_kad_post_layout":"","_kad_post_sidebar_id":"","_kad_post_content_style":"","_kad_post_vertical_padding":"","_kad_post_feature":"","_kad_post_feature_position":"","_kad_post_header":false,"_kad_post_footer":false,"_kad_post_classname":"","iawp_total_views":70,"footnotes":""},"tags":[],"class_list":["post-134351","page","type-page","status-publish","has-post-thumbnail","hentry"],"yoast_head":"<!-- This site is optimized with the Yoast SEO plugin v27.3 - https:\/\/yoast.com\/product\/yoast-seo-wordpress\/ -->\n<title>Bustransport in Montenegro - Visit Montenegro<\/title>\n<meta name=\"description\" content=\"Entdecken Sie die Busverkehrsm\u00f6glichkeiten in Montenegro und Alternativen wie private Transfers und Taxis f\u00fcr effizientes Reisen. Planen Sie Ihre Reise mit unserem Leitfaden.\" \/>\n<meta name=\"robots\" content=\"index, follow, max-snippet:-1, max-image-preview:large, max-video-preview:-1\" \/>\n<link rel=\"canonical\" href=\"https:\/\/www.visit-montenegro.com\/de\/transport\/transportation-bus-stations\/\" \/>\n<meta property=\"og:locale\" content=\"de_DE\" \/>\n<meta property=\"og:type\" content=\"article\" \/>\n<meta property=\"og:title\" content=\"Bustransport in Montenegro - Visit Montenegro\" \/>\n<meta property=\"og:description\" content=\"Entdecken Sie die Busverkehrsm\u00f6glichkeiten in Montenegro und Alternativen wie private Transfers und Taxis f\u00fcr effizientes Reisen. Planen Sie Ihre Reise mit unserem Leitfaden.\" \/>\n<meta property=\"og:url\" content=\"https:\/\/www.visit-montenegro.com\/de\/transport\/transportation-bus-stations\/\" \/>\n<meta property=\"og:site_name\" content=\"Visit Montenegro\" \/>\n<meta property=\"article:publisher\" content=\"https:\/\/www.facebook.com\/visitmontenegro\" \/>\n<meta property=\"article:modified_time\" content=\"2026-03-07T16:48:57+00:00\" \/>\n<meta property=\"og:image\" content=\"https:\/\/www.visit-montenegro.com\/wp-content\/uploads\/2015\/02\/Bus.jpg\" \/>\n\t<meta property=\"og:image:width\" content=\"1296\" \/>\n\t<meta property=\"og:image:height\" content=\"864\" \/>\n\t<meta property=\"og:image:type\" content=\"image\/jpeg\" \/>\n<meta name=\"twitter:card\" content=\"summary_large_image\" \/>\n<meta name=\"twitter:site\" content=\"@visitmontenegro\" \/>\n<meta name=\"twitter:label1\" content=\"Gesch\u00e4tzte Lesezeit\" \/>\n\t<meta name=\"twitter:data1\" content=\"1\u00a0Minute\" \/>\n<script type=\"application\/ld+json\" class=\"yoast-schema-graph\">{\"@context\":\"https:\\\/\\\/schema.org\",\"@graph\":[{\"@type\":\"WebPage\",\"@id\":\"https:\\\/\\\/www.visit-montenegro.com\\\/de\\\/transport\\\/transportation-bus-stations\\\/\",\"url\":\"https:\\\/\\\/www.visit-montenegro.com\\\/de\\\/transport\\\/transportation-bus-stations\\\/\",\"name\":\"Bustransport in Montenegro - Visit Montenegro\",\"isPartOf\":{\"@id\":\"https:\\\/\\\/www.visit-montenegro.com\\\/de\\\/#website\"},\"primaryImageOfPage\":{\"@id\":\"https:\\\/\\\/www.visit-montenegro.com\\\/de\\\/transport\\\/transportation-bus-stations\\\/#primaryimage\"},\"image\":{\"@id\":\"https:\\\/\\\/www.visit-montenegro.com\\\/de\\\/transport\\\/transportation-bus-stations\\\/#primaryimage\"},\"thumbnailUrl\":\"https:\\\/\\\/www.visit-montenegro.com\\\/wp-content\\\/uploads\\\/2015\\\/02\\\/Bus.jpg\",\"datePublished\":\"2026-01-28T18:16:59+00:00\",\"dateModified\":\"2026-03-07T16:48:57+00:00\",\"description\":\"Entdecken Sie die Busverkehrsm\u00f6glichkeiten in Montenegro und Alternativen wie private Transfers und Taxis f\u00fcr effizientes Reisen. Planen Sie Ihre Reise mit unserem Leitfaden.\",\"breadcrumb\":{\"@id\":\"https:\\\/\\\/www.visit-montenegro.com\\\/de\\\/transport\\\/transportation-bus-stations\\\/#breadcrumb\"},\"inLanguage\":\"de\",\"potentialAction\":[{\"@type\":\"ReadAction\",\"target\":[\"https:\\\/\\\/www.visit-montenegro.com\\\/de\\\/transport\\\/transportation-bus-stations\\\/\"]}]},{\"@type\":\"ImageObject\",\"inLanguage\":\"de\",\"@id\":\"https:\\\/\\\/www.visit-montenegro.com\\\/de\\\/transport\\\/transportation-bus-stations\\\/#primaryimage\",\"url\":\"https:\\\/\\\/www.visit-montenegro.com\\\/wp-content\\\/uploads\\\/2015\\\/02\\\/Bus.jpg\",\"contentUrl\":\"https:\\\/\\\/www.visit-montenegro.com\\\/wp-content\\\/uploads\\\/2015\\\/02\\\/Bus.jpg\",\"width\":1296,\"height\":864},{\"@type\":\"BreadcrumbList\",\"@id\":\"https:\\\/\\\/www.visit-montenegro.com\\\/de\\\/transport\\\/transportation-bus-stations\\\/#breadcrumb\",\"itemListElement\":[{\"@type\":\"ListItem\",\"position\":1,\"name\":\"Home\",\"item\":\"https:\\\/\\\/www.visit-montenegro.com\\\/de\\\/home\\\/\"},{\"@type\":\"ListItem\",\"position\":2,\"name\":\"Transport in Montenegro\",\"item\":\"https:\\\/\\\/www.visit-montenegro.com\\\/de\\\/transport\\\/\"},{\"@type\":\"ListItem\",\"position\":3,\"name\":\"Bustransport in Montenegro\"}]},{\"@type\":\"WebSite\",\"@id\":\"https:\\\/\\\/www.visit-montenegro.com\\\/de\\\/#website\",\"url\":\"https:\\\/\\\/www.visit-montenegro.com\\\/de\\\/\",\"name\":\"Visit Montenegro\",\"description\":\"Breathtaking beauty\",\"publisher\":{\"@id\":\"https:\\\/\\\/www.visit-montenegro.com\\\/de\\\/#organization\"},\"potentialAction\":[{\"@type\":\"SearchAction\",\"target\":{\"@type\":\"EntryPoint\",\"urlTemplate\":\"https:\\\/\\\/www.visit-montenegro.com\\\/de\\\/?s={search_term_string}\"},\"query-input\":{\"@type\":\"PropertyValueSpecification\",\"valueRequired\":true,\"valueName\":\"search_term_string\"}}],\"inLanguage\":\"de\"},{\"@type\":\"Organization\",\"@id\":\"https:\\\/\\\/www.visit-montenegro.com\\\/de\\\/#organization\",\"name\":\"Visit Montenegro\",\"url\":\"https:\\\/\\\/www.visit-montenegro.com\\\/de\\\/\",\"logo\":{\"@type\":\"ImageObject\",\"inLanguage\":\"de\",\"@id\":\"https:\\\/\\\/www.visit-montenegro.com\\\/de\\\/#\\\/schema\\\/logo\\\/image\\\/\",\"url\":\"https:\\\/\\\/www.visit-montenegro.com\\\/wp-content\\\/uploads\\\/2017\\\/10\\\/logo-amp.png\",\"contentUrl\":\"https:\\\/\\\/www.visit-montenegro.com\\\/wp-content\\\/uploads\\\/2017\\\/10\\\/logo-amp.png\",\"width\":190,\"height\":36,\"caption\":\"Visit Montenegro\"},\"image\":{\"@id\":\"https:\\\/\\\/www.visit-montenegro.com\\\/de\\\/#\\\/schema\\\/logo\\\/image\\\/\"},\"sameAs\":[\"https:\\\/\\\/www.facebook.com\\\/visitmontenegro\",\"https:\\\/\\\/x.com\\\/visitmontenegro\",\"https:\\\/\\\/www.instagram.com\\\/visit_montenegro\\\/\",\"https:\\\/\\\/www.youtube.com\\\/user\\\/VisitMontenegro\"]}]}<\/script>\n<!-- \/ Yoast SEO plugin. -->","yoast_head_json":{"title":"Bustransport in Montenegro - Visit Montenegro","description":"Entdecken Sie die Busverkehrsm\u00f6glichkeiten in Montenegro und Alternativen wie private Transfers und Taxis f\u00fcr effizientes Reisen. Planen Sie Ihre Reise mit unserem Leitfaden.","robots":{"index":"index","follow":"follow","max-snippet":"max-snippet:-1","max-image-preview":"max-image-preview:large","max-video-preview":"max-video-preview:-1"},"canonical":"https:\/\/www.visit-montenegro.com\/de\/transport\/transportation-bus-stations\/","og_locale":"de_DE","og_type":"article","og_title":"Bustransport in Montenegro - Visit Montenegro","og_description":"Entdecken Sie die Busverkehrsm\u00f6glichkeiten in Montenegro und Alternativen wie private Transfers und Taxis f\u00fcr effizientes Reisen. Planen Sie Ihre Reise mit unserem Leitfaden.","og_url":"https:\/\/www.visit-montenegro.com\/de\/transport\/transportation-bus-stations\/","og_site_name":"Visit Montenegro","article_publisher":"https:\/\/www.facebook.com\/visitmontenegro","article_modified_time":"2026-03-07T16:48:57+00:00","og_image":[{"width":1296,"height":864,"url":"https:\/\/www.visit-montenegro.com\/wp-content\/uploads\/2015\/02\/Bus.jpg","type":"image\/jpeg"}],"twitter_card":"summary_large_image","twitter_site":"@visitmontenegro","twitter_misc":{"Gesch\u00e4tzte Lesezeit":"1\u00a0Minute"},"schema":{"@context":"https:\/\/schema.org","@graph":[{"@type":"WebPage","@id":"https:\/\/www.visit-montenegro.com\/de\/transport\/transportation-bus-stations\/","url":"https:\/\/www.visit-montenegro.com\/de\/transport\/transportation-bus-stations\/","name":"Bustransport in Montenegro - Visit Montenegro","isPartOf":{"@id":"https:\/\/www.visit-montenegro.com\/de\/#website"},"primaryImageOfPage":{"@id":"https:\/\/www.visit-montenegro.com\/de\/transport\/transportation-bus-stations\/#primaryimage"},"image":{"@id":"https:\/\/www.visit-montenegro.com\/de\/transport\/transportation-bus-stations\/#primaryimage"},"thumbnailUrl":"https:\/\/www.visit-montenegro.com\/wp-content\/uploads\/2015\/02\/Bus.jpg","datePublished":"2026-01-28T18:16:59+00:00","dateModified":"2026-03-07T16:48:57+00:00","description":"Entdecken Sie die Busverkehrsm\u00f6glichkeiten in Montenegro und Alternativen wie private Transfers und Taxis f\u00fcr effizientes Reisen. Planen Sie Ihre Reise mit unserem Leitfaden.","breadcrumb":{"@id":"https:\/\/www.visit-montenegro.com\/de\/transport\/transportation-bus-stations\/#breadcrumb"},"inLanguage":"de","potentialAction":[{"@type":"ReadAction","target":["https:\/\/www.visit-montenegro.com\/de\/transport\/transportation-bus-stations\/"]}]},{"@type":"ImageObject","inLanguage":"de","@id":"https:\/\/www.visit-montenegro.com\/de\/transport\/transportation-bus-stations\/#primaryimage","url":"https:\/\/www.visit-montenegro.com\/wp-content\/uploads\/2015\/02\/Bus.jpg","contentUrl":"https:\/\/www.visit-montenegro.com\/wp-content\/uploads\/2015\/02\/Bus.jpg","width":1296,"height":864},{"@type":"BreadcrumbList","@id":"https:\/\/www.visit-montenegro.com\/de\/transport\/transportation-bus-stations\/#breadcrumb","itemListElement":[{"@type":"ListItem","position":1,"name":"Home","item":"https:\/\/www.visit-montenegro.com\/de\/home\/"},{"@type":"ListItem","position":2,"name":"Transport in Montenegro","item":"https:\/\/www.visit-montenegro.com\/de\/transport\/"},{"@type":"ListItem","position":3,"name":"Bustransport in Montenegro"}]},{"@type":"WebSite","@id":"https:\/\/www.visit-montenegro.com\/de\/#website","url":"https:\/\/www.visit-montenegro.com\/de\/","name":"Visit Montenegro","description":"Breathtaking beauty","publisher":{"@id":"https:\/\/www.visit-montenegro.com\/de\/#organization"},"potentialAction":[{"@type":"SearchAction","target":{"@type":"EntryPoint","urlTemplate":"https:\/\/www.visit-montenegro.com\/de\/?s={search_term_string}"},"query-input":{"@type":"PropertyValueSpecification","valueRequired":true,"valueName":"search_term_string"}}],"inLanguage":"de"},{"@type":"Organization","@id":"https:\/\/www.visit-montenegro.com\/de\/#organization","name":"Visit Montenegro","url":"https:\/\/www.visit-montenegro.com\/de\/","logo":{"@type":"ImageObject","inLanguage":"de","@id":"https:\/\/www.visit-montenegro.com\/de\/#\/schema\/logo\/image\/","url":"https:\/\/www.visit-montenegro.com\/wp-content\/uploads\/2017\/10\/logo-amp.png","contentUrl":"https:\/\/www.visit-montenegro.com\/wp-content\/uploads\/2017\/10\/logo-amp.png","width":190,"height":36,"caption":"Visit Montenegro"},"image":{"@id":"https:\/\/www.visit-montenegro.com\/de\/#\/schema\/logo\/image\/"},"sameAs":["https:\/\/www.facebook.com\/visitmontenegro","https:\/\/x.com\/visitmontenegro","https:\/\/www.instagram.com\/visit_montenegro\/","https:\/\/www.youtube.com\/user\/VisitMontenegro"]}]}},"translations":[],"_links":{"self":[{"href":"https:\/\/www.visit-montenegro.com\/de\/wp-json\/wp\/v2\/pages\/134351","targetHints":{"allow":["GET"]}}],"collection":[{"href":"https:\/\/www.visit-montenegro.com\/de\/wp-json\/wp\/v2\/pages"}],"about":[{"href":"https:\/\/www.visit-montenegro.com\/de\/wp-json\/wp\/v2\/types\/page"}],"author":[{"embeddable":true,"href":"https:\/\/www.visit-montenegro.com\/de\/wp-json\/wp\/v2\/users\/1"}],"replies":[{"embeddable":true,"href":"https:\/\/www.visit-montenegro.com\/de\/wp-json\/wp\/v2\/comments?post=134351"}],"version-history":[{"count":0,"href":"https:\/\/www.visit-montenegro.com\/de\/wp-json\/wp\/v2\/pages\/134351\/revisions"}],"up":[{"embeddable":true,"href":"https:\/\/www.visit-montenegro.com\/de\/wp-json\/wp\/v2\/pages\/133449"}],"wp:featuredmedia":[{"embeddable":true,"href":"https:\/\/www.visit-montenegro.com\/de\/wp-json\/wp\/v2\/media\/133450"}],"wp:attachment":[{"href":"https:\/\/www.visit-montenegro.com\/de\/wp-json\/wp\/v2\/media?parent=134351"}],"wp:term":[{"taxonomy":"post_tag","embeddable":true,"href":"https:\/\/www.visit-montenegro.com\/de\/wp-json\/wp\/v2\/tags?post=134351"}],"curies":[{"name":"wp","href":"https:\/\/api.w.org\/{rel}","templated":true}]}}