{"id":134356,"date":"2026-01-28T19:16:59","date_gmt":"2026-01-28T18:16:59","guid":{"rendered":"https:\/\/new.visit-montenegro.com\/transport\/dubrovnik-to-montenegro\/"},"modified":"2026-02-24T13:28:13","modified_gmt":"2026-02-24T12:28:13","slug":"dubrovnik-to-montenegro","status":"publish","type":"page","link":"https:\/\/www.visit-montenegro.com\/de\/transport\/dubrovnik-to-montenegro\/","title":{"rendered":"Reisen von Dubrovnik nach Montenegro"},"content":{"rendered":"\n<p>Reisen von Dubrovnik nach Montenegro bietet flexible Optionen zur Erkundung verborgener Sch\u00e4tze, von Mietwagen f\u00fcr unabh\u00e4ngige Abenteuer bis hin zu gef\u00fchrten Touren und privaten Transfers f\u00fcr nahtlose Reisen.<\/p>\n\n<hr class=\"wp-block-separator has-alpha-channel-opacity\"\/>\n\n<h2 class=\"wp-block-heading\">Mietwagen f\u00fcr unabh\u00e4ngige Erkundung<\/h2>\n\n<p>Wenn Sie am Flughafen Dubrovnik landen und nach Montenegro weiterreisen m\u00f6chten, k\u00f6nnen Sie online einen <a href=\"https:\/\/www.visit-montenegro.com\/de\/transport\/transportation-rental-cars\/\">Mietwagen-Service<\/a> buchen. Dies erm\u00f6glicht es Ihnen, einen unvergesslichen Reiseplan selbst zu gestalten, die verlockenden Aussichtspunkte, mit denen dieses Land reich ist, zu entdecken, das Leben der Einheimischen zu ber\u00fchren und so lange Sie m\u00f6chten in atemberaubenden Abenteuern auf eigene Faust zu reisen.<\/p>\n\n<h2 class=\"wp-block-heading\">Gef\u00fchrte Touren von Dubrovnik<\/h2>\n\n<p>Wenn Sie in Dubrovnik \u00fcbernachten und eine gut organisierte Ganztagestour nach Montenegro unternehmen m\u00f6chten, kontaktieren Sie uns. Wir k\u00f6nnen Touren mit interessanten und sachkundigen Reiseleitern arrangieren, die Ihre Sprache sprechen.<\/p>\n\n<h2 class=\"wp-block-heading\">Private Transfers f\u00fcr direkte Reisen<\/h2>\n\n<p>F\u00fcr kosteng\u00fcnstigen Transport von Punkt A nach Punkt B buchen Sie einen <a href=\"https:\/\/www.visit-montenegro.com\/de\/transfers\/\">Privat-Transfer<\/a>. Sie m\u00fcssen nur A definieren und B bestimmen. Ein kleiner Hinweis \u2013 beide Variablen k\u00f6nnen Dubrovnik und jeder Ort in Montenegro sein.<\/p>\n\n<p><\/p>\n","protected":false},"excerpt":{"rendered":"<p>Entdecken Sie flexible Reisem\u00f6glichkeiten von Dubrovnik nach Montenegro, einschlie\u00dflich Mietwagen f\u00fcr unabh\u00e4ngige Abenteuer, gef\u00fchrte Touren f\u00fcr immersive Erlebnisse und private Transfers f\u00fcr direkte Routen. Planen Sie Ihre Reise m\u00fchelos und erkunden Sie Montenegros verborgene Sch\u00e4tze.<\/p>\n","protected":false},"author":1,"featured_media":134357,"parent":133449,"menu_order":0,"comment_status":"open","ping_status":"open","template":"","meta":{"_yoast_wpseo_focuskw":"Reisen von Dubrovnik nach Montenegro","_yoast_wpseo_metadesc":"Entdecken Sie Montenegro von Dubrovnik aus mit Mietwagen, gef\u00fchrten Touren und privaten Transfers. Planen Sie Ihr Abenteuer und erkunden Sie verborgene Sch\u00e4tze m\u00fchelos. Klicken Sie, um mehr zu erfahren!","_kad_post_transparent":"","_kad_post_title":"","_kad_post_layout":"","_kad_post_sidebar_id":"","_kad_post_content_style":"","_kad_post_vertical_padding":"","_kad_post_feature":"","_kad_post_feature_position":"","_kad_post_header":false,"_kad_post_footer":false,"_kad_post_classname":"","iawp_total_views":13,"footnotes":""},"tags":[],"class_list":["post-134356","page","type-page","status-publish","has-post-thumbnail","hentry"],"yoast_head":"<!-- This site is optimized with the Yoast SEO plugin v27.3 - https:\/\/yoast.com\/product\/yoast-seo-wordpress\/ -->\n<title>Reisen von Dubrovnik nach Montenegro - Visit Montenegro<\/title>\n<meta name=\"description\" content=\"Entdecken Sie Montenegro von Dubrovnik aus mit Mietwagen, gef\u00fchrten Touren und privaten Transfers. Planen Sie Ihr Abenteuer und erkunden Sie verborgene Sch\u00e4tze m\u00fchelos. Klicken Sie, um mehr zu erfahren!\" \/>\n<meta name=\"robots\" content=\"index, follow, max-snippet:-1, max-image-preview:large, max-video-preview:-1\" \/>\n<link rel=\"canonical\" href=\"https:\/\/www.visit-montenegro.com\/de\/transport\/dubrovnik-to-montenegro\/\" \/>\n<meta property=\"og:locale\" content=\"de_DE\" \/>\n<meta property=\"og:type\" content=\"article\" \/>\n<meta property=\"og:title\" content=\"Reisen von Dubrovnik nach Montenegro - Visit Montenegro\" \/>\n<meta property=\"og:description\" content=\"Entdecken Sie Montenegro von Dubrovnik aus mit Mietwagen, gef\u00fchrten Touren und privaten Transfers. Planen Sie Ihr Abenteuer und erkunden Sie verborgene Sch\u00e4tze m\u00fchelos. Klicken Sie, um mehr zu erfahren!\" \/>\n<meta property=\"og:url\" content=\"https:\/\/www.visit-montenegro.com\/de\/transport\/dubrovnik-to-montenegro\/\" \/>\n<meta property=\"og:site_name\" content=\"Visit Montenegro\" \/>\n<meta property=\"article:publisher\" content=\"https:\/\/www.facebook.com\/visitmontenegro\" \/>\n<meta property=\"article:modified_time\" content=\"2026-02-24T12:28:13+00:00\" \/>\n<meta property=\"og:image\" content=\"https:\/\/www.visit-montenegro.com\/wp-content\/uploads\/2015\/02\/Dubrovnik-panorama.jpg\" \/>\n\t<meta property=\"og:image:width\" content=\"800\" \/>\n\t<meta property=\"og:image:height\" content=\"533\" \/>\n\t<meta property=\"og:image:type\" content=\"image\/jpeg\" \/>\n<meta name=\"twitter:card\" content=\"summary_large_image\" \/>\n<meta name=\"twitter:site\" content=\"@visitmontenegro\" \/>\n<meta name=\"twitter:label1\" content=\"Gesch\u00e4tzte Lesezeit\" \/>\n\t<meta name=\"twitter:data1\" content=\"1\u00a0Minute\" \/>\n<script type=\"application\/ld+json\" class=\"yoast-schema-graph\">{\"@context\":\"https:\\\/\\\/schema.org\",\"@graph\":[{\"@type\":\"WebPage\",\"@id\":\"https:\\\/\\\/www.visit-montenegro.com\\\/de\\\/transport\\\/dubrovnik-to-montenegro\\\/\",\"url\":\"https:\\\/\\\/www.visit-montenegro.com\\\/de\\\/transport\\\/dubrovnik-to-montenegro\\\/\",\"name\":\"Reisen von Dubrovnik nach Montenegro - Visit Montenegro\",\"isPartOf\":{\"@id\":\"https:\\\/\\\/www.visit-montenegro.com\\\/de\\\/#website\"},\"primaryImageOfPage\":{\"@id\":\"https:\\\/\\\/www.visit-montenegro.com\\\/de\\\/transport\\\/dubrovnik-to-montenegro\\\/#primaryimage\"},\"image\":{\"@id\":\"https:\\\/\\\/www.visit-montenegro.com\\\/de\\\/transport\\\/dubrovnik-to-montenegro\\\/#primaryimage\"},\"thumbnailUrl\":\"https:\\\/\\\/www.visit-montenegro.com\\\/wp-content\\\/uploads\\\/2015\\\/02\\\/Dubrovnik-panorama.jpg\",\"datePublished\":\"2026-01-28T18:16:59+00:00\",\"dateModified\":\"2026-02-24T12:28:13+00:00\",\"description\":\"Entdecken Sie Montenegro von Dubrovnik aus mit Mietwagen, gef\u00fchrten Touren und privaten Transfers. Planen Sie Ihr Abenteuer und erkunden Sie verborgene Sch\u00e4tze m\u00fchelos. Klicken Sie, um mehr zu erfahren!\",\"breadcrumb\":{\"@id\":\"https:\\\/\\\/www.visit-montenegro.com\\\/de\\\/transport\\\/dubrovnik-to-montenegro\\\/#breadcrumb\"},\"inLanguage\":\"de\",\"potentialAction\":[{\"@type\":\"ReadAction\",\"target\":[\"https:\\\/\\\/www.visit-montenegro.com\\\/de\\\/transport\\\/dubrovnik-to-montenegro\\\/\"]}]},{\"@type\":\"ImageObject\",\"inLanguage\":\"de\",\"@id\":\"https:\\\/\\\/www.visit-montenegro.com\\\/de\\\/transport\\\/dubrovnik-to-montenegro\\\/#primaryimage\",\"url\":\"https:\\\/\\\/www.visit-montenegro.com\\\/wp-content\\\/uploads\\\/2015\\\/02\\\/Dubrovnik-panorama.jpg\",\"contentUrl\":\"https:\\\/\\\/www.visit-montenegro.com\\\/wp-content\\\/uploads\\\/2015\\\/02\\\/Dubrovnik-panorama.jpg\",\"width\":800,\"height\":533},{\"@type\":\"BreadcrumbList\",\"@id\":\"https:\\\/\\\/www.visit-montenegro.com\\\/de\\\/transport\\\/dubrovnik-to-montenegro\\\/#breadcrumb\",\"itemListElement\":[{\"@type\":\"ListItem\",\"position\":1,\"name\":\"Home\",\"item\":\"https:\\\/\\\/www.visit-montenegro.com\\\/de\\\/home\\\/\"},{\"@type\":\"ListItem\",\"position\":2,\"name\":\"Transport in Montenegro\",\"item\":\"https:\\\/\\\/www.visit-montenegro.com\\\/de\\\/transport\\\/\"},{\"@type\":\"ListItem\",\"position\":3,\"name\":\"Reisen von Dubrovnik nach Montenegro\"}]},{\"@type\":\"WebSite\",\"@id\":\"https:\\\/\\\/www.visit-montenegro.com\\\/de\\\/#website\",\"url\":\"https:\\\/\\\/www.visit-montenegro.com\\\/de\\\/\",\"name\":\"Visit Montenegro\",\"description\":\"Breathtaking beauty\",\"publisher\":{\"@id\":\"https:\\\/\\\/www.visit-montenegro.com\\\/de\\\/#organization\"},\"potentialAction\":[{\"@type\":\"SearchAction\",\"target\":{\"@type\":\"EntryPoint\",\"urlTemplate\":\"https:\\\/\\\/www.visit-montenegro.com\\\/de\\\/?s={search_term_string}\"},\"query-input\":{\"@type\":\"PropertyValueSpecification\",\"valueRequired\":true,\"valueName\":\"search_term_string\"}}],\"inLanguage\":\"de\"},{\"@type\":\"Organization\",\"@id\":\"https:\\\/\\\/www.visit-montenegro.com\\\/de\\\/#organization\",\"name\":\"Visit Montenegro\",\"url\":\"https:\\\/\\\/www.visit-montenegro.com\\\/de\\\/\",\"logo\":{\"@type\":\"ImageObject\",\"inLanguage\":\"de\",\"@id\":\"https:\\\/\\\/www.visit-montenegro.com\\\/de\\\/#\\\/schema\\\/logo\\\/image\\\/\",\"url\":\"https:\\\/\\\/www.visit-montenegro.com\\\/wp-content\\\/uploads\\\/2017\\\/10\\\/logo-amp.png\",\"contentUrl\":\"https:\\\/\\\/www.visit-montenegro.com\\\/wp-content\\\/uploads\\\/2017\\\/10\\\/logo-amp.png\",\"width\":190,\"height\":36,\"caption\":\"Visit Montenegro\"},\"image\":{\"@id\":\"https:\\\/\\\/www.visit-montenegro.com\\\/de\\\/#\\\/schema\\\/logo\\\/image\\\/\"},\"sameAs\":[\"https:\\\/\\\/www.facebook.com\\\/visitmontenegro\",\"https:\\\/\\\/x.com\\\/visitmontenegro\",\"https:\\\/\\\/www.instagram.com\\\/visit_montenegro\\\/\",\"https:\\\/\\\/www.youtube.com\\\/user\\\/VisitMontenegro\"]}]}<\/script>\n<!-- \/ Yoast SEO plugin. -->","yoast_head_json":{"title":"Reisen von Dubrovnik nach Montenegro - Visit Montenegro","description":"Entdecken Sie Montenegro von Dubrovnik aus mit Mietwagen, gef\u00fchrten Touren und privaten Transfers. Planen Sie Ihr Abenteuer und erkunden Sie verborgene Sch\u00e4tze m\u00fchelos. Klicken Sie, um mehr zu erfahren!","robots":{"index":"index","follow":"follow","max-snippet":"max-snippet:-1","max-image-preview":"max-image-preview:large","max-video-preview":"max-video-preview:-1"},"canonical":"https:\/\/www.visit-montenegro.com\/de\/transport\/dubrovnik-to-montenegro\/","og_locale":"de_DE","og_type":"article","og_title":"Reisen von Dubrovnik nach Montenegro - Visit Montenegro","og_description":"Entdecken Sie Montenegro von Dubrovnik aus mit Mietwagen, gef\u00fchrten Touren und privaten Transfers. Planen Sie Ihr Abenteuer und erkunden Sie verborgene Sch\u00e4tze m\u00fchelos. Klicken Sie, um mehr zu erfahren!","og_url":"https:\/\/www.visit-montenegro.com\/de\/transport\/dubrovnik-to-montenegro\/","og_site_name":"Visit Montenegro","article_publisher":"https:\/\/www.facebook.com\/visitmontenegro","article_modified_time":"2026-02-24T12:28:13+00:00","og_image":[{"width":800,"height":533,"url":"https:\/\/www.visit-montenegro.com\/wp-content\/uploads\/2015\/02\/Dubrovnik-panorama.jpg","type":"image\/jpeg"}],"twitter_card":"summary_large_image","twitter_site":"@visitmontenegro","twitter_misc":{"Gesch\u00e4tzte Lesezeit":"1\u00a0Minute"},"schema":{"@context":"https:\/\/schema.org","@graph":[{"@type":"WebPage","@id":"https:\/\/www.visit-montenegro.com\/de\/transport\/dubrovnik-to-montenegro\/","url":"https:\/\/www.visit-montenegro.com\/de\/transport\/dubrovnik-to-montenegro\/","name":"Reisen von Dubrovnik nach Montenegro - Visit Montenegro","isPartOf":{"@id":"https:\/\/www.visit-montenegro.com\/de\/#website"},"primaryImageOfPage":{"@id":"https:\/\/www.visit-montenegro.com\/de\/transport\/dubrovnik-to-montenegro\/#primaryimage"},"image":{"@id":"https:\/\/www.visit-montenegro.com\/de\/transport\/dubrovnik-to-montenegro\/#primaryimage"},"thumbnailUrl":"https:\/\/www.visit-montenegro.com\/wp-content\/uploads\/2015\/02\/Dubrovnik-panorama.jpg","datePublished":"2026-01-28T18:16:59+00:00","dateModified":"2026-02-24T12:28:13+00:00","description":"Entdecken Sie Montenegro von Dubrovnik aus mit Mietwagen, gef\u00fchrten Touren und privaten Transfers. Planen Sie Ihr Abenteuer und erkunden Sie verborgene Sch\u00e4tze m\u00fchelos. Klicken Sie, um mehr zu erfahren!","breadcrumb":{"@id":"https:\/\/www.visit-montenegro.com\/de\/transport\/dubrovnik-to-montenegro\/#breadcrumb"},"inLanguage":"de","potentialAction":[{"@type":"ReadAction","target":["https:\/\/www.visit-montenegro.com\/de\/transport\/dubrovnik-to-montenegro\/"]}]},{"@type":"ImageObject","inLanguage":"de","@id":"https:\/\/www.visit-montenegro.com\/de\/transport\/dubrovnik-to-montenegro\/#primaryimage","url":"https:\/\/www.visit-montenegro.com\/wp-content\/uploads\/2015\/02\/Dubrovnik-panorama.jpg","contentUrl":"https:\/\/www.visit-montenegro.com\/wp-content\/uploads\/2015\/02\/Dubrovnik-panorama.jpg","width":800,"height":533},{"@type":"BreadcrumbList","@id":"https:\/\/www.visit-montenegro.com\/de\/transport\/dubrovnik-to-montenegro\/#breadcrumb","itemListElement":[{"@type":"ListItem","position":1,"name":"Home","item":"https:\/\/www.visit-montenegro.com\/de\/home\/"},{"@type":"ListItem","position":2,"name":"Transport in Montenegro","item":"https:\/\/www.visit-montenegro.com\/de\/transport\/"},{"@type":"ListItem","position":3,"name":"Reisen von Dubrovnik nach Montenegro"}]},{"@type":"WebSite","@id":"https:\/\/www.visit-montenegro.com\/de\/#website","url":"https:\/\/www.visit-montenegro.com\/de\/","name":"Visit Montenegro","description":"Breathtaking beauty","publisher":{"@id":"https:\/\/www.visit-montenegro.com\/de\/#organization"},"potentialAction":[{"@type":"SearchAction","target":{"@type":"EntryPoint","urlTemplate":"https:\/\/www.visit-montenegro.com\/de\/?s={search_term_string}"},"query-input":{"@type":"PropertyValueSpecification","valueRequired":true,"valueName":"search_term_string"}}],"inLanguage":"de"},{"@type":"Organization","@id":"https:\/\/www.visit-montenegro.com\/de\/#organization","name":"Visit Montenegro","url":"https:\/\/www.visit-montenegro.com\/de\/","logo":{"@type":"ImageObject","inLanguage":"de","@id":"https:\/\/www.visit-montenegro.com\/de\/#\/schema\/logo\/image\/","url":"https:\/\/www.visit-montenegro.com\/wp-content\/uploads\/2017\/10\/logo-amp.png","contentUrl":"https:\/\/www.visit-montenegro.com\/wp-content\/uploads\/2017\/10\/logo-amp.png","width":190,"height":36,"caption":"Visit Montenegro"},"image":{"@id":"https:\/\/www.visit-montenegro.com\/de\/#\/schema\/logo\/image\/"},"sameAs":["https:\/\/www.facebook.com\/visitmontenegro","https:\/\/x.com\/visitmontenegro","https:\/\/www.instagram.com\/visit_montenegro\/","https:\/\/www.youtube.com\/user\/VisitMontenegro"]}]}},"translations":[],"_links":{"self":[{"href":"https:\/\/www.visit-montenegro.com\/de\/wp-json\/wp\/v2\/pages\/134356","targetHints":{"allow":["GET"]}}],"collection":[{"href":"https:\/\/www.visit-montenegro.com\/de\/wp-json\/wp\/v2\/pages"}],"about":[{"href":"https:\/\/www.visit-montenegro.com\/de\/wp-json\/wp\/v2\/types\/page"}],"author":[{"embeddable":true,"href":"https:\/\/www.visit-montenegro.com\/de\/wp-json\/wp\/v2\/users\/1"}],"replies":[{"embeddable":true,"href":"https:\/\/www.visit-montenegro.com\/de\/wp-json\/wp\/v2\/comments?post=134356"}],"version-history":[{"count":0,"href":"https:\/\/www.visit-montenegro.com\/de\/wp-json\/wp\/v2\/pages\/134356\/revisions"}],"up":[{"embeddable":true,"href":"https:\/\/www.visit-montenegro.com\/de\/wp-json\/wp\/v2\/pages\/133449"}],"wp:featuredmedia":[{"embeddable":true,"href":"https:\/\/www.visit-montenegro.com\/de\/wp-json\/wp\/v2\/media\/134357"}],"wp:attachment":[{"href":"https:\/\/www.visit-montenegro.com\/de\/wp-json\/wp\/v2\/media?parent=134356"}],"wp:term":[{"taxonomy":"post_tag","embeddable":true,"href":"https:\/\/www.visit-montenegro.com\/de\/wp-json\/wp\/v2\/tags?post=134356"}],"curies":[{"name":"wp","href":"https:\/\/api.w.org\/{rel}","templated":true}]}}