{"id":134368,"date":"2026-01-28T19:16:59","date_gmt":"2026-01-28T18:16:59","guid":{"rendered":"https:\/\/new.visit-montenegro.com\/transport\/transportation-ports-marinas\/"},"modified":"2026-02-22T16:56:41","modified_gmt":"2026-02-22T15:56:41","slug":"transportation-ports-marinas","status":"publish","type":"page","link":"https:\/\/www.visit-montenegro.com\/de\/transport\/transportation-ports-marinas\/","title":{"rendered":"Montenegro H\u00e4fen und Marinas"},"content":{"rendered":"\n<p>Montenegros H\u00e4fen und Marinas sind wichtige Tore f\u00fcr den maritimen Verkehr und Handel, mit zwei gro\u00dfen Seeh\u00e4fen und mehreren erstklassigen Marinas, die Yachten aller Gr\u00f6\u00dfen bedienen, was es zu einem erstklassigen Ziel f\u00fcr Bootsfahrer und Touristen macht.<\/p>\n\n<hr class=\"wp-block-separator has-alpha-channel-opacity\"\/>\n\n<h2 class=\"wp-block-heading\">Montenegro Marinas<\/h2>\n\n<h3 class=\"wp-block-heading\">Porto Montenegro Marina<\/h3>\n\n<p>Die Porto Montenegro Marina, oft auch Marina Montenegro genannt, ist eine der besten im Mittelmeer. Viele Bootseigner w\u00e4hlen sie f\u00fcr ihre Dienstleistungen und Lage. Folglich wurde ihre Exzellenz mit zahlreichen Auszeichnungen anerkannt, aber der wahre Erfolg kommt von zufriedenen Yachtbesitzern.<\/p>\n\n<p>Webseite:<br\/><a href=\"https:\/\/www.portomontenegro.com\/en\/marina\/\" target=\"_blank\">portomontenegro.com<\/a><\/p>\n\n<h3 class=\"wp-block-heading\">Dukley Marina<\/h3>\n\n<p>Die Dukley Marina <a href=\"https:\/\/www.visit-montenegro.com\/de\/reiseziele\/budva\/\">Budva<\/a> liegt im Herzen der Budva Riviera. Sie ist eines der sch\u00f6nsten nautischen Ziele an der Adria, vor der Kulisse der historischen Altstadt.<\/p>\n\n<p>Dar\u00fcber hinaus ist die Marina ein internationaler Einreisehafen mit saisonaler Grenzkontrolle vom 1. Mai bis 1. Oktober, t\u00e4glich ge\u00f6ffnet von 8 bis 22 Uhr.<\/p>\n\n<p>Webseite:<br\/><a href=\"http:\/\/www.dukleymarina.com\" target=\"_blank\">dukleymarina.com<\/a><\/p>\n\n<h3 class=\"wp-block-heading\">Portonovi Marina<\/h3>\n\n<p>Die Portonovi Marina verf\u00fcgt \u00fcber 238 Liegepl\u00e4tze mit exzellenten Dienstleistungen, einschlie\u00dflich steuerfreiem Treibstoff. Sie bietet mehrere Einfahrten und eine gesch\u00fctzte Lage am Eingang der Bucht von <a href=\"https:\/\/www.visit-montenegro.com\/de\/reiseziele\/kotor\/\">Kotor<\/a>, ideal f\u00fcr Superyachten. Tats\u00e4chlich verf\u00fcgt sie \u00fcber einen Helikopterlandeplatz und den lebendigen Vista Square als dynamisches Zentrum der Marina.<\/p>\n\n<p>Webseite:<br\/><a href=\"http:\/\/www.portonovi.com\/marina\" target=\"_blank\">portonovi.com<\/a><\/p>\n\n<h3 class=\"wp-block-heading\">Lustica Bay Marina <span class=\"uk-badge\">In Bau<\/span><\/h3>\n\n<p>Lu\u0161tica Bay wird zwei erstklassige Marinas umfassen. Eine Hauptmarina mit 176 Liegepl\u00e4tzen nimmt Boote bis zu 45m auf, w\u00e4hrend eine sekund\u00e4re Anlegestelle kleinere Schiffe bedient. Sie bieten luxuri\u00f6sen Zugang zum K\u00fcstenleben mit allen ben\u00f6tigten Yachtdienstleistungen, einschlie\u00dflich Reparaturen, Strom, Sicherheit und professionellem Personal.<\/p>\n\n<p>Webseite:<br\/><a href=\"https:\/\/www.lusticabay.com\/marina-montenegro\" target=\"_blank\">lusticabay.com<\/a><\/p>\n\n<h2 class=\"wp-block-heading\">Montenegro H\u00e4fen<\/h2>\n\n<h3 class=\"wp-block-heading\">Der Hafen von Bar<\/h3>\n\n<p>Der Hafen von <a href=\"https:\/\/www.visit-montenegro.com\/de\/reiseziele\/bar\/\">Bar<\/a> ist der gr\u00f6\u00dfte Hafen in Montenegro. Er dient sowohl als Fracht- als auch als Passagierhafen. Folglich ist er eine lebenswichtige Transportverbindung Montenegros mit der Welt.<\/p>\n\n<p>Webseite:<br\/><a href=\"http:\/\/www.lukabar.me\" target=\"_blank\">lukabar.me<\/a><\/p>\n\n<h3 class=\"wp-block-heading\">Der Hafen von Kotor<\/h3>\n\n<p>Der Hafen von Kotor liegt in der Bucht von Kotor an den Mauern der Altstadt von Kotor. Das ganze Jahr \u00fcber erreichen Hunderte gro\u00dfer Kreuzfahrtschiffe diesen Hafen.<\/p>\n\n<p>Webseite:<br\/><a href=\"http:\/\/www.portofkotor.co.me\" target=\"_blank\">portofkotor.co.me<\/a><\/p>\n","protected":false},"excerpt":{"rendered":"<p>Entdecken Sie Montenegros wichtigste maritime Knotenpunkte, einschlie\u00dflich Top-Marinas wie Porto Montenegro und bedeutende H\u00e4fen wie Bar und Kotor. Dieser Leitfaden hebt ihre Merkmale und Dienstleistungen f\u00fcr Bootsfahrer und Reisende hervor.<\/p>\n","protected":false},"author":1,"featured_media":134369,"parent":133449,"menu_order":0,"comment_status":"open","ping_status":"open","template":"","meta":{"_yoast_wpseo_focuskw":"Montenegro H\u00e4fen und Marinas","_yoast_wpseo_metadesc":"Entdecken Sie Montenegros f\u00fchrende H\u00e4fen und Marinas, von Porto Montenegro bis zum Hafen Bar. Erfahren Sie mehr \u00fcber Dienstleistungen, Standorte und warum sie ideal f\u00fcr Yachten und Reisen sind.","_kad_post_transparent":"","_kad_post_title":"","_kad_post_layout":"","_kad_post_sidebar_id":"","_kad_post_content_style":"","_kad_post_vertical_padding":"","_kad_post_feature":"","_kad_post_feature_position":"","_kad_post_header":false,"_kad_post_footer":false,"_kad_post_classname":"","iawp_total_views":7,"footnotes":""},"tags":[],"class_list":["post-134368","page","type-page","status-publish","has-post-thumbnail","hentry"],"yoast_head":"<!-- This site is optimized with the Yoast SEO plugin v27.3 - https:\/\/yoast.com\/product\/yoast-seo-wordpress\/ -->\n<title>Montenegro H\u00e4fen und Marinas - Visit Montenegro<\/title>\n<meta name=\"description\" content=\"Entdecken Sie Montenegros f\u00fchrende H\u00e4fen und Marinas, von Porto Montenegro bis zum Hafen Bar. Erfahren Sie mehr \u00fcber Dienstleistungen, Standorte und warum sie ideal f\u00fcr Yachten und Reisen sind.\" \/>\n<meta name=\"robots\" content=\"index, follow, max-snippet:-1, max-image-preview:large, max-video-preview:-1\" \/>\n<link rel=\"canonical\" href=\"https:\/\/www.visit-montenegro.com\/de\/transport\/transportation-ports-marinas\/\" \/>\n<meta property=\"og:locale\" content=\"de_DE\" \/>\n<meta property=\"og:type\" content=\"article\" \/>\n<meta property=\"og:title\" content=\"Montenegro H\u00e4fen und Marinas - Visit Montenegro\" \/>\n<meta property=\"og:description\" content=\"Entdecken Sie Montenegros f\u00fchrende H\u00e4fen und Marinas, von Porto Montenegro bis zum Hafen Bar. Erfahren Sie mehr \u00fcber Dienstleistungen, Standorte und warum sie ideal f\u00fcr Yachten und Reisen sind.\" \/>\n<meta property=\"og:url\" content=\"https:\/\/www.visit-montenegro.com\/de\/transport\/transportation-ports-marinas\/\" \/>\n<meta property=\"og:site_name\" content=\"Visit Montenegro\" \/>\n<meta property=\"article:publisher\" content=\"https:\/\/www.facebook.com\/visitmontenegro\" \/>\n<meta property=\"article:modified_time\" content=\"2026-02-22T15:56:41+00:00\" \/>\n<meta property=\"og:image\" content=\"https:\/\/www.visit-montenegro.com\/wp-content\/uploads\/2026\/01\/yacht-01-scaled.jpg\" \/>\n\t<meta property=\"og:image:width\" content=\"1600\" \/>\n\t<meta property=\"og:image:height\" content=\"1063\" \/>\n\t<meta property=\"og:image:type\" content=\"image\/jpeg\" \/>\n<meta name=\"twitter:card\" content=\"summary_large_image\" \/>\n<meta name=\"twitter:site\" content=\"@visitmontenegro\" \/>\n<meta name=\"twitter:label1\" content=\"Gesch\u00e4tzte Lesezeit\" \/>\n\t<meta name=\"twitter:data1\" content=\"2\u00a0Minuten\" \/>\n<script type=\"application\/ld+json\" class=\"yoast-schema-graph\">{\"@context\":\"https:\\\/\\\/schema.org\",\"@graph\":[{\"@type\":\"WebPage\",\"@id\":\"https:\\\/\\\/www.visit-montenegro.com\\\/de\\\/transport\\\/transportation-ports-marinas\\\/\",\"url\":\"https:\\\/\\\/www.visit-montenegro.com\\\/de\\\/transport\\\/transportation-ports-marinas\\\/\",\"name\":\"Montenegro H\u00e4fen und Marinas - Visit Montenegro\",\"isPartOf\":{\"@id\":\"https:\\\/\\\/www.visit-montenegro.com\\\/de\\\/#website\"},\"primaryImageOfPage\":{\"@id\":\"https:\\\/\\\/www.visit-montenegro.com\\\/de\\\/transport\\\/transportation-ports-marinas\\\/#primaryimage\"},\"image\":{\"@id\":\"https:\\\/\\\/www.visit-montenegro.com\\\/de\\\/transport\\\/transportation-ports-marinas\\\/#primaryimage\"},\"thumbnailUrl\":\"https:\\\/\\\/www.visit-montenegro.com\\\/wp-content\\\/uploads\\\/2026\\\/01\\\/yacht-01-scaled.jpg\",\"datePublished\":\"2026-01-28T18:16:59+00:00\",\"dateModified\":\"2026-02-22T15:56:41+00:00\",\"description\":\"Entdecken Sie Montenegros f\u00fchrende H\u00e4fen und Marinas, von Porto Montenegro bis zum Hafen Bar. Erfahren Sie mehr \u00fcber Dienstleistungen, Standorte und warum sie ideal f\u00fcr Yachten und Reisen sind.\",\"breadcrumb\":{\"@id\":\"https:\\\/\\\/www.visit-montenegro.com\\\/de\\\/transport\\\/transportation-ports-marinas\\\/#breadcrumb\"},\"inLanguage\":\"de\",\"potentialAction\":[{\"@type\":\"ReadAction\",\"target\":[\"https:\\\/\\\/www.visit-montenegro.com\\\/de\\\/transport\\\/transportation-ports-marinas\\\/\"]}]},{\"@type\":\"ImageObject\",\"inLanguage\":\"de\",\"@id\":\"https:\\\/\\\/www.visit-montenegro.com\\\/de\\\/transport\\\/transportation-ports-marinas\\\/#primaryimage\",\"url\":\"https:\\\/\\\/www.visit-montenegro.com\\\/wp-content\\\/uploads\\\/2026\\\/01\\\/yacht-01-scaled.jpg\",\"contentUrl\":\"https:\\\/\\\/www.visit-montenegro.com\\\/wp-content\\\/uploads\\\/2026\\\/01\\\/yacht-01-scaled.jpg\",\"width\":1600,\"height\":1063,\"caption\":\"Sch\u00f6ne wei\u00dfe moderne Yachten im Seehafen in Nizza, Frankreich, Europa.\"},{\"@type\":\"BreadcrumbList\",\"@id\":\"https:\\\/\\\/www.visit-montenegro.com\\\/de\\\/transport\\\/transportation-ports-marinas\\\/#breadcrumb\",\"itemListElement\":[{\"@type\":\"ListItem\",\"position\":1,\"name\":\"Home\",\"item\":\"https:\\\/\\\/www.visit-montenegro.com\\\/de\\\/home\\\/\"},{\"@type\":\"ListItem\",\"position\":2,\"name\":\"Transport in Montenegro\",\"item\":\"https:\\\/\\\/www.visit-montenegro.com\\\/de\\\/transport\\\/\"},{\"@type\":\"ListItem\",\"position\":3,\"name\":\"Montenegro H\u00e4fen und Marinas\"}]},{\"@type\":\"WebSite\",\"@id\":\"https:\\\/\\\/www.visit-montenegro.com\\\/de\\\/#website\",\"url\":\"https:\\\/\\\/www.visit-montenegro.com\\\/de\\\/\",\"name\":\"Visit Montenegro\",\"description\":\"Breathtaking beauty\",\"publisher\":{\"@id\":\"https:\\\/\\\/www.visit-montenegro.com\\\/de\\\/#organization\"},\"potentialAction\":[{\"@type\":\"SearchAction\",\"target\":{\"@type\":\"EntryPoint\",\"urlTemplate\":\"https:\\\/\\\/www.visit-montenegro.com\\\/de\\\/?s={search_term_string}\"},\"query-input\":{\"@type\":\"PropertyValueSpecification\",\"valueRequired\":true,\"valueName\":\"search_term_string\"}}],\"inLanguage\":\"de\"},{\"@type\":\"Organization\",\"@id\":\"https:\\\/\\\/www.visit-montenegro.com\\\/de\\\/#organization\",\"name\":\"Visit Montenegro\",\"url\":\"https:\\\/\\\/www.visit-montenegro.com\\\/de\\\/\",\"logo\":{\"@type\":\"ImageObject\",\"inLanguage\":\"de\",\"@id\":\"https:\\\/\\\/www.visit-montenegro.com\\\/de\\\/#\\\/schema\\\/logo\\\/image\\\/\",\"url\":\"https:\\\/\\\/www.visit-montenegro.com\\\/wp-content\\\/uploads\\\/2017\\\/10\\\/logo-amp.png\",\"contentUrl\":\"https:\\\/\\\/www.visit-montenegro.com\\\/wp-content\\\/uploads\\\/2017\\\/10\\\/logo-amp.png\",\"width\":190,\"height\":36,\"caption\":\"Visit Montenegro\"},\"image\":{\"@id\":\"https:\\\/\\\/www.visit-montenegro.com\\\/de\\\/#\\\/schema\\\/logo\\\/image\\\/\"},\"sameAs\":[\"https:\\\/\\\/www.facebook.com\\\/visitmontenegro\",\"https:\\\/\\\/x.com\\\/visitmontenegro\",\"https:\\\/\\\/www.instagram.com\\\/visit_montenegro\\\/\",\"https:\\\/\\\/www.youtube.com\\\/user\\\/VisitMontenegro\"]}]}<\/script>\n<!-- \/ Yoast SEO plugin. -->","yoast_head_json":{"title":"Montenegro H\u00e4fen und Marinas - Visit Montenegro","description":"Entdecken Sie Montenegros f\u00fchrende H\u00e4fen und Marinas, von Porto Montenegro bis zum Hafen Bar. Erfahren Sie mehr \u00fcber Dienstleistungen, Standorte und warum sie ideal f\u00fcr Yachten und Reisen sind.","robots":{"index":"index","follow":"follow","max-snippet":"max-snippet:-1","max-image-preview":"max-image-preview:large","max-video-preview":"max-video-preview:-1"},"canonical":"https:\/\/www.visit-montenegro.com\/de\/transport\/transportation-ports-marinas\/","og_locale":"de_DE","og_type":"article","og_title":"Montenegro H\u00e4fen und Marinas - Visit Montenegro","og_description":"Entdecken Sie Montenegros f\u00fchrende H\u00e4fen und Marinas, von Porto Montenegro bis zum Hafen Bar. Erfahren Sie mehr \u00fcber Dienstleistungen, Standorte und warum sie ideal f\u00fcr Yachten und Reisen sind.","og_url":"https:\/\/www.visit-montenegro.com\/de\/transport\/transportation-ports-marinas\/","og_site_name":"Visit Montenegro","article_publisher":"https:\/\/www.facebook.com\/visitmontenegro","article_modified_time":"2026-02-22T15:56:41+00:00","og_image":[{"width":1600,"height":1063,"url":"https:\/\/www.visit-montenegro.com\/wp-content\/uploads\/2026\/01\/yacht-01-scaled.jpg","type":"image\/jpeg"}],"twitter_card":"summary_large_image","twitter_site":"@visitmontenegro","twitter_misc":{"Gesch\u00e4tzte Lesezeit":"2\u00a0Minuten"},"schema":{"@context":"https:\/\/schema.org","@graph":[{"@type":"WebPage","@id":"https:\/\/www.visit-montenegro.com\/de\/transport\/transportation-ports-marinas\/","url":"https:\/\/www.visit-montenegro.com\/de\/transport\/transportation-ports-marinas\/","name":"Montenegro H\u00e4fen und Marinas - Visit Montenegro","isPartOf":{"@id":"https:\/\/www.visit-montenegro.com\/de\/#website"},"primaryImageOfPage":{"@id":"https:\/\/www.visit-montenegro.com\/de\/transport\/transportation-ports-marinas\/#primaryimage"},"image":{"@id":"https:\/\/www.visit-montenegro.com\/de\/transport\/transportation-ports-marinas\/#primaryimage"},"thumbnailUrl":"https:\/\/www.visit-montenegro.com\/wp-content\/uploads\/2026\/01\/yacht-01-scaled.jpg","datePublished":"2026-01-28T18:16:59+00:00","dateModified":"2026-02-22T15:56:41+00:00","description":"Entdecken Sie Montenegros f\u00fchrende H\u00e4fen und Marinas, von Porto Montenegro bis zum Hafen Bar. Erfahren Sie mehr \u00fcber Dienstleistungen, Standorte und warum sie ideal f\u00fcr Yachten und Reisen sind.","breadcrumb":{"@id":"https:\/\/www.visit-montenegro.com\/de\/transport\/transportation-ports-marinas\/#breadcrumb"},"inLanguage":"de","potentialAction":[{"@type":"ReadAction","target":["https:\/\/www.visit-montenegro.com\/de\/transport\/transportation-ports-marinas\/"]}]},{"@type":"ImageObject","inLanguage":"de","@id":"https:\/\/www.visit-montenegro.com\/de\/transport\/transportation-ports-marinas\/#primaryimage","url":"https:\/\/www.visit-montenegro.com\/wp-content\/uploads\/2026\/01\/yacht-01-scaled.jpg","contentUrl":"https:\/\/www.visit-montenegro.com\/wp-content\/uploads\/2026\/01\/yacht-01-scaled.jpg","width":1600,"height":1063,"caption":"Sch\u00f6ne wei\u00dfe moderne Yachten im Seehafen in Nizza, Frankreich, Europa."},{"@type":"BreadcrumbList","@id":"https:\/\/www.visit-montenegro.com\/de\/transport\/transportation-ports-marinas\/#breadcrumb","itemListElement":[{"@type":"ListItem","position":1,"name":"Home","item":"https:\/\/www.visit-montenegro.com\/de\/home\/"},{"@type":"ListItem","position":2,"name":"Transport in Montenegro","item":"https:\/\/www.visit-montenegro.com\/de\/transport\/"},{"@type":"ListItem","position":3,"name":"Montenegro H\u00e4fen und Marinas"}]},{"@type":"WebSite","@id":"https:\/\/www.visit-montenegro.com\/de\/#website","url":"https:\/\/www.visit-montenegro.com\/de\/","name":"Visit Montenegro","description":"Breathtaking beauty","publisher":{"@id":"https:\/\/www.visit-montenegro.com\/de\/#organization"},"potentialAction":[{"@type":"SearchAction","target":{"@type":"EntryPoint","urlTemplate":"https:\/\/www.visit-montenegro.com\/de\/?s={search_term_string}"},"query-input":{"@type":"PropertyValueSpecification","valueRequired":true,"valueName":"search_term_string"}}],"inLanguage":"de"},{"@type":"Organization","@id":"https:\/\/www.visit-montenegro.com\/de\/#organization","name":"Visit Montenegro","url":"https:\/\/www.visit-montenegro.com\/de\/","logo":{"@type":"ImageObject","inLanguage":"de","@id":"https:\/\/www.visit-montenegro.com\/de\/#\/schema\/logo\/image\/","url":"https:\/\/www.visit-montenegro.com\/wp-content\/uploads\/2017\/10\/logo-amp.png","contentUrl":"https:\/\/www.visit-montenegro.com\/wp-content\/uploads\/2017\/10\/logo-amp.png","width":190,"height":36,"caption":"Visit Montenegro"},"image":{"@id":"https:\/\/www.visit-montenegro.com\/de\/#\/schema\/logo\/image\/"},"sameAs":["https:\/\/www.facebook.com\/visitmontenegro","https:\/\/x.com\/visitmontenegro","https:\/\/www.instagram.com\/visit_montenegro\/","https:\/\/www.youtube.com\/user\/VisitMontenegro"]}]}},"translations":[],"_links":{"self":[{"href":"https:\/\/www.visit-montenegro.com\/de\/wp-json\/wp\/v2\/pages\/134368","targetHints":{"allow":["GET"]}}],"collection":[{"href":"https:\/\/www.visit-montenegro.com\/de\/wp-json\/wp\/v2\/pages"}],"about":[{"href":"https:\/\/www.visit-montenegro.com\/de\/wp-json\/wp\/v2\/types\/page"}],"author":[{"embeddable":true,"href":"https:\/\/www.visit-montenegro.com\/de\/wp-json\/wp\/v2\/users\/1"}],"replies":[{"embeddable":true,"href":"https:\/\/www.visit-montenegro.com\/de\/wp-json\/wp\/v2\/comments?post=134368"}],"version-history":[{"count":0,"href":"https:\/\/www.visit-montenegro.com\/de\/wp-json\/wp\/v2\/pages\/134368\/revisions"}],"up":[{"embeddable":true,"href":"https:\/\/www.visit-montenegro.com\/de\/wp-json\/wp\/v2\/pages\/133449"}],"wp:featuredmedia":[{"embeddable":true,"href":"https:\/\/www.visit-montenegro.com\/de\/wp-json\/wp\/v2\/media\/134369"}],"wp:attachment":[{"href":"https:\/\/www.visit-montenegro.com\/de\/wp-json\/wp\/v2\/media?parent=134368"}],"wp:term":[{"taxonomy":"post_tag","embeddable":true,"href":"https:\/\/www.visit-montenegro.com\/de\/wp-json\/wp\/v2\/tags?post=134368"}],"curies":[{"name":"wp","href":"https:\/\/api.w.org\/{rel}","templated":true}]}}