{"id":134374,"date":"2026-01-28T19:16:59","date_gmt":"2026-01-28T18:16:59","guid":{"rendered":"https:\/\/new.visit-montenegro.com\/transport\/transportation-airports\/"},"modified":"2026-02-24T13:28:25","modified_gmt":"2026-02-24T12:28:25","slug":"transportation-airports","status":"publish","type":"page","link":"https:\/\/www.visit-montenegro.com\/de\/transport\/transportation-airports\/","title":{"rendered":"Montenegro Flugh\u00e4fen"},"content":{"rendered":"\n<p>Montenegro hat zwei internationale Flugh\u00e4fen: <a href=\"https:\/\/www.visit-montenegro.com\/de\/reiseziele\/podgorica\/\">Podgorica<\/a> Flughafen im Zentrum des Landes und <a href=\"https:\/\/www.visit-montenegro.com\/de\/reiseziele\/tivat\/\">Tivat<\/a> Flughafen an der K\u00fcste, mit Dubrovnik Flughafen im nahen Kroatien als Alternative, um beide L\u00e4nder zu erkunden.<\/p>\n\n<hr class=\"wp-block-separator has-alpha-channel-opacity\"\/>\n\n<h2 class=\"wp-block-heading\">Internationale Flugh\u00e4fen in Montenegro<\/h2>\n\n<p>Wenn Sie eine Reise mit dem Flugzeug planen, gibt es zwei internationale Flugh\u00e4fen in <strong>Montenegro<\/strong>. Der <strong>Podgorica Flughafen<\/strong> liegt im Herzen des Landes. Es ist eine 30-min\u00fctige Fahrt zur K\u00fcste und eine Stunde zu den n\u00e4chsten Bergresorts. Daher dient er als zentraler Knotenpunkt, um vielf\u00e4ltige Landschaften zu erreichen.<\/p>\n\n<p>Wenn Sie direkt an der K\u00fcste landen m\u00f6chten, ist der <strong>Tivat Flughafen<\/strong> in der N\u00e4he der Boka Bucht die bequemste Route. Au\u00dferdem k\u00f6nnte der <strong>Dubrovnik Flughafen<\/strong> in Kroatien, der 15 Minuten von der kroatisch-<strong>montenegrinischen<\/strong> Grenze entfernt ist, Ihre optimale Wahl sein. Dies gilt besonders, wenn Sie die K\u00fcsten beider L\u00e4nder erkunden m\u00f6chten.<\/p>\n\n<h2 class=\"wp-block-heading\">Transport und Flugoptionen<\/h2>\n\n<p>Wenn Sie <strong>einen Transfer vom Flughafen direkt zu Ihrem Hotel ben\u00f6tigen<\/strong>, k\u00f6nnen Sie einen \u00fcber unsere <strong><a href=\"https:\/\/www.visit-montenegro.com\/de\/transfers\/\">Private Transfers Seite<\/a><\/strong> buchen. Wir bieten Flughafentransfers von Podgorica, Tivat und Dubrovnik Flugh\u00e4fen an.<\/p>\n\n<p>Alle Flugh\u00e4fen arrangieren Fl\u00fcge von Billigfluggesellschaften. Um das beste Datum f\u00fcr Ihren Besuch und die g\u00fcnstigsten Fl\u00fcge zu finden, nutzen Sie den Link unten.<\/p>\n\n<div class=\"wp-block-buttons is-layout-flex wp-block-buttons-is-layout-flex\">\n<div class=\"wp-block-button\"><a class=\"wp-block-button__link wp-element-button\" href=\"https:\/\/www.booking.com\/flights\/index.html?aid=1850190;label=airports-page\" target=\"_blank\">Finden Sie einen perfekten Flug<\/a><\/div>\n<\/div>\n","protected":false},"excerpt":{"rendered":"<p>Entdecken Sie die wichtigsten Flugh\u00e4fen f\u00fcr Ihre Montenegro-Reise: Podgorica und Tivat Flugh\u00e4fen, plus Dubrovnik Flughafen in Kroatien. Erfahren Sie \u00fcber bequeme Transfers und Flugoptionen, um Ihre Reise nahtlos zu planen.<\/p>\n","protected":false},"author":1,"featured_media":134375,"parent":133449,"menu_order":0,"comment_status":"open","ping_status":"open","template":"","meta":{"_yoast_wpseo_focuskw":"Montenegro Flugh\u00e4fen","_yoast_wpseo_metadesc":"Entdecken Sie Montenegros Flugh\u00e4fen: Podgorica und Tivat, plus Dubrovnik in Kroatien. Finden Sie Transferdienste und Flugangebote f\u00fcr Ihre perfekte Reise.","_kad_post_transparent":"","_kad_post_title":"","_kad_post_layout":"","_kad_post_sidebar_id":"","_kad_post_content_style":"","_kad_post_vertical_padding":"","_kad_post_feature":"","_kad_post_feature_position":"","_kad_post_header":false,"_kad_post_footer":false,"_kad_post_classname":"","iawp_total_views":34,"footnotes":""},"tags":[],"class_list":["post-134374","page","type-page","status-publish","has-post-thumbnail","hentry"],"yoast_head":"<!-- This site is optimized with the Yoast SEO plugin v27.3 - https:\/\/yoast.com\/product\/yoast-seo-wordpress\/ -->\n<title>Montenegro Flugh\u00e4fen - Visit Montenegro<\/title>\n<meta name=\"description\" content=\"Entdecken Sie Montenegros Flugh\u00e4fen: Podgorica und Tivat, plus Dubrovnik in Kroatien. Finden Sie Transferdienste und Flugangebote f\u00fcr Ihre perfekte Reise.\" \/>\n<meta name=\"robots\" content=\"index, follow, max-snippet:-1, max-image-preview:large, max-video-preview:-1\" \/>\n<link rel=\"canonical\" href=\"https:\/\/www.visit-montenegro.com\/de\/transport\/transportation-airports\/\" \/>\n<meta property=\"og:locale\" content=\"de_DE\" \/>\n<meta property=\"og:type\" content=\"article\" \/>\n<meta property=\"og:title\" content=\"Montenegro Flugh\u00e4fen - Visit Montenegro\" \/>\n<meta property=\"og:description\" content=\"Entdecken Sie Montenegros Flugh\u00e4fen: Podgorica und Tivat, plus Dubrovnik in Kroatien. Finden Sie Transferdienste und Flugangebote f\u00fcr Ihre perfekte Reise.\" \/>\n<meta property=\"og:url\" content=\"https:\/\/www.visit-montenegro.com\/de\/transport\/transportation-airports\/\" \/>\n<meta property=\"og:site_name\" content=\"Visit Montenegro\" \/>\n<meta property=\"article:publisher\" content=\"https:\/\/www.facebook.com\/visitmontenegro\" \/>\n<meta property=\"article:modified_time\" content=\"2026-02-24T12:28:25+00:00\" \/>\n<meta property=\"og:image\" content=\"https:\/\/www.visit-montenegro.com\/wp-content\/uploads\/2014\/06\/Big-aircraft-at-sunset.jpg\" \/>\n\t<meta property=\"og:image:width\" content=\"1250\" \/>\n\t<meta property=\"og:image:height\" content=\"937\" \/>\n\t<meta property=\"og:image:type\" content=\"image\/jpeg\" \/>\n<meta name=\"twitter:card\" content=\"summary_large_image\" \/>\n<meta name=\"twitter:site\" content=\"@visitmontenegro\" \/>\n<meta name=\"twitter:label1\" content=\"Gesch\u00e4tzte Lesezeit\" \/>\n\t<meta name=\"twitter:data1\" content=\"1\u00a0Minute\" \/>\n<script type=\"application\/ld+json\" class=\"yoast-schema-graph\">{\"@context\":\"https:\\\/\\\/schema.org\",\"@graph\":[{\"@type\":\"WebPage\",\"@id\":\"https:\\\/\\\/www.visit-montenegro.com\\\/de\\\/transport\\\/transportation-airports\\\/\",\"url\":\"https:\\\/\\\/www.visit-montenegro.com\\\/de\\\/transport\\\/transportation-airports\\\/\",\"name\":\"Montenegro Flugh\u00e4fen - Visit Montenegro\",\"isPartOf\":{\"@id\":\"https:\\\/\\\/www.visit-montenegro.com\\\/de\\\/#website\"},\"primaryImageOfPage\":{\"@id\":\"https:\\\/\\\/www.visit-montenegro.com\\\/de\\\/transport\\\/transportation-airports\\\/#primaryimage\"},\"image\":{\"@id\":\"https:\\\/\\\/www.visit-montenegro.com\\\/de\\\/transport\\\/transportation-airports\\\/#primaryimage\"},\"thumbnailUrl\":\"https:\\\/\\\/www.visit-montenegro.com\\\/wp-content\\\/uploads\\\/2014\\\/06\\\/Big-aircraft-at-sunset.jpg\",\"datePublished\":\"2026-01-28T18:16:59+00:00\",\"dateModified\":\"2026-02-24T12:28:25+00:00\",\"description\":\"Entdecken Sie Montenegros Flugh\u00e4fen: Podgorica und Tivat, plus Dubrovnik in Kroatien. Finden Sie Transferdienste und Flugangebote f\u00fcr Ihre perfekte Reise.\",\"breadcrumb\":{\"@id\":\"https:\\\/\\\/www.visit-montenegro.com\\\/de\\\/transport\\\/transportation-airports\\\/#breadcrumb\"},\"inLanguage\":\"de\",\"potentialAction\":[{\"@type\":\"ReadAction\",\"target\":[\"https:\\\/\\\/www.visit-montenegro.com\\\/de\\\/transport\\\/transportation-airports\\\/\"]}]},{\"@type\":\"ImageObject\",\"inLanguage\":\"de\",\"@id\":\"https:\\\/\\\/www.visit-montenegro.com\\\/de\\\/transport\\\/transportation-airports\\\/#primaryimage\",\"url\":\"https:\\\/\\\/www.visit-montenegro.com\\\/wp-content\\\/uploads\\\/2014\\\/06\\\/Big-aircraft-at-sunset.jpg\",\"contentUrl\":\"https:\\\/\\\/www.visit-montenegro.com\\\/wp-content\\\/uploads\\\/2014\\\/06\\\/Big-aircraft-at-sunset.jpg\",\"width\":1250,\"height\":937},{\"@type\":\"BreadcrumbList\",\"@id\":\"https:\\\/\\\/www.visit-montenegro.com\\\/de\\\/transport\\\/transportation-airports\\\/#breadcrumb\",\"itemListElement\":[{\"@type\":\"ListItem\",\"position\":1,\"name\":\"Home\",\"item\":\"https:\\\/\\\/www.visit-montenegro.com\\\/de\\\/home\\\/\"},{\"@type\":\"ListItem\",\"position\":2,\"name\":\"Transport in Montenegro\",\"item\":\"https:\\\/\\\/www.visit-montenegro.com\\\/de\\\/transport\\\/\"},{\"@type\":\"ListItem\",\"position\":3,\"name\":\"Montenegro Flugh\u00e4fen\"}]},{\"@type\":\"WebSite\",\"@id\":\"https:\\\/\\\/www.visit-montenegro.com\\\/de\\\/#website\",\"url\":\"https:\\\/\\\/www.visit-montenegro.com\\\/de\\\/\",\"name\":\"Visit Montenegro\",\"description\":\"Breathtaking beauty\",\"publisher\":{\"@id\":\"https:\\\/\\\/www.visit-montenegro.com\\\/de\\\/#organization\"},\"potentialAction\":[{\"@type\":\"SearchAction\",\"target\":{\"@type\":\"EntryPoint\",\"urlTemplate\":\"https:\\\/\\\/www.visit-montenegro.com\\\/de\\\/?s={search_term_string}\"},\"query-input\":{\"@type\":\"PropertyValueSpecification\",\"valueRequired\":true,\"valueName\":\"search_term_string\"}}],\"inLanguage\":\"de\"},{\"@type\":\"Organization\",\"@id\":\"https:\\\/\\\/www.visit-montenegro.com\\\/de\\\/#organization\",\"name\":\"Visit Montenegro\",\"url\":\"https:\\\/\\\/www.visit-montenegro.com\\\/de\\\/\",\"logo\":{\"@type\":\"ImageObject\",\"inLanguage\":\"de\",\"@id\":\"https:\\\/\\\/www.visit-montenegro.com\\\/de\\\/#\\\/schema\\\/logo\\\/image\\\/\",\"url\":\"https:\\\/\\\/www.visit-montenegro.com\\\/wp-content\\\/uploads\\\/2017\\\/10\\\/logo-amp.png\",\"contentUrl\":\"https:\\\/\\\/www.visit-montenegro.com\\\/wp-content\\\/uploads\\\/2017\\\/10\\\/logo-amp.png\",\"width\":190,\"height\":36,\"caption\":\"Visit Montenegro\"},\"image\":{\"@id\":\"https:\\\/\\\/www.visit-montenegro.com\\\/de\\\/#\\\/schema\\\/logo\\\/image\\\/\"},\"sameAs\":[\"https:\\\/\\\/www.facebook.com\\\/visitmontenegro\",\"https:\\\/\\\/x.com\\\/visitmontenegro\",\"https:\\\/\\\/www.instagram.com\\\/visit_montenegro\\\/\",\"https:\\\/\\\/www.youtube.com\\\/user\\\/VisitMontenegro\"]}]}<\/script>\n<!-- \/ Yoast SEO plugin. -->","yoast_head_json":{"title":"Montenegro Flugh\u00e4fen - Visit Montenegro","description":"Entdecken Sie Montenegros Flugh\u00e4fen: Podgorica und Tivat, plus Dubrovnik in Kroatien. Finden Sie Transferdienste und Flugangebote f\u00fcr Ihre perfekte Reise.","robots":{"index":"index","follow":"follow","max-snippet":"max-snippet:-1","max-image-preview":"max-image-preview:large","max-video-preview":"max-video-preview:-1"},"canonical":"https:\/\/www.visit-montenegro.com\/de\/transport\/transportation-airports\/","og_locale":"de_DE","og_type":"article","og_title":"Montenegro Flugh\u00e4fen - Visit Montenegro","og_description":"Entdecken Sie Montenegros Flugh\u00e4fen: Podgorica und Tivat, plus Dubrovnik in Kroatien. Finden Sie Transferdienste und Flugangebote f\u00fcr Ihre perfekte Reise.","og_url":"https:\/\/www.visit-montenegro.com\/de\/transport\/transportation-airports\/","og_site_name":"Visit Montenegro","article_publisher":"https:\/\/www.facebook.com\/visitmontenegro","article_modified_time":"2026-02-24T12:28:25+00:00","og_image":[{"width":1250,"height":937,"url":"https:\/\/www.visit-montenegro.com\/wp-content\/uploads\/2014\/06\/Big-aircraft-at-sunset.jpg","type":"image\/jpeg"}],"twitter_card":"summary_large_image","twitter_site":"@visitmontenegro","twitter_misc":{"Gesch\u00e4tzte Lesezeit":"1\u00a0Minute"},"schema":{"@context":"https:\/\/schema.org","@graph":[{"@type":"WebPage","@id":"https:\/\/www.visit-montenegro.com\/de\/transport\/transportation-airports\/","url":"https:\/\/www.visit-montenegro.com\/de\/transport\/transportation-airports\/","name":"Montenegro Flugh\u00e4fen - Visit Montenegro","isPartOf":{"@id":"https:\/\/www.visit-montenegro.com\/de\/#website"},"primaryImageOfPage":{"@id":"https:\/\/www.visit-montenegro.com\/de\/transport\/transportation-airports\/#primaryimage"},"image":{"@id":"https:\/\/www.visit-montenegro.com\/de\/transport\/transportation-airports\/#primaryimage"},"thumbnailUrl":"https:\/\/www.visit-montenegro.com\/wp-content\/uploads\/2014\/06\/Big-aircraft-at-sunset.jpg","datePublished":"2026-01-28T18:16:59+00:00","dateModified":"2026-02-24T12:28:25+00:00","description":"Entdecken Sie Montenegros Flugh\u00e4fen: Podgorica und Tivat, plus Dubrovnik in Kroatien. Finden Sie Transferdienste und Flugangebote f\u00fcr Ihre perfekte Reise.","breadcrumb":{"@id":"https:\/\/www.visit-montenegro.com\/de\/transport\/transportation-airports\/#breadcrumb"},"inLanguage":"de","potentialAction":[{"@type":"ReadAction","target":["https:\/\/www.visit-montenegro.com\/de\/transport\/transportation-airports\/"]}]},{"@type":"ImageObject","inLanguage":"de","@id":"https:\/\/www.visit-montenegro.com\/de\/transport\/transportation-airports\/#primaryimage","url":"https:\/\/www.visit-montenegro.com\/wp-content\/uploads\/2014\/06\/Big-aircraft-at-sunset.jpg","contentUrl":"https:\/\/www.visit-montenegro.com\/wp-content\/uploads\/2014\/06\/Big-aircraft-at-sunset.jpg","width":1250,"height":937},{"@type":"BreadcrumbList","@id":"https:\/\/www.visit-montenegro.com\/de\/transport\/transportation-airports\/#breadcrumb","itemListElement":[{"@type":"ListItem","position":1,"name":"Home","item":"https:\/\/www.visit-montenegro.com\/de\/home\/"},{"@type":"ListItem","position":2,"name":"Transport in Montenegro","item":"https:\/\/www.visit-montenegro.com\/de\/transport\/"},{"@type":"ListItem","position":3,"name":"Montenegro Flugh\u00e4fen"}]},{"@type":"WebSite","@id":"https:\/\/www.visit-montenegro.com\/de\/#website","url":"https:\/\/www.visit-montenegro.com\/de\/","name":"Visit Montenegro","description":"Breathtaking beauty","publisher":{"@id":"https:\/\/www.visit-montenegro.com\/de\/#organization"},"potentialAction":[{"@type":"SearchAction","target":{"@type":"EntryPoint","urlTemplate":"https:\/\/www.visit-montenegro.com\/de\/?s={search_term_string}"},"query-input":{"@type":"PropertyValueSpecification","valueRequired":true,"valueName":"search_term_string"}}],"inLanguage":"de"},{"@type":"Organization","@id":"https:\/\/www.visit-montenegro.com\/de\/#organization","name":"Visit Montenegro","url":"https:\/\/www.visit-montenegro.com\/de\/","logo":{"@type":"ImageObject","inLanguage":"de","@id":"https:\/\/www.visit-montenegro.com\/de\/#\/schema\/logo\/image\/","url":"https:\/\/www.visit-montenegro.com\/wp-content\/uploads\/2017\/10\/logo-amp.png","contentUrl":"https:\/\/www.visit-montenegro.com\/wp-content\/uploads\/2017\/10\/logo-amp.png","width":190,"height":36,"caption":"Visit Montenegro"},"image":{"@id":"https:\/\/www.visit-montenegro.com\/de\/#\/schema\/logo\/image\/"},"sameAs":["https:\/\/www.facebook.com\/visitmontenegro","https:\/\/x.com\/visitmontenegro","https:\/\/www.instagram.com\/visit_montenegro\/","https:\/\/www.youtube.com\/user\/VisitMontenegro"]}]}},"translations":[],"_links":{"self":[{"href":"https:\/\/www.visit-montenegro.com\/de\/wp-json\/wp\/v2\/pages\/134374","targetHints":{"allow":["GET"]}}],"collection":[{"href":"https:\/\/www.visit-montenegro.com\/de\/wp-json\/wp\/v2\/pages"}],"about":[{"href":"https:\/\/www.visit-montenegro.com\/de\/wp-json\/wp\/v2\/types\/page"}],"author":[{"embeddable":true,"href":"https:\/\/www.visit-montenegro.com\/de\/wp-json\/wp\/v2\/users\/1"}],"replies":[{"embeddable":true,"href":"https:\/\/www.visit-montenegro.com\/de\/wp-json\/wp\/v2\/comments?post=134374"}],"version-history":[{"count":0,"href":"https:\/\/www.visit-montenegro.com\/de\/wp-json\/wp\/v2\/pages\/134374\/revisions"}],"up":[{"embeddable":true,"href":"https:\/\/www.visit-montenegro.com\/de\/wp-json\/wp\/v2\/pages\/133449"}],"wp:featuredmedia":[{"embeddable":true,"href":"https:\/\/www.visit-montenegro.com\/de\/wp-json\/wp\/v2\/media\/134375"}],"wp:attachment":[{"href":"https:\/\/www.visit-montenegro.com\/de\/wp-json\/wp\/v2\/media?parent=134374"}],"wp:term":[{"taxonomy":"post_tag","embeddable":true,"href":"https:\/\/www.visit-montenegro.com\/de\/wp-json\/wp\/v2\/tags?post=134374"}],"curies":[{"name":"wp","href":"https:\/\/api.w.org\/{rel}","templated":true}]}}