{"id":134377,"date":"2026-01-28T19:16:59","date_gmt":"2026-01-28T18:16:59","guid":{"rendered":"https:\/\/new.visit-montenegro.com\/montenegro-casinos\/"},"modified":"2026-02-23T14:06:41","modified_gmt":"2026-02-23T13:06:41","slug":"montenegro-casinos","status":"publish","type":"page","link":"https:\/\/www.visit-montenegro.com\/de\/montenegro\/montenegro-casinos\/","title":{"rendered":"Montenegro Casinos"},"content":{"rendered":"\n<p>Montenegro Casinos sind legale Gl\u00fccksspielorte in Luxushotels, die Tischspiele, Spielautomaten und Poker anbieten, haupts\u00e4chlich in <a href=\"https:\/\/www.visit-montenegro.com\/de\/reiseziele\/budva\/\">Budva<\/a> und <a href=\"https:\/\/www.visit-montenegro.com\/de\/reiseziele\/podgorica\/\">Podgorica<\/a> f\u00fcr Touristen ab 18 Jahren.<\/p>\n\n<hr class=\"wp-block-separator has-alpha-channel-opacity\"\/>\n\n<h2 class=\"wp-block-heading\">Der Aufstieg der Montenegro Casinos<\/h2>\n\n<p>In letzter Zeit sind <strong>Montenegro Casinos<\/strong> zu einem der beliebtesten Ziele f\u00fcr Gl\u00fccksspiele geworden. Tats\u00e4chlich war Gl\u00fccksspiel bei Touristen schon immer sehr beliebt, und Montenegro, als europ\u00e4isches Land, in dem Gl\u00fccksspiel legal ist, wurde auf der Landkarte f\u00fcr professionelle, Amateurspieler und normale Touristen etabliert.<\/p>\n\n<p>Die beliebteste Form des Gl\u00fccksspiels sind <strong>Montenegro Casinos<\/strong>, die mit einer Vielzahl von Spielautomaten und Tischspielen, separaten Pokerr\u00e4umen und VIP-Lounges ausgestattet sind. Alle Casinos, die in Montenegro betrieben werden, befinden sich in 5-Sterne-Luxushotels, sodass G\u00e4ste Zugang zu allen m\u00f6glichen anderen Annehmlichkeiten wie Bars und Restaurants haben.<\/p>\n\n<h2 class=\"wp-block-heading\">Praktische Informationen f\u00fcr Besucher<\/h2>\n\n<p>Um <strong>Montenegro Casinos<\/strong> zu betreten, betr\u00e4gt die Altersgrenze 18 Jahre, und die W\u00e4hrung ist der Euro (\u20ac). Derzeit sind f\u00fcnf Casinos in Montenegro in Betrieb, vier in Budva und eines in Podgorica, was diese beiden St\u00e4dte zu den Zentren des Gl\u00fccksspieltourismus in Montenegro macht.<\/p>\n\n<p>In diesen <strong>Montenegro Casinos<\/strong> sind Spiele wie Roulette, Caribbean Poker, Texas Poker, Blackjack, Baccarat, Punto Banco und Elektronisches Roulette verf\u00fcgbar.<\/p>\n\n<h2 class=\"wp-block-heading\">Top Montenegro Casinos zum Besuchen<\/h2>\n\n<h3 class=\"wp-block-heading\">Merit Casino Royale<\/h3>\n\n<figure class=\"wp-block-image size-full\"><img loading=\"lazy\" decoding=\"async\" width=\"1000\" height=\"750\" src=\"https:\/\/www.visit-montenegro.com\/wp-content\/uploads\/2026\/02\/merit_casino_royal.jpg\" alt=\"\" class=\"wp-image-133605\" srcset=\"https:\/\/www.visit-montenegro.com\/wp-content\/uploads\/2026\/02\/merit_casino_royal.jpg 1000w, https:\/\/www.visit-montenegro.com\/wp-content\/uploads\/2026\/02\/merit_casino_royal-300x225.jpg 300w, https:\/\/www.visit-montenegro.com\/wp-content\/uploads\/2026\/02\/merit_casino_royal-768x576.jpg 768w\" sizes=\"auto, (max-width: 1000px) 100vw, 1000px\" \/><\/figure>\n\n<p>Casino Royale, gelegen im 10. Stock eines der luxuri\u00f6sesten montenegrinischen Hotels, bietet neben einer gro\u00dfartigen Aussicht auf die Adria eine breite Palette von Casinospielen. Sie k\u00f6nnen Spielautomaten und elektronisches Roulette genie\u00dfen, aber auch Live-Spiele wie Russian Poker, Caribbean Poker, Texas Poker, Ultimate Texas Poker, Texas Bonus Poker und Blackjack.<\/p>\n\n<p>Je nach Kundschaft ist es m\u00f6glich, private Spiele oder sogar internationale Turniere zu organisieren. Dar\u00fcber hinaus verf\u00fcgt das Casino \u00fcber einen Restaurantbereich, der Ihnen die M\u00f6glichkeit bietet, sich zu entspannen und nationale oder internationale K\u00fcche zu probieren.<\/p>\n\n<p>Casino Royale war Teil eines Films mit dem beliebtesten Geheimagenten der Welt \u2013 James Bond! Sie machten eine gro\u00dfartige Werbung f\u00fcr sich selbst und f\u00fcr das Reiseziel Montenegro, dank des Auftritts des Casino Royale im Film Casino Royale von 2006!<\/p>\n\n<div class=\"wp-block-buttons is-layout-flex wp-block-buttons-is-layout-flex\">\n<div class=\"wp-block-button is-style-fill\"><a class=\"wp-block-button__link wp-element-button\" href=\"https:\/\/www.booking.com\/hotel\/me\/splendid-confetence-spa-resort.en.html?aid=323220&amp;no_rooms=1&amp;group_adults=1&amp;label=casinos\" target=\"_blank\">Besuch buchen<\/a><\/div>\n<\/div>\n\n<hr class=\"wp-block-separator has-alpha-channel-opacity\"\/>\n\n<h3 class=\"wp-block-heading\">Merit Casino Avala<\/h3>\n\n<figure class=\"wp-block-image size-large\"><img loading=\"lazy\" decoding=\"async\" width=\"1024\" height=\"683\" src=\"https:\/\/www.visit-montenegro.com\/wp-content\/uploads\/2026\/02\/casino-avala-1024x683.jpg\" alt=\"\" class=\"wp-image-133606\" srcset=\"https:\/\/www.visit-montenegro.com\/wp-content\/uploads\/2026\/02\/casino-avala-1024x683.jpg 1024w, https:\/\/www.visit-montenegro.com\/wp-content\/uploads\/2026\/02\/casino-avala-300x200.jpg 300w, https:\/\/www.visit-montenegro.com\/wp-content\/uploads\/2026\/02\/casino-avala-768x512.jpg 768w, https:\/\/www.visit-montenegro.com\/wp-content\/uploads\/2026\/02\/casino-avala.jpg 1151w\" sizes=\"auto, (max-width: 1024px) 100vw, 1024px\" \/><\/figure>\n\n<p>Casino Avala befindet sich im Herzen von Budva, an der sch\u00f6nsten Lage, wo die Adria die Altstadt umgibt. Das Casino bietet eine ganze Reihe von Spielen in einem zeitgen\u00f6ssisch gestalteten Raum, der ein luxuri\u00f6ses und komfortables Erlebnis bietet, mit \u00fcber acht Spielen einschlie\u00dflich Baccarat, Blackjack, Roulette und allen Arten von Poker.<\/p>\n\n<p>Erleben Sie den Nervenkitzel von kreisenden Chips und klingelnden Glocken und gewinnen Sie gro\u00dfz\u00fcgige Preise an 100 Spielautomaten und \u00fcber 300 modernsten Spielen sowie elektronischen Roulettes mit drei versteckten Jackpot-Stufen im Wert von 500-1.500 Euro.<\/p>\n\n<div class=\"wp-block-buttons is-layout-flex wp-block-buttons-is-layout-flex\">\n<div class=\"wp-block-button is-style-fill\"><a class=\"wp-block-button__link wp-element-button\" href=\"https:\/\/www.booking.com\/hotel\/me\/avala-resort-villas.en.html?aid=323220&amp;no_rooms=1&amp;group_adults=1&amp;label=casinos\" target=\"_blank\">Besuch buchen<\/a><\/div>\n<\/div>\n\n<hr class=\"wp-block-separator has-alpha-channel-opacity\"\/>\n\n<h3 class=\"wp-block-heading\">Maestral Resort and Casino<\/h3>\n\n<figure class=\"wp-block-image size-full\"><img loading=\"lazy\" decoding=\"async\" width=\"1024\" height=\"720\" src=\"https:\/\/www.visit-montenegro.com\/wp-content\/uploads\/2026\/02\/budva-maestral-05.jpg\" alt=\"\" class=\"wp-image-133607\" srcset=\"https:\/\/www.visit-montenegro.com\/wp-content\/uploads\/2026\/02\/budva-maestral-05.jpg 1024w, https:\/\/www.visit-montenegro.com\/wp-content\/uploads\/2026\/02\/budva-maestral-05-300x211.jpg 300w, https:\/\/www.visit-montenegro.com\/wp-content\/uploads\/2026\/02\/budva-maestral-05-768x540.jpg 768w\" sizes=\"auto, (max-width: 1024px) 100vw, 1024px\" \/><\/figure>\n\n<p>Das gr\u00f6\u00dfte Casino des Landes ist Maestral Resort and Casino. Der Casino-Pokerraum ist ebenfalls im Angebot enthalten, wo Maestral seit Jahren Pokerturniere organisiert.<\/p>\n\n<p>Versuchen Sie Ihr Gl\u00fcck an den Spielautomaten und Tischspielen des Maestral Resort &amp; Casino. Es gibt mehr als 100 Spielautomaten zur Auswahl und zahlreiche Tischspiele einschlie\u00dflich American Roulette, Black Jack, Double Deck Black Jack und Texas Hold&#8217;Em Poker. Abseits des Gl\u00fccksspielspa\u00dfes gibt es erstklassige Unterhaltung mit Kabarettauff\u00fchrungen und Konzerten gro\u00dfer Musikstars. Der Eintritt ins Casino ist f\u00fcr Resort-G\u00e4ste kostenlos.<\/p>\n\n<p>Maestral Resort &amp; Casino liegt in einer sch\u00f6nen felsigen Bucht, direkt neben einem Sandstrand. Es ist in der N\u00e4he des Fischerdorfs Pr\u017eno und der Altstadt von Budva. Folglich k\u00f6nnen Besucher mit den Live-Spielen des Maestral Casino zus\u00e4tzliche Aufregung und Unterhaltung erleben.<\/p>\n\n<div class=\"wp-block-buttons is-layout-flex wp-block-buttons-is-layout-flex\">\n<div class=\"wp-block-button is-style-fill\"><a class=\"wp-block-button__link wp-element-button\" href=\"https:\/\/www.booking.com\/hotel\/me\/maestral-resort-casino.en.html?aid=323220&amp;no_rooms=1&amp;group_adults=1&amp;label=casinos\" target=\"_blank\">Besuch buchen<\/a><\/div>\n<\/div>\n\n<hr class=\"wp-block-separator has-alpha-channel-opacity\"\/>\n\n<h3 class=\"wp-block-heading\">Queen Casino Falkensteiner<\/h3>\n\n<figure class=\"wp-block-image size-full is-resized\"><img loading=\"lazy\" decoding=\"async\" width=\"597\" height=\"448\" src=\"https:\/\/www.visit-montenegro.com\/wp-content\/uploads\/2026\/02\/queen_falkensteiner-edited.png\" alt=\"\" class=\"wp-image-133609\" style=\"width:730px;height:auto\" srcset=\"https:\/\/www.visit-montenegro.com\/wp-content\/uploads\/2026\/02\/queen_falkensteiner-edited.png 597w, https:\/\/www.visit-montenegro.com\/wp-content\/uploads\/2026\/02\/queen_falkensteiner-edited-300x225.png 300w\" sizes=\"auto, (max-width: 597px) 100vw, 597px\" \/><\/figure>\n\n<p>Nur 10 Minuten entfernt liegt das touristische und kulturelle Zentrum der montenegrinischen K\u00fcste, Budva, innerhalb des Falkensteiner Hotels, wo das Queen Casino auf mehr als 500 m\u00b2 untergebracht ist.<\/p>\n\n<p>Genie\u00dfen Sie unvergessliche Ferien an der Adria und versuchen Sie Ihr Gl\u00fcck im Queen Casino Budva, das sich im ersten Stock des Falkensteiner Hotels befindet. Ob Roulette, Blackjack, Poker oder Spielautomaten, spielen Sie das Spiel und verbringen Sie ein paar aufregende Stunden beim Gl\u00fccksspiel.<\/p>\n\n<p>Dank des fortschrittlichsten IT-Systems sind Spieler st\u00e4ndig reich an Preisen, unabh\u00e4ngig von ihren Gewinnen.<\/p>\n\n<div class=\"wp-block-buttons is-layout-flex wp-block-buttons-is-layout-flex\">\n<div class=\"wp-block-button is-style-fill\"><a class=\"wp-block-button__link wp-element-button\" href=\"https:\/\/www.booking.com\/hotel\/me\/the-queen-of-montenegro.en.html?aid=323220&amp;no_rooms=1&amp;group_adults=1&amp;label=casinos\" target=\"_blank\">Besuch buchen<\/a><\/div>\n<\/div>\n\n<hr class=\"wp-block-separator has-alpha-channel-opacity\"\/>\n\n<h3 class=\"wp-block-heading\">Merit Casino Montenegro<\/h3>\n\n<figure class=\"wp-block-image size-full\"><img loading=\"lazy\" decoding=\"async\" width=\"1000\" height=\"750\" src=\"https:\/\/www.visit-montenegro.com\/wp-content\/uploads\/2026\/02\/merit_montenegro_hilton.jpg\" alt=\"\" class=\"wp-image-133610\" srcset=\"https:\/\/www.visit-montenegro.com\/wp-content\/uploads\/2026\/02\/merit_montenegro_hilton.jpg 1000w, https:\/\/www.visit-montenegro.com\/wp-content\/uploads\/2026\/02\/merit_montenegro_hilton-300x225.jpg 300w, https:\/\/www.visit-montenegro.com\/wp-content\/uploads\/2026\/02\/merit_montenegro_hilton-768x576.jpg 768w\" sizes=\"auto, (max-width: 1000px) 100vw, 1000px\" \/><\/figure>\n\n<p>Der Service von Merit Casinos, der Verwandtschaft und Anmut bietet, zielt darauf ab, Ihnen einen unvergesslichen Tag zu bereiten, indem er die beste Servicequalit\u00e4t mit gro\u00dfartiger Unterhaltung kombiniert.<\/p>\n\n<p>Der Spielautomatenbereich der gro\u00dfen Fl\u00e4che belebt die lebhafte Atmosph\u00e4re und ein Gef\u00fchl von Weite vollst\u00e4ndig, bestehend aus den beliebtesten Spielen, mit 48 Spielautomaten der neuesten Technologie. Komfortable Live-Spielbereichsdienste mit 8 Live-Spieltischen mit fr\u00f6hlichem und erfahrenem Personal.<\/p>\n\n<p>Sie k\u00f6nnen Super Poker, Trio Poker, Major Poker, Hold\u2019em Poker, American Roulette und Black Jack an Live-Spieltischen spielen.<\/p>\n\n<div class=\"wp-block-buttons is-layout-flex wp-block-buttons-is-layout-flex\">\n<div class=\"wp-block-button is-style-fill\"><a class=\"wp-block-button__link wp-element-button\" href=\"https:\/\/www.booking.com\/hotel\/me\/crna-gora.en.html?aid=323220&amp;no_rooms=1&amp;group_adults=1&amp;label=casinos\" target=\"_blank\">Besuch buchen<\/a><\/div>\n<\/div>\n\n<p><\/p>\n","protected":false},"excerpt":{"rendered":"<p>Entdecken Sie Montenegros legale Casinos in Luxushotels, die Spiele wie Roulette und Poker anbieten. Erfahren Sie mehr \u00fcber Altersgrenzen, Standorte in Budva und Podgorica und Top-Venues f\u00fcr ein aufregendes Gl\u00fccksspielerlebnis.<\/p>\n","protected":false},"author":1,"featured_media":134378,"parent":133960,"menu_order":0,"comment_status":"open","ping_status":"open","template":"","meta":{"_yoast_wpseo_focuskw":"Montenegro Casinos","_yoast_wpseo_metadesc":"Entdecken Sie Montenegros legale Casinos in Luxushotels. Finden Sie Spiele, Altersgrenzen und Top-Venues in Budva und Podgorica f\u00fcr einen unvergesslichen Gl\u00fccksspielurlaub.","_kad_post_transparent":"","_kad_post_title":"","_kad_post_layout":"","_kad_post_sidebar_id":"","_kad_post_content_style":"","_kad_post_vertical_padding":"","_kad_post_feature":"","_kad_post_feature_position":"","_kad_post_header":false,"_kad_post_footer":false,"_kad_post_classname":"","iawp_total_views":11,"footnotes":""},"tags":[],"class_list":["post-134377","page","type-page","status-publish","has-post-thumbnail","hentry"],"yoast_head":"<!-- This site is optimized with the Yoast SEO plugin v27.4 - https:\/\/yoast.com\/product\/yoast-seo-wordpress\/ -->\n<title>Montenegro Casinos - Visit Montenegro<\/title>\n<meta name=\"description\" content=\"Entdecken Sie Montenegros legale Casinos in Luxushotels. Finden Sie Spiele, Altersgrenzen und Top-Venues in Budva und Podgorica f\u00fcr einen unvergesslichen Gl\u00fccksspielurlaub.\" \/>\n<meta name=\"robots\" content=\"index, follow, max-snippet:-1, max-image-preview:large, max-video-preview:-1\" \/>\n<link rel=\"canonical\" href=\"https:\/\/www.visit-montenegro.com\/de\/montenegro\/montenegro-casinos\/\" \/>\n<meta property=\"og:locale\" content=\"de_DE\" \/>\n<meta property=\"og:type\" content=\"article\" \/>\n<meta property=\"og:title\" content=\"Montenegro Casinos - Visit Montenegro\" \/>\n<meta property=\"og:description\" content=\"Entdecken Sie Montenegros legale Casinos in Luxushotels. Finden Sie Spiele, Altersgrenzen und Top-Venues in Budva und Podgorica f\u00fcr einen unvergesslichen Gl\u00fccksspielurlaub.\" \/>\n<meta property=\"og:url\" content=\"https:\/\/www.visit-montenegro.com\/de\/montenegro\/montenegro-casinos\/\" \/>\n<meta property=\"og:site_name\" content=\"Visit Montenegro\" \/>\n<meta property=\"article:publisher\" content=\"https:\/\/www.facebook.com\/visitmontenegro\" \/>\n<meta property=\"article:modified_time\" content=\"2026-02-23T13:06:41+00:00\" \/>\n<meta property=\"og:image\" content=\"https:\/\/www.visit-montenegro.com\/wp-content\/uploads\/2026\/02\/Depositphotos_143257061_L-scaled.jpg\" \/>\n\t<meta property=\"og:image:width\" content=\"1600\" \/>\n\t<meta property=\"og:image:height\" content=\"1068\" \/>\n\t<meta property=\"og:image:type\" content=\"image\/jpeg\" \/>\n<meta name=\"twitter:card\" content=\"summary_large_image\" \/>\n<meta name=\"twitter:site\" content=\"@visitmontenegro\" \/>\n<meta name=\"twitter:label1\" content=\"Gesch\u00e4tzte Lesezeit\" \/>\n\t<meta name=\"twitter:data1\" content=\"4\u00a0Minuten\" \/>\n<script type=\"application\/ld+json\" class=\"yoast-schema-graph\">{\"@context\":\"https:\\\/\\\/schema.org\",\"@graph\":[{\"@type\":\"WebPage\",\"@id\":\"https:\\\/\\\/www.visit-montenegro.com\\\/de\\\/montenegro\\\/montenegro-casinos\\\/\",\"url\":\"https:\\\/\\\/www.visit-montenegro.com\\\/de\\\/montenegro\\\/montenegro-casinos\\\/\",\"name\":\"Montenegro Casinos - Visit Montenegro\",\"isPartOf\":{\"@id\":\"https:\\\/\\\/www.visit-montenegro.com\\\/de\\\/#website\"},\"primaryImageOfPage\":{\"@id\":\"https:\\\/\\\/www.visit-montenegro.com\\\/de\\\/montenegro\\\/montenegro-casinos\\\/#primaryimage\"},\"image\":{\"@id\":\"https:\\\/\\\/www.visit-montenegro.com\\\/de\\\/montenegro\\\/montenegro-casinos\\\/#primaryimage\"},\"thumbnailUrl\":\"https:\\\/\\\/www.visit-montenegro.com\\\/wp-content\\\/uploads\\\/2026\\\/02\\\/Depositphotos_143257061_L-scaled.jpg\",\"datePublished\":\"2026-01-28T18:16:59+00:00\",\"dateModified\":\"2026-02-23T13:06:41+00:00\",\"description\":\"Entdecken Sie Montenegros legale Casinos in Luxushotels. Finden Sie Spiele, Altersgrenzen und Top-Venues in Budva und Podgorica f\u00fcr einen unvergesslichen Gl\u00fccksspielurlaub.\",\"breadcrumb\":{\"@id\":\"https:\\\/\\\/www.visit-montenegro.com\\\/de\\\/montenegro\\\/montenegro-casinos\\\/#breadcrumb\"},\"inLanguage\":\"de\",\"potentialAction\":[{\"@type\":\"ReadAction\",\"target\":[\"https:\\\/\\\/www.visit-montenegro.com\\\/de\\\/montenegro\\\/montenegro-casinos\\\/\"]}]},{\"@type\":\"ImageObject\",\"inLanguage\":\"de\",\"@id\":\"https:\\\/\\\/www.visit-montenegro.com\\\/de\\\/montenegro\\\/montenegro-casinos\\\/#primaryimage\",\"url\":\"https:\\\/\\\/www.visit-montenegro.com\\\/wp-content\\\/uploads\\\/2026\\\/02\\\/Depositphotos_143257061_L-scaled.jpg\",\"contentUrl\":\"https:\\\/\\\/www.visit-montenegro.com\\\/wp-content\\\/uploads\\\/2026\\\/02\\\/Depositphotos_143257061_L-scaled.jpg\",\"width\":1600,\"height\":1068},{\"@type\":\"BreadcrumbList\",\"@id\":\"https:\\\/\\\/www.visit-montenegro.com\\\/de\\\/montenegro\\\/montenegro-casinos\\\/#breadcrumb\",\"itemListElement\":[{\"@type\":\"ListItem\",\"position\":1,\"name\":\"Home\",\"item\":\"https:\\\/\\\/www.visit-montenegro.com\\\/de\\\/\"},{\"@type\":\"ListItem\",\"position\":2,\"name\":\"Montenegro Casinos\"}]},{\"@type\":\"WebSite\",\"@id\":\"https:\\\/\\\/www.visit-montenegro.com\\\/de\\\/#website\",\"url\":\"https:\\\/\\\/www.visit-montenegro.com\\\/de\\\/\",\"name\":\"Visit Montenegro\",\"description\":\"Breathtaking beauty\",\"publisher\":{\"@id\":\"https:\\\/\\\/www.visit-montenegro.com\\\/de\\\/#organization\"},\"potentialAction\":[{\"@type\":\"SearchAction\",\"target\":{\"@type\":\"EntryPoint\",\"urlTemplate\":\"https:\\\/\\\/www.visit-montenegro.com\\\/de\\\/?s={search_term_string}\"},\"query-input\":{\"@type\":\"PropertyValueSpecification\",\"valueRequired\":true,\"valueName\":\"search_term_string\"}}],\"inLanguage\":\"de\"},{\"@type\":\"Organization\",\"@id\":\"https:\\\/\\\/www.visit-montenegro.com\\\/de\\\/#organization\",\"name\":\"Visit Montenegro\",\"url\":\"https:\\\/\\\/www.visit-montenegro.com\\\/de\\\/\",\"logo\":{\"@type\":\"ImageObject\",\"inLanguage\":\"de\",\"@id\":\"https:\\\/\\\/www.visit-montenegro.com\\\/de\\\/#\\\/schema\\\/logo\\\/image\\\/\",\"url\":\"https:\\\/\\\/www.visit-montenegro.com\\\/wp-content\\\/uploads\\\/2017\\\/10\\\/logo-amp.png\",\"contentUrl\":\"https:\\\/\\\/www.visit-montenegro.com\\\/wp-content\\\/uploads\\\/2017\\\/10\\\/logo-amp.png\",\"width\":190,\"height\":36,\"caption\":\"Visit Montenegro\"},\"image\":{\"@id\":\"https:\\\/\\\/www.visit-montenegro.com\\\/de\\\/#\\\/schema\\\/logo\\\/image\\\/\"},\"sameAs\":[\"https:\\\/\\\/www.facebook.com\\\/visitmontenegro\",\"https:\\\/\\\/x.com\\\/visitmontenegro\",\"https:\\\/\\\/www.instagram.com\\\/visit_montenegro\\\/\",\"https:\\\/\\\/www.youtube.com\\\/user\\\/VisitMontenegro\"]}]}<\/script>\n<!-- \/ Yoast SEO plugin. -->","yoast_head_json":{"title":"Montenegro Casinos - Visit Montenegro","description":"Entdecken Sie Montenegros legale Casinos in Luxushotels. Finden Sie Spiele, Altersgrenzen und Top-Venues in Budva und Podgorica f\u00fcr einen unvergesslichen Gl\u00fccksspielurlaub.","robots":{"index":"index","follow":"follow","max-snippet":"max-snippet:-1","max-image-preview":"max-image-preview:large","max-video-preview":"max-video-preview:-1"},"canonical":"https:\/\/www.visit-montenegro.com\/de\/montenegro\/montenegro-casinos\/","og_locale":"de_DE","og_type":"article","og_title":"Montenegro Casinos - Visit Montenegro","og_description":"Entdecken Sie Montenegros legale Casinos in Luxushotels. Finden Sie Spiele, Altersgrenzen und Top-Venues in Budva und Podgorica f\u00fcr einen unvergesslichen Gl\u00fccksspielurlaub.","og_url":"https:\/\/www.visit-montenegro.com\/de\/montenegro\/montenegro-casinos\/","og_site_name":"Visit Montenegro","article_publisher":"https:\/\/www.facebook.com\/visitmontenegro","article_modified_time":"2026-02-23T13:06:41+00:00","og_image":[{"width":1600,"height":1068,"url":"https:\/\/www.visit-montenegro.com\/wp-content\/uploads\/2026\/02\/Depositphotos_143257061_L-scaled.jpg","type":"image\/jpeg"}],"twitter_card":"summary_large_image","twitter_site":"@visitmontenegro","twitter_misc":{"Gesch\u00e4tzte Lesezeit":"4\u00a0Minuten"},"schema":{"@context":"https:\/\/schema.org","@graph":[{"@type":"WebPage","@id":"https:\/\/www.visit-montenegro.com\/de\/montenegro\/montenegro-casinos\/","url":"https:\/\/www.visit-montenegro.com\/de\/montenegro\/montenegro-casinos\/","name":"Montenegro Casinos - Visit Montenegro","isPartOf":{"@id":"https:\/\/www.visit-montenegro.com\/de\/#website"},"primaryImageOfPage":{"@id":"https:\/\/www.visit-montenegro.com\/de\/montenegro\/montenegro-casinos\/#primaryimage"},"image":{"@id":"https:\/\/www.visit-montenegro.com\/de\/montenegro\/montenegro-casinos\/#primaryimage"},"thumbnailUrl":"https:\/\/www.visit-montenegro.com\/wp-content\/uploads\/2026\/02\/Depositphotos_143257061_L-scaled.jpg","datePublished":"2026-01-28T18:16:59+00:00","dateModified":"2026-02-23T13:06:41+00:00","description":"Entdecken Sie Montenegros legale Casinos in Luxushotels. Finden Sie Spiele, Altersgrenzen und Top-Venues in Budva und Podgorica f\u00fcr einen unvergesslichen Gl\u00fccksspielurlaub.","breadcrumb":{"@id":"https:\/\/www.visit-montenegro.com\/de\/montenegro\/montenegro-casinos\/#breadcrumb"},"inLanguage":"de","potentialAction":[{"@type":"ReadAction","target":["https:\/\/www.visit-montenegro.com\/de\/montenegro\/montenegro-casinos\/"]}]},{"@type":"ImageObject","inLanguage":"de","@id":"https:\/\/www.visit-montenegro.com\/de\/montenegro\/montenegro-casinos\/#primaryimage","url":"https:\/\/www.visit-montenegro.com\/wp-content\/uploads\/2026\/02\/Depositphotos_143257061_L-scaled.jpg","contentUrl":"https:\/\/www.visit-montenegro.com\/wp-content\/uploads\/2026\/02\/Depositphotos_143257061_L-scaled.jpg","width":1600,"height":1068},{"@type":"BreadcrumbList","@id":"https:\/\/www.visit-montenegro.com\/de\/montenegro\/montenegro-casinos\/#breadcrumb","itemListElement":[{"@type":"ListItem","position":1,"name":"Home","item":"https:\/\/www.visit-montenegro.com\/de\/"},{"@type":"ListItem","position":2,"name":"Montenegro Casinos"}]},{"@type":"WebSite","@id":"https:\/\/www.visit-montenegro.com\/de\/#website","url":"https:\/\/www.visit-montenegro.com\/de\/","name":"Visit Montenegro","description":"Breathtaking beauty","publisher":{"@id":"https:\/\/www.visit-montenegro.com\/de\/#organization"},"potentialAction":[{"@type":"SearchAction","target":{"@type":"EntryPoint","urlTemplate":"https:\/\/www.visit-montenegro.com\/de\/?s={search_term_string}"},"query-input":{"@type":"PropertyValueSpecification","valueRequired":true,"valueName":"search_term_string"}}],"inLanguage":"de"},{"@type":"Organization","@id":"https:\/\/www.visit-montenegro.com\/de\/#organization","name":"Visit Montenegro","url":"https:\/\/www.visit-montenegro.com\/de\/","logo":{"@type":"ImageObject","inLanguage":"de","@id":"https:\/\/www.visit-montenegro.com\/de\/#\/schema\/logo\/image\/","url":"https:\/\/www.visit-montenegro.com\/wp-content\/uploads\/2017\/10\/logo-amp.png","contentUrl":"https:\/\/www.visit-montenegro.com\/wp-content\/uploads\/2017\/10\/logo-amp.png","width":190,"height":36,"caption":"Visit Montenegro"},"image":{"@id":"https:\/\/www.visit-montenegro.com\/de\/#\/schema\/logo\/image\/"},"sameAs":["https:\/\/www.facebook.com\/visitmontenegro","https:\/\/x.com\/visitmontenegro","https:\/\/www.instagram.com\/visit_montenegro\/","https:\/\/www.youtube.com\/user\/VisitMontenegro"]}]}},"_links":{"self":[{"href":"https:\/\/www.visit-montenegro.com\/de\/wp-json\/wp\/v2\/pages\/134377","targetHints":{"allow":["GET"]}}],"collection":[{"href":"https:\/\/www.visit-montenegro.com\/de\/wp-json\/wp\/v2\/pages"}],"about":[{"href":"https:\/\/www.visit-montenegro.com\/de\/wp-json\/wp\/v2\/types\/page"}],"author":[{"embeddable":true,"href":"https:\/\/www.visit-montenegro.com\/de\/wp-json\/wp\/v2\/users\/1"}],"replies":[{"embeddable":true,"href":"https:\/\/www.visit-montenegro.com\/de\/wp-json\/wp\/v2\/comments?post=134377"}],"version-history":[{"count":0,"href":"https:\/\/www.visit-montenegro.com\/de\/wp-json\/wp\/v2\/pages\/134377\/revisions"}],"up":[{"embeddable":true,"href":"https:\/\/www.visit-montenegro.com\/de\/wp-json\/wp\/v2\/pages\/133960"}],"wp:featuredmedia":[{"embeddable":true,"href":"https:\/\/www.visit-montenegro.com\/de\/wp-json\/wp\/v2\/media\/134378"}],"wp:attachment":[{"href":"https:\/\/www.visit-montenegro.com\/de\/wp-json\/wp\/v2\/media?parent=134377"}],"wp:term":[{"taxonomy":"post_tag","embeddable":true,"href":"https:\/\/www.visit-montenegro.com\/de\/wp-json\/wp\/v2\/tags?post=134377"}],"curies":[{"name":"wp","href":"https:\/\/api.w.org\/{rel}","templated":true}]}}