{"id":134388,"date":"2026-01-28T19:16:58","date_gmt":"2026-01-28T18:16:58","guid":{"rendered":"https:\/\/new.visit-montenegro.com\/montenegro\/montenegro-customs-and-tradition\/"},"modified":"2026-02-22T16:56:41","modified_gmt":"2026-02-22T15:56:41","slug":"montenegro-customs-and-tradition","status":"publish","type":"page","link":"https:\/\/www.visit-montenegro.com\/de\/montenegro\/montenegro-customs-and-tradition\/","title":{"rendered":"Traditionelle Montenegrinische Tracht"},"content":{"rendered":"\n<p>Die <strong>Traditionelle Montenegrinische Tracht<\/strong> ist ein reiches kulturelles Erbe, gepr\u00e4gt von Jahrhunderten vielf\u00e4ltiger Einfl\u00fcsse, geografischer Isolation und lokalen Materialien wie Wolle und Hanf, das die Identit\u00e4t und Anpassungsf\u00e4higkeit der Menschen widerspiegelt.<\/p>\n\n<hr class=\"wp-block-separator has-alpha-channel-opacity\"\/>\n\n<h2 class=\"wp-block-heading\">Historische und geografische Einfl\u00fcsse auf die Montenegrinische Tracht<\/h2>\n\n<p>Die Tracht war immer ein wichtiger Bestandteil im Leben der Montenegriner. Aus welchem Material die Tracht hergestellt wurde und in welchem Stil sie gemacht war, sagte viel \u00fcber eine Person aus. Die Wurzeln unseres kulturellen Erbes reichen weit in die Vergangenheit zur\u00fcck. Montenegro war \u00fcber Jahrhunderte das Ziel zahlreicher Eroberer, und all diese verschiedenen Einfl\u00fcsse verschmolzen hier, die mehr oder weniger von den Menschen in Montenegro akzeptiert und auf die montenegrinischen Vorstellungen und Lebensweise angepasst wurden. Daraus entstanden zahlreiche k\u00fcnstlerische G\u00fcter und charakteristische Merkmale f\u00fcr unser Volk und unsere Kultur. Neben diesen kulturhistorischen Fakten hatten die geografischen Bedingungen einen \u00e4u\u00dferst starken Einfluss auf die Wahl der Stoffe, aus denen die Tracht hergestellt wurde.<\/p>\n\n<p>Montenegro ist ein Land mit exquisiter Natur, aber auch mit sehr vielf\u00e4ltiger Natur, von der zug\u00e4nglichen K\u00fcste bis zum extrem isolierten Norden. Bestimmte D\u00f6rfer sind auch heute in Montenegro nicht leicht zu erreichen, und der Kontakt mit der \u201eZivilisation\u201c ist sehr selten, und in der Vergangenheit Montenegros war dies bei der Mehrheit der D\u00f6rfer oft der Fall. Aus diesen Gr\u00fcnden mussten die Menschen ihre Kleidung zu Hause schneidern und sie aus dem Material herstellen, das ihnen zug\u00e4nglich war. Die am h\u00e4ufigsten verwendeten Materialien waren: Wolle, Ziegenhaar, Hanf, Flachs, Spanischer Ginster, und in geringeren Mengen produzierten und verwendeten sie Seide.<\/p>\n\n<h2 class=\"wp-block-heading\">Bestandteile der Traditionellen Montenegrinischen Tracht<\/h2>\n\n<figure class=\"wp-block-image size-large\"><img loading=\"lazy\" decoding=\"async\" width=\"1024\" height=\"674\" src=\"https:\/\/www.visit-montenegro.com\/wp-content\/uploads\/2015\/04\/PHOTOS-PAGES-OTHER-COSTUME-1024x674.jpg\" alt=\"\" class=\"wp-image-26376\" srcset=\"https:\/\/www.visit-montenegro.com\/wp-content\/uploads\/2015\/04\/PHOTOS-PAGES-OTHER-COSTUME-1024x674.jpg 1024w, https:\/\/www.visit-montenegro.com\/wp-content\/uploads\/2015\/04\/PHOTOS-PAGES-OTHER-COSTUME-300x198.jpg 300w, https:\/\/www.visit-montenegro.com\/wp-content\/uploads\/2015\/04\/PHOTOS-PAGES-OTHER-COSTUME-90x60.jpg 90w, https:\/\/www.visit-montenegro.com\/wp-content\/uploads\/2015\/04\/PHOTOS-PAGES-OTHER-COSTUME-95x64.jpg 95w, https:\/\/www.visit-montenegro.com\/wp-content\/uploads\/2015\/04\/PHOTOS-PAGES-OTHER-COSTUME.jpg 1280w\" sizes=\"auto, (max-width: 1024px) 100vw, 1024px\" \/><\/figure>\n\n<h3 class=\"wp-block-heading\">Weibliche Tracht<\/h3>\n\n<p>Einige Forscher, die sich mit der montenegrinischen Volkstracht befassten, teilen sie in b\u00fcrgerliche und traditionelle Tracht. Diese Teilung basiert normalerweise auf dem Unterschied in der Kleidung orthodoxer Frauen und Frauen, die normalerweise an der K\u00fcste lebten \u2013 Frauen katholischen Glaubens. Die traditionelle Tracht der Frauen in diesen Gebieten bestand normalerweise aus: Hemd, Wollkleid, Rock, Sch\u00fcrze, G\u00fcrtel, Kopftuch und Socken, und als alternative Kleidungsst\u00fccke verwendeten sie Kamizola (eine Art Weste), Koret (kurzer Mantel, normalerweise braun), Zubun (\u00e4rmelloses Kleidungsst\u00fcck), Curdija (Art Jacke \u2013 kurz\u00e4rmelig oder \u00e4rmellos) und Kaftan. Was das Schuhwerk betrifft, trugen sie am h\u00e4ufigsten Opanak (Bauernschuhe), Pasamage und manchmal sogar Schuhe.<\/p>\n\n<p>Wenn wir \u00fcber die b\u00fcrgerlichen Trachten sprechen, m\u00fcssen wir alle historischen und modischen Ereignisse im 18. Jahrhundert ber\u00fccksichtigen. Zu dieser Zeit wurde die weite Kleidung mit Falten entworfen, die die Schultern bedeckte und einen quadratischen, tiefen Ausschnitt hatte, der mit R\u00fcschen aus Spitze oder dunklerem Leinen eingefasst war. Die \u00c4rmel waren flach und hatten normalerweise dekorative Manschetten. Das Kleid mit R\u00fcschen wurde erst sp\u00e4ter durch ein Kleid mit Falten ersetzt. Diese Falten begannen in der Mitte des Dekollet\u00e9s um den Hals und fielen frei auf den R\u00fccken. Vorne war ein eng geschn\u00fcrtes Korsett auf jeder Seite mit einem dreieckigen Einsatz am G\u00fcrtel verbunden und reich verziert. Die Oberbekleidung \u00f6ffnete sich auf irgendeine Weise im Bereich des Rocks und war mehr oder weniger verziert. Sie hatte einen flachen dekorativen Kragen, ebenfalls flache \u00c4rmel, die bis zum Ellbogen reichten und mit \u201eNagoda\u201c mit mehr R\u00fcschen endeten, aus denen man Spitzenmanschetten sehen konnte.<\/p>\n\n<h3 class=\"wp-block-heading\">M\u00e4nnliche Tracht<\/h3>\n\n<p>Wenn wir mit der Reihenfolge des Anziehens beginnen, w\u00fcrden zuerst Kniestr\u00fcmpfe kommen. Kniestr\u00fcmpfe sind eine Art Socken, die die Waden stark straffen. F\u00fcr die Herstellung dieser Socken ist gro\u00dfes Geschick erforderlich, und was hervorgehoben werden muss, ist, dass es unabh\u00e4ngig von Erfahrung und Jahren viel Zeit braucht, um die Kniestr\u00fcmpfe anzuziehen. Kniestr\u00fcmpfe m\u00fcssen stark gestrafft werden, um die Bewegung des Mannes zu erleichtern und sicherer zu machen, was f\u00fcr Montenegriner, die sich im steinigen Montenegro bewegten, \u00e4u\u00dferst wichtig war. Au\u00dfer den Kniestr\u00fcmpfen gab es die sogenannten Bjecve, die einen Schlitz an der Seite hatten und deren R\u00e4nder mit rotem oder dunkelblauem groben Tuch eingefasst waren.<\/p>\n\n<p>Hosen wurden unmittelbar nach den Kniestr\u00fcmpfen angezogen und sollten einen Teil der Kniestr\u00fcmpfe \u00fcberlappen. Sehr oft wurden Hosen und Kniestr\u00fcmpfe mit einer Schnur zusammengebunden, damit sie sich nicht trennten, und daf\u00fcr machten die Leute spezielle Haken an den Kniestr\u00fcmpfen. Hosen bei gew\u00f6hnlichen Montenegrinern waren wei\u00df und aus grobem Leinen und wasserdichtem Tuch (Coja) hergestellt. Hosen in der Taille waren weit, w\u00e4hrend sie unter den Knien geschrumpft waren. Montenegriner hatten einen G\u00fcrtel, in dem sich ein Kranz befand, durch den ein Seil lief, um die Hosen um die Taille zu binden.<\/p>\n\n<p>Das m\u00e4nnliche Hemd hatte einen Kragen und einen Schlitz auf der Brust, der mit Kn\u00f6pfen geschlossen wurde. Das Hemd wurde in die Hosen gesteckt und war meistens ein wei\u00dfes Hemd (selten konnte man einen Montenegriner in einem bunten Hemd finden). Das Hemd war ein obligatorischer Teil der montenegrinischen m\u00e4nnlichen Tracht und bei Festlichkeiten immer gebunden. Au\u00dfer dem Hemd bestand die m\u00e4nnliche Volkstracht, ihr oberer Teil, aus \u201eGunj\u201c (langer Bauernjacke). Gunj hatte kurze Sch\u00f6\u00dfe, die auf der Brust auseinandergezogen waren. Montenegriner trugen diesen kurzen Mantel, dessen Enden sich \u00fcberkreuzten und mit Kupferkn\u00f6pfen geschlossen wurden. Gunj wurde durch \u201eDolama\u201c (Dolman) ersetzt, das \u00c4rmel unter den Achseln hat und bis zur Faust fast ge\u00f6ffnet ist, so dass sie zur\u00fcckgeworfen werden k\u00f6nnen. Auf diese Weise bleibt die Hand nur im Hemd. Das war von gro\u00dfer Bedeutung und sehr charakteristisch f\u00fcr Montenegro, weil auf diese Weise die Anz\u00fcge, die Volkstracht, f\u00fcr alle Jahreszeiten gemacht werden konnten. Im Sommer benutzten sie nicht die \u00c4rmel der Dolmans, sondern warfen die \u00c4rmel hinter den R\u00fccken, und im Winter zogen Montenegriner die \u00c4rmel der Dolmans an. Ein Dolman ist in Montenegro normalerweise in gr\u00fcner Farbe zu finden und aus grobem Leinen oder wasserdichtem Tuch (Coja) hergestellt. Die Enden des Dolmans (\u00c4rmel und die Ecken und Sch\u00f6\u00dfe) sind mit dunkelroter Farbe verziert.<\/p>\n\n<p>Unter Gunj trugen sie \u201eDzemadan\u201c, das aus rotem groben Leinen hergestellt war und normalerweise an den Seiten mit Baumwoll- oder Seidenborten in schwarzer oder goldener Farbe bestickt war. Das ist eine Weste mit Sch\u00f6\u00dfen, die sich \u00fcberkreuzten, und sie wurde mit vier Kn\u00f6pfen (aus Metall) und schwarzen Knoten aus Seidenschnur geschlossen. Dzemadan wurde \u00fcber der Brust getragen und ging bis zum Hals. Die R\u00e4nder des Dzemadan an den Sch\u00f6\u00dfen sind ebenfalls mit Knoten oder goldener Stickerei verziert.<\/p>\n\n<p>Dzemadan wurde manchmal durch \u201eJecerma\u201c ersetzt, das keine Sch\u00f6\u00dfe oder \u00dcberlappungen hatte und der Schlitz auf der Brust flach war. Auf beiden Seiten von \u201eJecerma\u201c gab es zwei Reihen Kn\u00f6pfe (schwarze Seidenkn\u00f6pfe), die nur eine Dekoration sind. Unter den Kn\u00f6pfen befinden sich mehrere Haken und Knoten, die zum Schlie\u00dfen von Jecerma bis zur Mitte von unten verwendet werden. Diese Haken und Knoten waren normalerweise das Einzige, was zum Schlie\u00dfen von Jecerma verwendet wurde, weil Montenegriner ihre Brust unbedeckt lie\u00dfen. \u00dcber Gunj ging \u201eJelek\u201c (\u00e4rmellose bestickte Jacke).<\/p>\n\n<p>Jelek war aus grobem Material hergestellt und mit Schnur oder goldener Stickerei verziert. Das ist ein oberes Kleidungsst\u00fcck, sehr \u00e4hnlich einem Mantel ohne \u00c4rmel. Vorne ist es sehr offen, und was charakteristisch daf\u00fcr ist, ist, dass es nie geschlossen wurde.<\/p>\n\n<p>Jelek wurde manchmal durch \u201eToke\u201c (Silberplatten) ersetzt, die die gleiche Form wie Jelek haben, aber auf der Vorderseite Metall-, meistens Silberplatten haben. \u201eToke\u201c werden im Gegensatz zu Jelek gebunden und liegen sehr eng am K\u00f6rper an, und da sie aus Metall sind, erinnern sie an R\u00fcstungen, was ihre Verwendung im fr\u00fcheren Montenegro war.<\/p>\n","protected":false},"excerpt":{"rendered":"<p>Entdecken Sie das reiche Erbe der Traditionellen Montenegrinischen Tracht, gepr\u00e4gt von Geschichte, Geografie und lokaler Handwerkskunst. Erfahren Sie mehr \u00fcber ihre einzigartigen Bestandteile f\u00fcr M\u00e4nner und Frauen, die Jahrhunderte kultureller Anpassung und Identit\u00e4t widerspiegeln.<\/p>\n","protected":false},"author":1,"featured_media":134389,"parent":133960,"menu_order":0,"comment_status":"open","ping_status":"open","template":"","meta":{"_yoast_wpseo_focuskw":"Traditionelle Montenegrinische Tracht","_yoast_wpseo_metadesc":"Entdecken Sie die Traditionelle Montenegrinische Tracht: ein lebendiges kulturelles Symbol, gepr\u00e4gt von Geschichte, Geografie und lokalen Materialien. Erfahren Sie mehr \u00fcber ihre einzigartigen m\u00e4nnlichen und weiblichen Bestandteile.","_kad_post_transparent":"","_kad_post_title":"","_kad_post_layout":"","_kad_post_sidebar_id":"","_kad_post_content_style":"","_kad_post_vertical_padding":"","_kad_post_feature":"","_kad_post_feature_position":"","_kad_post_header":false,"_kad_post_footer":false,"_kad_post_classname":"","iawp_total_views":37,"footnotes":""},"tags":[],"class_list":["post-134388","page","type-page","status-publish","has-post-thumbnail","hentry"],"yoast_head":"<!-- This site is optimized with the Yoast SEO plugin v27.3 - https:\/\/yoast.com\/product\/yoast-seo-wordpress\/ -->\n<title>Traditionelle Montenegrinische Tracht - Visit Montenegro<\/title>\n<meta name=\"description\" content=\"Entdecken Sie die Traditionelle Montenegrinische Tracht: ein lebendiges kulturelles Symbol, gepr\u00e4gt von Geschichte, Geografie und lokalen Materialien. Erfahren Sie mehr \u00fcber ihre einzigartigen m\u00e4nnlichen und weiblichen Bestandteile.\" \/>\n<meta name=\"robots\" content=\"index, follow, max-snippet:-1, max-image-preview:large, max-video-preview:-1\" \/>\n<link rel=\"canonical\" href=\"https:\/\/www.visit-montenegro.com\/de\/montenegro\/montenegro-customs-and-tradition\/\" \/>\n<meta property=\"og:locale\" content=\"de_DE\" \/>\n<meta property=\"og:type\" content=\"article\" \/>\n<meta property=\"og:title\" content=\"Traditionelle Montenegrinische Tracht - Visit Montenegro\" \/>\n<meta property=\"og:description\" content=\"Entdecken Sie die Traditionelle Montenegrinische Tracht: ein lebendiges kulturelles Symbol, gepr\u00e4gt von Geschichte, Geografie und lokalen Materialien. Erfahren Sie mehr \u00fcber ihre einzigartigen m\u00e4nnlichen und weiblichen Bestandteile.\" \/>\n<meta property=\"og:url\" content=\"https:\/\/www.visit-montenegro.com\/de\/montenegro\/montenegro-customs-and-tradition\/\" \/>\n<meta property=\"og:site_name\" content=\"Visit Montenegro\" \/>\n<meta property=\"article:publisher\" content=\"https:\/\/www.facebook.com\/visitmontenegro\" \/>\n<meta property=\"article:modified_time\" content=\"2026-02-22T15:56:41+00:00\" \/>\n<meta property=\"og:image\" content=\"https:\/\/www.visit-montenegro.com\/wp-content\/uploads\/2026\/02\/montenegro-folk-costume-detail.jpg\" \/>\n\t<meta property=\"og:image:width\" content=\"1600\" \/>\n\t<meta property=\"og:image:height\" content=\"1064\" \/>\n\t<meta property=\"og:image:type\" content=\"image\/jpeg\" \/>\n<meta name=\"twitter:card\" content=\"summary_large_image\" \/>\n<meta name=\"twitter:site\" content=\"@visitmontenegro\" \/>\n<meta name=\"twitter:label1\" content=\"Gesch\u00e4tzte Lesezeit\" \/>\n\t<meta name=\"twitter:data1\" content=\"6\u00a0Minuten\" \/>\n<script type=\"application\/ld+json\" class=\"yoast-schema-graph\">{\"@context\":\"https:\\\/\\\/schema.org\",\"@graph\":[{\"@type\":\"WebPage\",\"@id\":\"https:\\\/\\\/www.visit-montenegro.com\\\/de\\\/montenegro\\\/montenegro-customs-and-tradition\\\/\",\"url\":\"https:\\\/\\\/www.visit-montenegro.com\\\/de\\\/montenegro\\\/montenegro-customs-and-tradition\\\/\",\"name\":\"Traditionelle Montenegrinische Tracht - Visit Montenegro\",\"isPartOf\":{\"@id\":\"https:\\\/\\\/www.visit-montenegro.com\\\/de\\\/#website\"},\"primaryImageOfPage\":{\"@id\":\"https:\\\/\\\/www.visit-montenegro.com\\\/de\\\/montenegro\\\/montenegro-customs-and-tradition\\\/#primaryimage\"},\"image\":{\"@id\":\"https:\\\/\\\/www.visit-montenegro.com\\\/de\\\/montenegro\\\/montenegro-customs-and-tradition\\\/#primaryimage\"},\"thumbnailUrl\":\"https:\\\/\\\/www.visit-montenegro.com\\\/wp-content\\\/uploads\\\/2026\\\/02\\\/montenegro-folk-costume-detail.jpg\",\"datePublished\":\"2026-01-28T18:16:58+00:00\",\"dateModified\":\"2026-02-22T15:56:41+00:00\",\"description\":\"Entdecken Sie die Traditionelle Montenegrinische Tracht: ein lebendiges kulturelles Symbol, gepr\u00e4gt von Geschichte, Geografie und lokalen Materialien. Erfahren Sie mehr \u00fcber ihre einzigartigen m\u00e4nnlichen und weiblichen Bestandteile.\",\"breadcrumb\":{\"@id\":\"https:\\\/\\\/www.visit-montenegro.com\\\/de\\\/montenegro\\\/montenegro-customs-and-tradition\\\/#breadcrumb\"},\"inLanguage\":\"de\",\"potentialAction\":[{\"@type\":\"ReadAction\",\"target\":[\"https:\\\/\\\/www.visit-montenegro.com\\\/de\\\/montenegro\\\/montenegro-customs-and-tradition\\\/\"]}]},{\"@type\":\"ImageObject\",\"inLanguage\":\"de\",\"@id\":\"https:\\\/\\\/www.visit-montenegro.com\\\/de\\\/montenegro\\\/montenegro-customs-and-tradition\\\/#primaryimage\",\"url\":\"https:\\\/\\\/www.visit-montenegro.com\\\/wp-content\\\/uploads\\\/2026\\\/02\\\/montenegro-folk-costume-detail.jpg\",\"contentUrl\":\"https:\\\/\\\/www.visit-montenegro.com\\\/wp-content\\\/uploads\\\/2026\\\/02\\\/montenegro-folk-costume-detail.jpg\",\"width\":1600,\"height\":1064},{\"@type\":\"BreadcrumbList\",\"@id\":\"https:\\\/\\\/www.visit-montenegro.com\\\/de\\\/montenegro\\\/montenegro-customs-and-tradition\\\/#breadcrumb\",\"itemListElement\":[{\"@type\":\"ListItem\",\"position\":1,\"name\":\"Home\",\"item\":\"https:\\\/\\\/www.visit-montenegro.com\\\/de\\\/home\\\/\"},{\"@type\":\"ListItem\",\"position\":2,\"name\":\"Mehr \u00dcber Montenegro\",\"item\":\"https:\\\/\\\/www.visit-montenegro.com\\\/de\\\/montenegro\\\/\"},{\"@type\":\"ListItem\",\"position\":3,\"name\":\"Traditionelle Montenegrinische Tracht\"}]},{\"@type\":\"WebSite\",\"@id\":\"https:\\\/\\\/www.visit-montenegro.com\\\/de\\\/#website\",\"url\":\"https:\\\/\\\/www.visit-montenegro.com\\\/de\\\/\",\"name\":\"Visit Montenegro\",\"description\":\"Breathtaking beauty\",\"publisher\":{\"@id\":\"https:\\\/\\\/www.visit-montenegro.com\\\/de\\\/#organization\"},\"potentialAction\":[{\"@type\":\"SearchAction\",\"target\":{\"@type\":\"EntryPoint\",\"urlTemplate\":\"https:\\\/\\\/www.visit-montenegro.com\\\/de\\\/?s={search_term_string}\"},\"query-input\":{\"@type\":\"PropertyValueSpecification\",\"valueRequired\":true,\"valueName\":\"search_term_string\"}}],\"inLanguage\":\"de\"},{\"@type\":\"Organization\",\"@id\":\"https:\\\/\\\/www.visit-montenegro.com\\\/de\\\/#organization\",\"name\":\"Visit Montenegro\",\"url\":\"https:\\\/\\\/www.visit-montenegro.com\\\/de\\\/\",\"logo\":{\"@type\":\"ImageObject\",\"inLanguage\":\"de\",\"@id\":\"https:\\\/\\\/www.visit-montenegro.com\\\/de\\\/#\\\/schema\\\/logo\\\/image\\\/\",\"url\":\"https:\\\/\\\/www.visit-montenegro.com\\\/wp-content\\\/uploads\\\/2017\\\/10\\\/logo-amp.png\",\"contentUrl\":\"https:\\\/\\\/www.visit-montenegro.com\\\/wp-content\\\/uploads\\\/2017\\\/10\\\/logo-amp.png\",\"width\":190,\"height\":36,\"caption\":\"Visit Montenegro\"},\"image\":{\"@id\":\"https:\\\/\\\/www.visit-montenegro.com\\\/de\\\/#\\\/schema\\\/logo\\\/image\\\/\"},\"sameAs\":[\"https:\\\/\\\/www.facebook.com\\\/visitmontenegro\",\"https:\\\/\\\/x.com\\\/visitmontenegro\",\"https:\\\/\\\/www.instagram.com\\\/visit_montenegro\\\/\",\"https:\\\/\\\/www.youtube.com\\\/user\\\/VisitMontenegro\"]}]}<\/script>\n<!-- \/ Yoast SEO plugin. -->","yoast_head_json":{"title":"Traditionelle Montenegrinische Tracht - Visit Montenegro","description":"Entdecken Sie die Traditionelle Montenegrinische Tracht: ein lebendiges kulturelles Symbol, gepr\u00e4gt von Geschichte, Geografie und lokalen Materialien. Erfahren Sie mehr \u00fcber ihre einzigartigen m\u00e4nnlichen und weiblichen Bestandteile.","robots":{"index":"index","follow":"follow","max-snippet":"max-snippet:-1","max-image-preview":"max-image-preview:large","max-video-preview":"max-video-preview:-1"},"canonical":"https:\/\/www.visit-montenegro.com\/de\/montenegro\/montenegro-customs-and-tradition\/","og_locale":"de_DE","og_type":"article","og_title":"Traditionelle Montenegrinische Tracht - Visit Montenegro","og_description":"Entdecken Sie die Traditionelle Montenegrinische Tracht: ein lebendiges kulturelles Symbol, gepr\u00e4gt von Geschichte, Geografie und lokalen Materialien. Erfahren Sie mehr \u00fcber ihre einzigartigen m\u00e4nnlichen und weiblichen Bestandteile.","og_url":"https:\/\/www.visit-montenegro.com\/de\/montenegro\/montenegro-customs-and-tradition\/","og_site_name":"Visit Montenegro","article_publisher":"https:\/\/www.facebook.com\/visitmontenegro","article_modified_time":"2026-02-22T15:56:41+00:00","og_image":[{"width":1600,"height":1064,"url":"https:\/\/www.visit-montenegro.com\/wp-content\/uploads\/2026\/02\/montenegro-folk-costume-detail.jpg","type":"image\/jpeg"}],"twitter_card":"summary_large_image","twitter_site":"@visitmontenegro","twitter_misc":{"Gesch\u00e4tzte Lesezeit":"6\u00a0Minuten"},"schema":{"@context":"https:\/\/schema.org","@graph":[{"@type":"WebPage","@id":"https:\/\/www.visit-montenegro.com\/de\/montenegro\/montenegro-customs-and-tradition\/","url":"https:\/\/www.visit-montenegro.com\/de\/montenegro\/montenegro-customs-and-tradition\/","name":"Traditionelle Montenegrinische Tracht - Visit Montenegro","isPartOf":{"@id":"https:\/\/www.visit-montenegro.com\/de\/#website"},"primaryImageOfPage":{"@id":"https:\/\/www.visit-montenegro.com\/de\/montenegro\/montenegro-customs-and-tradition\/#primaryimage"},"image":{"@id":"https:\/\/www.visit-montenegro.com\/de\/montenegro\/montenegro-customs-and-tradition\/#primaryimage"},"thumbnailUrl":"https:\/\/www.visit-montenegro.com\/wp-content\/uploads\/2026\/02\/montenegro-folk-costume-detail.jpg","datePublished":"2026-01-28T18:16:58+00:00","dateModified":"2026-02-22T15:56:41+00:00","description":"Entdecken Sie die Traditionelle Montenegrinische Tracht: ein lebendiges kulturelles Symbol, gepr\u00e4gt von Geschichte, Geografie und lokalen Materialien. Erfahren Sie mehr \u00fcber ihre einzigartigen m\u00e4nnlichen und weiblichen Bestandteile.","breadcrumb":{"@id":"https:\/\/www.visit-montenegro.com\/de\/montenegro\/montenegro-customs-and-tradition\/#breadcrumb"},"inLanguage":"de","potentialAction":[{"@type":"ReadAction","target":["https:\/\/www.visit-montenegro.com\/de\/montenegro\/montenegro-customs-and-tradition\/"]}]},{"@type":"ImageObject","inLanguage":"de","@id":"https:\/\/www.visit-montenegro.com\/de\/montenegro\/montenegro-customs-and-tradition\/#primaryimage","url":"https:\/\/www.visit-montenegro.com\/wp-content\/uploads\/2026\/02\/montenegro-folk-costume-detail.jpg","contentUrl":"https:\/\/www.visit-montenegro.com\/wp-content\/uploads\/2026\/02\/montenegro-folk-costume-detail.jpg","width":1600,"height":1064},{"@type":"BreadcrumbList","@id":"https:\/\/www.visit-montenegro.com\/de\/montenegro\/montenegro-customs-and-tradition\/#breadcrumb","itemListElement":[{"@type":"ListItem","position":1,"name":"Home","item":"https:\/\/www.visit-montenegro.com\/de\/home\/"},{"@type":"ListItem","position":2,"name":"Mehr \u00dcber Montenegro","item":"https:\/\/www.visit-montenegro.com\/de\/montenegro\/"},{"@type":"ListItem","position":3,"name":"Traditionelle Montenegrinische Tracht"}]},{"@type":"WebSite","@id":"https:\/\/www.visit-montenegro.com\/de\/#website","url":"https:\/\/www.visit-montenegro.com\/de\/","name":"Visit Montenegro","description":"Breathtaking beauty","publisher":{"@id":"https:\/\/www.visit-montenegro.com\/de\/#organization"},"potentialAction":[{"@type":"SearchAction","target":{"@type":"EntryPoint","urlTemplate":"https:\/\/www.visit-montenegro.com\/de\/?s={search_term_string}"},"query-input":{"@type":"PropertyValueSpecification","valueRequired":true,"valueName":"search_term_string"}}],"inLanguage":"de"},{"@type":"Organization","@id":"https:\/\/www.visit-montenegro.com\/de\/#organization","name":"Visit Montenegro","url":"https:\/\/www.visit-montenegro.com\/de\/","logo":{"@type":"ImageObject","inLanguage":"de","@id":"https:\/\/www.visit-montenegro.com\/de\/#\/schema\/logo\/image\/","url":"https:\/\/www.visit-montenegro.com\/wp-content\/uploads\/2017\/10\/logo-amp.png","contentUrl":"https:\/\/www.visit-montenegro.com\/wp-content\/uploads\/2017\/10\/logo-amp.png","width":190,"height":36,"caption":"Visit Montenegro"},"image":{"@id":"https:\/\/www.visit-montenegro.com\/de\/#\/schema\/logo\/image\/"},"sameAs":["https:\/\/www.facebook.com\/visitmontenegro","https:\/\/x.com\/visitmontenegro","https:\/\/www.instagram.com\/visit_montenegro\/","https:\/\/www.youtube.com\/user\/VisitMontenegro"]}]}},"translations":[],"_links":{"self":[{"href":"https:\/\/www.visit-montenegro.com\/de\/wp-json\/wp\/v2\/pages\/134388","targetHints":{"allow":["GET"]}}],"collection":[{"href":"https:\/\/www.visit-montenegro.com\/de\/wp-json\/wp\/v2\/pages"}],"about":[{"href":"https:\/\/www.visit-montenegro.com\/de\/wp-json\/wp\/v2\/types\/page"}],"author":[{"embeddable":true,"href":"https:\/\/www.visit-montenegro.com\/de\/wp-json\/wp\/v2\/users\/1"}],"replies":[{"embeddable":true,"href":"https:\/\/www.visit-montenegro.com\/de\/wp-json\/wp\/v2\/comments?post=134388"}],"version-history":[{"count":0,"href":"https:\/\/www.visit-montenegro.com\/de\/wp-json\/wp\/v2\/pages\/134388\/revisions"}],"up":[{"embeddable":true,"href":"https:\/\/www.visit-montenegro.com\/de\/wp-json\/wp\/v2\/pages\/133960"}],"wp:featuredmedia":[{"embeddable":true,"href":"https:\/\/www.visit-montenegro.com\/de\/wp-json\/wp\/v2\/media\/134389"}],"wp:attachment":[{"href":"https:\/\/www.visit-montenegro.com\/de\/wp-json\/wp\/v2\/media?parent=134388"}],"wp:term":[{"taxonomy":"post_tag","embeddable":true,"href":"https:\/\/www.visit-montenegro.com\/de\/wp-json\/wp\/v2\/tags?post=134388"}],"curies":[{"name":"wp","href":"https:\/\/api.w.org\/{rel}","templated":true}]}}