{"id":134391,"date":"2026-01-28T19:16:58","date_gmt":"2026-01-28T18:16:58","guid":{"rendered":"https:\/\/new.visit-montenegro.com\/montenegro\/montenegro-karten\/"},"modified":"2026-02-24T15:24:28","modified_gmt":"2026-02-24T14:24:28","slug":"montenegro-karten","status":"publish","type":"page","link":"https:\/\/www.visit-montenegro.com\/de\/montenegro\/montenegro-karten\/","title":{"rendered":"Montenegro Karten"},"content":{"rendered":"\n<p>Montenegro Karten f\u00fchren Sie durch vielf\u00e4ltige Erlebnisse, von landschaftlich reizvollen Weinrouten und Kulturerbepfaden bis hin zu aufregenden Abenteuerwegen in atemberaubenden Naturlandschaften.<\/p>\n\n<hr class=\"wp-block-separator has-alpha-channel-opacity\"\/>\n\n<h2 class=\"wp-block-heading\">Weinrouten und Kulturstra\u00dfen<\/h2>\n\n<h3 class=\"wp-block-heading\">Weinrouten<\/h3>\n\n<p>Weinrouten sind rund um das Skadar-See-Becken kartiert, wo sich viele familiengef\u00fchrte Tavernen befinden, die einen unvergesslichen lokalen Weinverkostung bieten. Weingut Kopitovi\u0107, Ma\u0161anovi\u0107, Zavjet, Buk und viele andere sind Pflichtstopps auf dieser Route. Sie m\u00fcssen eine Reservierung vornehmen; sie sind im Sommer voll, weil sie schmackhafte lokale Spezialit\u00e4ten und eine reiche Auswahl an lokalen Weinen anbieten. Bevor Sie wieder ans Steuer zur\u00fcckkehren, k\u00f6nnen Sie eine Seerundfahrt genie\u00dfen, Kajak fahren oder auf einigen der Wege wandern, die die wundersch\u00f6ne Natur \u00fcberblicken.<\/p>\n\n<p>Vor Jahrhunderten musste jeder Br\u00e4utigam aus dieser Gegend bis zu 1.000 Rebst\u00f6cke vor der Heirat pflanzen. Heute produzieren die Nachkommen dieser flei\u00dfigen Winzer die kr\u00e4ftigen Weine in <strong>Montenegro<\/strong>. Probieren Sie sie dort, wo sie angebaut wurden. Sie werden wahrscheinlich den Abend mit einem Glas Wein verbringen, das Sie dort nicht widerstehen konnten zu kaufen.<\/p>\n\n<h3 class=\"wp-block-heading\">Kulturstra\u00dfen<\/h3>\n\n<p>Entlang der gesamten K\u00fcste, von Herceg Novi bis <a href=\"https:\/\/www.visit-montenegro.com\/de\/reiseziele\/ulcinj\/\">Ulcinj<\/a>, hat jede Stadt ihre Festung, wo sie ihr kulturelles Erbe eifers\u00fcchtig bewahrt. Venezianische Befestigungen befinden sich entweder am Stadtrand, auf Landzungen, auf Klippen oder hoch in den H\u00fcgeln. Sie werden antike r\u00f6mische Bodenmosaike in Risan finden. Alt-Bar, einst eine Stadt von Handwerkern, die oft von Piraten \u00fcberfallen wurde, nutzt noch Aqu\u00e4dukte, die vor sieben Jahrhunderten gebaut wurden, und verf\u00fcgt \u00fcber H\u00e4user im t\u00fcrkischen Stil und einen alten Uhrturm.<\/p>\n\n<p>Wenn Sie eine 30-min\u00fctige Fahrt von <a href=\"https:\/\/www.visit-montenegro.com\/de\/reiseziele\/budva\/\">Budva<\/a> aus unternehmen oder eine etwas l\u00e4ngere Fahrt auf einer schmalen, kurvenreichen Stra\u00dfe von <a href=\"https:\/\/www.visit-montenegro.com\/de\/reiseziele\/kotor\/\">Kotor<\/a> aus, von der aus Sie die pr\u00e4chtige Bucht von Kotor sehen k\u00f6nnen, erreichen Sie <a href=\"https:\/\/www.visit-montenegro.com\/de\/reiseziele\/cetinje\/sehenswuerdigkeiten\/njegusi\/\">Njegu\u0161i<\/a> und <a href=\"https:\/\/www.visit-montenegro.com\/de\/reiseziele\/cetinje\/\">Cetinje<\/a>, die alte k\u00f6nigliche Hauptstadt von <strong>Montenegro<\/strong>, wo jedes Geb\u00e4ude eine Ausstellung und die gesamte Stadt ein Museum ist. Hier finden Sie die Pal\u00e4ste und steinernen Residenzen montenegrinischer Herrscher, alte Botschaftsgeb\u00e4ude, beeindruckende Kl\u00f6ster und Kirchen sowie Gassen mit Linden, die der Stadt einen angenehmen Duft verleihen.<\/p>\n\n<p>Aus Stein gemacht, lebt <strong>Montenegro<\/strong> in den \u00dcberresten einer multikulturellen europ\u00e4ischen Geschichte. F\u00fchlen Sie sich frei, diese Stra\u00dfen zu nehmen.<\/p>\n\n<h2 class=\"wp-block-heading\">Abenteuerwege<\/h2>\n\n<p>Wenn Sie auf Stromschnellen, Strudeln und Wasserf\u00e4llen raften m\u00f6chten, durch so verborgene Schluchten gehen, dass sie &#8222;Der Ungesehene&#8220; (<a href=\"https:\/\/www.visit-montenegro.com\/de\/reiseziele\/zabljak\/sehenswuerdigkeiten\/nevidio\/\">Nevidio<\/a>) oder &#8222;Au\u00dferhalb von Gottes Sicht&#8220; (Nevidbog) genannt werden, wenn Sie keine Angst vor H\u00f6hen oder den kalten Wassern der Bergfl\u00fcsse haben, wenn Sie an unber\u00fchrter, surreeller Natur interessiert sind, nehmen Sie die Abenteuerwege auf den Berg-<strong>Montenegro Karten<\/strong>. Die Schluchten von <a href=\"https:\/\/www.visit-montenegro.com\/de\/reiseziele\/zabljak\/sehenswuerdigkeiten\/tara-river\/\">Tara<\/a>, Mrtvica, Su\u0161ica, Nevidio, Durmitor-Ring, <a href=\"https:\/\/www.visit-montenegro.com\/de\/reiseziele\/plav\/sehenswuerdigkeiten\/prokletije\/\">Prokletije<\/a> sind Perlen auf dieser Stra\u00dfe, reich an Aktivit\u00e4ten f\u00fcr Menschen, die Herausforderungen und ein intensives Reiseerlebnis lieben.<\/p>\n","protected":false},"excerpt":{"rendered":"<p>Erkunden Sie Montenegro durch detaillierte Karten, die Weinrouten, Kulturerbepfade und Abenteuerwege hervorheben. Entdecken Sie familiengef\u00fchrte Weing\u00fcter, alte Festungen und aufregende Schluchten f\u00fcr eine unvergessliche Reise.<\/p>\n","protected":false},"author":1,"featured_media":133680,"parent":133960,"menu_order":0,"comment_status":"open","ping_status":"open","template":"","meta":{"_yoast_wpseo_focuskw":"Montenegro Karten","_yoast_wpseo_metadesc":"Entdecken Sie Montenegro Karten f\u00fcr Weinrouten, Kulturpfade und Abenteuerwege. Planen Sie Ihre Reise mit landschaftlich reizvollen Strecken und verborgenen Sch\u00e4tzen in atemberaubender Natur.","_kad_post_transparent":"","_kad_post_title":"","_kad_post_layout":"","_kad_post_sidebar_id":"","_kad_post_content_style":"","_kad_post_vertical_padding":"","_kad_post_feature":"","_kad_post_feature_position":"","_kad_post_header":false,"_kad_post_footer":false,"_kad_post_classname":"","iawp_total_views":22,"footnotes":""},"tags":[],"class_list":["post-134391","page","type-page","status-publish","has-post-thumbnail","hentry"],"yoast_head":"<!-- This site is optimized with the Yoast SEO plugin v27.3 - https:\/\/yoast.com\/product\/yoast-seo-wordpress\/ -->\n<title>Montenegro Karten - Visit Montenegro<\/title>\n<meta name=\"description\" content=\"Entdecken Sie Montenegro Karten f\u00fcr Weinrouten, Kulturpfade und Abenteuerwege. Planen Sie Ihre Reise mit landschaftlich reizvollen Strecken und verborgenen Sch\u00e4tzen in atemberaubender Natur.\" \/>\n<meta name=\"robots\" content=\"index, follow, max-snippet:-1, max-image-preview:large, max-video-preview:-1\" \/>\n<link rel=\"canonical\" href=\"https:\/\/www.visit-montenegro.com\/de\/montenegro\/montenegro-karten\/\" \/>\n<meta property=\"og:locale\" content=\"de_DE\" \/>\n<meta property=\"og:type\" content=\"article\" \/>\n<meta property=\"og:title\" content=\"Montenegro Karten - Visit Montenegro\" \/>\n<meta property=\"og:description\" content=\"Entdecken Sie Montenegro Karten f\u00fcr Weinrouten, Kulturpfade und Abenteuerwege. Planen Sie Ihre Reise mit landschaftlich reizvollen Strecken und verborgenen Sch\u00e4tzen in atemberaubender Natur.\" \/>\n<meta property=\"og:url\" content=\"https:\/\/www.visit-montenegro.com\/de\/montenegro\/montenegro-karten\/\" \/>\n<meta property=\"og:site_name\" content=\"Visit Montenegro\" \/>\n<meta property=\"article:publisher\" content=\"https:\/\/www.facebook.com\/visitmontenegro\" \/>\n<meta property=\"article:modified_time\" content=\"2026-02-24T14:24:28+00:00\" \/>\n<meta property=\"og:image\" content=\"https:\/\/www.visit-montenegro.com\/wp-content\/uploads\/2026\/01\/montenegro-sign-scaled.jpg\" \/>\n\t<meta property=\"og:image:width\" content=\"1600\" \/>\n\t<meta property=\"og:image:height\" content=\"1038\" \/>\n\t<meta property=\"og:image:type\" content=\"image\/jpeg\" \/>\n<meta name=\"twitter:card\" content=\"summary_large_image\" \/>\n<meta name=\"twitter:site\" content=\"@visitmontenegro\" \/>\n<meta name=\"twitter:label1\" content=\"Gesch\u00e4tzte Lesezeit\" \/>\n\t<meta name=\"twitter:data1\" content=\"2\u00a0Minuten\" \/>\n<script type=\"application\/ld+json\" class=\"yoast-schema-graph\">{\"@context\":\"https:\\\/\\\/schema.org\",\"@graph\":[{\"@type\":\"WebPage\",\"@id\":\"https:\\\/\\\/www.visit-montenegro.com\\\/de\\\/montenegro\\\/montenegro-karten\\\/\",\"url\":\"https:\\\/\\\/www.visit-montenegro.com\\\/de\\\/montenegro\\\/montenegro-karten\\\/\",\"name\":\"Montenegro Karten - Visit Montenegro\",\"isPartOf\":{\"@id\":\"https:\\\/\\\/www.visit-montenegro.com\\\/de\\\/#website\"},\"primaryImageOfPage\":{\"@id\":\"https:\\\/\\\/www.visit-montenegro.com\\\/de\\\/montenegro\\\/montenegro-karten\\\/#primaryimage\"},\"image\":{\"@id\":\"https:\\\/\\\/www.visit-montenegro.com\\\/de\\\/montenegro\\\/montenegro-karten\\\/#primaryimage\"},\"thumbnailUrl\":\"https:\\\/\\\/www.visit-montenegro.com\\\/wp-content\\\/uploads\\\/2026\\\/01\\\/montenegro-sign-scaled.jpg\",\"datePublished\":\"2026-01-28T18:16:58+00:00\",\"dateModified\":\"2026-02-24T14:24:28+00:00\",\"description\":\"Entdecken Sie Montenegro Karten f\u00fcr Weinrouten, Kulturpfade und Abenteuerwege. Planen Sie Ihre Reise mit landschaftlich reizvollen Strecken und verborgenen Sch\u00e4tzen in atemberaubender Natur.\",\"breadcrumb\":{\"@id\":\"https:\\\/\\\/www.visit-montenegro.com\\\/de\\\/montenegro\\\/montenegro-karten\\\/#breadcrumb\"},\"inLanguage\":\"de\",\"potentialAction\":[{\"@type\":\"ReadAction\",\"target\":[\"https:\\\/\\\/www.visit-montenegro.com\\\/de\\\/montenegro\\\/montenegro-karten\\\/\"]}]},{\"@type\":\"ImageObject\",\"inLanguage\":\"de\",\"@id\":\"https:\\\/\\\/www.visit-montenegro.com\\\/de\\\/montenegro\\\/montenegro-karten\\\/#primaryimage\",\"url\":\"https:\\\/\\\/www.visit-montenegro.com\\\/wp-content\\\/uploads\\\/2026\\\/01\\\/montenegro-sign-scaled.jpg\",\"contentUrl\":\"https:\\\/\\\/www.visit-montenegro.com\\\/wp-content\\\/uploads\\\/2026\\\/01\\\/montenegro-sign-scaled.jpg\",\"width\":1600,\"height\":1038},{\"@type\":\"BreadcrumbList\",\"@id\":\"https:\\\/\\\/www.visit-montenegro.com\\\/de\\\/montenegro\\\/montenegro-karten\\\/#breadcrumb\",\"itemListElement\":[{\"@type\":\"ListItem\",\"position\":1,\"name\":\"Home\",\"item\":\"https:\\\/\\\/www.visit-montenegro.com\\\/de\\\/home\\\/\"},{\"@type\":\"ListItem\",\"position\":2,\"name\":\"Mehr \u00dcber Montenegro\",\"item\":\"https:\\\/\\\/www.visit-montenegro.com\\\/de\\\/montenegro\\\/\"},{\"@type\":\"ListItem\",\"position\":3,\"name\":\"Montenegro Karten\"}]},{\"@type\":\"WebSite\",\"@id\":\"https:\\\/\\\/www.visit-montenegro.com\\\/de\\\/#website\",\"url\":\"https:\\\/\\\/www.visit-montenegro.com\\\/de\\\/\",\"name\":\"Visit Montenegro\",\"description\":\"Breathtaking beauty\",\"publisher\":{\"@id\":\"https:\\\/\\\/www.visit-montenegro.com\\\/de\\\/#organization\"},\"potentialAction\":[{\"@type\":\"SearchAction\",\"target\":{\"@type\":\"EntryPoint\",\"urlTemplate\":\"https:\\\/\\\/www.visit-montenegro.com\\\/de\\\/?s={search_term_string}\"},\"query-input\":{\"@type\":\"PropertyValueSpecification\",\"valueRequired\":true,\"valueName\":\"search_term_string\"}}],\"inLanguage\":\"de\"},{\"@type\":\"Organization\",\"@id\":\"https:\\\/\\\/www.visit-montenegro.com\\\/de\\\/#organization\",\"name\":\"Visit Montenegro\",\"url\":\"https:\\\/\\\/www.visit-montenegro.com\\\/de\\\/\",\"logo\":{\"@type\":\"ImageObject\",\"inLanguage\":\"de\",\"@id\":\"https:\\\/\\\/www.visit-montenegro.com\\\/de\\\/#\\\/schema\\\/logo\\\/image\\\/\",\"url\":\"https:\\\/\\\/www.visit-montenegro.com\\\/wp-content\\\/uploads\\\/2017\\\/10\\\/logo-amp.png\",\"contentUrl\":\"https:\\\/\\\/www.visit-montenegro.com\\\/wp-content\\\/uploads\\\/2017\\\/10\\\/logo-amp.png\",\"width\":190,\"height\":36,\"caption\":\"Visit Montenegro\"},\"image\":{\"@id\":\"https:\\\/\\\/www.visit-montenegro.com\\\/de\\\/#\\\/schema\\\/logo\\\/image\\\/\"},\"sameAs\":[\"https:\\\/\\\/www.facebook.com\\\/visitmontenegro\",\"https:\\\/\\\/x.com\\\/visitmontenegro\",\"https:\\\/\\\/www.instagram.com\\\/visit_montenegro\\\/\",\"https:\\\/\\\/www.youtube.com\\\/user\\\/VisitMontenegro\"]}]}<\/script>\n<!-- \/ Yoast SEO plugin. -->","yoast_head_json":{"title":"Montenegro Karten - Visit Montenegro","description":"Entdecken Sie Montenegro Karten f\u00fcr Weinrouten, Kulturpfade und Abenteuerwege. Planen Sie Ihre Reise mit landschaftlich reizvollen Strecken und verborgenen Sch\u00e4tzen in atemberaubender Natur.","robots":{"index":"index","follow":"follow","max-snippet":"max-snippet:-1","max-image-preview":"max-image-preview:large","max-video-preview":"max-video-preview:-1"},"canonical":"https:\/\/www.visit-montenegro.com\/de\/montenegro\/montenegro-karten\/","og_locale":"de_DE","og_type":"article","og_title":"Montenegro Karten - Visit Montenegro","og_description":"Entdecken Sie Montenegro Karten f\u00fcr Weinrouten, Kulturpfade und Abenteuerwege. Planen Sie Ihre Reise mit landschaftlich reizvollen Strecken und verborgenen Sch\u00e4tzen in atemberaubender Natur.","og_url":"https:\/\/www.visit-montenegro.com\/de\/montenegro\/montenegro-karten\/","og_site_name":"Visit Montenegro","article_publisher":"https:\/\/www.facebook.com\/visitmontenegro","article_modified_time":"2026-02-24T14:24:28+00:00","og_image":[{"width":1600,"height":1038,"url":"https:\/\/www.visit-montenegro.com\/wp-content\/uploads\/2026\/01\/montenegro-sign-scaled.jpg","type":"image\/jpeg"}],"twitter_card":"summary_large_image","twitter_site":"@visitmontenegro","twitter_misc":{"Gesch\u00e4tzte Lesezeit":"2\u00a0Minuten"},"schema":{"@context":"https:\/\/schema.org","@graph":[{"@type":"WebPage","@id":"https:\/\/www.visit-montenegro.com\/de\/montenegro\/montenegro-karten\/","url":"https:\/\/www.visit-montenegro.com\/de\/montenegro\/montenegro-karten\/","name":"Montenegro Karten - Visit Montenegro","isPartOf":{"@id":"https:\/\/www.visit-montenegro.com\/de\/#website"},"primaryImageOfPage":{"@id":"https:\/\/www.visit-montenegro.com\/de\/montenegro\/montenegro-karten\/#primaryimage"},"image":{"@id":"https:\/\/www.visit-montenegro.com\/de\/montenegro\/montenegro-karten\/#primaryimage"},"thumbnailUrl":"https:\/\/www.visit-montenegro.com\/wp-content\/uploads\/2026\/01\/montenegro-sign-scaled.jpg","datePublished":"2026-01-28T18:16:58+00:00","dateModified":"2026-02-24T14:24:28+00:00","description":"Entdecken Sie Montenegro Karten f\u00fcr Weinrouten, Kulturpfade und Abenteuerwege. Planen Sie Ihre Reise mit landschaftlich reizvollen Strecken und verborgenen Sch\u00e4tzen in atemberaubender Natur.","breadcrumb":{"@id":"https:\/\/www.visit-montenegro.com\/de\/montenegro\/montenegro-karten\/#breadcrumb"},"inLanguage":"de","potentialAction":[{"@type":"ReadAction","target":["https:\/\/www.visit-montenegro.com\/de\/montenegro\/montenegro-karten\/"]}]},{"@type":"ImageObject","inLanguage":"de","@id":"https:\/\/www.visit-montenegro.com\/de\/montenegro\/montenegro-karten\/#primaryimage","url":"https:\/\/www.visit-montenegro.com\/wp-content\/uploads\/2026\/01\/montenegro-sign-scaled.jpg","contentUrl":"https:\/\/www.visit-montenegro.com\/wp-content\/uploads\/2026\/01\/montenegro-sign-scaled.jpg","width":1600,"height":1038},{"@type":"BreadcrumbList","@id":"https:\/\/www.visit-montenegro.com\/de\/montenegro\/montenegro-karten\/#breadcrumb","itemListElement":[{"@type":"ListItem","position":1,"name":"Home","item":"https:\/\/www.visit-montenegro.com\/de\/home\/"},{"@type":"ListItem","position":2,"name":"Mehr \u00dcber Montenegro","item":"https:\/\/www.visit-montenegro.com\/de\/montenegro\/"},{"@type":"ListItem","position":3,"name":"Montenegro Karten"}]},{"@type":"WebSite","@id":"https:\/\/www.visit-montenegro.com\/de\/#website","url":"https:\/\/www.visit-montenegro.com\/de\/","name":"Visit Montenegro","description":"Breathtaking beauty","publisher":{"@id":"https:\/\/www.visit-montenegro.com\/de\/#organization"},"potentialAction":[{"@type":"SearchAction","target":{"@type":"EntryPoint","urlTemplate":"https:\/\/www.visit-montenegro.com\/de\/?s={search_term_string}"},"query-input":{"@type":"PropertyValueSpecification","valueRequired":true,"valueName":"search_term_string"}}],"inLanguage":"de"},{"@type":"Organization","@id":"https:\/\/www.visit-montenegro.com\/de\/#organization","name":"Visit Montenegro","url":"https:\/\/www.visit-montenegro.com\/de\/","logo":{"@type":"ImageObject","inLanguage":"de","@id":"https:\/\/www.visit-montenegro.com\/de\/#\/schema\/logo\/image\/","url":"https:\/\/www.visit-montenegro.com\/wp-content\/uploads\/2017\/10\/logo-amp.png","contentUrl":"https:\/\/www.visit-montenegro.com\/wp-content\/uploads\/2017\/10\/logo-amp.png","width":190,"height":36,"caption":"Visit Montenegro"},"image":{"@id":"https:\/\/www.visit-montenegro.com\/de\/#\/schema\/logo\/image\/"},"sameAs":["https:\/\/www.facebook.com\/visitmontenegro","https:\/\/x.com\/visitmontenegro","https:\/\/www.instagram.com\/visit_montenegro\/","https:\/\/www.youtube.com\/user\/VisitMontenegro"]}]}},"translations":[],"_links":{"self":[{"href":"https:\/\/www.visit-montenegro.com\/de\/wp-json\/wp\/v2\/pages\/134391","targetHints":{"allow":["GET"]}}],"collection":[{"href":"https:\/\/www.visit-montenegro.com\/de\/wp-json\/wp\/v2\/pages"}],"about":[{"href":"https:\/\/www.visit-montenegro.com\/de\/wp-json\/wp\/v2\/types\/page"}],"author":[{"embeddable":true,"href":"https:\/\/www.visit-montenegro.com\/de\/wp-json\/wp\/v2\/users\/1"}],"replies":[{"embeddable":true,"href":"https:\/\/www.visit-montenegro.com\/de\/wp-json\/wp\/v2\/comments?post=134391"}],"version-history":[{"count":0,"href":"https:\/\/www.visit-montenegro.com\/de\/wp-json\/wp\/v2\/pages\/134391\/revisions"}],"up":[{"embeddable":true,"href":"https:\/\/www.visit-montenegro.com\/de\/wp-json\/wp\/v2\/pages\/133960"}],"wp:featuredmedia":[{"embeddable":true,"href":"https:\/\/www.visit-montenegro.com\/de\/wp-json\/wp\/v2\/media\/133680"}],"wp:attachment":[{"href":"https:\/\/www.visit-montenegro.com\/de\/wp-json\/wp\/v2\/media?parent=134391"}],"wp:term":[{"taxonomy":"post_tag","embeddable":true,"href":"https:\/\/www.visit-montenegro.com\/de\/wp-json\/wp\/v2\/tags?post=134391"}],"curies":[{"name":"wp","href":"https:\/\/api.w.org\/{rel}","templated":true}]}}