{"id":134393,"date":"2026-01-28T19:16:58","date_gmt":"2026-01-28T18:16:58","guid":{"rendered":"https:\/\/new.visit-montenegro.com\/montenegro\/natur\/"},"modified":"2026-02-24T14:44:15","modified_gmt":"2026-02-24T13:44:15","slug":"natur","status":"publish","type":"page","link":"https:\/\/www.visit-montenegro.com\/de\/montenegro\/natur\/","title":{"rendered":"Montenegro Natur"},"content":{"rendered":"\n<p>Die Montenegro Natur ist ein atemberaubendes Mosaik vielf\u00e4ltiger Landschaften, von unber\u00fchrten Str\u00e4nden und dramatischen Schluchten bis zu ruhigen Seen und majest\u00e4tischen Bergen, alles auf engem Raum vereint, der jeden Reisenden fasziniert.<\/p>\n\n<hr class=\"wp-block-separator has-alpha-channel-opacity\"\/>\n\n<p>Diese Sch\u00f6nheit einer wilden Natur ist reich an Superlativen, die sich jeder w\u00fcnschen w\u00fcrde. In einem kleinen Gebiet finden Sie ein Meer mit wundersch\u00f6nen Str\u00e4nden, Fl\u00fcsse mit einzigartigen Schluchten, klare Seen und riesige Berge. Eine solche Sch\u00f6nheit raubt den Atem und ab dem ersten Blick verliebt sich jeder Reisende ewig in die <strong>Montenegro Natur<\/strong>.<\/p>\n\n<p>Die unruhige Natur scheint ihre Perlen verloren zu haben, als sie durch die <strong>Montenegro Natur<\/strong> zog.<\/p>\n\n<figure class=\"wp-block-image size-large\"><img loading=\"lazy\" decoding=\"async\" width=\"1024\" height=\"668\" src=\"https:\/\/www.visit-montenegro.com\/wp-content\/uploads\/2026\/01\/zabljak-black-lake-winter-1024x668.jpg\" alt=\"\" class=\"wp-image-36260\" srcset=\"https:\/\/www.visit-montenegro.com\/wp-content\/uploads\/2026\/01\/zabljak-black-lake-winter-1024x668.jpg 1024w, https:\/\/www.visit-montenegro.com\/wp-content\/uploads\/2026\/01\/zabljak-black-lake-winter-300x196.jpg 300w, https:\/\/www.visit-montenegro.com\/wp-content\/uploads\/2026\/01\/zabljak-black-lake-winter-768x501.jpg 768w, https:\/\/www.visit-montenegro.com\/wp-content\/uploads\/2026\/01\/zabljak-black-lake-winter-1536x1002.jpg 1536w, https:\/\/www.visit-montenegro.com\/wp-content\/uploads\/2026\/01\/zabljak-black-lake-winter-1200x783.jpg 1200w, https:\/\/www.visit-montenegro.com\/wp-content\/uploads\/2026\/01\/zabljak-black-lake-winter-scaled.jpg 1600w\" sizes=\"auto, (max-width: 1024px) 100vw, 1024px\" \/><figcaption class=\"wp-element-caption\">Schneebedeckter <a href=\"https:\/\/www.visit-montenegro.com\/de\/reiseziele\/zabljak\/info\/durmitor\/\">Durmitor<\/a> Berg in Montenegro<\/figcaption><\/figure>\n\n<p>Einer davon ist der Durmitor, ein majest\u00e4tischer Berg, der zahlreiche Gletscherseen verbirgt. Ein anderer ist der Lov\u010den Berg \u2013 H\u00fcter der Tradition und Stolz Montenegros, der den unruhigen Geist des Meeres mit der weisen kontinentalen Region verbindet und so das jahrhundertelange Gleichgewicht bewahrt.<\/p>\n\n<h2 class=\"wp-block-heading\">Ruhige Seen und K\u00fcstenwunder<\/h2>\n\n<p>Die Stille des Skadar-Sees, des gr\u00f6\u00dften Sees auf dem Balkan, wird nur durch den sanften Flug der V\u00f6gel gest\u00f6rt, da es dort eine F\u00fclle von ihnen gibt.<\/p>\n\n<figure class=\"wp-block-image size-large\"><img loading=\"lazy\" decoding=\"async\" width=\"1024\" height=\"666\" src=\"https:\/\/www.visit-montenegro.com\/wp-content\/uploads\/2026\/01\/lake-skadar-03-1024x666.jpg\" alt=\"\" class=\"wp-image-36122\" srcset=\"https:\/\/www.visit-montenegro.com\/wp-content\/uploads\/2026\/01\/lake-skadar-03-1024x666.jpg 1024w, https:\/\/www.visit-montenegro.com\/wp-content\/uploads\/2026\/01\/lake-skadar-03-300x195.jpg 300w, https:\/\/www.visit-montenegro.com\/wp-content\/uploads\/2026\/01\/lake-skadar-03-768x499.jpg 768w, https:\/\/www.visit-montenegro.com\/wp-content\/uploads\/2026\/01\/lake-skadar-03-1536x998.jpg 1536w, https:\/\/www.visit-montenegro.com\/wp-content\/uploads\/2026\/01\/lake-skadar-03-1200x780.jpg 1200w, https:\/\/www.visit-montenegro.com\/wp-content\/uploads\/2026\/01\/lake-skadar-03-scaled.jpg 1600w\" sizes=\"auto, (max-width: 1024px) 100vw, 1024px\" \/><figcaption class=\"wp-element-caption\">Skadar-See<\/figcaption><\/figure>\n\n<p>Ganz im S\u00fcden Montenegros, ewig ineinander verliebt, haben der Fluss Bojana und die Adria einen der sch\u00f6nsten Str\u00e4nde an der montenegrinischen K\u00fcste geschaffen \u2013 den Langen Strand. Er ist 13 Kilometer lang und zeichnet sich durch sehr feinen und heilenden Sand aus.<\/p>\n\n<p>Die Bucht von <a href=\"https:\/\/www.visit-montenegro.com\/de\/reiseziele\/kotor\/\">Kotor<\/a>, die in der Liste der 20 sch\u00f6nsten Buchten der Welt steht, liegt zwischen hohen Felsen, die sich in ihren dunkelblauen Gew\u00e4ssern spiegeln.<\/p>\n\n<figure class=\"wp-block-image size-large\"><img loading=\"lazy\" decoding=\"async\" width=\"1024\" height=\"683\" src=\"https:\/\/www.visit-montenegro.com\/wp-content\/uploads\/2026\/01\/kotor-bay-panorama-islands-1024x683.jpg\" alt=\"\" class=\"wp-image-36079\" srcset=\"https:\/\/www.visit-montenegro.com\/wp-content\/uploads\/2026\/01\/kotor-bay-panorama-islands-1024x683.jpg 1024w, https:\/\/www.visit-montenegro.com\/wp-content\/uploads\/2026\/01\/kotor-bay-panorama-islands-300x200.jpg 300w, https:\/\/www.visit-montenegro.com\/wp-content\/uploads\/2026\/01\/kotor-bay-panorama-islands-768x512.jpg 768w, https:\/\/www.visit-montenegro.com\/wp-content\/uploads\/2026\/01\/kotor-bay-panorama-islands-1536x1024.jpg 1536w, https:\/\/www.visit-montenegro.com\/wp-content\/uploads\/2026\/01\/kotor-bay-panorama-islands-1200x800.jpg 1200w, https:\/\/www.visit-montenegro.com\/wp-content\/uploads\/2026\/01\/kotor-bay-panorama-islands-scaled.jpg 1600w\" sizes=\"auto, (max-width: 1024px) 100vw, 1024px\" \/><figcaption class=\"wp-element-caption\">Bucht von Kotor<\/figcaption><\/figure>\n\n<p>Die <a href=\"https:\/\/www.visit-montenegro.com\/de\/reiseziele\/kolasin\/sehenswuerdigkeiten\/biogradska-gora\/\">Biogradska Gora<\/a> beherbergt einen wilden Wald und den majest\u00e4tischen Canyon des Tara-Flusses, nur ein weiteres Element der zahlreichen Wunder der Natur, die wirklich gro\u00dfz\u00fcgig war, als Montenegro geschaffen wurde.<\/p>\n\n<p>Kontrastreich und atemberaubend bringt die <strong>Montenegro Natur<\/strong> das Meer zu den riesigen Bergen und weckt die schl\u00e4frigen Seen mit den schnellen und ungez\u00e4hmten Gew\u00e4ssern ihrer Fl\u00fcsse.<\/p>\n","protected":false},"excerpt":{"rendered":"<p>Entdecken Sie die atemberaubende Sch\u00f6nheit der Montenegro Natur, wo unber\u00fchrte Str\u00e4nde, dramatische Schluchten, ruhige Seen und majest\u00e4tische Berge in einer kompakten, beeindruckenden Landschaft zusammenkommen. Dieser Leitfaden erkundet ihre vielf\u00e4ltigen Wunder, von den Gletscherseen des Durmitor bis zu den atemberaubenden Gew\u00e4ssern der Bucht von Kotor.<\/p>\n","protected":false},"author":1,"featured_media":134394,"parent":133960,"menu_order":0,"comment_status":"open","ping_status":"open","template":"","meta":{"_yoast_wpseo_focuskw":"Montenegro Natur","_yoast_wpseo_metadesc":"Entdecken Sie die atemberaubende Vielfalt der Montenegro Natur: Str\u00e4nde, Schluchten, Seen und Berge in einem kompakten Paradies. Planen Sie noch heute Ihre Reise zu diesem faszinierenden Ziel!","_kad_post_transparent":"","_kad_post_title":"","_kad_post_layout":"","_kad_post_sidebar_id":"","_kad_post_content_style":"","_kad_post_vertical_padding":"","_kad_post_feature":"","_kad_post_feature_position":"","_kad_post_header":false,"_kad_post_footer":false,"_kad_post_classname":"","iawp_total_views":17,"footnotes":""},"tags":[],"class_list":["post-134393","page","type-page","status-publish","has-post-thumbnail","hentry"],"yoast_head":"<!-- This site is optimized with the Yoast SEO plugin v27.3 - https:\/\/yoast.com\/product\/yoast-seo-wordpress\/ -->\n<title>Montenegro Natur - Visit Montenegro<\/title>\n<meta name=\"description\" content=\"Entdecken Sie die atemberaubende Vielfalt der Montenegro Natur: Str\u00e4nde, Schluchten, Seen und Berge in einem kompakten Paradies. Planen Sie noch heute Ihre Reise zu diesem faszinierenden Ziel!\" \/>\n<meta name=\"robots\" content=\"index, follow, max-snippet:-1, max-image-preview:large, max-video-preview:-1\" \/>\n<link rel=\"canonical\" href=\"https:\/\/www.visit-montenegro.com\/de\/montenegro\/natur\/\" \/>\n<meta property=\"og:locale\" content=\"de_DE\" \/>\n<meta property=\"og:type\" content=\"article\" \/>\n<meta property=\"og:title\" content=\"Montenegro Natur - Visit Montenegro\" \/>\n<meta property=\"og:description\" content=\"Entdecken Sie die atemberaubende Vielfalt der Montenegro Natur: Str\u00e4nde, Schluchten, Seen und Berge in einem kompakten Paradies. Planen Sie noch heute Ihre Reise zu diesem faszinierenden Ziel!\" \/>\n<meta property=\"og:url\" content=\"https:\/\/www.visit-montenegro.com\/de\/montenegro\/natur\/\" \/>\n<meta property=\"og:site_name\" content=\"Visit Montenegro\" \/>\n<meta property=\"article:publisher\" content=\"https:\/\/www.facebook.com\/visitmontenegro\" \/>\n<meta property=\"article:modified_time\" content=\"2026-02-24T13:44:15+00:00\" \/>\n<meta property=\"og:image\" content=\"https:\/\/www.visit-montenegro.com\/wp-content\/uploads\/2026\/01\/lake-skadar-birds-scaled.jpg\" \/>\n\t<meta property=\"og:image:width\" content=\"1600\" \/>\n\t<meta property=\"og:image:height\" content=\"1107\" \/>\n\t<meta property=\"og:image:type\" content=\"image\/jpeg\" \/>\n<meta name=\"twitter:card\" content=\"summary_large_image\" \/>\n<meta name=\"twitter:site\" content=\"@visitmontenegro\" \/>\n<meta name=\"twitter:label1\" content=\"Gesch\u00e4tzte Lesezeit\" \/>\n\t<meta name=\"twitter:data1\" content=\"2\u00a0Minuten\" \/>\n<script type=\"application\/ld+json\" class=\"yoast-schema-graph\">{\"@context\":\"https:\\\/\\\/schema.org\",\"@graph\":[{\"@type\":\"WebPage\",\"@id\":\"https:\\\/\\\/www.visit-montenegro.com\\\/de\\\/montenegro\\\/natur\\\/\",\"url\":\"https:\\\/\\\/www.visit-montenegro.com\\\/de\\\/montenegro\\\/natur\\\/\",\"name\":\"Montenegro Natur - Visit Montenegro\",\"isPartOf\":{\"@id\":\"https:\\\/\\\/www.visit-montenegro.com\\\/de\\\/#website\"},\"primaryImageOfPage\":{\"@id\":\"https:\\\/\\\/www.visit-montenegro.com\\\/de\\\/montenegro\\\/natur\\\/#primaryimage\"},\"image\":{\"@id\":\"https:\\\/\\\/www.visit-montenegro.com\\\/de\\\/montenegro\\\/natur\\\/#primaryimage\"},\"thumbnailUrl\":\"https:\\\/\\\/www.visit-montenegro.com\\\/wp-content\\\/uploads\\\/2026\\\/01\\\/lake-skadar-birds-scaled.jpg\",\"datePublished\":\"2026-01-28T18:16:58+00:00\",\"dateModified\":\"2026-02-24T13:44:15+00:00\",\"description\":\"Entdecken Sie die atemberaubende Vielfalt der Montenegro Natur: Str\u00e4nde, Schluchten, Seen und Berge in einem kompakten Paradies. Planen Sie noch heute Ihre Reise zu diesem faszinierenden Ziel!\",\"breadcrumb\":{\"@id\":\"https:\\\/\\\/www.visit-montenegro.com\\\/de\\\/montenegro\\\/natur\\\/#breadcrumb\"},\"inLanguage\":\"de\",\"potentialAction\":[{\"@type\":\"ReadAction\",\"target\":[\"https:\\\/\\\/www.visit-montenegro.com\\\/de\\\/montenegro\\\/natur\\\/\"]}]},{\"@type\":\"ImageObject\",\"inLanguage\":\"de\",\"@id\":\"https:\\\/\\\/www.visit-montenegro.com\\\/de\\\/montenegro\\\/natur\\\/#primaryimage\",\"url\":\"https:\\\/\\\/www.visit-montenegro.com\\\/wp-content\\\/uploads\\\/2026\\\/01\\\/lake-skadar-birds-scaled.jpg\",\"contentUrl\":\"https:\\\/\\\/www.visit-montenegro.com\\\/wp-content\\\/uploads\\\/2026\\\/01\\\/lake-skadar-birds-scaled.jpg\",\"width\":1600,\"height\":1107,\"caption\":\"M\u00f6we und Kr\u00e4he sitzen auf einem alten, \u00fcberfluteten Baum. Skadar-See, Montenegro\"},{\"@type\":\"BreadcrumbList\",\"@id\":\"https:\\\/\\\/www.visit-montenegro.com\\\/de\\\/montenegro\\\/natur\\\/#breadcrumb\",\"itemListElement\":[{\"@type\":\"ListItem\",\"position\":1,\"name\":\"Home\",\"item\":\"https:\\\/\\\/www.visit-montenegro.com\\\/de\\\/home\\\/\"},{\"@type\":\"ListItem\",\"position\":2,\"name\":\"Mehr \u00dcber Montenegro\",\"item\":\"https:\\\/\\\/www.visit-montenegro.com\\\/de\\\/montenegro\\\/\"},{\"@type\":\"ListItem\",\"position\":3,\"name\":\"Montenegro Natur\"}]},{\"@type\":\"WebSite\",\"@id\":\"https:\\\/\\\/www.visit-montenegro.com\\\/de\\\/#website\",\"url\":\"https:\\\/\\\/www.visit-montenegro.com\\\/de\\\/\",\"name\":\"Visit Montenegro\",\"description\":\"Breathtaking beauty\",\"publisher\":{\"@id\":\"https:\\\/\\\/www.visit-montenegro.com\\\/de\\\/#organization\"},\"potentialAction\":[{\"@type\":\"SearchAction\",\"target\":{\"@type\":\"EntryPoint\",\"urlTemplate\":\"https:\\\/\\\/www.visit-montenegro.com\\\/de\\\/?s={search_term_string}\"},\"query-input\":{\"@type\":\"PropertyValueSpecification\",\"valueRequired\":true,\"valueName\":\"search_term_string\"}}],\"inLanguage\":\"de\"},{\"@type\":\"Organization\",\"@id\":\"https:\\\/\\\/www.visit-montenegro.com\\\/de\\\/#organization\",\"name\":\"Visit Montenegro\",\"url\":\"https:\\\/\\\/www.visit-montenegro.com\\\/de\\\/\",\"logo\":{\"@type\":\"ImageObject\",\"inLanguage\":\"de\",\"@id\":\"https:\\\/\\\/www.visit-montenegro.com\\\/de\\\/#\\\/schema\\\/logo\\\/image\\\/\",\"url\":\"https:\\\/\\\/www.visit-montenegro.com\\\/wp-content\\\/uploads\\\/2017\\\/10\\\/logo-amp.png\",\"contentUrl\":\"https:\\\/\\\/www.visit-montenegro.com\\\/wp-content\\\/uploads\\\/2017\\\/10\\\/logo-amp.png\",\"width\":190,\"height\":36,\"caption\":\"Visit Montenegro\"},\"image\":{\"@id\":\"https:\\\/\\\/www.visit-montenegro.com\\\/de\\\/#\\\/schema\\\/logo\\\/image\\\/\"},\"sameAs\":[\"https:\\\/\\\/www.facebook.com\\\/visitmontenegro\",\"https:\\\/\\\/x.com\\\/visitmontenegro\",\"https:\\\/\\\/www.instagram.com\\\/visit_montenegro\\\/\",\"https:\\\/\\\/www.youtube.com\\\/user\\\/VisitMontenegro\"]}]}<\/script>\n<!-- \/ Yoast SEO plugin. -->","yoast_head_json":{"title":"Montenegro Natur - Visit Montenegro","description":"Entdecken Sie die atemberaubende Vielfalt der Montenegro Natur: Str\u00e4nde, Schluchten, Seen und Berge in einem kompakten Paradies. Planen Sie noch heute Ihre Reise zu diesem faszinierenden Ziel!","robots":{"index":"index","follow":"follow","max-snippet":"max-snippet:-1","max-image-preview":"max-image-preview:large","max-video-preview":"max-video-preview:-1"},"canonical":"https:\/\/www.visit-montenegro.com\/de\/montenegro\/natur\/","og_locale":"de_DE","og_type":"article","og_title":"Montenegro Natur - Visit Montenegro","og_description":"Entdecken Sie die atemberaubende Vielfalt der Montenegro Natur: Str\u00e4nde, Schluchten, Seen und Berge in einem kompakten Paradies. Planen Sie noch heute Ihre Reise zu diesem faszinierenden Ziel!","og_url":"https:\/\/www.visit-montenegro.com\/de\/montenegro\/natur\/","og_site_name":"Visit Montenegro","article_publisher":"https:\/\/www.facebook.com\/visitmontenegro","article_modified_time":"2026-02-24T13:44:15+00:00","og_image":[{"width":1600,"height":1107,"url":"https:\/\/www.visit-montenegro.com\/wp-content\/uploads\/2026\/01\/lake-skadar-birds-scaled.jpg","type":"image\/jpeg"}],"twitter_card":"summary_large_image","twitter_site":"@visitmontenegro","twitter_misc":{"Gesch\u00e4tzte Lesezeit":"2\u00a0Minuten"},"schema":{"@context":"https:\/\/schema.org","@graph":[{"@type":"WebPage","@id":"https:\/\/www.visit-montenegro.com\/de\/montenegro\/natur\/","url":"https:\/\/www.visit-montenegro.com\/de\/montenegro\/natur\/","name":"Montenegro Natur - Visit Montenegro","isPartOf":{"@id":"https:\/\/www.visit-montenegro.com\/de\/#website"},"primaryImageOfPage":{"@id":"https:\/\/www.visit-montenegro.com\/de\/montenegro\/natur\/#primaryimage"},"image":{"@id":"https:\/\/www.visit-montenegro.com\/de\/montenegro\/natur\/#primaryimage"},"thumbnailUrl":"https:\/\/www.visit-montenegro.com\/wp-content\/uploads\/2026\/01\/lake-skadar-birds-scaled.jpg","datePublished":"2026-01-28T18:16:58+00:00","dateModified":"2026-02-24T13:44:15+00:00","description":"Entdecken Sie die atemberaubende Vielfalt der Montenegro Natur: Str\u00e4nde, Schluchten, Seen und Berge in einem kompakten Paradies. Planen Sie noch heute Ihre Reise zu diesem faszinierenden Ziel!","breadcrumb":{"@id":"https:\/\/www.visit-montenegro.com\/de\/montenegro\/natur\/#breadcrumb"},"inLanguage":"de","potentialAction":[{"@type":"ReadAction","target":["https:\/\/www.visit-montenegro.com\/de\/montenegro\/natur\/"]}]},{"@type":"ImageObject","inLanguage":"de","@id":"https:\/\/www.visit-montenegro.com\/de\/montenegro\/natur\/#primaryimage","url":"https:\/\/www.visit-montenegro.com\/wp-content\/uploads\/2026\/01\/lake-skadar-birds-scaled.jpg","contentUrl":"https:\/\/www.visit-montenegro.com\/wp-content\/uploads\/2026\/01\/lake-skadar-birds-scaled.jpg","width":1600,"height":1107,"caption":"M\u00f6we und Kr\u00e4he sitzen auf einem alten, \u00fcberfluteten Baum. Skadar-See, Montenegro"},{"@type":"BreadcrumbList","@id":"https:\/\/www.visit-montenegro.com\/de\/montenegro\/natur\/#breadcrumb","itemListElement":[{"@type":"ListItem","position":1,"name":"Home","item":"https:\/\/www.visit-montenegro.com\/de\/home\/"},{"@type":"ListItem","position":2,"name":"Mehr \u00dcber Montenegro","item":"https:\/\/www.visit-montenegro.com\/de\/montenegro\/"},{"@type":"ListItem","position":3,"name":"Montenegro Natur"}]},{"@type":"WebSite","@id":"https:\/\/www.visit-montenegro.com\/de\/#website","url":"https:\/\/www.visit-montenegro.com\/de\/","name":"Visit Montenegro","description":"Breathtaking beauty","publisher":{"@id":"https:\/\/www.visit-montenegro.com\/de\/#organization"},"potentialAction":[{"@type":"SearchAction","target":{"@type":"EntryPoint","urlTemplate":"https:\/\/www.visit-montenegro.com\/de\/?s={search_term_string}"},"query-input":{"@type":"PropertyValueSpecification","valueRequired":true,"valueName":"search_term_string"}}],"inLanguage":"de"},{"@type":"Organization","@id":"https:\/\/www.visit-montenegro.com\/de\/#organization","name":"Visit Montenegro","url":"https:\/\/www.visit-montenegro.com\/de\/","logo":{"@type":"ImageObject","inLanguage":"de","@id":"https:\/\/www.visit-montenegro.com\/de\/#\/schema\/logo\/image\/","url":"https:\/\/www.visit-montenegro.com\/wp-content\/uploads\/2017\/10\/logo-amp.png","contentUrl":"https:\/\/www.visit-montenegro.com\/wp-content\/uploads\/2017\/10\/logo-amp.png","width":190,"height":36,"caption":"Visit Montenegro"},"image":{"@id":"https:\/\/www.visit-montenegro.com\/de\/#\/schema\/logo\/image\/"},"sameAs":["https:\/\/www.facebook.com\/visitmontenegro","https:\/\/x.com\/visitmontenegro","https:\/\/www.instagram.com\/visit_montenegro\/","https:\/\/www.youtube.com\/user\/VisitMontenegro"]}]}},"translations":[],"_links":{"self":[{"href":"https:\/\/www.visit-montenegro.com\/de\/wp-json\/wp\/v2\/pages\/134393","targetHints":{"allow":["GET"]}}],"collection":[{"href":"https:\/\/www.visit-montenegro.com\/de\/wp-json\/wp\/v2\/pages"}],"about":[{"href":"https:\/\/www.visit-montenegro.com\/de\/wp-json\/wp\/v2\/types\/page"}],"author":[{"embeddable":true,"href":"https:\/\/www.visit-montenegro.com\/de\/wp-json\/wp\/v2\/users\/1"}],"replies":[{"embeddable":true,"href":"https:\/\/www.visit-montenegro.com\/de\/wp-json\/wp\/v2\/comments?post=134393"}],"version-history":[{"count":0,"href":"https:\/\/www.visit-montenegro.com\/de\/wp-json\/wp\/v2\/pages\/134393\/revisions"}],"up":[{"embeddable":true,"href":"https:\/\/www.visit-montenegro.com\/de\/wp-json\/wp\/v2\/pages\/133960"}],"wp:featuredmedia":[{"embeddable":true,"href":"https:\/\/www.visit-montenegro.com\/de\/wp-json\/wp\/v2\/media\/134394"}],"wp:attachment":[{"href":"https:\/\/www.visit-montenegro.com\/de\/wp-json\/wp\/v2\/media?parent=134393"}],"wp:term":[{"taxonomy":"post_tag","embeddable":true,"href":"https:\/\/www.visit-montenegro.com\/de\/wp-json\/wp\/v2\/tags?post=134393"}],"curies":[{"name":"wp","href":"https:\/\/api.w.org\/{rel}","templated":true}]}}