{"id":134402,"date":"2026-01-28T19:16:58","date_gmt":"2026-01-28T18:16:58","guid":{"rendered":"https:\/\/new.visit-montenegro.com\/montenegro\/wetter\/"},"modified":"2026-02-22T16:56:41","modified_gmt":"2026-02-22T15:56:41","slug":"wetter","status":"publish","type":"page","link":"https:\/\/www.visit-montenegro.com\/de\/montenegro\/wetter\/","title":{"rendered":"Montenegro Wetter"},"content":{"rendered":"\n<p>Das Wetter in Montenegro zeichnet sich durch ein vielf\u00e4ltiges Klima mit sonniger Mittelmeerk\u00fcste und k\u00fchleren Bergregionen aus und bietet ganzj\u00e4hrig Attraktivit\u00e4t f\u00fcr Reisende, die abwechslungsreiche Erlebnisse suchen.<\/p>\n\n<hr class=\"wp-block-separator has-alpha-channel-opacity\"\/>\n\n<h2 class=\"wp-block-heading\">Klima in Montenegro<\/h2>\n\n<p><strong>Montenegro<\/strong> genie\u00dft zwei verschiedene Klimazonen. Die K\u00fcste hat ein angenehmes mediterranes Klima mit 240 Sonnentagen pro Jahr. Die Sommer sind hei\u00df und trocken, mit Temperaturen zwischen 30 und 35\u00b0C. Die Winter sind mild und feucht. <a href=\"https:\/\/www.visit-montenegro.com\/de\/reiseziele\/podgorica\/\">Podgorica<\/a>, die Hauptstadt, ist im Sommer eine der hei\u00dfesten St\u00e4dte Europas und \u00fcbersteigt manchmal 40\u00b0C. Folglich, sobald Sie im Sommer \u00fcber 1.200m aufsteigen, werden Sie von frischer Bergluft und Temperaturen um 25\u00b0C erfrischt.<\/p>\n\n<h2 class=\"wp-block-heading\">Aktuelles Wetter in Montenegro<\/h2>\n\n<h3 class=\"wp-block-heading\">Montenegro K\u00dcSTE<\/h3>\n\n<p><a class=\"aw-widget-legal\" href=\"\/\/www.accuweather.com\/en\/me\/ulcinj\/301049\/weather-forecast\/301049\"><\/a><\/p>\n<div class=\"aw-widget-current\" data-language=\"en-us\" data-locationkey=\"301049\" data-uid=\"awcc1426235441653\" data-unit=\"c\" data-useip=\"false\" id=\"awcc1426235441653\"><\/div>\n<p><script src=\"\/\/oap.accuweather.com\/launch.js\" type=\"text\/javascript\"><\/script><br\/>\n<a class=\"aw-widget-legal\" href=\"\/\/www.accuweather.com\/en\/me\/budva\/297392\/weather-forecast\/297392\"><\/a><\/p>\n<div class=\"aw-widget-current\" data-language=\"en-us\" data-locationkey=\"297392\" data-uid=\"awcc1426235583246\" data-unit=\"c\" data-useip=\"false\" id=\"awcc1426235583246\"><\/div>\n<p><script src=\"\/\/oap.accuweather.com\/launch.js\" type=\"text\/javascript\"><\/script><br\/>\n<a class=\"aw-widget-legal\" href=\"\/\/www.accuweather.com\/en\/me\/kotor\/297409\/weather-forecast\/297409\"><\/a><\/p>\n<div class=\"aw-widget-current\" data-language=\"en-us\" data-locationkey=\"297409\" data-uid=\"awcc1426235635244\" data-unit=\"c\" data-useip=\"false\" id=\"awcc1426235635244\"><\/div>\n<p><script src=\"\/\/oap.accuweather.com\/launch.js\" type=\"text\/javascript\"><\/script><\/p>\n\n<h3 class=\"wp-block-heading\">Montenegro ZENTRAL<\/h3>\n\n<p><a class=\"aw-widget-legal\" href=\"\/\/www.accuweather.com\/en\/me\/podgorica\/300169\/weather-forecast\/300169\"><\/a><\/p>\n<div class=\"aw-widget-current\" data-language=\"en-us\" data-locationkey=\"300169\" data-uid=\"awcc1426235689536\" data-unit=\"c\" data-useip=\"false\" id=\"awcc1426235689536\"><\/div>\n<p><script src=\"\/\/oap.accuweather.com\/launch.js\" type=\"text\/javascript\"><\/script><br\/>\n<a class=\"aw-widget-legal\" href=\"\/\/www.accuweather.com\/en\/me\/niksic\/299640\/weather-forecast\/299640\"><\/a><\/p>\n<div class=\"aw-widget-current\" data-language=\"en-us\" data-locationkey=\"299640\" data-uid=\"awcc1426235763021\" data-unit=\"c\" data-useip=\"false\" id=\"awcc1426235763021\"><\/div>\n<p><script src=\"\/\/oap.accuweather.com\/launch.js\" type=\"text\/javascript\"><\/script><\/p>\n\n<h3 class=\"wp-block-heading\">Montenegro NORDEN<\/h3>\n\n<p><a class=\"aw-widget-legal\" href=\"\/\/www.accuweather.com\/en\/me\/zabljak\/301368\/weather-forecast\/301368\"><\/a><\/p>\n<div class=\"aw-widget-current\" data-language=\"en-us\" data-locationkey=\"301368\" data-uid=\"awcc1426235715377\" data-unit=\"c\" data-useip=\"false\" id=\"awcc1426235715377\"><\/div>\n<p><script src=\"\/\/oap.accuweather.com\/launch.js\" type=\"text\/javascript\"><\/script><br\/>\n<a class=\"aw-widget-legal\" href=\"\/\/www.accuweather.com\/en\/me\/kolasin\/298604\/weather-forecast\/298604\"><\/a><\/p>\n<div class=\"aw-widget-current\" data-language=\"en-us\" data-locationkey=\"298604\" data-uid=\"awcc1426235736674\" data-unit=\"c\" data-useip=\"false\" id=\"awcc1426235736674\"><\/div>\n<p><script src=\"\/\/oap.accuweather.com\/launch.js\" type=\"text\/javascript\"><\/script><\/p>\n","protected":false},"excerpt":{"rendered":"<p>Erkunden Sie das vielf\u00e4ltige Wetter Montenegros, von sonnigen Mittelmeerk\u00fcsten bis zu k\u00fchlen Bergfluchten. Planen Sie Ihre Reise mit Einblicken in Klimazonen und aktuelle Bedingungen f\u00fcr das beste Erlebnis.<\/p>\n","protected":false},"author":1,"featured_media":134403,"parent":133960,"menu_order":0,"comment_status":"open","ping_status":"open","template":"","meta":{"_yoast_wpseo_focuskw":"Montenegro Wetter","_yoast_wpseo_metadesc":"Entdecken Sie das Wetter in Montenegro: sonnige K\u00fcsten, hei\u00dfe Sommer und k\u00fchle Berge. Holen Sie sich aktuelle Vorhersagen und Klimatipps f\u00fcr die Planung Ihrer perfekten Reise.","_kad_post_transparent":"","_kad_post_title":"","_kad_post_layout":"","_kad_post_sidebar_id":"","_kad_post_content_style":"","_kad_post_vertical_padding":"","_kad_post_feature":"","_kad_post_feature_position":"","_kad_post_header":false,"_kad_post_footer":false,"_kad_post_classname":"","iawp_total_views":1,"footnotes":""},"tags":[],"class_list":["post-134402","page","type-page","status-publish","has-post-thumbnail","hentry"],"yoast_head":"<!-- This site is optimized with the Yoast SEO plugin v27.3 - https:\/\/yoast.com\/product\/yoast-seo-wordpress\/ -->\n<title>Montenegro Wetter - Visit Montenegro<\/title>\n<meta name=\"description\" content=\"Entdecken Sie das Wetter in Montenegro: sonnige K\u00fcsten, hei\u00dfe Sommer und k\u00fchle Berge. Holen Sie sich aktuelle Vorhersagen und Klimatipps f\u00fcr die Planung Ihrer perfekten Reise.\" \/>\n<meta name=\"robots\" content=\"index, follow, max-snippet:-1, max-image-preview:large, max-video-preview:-1\" \/>\n<link rel=\"canonical\" href=\"https:\/\/www.visit-montenegro.com\/de\/montenegro\/wetter\/\" \/>\n<meta property=\"og:locale\" content=\"de_DE\" \/>\n<meta property=\"og:type\" content=\"article\" \/>\n<meta property=\"og:title\" content=\"Montenegro Wetter - Visit Montenegro\" \/>\n<meta property=\"og:description\" content=\"Entdecken Sie das Wetter in Montenegro: sonnige K\u00fcsten, hei\u00dfe Sommer und k\u00fchle Berge. Holen Sie sich aktuelle Vorhersagen und Klimatipps f\u00fcr die Planung Ihrer perfekten Reise.\" \/>\n<meta property=\"og:url\" content=\"https:\/\/www.visit-montenegro.com\/de\/montenegro\/wetter\/\" \/>\n<meta property=\"og:site_name\" content=\"Visit Montenegro\" \/>\n<meta property=\"article:publisher\" content=\"https:\/\/www.facebook.com\/visitmontenegro\" \/>\n<meta property=\"article:modified_time\" content=\"2026-02-22T15:56:41+00:00\" \/>\n<meta property=\"og:image\" content=\"https:\/\/www.visit-montenegro.com\/wp-content\/uploads\/2026\/01\/beach-things-scaled.jpg\" \/>\n\t<meta property=\"og:image:width\" content=\"1600\" \/>\n\t<meta property=\"og:image:height\" content=\"1252\" \/>\n\t<meta property=\"og:image:type\" content=\"image\/jpeg\" \/>\n<meta name=\"twitter:card\" content=\"summary_large_image\" \/>\n<meta name=\"twitter:site\" content=\"@visitmontenegro\" \/>\n<meta name=\"twitter:label1\" content=\"Gesch\u00e4tzte Lesezeit\" \/>\n\t<meta name=\"twitter:data1\" content=\"1\u00a0Minute\" \/>\n<script type=\"application\/ld+json\" class=\"yoast-schema-graph\">{\"@context\":\"https:\\\/\\\/schema.org\",\"@graph\":[{\"@type\":\"WebPage\",\"@id\":\"https:\\\/\\\/www.visit-montenegro.com\\\/de\\\/montenegro\\\/wetter\\\/\",\"url\":\"https:\\\/\\\/www.visit-montenegro.com\\\/de\\\/montenegro\\\/wetter\\\/\",\"name\":\"Montenegro Wetter - Visit Montenegro\",\"isPartOf\":{\"@id\":\"https:\\\/\\\/www.visit-montenegro.com\\\/de\\\/#website\"},\"primaryImageOfPage\":{\"@id\":\"https:\\\/\\\/www.visit-montenegro.com\\\/de\\\/montenegro\\\/wetter\\\/#primaryimage\"},\"image\":{\"@id\":\"https:\\\/\\\/www.visit-montenegro.com\\\/de\\\/montenegro\\\/wetter\\\/#primaryimage\"},\"thumbnailUrl\":\"https:\\\/\\\/www.visit-montenegro.com\\\/wp-content\\\/uploads\\\/2026\\\/01\\\/beach-things-scaled.jpg\",\"datePublished\":\"2026-01-28T18:16:58+00:00\",\"dateModified\":\"2026-02-22T15:56:41+00:00\",\"description\":\"Entdecken Sie das Wetter in Montenegro: sonnige K\u00fcsten, hei\u00dfe Sommer und k\u00fchle Berge. Holen Sie sich aktuelle Vorhersagen und Klimatipps f\u00fcr die Planung Ihrer perfekten Reise.\",\"breadcrumb\":{\"@id\":\"https:\\\/\\\/www.visit-montenegro.com\\\/de\\\/montenegro\\\/wetter\\\/#breadcrumb\"},\"inLanguage\":\"de\",\"potentialAction\":[{\"@type\":\"ReadAction\",\"target\":[\"https:\\\/\\\/www.visit-montenegro.com\\\/de\\\/montenegro\\\/wetter\\\/\"]}]},{\"@type\":\"ImageObject\",\"inLanguage\":\"de\",\"@id\":\"https:\\\/\\\/www.visit-montenegro.com\\\/de\\\/montenegro\\\/wetter\\\/#primaryimage\",\"url\":\"https:\\\/\\\/www.visit-montenegro.com\\\/wp-content\\\/uploads\\\/2026\\\/01\\\/beach-things-scaled.jpg\",\"contentUrl\":\"https:\\\/\\\/www.visit-montenegro.com\\\/wp-content\\\/uploads\\\/2026\\\/01\\\/beach-things-scaled.jpg\",\"width\":1600,\"height\":1252,\"caption\":\"Sonnencreme, Strohhut mit Handtuch am Strand\"},{\"@type\":\"BreadcrumbList\",\"@id\":\"https:\\\/\\\/www.visit-montenegro.com\\\/de\\\/montenegro\\\/wetter\\\/#breadcrumb\",\"itemListElement\":[{\"@type\":\"ListItem\",\"position\":1,\"name\":\"Home\",\"item\":\"https:\\\/\\\/www.visit-montenegro.com\\\/de\\\/home\\\/\"},{\"@type\":\"ListItem\",\"position\":2,\"name\":\"Mehr \u00dcber Montenegro\",\"item\":\"https:\\\/\\\/www.visit-montenegro.com\\\/de\\\/montenegro\\\/\"},{\"@type\":\"ListItem\",\"position\":3,\"name\":\"Montenegro Wetter\"}]},{\"@type\":\"WebSite\",\"@id\":\"https:\\\/\\\/www.visit-montenegro.com\\\/de\\\/#website\",\"url\":\"https:\\\/\\\/www.visit-montenegro.com\\\/de\\\/\",\"name\":\"Visit Montenegro\",\"description\":\"Breathtaking beauty\",\"publisher\":{\"@id\":\"https:\\\/\\\/www.visit-montenegro.com\\\/de\\\/#organization\"},\"potentialAction\":[{\"@type\":\"SearchAction\",\"target\":{\"@type\":\"EntryPoint\",\"urlTemplate\":\"https:\\\/\\\/www.visit-montenegro.com\\\/de\\\/?s={search_term_string}\"},\"query-input\":{\"@type\":\"PropertyValueSpecification\",\"valueRequired\":true,\"valueName\":\"search_term_string\"}}],\"inLanguage\":\"de\"},{\"@type\":\"Organization\",\"@id\":\"https:\\\/\\\/www.visit-montenegro.com\\\/de\\\/#organization\",\"name\":\"Visit Montenegro\",\"url\":\"https:\\\/\\\/www.visit-montenegro.com\\\/de\\\/\",\"logo\":{\"@type\":\"ImageObject\",\"inLanguage\":\"de\",\"@id\":\"https:\\\/\\\/www.visit-montenegro.com\\\/de\\\/#\\\/schema\\\/logo\\\/image\\\/\",\"url\":\"https:\\\/\\\/www.visit-montenegro.com\\\/wp-content\\\/uploads\\\/2017\\\/10\\\/logo-amp.png\",\"contentUrl\":\"https:\\\/\\\/www.visit-montenegro.com\\\/wp-content\\\/uploads\\\/2017\\\/10\\\/logo-amp.png\",\"width\":190,\"height\":36,\"caption\":\"Visit Montenegro\"},\"image\":{\"@id\":\"https:\\\/\\\/www.visit-montenegro.com\\\/de\\\/#\\\/schema\\\/logo\\\/image\\\/\"},\"sameAs\":[\"https:\\\/\\\/www.facebook.com\\\/visitmontenegro\",\"https:\\\/\\\/x.com\\\/visitmontenegro\",\"https:\\\/\\\/www.instagram.com\\\/visit_montenegro\\\/\",\"https:\\\/\\\/www.youtube.com\\\/user\\\/VisitMontenegro\"]}]}<\/script>\n<!-- \/ Yoast SEO plugin. -->","yoast_head_json":{"title":"Montenegro Wetter - Visit Montenegro","description":"Entdecken Sie das Wetter in Montenegro: sonnige K\u00fcsten, hei\u00dfe Sommer und k\u00fchle Berge. Holen Sie sich aktuelle Vorhersagen und Klimatipps f\u00fcr die Planung Ihrer perfekten Reise.","robots":{"index":"index","follow":"follow","max-snippet":"max-snippet:-1","max-image-preview":"max-image-preview:large","max-video-preview":"max-video-preview:-1"},"canonical":"https:\/\/www.visit-montenegro.com\/de\/montenegro\/wetter\/","og_locale":"de_DE","og_type":"article","og_title":"Montenegro Wetter - Visit Montenegro","og_description":"Entdecken Sie das Wetter in Montenegro: sonnige K\u00fcsten, hei\u00dfe Sommer und k\u00fchle Berge. Holen Sie sich aktuelle Vorhersagen und Klimatipps f\u00fcr die Planung Ihrer perfekten Reise.","og_url":"https:\/\/www.visit-montenegro.com\/de\/montenegro\/wetter\/","og_site_name":"Visit Montenegro","article_publisher":"https:\/\/www.facebook.com\/visitmontenegro","article_modified_time":"2026-02-22T15:56:41+00:00","og_image":[{"width":1600,"height":1252,"url":"https:\/\/www.visit-montenegro.com\/wp-content\/uploads\/2026\/01\/beach-things-scaled.jpg","type":"image\/jpeg"}],"twitter_card":"summary_large_image","twitter_site":"@visitmontenegro","twitter_misc":{"Gesch\u00e4tzte Lesezeit":"1\u00a0Minute"},"schema":{"@context":"https:\/\/schema.org","@graph":[{"@type":"WebPage","@id":"https:\/\/www.visit-montenegro.com\/de\/montenegro\/wetter\/","url":"https:\/\/www.visit-montenegro.com\/de\/montenegro\/wetter\/","name":"Montenegro Wetter - Visit Montenegro","isPartOf":{"@id":"https:\/\/www.visit-montenegro.com\/de\/#website"},"primaryImageOfPage":{"@id":"https:\/\/www.visit-montenegro.com\/de\/montenegro\/wetter\/#primaryimage"},"image":{"@id":"https:\/\/www.visit-montenegro.com\/de\/montenegro\/wetter\/#primaryimage"},"thumbnailUrl":"https:\/\/www.visit-montenegro.com\/wp-content\/uploads\/2026\/01\/beach-things-scaled.jpg","datePublished":"2026-01-28T18:16:58+00:00","dateModified":"2026-02-22T15:56:41+00:00","description":"Entdecken Sie das Wetter in Montenegro: sonnige K\u00fcsten, hei\u00dfe Sommer und k\u00fchle Berge. Holen Sie sich aktuelle Vorhersagen und Klimatipps f\u00fcr die Planung Ihrer perfekten Reise.","breadcrumb":{"@id":"https:\/\/www.visit-montenegro.com\/de\/montenegro\/wetter\/#breadcrumb"},"inLanguage":"de","potentialAction":[{"@type":"ReadAction","target":["https:\/\/www.visit-montenegro.com\/de\/montenegro\/wetter\/"]}]},{"@type":"ImageObject","inLanguage":"de","@id":"https:\/\/www.visit-montenegro.com\/de\/montenegro\/wetter\/#primaryimage","url":"https:\/\/www.visit-montenegro.com\/wp-content\/uploads\/2026\/01\/beach-things-scaled.jpg","contentUrl":"https:\/\/www.visit-montenegro.com\/wp-content\/uploads\/2026\/01\/beach-things-scaled.jpg","width":1600,"height":1252,"caption":"Sonnencreme, Strohhut mit Handtuch am Strand"},{"@type":"BreadcrumbList","@id":"https:\/\/www.visit-montenegro.com\/de\/montenegro\/wetter\/#breadcrumb","itemListElement":[{"@type":"ListItem","position":1,"name":"Home","item":"https:\/\/www.visit-montenegro.com\/de\/home\/"},{"@type":"ListItem","position":2,"name":"Mehr \u00dcber Montenegro","item":"https:\/\/www.visit-montenegro.com\/de\/montenegro\/"},{"@type":"ListItem","position":3,"name":"Montenegro Wetter"}]},{"@type":"WebSite","@id":"https:\/\/www.visit-montenegro.com\/de\/#website","url":"https:\/\/www.visit-montenegro.com\/de\/","name":"Visit Montenegro","description":"Breathtaking beauty","publisher":{"@id":"https:\/\/www.visit-montenegro.com\/de\/#organization"},"potentialAction":[{"@type":"SearchAction","target":{"@type":"EntryPoint","urlTemplate":"https:\/\/www.visit-montenegro.com\/de\/?s={search_term_string}"},"query-input":{"@type":"PropertyValueSpecification","valueRequired":true,"valueName":"search_term_string"}}],"inLanguage":"de"},{"@type":"Organization","@id":"https:\/\/www.visit-montenegro.com\/de\/#organization","name":"Visit Montenegro","url":"https:\/\/www.visit-montenegro.com\/de\/","logo":{"@type":"ImageObject","inLanguage":"de","@id":"https:\/\/www.visit-montenegro.com\/de\/#\/schema\/logo\/image\/","url":"https:\/\/www.visit-montenegro.com\/wp-content\/uploads\/2017\/10\/logo-amp.png","contentUrl":"https:\/\/www.visit-montenegro.com\/wp-content\/uploads\/2017\/10\/logo-amp.png","width":190,"height":36,"caption":"Visit Montenegro"},"image":{"@id":"https:\/\/www.visit-montenegro.com\/de\/#\/schema\/logo\/image\/"},"sameAs":["https:\/\/www.facebook.com\/visitmontenegro","https:\/\/x.com\/visitmontenegro","https:\/\/www.instagram.com\/visit_montenegro\/","https:\/\/www.youtube.com\/user\/VisitMontenegro"]}]}},"translations":[],"_links":{"self":[{"href":"https:\/\/www.visit-montenegro.com\/de\/wp-json\/wp\/v2\/pages\/134402","targetHints":{"allow":["GET"]}}],"collection":[{"href":"https:\/\/www.visit-montenegro.com\/de\/wp-json\/wp\/v2\/pages"}],"about":[{"href":"https:\/\/www.visit-montenegro.com\/de\/wp-json\/wp\/v2\/types\/page"}],"author":[{"embeddable":true,"href":"https:\/\/www.visit-montenegro.com\/de\/wp-json\/wp\/v2\/users\/1"}],"replies":[{"embeddable":true,"href":"https:\/\/www.visit-montenegro.com\/de\/wp-json\/wp\/v2\/comments?post=134402"}],"version-history":[{"count":0,"href":"https:\/\/www.visit-montenegro.com\/de\/wp-json\/wp\/v2\/pages\/134402\/revisions"}],"up":[{"embeddable":true,"href":"https:\/\/www.visit-montenegro.com\/de\/wp-json\/wp\/v2\/pages\/133960"}],"wp:featuredmedia":[{"embeddable":true,"href":"https:\/\/www.visit-montenegro.com\/de\/wp-json\/wp\/v2\/media\/134403"}],"wp:attachment":[{"href":"https:\/\/www.visit-montenegro.com\/de\/wp-json\/wp\/v2\/media?parent=134402"}],"wp:term":[{"taxonomy":"post_tag","embeddable":true,"href":"https:\/\/www.visit-montenegro.com\/de\/wp-json\/wp\/v2\/tags?post=134402"}],"curies":[{"name":"wp","href":"https:\/\/api.w.org\/{rel}","templated":true}]}}