{"id":134408,"date":"2026-01-28T19:16:58","date_gmt":"2026-01-28T18:16:58","guid":{"rendered":"https:\/\/new.visit-montenegro.com\/montenegro\/wussten-sie-schon\/"},"modified":"2026-03-22T20:12:38","modified_gmt":"2026-03-22T19:12:38","slug":"wussten-sie-schon","status":"publish","type":"page","link":"https:\/\/www.visit-montenegro.com\/de\/montenegro\/wussten-sie-schon\/","title":{"rendered":"Interessante Montenegro-Fakten"},"content":{"rendered":"\n<p>Montenegro ist ein Land von bemerkenswerter nat\u00fcrlicher Sch\u00f6nheit und einzigartigem kulturellen Erbe, das faszinierende Fakten bietet, die es zu einem \u00fcberzeugenden Reiseziel machen. Von der ersten \u00f6kologischen Staat der Welt bis zum tiefsten Canyon Europas bieten seine vielf\u00e4ltigen Landschaften und historischen Sch\u00e4tze endlose <strong>interessante Montenegro-Fakten<\/strong> f\u00fcr Reisende.<\/p>\n\n<h2 class=\"wp-block-heading\">Entdecken Sie die Geheimnisse der Adria<\/h2>\n\n<p>Montenegro mag klein sein, aber es ist ein Land der Superlative. Von den tiefsten Canyons bis zu den \u00e4ltesten B\u00e4umen birgt dieses Balkanjuwel Rekorde, die selbst erfahrene Reisende \u00fcberraschen. Hier sind die wichtigsten &#8222;Wussten Sie schon&#8220;-Fakten, um Ihr n\u00e4chstes Abenteuer zu inspirieren.<\/p>\n\n<h3 class=\"wp-block-heading\"><span style=\"font-family: inherit;\">Natur-Rekordhalter<\/span><\/h3>\n\n<h4 class=\"wp-block-heading\">Der erste \u00f6kologische Staat der Welt<\/h4>\n\n<p>1991 erkl\u00e4rte sich Montenegro zum ersten Land der Welt als <strong>\u00f6kologischer Staat<\/strong>. Diese Verpflichtung zum Naturschutz wurde 16 Jahre sp\u00e4ter in der Verfassung verankert und definiert den gr\u00fcnen Entwicklungsweg der Nation.<\/p>\n\n<h4 class=\"wp-block-heading\">Der tiefste Canyon Europas<\/h4>\n\n<p>Der <strong>Tara-Fluss-Canyon<\/strong> ist nicht nur ein Paradies f\u00fcr Rafter; er ist der tiefste Canyon in Europa und der zweittiefste der Welt (nach dem Grand Canyon). Gelegen im <a href=\"https:\/\/www.visit-montenegro.com\/de\/reiseziele\/zabljak\/sehenswuerdigkeiten\/durmitor\/\">Nationalpark Durmitor<\/a>, ist er ein UNESCO-Weltkulturerbe, das man gesehen haben muss, um es zu glauben.<\/p>\n\n<h4 class=\"wp-block-heading\">Der gr\u00f6\u00dfte See des Balkans<\/h4>\n\n<p><strong>Skadarsko jezero<\/strong> ist der gr\u00f6\u00dfte See der Balkanhalbinsel. Ein Paradies f\u00fcr Vogelbeobachter, beherbergt er Hunderte von Arten, darunter den seltenen Krauskopfpelikan, und ist einer von Montenegros f\u00fcnf Nationalparks.<\/p>\n\n<h4 class=\"wp-block-heading\">Einer der \u00e4ltesten B\u00e4ume Europas<\/h4>\n\n<p>In der K\u00fcstenstadt <a href=\"https:\/\/www.visit-montenegro.com\/de\/reiseziele\/bar\/\">Bar<\/a> steht der <strong>alte Olivenbaum<\/strong> (Stara Maslina). Mit \u00fcber <strong>2.000 Jahren<\/strong> ist er einer der \u00e4ltesten lebenden B\u00e4ume Europas und steht noch immer als Symbol f\u00fcr Frieden und Langlebigkeit.<\/p>\n\n<h3 class=\"wp-block-heading\">Geschichte in Stein gemei\u00dfelt<\/h3>\n\n<h4 class=\"wp-block-heading\">Ein Kloster in den Wolken<\/h4>\n\n<p>Das <strong>Ostrog-Kloster<\/strong> ist ein architektonisches Wunder, das fast vollst\u00e4ndig in eine senkrechte Bergklippe gehauen ist. Gelegen bei Nik\u0161i\u0107, ist es einer der meistbesuchten christlichen Wallfahrtsorte der Welt, verehrt f\u00fcr seine atemberaubende Lage und spirituelle Bedeutung.<\/p>\n\n<h4 class=\"wp-block-heading\">Das h\u00f6chste Mausoleum der Welt<\/h4>\n\n<p>Auf den Gipfeln des Nationalparks Lov\u0107en ruht das <strong>Njego\u0161-Mausoleum<\/strong>, offiziell das h\u00f6chste <a href=\"https:\/\/www.visit-montenegro.com\/de\/reiseziele\/cetinje\/sehenswuerdigkeiten\/njegos-mausoleum\/\">Mausoleum<\/a> der Welt. Der Aufstieg bietet atemberaubende Panoramablicke, die sich \u00fcber das gesamte Land erstrecken.<\/p>\n\n<h4 class=\"wp-block-heading\">Das einzige Bild von Hypnos<\/h4>\n\n<p>In der Stadt Risan, in der N\u00e4he von <a href=\"https:\/\/www.visit-montenegro.com\/de\/reiseziele\/kotor\/\">Kotor<\/a>, k\u00f6nnen Sie ein seltenes r\u00f6misches Mosaik betrachten, das <strong>Hypnos, den Gott des Schlafes<\/strong>, darstellt. Es ist das einzige bekannte Bild dieser Gottheit weltweit, was es zu einem einzigartigen arch\u00e4ologischen Schatz macht.<\/p>\n\n<h4 class=\"wp-block-heading\">Eine Br\u00fccke zwischen den Wolken<\/h4>\n\n<p>Die <strong>Tara-Fluss-Br\u00fccke<\/strong> wird h\u00e4ufig als eine der 20 sch\u00f6nsten Br\u00fccken der Welt genannt. Ihre schwebenden B\u00f6gen vor der Kulisse der Berge machen sie zum Traum eines jeden Fotografen.<\/p>\n\n<h3 class=\"wp-block-heading\">K\u00fcstenwunder<\/h3>\n\n<h4 class=\"wp-block-heading\">Der s\u00fcdlichste Fjord<\/h4>\n\n<p>Die <strong>Bucht von Kotor<\/strong> (Boka Kotorska) wird oft als der s\u00fcdlichste Fjord der Welt beschrieben. Mit ihren dramatischen Klippen, die aus dem Meer aufragen, und mittelalterlichen St\u00e4dten entlang der K\u00fcste ist sie das Juwel der montenegrinischen K\u00fcste.<\/p>\n\n<h4 class=\"wp-block-heading\">Der l\u00e4ngste Strand an der Adria<\/h4>\n\n<p>Gelegen in <a href=\"https:\/\/www.visit-montenegro.com\/de\/reiseziele\/ulcinj\/\">Ulcinj<\/a>, erstreckt sich der <strong>Long Beach (Velika Pla\u017ea)<\/strong> \u00fcber 13 Kilometer. Er ist der l\u00e4ngste Strand an der Adria und ein erstklassiges Ziel f\u00fcr Kitesurfen, Reiten und Sonnenanbeter.<\/p>\n","protected":false},"excerpt":{"rendered":"<p>Entdecken Sie Montenegros einzigartige Wunder, vom ersten \u00f6kologischen Staat der Welt bis zum tiefsten Canyon Europas. Erkunden Sie seinen l\u00e4ngsten Strand, den alten Olivenbaum und atemberaubende architektonische Meisterleistungen in diesem fesselnden Leitfaden.<\/p>\n","protected":false},"author":1,"featured_media":135065,"parent":133960,"menu_order":0,"comment_status":"open","ping_status":"open","template":"","meta":{"_yoast_wpseo_focuskw":"Interessante Montenegro-Fakten","_yoast_wpseo_metadesc":"Entdecken Sie faszinierende Montenegro-Fakten: erster \u00f6kologischer Staat, tiefster Canyon und antike Sch\u00e4tze. Planen Sie Ihre Reise mit diesen einzigartigen Einblicken in seine nat\u00fcrlichen und kulturellen Wunder.","_kad_post_transparent":"","_kad_post_title":"","_kad_post_layout":"","_kad_post_sidebar_id":"","_kad_post_content_style":"","_kad_post_vertical_padding":"","_kad_post_feature":"","_kad_post_feature_position":"","_kad_post_header":false,"_kad_post_footer":false,"_kad_post_classname":"","iawp_total_views":8,"footnotes":""},"tags":[],"class_list":["post-134408","page","type-page","status-publish","has-post-thumbnail","hentry"],"yoast_head":"<!-- This site is optimized with the Yoast SEO plugin v27.3 - https:\/\/yoast.com\/product\/yoast-seo-wordpress\/ -->\n<title>Interessante Montenegro-Fakten - Visit Montenegro<\/title>\n<meta name=\"description\" content=\"Entdecken Sie faszinierende Montenegro-Fakten: erster \u00f6kologischer Staat, tiefster Canyon und antike Sch\u00e4tze. Planen Sie Ihre Reise mit diesen einzigartigen Einblicken in seine nat\u00fcrlichen und kulturellen Wunder.\" \/>\n<meta name=\"robots\" content=\"index, follow, max-snippet:-1, max-image-preview:large, max-video-preview:-1\" \/>\n<link rel=\"canonical\" href=\"https:\/\/www.visit-montenegro.com\/de\/montenegro\/wussten-sie-schon\/\" \/>\n<meta property=\"og:locale\" content=\"de_DE\" \/>\n<meta property=\"og:type\" content=\"article\" \/>\n<meta property=\"og:title\" content=\"Interessante Montenegro-Fakten - Visit Montenegro\" \/>\n<meta property=\"og:description\" content=\"Entdecken Sie faszinierende Montenegro-Fakten: erster \u00f6kologischer Staat, tiefster Canyon und antike Sch\u00e4tze. Planen Sie Ihre Reise mit diesen einzigartigen Einblicken in seine nat\u00fcrlichen und kulturellen Wunder.\" \/>\n<meta property=\"og:url\" content=\"https:\/\/www.visit-montenegro.com\/de\/montenegro\/wussten-sie-schon\/\" \/>\n<meta property=\"og:site_name\" content=\"Visit Montenegro\" \/>\n<meta property=\"article:publisher\" content=\"https:\/\/www.facebook.com\/visitmontenegro\" \/>\n<meta property=\"article:modified_time\" content=\"2026-03-22T19:12:38+00:00\" \/>\n<meta property=\"og:image\" content=\"https:\/\/www.visit-montenegro.com\/wp-content\/uploads\/2026\/01\/ulcinj-valdanos-olive-trees-scaled.jpg\" \/>\n\t<meta property=\"og:image:width\" content=\"1600\" \/>\n\t<meta property=\"og:image:height\" content=\"1068\" \/>\n\t<meta property=\"og:image:type\" content=\"image\/jpeg\" \/>\n<meta name=\"twitter:card\" content=\"summary_large_image\" \/>\n<meta name=\"twitter:site\" content=\"@visitmontenegro\" \/>\n<meta name=\"twitter:label1\" content=\"Gesch\u00e4tzte Lesezeit\" \/>\n\t<meta name=\"twitter:data1\" content=\"3\u00a0Minuten\" \/>\n<script type=\"application\/ld+json\" class=\"yoast-schema-graph\">{\"@context\":\"https:\\\/\\\/schema.org\",\"@graph\":[{\"@type\":\"WebPage\",\"@id\":\"https:\\\/\\\/www.visit-montenegro.com\\\/de\\\/montenegro\\\/wussten-sie-schon\\\/\",\"url\":\"https:\\\/\\\/www.visit-montenegro.com\\\/de\\\/montenegro\\\/wussten-sie-schon\\\/\",\"name\":\"Interessante Montenegro-Fakten - Visit Montenegro\",\"isPartOf\":{\"@id\":\"https:\\\/\\\/www.visit-montenegro.com\\\/de\\\/#website\"},\"primaryImageOfPage\":{\"@id\":\"https:\\\/\\\/www.visit-montenegro.com\\\/de\\\/montenegro\\\/wussten-sie-schon\\\/#primaryimage\"},\"image\":{\"@id\":\"https:\\\/\\\/www.visit-montenegro.com\\\/de\\\/montenegro\\\/wussten-sie-schon\\\/#primaryimage\"},\"thumbnailUrl\":\"https:\\\/\\\/www.visit-montenegro.com\\\/wp-content\\\/uploads\\\/2026\\\/01\\\/ulcinj-valdanos-olive-trees-scaled.jpg\",\"datePublished\":\"2026-01-28T18:16:58+00:00\",\"dateModified\":\"2026-03-22T19:12:38+00:00\",\"description\":\"Entdecken Sie faszinierende Montenegro-Fakten: erster \u00f6kologischer Staat, tiefster Canyon und antike Sch\u00e4tze. Planen Sie Ihre Reise mit diesen einzigartigen Einblicken in seine nat\u00fcrlichen und kulturellen Wunder.\",\"breadcrumb\":{\"@id\":\"https:\\\/\\\/www.visit-montenegro.com\\\/de\\\/montenegro\\\/wussten-sie-schon\\\/#breadcrumb\"},\"inLanguage\":\"de\",\"potentialAction\":[{\"@type\":\"ReadAction\",\"target\":[\"https:\\\/\\\/www.visit-montenegro.com\\\/de\\\/montenegro\\\/wussten-sie-schon\\\/\"]}]},{\"@type\":\"ImageObject\",\"inLanguage\":\"de\",\"@id\":\"https:\\\/\\\/www.visit-montenegro.com\\\/de\\\/montenegro\\\/wussten-sie-schon\\\/#primaryimage\",\"url\":\"https:\\\/\\\/www.visit-montenegro.com\\\/wp-content\\\/uploads\\\/2026\\\/01\\\/ulcinj-valdanos-olive-trees-scaled.jpg\",\"contentUrl\":\"https:\\\/\\\/www.visit-montenegro.com\\\/wp-content\\\/uploads\\\/2026\\\/01\\\/ulcinj-valdanos-olive-trees-scaled.jpg\",\"width\":1600,\"height\":1068,\"caption\":\"Olivenb\u00e4ume im Herbst in Valdanos, Ulcinj, Montenegro\"},{\"@type\":\"BreadcrumbList\",\"@id\":\"https:\\\/\\\/www.visit-montenegro.com\\\/de\\\/montenegro\\\/wussten-sie-schon\\\/#breadcrumb\",\"itemListElement\":[{\"@type\":\"ListItem\",\"position\":1,\"name\":\"Home\",\"item\":\"https:\\\/\\\/www.visit-montenegro.com\\\/de\\\/home\\\/\"},{\"@type\":\"ListItem\",\"position\":2,\"name\":\"Mehr \u00dcber Montenegro\",\"item\":\"https:\\\/\\\/www.visit-montenegro.com\\\/de\\\/montenegro\\\/\"},{\"@type\":\"ListItem\",\"position\":3,\"name\":\"Interessante Montenegro-Fakten\"}]},{\"@type\":\"WebSite\",\"@id\":\"https:\\\/\\\/www.visit-montenegro.com\\\/de\\\/#website\",\"url\":\"https:\\\/\\\/www.visit-montenegro.com\\\/de\\\/\",\"name\":\"Visit Montenegro\",\"description\":\"Breathtaking beauty\",\"publisher\":{\"@id\":\"https:\\\/\\\/www.visit-montenegro.com\\\/de\\\/#organization\"},\"potentialAction\":[{\"@type\":\"SearchAction\",\"target\":{\"@type\":\"EntryPoint\",\"urlTemplate\":\"https:\\\/\\\/www.visit-montenegro.com\\\/de\\\/?s={search_term_string}\"},\"query-input\":{\"@type\":\"PropertyValueSpecification\",\"valueRequired\":true,\"valueName\":\"search_term_string\"}}],\"inLanguage\":\"de\"},{\"@type\":\"Organization\",\"@id\":\"https:\\\/\\\/www.visit-montenegro.com\\\/de\\\/#organization\",\"name\":\"Visit Montenegro\",\"url\":\"https:\\\/\\\/www.visit-montenegro.com\\\/de\\\/\",\"logo\":{\"@type\":\"ImageObject\",\"inLanguage\":\"de\",\"@id\":\"https:\\\/\\\/www.visit-montenegro.com\\\/de\\\/#\\\/schema\\\/logo\\\/image\\\/\",\"url\":\"https:\\\/\\\/www.visit-montenegro.com\\\/wp-content\\\/uploads\\\/2017\\\/10\\\/logo-amp.png\",\"contentUrl\":\"https:\\\/\\\/www.visit-montenegro.com\\\/wp-content\\\/uploads\\\/2017\\\/10\\\/logo-amp.png\",\"width\":190,\"height\":36,\"caption\":\"Visit Montenegro\"},\"image\":{\"@id\":\"https:\\\/\\\/www.visit-montenegro.com\\\/de\\\/#\\\/schema\\\/logo\\\/image\\\/\"},\"sameAs\":[\"https:\\\/\\\/www.facebook.com\\\/visitmontenegro\",\"https:\\\/\\\/x.com\\\/visitmontenegro\",\"https:\\\/\\\/www.instagram.com\\\/visit_montenegro\\\/\",\"https:\\\/\\\/www.youtube.com\\\/user\\\/VisitMontenegro\"]}]}<\/script>\n<!-- \/ Yoast SEO plugin. -->","yoast_head_json":{"title":"Interessante Montenegro-Fakten - Visit Montenegro","description":"Entdecken Sie faszinierende Montenegro-Fakten: erster \u00f6kologischer Staat, tiefster Canyon und antike Sch\u00e4tze. Planen Sie Ihre Reise mit diesen einzigartigen Einblicken in seine nat\u00fcrlichen und kulturellen Wunder.","robots":{"index":"index","follow":"follow","max-snippet":"max-snippet:-1","max-image-preview":"max-image-preview:large","max-video-preview":"max-video-preview:-1"},"canonical":"https:\/\/www.visit-montenegro.com\/de\/montenegro\/wussten-sie-schon\/","og_locale":"de_DE","og_type":"article","og_title":"Interessante Montenegro-Fakten - Visit Montenegro","og_description":"Entdecken Sie faszinierende Montenegro-Fakten: erster \u00f6kologischer Staat, tiefster Canyon und antike Sch\u00e4tze. Planen Sie Ihre Reise mit diesen einzigartigen Einblicken in seine nat\u00fcrlichen und kulturellen Wunder.","og_url":"https:\/\/www.visit-montenegro.com\/de\/montenegro\/wussten-sie-schon\/","og_site_name":"Visit Montenegro","article_publisher":"https:\/\/www.facebook.com\/visitmontenegro","article_modified_time":"2026-03-22T19:12:38+00:00","og_image":[{"width":1600,"height":1068,"url":"https:\/\/www.visit-montenegro.com\/wp-content\/uploads\/2026\/01\/ulcinj-valdanos-olive-trees-scaled.jpg","type":"image\/jpeg"}],"twitter_card":"summary_large_image","twitter_site":"@visitmontenegro","twitter_misc":{"Gesch\u00e4tzte Lesezeit":"3\u00a0Minuten"},"schema":{"@context":"https:\/\/schema.org","@graph":[{"@type":"WebPage","@id":"https:\/\/www.visit-montenegro.com\/de\/montenegro\/wussten-sie-schon\/","url":"https:\/\/www.visit-montenegro.com\/de\/montenegro\/wussten-sie-schon\/","name":"Interessante Montenegro-Fakten - Visit Montenegro","isPartOf":{"@id":"https:\/\/www.visit-montenegro.com\/de\/#website"},"primaryImageOfPage":{"@id":"https:\/\/www.visit-montenegro.com\/de\/montenegro\/wussten-sie-schon\/#primaryimage"},"image":{"@id":"https:\/\/www.visit-montenegro.com\/de\/montenegro\/wussten-sie-schon\/#primaryimage"},"thumbnailUrl":"https:\/\/www.visit-montenegro.com\/wp-content\/uploads\/2026\/01\/ulcinj-valdanos-olive-trees-scaled.jpg","datePublished":"2026-01-28T18:16:58+00:00","dateModified":"2026-03-22T19:12:38+00:00","description":"Entdecken Sie faszinierende Montenegro-Fakten: erster \u00f6kologischer Staat, tiefster Canyon und antike Sch\u00e4tze. Planen Sie Ihre Reise mit diesen einzigartigen Einblicken in seine nat\u00fcrlichen und kulturellen Wunder.","breadcrumb":{"@id":"https:\/\/www.visit-montenegro.com\/de\/montenegro\/wussten-sie-schon\/#breadcrumb"},"inLanguage":"de","potentialAction":[{"@type":"ReadAction","target":["https:\/\/www.visit-montenegro.com\/de\/montenegro\/wussten-sie-schon\/"]}]},{"@type":"ImageObject","inLanguage":"de","@id":"https:\/\/www.visit-montenegro.com\/de\/montenegro\/wussten-sie-schon\/#primaryimage","url":"https:\/\/www.visit-montenegro.com\/wp-content\/uploads\/2026\/01\/ulcinj-valdanos-olive-trees-scaled.jpg","contentUrl":"https:\/\/www.visit-montenegro.com\/wp-content\/uploads\/2026\/01\/ulcinj-valdanos-olive-trees-scaled.jpg","width":1600,"height":1068,"caption":"Olivenb\u00e4ume im Herbst in Valdanos, Ulcinj, Montenegro"},{"@type":"BreadcrumbList","@id":"https:\/\/www.visit-montenegro.com\/de\/montenegro\/wussten-sie-schon\/#breadcrumb","itemListElement":[{"@type":"ListItem","position":1,"name":"Home","item":"https:\/\/www.visit-montenegro.com\/de\/home\/"},{"@type":"ListItem","position":2,"name":"Mehr \u00dcber Montenegro","item":"https:\/\/www.visit-montenegro.com\/de\/montenegro\/"},{"@type":"ListItem","position":3,"name":"Interessante Montenegro-Fakten"}]},{"@type":"WebSite","@id":"https:\/\/www.visit-montenegro.com\/de\/#website","url":"https:\/\/www.visit-montenegro.com\/de\/","name":"Visit Montenegro","description":"Breathtaking beauty","publisher":{"@id":"https:\/\/www.visit-montenegro.com\/de\/#organization"},"potentialAction":[{"@type":"SearchAction","target":{"@type":"EntryPoint","urlTemplate":"https:\/\/www.visit-montenegro.com\/de\/?s={search_term_string}"},"query-input":{"@type":"PropertyValueSpecification","valueRequired":true,"valueName":"search_term_string"}}],"inLanguage":"de"},{"@type":"Organization","@id":"https:\/\/www.visit-montenegro.com\/de\/#organization","name":"Visit Montenegro","url":"https:\/\/www.visit-montenegro.com\/de\/","logo":{"@type":"ImageObject","inLanguage":"de","@id":"https:\/\/www.visit-montenegro.com\/de\/#\/schema\/logo\/image\/","url":"https:\/\/www.visit-montenegro.com\/wp-content\/uploads\/2017\/10\/logo-amp.png","contentUrl":"https:\/\/www.visit-montenegro.com\/wp-content\/uploads\/2017\/10\/logo-amp.png","width":190,"height":36,"caption":"Visit Montenegro"},"image":{"@id":"https:\/\/www.visit-montenegro.com\/de\/#\/schema\/logo\/image\/"},"sameAs":["https:\/\/www.facebook.com\/visitmontenegro","https:\/\/x.com\/visitmontenegro","https:\/\/www.instagram.com\/visit_montenegro\/","https:\/\/www.youtube.com\/user\/VisitMontenegro"]}]}},"translations":[],"_links":{"self":[{"href":"https:\/\/www.visit-montenegro.com\/de\/wp-json\/wp\/v2\/pages\/134408","targetHints":{"allow":["GET"]}}],"collection":[{"href":"https:\/\/www.visit-montenegro.com\/de\/wp-json\/wp\/v2\/pages"}],"about":[{"href":"https:\/\/www.visit-montenegro.com\/de\/wp-json\/wp\/v2\/types\/page"}],"author":[{"embeddable":true,"href":"https:\/\/www.visit-montenegro.com\/de\/wp-json\/wp\/v2\/users\/1"}],"replies":[{"embeddable":true,"href":"https:\/\/www.visit-montenegro.com\/de\/wp-json\/wp\/v2\/comments?post=134408"}],"version-history":[{"count":1,"href":"https:\/\/www.visit-montenegro.com\/de\/wp-json\/wp\/v2\/pages\/134408\/revisions"}],"predecessor-version":[{"id":139416,"href":"https:\/\/www.visit-montenegro.com\/de\/wp-json\/wp\/v2\/pages\/134408\/revisions\/139416"}],"up":[{"embeddable":true,"href":"https:\/\/www.visit-montenegro.com\/de\/wp-json\/wp\/v2\/pages\/133960"}],"wp:featuredmedia":[{"embeddable":true,"href":"https:\/\/www.visit-montenegro.com\/de\/wp-json\/wp\/v2\/media\/135065"}],"wp:attachment":[{"href":"https:\/\/www.visit-montenegro.com\/de\/wp-json\/wp\/v2\/media?parent=134408"}],"wp:term":[{"taxonomy":"post_tag","embeddable":true,"href":"https:\/\/www.visit-montenegro.com\/de\/wp-json\/wp\/v2\/tags?post=134408"}],"curies":[{"name":"wp","href":"https:\/\/api.w.org\/{rel}","templated":true}]}}