{"id":134414,"date":"2026-01-28T19:16:58","date_gmt":"2026-01-28T18:16:58","guid":{"rendered":"https:\/\/new.visit-montenegro.com\/montenegro\/geschichte\/"},"modified":"2026-02-22T16:56:41","modified_gmt":"2026-02-22T15:56:41","slug":"geschichte","status":"publish","type":"page","link":"https:\/\/www.visit-montenegro.com\/de\/montenegro\/geschichte\/","title":{"rendered":"Geschichte Montenegros"},"content":{"rendered":"\n<p>Die Geschichte Montenegros ist ein lebendiges Geflecht aus Widerstandsf\u00e4higkeit und Unabh\u00e4ngigkeit, gepr\u00e4gt von vielf\u00e4ltigen Einfl\u00fcssen vom R\u00f6mischen Reich bis in die Moderne, das den best\u00e4ndigen Geist dieser kleinen, aber stolzen Nation widerspiegelt.<\/p>\n\n<hr class=\"wp-block-separator has-alpha-channel-opacity\"\/>\n\n<h2 class=\"wp-block-heading\">Fr\u00fche Urspr\u00fcnge und Mittelalter<\/h2>\n\n<p>Genau wie die Natur ist die <strong>Geschichte Montenegros<\/strong> sehr farbenfroh. Das turbulente Leben Montenegros wurde von vielen Menschen gew\u00fcrzt, aber sein st\u00e4ndiges Streben nach Freiheit blieb dominant in seiner <strong>Geschichte Montenegros<\/strong>. Jeder Teil Montenegros wird dem neugierigen Reisenden viele interessante Geschichten aus verschiedenen Zeitperioden erz\u00e4hlen \u2013 vom gro\u00dfen R\u00f6mischen Reich bis in die Moderne. Obwohl sein Territorium eher klein ist, hat dieses stolze Land viel zu sagen, wenn es um seine <strong>Geschichte Montenegros<\/strong> geht.<\/p>\n\n<p>Der Name \u201eCrna Gora\u201c (Montenegro) wird erstmals in der Charta von K\u00f6nig Milutin im Jahr 1276 erw\u00e4hnt. Es wird angenommen, dass er seinen Namen nach den dichten W\u00e4ldern erhielt, die den Berg Lovcen und die umliegende Gegend bedeckten. Die W\u00e4lder waren so dunkel, dass die Betrachter den Eindruck eines \u201eschwarzen\u201c Berges bekamen.<\/p>\n\n<p>W\u00e4hrend des R\u00f6mischen Reiches war das Territorium Montenegros tats\u00e4chlich das Territorium von <a href=\"https:\/\/www.visit-montenegro.com\/de\/reiseziele\/podgorica\/sehenswuerdigkeiten\/duklja\/\">Duklja<\/a> (Doclea). Mit der Ankunft der Slawen im 7. Jahrhundert gewann das Christentum schnell die Vorherrschaft in dieser Region.<\/p>\n\n<p>Duklja umfasste das Gebiet des Skadar-Sees mit den nahegelegenen Bergen. Der erste F\u00fcrst von Duklja war Vladimir. Duklja erlangte 1040 seine Unabh\u00e4ngigkeit und wurde 1077 zum K\u00f6nigreich proklamiert. Damit wurde es einer der ersten unabh\u00e4ngigen Staaten auf dem Balkan. Es wurde Zeta genannt, was in den alten slawischen Sprachen die Erntenden bedeutete.<\/p>\n\n<p>Wegen der h\u00e4ufigen Unruhen und politischen Umw\u00e4lzungen, nach dem Tod der Herrscher aus den Familien Vladimir und Vojisavljevic, erlangte Byzanz die Vorherrschaft \u00fcber Zeta. Der gro\u00dfe Herrscher Nemanja, der 1185 die f\u00fchrende Position in dieser Region einnahm, \u00e4nderte den Status von Zeta als unabh\u00e4ngigem Staat nicht, den es in der Vergangenheit hatte. Im 14. Jahrhundert wurde es unter der F\u00fchrung der Dynastien Balsic und Crnojevic zu einem unabh\u00e4ngigen Feudalstaat und expandierte langsam, indem es unerm\u00fcdlich gegen Armeen wie die albanische und sp\u00e4ter die t\u00fcrkische und venezianische k\u00e4mpfte.<\/p>\n\n<h2 class=\"wp-block-heading\">Osmanische Herrschaft und kulturelle Bl\u00fcte<\/h2>\n\n<p>W\u00e4hrend der Herrschaftszeit der Crnojevic mussten die Menschen aufgrund der starken Angriffe der t\u00fcrkischen Armee zusammen mit der Familie Crnojevic sich in Richtung des Lovcen-Berges zur\u00fcckziehen. Ivan Crnojevic w\u00e4hlte <a href=\"https:\/\/www.visit-montenegro.com\/de\/reiseziele\/cetinje\/\">Cetinje<\/a> als seine Basis und errichtete dort eine Burg und ein Kloster. Cetinje wurde so zum Synonym f\u00fcr geistige Freiheit und staatliche Freiheit. Djuradj Crnojevic, der Sohn von Ivan Crnojevic, regierte nur kurz, hinterlie\u00df aber unsch\u00e4tzbaren Reichtum. W\u00e4hrend seiner Herrschaft wurde 1493 die erste Druckerei auf dem Balkan er\u00f6ffnet, und ein Jahr sp\u00e4ter, 1494, wurde das erste Buch gedruckt \u2013 \u201eOktoih\u201c (Okt\u00f6chos).<\/p>\n\n<p>Die T\u00fcrken \u00fcbernahmen 1496 die Herrschaft \u00fcber Montenegro und gliederten es in die Skadar-Provinz ein. Ungeachtet dieser Tatsache behielt Montenegro ein hohes Ma\u00df an Autonomie und erlangte 1645 seine Unabh\u00e4ngigkeit vollst\u00e4ndig zur\u00fcck.<\/p>\n\n<h2 class=\"wp-block-heading\">Moderne Staatlichkeit und Unabh\u00e4ngigkeit<\/h2>\n\n<p>Dann \u00fcbernahmen die geistlichen F\u00fchrer, die Bisch\u00f6fe, die Herrschaft in Montenegro und auch die Verwaltung des Landes. Zu dieser Zeit waren die Autorit\u00e4ten in Montenegro die All-Montenegrinische Versammlung und die Versammlung der H\u00e4uptlinge, w\u00e4hrend auf unteren Ebenen Treffen der H\u00e4uptlinge stattfanden. Im Jahr 1697 w\u00e4hlte die Montenegrinische Versammlung Danilo I. zum Bischof. Zu dieser Zeit begann die Etablierung der Petrovic-Dynastie sowie ihr Kampf f\u00fcr die Einheit von Religion und Politik.<\/p>\n\n<p>Petar I Petrovic (1784 \u2013 1830) ist eine der bekanntesten Personen in der montenegrinischen <strong>Geschichte Montenegros<\/strong>. Unter seiner F\u00fchrung st\u00e4rkte Montenegro seine Unabh\u00e4ngigkeit und befreite sich nach gro\u00dfen Siegen \u00fcber die zahlenm\u00e4\u00dfig \u00fcberlegene t\u00fcrkische Armee vom t\u00fcrkischen Einfluss und der Dominanz.<\/p>\n\n<p>Er vereinte die montenegrinischen Clans und brachte sie der K\u00fcstenbev\u00f6lkerung n\u00e4her, da die K\u00fcste zu dieser Zeit unter dem Einfluss \u00d6sterreich-Ungarns stand. Der Nachfolger von Petar I Petrovic war Petar II Petrovic Njegos. Er war ein au\u00dfergew\u00f6hnlicher Staatsmann, Philosoph und Schriftsteller. W\u00e4hrend seiner Herrschaft etablierte dieser hervorragende Herrscher die staatlichen Institutionen, Verwaltungs- und Staatsbeh\u00f6rden. Er pflegte Verbindungen zu Russland und war oft in K\u00e4mpfen gegen die T\u00fcrken engagiert. Er schrieb viele literarische Werke wie \u201eGorski vijenac\u201c (\u201eDer Bergkranz\u201c) und \u201eLuca mikrokozma\u201c (\u201eDas Licht des Mikrokosmos\u201c), die ihn zu einem der gr\u00f6\u00dften Schriftsteller der Welt machten. W\u00e4hrend der Herrschaft seines Nachfolgers Danilo wurde die Souver\u00e4nit\u00e4t Montenegros weiter gest\u00e4rkt und formell anerkannt. Der wichtige Sieg gegen die T\u00fcrken in der Schlacht von Grahovac im Jahr 1858 trug dazu bei.<\/p>\n\n<p>Das montenegrinische Volk, obwohl zahlenm\u00e4\u00dfig deutlich schw\u00e4cher, gewann eine bedeutende Anzahl von Schlachten gegen die T\u00fcrken. W\u00e4hrend seiner Herrschaft erm\u00f6glichte es der F\u00fcrst und K\u00f6nig Nikola Montenegro, bedeutende politische Ziele zu erreichen. Unter seiner F\u00fchrung eroberte Montenegro <a href=\"https:\/\/www.visit-montenegro.com\/de\/reiseziele\/bar\/\">Bar<\/a> und <a href=\"https:\/\/www.visit-montenegro.com\/de\/reiseziele\/ulcinj\/\">Ulcinj<\/a> zur\u00fcck und erhielt so einen Teil der Adriak\u00fcste, und es eroberte auch <a href=\"https:\/\/www.visit-montenegro.com\/de\/reiseziele\/podgorica\/\">Podgorica<\/a>, <a href=\"https:\/\/www.visit-montenegro.com\/de\/reiseziele\/kolasin\/\">Kolasin<\/a> und <a href=\"https:\/\/www.visit-montenegro.com\/de\/reiseziele\/niksic\/\">Niksic<\/a> zur\u00fcck. Auf dem Berliner Kongress erhielt Montenegro volle internationale Anerkennung. Die Tatsache, dass Montenegro das einzige Land auf dem Balkan war, das erfolgreich gegen das Osmanische Reich k\u00e4mpfte, beeindruckte Europa, und Montenegro wurde 1910 zum K\u00f6nigreich.<\/p>\n\n<h2 class=\"wp-block-heading\">Herausforderungen des 20. Jahrhunderts und Gegenwart<\/h2>\n\n<p>Das 20. Jahrhundert stellte eine schwierige Zeit f\u00fcr Montenegro dar, da es zu dieser Zeit seine Unabh\u00e4ngigkeit verlor und von der politischen Karte Europas verschwand. Als der Erste Weltkrieg ausbrach, stellte sich Montenegro auf die Seite Serbiens und der Alliierten. Im Jahr 1916, nach der Kapitulation vor \u00d6sterreich-Ungarn, ging K\u00f6nig Nikola ins Exil. Er verbrachte eine Zeit in Italien und ging dann nach Frankreich. Die Versuche des K\u00f6nigs und seiner Regierung, die Ereignisse in Montenegro zu dieser Zeit zu beeinflussen, waren nicht erfolgreich. Serbien annektierte Montenegro 1918, und so verlor Montenegro alles, was es im Laufe der Jahrhunderte erlangt hatte: seine Staatlichkeit, Armee und Dynastie.<\/p>\n\n<p>Mit dem Fall des K\u00f6nigreichs Jugoslawien vor dem faschistischen Deutschland im Zweiten Weltkrieg bewies Montenegro erneut, dass der Freiheitsgeist, den sein Volk pflegte, nicht verschwunden war. Am 13. Juli 1941 erhob sich eine gro\u00dfe Anzahl von Montenegrinern gegen die italienischen Besatzer.<\/p>\n\n<p>Nach dem Zweiten Weltkrieg verbesserte Montenegro seinen rechtlichen und staatlichen Status und wurde eine der sechs gleichberechtigten Republiken der jugoslawischen F\u00f6deration.<\/p>\n\n<p>Nach den turbulenten Jahren am Ende des 20. Jahrhunderts und nach der Aufl\u00f6sung des ehemaligen Jugoslawiens blieb Montenegro in der Union mit Serbien, sodass diese beiden Republiken die Staatenunion Serbien und Montenegro bildeten.<\/p>\n\n<p>Die meisten B\u00fcrger stimmten bei einem Referendum am 21. Mai 2006 f\u00fcr die Unabh\u00e4ngigkeit Montenegros. So ist Montenegro heute ein international anerkannter unabh\u00e4ngiger Staat. Die UNO nahm Montenegro am 27. Juli 2006 als 192. Mitgliedsland auf.<\/p>\n\n<p>Jeder Montenegriner wird stolz sein, stundenlang mit Ihnen \u00fcber seine <strong>Geschichte Montenegros<\/strong> und seine Vorfahren zu sprechen.<\/p>\n","protected":false},"excerpt":{"rendered":"<p>Entdecken Sie die lebendige Geschichte Montenegros, von antiken r\u00f6mischen Wurzeln bis zur modernen Unabh\u00e4ngigkeit. Erfahren Sie \u00fcber Schl\u00fcsselereignisse, kulturelle Meilensteine und den best\u00e4ndigen Freiheitsgeist, der diese stolze Nation pr\u00e4gt.<\/p>\n","protected":false},"author":1,"featured_media":134415,"parent":133960,"menu_order":0,"comment_status":"open","ping_status":"open","template":"","meta":{"_yoast_wpseo_focuskw":"Geschichte Montenegros","_yoast_wpseo_metadesc":"Tauchen Sie ein in die reiche Geschichte Montenegros, von mittelalterlichen K\u00f6nigreichen bis zur modernen Unabh\u00e4ngigkeit. Erfahren Sie \u00fcber Schl\u00fcsselereignisse und kulturelles Erbe in diesem pr\u00e4gnanten Leitfaden.","_kad_post_transparent":"","_kad_post_title":"","_kad_post_layout":"","_kad_post_sidebar_id":"","_kad_post_content_style":"","_kad_post_vertical_padding":"","_kad_post_feature":"","_kad_post_feature_position":"","_kad_post_header":false,"_kad_post_footer":false,"_kad_post_classname":"","iawp_total_views":21,"footnotes":""},"tags":[],"class_list":["post-134414","page","type-page","status-publish","has-post-thumbnail","hentry"],"yoast_head":"<!-- This site is optimized with the Yoast SEO plugin v27.3 - https:\/\/yoast.com\/product\/yoast-seo-wordpress\/ -->\n<title>Geschichte Montenegros - Visit Montenegro<\/title>\n<meta name=\"description\" content=\"Tauchen Sie ein in die reiche Geschichte Montenegros, von mittelalterlichen K\u00f6nigreichen bis zur modernen Unabh\u00e4ngigkeit. Erfahren Sie \u00fcber Schl\u00fcsselereignisse und kulturelles Erbe in diesem pr\u00e4gnanten Leitfaden.\" \/>\n<meta name=\"robots\" content=\"index, follow, max-snippet:-1, max-image-preview:large, max-video-preview:-1\" \/>\n<link rel=\"canonical\" href=\"https:\/\/www.visit-montenegro.com\/de\/montenegro\/geschichte\/\" \/>\n<meta property=\"og:locale\" content=\"de_DE\" \/>\n<meta property=\"og:type\" content=\"article\" \/>\n<meta property=\"og:title\" content=\"Geschichte Montenegros - Visit Montenegro\" \/>\n<meta property=\"og:description\" content=\"Tauchen Sie ein in die reiche Geschichte Montenegros, von mittelalterlichen K\u00f6nigreichen bis zur modernen Unabh\u00e4ngigkeit. Erfahren Sie \u00fcber Schl\u00fcsselereignisse und kulturelles Erbe in diesem pr\u00e4gnanten Leitfaden.\" \/>\n<meta property=\"og:url\" content=\"https:\/\/www.visit-montenegro.com\/de\/montenegro\/geschichte\/\" \/>\n<meta property=\"og:site_name\" content=\"Visit Montenegro\" \/>\n<meta property=\"article:publisher\" content=\"https:\/\/www.facebook.com\/visitmontenegro\" \/>\n<meta property=\"article:modified_time\" content=\"2026-02-22T15:56:41+00:00\" \/>\n<meta property=\"og:image\" content=\"https:\/\/www.visit-montenegro.com\/wp-content\/uploads\/2026\/01\/cetinje-orlov-krs-scaled.jpg\" \/>\n\t<meta property=\"og:image:width\" content=\"1600\" \/>\n\t<meta property=\"og:image:height\" content=\"1067\" \/>\n\t<meta property=\"og:image:type\" content=\"image\/jpeg\" \/>\n<meta name=\"twitter:card\" content=\"summary_large_image\" \/>\n<meta name=\"twitter:site\" content=\"@visitmontenegro\" \/>\n<meta name=\"twitter:label1\" content=\"Gesch\u00e4tzte Lesezeit\" \/>\n\t<meta name=\"twitter:data1\" content=\"6\u00a0Minuten\" \/>\n<script type=\"application\/ld+json\" class=\"yoast-schema-graph\">{\"@context\":\"https:\\\/\\\/schema.org\",\"@graph\":[{\"@type\":\"WebPage\",\"@id\":\"https:\\\/\\\/www.visit-montenegro.com\\\/de\\\/montenegro\\\/geschichte\\\/\",\"url\":\"https:\\\/\\\/www.visit-montenegro.com\\\/de\\\/montenegro\\\/geschichte\\\/\",\"name\":\"Geschichte Montenegros - Visit Montenegro\",\"isPartOf\":{\"@id\":\"https:\\\/\\\/www.visit-montenegro.com\\\/de\\\/#website\"},\"primaryImageOfPage\":{\"@id\":\"https:\\\/\\\/www.visit-montenegro.com\\\/de\\\/montenegro\\\/geschichte\\\/#primaryimage\"},\"image\":{\"@id\":\"https:\\\/\\\/www.visit-montenegro.com\\\/de\\\/montenegro\\\/geschichte\\\/#primaryimage\"},\"thumbnailUrl\":\"https:\\\/\\\/www.visit-montenegro.com\\\/wp-content\\\/uploads\\\/2026\\\/01\\\/cetinje-orlov-krs-scaled.jpg\",\"datePublished\":\"2026-01-28T18:16:58+00:00\",\"dateModified\":\"2026-02-22T15:56:41+00:00\",\"description\":\"Tauchen Sie ein in die reiche Geschichte Montenegros, von mittelalterlichen K\u00f6nigreichen bis zur modernen Unabh\u00e4ngigkeit. Erfahren Sie \u00fcber Schl\u00fcsselereignisse und kulturelles Erbe in diesem pr\u00e4gnanten Leitfaden.\",\"breadcrumb\":{\"@id\":\"https:\\\/\\\/www.visit-montenegro.com\\\/de\\\/montenegro\\\/geschichte\\\/#breadcrumb\"},\"inLanguage\":\"de\",\"potentialAction\":[{\"@type\":\"ReadAction\",\"target\":[\"https:\\\/\\\/www.visit-montenegro.com\\\/de\\\/montenegro\\\/geschichte\\\/\"]}]},{\"@type\":\"ImageObject\",\"inLanguage\":\"de\",\"@id\":\"https:\\\/\\\/www.visit-montenegro.com\\\/de\\\/montenegro\\\/geschichte\\\/#primaryimage\",\"url\":\"https:\\\/\\\/www.visit-montenegro.com\\\/wp-content\\\/uploads\\\/2026\\\/01\\\/cetinje-orlov-krs-scaled.jpg\",\"contentUrl\":\"https:\\\/\\\/www.visit-montenegro.com\\\/wp-content\\\/uploads\\\/2026\\\/01\\\/cetinje-orlov-krs-scaled.jpg\",\"width\":1600,\"height\":1067,\"caption\":\"Das Denkmal auf dem H\u00fcgel in der N\u00e4he des orthodoxen Klosters der Geburt der Seligen Jungfrau, Cetinje, Montenegro\"},{\"@type\":\"BreadcrumbList\",\"@id\":\"https:\\\/\\\/www.visit-montenegro.com\\\/de\\\/montenegro\\\/geschichte\\\/#breadcrumb\",\"itemListElement\":[{\"@type\":\"ListItem\",\"position\":1,\"name\":\"Home\",\"item\":\"https:\\\/\\\/www.visit-montenegro.com\\\/de\\\/home\\\/\"},{\"@type\":\"ListItem\",\"position\":2,\"name\":\"Mehr \u00dcber Montenegro\",\"item\":\"https:\\\/\\\/www.visit-montenegro.com\\\/de\\\/montenegro\\\/\"},{\"@type\":\"ListItem\",\"position\":3,\"name\":\"Geschichte Montenegros\"}]},{\"@type\":\"WebSite\",\"@id\":\"https:\\\/\\\/www.visit-montenegro.com\\\/de\\\/#website\",\"url\":\"https:\\\/\\\/www.visit-montenegro.com\\\/de\\\/\",\"name\":\"Visit Montenegro\",\"description\":\"Breathtaking beauty\",\"publisher\":{\"@id\":\"https:\\\/\\\/www.visit-montenegro.com\\\/de\\\/#organization\"},\"potentialAction\":[{\"@type\":\"SearchAction\",\"target\":{\"@type\":\"EntryPoint\",\"urlTemplate\":\"https:\\\/\\\/www.visit-montenegro.com\\\/de\\\/?s={search_term_string}\"},\"query-input\":{\"@type\":\"PropertyValueSpecification\",\"valueRequired\":true,\"valueName\":\"search_term_string\"}}],\"inLanguage\":\"de\"},{\"@type\":\"Organization\",\"@id\":\"https:\\\/\\\/www.visit-montenegro.com\\\/de\\\/#organization\",\"name\":\"Visit Montenegro\",\"url\":\"https:\\\/\\\/www.visit-montenegro.com\\\/de\\\/\",\"logo\":{\"@type\":\"ImageObject\",\"inLanguage\":\"de\",\"@id\":\"https:\\\/\\\/www.visit-montenegro.com\\\/de\\\/#\\\/schema\\\/logo\\\/image\\\/\",\"url\":\"https:\\\/\\\/www.visit-montenegro.com\\\/wp-content\\\/uploads\\\/2017\\\/10\\\/logo-amp.png\",\"contentUrl\":\"https:\\\/\\\/www.visit-montenegro.com\\\/wp-content\\\/uploads\\\/2017\\\/10\\\/logo-amp.png\",\"width\":190,\"height\":36,\"caption\":\"Visit Montenegro\"},\"image\":{\"@id\":\"https:\\\/\\\/www.visit-montenegro.com\\\/de\\\/#\\\/schema\\\/logo\\\/image\\\/\"},\"sameAs\":[\"https:\\\/\\\/www.facebook.com\\\/visitmontenegro\",\"https:\\\/\\\/x.com\\\/visitmontenegro\",\"https:\\\/\\\/www.instagram.com\\\/visit_montenegro\\\/\",\"https:\\\/\\\/www.youtube.com\\\/user\\\/VisitMontenegro\"]}]}<\/script>\n<!-- \/ Yoast SEO plugin. -->","yoast_head_json":{"title":"Geschichte Montenegros - Visit Montenegro","description":"Tauchen Sie ein in die reiche Geschichte Montenegros, von mittelalterlichen K\u00f6nigreichen bis zur modernen Unabh\u00e4ngigkeit. Erfahren Sie \u00fcber Schl\u00fcsselereignisse und kulturelles Erbe in diesem pr\u00e4gnanten Leitfaden.","robots":{"index":"index","follow":"follow","max-snippet":"max-snippet:-1","max-image-preview":"max-image-preview:large","max-video-preview":"max-video-preview:-1"},"canonical":"https:\/\/www.visit-montenegro.com\/de\/montenegro\/geschichte\/","og_locale":"de_DE","og_type":"article","og_title":"Geschichte Montenegros - Visit Montenegro","og_description":"Tauchen Sie ein in die reiche Geschichte Montenegros, von mittelalterlichen K\u00f6nigreichen bis zur modernen Unabh\u00e4ngigkeit. Erfahren Sie \u00fcber Schl\u00fcsselereignisse und kulturelles Erbe in diesem pr\u00e4gnanten Leitfaden.","og_url":"https:\/\/www.visit-montenegro.com\/de\/montenegro\/geschichte\/","og_site_name":"Visit Montenegro","article_publisher":"https:\/\/www.facebook.com\/visitmontenegro","article_modified_time":"2026-02-22T15:56:41+00:00","og_image":[{"width":1600,"height":1067,"url":"https:\/\/www.visit-montenegro.com\/wp-content\/uploads\/2026\/01\/cetinje-orlov-krs-scaled.jpg","type":"image\/jpeg"}],"twitter_card":"summary_large_image","twitter_site":"@visitmontenegro","twitter_misc":{"Gesch\u00e4tzte Lesezeit":"6\u00a0Minuten"},"schema":{"@context":"https:\/\/schema.org","@graph":[{"@type":"WebPage","@id":"https:\/\/www.visit-montenegro.com\/de\/montenegro\/geschichte\/","url":"https:\/\/www.visit-montenegro.com\/de\/montenegro\/geschichte\/","name":"Geschichte Montenegros - Visit Montenegro","isPartOf":{"@id":"https:\/\/www.visit-montenegro.com\/de\/#website"},"primaryImageOfPage":{"@id":"https:\/\/www.visit-montenegro.com\/de\/montenegro\/geschichte\/#primaryimage"},"image":{"@id":"https:\/\/www.visit-montenegro.com\/de\/montenegro\/geschichte\/#primaryimage"},"thumbnailUrl":"https:\/\/www.visit-montenegro.com\/wp-content\/uploads\/2026\/01\/cetinje-orlov-krs-scaled.jpg","datePublished":"2026-01-28T18:16:58+00:00","dateModified":"2026-02-22T15:56:41+00:00","description":"Tauchen Sie ein in die reiche Geschichte Montenegros, von mittelalterlichen K\u00f6nigreichen bis zur modernen Unabh\u00e4ngigkeit. Erfahren Sie \u00fcber Schl\u00fcsselereignisse und kulturelles Erbe in diesem pr\u00e4gnanten Leitfaden.","breadcrumb":{"@id":"https:\/\/www.visit-montenegro.com\/de\/montenegro\/geschichte\/#breadcrumb"},"inLanguage":"de","potentialAction":[{"@type":"ReadAction","target":["https:\/\/www.visit-montenegro.com\/de\/montenegro\/geschichte\/"]}]},{"@type":"ImageObject","inLanguage":"de","@id":"https:\/\/www.visit-montenegro.com\/de\/montenegro\/geschichte\/#primaryimage","url":"https:\/\/www.visit-montenegro.com\/wp-content\/uploads\/2026\/01\/cetinje-orlov-krs-scaled.jpg","contentUrl":"https:\/\/www.visit-montenegro.com\/wp-content\/uploads\/2026\/01\/cetinje-orlov-krs-scaled.jpg","width":1600,"height":1067,"caption":"Das Denkmal auf dem H\u00fcgel in der N\u00e4he des orthodoxen Klosters der Geburt der Seligen Jungfrau, Cetinje, Montenegro"},{"@type":"BreadcrumbList","@id":"https:\/\/www.visit-montenegro.com\/de\/montenegro\/geschichte\/#breadcrumb","itemListElement":[{"@type":"ListItem","position":1,"name":"Home","item":"https:\/\/www.visit-montenegro.com\/de\/home\/"},{"@type":"ListItem","position":2,"name":"Mehr \u00dcber Montenegro","item":"https:\/\/www.visit-montenegro.com\/de\/montenegro\/"},{"@type":"ListItem","position":3,"name":"Geschichte Montenegros"}]},{"@type":"WebSite","@id":"https:\/\/www.visit-montenegro.com\/de\/#website","url":"https:\/\/www.visit-montenegro.com\/de\/","name":"Visit Montenegro","description":"Breathtaking beauty","publisher":{"@id":"https:\/\/www.visit-montenegro.com\/de\/#organization"},"potentialAction":[{"@type":"SearchAction","target":{"@type":"EntryPoint","urlTemplate":"https:\/\/www.visit-montenegro.com\/de\/?s={search_term_string}"},"query-input":{"@type":"PropertyValueSpecification","valueRequired":true,"valueName":"search_term_string"}}],"inLanguage":"de"},{"@type":"Organization","@id":"https:\/\/www.visit-montenegro.com\/de\/#organization","name":"Visit Montenegro","url":"https:\/\/www.visit-montenegro.com\/de\/","logo":{"@type":"ImageObject","inLanguage":"de","@id":"https:\/\/www.visit-montenegro.com\/de\/#\/schema\/logo\/image\/","url":"https:\/\/www.visit-montenegro.com\/wp-content\/uploads\/2017\/10\/logo-amp.png","contentUrl":"https:\/\/www.visit-montenegro.com\/wp-content\/uploads\/2017\/10\/logo-amp.png","width":190,"height":36,"caption":"Visit Montenegro"},"image":{"@id":"https:\/\/www.visit-montenegro.com\/de\/#\/schema\/logo\/image\/"},"sameAs":["https:\/\/www.facebook.com\/visitmontenegro","https:\/\/x.com\/visitmontenegro","https:\/\/www.instagram.com\/visit_montenegro\/","https:\/\/www.youtube.com\/user\/VisitMontenegro"]}]}},"translations":[],"_links":{"self":[{"href":"https:\/\/www.visit-montenegro.com\/de\/wp-json\/wp\/v2\/pages\/134414","targetHints":{"allow":["GET"]}}],"collection":[{"href":"https:\/\/www.visit-montenegro.com\/de\/wp-json\/wp\/v2\/pages"}],"about":[{"href":"https:\/\/www.visit-montenegro.com\/de\/wp-json\/wp\/v2\/types\/page"}],"author":[{"embeddable":true,"href":"https:\/\/www.visit-montenegro.com\/de\/wp-json\/wp\/v2\/users\/1"}],"replies":[{"embeddable":true,"href":"https:\/\/www.visit-montenegro.com\/de\/wp-json\/wp\/v2\/comments?post=134414"}],"version-history":[{"count":0,"href":"https:\/\/www.visit-montenegro.com\/de\/wp-json\/wp\/v2\/pages\/134414\/revisions"}],"up":[{"embeddable":true,"href":"https:\/\/www.visit-montenegro.com\/de\/wp-json\/wp\/v2\/pages\/133960"}],"wp:featuredmedia":[{"embeddable":true,"href":"https:\/\/www.visit-montenegro.com\/de\/wp-json\/wp\/v2\/media\/134415"}],"wp:attachment":[{"href":"https:\/\/www.visit-montenegro.com\/de\/wp-json\/wp\/v2\/media?parent=134414"}],"wp:term":[{"taxonomy":"post_tag","embeddable":true,"href":"https:\/\/www.visit-montenegro.com\/de\/wp-json\/wp\/v2\/tags?post=134414"}],"curies":[{"name":"wp","href":"https:\/\/api.w.org\/{rel}","templated":true}]}}