{"id":134431,"date":"2026-01-28T19:16:58","date_gmt":"2026-01-28T18:16:58","guid":{"rendered":"https:\/\/new.visit-montenegro.com\/montenegro\/unsere-sprache-lernen\/"},"modified":"2026-02-22T16:56:42","modified_gmt":"2026-02-22T15:56:42","slug":"unsere-sprache-lernen","status":"publish","type":"page","link":"https:\/\/www.visit-montenegro.com\/de\/montenegro\/unsere-sprache-lernen\/","title":{"rendered":"Montenegrinische Sprache"},"content":{"rendered":"\n<p>Die offizielle Sprache Montenegros ist <strong>Montenegrinisch<\/strong>, die dem Serbischen sehr \u00e4hnlich ist. Viele Experten merken an, dass sie nicht leicht zu erlernen ist, aber reichhaltig und sch\u00f6n. Wir helfen Ihnen, einige grundlegende W\u00f6rter und Phrasen zu lernen. Tats\u00e4chlich werden Sie bald entdecken, wie sch\u00f6n und interessant unsere Sprache ist. Vielleicht bestellen Sie bei Ihrem n\u00e4chsten Besuch in einem Restaurant auf <strong>Montenegrinisch<\/strong>.<\/p>\n\n<hr class=\"wp-block-separator has-alpha-channel-opacity\"\/>\n\n<h2 class=\"wp-block-heading\">Die montenegrinische Sprache lernen<\/h2>\n\n<p>In Montenegro ist die offizielle Sprache <strong>Montenegrinisch<\/strong>, die dem Serbischen sehr \u00e4hnlich ist. Viele Experten sagen, dass unsere Sprache nicht leicht zu erlernen ist, aber sehr &#8222;reichhaltig&#8220; und sch\u00f6n. Wir helfen Ihnen, einige grundlegende W\u00f6rter und Phrasen zu lernen. Jedenfalls werden Sie sehr bald entdecken, wie sch\u00f6n und interessant unsere Sprache ist. Vielleicht machen Sie bei Ihrem n\u00e4chsten Besuch in Montenegro Ihre erste Bestellung in einem Restaurant auf <strong>Montenegrinisch<\/strong>, warum nicht.<\/p>\n\n<h3 class=\"wp-block-heading\">Buchstaben<\/h3>\n\n<p>Die montenegrinische Sprache hat 32 Buchstaben: 5 Vokale (a, e, i, o, u und manchmal kann der Buchstabe r als Vokal verwendet werden) und 27 Konsonanten. In der montenegrinischen Phonetik wird jeder Buchstabe genau so ausgesprochen, wie er geschrieben wird (er \u00e4ndert sich nicht in Abh\u00e4ngigkeit von benachbarten Buchstaben).<\/p>\n\n<ol class=\"wp-block-list uk-list uk-column-1-4 uk-column-divider\">\n<li>A<\/li>\n\n\n\n<li>B<\/li>\n\n\n\n<li>C<\/li>\n\n\n\n<li>\u010c<\/li>\n\n\n\n<li>\u0106<\/li>\n\n\n\n<li>D<\/li>\n\n\n\n<li>D\u017e<\/li>\n\n\n\n<li>\u0110<\/li>\n\n\n\n<li>E<\/li>\n\n\n\n<li>F<\/li>\n\n\n\n<li>G<\/li>\n\n\n\n<li>H<\/li>\n\n\n\n<li>I<\/li>\n\n\n\n<li>J<\/li>\n\n\n\n<li>K<\/li>\n\n\n\n<li>L<\/li>\n\n\n\n<li>Lj<\/li>\n\n\n\n<li>M<\/li>\n\n\n\n<li>N<\/li>\n\n\n\n<li>Nj<\/li>\n\n\n\n<li>O<\/li>\n\n\n\n<li>P<\/li>\n\n\n\n<li>R<\/li>\n\n\n\n<li>S<\/li>\n\n\n\n<li>\u0160<\/li>\n\n\n\n<li>\u015a<\/li>\n\n\n\n<li>T<\/li>\n\n\n\n<li>U<\/li>\n\n\n\n<li>V<\/li>\n\n\n\n<li>Z<\/li>\n\n\n\n<li>\u017d<\/li>\n\n\n\n<li>\u0179<\/li>\n<\/ol>\n\n<h3 class=\"wp-block-heading\">Zahlen<\/h3>\n\n<ol class=\"wp-block-list uk-list uk-column-1-2 uk-column-1-3@s uk-column-divider\">\n<li>1 \u2013 jedan<\/li>\n\n\n\n<li>2 \u2013 dva<\/li>\n\n\n\n<li>3 \u2013 tri<\/li>\n\n\n\n<li>4 \u2013 \u010detiri<\/li>\n\n\n\n<li>5 \u2013 pet<\/li>\n\n\n\n<li>6 \u2013 \u0161est<\/li>\n\n\n\n<li>7 \u2013 sedam<\/li>\n\n\n\n<li>8 \u2013 osam<\/li>\n\n\n\n<li>9 \u2013 devet<\/li>\n\n\n\n<li>10 \u2013 deset<\/li>\n\n\n\n<li>11 \u2013 jedanaest<\/li>\n\n\n\n<li>12 \u2013 dvanaest<\/li>\n\n\n\n<li>13 \u2013 trinaest<\/li>\n\n\n\n<li>14 \u2013 \u010detrnaest<\/li>\n\n\n\n<li>15 \u2013 petnaest<\/li>\n\n\n\n<li>16 \u2013 \u0161esnaest<\/li>\n\n\n\n<li>17 \u2013 sedamnaest<\/li>\n\n\n\n<li>18 \u2013 osamnast<\/li>\n\n\n\n<li>19 \u2013 dvetnaest<\/li>\n\n\n\n<li>20 \u2013 dvadeset<\/li>\n\n\n\n<li>21 \u2013 dvadeset jedan<\/li>\n\n\n\n<li>22 \u2013 dvadeset dva<\/li>\n\n\n\n<li>30 \u2013 trideset<\/li>\n\n\n\n<li>31 \u2013 trideset jedan<\/li>\n\n\n\n<li>40 \u2013 \u010detrdeset<\/li>\n\n\n\n<li>50 \u2013 pedeset<\/li>\n\n\n\n<li>60 \u2013 \u0161ezdeset<\/li>\n\n\n\n<li>70 \u2013 sedamdeset<\/li>\n\n\n\n<li>80 \u2013 osamdeset<\/li>\n\n\n\n<li>90 \u2013 devedeset<\/li>\n\n\n\n<li>100 \u2013 sto<\/li>\n<\/ol>\n\n<h3 class=\"wp-block-heading\">Zeitausdr\u00fccke<\/h3>\n\n<ul class=\"wp-block-list uk-list uk-column-1-2@s uk-column-divider\">\n<li>Ju\u010de \u2013 Gestern<\/li>\n\n\n\n<li>Danas \u2013 Heute<\/li>\n\n\n\n<li>Sjutra \u2013 Morgen<\/li>\n\n\n\n<li>No\u0107as (Ve\u010deras) \u2013 Heute Abend<\/li>\n\n\n\n<li>Sino\u0107 \u2013 Letzte Nacht<\/li>\n\n\n\n<li>Ujutro \u2013 Am Morgen<\/li>\n\n\n\n<li>Popodne \u2013 Am Nachmittag<\/li>\n\n\n\n<li>Uve\u010de \u2013 Am Abend<\/li>\n\n\n\n<li>U podne \u2013 Mittags<\/li>\n\n\n\n<li>U pono\u0107 \u2013 Mitternachts<\/li>\n\n\n\n<li>U zoru \u2013 Bei Tagesanbruch<\/li>\n\n\n\n<li>Prije dva dana \u2013 Vor zwei Tagen<\/li>\n\n\n\n<li>U toku dana \u2013 W\u00e4hrend des Tages<\/li>\n\n\n\n<li>Za dva dana \u2013 In zwei Tagen<\/li>\n\n\n\n<li>Sjutra ujutro \u2013 morgen fr\u00fch<\/li>\n\n\n\n<li>Sjutra ve\u010de \u2013 morgen abend<\/li>\n\n\n\n<li>Ju\u010de ujutro \u2013 gestern morgen<\/li>\n\n\n\n<li>Sino\u0107 \u2013 Letzte Nacht<\/li>\n<\/ul>\n\n<h3 class=\"wp-block-heading\">Tage der Woche<\/h3>\n\n<ul class=\"wp-block-list uk-list uk-column-1-2@s uk-column-divider\">\n<li>Ponedjeljak \u2013 Montag<\/li>\n\n\n\n<li>Utorak \u2013 Dienstag<\/li>\n\n\n\n<li>Srijeda \u2013 Mittwoch<\/li>\n\n\n\n<li>\u010cetvrtak \u2013 Donnerstag<\/li>\n\n\n\n<li>Petak \u2013 Freitag<\/li>\n\n\n\n<li>Subota \u2013 Samstag<\/li>\n\n\n\n<li>Nedjalja \u2013 Sonntag<\/li>\n<\/ul>\n\n<h3 class=\"wp-block-heading\">Monate des Jahres<\/h3>\n\n<ul class=\"wp-block-list uk-list uk-column-1-2@s uk-column-divider\">\n<li>Januar \u2013 Januar<\/li>\n\n\n\n<li>Februar \u2013 Februar<\/li>\n\n\n\n<li>Mart \u2013 M\u00e4rz<\/li>\n\n\n\n<li>April \u2013 April<\/li>\n\n\n\n<li>Maj \u2013 Mai<\/li>\n\n\n\n<li>Jun \u2013 Juni<\/li>\n\n\n\n<li>Jul \u2013 Juli<\/li>\n\n\n\n<li>Avgust \u2013 August<\/li>\n\n\n\n<li>Septembar \u2013 September<\/li>\n\n\n\n<li>Oktobar \u2013 Oktober<\/li>\n\n\n\n<li>Novembar \u2013 November<\/li>\n\n\n\n<li>Decembar \u2013 Dezember<\/li>\n<\/ul>\n\n<h3 class=\"wp-block-heading\">Jahreszeiten<\/h3>\n\n<ul class=\"wp-block-list uk-list uk-column-1-2@s uk-column-divider\">\n<li>Prolje\u0107e \u2013 Fr\u00fchling<\/li>\n\n\n\n<li>Ljeto \u2013 Sommer<\/li>\n\n\n\n<li>Jesen \u2013 Herbst<\/li>\n\n\n\n<li>Zima \u2013 Winter<\/li>\n<\/ul>\n","protected":false},"excerpt":{"rendered":"<p>Entdecken Sie die Sch\u00f6nheit der montenegrinischen Sprache, der offiziellen Sprache Montenegros. Lernen Sie grundlegende W\u00f6rter, Buchstaben und Phrasen, um Ihr Reiseerlebnis zu verbessern und sich mit der lokalen Kultur zu verbinden.<\/p>\n","protected":false},"author":1,"featured_media":134432,"parent":133960,"menu_order":0,"comment_status":"open","ping_status":"open","template":"","meta":{"_yoast_wpseo_focuskw":"Montenegrinische Sprache","_yoast_wpseo_metadesc":"Entdecken Sie die montenegrinische Sprache: offiziell, reichhaltig und sch\u00f6n. Lernen Sie grundlegende W\u00f6rter, Buchstaben und Phrasen, um Ihre Montenegro-Reise zu bereichern und sich mit Einheimischen zu verbinden.","_kad_post_transparent":"","_kad_post_title":"","_kad_post_layout":"","_kad_post_sidebar_id":"","_kad_post_content_style":"","_kad_post_vertical_padding":"","_kad_post_feature":"","_kad_post_feature_position":"","_kad_post_header":false,"_kad_post_footer":false,"_kad_post_classname":"","iawp_total_views":30,"footnotes":""},"tags":[],"class_list":["post-134431","page","type-page","status-publish","has-post-thumbnail","hentry"],"yoast_head":"<!-- This site is optimized with the Yoast SEO plugin v27.3 - https:\/\/yoast.com\/product\/yoast-seo-wordpress\/ -->\n<title>Montenegrinische Sprache - Visit Montenegro<\/title>\n<meta name=\"description\" content=\"Entdecken Sie die montenegrinische Sprache: offiziell, reichhaltig und sch\u00f6n. Lernen Sie grundlegende W\u00f6rter, Buchstaben und Phrasen, um Ihre Montenegro-Reise zu bereichern und sich mit Einheimischen zu verbinden.\" \/>\n<meta name=\"robots\" content=\"index, follow, max-snippet:-1, max-image-preview:large, max-video-preview:-1\" \/>\n<link rel=\"canonical\" href=\"https:\/\/www.visit-montenegro.com\/de\/montenegro\/unsere-sprache-lernen\/\" \/>\n<meta property=\"og:locale\" content=\"de_DE\" \/>\n<meta property=\"og:type\" content=\"article\" \/>\n<meta property=\"og:title\" content=\"Montenegrinische Sprache - Visit Montenegro\" \/>\n<meta property=\"og:description\" content=\"Entdecken Sie die montenegrinische Sprache: offiziell, reichhaltig und sch\u00f6n. Lernen Sie grundlegende W\u00f6rter, Buchstaben und Phrasen, um Ihre Montenegro-Reise zu bereichern und sich mit Einheimischen zu verbinden.\" \/>\n<meta property=\"og:url\" content=\"https:\/\/www.visit-montenegro.com\/de\/montenegro\/unsere-sprache-lernen\/\" \/>\n<meta property=\"og:site_name\" content=\"Visit Montenegro\" \/>\n<meta property=\"article:publisher\" content=\"https:\/\/www.facebook.com\/visitmontenegro\" \/>\n<meta property=\"article:modified_time\" content=\"2026-02-22T15:56:42+00:00\" \/>\n<meta property=\"og:image\" content=\"https:\/\/www.visit-montenegro.com\/wp-content\/uploads\/2026\/02\/montenegro-flag.png\" \/>\n\t<meta property=\"og:image:width\" content=\"1600\" \/>\n\t<meta property=\"og:image:height\" content=\"800\" \/>\n\t<meta property=\"og:image:type\" content=\"image\/png\" \/>\n<meta name=\"twitter:card\" content=\"summary_large_image\" \/>\n<meta name=\"twitter:site\" content=\"@visitmontenegro\" \/>\n<meta name=\"twitter:label1\" content=\"Gesch\u00e4tzte Lesezeit\" \/>\n\t<meta name=\"twitter:data1\" content=\"2\u00a0Minuten\" \/>\n<script type=\"application\/ld+json\" class=\"yoast-schema-graph\">{\"@context\":\"https:\\\/\\\/schema.org\",\"@graph\":[{\"@type\":\"WebPage\",\"@id\":\"https:\\\/\\\/www.visit-montenegro.com\\\/de\\\/montenegro\\\/unsere-sprache-lernen\\\/\",\"url\":\"https:\\\/\\\/www.visit-montenegro.com\\\/de\\\/montenegro\\\/unsere-sprache-lernen\\\/\",\"name\":\"Montenegrinische Sprache - Visit Montenegro\",\"isPartOf\":{\"@id\":\"https:\\\/\\\/www.visit-montenegro.com\\\/de\\\/#website\"},\"primaryImageOfPage\":{\"@id\":\"https:\\\/\\\/www.visit-montenegro.com\\\/de\\\/montenegro\\\/unsere-sprache-lernen\\\/#primaryimage\"},\"image\":{\"@id\":\"https:\\\/\\\/www.visit-montenegro.com\\\/de\\\/montenegro\\\/unsere-sprache-lernen\\\/#primaryimage\"},\"thumbnailUrl\":\"https:\\\/\\\/www.visit-montenegro.com\\\/wp-content\\\/uploads\\\/2026\\\/02\\\/montenegro-flag.png\",\"datePublished\":\"2026-01-28T18:16:58+00:00\",\"dateModified\":\"2026-02-22T15:56:42+00:00\",\"description\":\"Entdecken Sie die montenegrinische Sprache: offiziell, reichhaltig und sch\u00f6n. Lernen Sie grundlegende W\u00f6rter, Buchstaben und Phrasen, um Ihre Montenegro-Reise zu bereichern und sich mit Einheimischen zu verbinden.\",\"breadcrumb\":{\"@id\":\"https:\\\/\\\/www.visit-montenegro.com\\\/de\\\/montenegro\\\/unsere-sprache-lernen\\\/#breadcrumb\"},\"inLanguage\":\"de\",\"potentialAction\":[{\"@type\":\"ReadAction\",\"target\":[\"https:\\\/\\\/www.visit-montenegro.com\\\/de\\\/montenegro\\\/unsere-sprache-lernen\\\/\"]}]},{\"@type\":\"ImageObject\",\"inLanguage\":\"de\",\"@id\":\"https:\\\/\\\/www.visit-montenegro.com\\\/de\\\/montenegro\\\/unsere-sprache-lernen\\\/#primaryimage\",\"url\":\"https:\\\/\\\/www.visit-montenegro.com\\\/wp-content\\\/uploads\\\/2026\\\/02\\\/montenegro-flag.png\",\"contentUrl\":\"https:\\\/\\\/www.visit-montenegro.com\\\/wp-content\\\/uploads\\\/2026\\\/02\\\/montenegro-flag.png\",\"width\":1600,\"height\":800},{\"@type\":\"BreadcrumbList\",\"@id\":\"https:\\\/\\\/www.visit-montenegro.com\\\/de\\\/montenegro\\\/unsere-sprache-lernen\\\/#breadcrumb\",\"itemListElement\":[{\"@type\":\"ListItem\",\"position\":1,\"name\":\"Home\",\"item\":\"https:\\\/\\\/www.visit-montenegro.com\\\/de\\\/home\\\/\"},{\"@type\":\"ListItem\",\"position\":2,\"name\":\"Mehr \u00dcber Montenegro\",\"item\":\"https:\\\/\\\/www.visit-montenegro.com\\\/de\\\/montenegro\\\/\"},{\"@type\":\"ListItem\",\"position\":3,\"name\":\"Montenegrinische Sprache\"}]},{\"@type\":\"WebSite\",\"@id\":\"https:\\\/\\\/www.visit-montenegro.com\\\/de\\\/#website\",\"url\":\"https:\\\/\\\/www.visit-montenegro.com\\\/de\\\/\",\"name\":\"Visit Montenegro\",\"description\":\"Breathtaking beauty\",\"publisher\":{\"@id\":\"https:\\\/\\\/www.visit-montenegro.com\\\/de\\\/#organization\"},\"potentialAction\":[{\"@type\":\"SearchAction\",\"target\":{\"@type\":\"EntryPoint\",\"urlTemplate\":\"https:\\\/\\\/www.visit-montenegro.com\\\/de\\\/?s={search_term_string}\"},\"query-input\":{\"@type\":\"PropertyValueSpecification\",\"valueRequired\":true,\"valueName\":\"search_term_string\"}}],\"inLanguage\":\"de\"},{\"@type\":\"Organization\",\"@id\":\"https:\\\/\\\/www.visit-montenegro.com\\\/de\\\/#organization\",\"name\":\"Visit Montenegro\",\"url\":\"https:\\\/\\\/www.visit-montenegro.com\\\/de\\\/\",\"logo\":{\"@type\":\"ImageObject\",\"inLanguage\":\"de\",\"@id\":\"https:\\\/\\\/www.visit-montenegro.com\\\/de\\\/#\\\/schema\\\/logo\\\/image\\\/\",\"url\":\"https:\\\/\\\/www.visit-montenegro.com\\\/wp-content\\\/uploads\\\/2017\\\/10\\\/logo-amp.png\",\"contentUrl\":\"https:\\\/\\\/www.visit-montenegro.com\\\/wp-content\\\/uploads\\\/2017\\\/10\\\/logo-amp.png\",\"width\":190,\"height\":36,\"caption\":\"Visit Montenegro\"},\"image\":{\"@id\":\"https:\\\/\\\/www.visit-montenegro.com\\\/de\\\/#\\\/schema\\\/logo\\\/image\\\/\"},\"sameAs\":[\"https:\\\/\\\/www.facebook.com\\\/visitmontenegro\",\"https:\\\/\\\/x.com\\\/visitmontenegro\",\"https:\\\/\\\/www.instagram.com\\\/visit_montenegro\\\/\",\"https:\\\/\\\/www.youtube.com\\\/user\\\/VisitMontenegro\"]}]}<\/script>\n<!-- \/ Yoast SEO plugin. -->","yoast_head_json":{"title":"Montenegrinische Sprache - Visit Montenegro","description":"Entdecken Sie die montenegrinische Sprache: offiziell, reichhaltig und sch\u00f6n. Lernen Sie grundlegende W\u00f6rter, Buchstaben und Phrasen, um Ihre Montenegro-Reise zu bereichern und sich mit Einheimischen zu verbinden.","robots":{"index":"index","follow":"follow","max-snippet":"max-snippet:-1","max-image-preview":"max-image-preview:large","max-video-preview":"max-video-preview:-1"},"canonical":"https:\/\/www.visit-montenegro.com\/de\/montenegro\/unsere-sprache-lernen\/","og_locale":"de_DE","og_type":"article","og_title":"Montenegrinische Sprache - Visit Montenegro","og_description":"Entdecken Sie die montenegrinische Sprache: offiziell, reichhaltig und sch\u00f6n. Lernen Sie grundlegende W\u00f6rter, Buchstaben und Phrasen, um Ihre Montenegro-Reise zu bereichern und sich mit Einheimischen zu verbinden.","og_url":"https:\/\/www.visit-montenegro.com\/de\/montenegro\/unsere-sprache-lernen\/","og_site_name":"Visit Montenegro","article_publisher":"https:\/\/www.facebook.com\/visitmontenegro","article_modified_time":"2026-02-22T15:56:42+00:00","og_image":[{"width":1600,"height":800,"url":"https:\/\/www.visit-montenegro.com\/wp-content\/uploads\/2026\/02\/montenegro-flag.png","type":"image\/png"}],"twitter_card":"summary_large_image","twitter_site":"@visitmontenegro","twitter_misc":{"Gesch\u00e4tzte Lesezeit":"2\u00a0Minuten"},"schema":{"@context":"https:\/\/schema.org","@graph":[{"@type":"WebPage","@id":"https:\/\/www.visit-montenegro.com\/de\/montenegro\/unsere-sprache-lernen\/","url":"https:\/\/www.visit-montenegro.com\/de\/montenegro\/unsere-sprache-lernen\/","name":"Montenegrinische Sprache - Visit Montenegro","isPartOf":{"@id":"https:\/\/www.visit-montenegro.com\/de\/#website"},"primaryImageOfPage":{"@id":"https:\/\/www.visit-montenegro.com\/de\/montenegro\/unsere-sprache-lernen\/#primaryimage"},"image":{"@id":"https:\/\/www.visit-montenegro.com\/de\/montenegro\/unsere-sprache-lernen\/#primaryimage"},"thumbnailUrl":"https:\/\/www.visit-montenegro.com\/wp-content\/uploads\/2026\/02\/montenegro-flag.png","datePublished":"2026-01-28T18:16:58+00:00","dateModified":"2026-02-22T15:56:42+00:00","description":"Entdecken Sie die montenegrinische Sprache: offiziell, reichhaltig und sch\u00f6n. Lernen Sie grundlegende W\u00f6rter, Buchstaben und Phrasen, um Ihre Montenegro-Reise zu bereichern und sich mit Einheimischen zu verbinden.","breadcrumb":{"@id":"https:\/\/www.visit-montenegro.com\/de\/montenegro\/unsere-sprache-lernen\/#breadcrumb"},"inLanguage":"de","potentialAction":[{"@type":"ReadAction","target":["https:\/\/www.visit-montenegro.com\/de\/montenegro\/unsere-sprache-lernen\/"]}]},{"@type":"ImageObject","inLanguage":"de","@id":"https:\/\/www.visit-montenegro.com\/de\/montenegro\/unsere-sprache-lernen\/#primaryimage","url":"https:\/\/www.visit-montenegro.com\/wp-content\/uploads\/2026\/02\/montenegro-flag.png","contentUrl":"https:\/\/www.visit-montenegro.com\/wp-content\/uploads\/2026\/02\/montenegro-flag.png","width":1600,"height":800},{"@type":"BreadcrumbList","@id":"https:\/\/www.visit-montenegro.com\/de\/montenegro\/unsere-sprache-lernen\/#breadcrumb","itemListElement":[{"@type":"ListItem","position":1,"name":"Home","item":"https:\/\/www.visit-montenegro.com\/de\/home\/"},{"@type":"ListItem","position":2,"name":"Mehr \u00dcber Montenegro","item":"https:\/\/www.visit-montenegro.com\/de\/montenegro\/"},{"@type":"ListItem","position":3,"name":"Montenegrinische Sprache"}]},{"@type":"WebSite","@id":"https:\/\/www.visit-montenegro.com\/de\/#website","url":"https:\/\/www.visit-montenegro.com\/de\/","name":"Visit Montenegro","description":"Breathtaking beauty","publisher":{"@id":"https:\/\/www.visit-montenegro.com\/de\/#organization"},"potentialAction":[{"@type":"SearchAction","target":{"@type":"EntryPoint","urlTemplate":"https:\/\/www.visit-montenegro.com\/de\/?s={search_term_string}"},"query-input":{"@type":"PropertyValueSpecification","valueRequired":true,"valueName":"search_term_string"}}],"inLanguage":"de"},{"@type":"Organization","@id":"https:\/\/www.visit-montenegro.com\/de\/#organization","name":"Visit Montenegro","url":"https:\/\/www.visit-montenegro.com\/de\/","logo":{"@type":"ImageObject","inLanguage":"de","@id":"https:\/\/www.visit-montenegro.com\/de\/#\/schema\/logo\/image\/","url":"https:\/\/www.visit-montenegro.com\/wp-content\/uploads\/2017\/10\/logo-amp.png","contentUrl":"https:\/\/www.visit-montenegro.com\/wp-content\/uploads\/2017\/10\/logo-amp.png","width":190,"height":36,"caption":"Visit Montenegro"},"image":{"@id":"https:\/\/www.visit-montenegro.com\/de\/#\/schema\/logo\/image\/"},"sameAs":["https:\/\/www.facebook.com\/visitmontenegro","https:\/\/x.com\/visitmontenegro","https:\/\/www.instagram.com\/visit_montenegro\/","https:\/\/www.youtube.com\/user\/VisitMontenegro"]}]}},"translations":[],"_links":{"self":[{"href":"https:\/\/www.visit-montenegro.com\/de\/wp-json\/wp\/v2\/pages\/134431","targetHints":{"allow":["GET"]}}],"collection":[{"href":"https:\/\/www.visit-montenegro.com\/de\/wp-json\/wp\/v2\/pages"}],"about":[{"href":"https:\/\/www.visit-montenegro.com\/de\/wp-json\/wp\/v2\/types\/page"}],"author":[{"embeddable":true,"href":"https:\/\/www.visit-montenegro.com\/de\/wp-json\/wp\/v2\/users\/1"}],"replies":[{"embeddable":true,"href":"https:\/\/www.visit-montenegro.com\/de\/wp-json\/wp\/v2\/comments?post=134431"}],"version-history":[{"count":0,"href":"https:\/\/www.visit-montenegro.com\/de\/wp-json\/wp\/v2\/pages\/134431\/revisions"}],"up":[{"embeddable":true,"href":"https:\/\/www.visit-montenegro.com\/de\/wp-json\/wp\/v2\/pages\/133960"}],"wp:featuredmedia":[{"embeddable":true,"href":"https:\/\/www.visit-montenegro.com\/de\/wp-json\/wp\/v2\/media\/134432"}],"wp:attachment":[{"href":"https:\/\/www.visit-montenegro.com\/de\/wp-json\/wp\/v2\/media?parent=134431"}],"wp:term":[{"taxonomy":"post_tag","embeddable":true,"href":"https:\/\/www.visit-montenegro.com\/de\/wp-json\/wp\/v2\/tags?post=134431"}],"curies":[{"name":"wp","href":"https:\/\/api.w.org\/{rel}","templated":true}]}}