{"id":134436,"date":"2026-01-28T19:16:58","date_gmt":"2026-01-28T18:16:58","guid":{"rendered":"https:\/\/new.visit-montenegro.com\/montenegro\/kultur\/"},"modified":"2026-02-24T14:49:42","modified_gmt":"2026-02-24T13:49:42","slug":"kultur","status":"publish","type":"page","link":"https:\/\/www.visit-montenegro.com\/de\/montenegro\/kultur\/","title":{"rendered":"Montenegro Kultur"},"content":{"rendered":"\n<p><strong>Die Kultur Montenegros<\/strong> ist ein reicher Teppich, gewebt aus Jahrhunderten k\u00fcnstlerischen, spirituellen und literarischen Erbes, gefeiert durch Galerien, Festivals und UNESCO-St\u00e4tten, die die tiefe Wertsch\u00e4tzung der Nation f\u00fcr die K\u00fcnste zeigen.<\/p>\n\n<hr class=\"wp-block-separator has-alpha-channel-opacity\"\/>\n\n<h2 class=\"wp-block-heading\">Historisches und k\u00fcnstlerisches Erbe<\/h2>\n\n<p>Die Beziehung der Montenegriner zur <strong>Kultur Montenegros<\/strong> und Kunst wird am besten durch das ber\u00fchmte Gem\u00e4lde von Jaroslav Cermak \u201eBewegung der Gem\u00e4lde aus dem Hof von Cetinje\u201c beschrieben, in dem die Montenegriner die Gem\u00e4lde retten, w\u00e4hrend sie vor der t\u00fcrkischen Armee zur\u00fcckweichen. Zahlreiche Galerien, Theater, Festivals und andere kulturelle Veranstaltungen zeigen, dass das montenegrinische Volk der Kultur viel Aufmerksamkeit schenkt.<\/p>\n\n<p>Die Vielfalt der Perioden, die in dieser Region aufeinander folgten, hat Spuren an vielen Orten in Montenegro hinterlassen. Vom Pal\u00e4olithikum \u00fcber die Bronzezeit bis hin zur Renaissance und zum Barock wurde die <strong>Kultur Montenegros<\/strong> mit kulturellem Erbe bereichert. Folglich wurde die hohe Konzentration k\u00fcnstlerischen und kulturellen Reichtums in der <a href=\"https:\/\/www.visit-montenegro.com\/de\/reiseziele\/kotor\/\">Bucht von Kotor<\/a> erkannt, sodass die Stadt <strong><a href=\"https:\/\/www.visit-montenegro.com\/de\/reiseziele\/kotor\/\">Kotor<\/a> in die UNESCO-Liste des kulturellen Erbes aufgenommen wurde.<\/strong><\/p>\n\n<h2 class=\"wp-block-heading\">Spirituelle und literarische Beitr\u00e4ge<\/h2>\n\n<p>Die \u00fcber Montenegro verstreuten Kl\u00f6ster, von der byzantinischen Zeit bis in die Moderne, offenbaren den spirituellen Reichtum der <strong>Kultur Montenegros<\/strong>. Jedes hat seine einzigartige Art, Besucher zu verzaubern. Eines davon ist das <strong><a href=\"https:\/\/www.visit-montenegro.com\/de\/kloster-ostrog\/\">Kloster Ostrog<\/a><\/strong>, das Menschen aus der ganzen Welt mit seiner au\u00dfergew\u00f6hnlichen spirituellen Kraft und einzigartigen Atmosph\u00e4re anzieht. In hohe Felsen gehauen, ist es als spirituelles und historisches Zentrum Montenegros sehr wichtig.<\/p>\n\n<figure class=\"wp-block-image size-large\"><a href=\"https:\/\/www.visit-montenegro.com\/de\/kloster-ostrog\/\"><img decoding=\"async\" width=\"1920\" height=\"1280\" alt=\"Kloster Ostrog\" sizes=\"auto, (min-width: 640px) 600px, calc(100vw - 30px)\" loading=\"lazy\" src=\"https:\/\/placehold.co\/800x600\"\/><\/a><figcaption class=\"wp-element-caption\">Kloster <a href=\"https:\/\/www.visit-montenegro.com\/de\/reiseziele\/niksic\/sehenswuerdigkeiten\/ostrog\/\">Ostrog<\/a><\/figcaption><\/figure>\n\n<p>Das gedruckte Wort in Montenegro reicht weit in die Geschichte zur\u00fcck. Achtunddrei\u00dfig Jahre nach Gutenbergs Bibel, im Jahr 1493, begann die erste Druckerei auf dem Balkan ihren Betrieb. Ein Jahr sp\u00e4ter wurde das erste Buch gedruckt \u2013 Oktoih (Okt\u00f6chos). All dies war eine Voraussetzung f\u00fcr die zuk\u00fcnftige Entwicklung der Literatur in der <strong>Kultur Montenegros<\/strong>. Durch Andrija Zmajevic, den barocken Dichter und Theologen, Petar I. und <strong>Petar II. Petrovi\u0107 Njego\u0161<\/strong>, einen der bekanntesten montenegrinischen Philosophen und Staatsm\u00e4nner, sowie Marko Miljanov und Stefan Mitrov Ljubisa wurde die montenegrinische Literatur international ber\u00fchmt.<\/p>\n\n<h2 class=\"wp-block-heading\">Moderner k\u00fcnstlerischer Einfluss<\/h2>\n\n<p>Die Maler leisteten einen gro\u00dfen Beitrag zum Erfolg der <strong>Kultur Montenegros<\/strong> in der Welt. Indem sie in andere Teile der Welt gingen, nahmen sie die montenegrinische Seele mit und \u00fcbermittelten sie anderen durch ihre Kunstwerke, wodurch sie die Welt verzauberten.<\/p>\n\n<p>Milo Milunovi\u0107, Petar Lubarda und Dado \u0110uri\u0107 sind nur einige in der Gruppe von K\u00fcnstlern, die Montenegro international auf bestm\u00f6gliche Weise pr\u00e4sentierten.<\/p>\n","protected":false},"excerpt":{"rendered":"<p>Erkunden Sie den reichen Teppich der Kultur Montenegros, von alten Kl\u00f6stern und UNESCO-St\u00e4tten bis zu literarischen Giganten und modernen K\u00fcnstlern. Entdecken Sie, wie Jahrhunderte des Erbes die k\u00fcnstlerische und spirituelle Identit\u00e4t dieser lebendigen Nation pr\u00e4gen.<\/p>\n","protected":false},"author":1,"featured_media":134437,"parent":133960,"menu_order":0,"comment_status":"open","ping_status":"open","template":"","meta":{"_yoast_wpseo_focuskw":"Montenegro Kultur","_yoast_wpseo_metadesc":"Entdecken Sie die Kultur Montenegros durch seine UNESCO-St\u00e4tten, spirituellen Kl\u00f6ster, literarische Geschichte und k\u00fcnstlerisches Erbe. Planen Sie Ihre Reise, um dieses lebendige Erbe zu erkunden.","_kad_post_transparent":"","_kad_post_title":"","_kad_post_layout":"","_kad_post_sidebar_id":"","_kad_post_content_style":"","_kad_post_vertical_padding":"","_kad_post_feature":"","_kad_post_feature_position":"","_kad_post_header":false,"_kad_post_footer":false,"_kad_post_classname":"","iawp_total_views":25,"footnotes":""},"tags":[],"class_list":["post-134436","page","type-page","status-publish","has-post-thumbnail","hentry"],"yoast_head":"<!-- This site is optimized with the Yoast SEO plugin v27.3 - https:\/\/yoast.com\/product\/yoast-seo-wordpress\/ -->\n<title>Montenegro Kultur - Visit Montenegro<\/title>\n<meta name=\"description\" content=\"Entdecken Sie die Kultur Montenegros durch seine UNESCO-St\u00e4tten, spirituellen Kl\u00f6ster, literarische Geschichte und k\u00fcnstlerisches Erbe. Planen Sie Ihre Reise, um dieses lebendige Erbe zu erkunden.\" \/>\n<meta name=\"robots\" content=\"index, follow, max-snippet:-1, max-image-preview:large, max-video-preview:-1\" \/>\n<link rel=\"canonical\" href=\"https:\/\/www.visit-montenegro.com\/de\/montenegro\/kultur\/\" \/>\n<meta property=\"og:locale\" content=\"de_DE\" \/>\n<meta property=\"og:type\" content=\"article\" \/>\n<meta property=\"og:title\" content=\"Montenegro Kultur - Visit Montenegro\" \/>\n<meta property=\"og:description\" content=\"Entdecken Sie die Kultur Montenegros durch seine UNESCO-St\u00e4tten, spirituellen Kl\u00f6ster, literarische Geschichte und k\u00fcnstlerisches Erbe. Planen Sie Ihre Reise, um dieses lebendige Erbe zu erkunden.\" \/>\n<meta property=\"og:url\" content=\"https:\/\/www.visit-montenegro.com\/de\/montenegro\/kultur\/\" \/>\n<meta property=\"og:site_name\" content=\"Visit Montenegro\" \/>\n<meta property=\"article:publisher\" content=\"https:\/\/www.facebook.com\/visitmontenegro\" \/>\n<meta property=\"article:modified_time\" content=\"2026-02-24T13:49:42+00:00\" \/>\n<meta property=\"og:image\" content=\"https:\/\/www.visit-montenegro.com\/wp-content\/uploads\/2026\/01\/lovcen-mausoleum-njegos-scaled.jpg\" \/>\n\t<meta property=\"og:image:width\" content=\"1600\" \/>\n\t<meta property=\"og:image:height\" content=\"1200\" \/>\n\t<meta property=\"og:image:type\" content=\"image\/jpeg\" \/>\n<meta name=\"twitter:card\" content=\"summary_large_image\" \/>\n<meta name=\"twitter:site\" content=\"@visitmontenegro\" \/>\n<meta name=\"twitter:label1\" content=\"Gesch\u00e4tzte Lesezeit\" \/>\n\t<meta name=\"twitter:data1\" content=\"2\u00a0Minuten\" \/>\n<script type=\"application\/ld+json\" class=\"yoast-schema-graph\">{\"@context\":\"https:\\\/\\\/schema.org\",\"@graph\":[{\"@type\":\"WebPage\",\"@id\":\"https:\\\/\\\/www.visit-montenegro.com\\\/de\\\/montenegro\\\/kultur\\\/\",\"url\":\"https:\\\/\\\/www.visit-montenegro.com\\\/de\\\/montenegro\\\/kultur\\\/\",\"name\":\"Montenegro Kultur - Visit Montenegro\",\"isPartOf\":{\"@id\":\"https:\\\/\\\/www.visit-montenegro.com\\\/de\\\/#website\"},\"primaryImageOfPage\":{\"@id\":\"https:\\\/\\\/www.visit-montenegro.com\\\/de\\\/montenegro\\\/kultur\\\/#primaryimage\"},\"image\":{\"@id\":\"https:\\\/\\\/www.visit-montenegro.com\\\/de\\\/montenegro\\\/kultur\\\/#primaryimage\"},\"thumbnailUrl\":\"https:\\\/\\\/www.visit-montenegro.com\\\/wp-content\\\/uploads\\\/2026\\\/01\\\/lovcen-mausoleum-njegos-scaled.jpg\",\"datePublished\":\"2026-01-28T18:16:58+00:00\",\"dateModified\":\"2026-02-24T13:49:42+00:00\",\"description\":\"Entdecken Sie die Kultur Montenegros durch seine UNESCO-St\u00e4tten, spirituellen Kl\u00f6ster, literarische Geschichte und k\u00fcnstlerisches Erbe. Planen Sie Ihre Reise, um dieses lebendige Erbe zu erkunden.\",\"breadcrumb\":{\"@id\":\"https:\\\/\\\/www.visit-montenegro.com\\\/de\\\/montenegro\\\/kultur\\\/#breadcrumb\"},\"inLanguage\":\"de\",\"potentialAction\":[{\"@type\":\"ReadAction\",\"target\":[\"https:\\\/\\\/www.visit-montenegro.com\\\/de\\\/montenegro\\\/kultur\\\/\"]}]},{\"@type\":\"ImageObject\",\"inLanguage\":\"de\",\"@id\":\"https:\\\/\\\/www.visit-montenegro.com\\\/de\\\/montenegro\\\/kultur\\\/#primaryimage\",\"url\":\"https:\\\/\\\/www.visit-montenegro.com\\\/wp-content\\\/uploads\\\/2026\\\/01\\\/lovcen-mausoleum-njegos-scaled.jpg\",\"contentUrl\":\"https:\\\/\\\/www.visit-montenegro.com\\\/wp-content\\\/uploads\\\/2026\\\/01\\\/lovcen-mausoleum-njegos-scaled.jpg\",\"width\":1600,\"height\":1200,\"caption\":\"Mausoleum des Lov\u0107en Nationalparks, Montenegro\"},{\"@type\":\"BreadcrumbList\",\"@id\":\"https:\\\/\\\/www.visit-montenegro.com\\\/de\\\/montenegro\\\/kultur\\\/#breadcrumb\",\"itemListElement\":[{\"@type\":\"ListItem\",\"position\":1,\"name\":\"Home\",\"item\":\"https:\\\/\\\/www.visit-montenegro.com\\\/de\\\/home\\\/\"},{\"@type\":\"ListItem\",\"position\":2,\"name\":\"Mehr \u00dcber Montenegro\",\"item\":\"https:\\\/\\\/www.visit-montenegro.com\\\/de\\\/montenegro\\\/\"},{\"@type\":\"ListItem\",\"position\":3,\"name\":\"Montenegro Kultur\"}]},{\"@type\":\"WebSite\",\"@id\":\"https:\\\/\\\/www.visit-montenegro.com\\\/de\\\/#website\",\"url\":\"https:\\\/\\\/www.visit-montenegro.com\\\/de\\\/\",\"name\":\"Visit Montenegro\",\"description\":\"Breathtaking beauty\",\"publisher\":{\"@id\":\"https:\\\/\\\/www.visit-montenegro.com\\\/de\\\/#organization\"},\"potentialAction\":[{\"@type\":\"SearchAction\",\"target\":{\"@type\":\"EntryPoint\",\"urlTemplate\":\"https:\\\/\\\/www.visit-montenegro.com\\\/de\\\/?s={search_term_string}\"},\"query-input\":{\"@type\":\"PropertyValueSpecification\",\"valueRequired\":true,\"valueName\":\"search_term_string\"}}],\"inLanguage\":\"de\"},{\"@type\":\"Organization\",\"@id\":\"https:\\\/\\\/www.visit-montenegro.com\\\/de\\\/#organization\",\"name\":\"Visit Montenegro\",\"url\":\"https:\\\/\\\/www.visit-montenegro.com\\\/de\\\/\",\"logo\":{\"@type\":\"ImageObject\",\"inLanguage\":\"de\",\"@id\":\"https:\\\/\\\/www.visit-montenegro.com\\\/de\\\/#\\\/schema\\\/logo\\\/image\\\/\",\"url\":\"https:\\\/\\\/www.visit-montenegro.com\\\/wp-content\\\/uploads\\\/2017\\\/10\\\/logo-amp.png\",\"contentUrl\":\"https:\\\/\\\/www.visit-montenegro.com\\\/wp-content\\\/uploads\\\/2017\\\/10\\\/logo-amp.png\",\"width\":190,\"height\":36,\"caption\":\"Visit Montenegro\"},\"image\":{\"@id\":\"https:\\\/\\\/www.visit-montenegro.com\\\/de\\\/#\\\/schema\\\/logo\\\/image\\\/\"},\"sameAs\":[\"https:\\\/\\\/www.facebook.com\\\/visitmontenegro\",\"https:\\\/\\\/x.com\\\/visitmontenegro\",\"https:\\\/\\\/www.instagram.com\\\/visit_montenegro\\\/\",\"https:\\\/\\\/www.youtube.com\\\/user\\\/VisitMontenegro\"]}]}<\/script>\n<!-- \/ Yoast SEO plugin. -->","yoast_head_json":{"title":"Montenegro Kultur - Visit Montenegro","description":"Entdecken Sie die Kultur Montenegros durch seine UNESCO-St\u00e4tten, spirituellen Kl\u00f6ster, literarische Geschichte und k\u00fcnstlerisches Erbe. Planen Sie Ihre Reise, um dieses lebendige Erbe zu erkunden.","robots":{"index":"index","follow":"follow","max-snippet":"max-snippet:-1","max-image-preview":"max-image-preview:large","max-video-preview":"max-video-preview:-1"},"canonical":"https:\/\/www.visit-montenegro.com\/de\/montenegro\/kultur\/","og_locale":"de_DE","og_type":"article","og_title":"Montenegro Kultur - Visit Montenegro","og_description":"Entdecken Sie die Kultur Montenegros durch seine UNESCO-St\u00e4tten, spirituellen Kl\u00f6ster, literarische Geschichte und k\u00fcnstlerisches Erbe. Planen Sie Ihre Reise, um dieses lebendige Erbe zu erkunden.","og_url":"https:\/\/www.visit-montenegro.com\/de\/montenegro\/kultur\/","og_site_name":"Visit Montenegro","article_publisher":"https:\/\/www.facebook.com\/visitmontenegro","article_modified_time":"2026-02-24T13:49:42+00:00","og_image":[{"width":1600,"height":1200,"url":"https:\/\/www.visit-montenegro.com\/wp-content\/uploads\/2026\/01\/lovcen-mausoleum-njegos-scaled.jpg","type":"image\/jpeg"}],"twitter_card":"summary_large_image","twitter_site":"@visitmontenegro","twitter_misc":{"Gesch\u00e4tzte Lesezeit":"2\u00a0Minuten"},"schema":{"@context":"https:\/\/schema.org","@graph":[{"@type":"WebPage","@id":"https:\/\/www.visit-montenegro.com\/de\/montenegro\/kultur\/","url":"https:\/\/www.visit-montenegro.com\/de\/montenegro\/kultur\/","name":"Montenegro Kultur - Visit Montenegro","isPartOf":{"@id":"https:\/\/www.visit-montenegro.com\/de\/#website"},"primaryImageOfPage":{"@id":"https:\/\/www.visit-montenegro.com\/de\/montenegro\/kultur\/#primaryimage"},"image":{"@id":"https:\/\/www.visit-montenegro.com\/de\/montenegro\/kultur\/#primaryimage"},"thumbnailUrl":"https:\/\/www.visit-montenegro.com\/wp-content\/uploads\/2026\/01\/lovcen-mausoleum-njegos-scaled.jpg","datePublished":"2026-01-28T18:16:58+00:00","dateModified":"2026-02-24T13:49:42+00:00","description":"Entdecken Sie die Kultur Montenegros durch seine UNESCO-St\u00e4tten, spirituellen Kl\u00f6ster, literarische Geschichte und k\u00fcnstlerisches Erbe. Planen Sie Ihre Reise, um dieses lebendige Erbe zu erkunden.","breadcrumb":{"@id":"https:\/\/www.visit-montenegro.com\/de\/montenegro\/kultur\/#breadcrumb"},"inLanguage":"de","potentialAction":[{"@type":"ReadAction","target":["https:\/\/www.visit-montenegro.com\/de\/montenegro\/kultur\/"]}]},{"@type":"ImageObject","inLanguage":"de","@id":"https:\/\/www.visit-montenegro.com\/de\/montenegro\/kultur\/#primaryimage","url":"https:\/\/www.visit-montenegro.com\/wp-content\/uploads\/2026\/01\/lovcen-mausoleum-njegos-scaled.jpg","contentUrl":"https:\/\/www.visit-montenegro.com\/wp-content\/uploads\/2026\/01\/lovcen-mausoleum-njegos-scaled.jpg","width":1600,"height":1200,"caption":"Mausoleum des Lov\u0107en Nationalparks, Montenegro"},{"@type":"BreadcrumbList","@id":"https:\/\/www.visit-montenegro.com\/de\/montenegro\/kultur\/#breadcrumb","itemListElement":[{"@type":"ListItem","position":1,"name":"Home","item":"https:\/\/www.visit-montenegro.com\/de\/home\/"},{"@type":"ListItem","position":2,"name":"Mehr \u00dcber Montenegro","item":"https:\/\/www.visit-montenegro.com\/de\/montenegro\/"},{"@type":"ListItem","position":3,"name":"Montenegro Kultur"}]},{"@type":"WebSite","@id":"https:\/\/www.visit-montenegro.com\/de\/#website","url":"https:\/\/www.visit-montenegro.com\/de\/","name":"Visit Montenegro","description":"Breathtaking beauty","publisher":{"@id":"https:\/\/www.visit-montenegro.com\/de\/#organization"},"potentialAction":[{"@type":"SearchAction","target":{"@type":"EntryPoint","urlTemplate":"https:\/\/www.visit-montenegro.com\/de\/?s={search_term_string}"},"query-input":{"@type":"PropertyValueSpecification","valueRequired":true,"valueName":"search_term_string"}}],"inLanguage":"de"},{"@type":"Organization","@id":"https:\/\/www.visit-montenegro.com\/de\/#organization","name":"Visit Montenegro","url":"https:\/\/www.visit-montenegro.com\/de\/","logo":{"@type":"ImageObject","inLanguage":"de","@id":"https:\/\/www.visit-montenegro.com\/de\/#\/schema\/logo\/image\/","url":"https:\/\/www.visit-montenegro.com\/wp-content\/uploads\/2017\/10\/logo-amp.png","contentUrl":"https:\/\/www.visit-montenegro.com\/wp-content\/uploads\/2017\/10\/logo-amp.png","width":190,"height":36,"caption":"Visit Montenegro"},"image":{"@id":"https:\/\/www.visit-montenegro.com\/de\/#\/schema\/logo\/image\/"},"sameAs":["https:\/\/www.facebook.com\/visitmontenegro","https:\/\/x.com\/visitmontenegro","https:\/\/www.instagram.com\/visit_montenegro\/","https:\/\/www.youtube.com\/user\/VisitMontenegro"]}]}},"translations":[],"_links":{"self":[{"href":"https:\/\/www.visit-montenegro.com\/de\/wp-json\/wp\/v2\/pages\/134436","targetHints":{"allow":["GET"]}}],"collection":[{"href":"https:\/\/www.visit-montenegro.com\/de\/wp-json\/wp\/v2\/pages"}],"about":[{"href":"https:\/\/www.visit-montenegro.com\/de\/wp-json\/wp\/v2\/types\/page"}],"author":[{"embeddable":true,"href":"https:\/\/www.visit-montenegro.com\/de\/wp-json\/wp\/v2\/users\/1"}],"replies":[{"embeddable":true,"href":"https:\/\/www.visit-montenegro.com\/de\/wp-json\/wp\/v2\/comments?post=134436"}],"version-history":[{"count":0,"href":"https:\/\/www.visit-montenegro.com\/de\/wp-json\/wp\/v2\/pages\/134436\/revisions"}],"up":[{"embeddable":true,"href":"https:\/\/www.visit-montenegro.com\/de\/wp-json\/wp\/v2\/pages\/133960"}],"wp:featuredmedia":[{"embeddable":true,"href":"https:\/\/www.visit-montenegro.com\/de\/wp-json\/wp\/v2\/media\/134437"}],"wp:attachment":[{"href":"https:\/\/www.visit-montenegro.com\/de\/wp-json\/wp\/v2\/media?parent=134436"}],"wp:term":[{"taxonomy":"post_tag","embeddable":true,"href":"https:\/\/www.visit-montenegro.com\/de\/wp-json\/wp\/v2\/tags?post=134436"}],"curies":[{"name":"wp","href":"https:\/\/api.w.org\/{rel}","templated":true}]}}