{"id":134442,"date":"2026-01-28T19:16:58","date_gmt":"2026-01-28T18:16:58","guid":{"rendered":"https:\/\/new.visit-montenegro.com\/montenegro\/traditionelle-montenegrinische-gerichte\/"},"modified":"2026-02-22T16:56:42","modified_gmt":"2026-02-22T15:56:42","slug":"traditionelle-montenegrinische-gerichte","status":"publish","type":"page","link":"https:\/\/www.visit-montenegro.com\/de\/montenegro\/traditionelle-montenegrinische-gerichte\/","title":{"rendered":"Montenegrinische K\u00fcche"},"content":{"rendered":"\n<p>Die montenegrinische K\u00fcche ist eine herzhafte und vielf\u00e4ltige kulinarische Tradition, die gro\u00dfe Portionen frischer, biologischer und geschmackvoller Gerichte bietet, die die K\u00fcsten-, Zentral- und Bergregionen des Landes widerspiegeln.<\/p>\n\n<hr class=\"wp-block-separator has-alpha-channel-opacity\"\/>\n\n<h2 class=\"wp-block-heading\">K\u00fcstenk\u00fcche<\/h2>\n\n<p>Die Portionen in der <strong>montenegrinischen K\u00fcche<\/strong> sind riesig und k\u00f6stlich, also machen Sie Ihren G\u00fcrtel locker, wenn Sie hier essen. Das Essen ist frisch, biologisch und geschmackvoll. Folglich ist die K\u00fcstenk\u00fcche voller Fisch, Meeresfr\u00fcchte und Oliven\u00f6l, gew\u00fcrzt mit Lorbeerbl\u00e4ttern, Petersilie, Zitrone und Knoblauch. K\u00f6stliche Fischsuppe, gegrillte Tintenfische, Fisch und Oktopus sind ein Muss, ebenso wie Meeresfr\u00fcchterisotto und schwarzes Risotto mit Tintenfischtinte.<\/p>\n\n<figure class=\"wp-block-image size-large\"><img loading=\"lazy\" decoding=\"async\" width=\"1024\" height=\"409\" src=\"https:\/\/www.visit-montenegro.com\/wp-content\/uploads\/2026\/02\/sea-food-1024x409.jpg\" alt=\"\" class=\"wp-image-133472\" srcset=\"https:\/\/www.visit-montenegro.com\/wp-content\/uploads\/2026\/02\/sea-food-1024x409.jpg 1024w, https:\/\/www.visit-montenegro.com\/wp-content\/uploads\/2026\/02\/sea-food-300x120.jpg 300w, https:\/\/www.visit-montenegro.com\/wp-content\/uploads\/2026\/02\/sea-food-768x307.jpg 768w, https:\/\/www.visit-montenegro.com\/wp-content\/uploads\/2026\/02\/sea-food-1536x614.jpg 1536w, https:\/\/www.visit-montenegro.com\/wp-content\/uploads\/2026\/02\/sea-food-2048x819.jpg 2048w, https:\/\/www.visit-montenegro.com\/wp-content\/uploads\/2026\/02\/sea-food-scaled.jpg 1600w\" sizes=\"auto, (max-width: 1024px) 100vw, 1024px\" \/><\/figure>\n\n<h2 class=\"wp-block-heading\">Zentrale und bergige Aromen<\/h2>\n\n<p>Der Geschmack des \u201eAlten Montenegros\u201c pr\u00e4gt den zentralen Teil des Landes, der vom Aroma von ger\u00e4uchertem Schinken (pr\u0161ut), Njegu\u0161ki-K\u00e4se und Gerichten vom Skadar-See wie Aal und ger\u00e4uchertem Karpfen dominiert wird. Au\u00dferdem k\u00f6nnen Sie hier K\u00f6nig-Nikola-Pfannkuchen bestellen, die aus Maismehl hergestellt, mit Waln\u00fcssen und lokalem Honig gef\u00fcllt und mit einer Sauce aus in Wein gekochten getrockneten Pflaumen betr\u00e4ufelt werden. Lecker!<\/p>\n\n<figure class=\"wp-block-image size-large\"><img loading=\"lazy\" decoding=\"async\" width=\"1024\" height=\"681\" src=\"https:\/\/www.visit-montenegro.com\/wp-content\/uploads\/2026\/01\/montenegrian-organic-food-1024x681.jpg\" alt=\"\" class=\"wp-image-36307\" srcset=\"https:\/\/www.visit-montenegro.com\/wp-content\/uploads\/2026\/01\/montenegrian-organic-food-1024x681.jpg 1024w, https:\/\/www.visit-montenegro.com\/wp-content\/uploads\/2026\/01\/montenegrian-organic-food-300x200.jpg 300w, https:\/\/www.visit-montenegro.com\/wp-content\/uploads\/2026\/01\/montenegrian-organic-food-768x511.jpg 768w, https:\/\/www.visit-montenegro.com\/wp-content\/uploads\/2026\/01\/montenegrian-organic-food-1536x1022.jpg 1536w, https:\/\/www.visit-montenegro.com\/wp-content\/uploads\/2026\/01\/montenegrian-organic-food-1200x798.jpg 1200w, https:\/\/www.visit-montenegro.com\/wp-content\/uploads\/2026\/01\/montenegrian-organic-food-scaled.jpg 1600w\" sizes=\"auto, (max-width: 1024px) 100vw, 1024px\" \/><\/figure>\n\n<p>In den Bergen ist das Essen schwerer und liefert Energie f\u00fcr kalte Wintern\u00e4chte. Fleisch und Gem\u00fcse werden unter einem Metalldeckel mit hei\u00dfer Kohle \u201eispod sa\u010da\u201c ger\u00f6stet. Tats\u00e4chlich ist auf diese Weise zubereitetes Lamm ein Muss-Delikatesse, die perfekt zu selbstgemachtem knusprigem Brot passt. Ka\u010damak ist ein Polenta-basiertes Gericht, gemischt mit Kartoffeln, K\u00e4se und Kajmak (\u00e4hnlich wie dicke Sahne), und ist ein Muss, um die Energie f\u00fcr Bergwanderungen aufrechtzuerhalten. Probieren Sie es. Es wird nur in den montenegrinischen Bergen hergestellt und passt gut zu selbstgemachter Sauermilch.<\/p>\n","protected":false},"excerpt":{"rendered":"<p>Entdecken Sie die herzhaften und vielf\u00e4ltigen Aromen der montenegrinischen K\u00fcche, von frischen K\u00fcstenmeeresfr\u00fcchten bis zu robusten Berggerichten. Erfahren Sie mehr \u00fcber Must-try-Spezialit\u00e4ten wie gegrillte Tintenfische, ger\u00e4ucherten Schinken und Ka\u010damak.<\/p>\n","protected":false},"author":1,"featured_media":134158,"parent":133960,"menu_order":0,"comment_status":"open","ping_status":"open","template":"","meta":{"_yoast_wpseo_focuskw":"Montenegrinische K\u00fcche","_yoast_wpseo_metadesc":"Entdecken Sie die montenegrinische K\u00fcche mit frischem Meeresfr\u00fcchten, ger\u00e4uchertem Fleisch und herzhaften Berggerichten. Planen Sie Ihr kulinarisches Abenteuer mit Must-try-Spezialit\u00e4ten und regionalen Aromen.","_kad_post_transparent":"","_kad_post_title":"","_kad_post_layout":"","_kad_post_sidebar_id":"","_kad_post_content_style":"","_kad_post_vertical_padding":"","_kad_post_feature":"","_kad_post_feature_position":"","_kad_post_header":false,"_kad_post_footer":false,"_kad_post_classname":"","iawp_total_views":45,"footnotes":""},"tags":[],"class_list":["post-134442","page","type-page","status-publish","has-post-thumbnail","hentry"],"yoast_head":"<!-- This site is optimized with the Yoast SEO plugin v27.3 - https:\/\/yoast.com\/product\/yoast-seo-wordpress\/ -->\n<title>Montenegrinische K\u00fcche - Visit Montenegro<\/title>\n<meta name=\"description\" content=\"Entdecken Sie die montenegrinische K\u00fcche mit frischem Meeresfr\u00fcchten, ger\u00e4uchertem Fleisch und herzhaften Berggerichten. Planen Sie Ihr kulinarisches Abenteuer mit Must-try-Spezialit\u00e4ten und regionalen Aromen.\" \/>\n<meta name=\"robots\" content=\"index, follow, max-snippet:-1, max-image-preview:large, max-video-preview:-1\" \/>\n<link rel=\"canonical\" href=\"https:\/\/www.visit-montenegro.com\/de\/montenegro\/traditionelle-montenegrinische-gerichte\/\" \/>\n<meta property=\"og:locale\" content=\"de_DE\" \/>\n<meta property=\"og:type\" content=\"article\" \/>\n<meta property=\"og:title\" content=\"Montenegrinische K\u00fcche - Visit Montenegro\" \/>\n<meta property=\"og:description\" content=\"Entdecken Sie die montenegrinische K\u00fcche mit frischem Meeresfr\u00fcchten, ger\u00e4uchertem Fleisch und herzhaften Berggerichten. Planen Sie Ihr kulinarisches Abenteuer mit Must-try-Spezialit\u00e4ten und regionalen Aromen.\" \/>\n<meta property=\"og:url\" content=\"https:\/\/www.visit-montenegro.com\/de\/montenegro\/traditionelle-montenegrinische-gerichte\/\" \/>\n<meta property=\"og:site_name\" content=\"Visit Montenegro\" \/>\n<meta property=\"article:publisher\" content=\"https:\/\/www.facebook.com\/visitmontenegro\" \/>\n<meta property=\"article:modified_time\" content=\"2026-02-22T15:56:42+00:00\" \/>\n<meta property=\"og:image\" content=\"https:\/\/www.visit-montenegro.com\/wp-content\/uploads\/2026\/01\/wine-on-balcony-scaled.jpg\" \/>\n\t<meta property=\"og:image:width\" content=\"1600\" \/>\n\t<meta property=\"og:image:height\" content=\"900\" \/>\n\t<meta property=\"og:image:type\" content=\"image\/jpeg\" \/>\n<meta name=\"twitter:card\" content=\"summary_large_image\" \/>\n<meta name=\"twitter:site\" content=\"@visitmontenegro\" \/>\n<meta name=\"twitter:label1\" content=\"Gesch\u00e4tzte Lesezeit\" \/>\n\t<meta name=\"twitter:data1\" content=\"1\u00a0Minute\" \/>\n<script type=\"application\/ld+json\" class=\"yoast-schema-graph\">{\"@context\":\"https:\\\/\\\/schema.org\",\"@graph\":[{\"@type\":\"WebPage\",\"@id\":\"https:\\\/\\\/www.visit-montenegro.com\\\/de\\\/montenegro\\\/traditionelle-montenegrinische-gerichte\\\/\",\"url\":\"https:\\\/\\\/www.visit-montenegro.com\\\/de\\\/montenegro\\\/traditionelle-montenegrinische-gerichte\\\/\",\"name\":\"Montenegrinische K\u00fcche - Visit Montenegro\",\"isPartOf\":{\"@id\":\"https:\\\/\\\/www.visit-montenegro.com\\\/de\\\/#website\"},\"primaryImageOfPage\":{\"@id\":\"https:\\\/\\\/www.visit-montenegro.com\\\/de\\\/montenegro\\\/traditionelle-montenegrinische-gerichte\\\/#primaryimage\"},\"image\":{\"@id\":\"https:\\\/\\\/www.visit-montenegro.com\\\/de\\\/montenegro\\\/traditionelle-montenegrinische-gerichte\\\/#primaryimage\"},\"thumbnailUrl\":\"https:\\\/\\\/www.visit-montenegro.com\\\/wp-content\\\/uploads\\\/2026\\\/01\\\/wine-on-balcony-scaled.jpg\",\"datePublished\":\"2026-01-28T18:16:58+00:00\",\"dateModified\":\"2026-02-22T15:56:42+00:00\",\"description\":\"Entdecken Sie die montenegrinische K\u00fcche mit frischem Meeresfr\u00fcchten, ger\u00e4uchertem Fleisch und herzhaften Berggerichten. Planen Sie Ihr kulinarisches Abenteuer mit Must-try-Spezialit\u00e4ten und regionalen Aromen.\",\"breadcrumb\":{\"@id\":\"https:\\\/\\\/www.visit-montenegro.com\\\/de\\\/montenegro\\\/traditionelle-montenegrinische-gerichte\\\/#breadcrumb\"},\"inLanguage\":\"de\",\"potentialAction\":[{\"@type\":\"ReadAction\",\"target\":[\"https:\\\/\\\/www.visit-montenegro.com\\\/de\\\/montenegro\\\/traditionelle-montenegrinische-gerichte\\\/\"]}]},{\"@type\":\"ImageObject\",\"inLanguage\":\"de\",\"@id\":\"https:\\\/\\\/www.visit-montenegro.com\\\/de\\\/montenegro\\\/traditionelle-montenegrinische-gerichte\\\/#primaryimage\",\"url\":\"https:\\\/\\\/www.visit-montenegro.com\\\/wp-content\\\/uploads\\\/2026\\\/01\\\/wine-on-balcony-scaled.jpg\",\"contentUrl\":\"https:\\\/\\\/www.visit-montenegro.com\\\/wp-content\\\/uploads\\\/2026\\\/01\\\/wine-on-balcony-scaled.jpg\",\"width\":1600,\"height\":900,\"caption\":\"Tisch mit lokalen Speisen und Wein auf dem heimischen Balkon. Fokus auf Essen. Sch\u00f6ne Aussicht vom Balkon auf ruhiges Meer und Berge. Austern mit Zitrone, Salat, Fleisch, Snacks und Flasche Sekt\"},{\"@type\":\"BreadcrumbList\",\"@id\":\"https:\\\/\\\/www.visit-montenegro.com\\\/de\\\/montenegro\\\/traditionelle-montenegrinische-gerichte\\\/#breadcrumb\",\"itemListElement\":[{\"@type\":\"ListItem\",\"position\":1,\"name\":\"Home\",\"item\":\"https:\\\/\\\/www.visit-montenegro.com\\\/de\\\/home\\\/\"},{\"@type\":\"ListItem\",\"position\":2,\"name\":\"Mehr \u00dcber Montenegro\",\"item\":\"https:\\\/\\\/www.visit-montenegro.com\\\/de\\\/montenegro\\\/\"},{\"@type\":\"ListItem\",\"position\":3,\"name\":\"Montenegrinische K\u00fcche\"}]},{\"@type\":\"WebSite\",\"@id\":\"https:\\\/\\\/www.visit-montenegro.com\\\/de\\\/#website\",\"url\":\"https:\\\/\\\/www.visit-montenegro.com\\\/de\\\/\",\"name\":\"Visit Montenegro\",\"description\":\"Breathtaking beauty\",\"publisher\":{\"@id\":\"https:\\\/\\\/www.visit-montenegro.com\\\/de\\\/#organization\"},\"potentialAction\":[{\"@type\":\"SearchAction\",\"target\":{\"@type\":\"EntryPoint\",\"urlTemplate\":\"https:\\\/\\\/www.visit-montenegro.com\\\/de\\\/?s={search_term_string}\"},\"query-input\":{\"@type\":\"PropertyValueSpecification\",\"valueRequired\":true,\"valueName\":\"search_term_string\"}}],\"inLanguage\":\"de\"},{\"@type\":\"Organization\",\"@id\":\"https:\\\/\\\/www.visit-montenegro.com\\\/de\\\/#organization\",\"name\":\"Visit Montenegro\",\"url\":\"https:\\\/\\\/www.visit-montenegro.com\\\/de\\\/\",\"logo\":{\"@type\":\"ImageObject\",\"inLanguage\":\"de\",\"@id\":\"https:\\\/\\\/www.visit-montenegro.com\\\/de\\\/#\\\/schema\\\/logo\\\/image\\\/\",\"url\":\"https:\\\/\\\/www.visit-montenegro.com\\\/wp-content\\\/uploads\\\/2017\\\/10\\\/logo-amp.png\",\"contentUrl\":\"https:\\\/\\\/www.visit-montenegro.com\\\/wp-content\\\/uploads\\\/2017\\\/10\\\/logo-amp.png\",\"width\":190,\"height\":36,\"caption\":\"Visit Montenegro\"},\"image\":{\"@id\":\"https:\\\/\\\/www.visit-montenegro.com\\\/de\\\/#\\\/schema\\\/logo\\\/image\\\/\"},\"sameAs\":[\"https:\\\/\\\/www.facebook.com\\\/visitmontenegro\",\"https:\\\/\\\/x.com\\\/visitmontenegro\",\"https:\\\/\\\/www.instagram.com\\\/visit_montenegro\\\/\",\"https:\\\/\\\/www.youtube.com\\\/user\\\/VisitMontenegro\"]}]}<\/script>\n<!-- \/ Yoast SEO plugin. -->","yoast_head_json":{"title":"Montenegrinische K\u00fcche - Visit Montenegro","description":"Entdecken Sie die montenegrinische K\u00fcche mit frischem Meeresfr\u00fcchten, ger\u00e4uchertem Fleisch und herzhaften Berggerichten. Planen Sie Ihr kulinarisches Abenteuer mit Must-try-Spezialit\u00e4ten und regionalen Aromen.","robots":{"index":"index","follow":"follow","max-snippet":"max-snippet:-1","max-image-preview":"max-image-preview:large","max-video-preview":"max-video-preview:-1"},"canonical":"https:\/\/www.visit-montenegro.com\/de\/montenegro\/traditionelle-montenegrinische-gerichte\/","og_locale":"de_DE","og_type":"article","og_title":"Montenegrinische K\u00fcche - Visit Montenegro","og_description":"Entdecken Sie die montenegrinische K\u00fcche mit frischem Meeresfr\u00fcchten, ger\u00e4uchertem Fleisch und herzhaften Berggerichten. Planen Sie Ihr kulinarisches Abenteuer mit Must-try-Spezialit\u00e4ten und regionalen Aromen.","og_url":"https:\/\/www.visit-montenegro.com\/de\/montenegro\/traditionelle-montenegrinische-gerichte\/","og_site_name":"Visit Montenegro","article_publisher":"https:\/\/www.facebook.com\/visitmontenegro","article_modified_time":"2026-02-22T15:56:42+00:00","og_image":[{"width":1600,"height":900,"url":"https:\/\/www.visit-montenegro.com\/wp-content\/uploads\/2026\/01\/wine-on-balcony-scaled.jpg","type":"image\/jpeg"}],"twitter_card":"summary_large_image","twitter_site":"@visitmontenegro","twitter_misc":{"Gesch\u00e4tzte Lesezeit":"1\u00a0Minute"},"schema":{"@context":"https:\/\/schema.org","@graph":[{"@type":"WebPage","@id":"https:\/\/www.visit-montenegro.com\/de\/montenegro\/traditionelle-montenegrinische-gerichte\/","url":"https:\/\/www.visit-montenegro.com\/de\/montenegro\/traditionelle-montenegrinische-gerichte\/","name":"Montenegrinische K\u00fcche - Visit Montenegro","isPartOf":{"@id":"https:\/\/www.visit-montenegro.com\/de\/#website"},"primaryImageOfPage":{"@id":"https:\/\/www.visit-montenegro.com\/de\/montenegro\/traditionelle-montenegrinische-gerichte\/#primaryimage"},"image":{"@id":"https:\/\/www.visit-montenegro.com\/de\/montenegro\/traditionelle-montenegrinische-gerichte\/#primaryimage"},"thumbnailUrl":"https:\/\/www.visit-montenegro.com\/wp-content\/uploads\/2026\/01\/wine-on-balcony-scaled.jpg","datePublished":"2026-01-28T18:16:58+00:00","dateModified":"2026-02-22T15:56:42+00:00","description":"Entdecken Sie die montenegrinische K\u00fcche mit frischem Meeresfr\u00fcchten, ger\u00e4uchertem Fleisch und herzhaften Berggerichten. Planen Sie Ihr kulinarisches Abenteuer mit Must-try-Spezialit\u00e4ten und regionalen Aromen.","breadcrumb":{"@id":"https:\/\/www.visit-montenegro.com\/de\/montenegro\/traditionelle-montenegrinische-gerichte\/#breadcrumb"},"inLanguage":"de","potentialAction":[{"@type":"ReadAction","target":["https:\/\/www.visit-montenegro.com\/de\/montenegro\/traditionelle-montenegrinische-gerichte\/"]}]},{"@type":"ImageObject","inLanguage":"de","@id":"https:\/\/www.visit-montenegro.com\/de\/montenegro\/traditionelle-montenegrinische-gerichte\/#primaryimage","url":"https:\/\/www.visit-montenegro.com\/wp-content\/uploads\/2026\/01\/wine-on-balcony-scaled.jpg","contentUrl":"https:\/\/www.visit-montenegro.com\/wp-content\/uploads\/2026\/01\/wine-on-balcony-scaled.jpg","width":1600,"height":900,"caption":"Tisch mit lokalen Speisen und Wein auf dem heimischen Balkon. Fokus auf Essen. Sch\u00f6ne Aussicht vom Balkon auf ruhiges Meer und Berge. Austern mit Zitrone, Salat, Fleisch, Snacks und Flasche Sekt"},{"@type":"BreadcrumbList","@id":"https:\/\/www.visit-montenegro.com\/de\/montenegro\/traditionelle-montenegrinische-gerichte\/#breadcrumb","itemListElement":[{"@type":"ListItem","position":1,"name":"Home","item":"https:\/\/www.visit-montenegro.com\/de\/home\/"},{"@type":"ListItem","position":2,"name":"Mehr \u00dcber Montenegro","item":"https:\/\/www.visit-montenegro.com\/de\/montenegro\/"},{"@type":"ListItem","position":3,"name":"Montenegrinische K\u00fcche"}]},{"@type":"WebSite","@id":"https:\/\/www.visit-montenegro.com\/de\/#website","url":"https:\/\/www.visit-montenegro.com\/de\/","name":"Visit Montenegro","description":"Breathtaking beauty","publisher":{"@id":"https:\/\/www.visit-montenegro.com\/de\/#organization"},"potentialAction":[{"@type":"SearchAction","target":{"@type":"EntryPoint","urlTemplate":"https:\/\/www.visit-montenegro.com\/de\/?s={search_term_string}"},"query-input":{"@type":"PropertyValueSpecification","valueRequired":true,"valueName":"search_term_string"}}],"inLanguage":"de"},{"@type":"Organization","@id":"https:\/\/www.visit-montenegro.com\/de\/#organization","name":"Visit Montenegro","url":"https:\/\/www.visit-montenegro.com\/de\/","logo":{"@type":"ImageObject","inLanguage":"de","@id":"https:\/\/www.visit-montenegro.com\/de\/#\/schema\/logo\/image\/","url":"https:\/\/www.visit-montenegro.com\/wp-content\/uploads\/2017\/10\/logo-amp.png","contentUrl":"https:\/\/www.visit-montenegro.com\/wp-content\/uploads\/2017\/10\/logo-amp.png","width":190,"height":36,"caption":"Visit Montenegro"},"image":{"@id":"https:\/\/www.visit-montenegro.com\/de\/#\/schema\/logo\/image\/"},"sameAs":["https:\/\/www.facebook.com\/visitmontenegro","https:\/\/x.com\/visitmontenegro","https:\/\/www.instagram.com\/visit_montenegro\/","https:\/\/www.youtube.com\/user\/VisitMontenegro"]}]}},"translations":[],"_links":{"self":[{"href":"https:\/\/www.visit-montenegro.com\/de\/wp-json\/wp\/v2\/pages\/134442","targetHints":{"allow":["GET"]}}],"collection":[{"href":"https:\/\/www.visit-montenegro.com\/de\/wp-json\/wp\/v2\/pages"}],"about":[{"href":"https:\/\/www.visit-montenegro.com\/de\/wp-json\/wp\/v2\/types\/page"}],"author":[{"embeddable":true,"href":"https:\/\/www.visit-montenegro.com\/de\/wp-json\/wp\/v2\/users\/1"}],"replies":[{"embeddable":true,"href":"https:\/\/www.visit-montenegro.com\/de\/wp-json\/wp\/v2\/comments?post=134442"}],"version-history":[{"count":0,"href":"https:\/\/www.visit-montenegro.com\/de\/wp-json\/wp\/v2\/pages\/134442\/revisions"}],"up":[{"embeddable":true,"href":"https:\/\/www.visit-montenegro.com\/de\/wp-json\/wp\/v2\/pages\/133960"}],"wp:featuredmedia":[{"embeddable":true,"href":"https:\/\/www.visit-montenegro.com\/de\/wp-json\/wp\/v2\/media\/134158"}],"wp:attachment":[{"href":"https:\/\/www.visit-montenegro.com\/de\/wp-json\/wp\/v2\/media?parent=134442"}],"wp:term":[{"taxonomy":"post_tag","embeddable":true,"href":"https:\/\/www.visit-montenegro.com\/de\/wp-json\/wp\/v2\/tags?post=134442"}],"curies":[{"name":"wp","href":"https:\/\/api.w.org\/{rel}","templated":true}]}}