{"id":134452,"date":"2026-01-28T19:16:58","date_gmt":"2026-01-28T18:16:58","guid":{"rendered":"https:\/\/new.visit-montenegro.com\/tourismus\/visas-and-montenegro-embassy\/"},"modified":"2026-02-22T16:56:42","modified_gmt":"2026-02-22T15:56:42","slug":"visas-and-montenegro-embassy","status":"publish","type":"page","link":"https:\/\/www.visit-montenegro.com\/de\/tourismus\/visas-and-montenegro-embassy\/","title":{"rendered":"Montenegro Botschaften und Konsulate"},"content":{"rendered":"\n<p>Planen Sie eine Reise nach Montenegro oder ben\u00f6tigen Sie konsularische Unterst\u00fctzung im Ausland? Dieses umfassende Verzeichnis listet alle Botschaften, Konsulate und diplomatischen Vertretungen Montenegros weltweit auf. Egal, ob Sie als Tourist Visa-Informationen suchen, als montenegrinischer Staatsb\u00fcrger dringende Hilfe ben\u00f6tigen oder als Gesch\u00e4ftspartner Kontakt aufnehmen m\u00f6chten \u2013 die richtige diplomatische Vertretung zu finden ist der erste Schritt.<\/p>\n\n<p>Entdecken Sie unsere aktuelle Liste montenegrinischer diplomatischer Vertretungen, vollst\u00e4ndig mit Adressen und Kontaktdaten f\u00fcr Missionen in Europa, Amerika und Asien.<\/p>\n\n<hr class=\"wp-block-separator has-alpha-channel-opacity\"\/>\n\n<h3 class=\"wp-block-heading\">Albanien<\/h3>\n\n<p><strong>Botschaft Montenegros in der Republik Albanien<\/strong><br\/>Adresse: Rruga Abdi Toptani 8, Tirana<\/p>\n\n<h3 class=\"wp-block-heading\">Argentinien<\/h3>\n\n<p><strong>Botschaft Montenegros in der Republik Argentinien<\/strong><br\/>Adresse: Libertad 1173, 1a<\/p>\n\n<h3 class=\"wp-block-heading\">\u00d6sterreich<\/h3>\n\n<p><strong>Botschaft Montenegros in der Republik \u00d6sterreich<\/strong><br\/>Adresse: Lothringerstrasse 16\/II\/3, 1030 Wien<\/p>\n\n<h3 class=\"wp-block-heading\">Belgien<\/h3>\n\n<p><strong>Botschaft Montenegros im K\u00f6nigreich Belgien<\/strong><br\/>Adresse: Rue du Tr\u00f4ne 117, 1050 Br\u00fcssel<\/p>\n\n<h3 class=\"wp-block-heading\">Bosnien und Herzegowina<\/h3>\n\n<p><strong>Botschaft Montenegros in Bosnien und Herzegowina<\/strong><br\/>Adresse: Ulica Dervi\u0161a Numi\u0107a broj 24A, Sarajevo<\/p>\n\n<h3 class=\"wp-block-heading\">Bulgarien<\/h3>\n\n<p><strong>Botschaft Montenegros in der Republik Bulgarien<\/strong><br\/>Adresse: Aleksandar \u017dendov 1, str.1, Ap 29<\/p>\n\n<h3 class=\"wp-block-heading\">China<\/h3>\n\n<p><strong>Botschaft Montenegros in der Volksrepublik China<\/strong><br\/>Adresse: 3-1-12 San Li Tun Diplomatic Compound, Peking<\/p>\n\n<h3 class=\"wp-block-heading\">Kroatien<\/h3>\n\n<p><strong>Botschaft Montenegros in der Republik Kroatien<\/strong><br\/>Adresse: Pantov\u010dak 27, 10 000 Zagreb<\/p>\n\n<h3 class=\"wp-block-heading\">D\u00e4nemark<\/h3>\n\n<p><strong>Botschaft Montenegros im K\u00f6nigreich D\u00e4nemark<\/strong><br\/>Adresse: Amaliegade 6, 1256 Kopenhagen<\/p>\n\n<h3 class=\"wp-block-heading\">Frankreich<\/h3>\n\n<p><strong>Botschaft Montenegros in der Republik Frankreich<\/strong><br\/>Adresse: 90 Bd Flandrin, 75116 Paris<\/p>\n\n<h3 class=\"wp-block-heading\">Deutschland<\/h3>\n\n<p><strong>Botschaft Montenegros in der Bundesrepublik Deutschland<\/strong><br\/>Adresse: Charlottenstra\u00dfe 35\/36, 10117 Berlin<\/p>\n\n<p><strong>Generalkonsulat Montenegros in Frankfurt<\/strong><br\/>Adresse: Zeil 5, D-60313, Frankfurt\/Main<\/p>\n\n<h3 class=\"wp-block-heading\">Griechenland<\/h3>\n\n<p><strong>Botschaft Montenegros in der Republik Griechenland, Athen<\/strong><br\/>Adresse: Loukianou 5, II sprat, 10675 Kolonaki<\/p>\n\n<h3 class=\"wp-block-heading\">Ungarn<\/h3>\n\n<p><strong>Botschaft Montenegros in der Republik Ungarn<\/strong><br\/>Adresse: Arany Janos 15, 1051 Budapest<\/p>\n\n<h3 class=\"wp-block-heading\">Italien<\/h3>\n\n<p><strong>Botschaft Montenegros in der Republik Italien<\/strong><br\/>Adresse: Via Giovanni Paisiello 27, 00198 Rom<\/p>\n\n<h3 class=\"wp-block-heading\">Kosovo<\/h3>\n\n<p><strong>Botschaft Montenegros in der Republik Kosovo<\/strong><br\/>Adresse: Trg Majke Tereze br: 28\/3, Pri\u0161tina<\/p>\n\n<h3 class=\"wp-block-heading\">Niederlande<\/h3>\n\n<p><strong>Botschaft Montenegros im K\u00f6nigreich der Niederlande<\/strong><br\/>Adresse: Mauritskade 33, III sprat, 2514 HD \u2013 Den Haag<\/p>\n\n<h3 class=\"wp-block-heading\">Nordmazedonien<\/h3>\n\n<p><strong>Botschaft Montenegros in der Republik Nordmazedonien<\/strong><br\/>Adresse: Vasil Stefanovski br. 7 Skopje<\/p>\n\n<h3 class=\"wp-block-heading\">Polen<\/h3>\n\n<p><strong>Botschaft Montenegros in der Republik Polen<\/strong><br\/>Adresse: Aleje Ujazdowskie 41, 00-540<\/p>\n\n<h3 class=\"wp-block-heading\">Rum\u00e4nien<\/h3>\n\n<p><strong>Botschaft Montenegros in Rum\u00e4nien<\/strong><br\/>Adresse: Str. Emanoil Porumbaru nr. 17, Sector 1, Bukarest<\/p>\n\n<h3 class=\"wp-block-heading\">Russische F\u00f6deration<\/h3>\n\n<p><strong>Botschaft Montenegros in der Russischen F\u00f6deration<\/strong><br\/>Adresse: Mytnaya Ulitsa, 3, Moskau<\/p>\n\n<h3 class=\"wp-block-heading\">Serbien<\/h3>\n\n<p><strong>Botschaft Montenegros in der Republik Serbien<\/strong><br\/>Adresse: Knez Mihajlova 10\/IV, Belgrad<\/p>\n\n<p><strong>Generalkonsulat Montenegros in Sremski Karlovci<\/strong><br\/>Adresse: Trg Branka Radi\u010devi\u0107a 1, 21 205 Sremski Karlovci<\/p>\n\n<h3 class=\"wp-block-heading\">Slowenien<\/h3>\n\n<p><strong>Botschaft Montenegros in der Republik Slowenien<\/strong><br\/>Adresse: Njego\u0161eva cesta 14, 1000 Ljubljana<\/p>\n\n<h3 class=\"wp-block-heading\">Spanien<\/h3>\n\n<p><strong>Botschaft Montenegros im K\u00f6nigreich Spanien<\/strong><br\/>Adresse: C\/Alcal\u00e1 89, bajo izquierda, 28009 Madrid<\/p>\n\n<h3 class=\"wp-block-heading\">Schweiz<\/h3>\n\n<p><strong>Botschaft Montenegros in der Schweizerischen Eidgenossenschaft<\/strong><br\/>Adresse: Christoffelgasse 7, 3011 Bern<\/p>\n\n<h3 class=\"wp-block-heading\">T\u00fcrkei (T\u00fcrkiye)<\/h3>\n\n<p><strong>Botschaft Montenegros in der Republik T\u00fcrkei<\/strong><br\/>Adresse: \u00c7ayhane Sokak 41\/10 G.O.P., Ankara<\/p>\n\n<p><strong>Generalkonsulat Montenegros in Istanbul<\/strong><br\/>Adresse: Harman Sok. No:5 Harmanc\u0131 Giz Plaza, Levent \/ ISTANBUL<\/p>\n\n<h3 class=\"wp-block-heading\">Ukraine<\/h3>\n\n<p><strong>Botschaft Montenegros in der Ukraine<\/strong><br\/>Adresse: Ulica Ivana Fedorova 12, 03150 Kiew<\/p>\n\n<h3 class=\"wp-block-heading\">Vereinigte Arabische Emirate<\/h3>\n\n<p><strong>Botschaft Montenegros in den Vereinigten Arabischen Emiraten<\/strong><br\/>Adresse: Villa Number 69, Rabdan Street, Abu Dhabi<\/p>\n\n<h3 class=\"wp-block-heading\">Vereinigtes K\u00f6nigreich<\/h3>\n\n<p><strong>Botschaft Montenegros im Vereinigten K\u00f6nigreich<\/strong><br\/>Adresse: 40 Cambridge Street, London, SW1V 4QH<\/p>\n\n<h3 class=\"wp-block-heading\">Vereinigte Staaten (USA)<\/h3>\n\n<p><strong>Botschaft Montenegros in den USA<\/strong><br\/>Adresse: 1610 New Hampshire Avenue, Washington, DC<\/p>\n\n<p><strong>Generalkonsulat Montenegros in New York<\/strong><br\/>Adresse: Second Avenue, 7th floor, New York, NY 10017<\/p>\n\n<h3 class=\"wp-block-heading\">Vatikan<\/h3>\n\n<p><strong>Botschaft Montenegros beim Heiligen Stuhl<\/strong><br\/>Adresse: Via dei Corridori, 48, 00193 Rom<\/p>\n\n<hr class=\"wp-block-separator has-alpha-channel-opacity\"\/>\n\n<h2 class=\"wp-block-heading\">Internationale Missionen<\/h2>\n\n<p><strong>EU (Br\u00fcssel):<\/strong>\u00a0Rue du Tr\u00f4ne 117-119, 1050 Ixelles<br\/><strong>Europarat (Stra\u00dfburg):<\/strong>\u00a018 all\u00e9e Spach, 67000 Stra\u00dfburg<br\/><strong>UN (New York):<\/strong>\u00a0801 Second Avenue, 7th Floor, New York, NY 10017<br\/><strong>UN (Genf):<\/strong>\u00a0Rue de Varembe 7, 1202, Genf<br\/><strong>OSZE (Wien):<\/strong>\u00a0Lothringerstrasse 16\/II\/EG, Top 3, 1030 Wien<br\/><strong>UNESCO (Paris):<\/strong>\u00a0216, Boulevard Saint Germain, 75007 Paris<\/p>\n","protected":false},"excerpt":{"rendered":"<p>Planen Sie eine Reise nach Montenegro oder ben\u00f6tigen Sie konsularische Unterst\u00fctzung im Ausland? Dieses umfassende Verzeichnis listet alle Botschaften, Konsulate und diplomatischen Vertretungen Montenegros weltweit auf. Egal, ob Sie als Tourist Visa-Informationen suchen, als montenegrinischer Staatsb\u00fcrger dringende Hilfe ben\u00f6tigen oder als Gesch\u00e4ftspartner Kontakt aufnehmen m\u00f6chten \u2013 die richtige diplomatische Vertretung zu finden ist der erste&#8230;<\/p>\n","protected":false},"author":1,"featured_media":134432,"parent":133964,"menu_order":0,"comment_status":"open","ping_status":"open","template":"","meta":{"_yoast_wpseo_focuskw":"","_yoast_wpseo_metadesc":"","_kad_post_transparent":"","_kad_post_title":"","_kad_post_layout":"","_kad_post_sidebar_id":"","_kad_post_content_style":"","_kad_post_vertical_padding":"","_kad_post_feature":"","_kad_post_feature_position":"","_kad_post_header":false,"_kad_post_footer":false,"_kad_post_classname":"","iawp_total_views":5,"footnotes":""},"tags":[],"class_list":["post-134452","page","type-page","status-publish","has-post-thumbnail","hentry"],"yoast_head":"<!-- This site is optimized with the Yoast SEO plugin v27.3 - https:\/\/yoast.com\/product\/yoast-seo-wordpress\/ -->\n<title>Montenegro Botschaften und Konsulate - Visit Montenegro<\/title>\n<meta name=\"robots\" content=\"index, follow, max-snippet:-1, max-image-preview:large, max-video-preview:-1\" \/>\n<link rel=\"canonical\" href=\"https:\/\/www.visit-montenegro.com\/de\/tourismus\/visas-and-montenegro-embassy\/\" \/>\n<meta property=\"og:locale\" content=\"de_DE\" \/>\n<meta property=\"og:type\" content=\"article\" \/>\n<meta property=\"og:title\" content=\"Montenegro Botschaften und Konsulate - Visit Montenegro\" \/>\n<meta property=\"og:description\" content=\"Planen Sie eine Reise nach Montenegro oder ben\u00f6tigen Sie konsularische Unterst\u00fctzung im Ausland? Dieses umfassende Verzeichnis listet alle Botschaften, Konsulate und diplomatischen Vertretungen Montenegros weltweit auf. Egal, ob Sie als Tourist Visa-Informationen suchen, als montenegrinischer Staatsb\u00fcrger dringende Hilfe ben\u00f6tigen oder als Gesch\u00e4ftspartner Kontakt aufnehmen m\u00f6chten \u2013 die richtige diplomatische Vertretung zu finden ist der erste...\" \/>\n<meta property=\"og:url\" content=\"https:\/\/www.visit-montenegro.com\/de\/tourismus\/visas-and-montenegro-embassy\/\" \/>\n<meta property=\"og:site_name\" content=\"Visit Montenegro\" \/>\n<meta property=\"article:publisher\" content=\"https:\/\/www.facebook.com\/visitmontenegro\" \/>\n<meta property=\"article:modified_time\" content=\"2026-02-22T15:56:42+00:00\" \/>\n<meta property=\"og:image\" content=\"https:\/\/www.visit-montenegro.com\/wp-content\/uploads\/2026\/02\/montenegro-flag.png\" \/>\n\t<meta property=\"og:image:width\" content=\"1600\" \/>\n\t<meta property=\"og:image:height\" content=\"800\" \/>\n\t<meta property=\"og:image:type\" content=\"image\/png\" \/>\n<meta name=\"twitter:card\" content=\"summary_large_image\" \/>\n<meta name=\"twitter:site\" content=\"@visitmontenegro\" \/>\n<meta name=\"twitter:label1\" content=\"Gesch\u00e4tzte Lesezeit\" \/>\n\t<meta name=\"twitter:data1\" content=\"3\u00a0Minuten\" \/>\n<script type=\"application\/ld+json\" class=\"yoast-schema-graph\">{\"@context\":\"https:\\\/\\\/schema.org\",\"@graph\":[{\"@type\":\"WebPage\",\"@id\":\"https:\\\/\\\/www.visit-montenegro.com\\\/de\\\/tourismus\\\/visas-and-montenegro-embassy\\\/\",\"url\":\"https:\\\/\\\/www.visit-montenegro.com\\\/de\\\/tourismus\\\/visas-and-montenegro-embassy\\\/\",\"name\":\"Montenegro Botschaften und Konsulate - Visit Montenegro\",\"isPartOf\":{\"@id\":\"https:\\\/\\\/www.visit-montenegro.com\\\/de\\\/#website\"},\"primaryImageOfPage\":{\"@id\":\"https:\\\/\\\/www.visit-montenegro.com\\\/de\\\/tourismus\\\/visas-and-montenegro-embassy\\\/#primaryimage\"},\"image\":{\"@id\":\"https:\\\/\\\/www.visit-montenegro.com\\\/de\\\/tourismus\\\/visas-and-montenegro-embassy\\\/#primaryimage\"},\"thumbnailUrl\":\"https:\\\/\\\/www.visit-montenegro.com\\\/wp-content\\\/uploads\\\/2026\\\/02\\\/montenegro-flag.png\",\"datePublished\":\"2026-01-28T18:16:58+00:00\",\"dateModified\":\"2026-02-22T15:56:42+00:00\",\"breadcrumb\":{\"@id\":\"https:\\\/\\\/www.visit-montenegro.com\\\/de\\\/tourismus\\\/visas-and-montenegro-embassy\\\/#breadcrumb\"},\"inLanguage\":\"de\",\"potentialAction\":[{\"@type\":\"ReadAction\",\"target\":[\"https:\\\/\\\/www.visit-montenegro.com\\\/de\\\/tourismus\\\/visas-and-montenegro-embassy\\\/\"]}]},{\"@type\":\"ImageObject\",\"inLanguage\":\"de\",\"@id\":\"https:\\\/\\\/www.visit-montenegro.com\\\/de\\\/tourismus\\\/visas-and-montenegro-embassy\\\/#primaryimage\",\"url\":\"https:\\\/\\\/www.visit-montenegro.com\\\/wp-content\\\/uploads\\\/2026\\\/02\\\/montenegro-flag.png\",\"contentUrl\":\"https:\\\/\\\/www.visit-montenegro.com\\\/wp-content\\\/uploads\\\/2026\\\/02\\\/montenegro-flag.png\",\"width\":1600,\"height\":800},{\"@type\":\"BreadcrumbList\",\"@id\":\"https:\\\/\\\/www.visit-montenegro.com\\\/de\\\/tourismus\\\/visas-and-montenegro-embassy\\\/#breadcrumb\",\"itemListElement\":[{\"@type\":\"ListItem\",\"position\":1,\"name\":\"Home\",\"item\":\"https:\\\/\\\/www.visit-montenegro.com\\\/de\\\/home\\\/\"},{\"@type\":\"ListItem\",\"position\":2,\"name\":\"Tourismus in Montenegro\",\"item\":\"https:\\\/\\\/www.visit-montenegro.com\\\/de\\\/tourismus\\\/\"},{\"@type\":\"ListItem\",\"position\":3,\"name\":\"Montenegro Botschaften und Konsulate\"}]},{\"@type\":\"WebSite\",\"@id\":\"https:\\\/\\\/www.visit-montenegro.com\\\/de\\\/#website\",\"url\":\"https:\\\/\\\/www.visit-montenegro.com\\\/de\\\/\",\"name\":\"Visit Montenegro\",\"description\":\"Breathtaking beauty\",\"publisher\":{\"@id\":\"https:\\\/\\\/www.visit-montenegro.com\\\/de\\\/#organization\"},\"potentialAction\":[{\"@type\":\"SearchAction\",\"target\":{\"@type\":\"EntryPoint\",\"urlTemplate\":\"https:\\\/\\\/www.visit-montenegro.com\\\/de\\\/?s={search_term_string}\"},\"query-input\":{\"@type\":\"PropertyValueSpecification\",\"valueRequired\":true,\"valueName\":\"search_term_string\"}}],\"inLanguage\":\"de\"},{\"@type\":\"Organization\",\"@id\":\"https:\\\/\\\/www.visit-montenegro.com\\\/de\\\/#organization\",\"name\":\"Visit Montenegro\",\"url\":\"https:\\\/\\\/www.visit-montenegro.com\\\/de\\\/\",\"logo\":{\"@type\":\"ImageObject\",\"inLanguage\":\"de\",\"@id\":\"https:\\\/\\\/www.visit-montenegro.com\\\/de\\\/#\\\/schema\\\/logo\\\/image\\\/\",\"url\":\"https:\\\/\\\/www.visit-montenegro.com\\\/wp-content\\\/uploads\\\/2017\\\/10\\\/logo-amp.png\",\"contentUrl\":\"https:\\\/\\\/www.visit-montenegro.com\\\/wp-content\\\/uploads\\\/2017\\\/10\\\/logo-amp.png\",\"width\":190,\"height\":36,\"caption\":\"Visit Montenegro\"},\"image\":{\"@id\":\"https:\\\/\\\/www.visit-montenegro.com\\\/de\\\/#\\\/schema\\\/logo\\\/image\\\/\"},\"sameAs\":[\"https:\\\/\\\/www.facebook.com\\\/visitmontenegro\",\"https:\\\/\\\/x.com\\\/visitmontenegro\",\"https:\\\/\\\/www.instagram.com\\\/visit_montenegro\\\/\",\"https:\\\/\\\/www.youtube.com\\\/user\\\/VisitMontenegro\"]}]}<\/script>\n<!-- \/ Yoast SEO plugin. -->","yoast_head_json":{"title":"Montenegro Botschaften und Konsulate - Visit Montenegro","robots":{"index":"index","follow":"follow","max-snippet":"max-snippet:-1","max-image-preview":"max-image-preview:large","max-video-preview":"max-video-preview:-1"},"canonical":"https:\/\/www.visit-montenegro.com\/de\/tourismus\/visas-and-montenegro-embassy\/","og_locale":"de_DE","og_type":"article","og_title":"Montenegro Botschaften und Konsulate - Visit Montenegro","og_description":"Planen Sie eine Reise nach Montenegro oder ben\u00f6tigen Sie konsularische Unterst\u00fctzung im Ausland? Dieses umfassende Verzeichnis listet alle Botschaften, Konsulate und diplomatischen Vertretungen Montenegros weltweit auf. Egal, ob Sie als Tourist Visa-Informationen suchen, als montenegrinischer Staatsb\u00fcrger dringende Hilfe ben\u00f6tigen oder als Gesch\u00e4ftspartner Kontakt aufnehmen m\u00f6chten \u2013 die richtige diplomatische Vertretung zu finden ist der erste...","og_url":"https:\/\/www.visit-montenegro.com\/de\/tourismus\/visas-and-montenegro-embassy\/","og_site_name":"Visit Montenegro","article_publisher":"https:\/\/www.facebook.com\/visitmontenegro","article_modified_time":"2026-02-22T15:56:42+00:00","og_image":[{"width":1600,"height":800,"url":"https:\/\/www.visit-montenegro.com\/wp-content\/uploads\/2026\/02\/montenegro-flag.png","type":"image\/png"}],"twitter_card":"summary_large_image","twitter_site":"@visitmontenegro","twitter_misc":{"Gesch\u00e4tzte Lesezeit":"3\u00a0Minuten"},"schema":{"@context":"https:\/\/schema.org","@graph":[{"@type":"WebPage","@id":"https:\/\/www.visit-montenegro.com\/de\/tourismus\/visas-and-montenegro-embassy\/","url":"https:\/\/www.visit-montenegro.com\/de\/tourismus\/visas-and-montenegro-embassy\/","name":"Montenegro Botschaften und Konsulate - Visit Montenegro","isPartOf":{"@id":"https:\/\/www.visit-montenegro.com\/de\/#website"},"primaryImageOfPage":{"@id":"https:\/\/www.visit-montenegro.com\/de\/tourismus\/visas-and-montenegro-embassy\/#primaryimage"},"image":{"@id":"https:\/\/www.visit-montenegro.com\/de\/tourismus\/visas-and-montenegro-embassy\/#primaryimage"},"thumbnailUrl":"https:\/\/www.visit-montenegro.com\/wp-content\/uploads\/2026\/02\/montenegro-flag.png","datePublished":"2026-01-28T18:16:58+00:00","dateModified":"2026-02-22T15:56:42+00:00","breadcrumb":{"@id":"https:\/\/www.visit-montenegro.com\/de\/tourismus\/visas-and-montenegro-embassy\/#breadcrumb"},"inLanguage":"de","potentialAction":[{"@type":"ReadAction","target":["https:\/\/www.visit-montenegro.com\/de\/tourismus\/visas-and-montenegro-embassy\/"]}]},{"@type":"ImageObject","inLanguage":"de","@id":"https:\/\/www.visit-montenegro.com\/de\/tourismus\/visas-and-montenegro-embassy\/#primaryimage","url":"https:\/\/www.visit-montenegro.com\/wp-content\/uploads\/2026\/02\/montenegro-flag.png","contentUrl":"https:\/\/www.visit-montenegro.com\/wp-content\/uploads\/2026\/02\/montenegro-flag.png","width":1600,"height":800},{"@type":"BreadcrumbList","@id":"https:\/\/www.visit-montenegro.com\/de\/tourismus\/visas-and-montenegro-embassy\/#breadcrumb","itemListElement":[{"@type":"ListItem","position":1,"name":"Home","item":"https:\/\/www.visit-montenegro.com\/de\/home\/"},{"@type":"ListItem","position":2,"name":"Tourismus in Montenegro","item":"https:\/\/www.visit-montenegro.com\/de\/tourismus\/"},{"@type":"ListItem","position":3,"name":"Montenegro Botschaften und Konsulate"}]},{"@type":"WebSite","@id":"https:\/\/www.visit-montenegro.com\/de\/#website","url":"https:\/\/www.visit-montenegro.com\/de\/","name":"Visit Montenegro","description":"Breathtaking beauty","publisher":{"@id":"https:\/\/www.visit-montenegro.com\/de\/#organization"},"potentialAction":[{"@type":"SearchAction","target":{"@type":"EntryPoint","urlTemplate":"https:\/\/www.visit-montenegro.com\/de\/?s={search_term_string}"},"query-input":{"@type":"PropertyValueSpecification","valueRequired":true,"valueName":"search_term_string"}}],"inLanguage":"de"},{"@type":"Organization","@id":"https:\/\/www.visit-montenegro.com\/de\/#organization","name":"Visit Montenegro","url":"https:\/\/www.visit-montenegro.com\/de\/","logo":{"@type":"ImageObject","inLanguage":"de","@id":"https:\/\/www.visit-montenegro.com\/de\/#\/schema\/logo\/image\/","url":"https:\/\/www.visit-montenegro.com\/wp-content\/uploads\/2017\/10\/logo-amp.png","contentUrl":"https:\/\/www.visit-montenegro.com\/wp-content\/uploads\/2017\/10\/logo-amp.png","width":190,"height":36,"caption":"Visit Montenegro"},"image":{"@id":"https:\/\/www.visit-montenegro.com\/de\/#\/schema\/logo\/image\/"},"sameAs":["https:\/\/www.facebook.com\/visitmontenegro","https:\/\/x.com\/visitmontenegro","https:\/\/www.instagram.com\/visit_montenegro\/","https:\/\/www.youtube.com\/user\/VisitMontenegro"]}]}},"translations":[],"_links":{"self":[{"href":"https:\/\/www.visit-montenegro.com\/de\/wp-json\/wp\/v2\/pages\/134452","targetHints":{"allow":["GET"]}}],"collection":[{"href":"https:\/\/www.visit-montenegro.com\/de\/wp-json\/wp\/v2\/pages"}],"about":[{"href":"https:\/\/www.visit-montenegro.com\/de\/wp-json\/wp\/v2\/types\/page"}],"author":[{"embeddable":true,"href":"https:\/\/www.visit-montenegro.com\/de\/wp-json\/wp\/v2\/users\/1"}],"replies":[{"embeddable":true,"href":"https:\/\/www.visit-montenegro.com\/de\/wp-json\/wp\/v2\/comments?post=134452"}],"version-history":[{"count":0,"href":"https:\/\/www.visit-montenegro.com\/de\/wp-json\/wp\/v2\/pages\/134452\/revisions"}],"up":[{"embeddable":true,"href":"https:\/\/www.visit-montenegro.com\/de\/wp-json\/wp\/v2\/pages\/133964"}],"wp:featuredmedia":[{"embeddable":true,"href":"https:\/\/www.visit-montenegro.com\/de\/wp-json\/wp\/v2\/media\/134432"}],"wp:attachment":[{"href":"https:\/\/www.visit-montenegro.com\/de\/wp-json\/wp\/v2\/media?parent=134452"}],"wp:term":[{"taxonomy":"post_tag","embeddable":true,"href":"https:\/\/www.visit-montenegro.com\/de\/wp-json\/wp\/v2\/tags?post=134452"}],"curies":[{"name":"wp","href":"https:\/\/api.w.org\/{rel}","templated":true}]}}