{"id":134456,"date":"2026-01-28T19:16:58","date_gmt":"2026-01-28T18:16:58","guid":{"rendered":"https:\/\/new.visit-montenegro.com\/tourismus\/where-is-montenegro\/"},"modified":"2026-02-22T16:56:42","modified_gmt":"2026-02-22T15:56:42","slug":"where-is-montenegro","status":"publish","type":"page","link":"https:\/\/www.visit-montenegro.com\/de\/tourismus\/where-is-montenegro\/","title":{"rendered":"Wo liegt Montenegro?"},"content":{"rendered":"\n<p>Montenegro ist ein kleines, bergiges Land in S\u00fcdosteuropa an der Adria, bekannt f\u00fcr seine atemberaubende nat\u00fcrliche Sch\u00f6nheit, mediterrane Kultur und vielf\u00e4ltige Landschaften von Str\u00e4nden bis zu schneebedeckten Gipfeln.<\/p>\n\n<hr class=\"wp-block-separator has-alpha-channel-opacity\"\/>\n\n<h2 class=\"wp-block-heading\">Montenegros Identit\u00e4t und Lage verstehen<\/h2>\n\n<p>Nein, nein, nein\u2026 Montenegro liegt nicht in Lateinamerika\u2026 obwohl der Name lateinischen Ursprungs ist. Und nein, es ist nicht in der N\u00e4he von Russland, obwohl Montenegriner einen starken slawischen Akzent haben\u2026 Den gleichen, den Melania Trump hat.<\/p>\n\n<p>Montenegro bedeutet \u201eschwarzer Berg\u201c. Und ja, es ist ein bergiges Land. Und ja, seine W\u00e4lder sind dicht und undurchdringlich, besonders wenn man tiefer in sie eindringt. W\u00f6lfe und B\u00e4ren sind immer noch da. Aber keine Angst, Sie sind kein Lamm.<\/p>\n\n<p>Montenegro ist ein kleines Land im S\u00fcdosten Europas, neben Kroatien und gegen\u00fcber von Italien. Es liegt an der Adria und hat eine mediterrane Energie. Das bedeutet, dass seine Menschen laut sind und heftig gestikulieren, wenn sie ihre Zuneigung zeigen.<\/p>\n\n<figure class=\"wp-block-image size-large\"><img loading=\"lazy\" decoding=\"async\" width=\"1024\" height=\"576\" src=\"https:\/\/www.visit-montenegro.com\/wp-content\/uploads\/2026\/01\/where-is-montenegro-1024x576.jpg\" alt=\"\" class=\"wp-image-36337\" srcset=\"https:\/\/www.visit-montenegro.com\/wp-content\/uploads\/2026\/01\/where-is-montenegro-1024x576.jpg 1024w, https:\/\/www.visit-montenegro.com\/wp-content\/uploads\/2026\/01\/where-is-montenegro-300x169.jpg 300w, https:\/\/www.visit-montenegro.com\/wp-content\/uploads\/2026\/01\/where-is-montenegro-768x432.jpg 768w, https:\/\/www.visit-montenegro.com\/wp-content\/uploads\/2026\/01\/where-is-montenegro.jpg 1080w\" sizes=\"auto, (max-width: 1024px) 100vw, 1024px\" \/><figcaption class=\"wp-element-caption\">Montenegro auf der Europakarte<\/figcaption><\/figure>\n\n<p>Montenegro ist das kleinste Kind Jugoslawiens, seit 2006 unabh\u00e4ngig und strebt derzeit zur Weltspitze der Reiseziele. Etwa eine Stunde mit dem Flugzeug von Rom entfernt, weniger als zwei von Paris oder Istanbul oder f\u00fcnf von Dubai, ist Montenegro dem Rest der Welt nah. Es ist ein Ort, an dem man an einem Tag im Meer schwimmen und auf schneebedeckten Berggipfeln wandern gehen kann. Es ist ein Ort, an dem man zwischen h\u00f6chstem Luxus und Minimalismus w\u00e4hlen kann. Zwischen Adrenalinrausch oder v\u00f6lliger Gelassenheit. Hier kann man sich verstecken oder sich der Menge anschlie\u00dfen. Hier kann man alles nehmen.<\/p>\n\n<h2 class=\"wp-block-heading\">Montenegros einzigartige Merkmale und Attraktionen<\/h2>\n\n<p>Dies ist das siebtkleinste Land Europas mit weniger als einer Million Einwohnern. Was die Gr\u00f6\u00dfe betrifft, gl\u00e4nzt Montenegro mit dem tiefsten Canyon Europas, dem gr\u00f6\u00dften See des Balkans, dem l\u00e4ngsten unterirdischen Fluss, den gr\u00f6\u00dften Menschen der Welt. Nun ja\u2026 den zweitgr\u00f6\u00dften. Dies ist das Land der s\u00fcdlichsten Bucht glazialen Ursprungs, des saubersten Flusses und eines der letzten Regenw\u00e4lder Europas, des \u00e4ltesten Olivenbaums, des letzten Pelikanresorts und der w\u00e4rmsten europ\u00e4ischen Stadt im Sommer.<\/p>\n\n<p>Montenegro ist ein winziges Land, in dem die Natur atemberaubend sch\u00f6n ist, wo sich Mythen vor Ihren Augen entfalten, wo gro\u00dfartige Erinnerungen geschaffen werden und wo gro\u00dfe, herzliche Herzen schlagen. Das ist ungef\u00e4hr die Gr\u00f6\u00dfe davon. Das ist <strong>wo Montenegro liegt<\/strong>.<\/p>\n","protected":false},"excerpt":{"rendered":"<p>Entdecken Sie Montenegro, ein kleines europ\u00e4isches Juwel an der Adria. Von seinen bergigen Landschaften bis zum mediterranen Charme bietet es vielf\u00e4ltige Erlebnisse wie Schwimmen und Wandern an einem Tag. Lernen Sie seine einzigartigen Merkmale und gastfreundliche Kultur kennen.<\/p>\n","protected":false},"author":1,"featured_media":133680,"parent":133964,"menu_order":0,"comment_status":"open","ping_status":"open","template":"","meta":{"_yoast_wpseo_focuskw":"Wo liegt Montenegro?","_yoast_wpseo_metadesc":"Erfahren Sie, wo Montenegro in Europa liegt, seine atemberaubende nat\u00fcrliche Sch\u00f6nheit und warum es ein Top-Reiseziel ist. Planen Sie Ihre Reise in dieses Adriaparadies.","_kad_post_transparent":"","_kad_post_title":"","_kad_post_layout":"","_kad_post_sidebar_id":"","_kad_post_content_style":"","_kad_post_vertical_padding":"","_kad_post_feature":"","_kad_post_feature_position":"","_kad_post_header":false,"_kad_post_footer":false,"_kad_post_classname":"","iawp_total_views":17,"footnotes":""},"tags":[],"class_list":["post-134456","page","type-page","status-publish","has-post-thumbnail","hentry"],"yoast_head":"<!-- This site is optimized with the Yoast SEO plugin v27.3 - https:\/\/yoast.com\/product\/yoast-seo-wordpress\/ -->\n<title>Wo liegt Montenegro? - Visit Montenegro<\/title>\n<meta name=\"description\" content=\"Erfahren Sie, wo Montenegro in Europa liegt, seine atemberaubende nat\u00fcrliche Sch\u00f6nheit und warum es ein Top-Reiseziel ist. Planen Sie Ihre Reise in dieses Adriaparadies.\" \/>\n<meta name=\"robots\" content=\"index, follow, max-snippet:-1, max-image-preview:large, max-video-preview:-1\" \/>\n<link rel=\"canonical\" href=\"https:\/\/www.visit-montenegro.com\/de\/tourismus\/where-is-montenegro\/\" \/>\n<meta property=\"og:locale\" content=\"de_DE\" \/>\n<meta property=\"og:type\" content=\"article\" \/>\n<meta property=\"og:title\" content=\"Wo liegt Montenegro? - Visit Montenegro\" \/>\n<meta property=\"og:description\" content=\"Erfahren Sie, wo Montenegro in Europa liegt, seine atemberaubende nat\u00fcrliche Sch\u00f6nheit und warum es ein Top-Reiseziel ist. Planen Sie Ihre Reise in dieses Adriaparadies.\" \/>\n<meta property=\"og:url\" content=\"https:\/\/www.visit-montenegro.com\/de\/tourismus\/where-is-montenegro\/\" \/>\n<meta property=\"og:site_name\" content=\"Visit Montenegro\" \/>\n<meta property=\"article:publisher\" content=\"https:\/\/www.facebook.com\/visitmontenegro\" \/>\n<meta property=\"article:modified_time\" content=\"2026-02-22T15:56:42+00:00\" \/>\n<meta property=\"og:image\" content=\"https:\/\/www.visit-montenegro.com\/wp-content\/uploads\/2026\/01\/montenegro-sign-scaled.jpg\" \/>\n\t<meta property=\"og:image:width\" content=\"1600\" \/>\n\t<meta property=\"og:image:height\" content=\"1038\" \/>\n\t<meta property=\"og:image:type\" content=\"image\/jpeg\" \/>\n<meta name=\"twitter:card\" content=\"summary_large_image\" \/>\n<meta name=\"twitter:site\" content=\"@visitmontenegro\" \/>\n<meta name=\"twitter:label1\" content=\"Gesch\u00e4tzte Lesezeit\" \/>\n\t<meta name=\"twitter:data1\" content=\"2\u00a0Minuten\" \/>\n<script type=\"application\/ld+json\" class=\"yoast-schema-graph\">{\"@context\":\"https:\\\/\\\/schema.org\",\"@graph\":[{\"@type\":\"WebPage\",\"@id\":\"https:\\\/\\\/www.visit-montenegro.com\\\/de\\\/tourismus\\\/where-is-montenegro\\\/\",\"url\":\"https:\\\/\\\/www.visit-montenegro.com\\\/de\\\/tourismus\\\/where-is-montenegro\\\/\",\"name\":\"Wo liegt Montenegro? - Visit Montenegro\",\"isPartOf\":{\"@id\":\"https:\\\/\\\/www.visit-montenegro.com\\\/de\\\/#website\"},\"primaryImageOfPage\":{\"@id\":\"https:\\\/\\\/www.visit-montenegro.com\\\/de\\\/tourismus\\\/where-is-montenegro\\\/#primaryimage\"},\"image\":{\"@id\":\"https:\\\/\\\/www.visit-montenegro.com\\\/de\\\/tourismus\\\/where-is-montenegro\\\/#primaryimage\"},\"thumbnailUrl\":\"https:\\\/\\\/www.visit-montenegro.com\\\/wp-content\\\/uploads\\\/2026\\\/01\\\/montenegro-sign-scaled.jpg\",\"datePublished\":\"2026-01-28T18:16:58+00:00\",\"dateModified\":\"2026-02-22T15:56:42+00:00\",\"description\":\"Erfahren Sie, wo Montenegro in Europa liegt, seine atemberaubende nat\u00fcrliche Sch\u00f6nheit und warum es ein Top-Reiseziel ist. Planen Sie Ihre Reise in dieses Adriaparadies.\",\"breadcrumb\":{\"@id\":\"https:\\\/\\\/www.visit-montenegro.com\\\/de\\\/tourismus\\\/where-is-montenegro\\\/#breadcrumb\"},\"inLanguage\":\"de\",\"potentialAction\":[{\"@type\":\"ReadAction\",\"target\":[\"https:\\\/\\\/www.visit-montenegro.com\\\/de\\\/tourismus\\\/where-is-montenegro\\\/\"]}]},{\"@type\":\"ImageObject\",\"inLanguage\":\"de\",\"@id\":\"https:\\\/\\\/www.visit-montenegro.com\\\/de\\\/tourismus\\\/where-is-montenegro\\\/#primaryimage\",\"url\":\"https:\\\/\\\/www.visit-montenegro.com\\\/wp-content\\\/uploads\\\/2026\\\/01\\\/montenegro-sign-scaled.jpg\",\"contentUrl\":\"https:\\\/\\\/www.visit-montenegro.com\\\/wp-content\\\/uploads\\\/2026\\\/01\\\/montenegro-sign-scaled.jpg\",\"width\":1600,\"height\":1038},{\"@type\":\"BreadcrumbList\",\"@id\":\"https:\\\/\\\/www.visit-montenegro.com\\\/de\\\/tourismus\\\/where-is-montenegro\\\/#breadcrumb\",\"itemListElement\":[{\"@type\":\"ListItem\",\"position\":1,\"name\":\"Home\",\"item\":\"https:\\\/\\\/www.visit-montenegro.com\\\/de\\\/home\\\/\"},{\"@type\":\"ListItem\",\"position\":2,\"name\":\"Tourismus in Montenegro\",\"item\":\"https:\\\/\\\/www.visit-montenegro.com\\\/de\\\/tourismus\\\/\"},{\"@type\":\"ListItem\",\"position\":3,\"name\":\"Wo liegt Montenegro?\"}]},{\"@type\":\"WebSite\",\"@id\":\"https:\\\/\\\/www.visit-montenegro.com\\\/de\\\/#website\",\"url\":\"https:\\\/\\\/www.visit-montenegro.com\\\/de\\\/\",\"name\":\"Visit Montenegro\",\"description\":\"Breathtaking beauty\",\"publisher\":{\"@id\":\"https:\\\/\\\/www.visit-montenegro.com\\\/de\\\/#organization\"},\"potentialAction\":[{\"@type\":\"SearchAction\",\"target\":{\"@type\":\"EntryPoint\",\"urlTemplate\":\"https:\\\/\\\/www.visit-montenegro.com\\\/de\\\/?s={search_term_string}\"},\"query-input\":{\"@type\":\"PropertyValueSpecification\",\"valueRequired\":true,\"valueName\":\"search_term_string\"}}],\"inLanguage\":\"de\"},{\"@type\":\"Organization\",\"@id\":\"https:\\\/\\\/www.visit-montenegro.com\\\/de\\\/#organization\",\"name\":\"Visit Montenegro\",\"url\":\"https:\\\/\\\/www.visit-montenegro.com\\\/de\\\/\",\"logo\":{\"@type\":\"ImageObject\",\"inLanguage\":\"de\",\"@id\":\"https:\\\/\\\/www.visit-montenegro.com\\\/de\\\/#\\\/schema\\\/logo\\\/image\\\/\",\"url\":\"https:\\\/\\\/www.visit-montenegro.com\\\/wp-content\\\/uploads\\\/2017\\\/10\\\/logo-amp.png\",\"contentUrl\":\"https:\\\/\\\/www.visit-montenegro.com\\\/wp-content\\\/uploads\\\/2017\\\/10\\\/logo-amp.png\",\"width\":190,\"height\":36,\"caption\":\"Visit Montenegro\"},\"image\":{\"@id\":\"https:\\\/\\\/www.visit-montenegro.com\\\/de\\\/#\\\/schema\\\/logo\\\/image\\\/\"},\"sameAs\":[\"https:\\\/\\\/www.facebook.com\\\/visitmontenegro\",\"https:\\\/\\\/x.com\\\/visitmontenegro\",\"https:\\\/\\\/www.instagram.com\\\/visit_montenegro\\\/\",\"https:\\\/\\\/www.youtube.com\\\/user\\\/VisitMontenegro\"]}]}<\/script>\n<!-- \/ Yoast SEO plugin. -->","yoast_head_json":{"title":"Wo liegt Montenegro? - Visit Montenegro","description":"Erfahren Sie, wo Montenegro in Europa liegt, seine atemberaubende nat\u00fcrliche Sch\u00f6nheit und warum es ein Top-Reiseziel ist. Planen Sie Ihre Reise in dieses Adriaparadies.","robots":{"index":"index","follow":"follow","max-snippet":"max-snippet:-1","max-image-preview":"max-image-preview:large","max-video-preview":"max-video-preview:-1"},"canonical":"https:\/\/www.visit-montenegro.com\/de\/tourismus\/where-is-montenegro\/","og_locale":"de_DE","og_type":"article","og_title":"Wo liegt Montenegro? - Visit Montenegro","og_description":"Erfahren Sie, wo Montenegro in Europa liegt, seine atemberaubende nat\u00fcrliche Sch\u00f6nheit und warum es ein Top-Reiseziel ist. Planen Sie Ihre Reise in dieses Adriaparadies.","og_url":"https:\/\/www.visit-montenegro.com\/de\/tourismus\/where-is-montenegro\/","og_site_name":"Visit Montenegro","article_publisher":"https:\/\/www.facebook.com\/visitmontenegro","article_modified_time":"2026-02-22T15:56:42+00:00","og_image":[{"width":1600,"height":1038,"url":"https:\/\/www.visit-montenegro.com\/wp-content\/uploads\/2026\/01\/montenegro-sign-scaled.jpg","type":"image\/jpeg"}],"twitter_card":"summary_large_image","twitter_site":"@visitmontenegro","twitter_misc":{"Gesch\u00e4tzte Lesezeit":"2\u00a0Minuten"},"schema":{"@context":"https:\/\/schema.org","@graph":[{"@type":"WebPage","@id":"https:\/\/www.visit-montenegro.com\/de\/tourismus\/where-is-montenegro\/","url":"https:\/\/www.visit-montenegro.com\/de\/tourismus\/where-is-montenegro\/","name":"Wo liegt Montenegro? - Visit Montenegro","isPartOf":{"@id":"https:\/\/www.visit-montenegro.com\/de\/#website"},"primaryImageOfPage":{"@id":"https:\/\/www.visit-montenegro.com\/de\/tourismus\/where-is-montenegro\/#primaryimage"},"image":{"@id":"https:\/\/www.visit-montenegro.com\/de\/tourismus\/where-is-montenegro\/#primaryimage"},"thumbnailUrl":"https:\/\/www.visit-montenegro.com\/wp-content\/uploads\/2026\/01\/montenegro-sign-scaled.jpg","datePublished":"2026-01-28T18:16:58+00:00","dateModified":"2026-02-22T15:56:42+00:00","description":"Erfahren Sie, wo Montenegro in Europa liegt, seine atemberaubende nat\u00fcrliche Sch\u00f6nheit und warum es ein Top-Reiseziel ist. Planen Sie Ihre Reise in dieses Adriaparadies.","breadcrumb":{"@id":"https:\/\/www.visit-montenegro.com\/de\/tourismus\/where-is-montenegro\/#breadcrumb"},"inLanguage":"de","potentialAction":[{"@type":"ReadAction","target":["https:\/\/www.visit-montenegro.com\/de\/tourismus\/where-is-montenegro\/"]}]},{"@type":"ImageObject","inLanguage":"de","@id":"https:\/\/www.visit-montenegro.com\/de\/tourismus\/where-is-montenegro\/#primaryimage","url":"https:\/\/www.visit-montenegro.com\/wp-content\/uploads\/2026\/01\/montenegro-sign-scaled.jpg","contentUrl":"https:\/\/www.visit-montenegro.com\/wp-content\/uploads\/2026\/01\/montenegro-sign-scaled.jpg","width":1600,"height":1038},{"@type":"BreadcrumbList","@id":"https:\/\/www.visit-montenegro.com\/de\/tourismus\/where-is-montenegro\/#breadcrumb","itemListElement":[{"@type":"ListItem","position":1,"name":"Home","item":"https:\/\/www.visit-montenegro.com\/de\/home\/"},{"@type":"ListItem","position":2,"name":"Tourismus in Montenegro","item":"https:\/\/www.visit-montenegro.com\/de\/tourismus\/"},{"@type":"ListItem","position":3,"name":"Wo liegt Montenegro?"}]},{"@type":"WebSite","@id":"https:\/\/www.visit-montenegro.com\/de\/#website","url":"https:\/\/www.visit-montenegro.com\/de\/","name":"Visit Montenegro","description":"Breathtaking beauty","publisher":{"@id":"https:\/\/www.visit-montenegro.com\/de\/#organization"},"potentialAction":[{"@type":"SearchAction","target":{"@type":"EntryPoint","urlTemplate":"https:\/\/www.visit-montenegro.com\/de\/?s={search_term_string}"},"query-input":{"@type":"PropertyValueSpecification","valueRequired":true,"valueName":"search_term_string"}}],"inLanguage":"de"},{"@type":"Organization","@id":"https:\/\/www.visit-montenegro.com\/de\/#organization","name":"Visit Montenegro","url":"https:\/\/www.visit-montenegro.com\/de\/","logo":{"@type":"ImageObject","inLanguage":"de","@id":"https:\/\/www.visit-montenegro.com\/de\/#\/schema\/logo\/image\/","url":"https:\/\/www.visit-montenegro.com\/wp-content\/uploads\/2017\/10\/logo-amp.png","contentUrl":"https:\/\/www.visit-montenegro.com\/wp-content\/uploads\/2017\/10\/logo-amp.png","width":190,"height":36,"caption":"Visit Montenegro"},"image":{"@id":"https:\/\/www.visit-montenegro.com\/de\/#\/schema\/logo\/image\/"},"sameAs":["https:\/\/www.facebook.com\/visitmontenegro","https:\/\/x.com\/visitmontenegro","https:\/\/www.instagram.com\/visit_montenegro\/","https:\/\/www.youtube.com\/user\/VisitMontenegro"]}]}},"translations":[],"_links":{"self":[{"href":"https:\/\/www.visit-montenegro.com\/de\/wp-json\/wp\/v2\/pages\/134456","targetHints":{"allow":["GET"]}}],"collection":[{"href":"https:\/\/www.visit-montenegro.com\/de\/wp-json\/wp\/v2\/pages"}],"about":[{"href":"https:\/\/www.visit-montenegro.com\/de\/wp-json\/wp\/v2\/types\/page"}],"author":[{"embeddable":true,"href":"https:\/\/www.visit-montenegro.com\/de\/wp-json\/wp\/v2\/users\/1"}],"replies":[{"embeddable":true,"href":"https:\/\/www.visit-montenegro.com\/de\/wp-json\/wp\/v2\/comments?post=134456"}],"version-history":[{"count":0,"href":"https:\/\/www.visit-montenegro.com\/de\/wp-json\/wp\/v2\/pages\/134456\/revisions"}],"up":[{"embeddable":true,"href":"https:\/\/www.visit-montenegro.com\/de\/wp-json\/wp\/v2\/pages\/133964"}],"wp:featuredmedia":[{"embeddable":true,"href":"https:\/\/www.visit-montenegro.com\/de\/wp-json\/wp\/v2\/media\/133680"}],"wp:attachment":[{"href":"https:\/\/www.visit-montenegro.com\/de\/wp-json\/wp\/v2\/media?parent=134456"}],"wp:term":[{"taxonomy":"post_tag","embeddable":true,"href":"https:\/\/www.visit-montenegro.com\/de\/wp-json\/wp\/v2\/tags?post=134456"}],"curies":[{"name":"wp","href":"https:\/\/api.w.org\/{rel}","templated":true}]}}