{"id":134458,"date":"2026-01-28T19:16:58","date_gmt":"2026-01-28T18:16:58","guid":{"rendered":"https:\/\/new.visit-montenegro.com\/tourismus\/tourism-main-information\/"},"modified":"2026-02-23T11:47:27","modified_gmt":"2026-02-23T10:47:27","slug":"tourism-main-information","status":"publish","type":"page","link":"https:\/\/www.visit-montenegro.com\/de\/tourismus\/tourism-main-information\/","title":{"rendered":"N\u00fctzliche Reiseinformationen"},"content":{"rendered":"\n<p>Montenegro ist ein kleines Balkanland mit vielf\u00e4ltigen Landschaften, von einer sonnigen Adriak\u00fcste bis zu rauen Bergen, mit <strong>n\u00fctzlichen Reiseinformationen<\/strong> wie Visabestimmungen, W\u00e4hrungsdetails und wichtigen Fakten, die bei der Planung Ihres Besuchs helfen.<\/p>\n\n<hr class=\"wp-block-separator has-css-opacity\"\/>\n\n<h2 class=\"wp-block-heading\">Wesentliche Fakten und Zahlen<\/h2>\n\n<p>Montenegro umfasst 13.812 km\u00b2 mit einer Bev\u00f6lkerung von 650.000. Seine Hauptstadt <a href=\"https:\/\/www.visit-montenegro.com\/de\/reiseziele\/podgorica\/\">Podgorica<\/a> hat 150.000 Einwohner, w\u00e4hrend die alte k\u00f6nigliche Hauptstadt <a href=\"https:\/\/www.visit-montenegro.com\/de\/reiseziele\/cetinje\/\">Cetinje<\/a> 14.000 hat. Die K\u00fcste erstreckt sich \u00fcber 294 km mit 117 Str\u00e4nden. Die Zeitzone ist MEZ\/MESZ, der elektrische Strom 230V\/50Hz, die Vorwahl +382 und die W\u00e4hrung EUR.<\/p>\n\n<figure class=\"wp-block-table\"><table><tbody><tr><th class=\"has-text-align-right\" data-align=\"right\">Fl\u00e4che<\/th><td>13.812 km<sup>2<\/sup><\/td><\/tr><tr><th class=\"has-text-align-right\" data-align=\"right\">Bev\u00f6lkerung<\/th><td>650.000 Einwohner<\/td><\/tr><tr><th class=\"has-text-align-right\" data-align=\"right\">Hauptstadt<\/th><td><a href=\"https:\/\/www.visit-montenegro.com\/de\/reiseziele\/podgorica\/\">Podgorica<\/a> \u2013 150.000 Einwohner<\/td><\/tr><tr><th class=\"has-text-align-right\" data-align=\"right\">Alte K\u00f6nigliche Hauptstadt<\/th><td><a href=\"https:\/\/www.visit-montenegro.com\/de\/reiseziele\/cetinje\/\">Cetinje<\/a> \u2013 14.000 Einwohner<\/td><\/tr><tr><th class=\"has-text-align-right\" data-align=\"right\">K\u00fcstenlinie<\/th><td>294km mit 117 Str\u00e4nden<\/td><\/tr><tr><th class=\"has-text-align-right\" data-align=\"right\">Zeitzone<\/th><td>MEZ\/MESZ (Mitteleurop\u00e4ische Zeit)<\/td><\/tr><tr><th class=\"has-text-align-right\" data-align=\"right\">Elektrischer Strom<\/th><td>230V\/50Hz<\/td><\/tr><tr><th class=\"has-text-align-right\" data-align=\"right\">Vorwahl<\/th><td>+382<\/td><\/tr><tr><th class=\"has-text-align-right\" data-align=\"right\">W\u00e4hrung<\/th><td>EUR<\/td><\/tr><tr><th class=\"has-text-align-right\" data-align=\"right\">Telefonnummern<\/th><td>112 \u2013 Notruf<br\/>122 \u2013 Polizei<br\/>123 \u2013 Feuerwehr<br\/>124 \u2013 Rettungsdienst<br\/>134 \u2013 Verkehrsinfo<\/td><\/tr><tr><th class=\"has-text-align-right\" data-align=\"right\">Mobilfunkanbieter<\/th><td>m:tel<br\/>One<br\/>T-Mobile<\/td><\/tr><\/tbody><\/table><\/figure>\n\n<h2 class=\"wp-block-heading\">Bemerkenswerte Geografische Merkmale<\/h2>\n\n<p>Montenegro verf\u00fcgt \u00fcber beeindruckende Naturdenkm\u00e4ler. Die Tara-Schlucht ist mit 1.333m die tiefste Europas. Zudem hat es mit 23 km\u00b2 und 11,5 Millionen Rebst\u00f6cken den gr\u00f6\u00dften Weinberg Europas. Der Lange Strand <a href=\"https:\/\/www.visit-montenegro.com\/de\/reiseziele\/ulcinj\/\">Ulcinj<\/a> ist mit 13 km der l\u00e4ngste Sandstrand der Adria. Der Skadarsee ist mit 530 km\u00b2 der gr\u00f6\u00dfte See des Balkans. Zla Kolata in <a href=\"https:\/\/www.visit-montenegro.com\/de\/reiseziele\/plav\/sehenswuerdigkeiten\/prokletije\/\">Prokletije<\/a> ist mit 2.534m der h\u00f6chste Gipfel.<\/p>\n\n<figure class=\"wp-block-table\"><table><tbody><tr><th class=\"has-text-align-right\" data-align=\"right\">Tiefste Schlucht<\/th><td>1.333m \u2013 <a href=\"https:\/\/www.visit-montenegro.com\/de\/reiseziele\/zabljak\/sehenswuerdigkeiten\/tara-river\/\">Tara-Schlucht<\/a><br\/>(tiefste in Europa)<\/td><\/tr><tr><th class=\"has-text-align-right\" data-align=\"right\">Gr\u00f6\u00dfter Weinberg<\/th><td>23km2 mit 11,5 Millionen Rebst\u00f6cken<br\/>(gr\u00f6\u00dfter in Europa)<\/td><\/tr><tr><th class=\"has-text-align-right\" data-align=\"right\">L\u00e4ngster Sandstrand<\/th><td>13km \u2013 <a href=\"https:\/\/www.visit-montenegro.com\/de\/reiseziele\/ulcinj\/sehenswuerdigkeiten\/long-beach\/\">Langer Strand Ulcinj<\/a><br\/>(l\u00e4ngster in der Adria)<\/td><\/tr><tr><th class=\"has-text-align-right\" data-align=\"right\">Gr\u00f6\u00dfter See<\/th><td>530km2 \u2013 <a href=\"https:\/\/www.visit-montenegro.com\/de\/reiseziele\/podgorica\/sehenswuerdigkeiten\/lake-skadar\/\">Skadarsee<\/a><br\/>(gr\u00f6\u00dfter auf dem Balkan)<\/td><\/tr><tr><th class=\"has-text-align-right\" data-align=\"right\">H\u00f6chster Gipfel<\/th><td>2.534m \u2013 Zla Kolata, <a href=\"https:\/\/www.visit-montenegro.com\/de\/reiseziele\/plav\/sehenswuerdigkeiten\/prokletije\/\">Prokletije<\/a><\/td><\/tr><\/tbody><\/table><\/figure>\n\n<h2 class=\"wp-block-heading\">Klima und Reiselogistik<\/h2>\n\n<h3 class=\"wp-block-heading\">Montenegrinisches Klima<\/h3>\n\n<p>Montenegro hat zwei Klimazonen. Die K\u00fcste genie\u00dft ein mediterranes Klima mit 240 Sonnentagen pro Jahr. Die Sommer sind hei\u00df und trocken, die Temperaturen liegen zwischen 30-35\u00b0C. Die Winter sind mild und feucht. Podgorica ist eine der hei\u00dfesten St\u00e4dte Europas im Sommer, manchmal \u00fcber 40\u00b0C. Zudem k\u00fchlt sich die frische Bergluft in H\u00f6hen \u00fcber 1.200m im Sommer auf etwa 25\u00b0C ab.<\/p>\n\n<h3 class=\"wp-block-heading\">Montenegro-Visaregime<\/h3>\n\n<p>F\u00fcr Aufenthalte unter 30 Tagen ist kein Visum erforderlich, wenn Sie einen g\u00fcltigen Pass aus EU-Mitgliedstaaten, USA, Norwegen, Island, Schweiz, Kanada, Australien, Neuseeland oder Japan besitzen. Insbesondere hat Montenegro ein reziprokes Visaregime. \u00dcberpr\u00fcfen Sie den Link f\u00fcr Details.<\/p>\n\n<p>Montenegro hat ein reziprokes Visaregime, und der beste Weg, herauszufinden, ob Sie ein Visum ben\u00f6tigen, ist, den folgenden Link zu pr\u00fcfen: <a href=\"https:\/\/www.visit-montenegro.com\/de\/montenegro-visaregime\/\">Montenegro-Visaregime<\/a><\/p>\n\n<h3 class=\"wp-block-heading\">W\u00e4hrung und Geldautomaten<\/h3>\n\n<p>Montenegro verwendet den EURO als offizielle W\u00e4hrung, obwohl es kein EU-Mitglied ist. Folglich sind Geldautomaten weit verbreitet. Die meisten akzeptieren Visa, Maestro und MasterCard. American Express und Diners werden nur begrenzt akzeptiert.<\/p>\n","protected":false},"excerpt":{"rendered":"<p>Entdecken Sie wesentliche Montenegro-Reiseinfos, von Visabestimmungen und W\u00e4hrungsdetails bis hin zu Klimaeinblicken und Sehensw\u00fcrdigkeiten. Planen Sie Ihre Reise mit diesem umfassenden Leitfaden, um das Beste aus Ihrem Balkanabenteuer herauszuholen.<\/p>\n","protected":false},"author":1,"featured_media":134459,"parent":133964,"menu_order":0,"comment_status":"open","ping_status":"open","template":"","meta":{"_yoast_wpseo_focuskw":"N\u00fctzliche Reiseinformationen","_yoast_wpseo_metadesc":"Erhalten Sie alle n\u00fctzlichen Reiseinformationen f\u00fcr Montenegro: Visadetails, W\u00e4hrung, Klima und wichtige Fakten, um Ihre perfekte Reise zu planen. Beginnen Sie jetzt mit der Erkundung!","_kad_post_transparent":"","_kad_post_title":"","_kad_post_layout":"","_kad_post_sidebar_id":"","_kad_post_content_style":"","_kad_post_vertical_padding":"","_kad_post_feature":"","_kad_post_feature_position":"","_kad_post_header":false,"_kad_post_footer":false,"_kad_post_classname":"","iawp_total_views":37,"footnotes":""},"tags":[],"class_list":["post-134458","page","type-page","status-publish","has-post-thumbnail","hentry"],"yoast_head":"<!-- This site is optimized with the Yoast SEO plugin v27.3 - https:\/\/yoast.com\/product\/yoast-seo-wordpress\/ -->\n<title>N\u00fctzliche Reiseinformationen - Visit Montenegro<\/title>\n<meta name=\"description\" content=\"Erhalten Sie alle n\u00fctzlichen Reiseinformationen f\u00fcr Montenegro: Visadetails, W\u00e4hrung, Klima und wichtige Fakten, um Ihre perfekte Reise zu planen. Beginnen Sie jetzt mit der Erkundung!\" \/>\n<meta name=\"robots\" content=\"index, follow, max-snippet:-1, max-image-preview:large, max-video-preview:-1\" \/>\n<link rel=\"canonical\" href=\"https:\/\/www.visit-montenegro.com\/de\/tourismus\/tourism-main-information\/\" \/>\n<meta property=\"og:locale\" content=\"de_DE\" \/>\n<meta property=\"og:type\" content=\"article\" \/>\n<meta property=\"og:title\" content=\"N\u00fctzliche Reiseinformationen - Visit Montenegro\" \/>\n<meta property=\"og:description\" content=\"Erhalten Sie alle n\u00fctzlichen Reiseinformationen f\u00fcr Montenegro: Visadetails, W\u00e4hrung, Klima und wichtige Fakten, um Ihre perfekte Reise zu planen. Beginnen Sie jetzt mit der Erkundung!\" \/>\n<meta property=\"og:url\" content=\"https:\/\/www.visit-montenegro.com\/de\/tourismus\/tourism-main-information\/\" \/>\n<meta property=\"og:site_name\" content=\"Visit Montenegro\" \/>\n<meta property=\"article:publisher\" content=\"https:\/\/www.facebook.com\/visitmontenegro\" \/>\n<meta property=\"article:modified_time\" content=\"2026-02-23T10:47:27+00:00\" \/>\n<meta property=\"og:image\" content=\"https:\/\/www.visit-montenegro.com\/wp-content\/uploads\/2026\/01\/crno-jezero-1-scaled.jpg\" \/>\n\t<meta property=\"og:image:width\" content=\"1600\" \/>\n\t<meta property=\"og:image:height\" content=\"1067\" \/>\n\t<meta property=\"og:image:type\" content=\"image\/jpeg\" \/>\n<meta name=\"twitter:card\" content=\"summary_large_image\" \/>\n<meta name=\"twitter:site\" content=\"@visitmontenegro\" \/>\n<meta name=\"twitter:label1\" content=\"Gesch\u00e4tzte Lesezeit\" \/>\n\t<meta name=\"twitter:data1\" content=\"2\u00a0Minuten\" \/>\n<script type=\"application\/ld+json\" class=\"yoast-schema-graph\">{\"@context\":\"https:\\\/\\\/schema.org\",\"@graph\":[{\"@type\":\"WebPage\",\"@id\":\"https:\\\/\\\/www.visit-montenegro.com\\\/de\\\/tourismus\\\/tourism-main-information\\\/\",\"url\":\"https:\\\/\\\/www.visit-montenegro.com\\\/de\\\/tourismus\\\/tourism-main-information\\\/\",\"name\":\"N\u00fctzliche Reiseinformationen - Visit Montenegro\",\"isPartOf\":{\"@id\":\"https:\\\/\\\/www.visit-montenegro.com\\\/de\\\/#website\"},\"primaryImageOfPage\":{\"@id\":\"https:\\\/\\\/www.visit-montenegro.com\\\/de\\\/tourismus\\\/tourism-main-information\\\/#primaryimage\"},\"image\":{\"@id\":\"https:\\\/\\\/www.visit-montenegro.com\\\/de\\\/tourismus\\\/tourism-main-information\\\/#primaryimage\"},\"thumbnailUrl\":\"https:\\\/\\\/www.visit-montenegro.com\\\/wp-content\\\/uploads\\\/2026\\\/01\\\/crno-jezero-1-scaled.jpg\",\"datePublished\":\"2026-01-28T18:16:58+00:00\",\"dateModified\":\"2026-02-23T10:47:27+00:00\",\"description\":\"Erhalten Sie alle n\u00fctzlichen Reiseinformationen f\u00fcr Montenegro: Visadetails, W\u00e4hrung, Klima und wichtige Fakten, um Ihre perfekte Reise zu planen. Beginnen Sie jetzt mit der Erkundung!\",\"breadcrumb\":{\"@id\":\"https:\\\/\\\/www.visit-montenegro.com\\\/de\\\/tourismus\\\/tourism-main-information\\\/#breadcrumb\"},\"inLanguage\":\"de\",\"potentialAction\":[{\"@type\":\"ReadAction\",\"target\":[\"https:\\\/\\\/www.visit-montenegro.com\\\/de\\\/tourismus\\\/tourism-main-information\\\/\"]}]},{\"@type\":\"ImageObject\",\"inLanguage\":\"de\",\"@id\":\"https:\\\/\\\/www.visit-montenegro.com\\\/de\\\/tourismus\\\/tourism-main-information\\\/#primaryimage\",\"url\":\"https:\\\/\\\/www.visit-montenegro.com\\\/wp-content\\\/uploads\\\/2026\\\/01\\\/crno-jezero-1-scaled.jpg\",\"contentUrl\":\"https:\\\/\\\/www.visit-montenegro.com\\\/wp-content\\\/uploads\\\/2026\\\/01\\\/crno-jezero-1-scaled.jpg\",\"width\":1600,\"height\":1067,\"caption\":\"Boot auf dem Schwarzen See im Nationalpark Durmitor und Berge im Hintergrund.Montenegro\"},{\"@type\":\"BreadcrumbList\",\"@id\":\"https:\\\/\\\/www.visit-montenegro.com\\\/de\\\/tourismus\\\/tourism-main-information\\\/#breadcrumb\",\"itemListElement\":[{\"@type\":\"ListItem\",\"position\":1,\"name\":\"Home\",\"item\":\"https:\\\/\\\/www.visit-montenegro.com\\\/de\\\/home\\\/\"},{\"@type\":\"ListItem\",\"position\":2,\"name\":\"Tourismus in Montenegro\",\"item\":\"https:\\\/\\\/www.visit-montenegro.com\\\/de\\\/tourismus\\\/\"},{\"@type\":\"ListItem\",\"position\":3,\"name\":\"N\u00fctzliche Reiseinformationen\"}]},{\"@type\":\"WebSite\",\"@id\":\"https:\\\/\\\/www.visit-montenegro.com\\\/de\\\/#website\",\"url\":\"https:\\\/\\\/www.visit-montenegro.com\\\/de\\\/\",\"name\":\"Visit Montenegro\",\"description\":\"Breathtaking beauty\",\"publisher\":{\"@id\":\"https:\\\/\\\/www.visit-montenegro.com\\\/de\\\/#organization\"},\"potentialAction\":[{\"@type\":\"SearchAction\",\"target\":{\"@type\":\"EntryPoint\",\"urlTemplate\":\"https:\\\/\\\/www.visit-montenegro.com\\\/de\\\/?s={search_term_string}\"},\"query-input\":{\"@type\":\"PropertyValueSpecification\",\"valueRequired\":true,\"valueName\":\"search_term_string\"}}],\"inLanguage\":\"de\"},{\"@type\":\"Organization\",\"@id\":\"https:\\\/\\\/www.visit-montenegro.com\\\/de\\\/#organization\",\"name\":\"Visit Montenegro\",\"url\":\"https:\\\/\\\/www.visit-montenegro.com\\\/de\\\/\",\"logo\":{\"@type\":\"ImageObject\",\"inLanguage\":\"de\",\"@id\":\"https:\\\/\\\/www.visit-montenegro.com\\\/de\\\/#\\\/schema\\\/logo\\\/image\\\/\",\"url\":\"https:\\\/\\\/www.visit-montenegro.com\\\/wp-content\\\/uploads\\\/2017\\\/10\\\/logo-amp.png\",\"contentUrl\":\"https:\\\/\\\/www.visit-montenegro.com\\\/wp-content\\\/uploads\\\/2017\\\/10\\\/logo-amp.png\",\"width\":190,\"height\":36,\"caption\":\"Visit Montenegro\"},\"image\":{\"@id\":\"https:\\\/\\\/www.visit-montenegro.com\\\/de\\\/#\\\/schema\\\/logo\\\/image\\\/\"},\"sameAs\":[\"https:\\\/\\\/www.facebook.com\\\/visitmontenegro\",\"https:\\\/\\\/x.com\\\/visitmontenegro\",\"https:\\\/\\\/www.instagram.com\\\/visit_montenegro\\\/\",\"https:\\\/\\\/www.youtube.com\\\/user\\\/VisitMontenegro\"]}]}<\/script>\n<!-- \/ Yoast SEO plugin. -->","yoast_head_json":{"title":"N\u00fctzliche Reiseinformationen - Visit Montenegro","description":"Erhalten Sie alle n\u00fctzlichen Reiseinformationen f\u00fcr Montenegro: Visadetails, W\u00e4hrung, Klima und wichtige Fakten, um Ihre perfekte Reise zu planen. Beginnen Sie jetzt mit der Erkundung!","robots":{"index":"index","follow":"follow","max-snippet":"max-snippet:-1","max-image-preview":"max-image-preview:large","max-video-preview":"max-video-preview:-1"},"canonical":"https:\/\/www.visit-montenegro.com\/de\/tourismus\/tourism-main-information\/","og_locale":"de_DE","og_type":"article","og_title":"N\u00fctzliche Reiseinformationen - Visit Montenegro","og_description":"Erhalten Sie alle n\u00fctzlichen Reiseinformationen f\u00fcr Montenegro: Visadetails, W\u00e4hrung, Klima und wichtige Fakten, um Ihre perfekte Reise zu planen. Beginnen Sie jetzt mit der Erkundung!","og_url":"https:\/\/www.visit-montenegro.com\/de\/tourismus\/tourism-main-information\/","og_site_name":"Visit Montenegro","article_publisher":"https:\/\/www.facebook.com\/visitmontenegro","article_modified_time":"2026-02-23T10:47:27+00:00","og_image":[{"width":1600,"height":1067,"url":"https:\/\/www.visit-montenegro.com\/wp-content\/uploads\/2026\/01\/crno-jezero-1-scaled.jpg","type":"image\/jpeg"}],"twitter_card":"summary_large_image","twitter_site":"@visitmontenegro","twitter_misc":{"Gesch\u00e4tzte Lesezeit":"2\u00a0Minuten"},"schema":{"@context":"https:\/\/schema.org","@graph":[{"@type":"WebPage","@id":"https:\/\/www.visit-montenegro.com\/de\/tourismus\/tourism-main-information\/","url":"https:\/\/www.visit-montenegro.com\/de\/tourismus\/tourism-main-information\/","name":"N\u00fctzliche Reiseinformationen - Visit Montenegro","isPartOf":{"@id":"https:\/\/www.visit-montenegro.com\/de\/#website"},"primaryImageOfPage":{"@id":"https:\/\/www.visit-montenegro.com\/de\/tourismus\/tourism-main-information\/#primaryimage"},"image":{"@id":"https:\/\/www.visit-montenegro.com\/de\/tourismus\/tourism-main-information\/#primaryimage"},"thumbnailUrl":"https:\/\/www.visit-montenegro.com\/wp-content\/uploads\/2026\/01\/crno-jezero-1-scaled.jpg","datePublished":"2026-01-28T18:16:58+00:00","dateModified":"2026-02-23T10:47:27+00:00","description":"Erhalten Sie alle n\u00fctzlichen Reiseinformationen f\u00fcr Montenegro: Visadetails, W\u00e4hrung, Klima und wichtige Fakten, um Ihre perfekte Reise zu planen. Beginnen Sie jetzt mit der Erkundung!","breadcrumb":{"@id":"https:\/\/www.visit-montenegro.com\/de\/tourismus\/tourism-main-information\/#breadcrumb"},"inLanguage":"de","potentialAction":[{"@type":"ReadAction","target":["https:\/\/www.visit-montenegro.com\/de\/tourismus\/tourism-main-information\/"]}]},{"@type":"ImageObject","inLanguage":"de","@id":"https:\/\/www.visit-montenegro.com\/de\/tourismus\/tourism-main-information\/#primaryimage","url":"https:\/\/www.visit-montenegro.com\/wp-content\/uploads\/2026\/01\/crno-jezero-1-scaled.jpg","contentUrl":"https:\/\/www.visit-montenegro.com\/wp-content\/uploads\/2026\/01\/crno-jezero-1-scaled.jpg","width":1600,"height":1067,"caption":"Boot auf dem Schwarzen See im Nationalpark Durmitor und Berge im Hintergrund.Montenegro"},{"@type":"BreadcrumbList","@id":"https:\/\/www.visit-montenegro.com\/de\/tourismus\/tourism-main-information\/#breadcrumb","itemListElement":[{"@type":"ListItem","position":1,"name":"Home","item":"https:\/\/www.visit-montenegro.com\/de\/home\/"},{"@type":"ListItem","position":2,"name":"Tourismus in Montenegro","item":"https:\/\/www.visit-montenegro.com\/de\/tourismus\/"},{"@type":"ListItem","position":3,"name":"N\u00fctzliche Reiseinformationen"}]},{"@type":"WebSite","@id":"https:\/\/www.visit-montenegro.com\/de\/#website","url":"https:\/\/www.visit-montenegro.com\/de\/","name":"Visit Montenegro","description":"Breathtaking beauty","publisher":{"@id":"https:\/\/www.visit-montenegro.com\/de\/#organization"},"potentialAction":[{"@type":"SearchAction","target":{"@type":"EntryPoint","urlTemplate":"https:\/\/www.visit-montenegro.com\/de\/?s={search_term_string}"},"query-input":{"@type":"PropertyValueSpecification","valueRequired":true,"valueName":"search_term_string"}}],"inLanguage":"de"},{"@type":"Organization","@id":"https:\/\/www.visit-montenegro.com\/de\/#organization","name":"Visit Montenegro","url":"https:\/\/www.visit-montenegro.com\/de\/","logo":{"@type":"ImageObject","inLanguage":"de","@id":"https:\/\/www.visit-montenegro.com\/de\/#\/schema\/logo\/image\/","url":"https:\/\/www.visit-montenegro.com\/wp-content\/uploads\/2017\/10\/logo-amp.png","contentUrl":"https:\/\/www.visit-montenegro.com\/wp-content\/uploads\/2017\/10\/logo-amp.png","width":190,"height":36,"caption":"Visit Montenegro"},"image":{"@id":"https:\/\/www.visit-montenegro.com\/de\/#\/schema\/logo\/image\/"},"sameAs":["https:\/\/www.facebook.com\/visitmontenegro","https:\/\/x.com\/visitmontenegro","https:\/\/www.instagram.com\/visit_montenegro\/","https:\/\/www.youtube.com\/user\/VisitMontenegro"]}]}},"translations":[],"_links":{"self":[{"href":"https:\/\/www.visit-montenegro.com\/de\/wp-json\/wp\/v2\/pages\/134458","targetHints":{"allow":["GET"]}}],"collection":[{"href":"https:\/\/www.visit-montenegro.com\/de\/wp-json\/wp\/v2\/pages"}],"about":[{"href":"https:\/\/www.visit-montenegro.com\/de\/wp-json\/wp\/v2\/types\/page"}],"author":[{"embeddable":true,"href":"https:\/\/www.visit-montenegro.com\/de\/wp-json\/wp\/v2\/users\/1"}],"replies":[{"embeddable":true,"href":"https:\/\/www.visit-montenegro.com\/de\/wp-json\/wp\/v2\/comments?post=134458"}],"version-history":[{"count":0,"href":"https:\/\/www.visit-montenegro.com\/de\/wp-json\/wp\/v2\/pages\/134458\/revisions"}],"up":[{"embeddable":true,"href":"https:\/\/www.visit-montenegro.com\/de\/wp-json\/wp\/v2\/pages\/133964"}],"wp:featuredmedia":[{"embeddable":true,"href":"https:\/\/www.visit-montenegro.com\/de\/wp-json\/wp\/v2\/media\/134459"}],"wp:attachment":[{"href":"https:\/\/www.visit-montenegro.com\/de\/wp-json\/wp\/v2\/media?parent=134458"}],"wp:term":[{"taxonomy":"post_tag","embeddable":true,"href":"https:\/\/www.visit-montenegro.com\/de\/wp-json\/wp\/v2\/tags?post=134458"}],"curies":[{"name":"wp","href":"https:\/\/api.w.org\/{rel}","templated":true}]}}