{"id":134466,"date":"2026-01-28T19:16:58","date_gmt":"2026-01-28T18:16:58","guid":{"rendered":"https:\/\/new.visit-montenegro.com\/transfers\/"},"modified":"2026-03-12T12:51:37","modified_gmt":"2026-03-12T11:51:37","slug":"transfers","status":"publish","type":"page","link":"https:\/\/www.visit-montenegro.com\/de\/transfers\/","title":{"rendered":"Privattransfer in Montenegro"},"content":{"rendered":"\n<p>Die Fortbewegung in Montenegro ist jetzt einfacher denn je. Mit der Einf\u00fchrung unseres <strong>Privattransfer in Montenegro<\/strong>-Dienstes k\u00f6nnen Touristen g\u00fcnstigen und zuverl\u00e4ssigen Transport vom Flughafen zu ihrem Hotel finden und die Reservierung online vornehmen. Unser Transportservice beschr\u00e4nkt sich jedoch nicht nur auf Flughafentransfers. Sie k\u00f6nnen auch <strong>Taxidienste von und zu jedem Ort in Montenegro buchen<\/strong>. Der Transferdienst ist nicht nur auf Montenegro beschr\u00e4nkt. Sie k\u00f6nnen auch <strong>Transfers vom Flughafen Dubrovnik nach Montenegro<\/strong> finden. Geben Sie einfach Ihre Abhol- und Zielorte ein, w\u00e4hlen Sie das passende Fahrzeug und buchen Sie Ihren Transfer online!<\/p>\n\n<div id=\"tc_widget_wrapper\"><\/div>\r\n\r\n<script type=\"text\/javascript\">\r\n  var tcBookingOptions = { domain: 'www.visit-montenegro.com', target: 'tc_widget_wrapper' }; \r\n<\/script>\r\n\r\n<script type=\"text\/javascript\" defer=\"defer\" src=\"https:\/\/booking.taxicentrala.me\/js\/widget.js\"><\/script>\r\n","protected":false},"excerpt":{"rendered":"<p>Entdecken Sie, wie unser Privattransfer in Montenegro-Service das Reisen nahtlos macht. Buchen Sie zuverl\u00e4ssige Flughafentransfers oder Taxifahrten \u00fcberall in Montenegro, auch vom Flughafen Dubrovnik, ganz einfach online.<\/p>\n","protected":false},"author":1,"featured_media":134467,"parent":0,"menu_order":0,"comment_status":"open","ping_status":"open","template":"","meta":{"_yoast_wpseo_focuskw":"Private Transfers in Montenegro","_yoast_wpseo_metadesc":"Buchen Sie g\u00fcnstige, zuverl\u00e4ssige Privattransfer in Montenegro. Genie\u00dfen Sie nahtlose Fahrten vom Flughafen zum Hotel und Taxidienste \u00fcberall, auch von Dubrovnik. Reservieren Sie noch heute online!","_kad_post_transparent":"","_kad_post_title":"","_kad_post_layout":"","_kad_post_sidebar_id":"","_kad_post_content_style":"","_kad_post_vertical_padding":"","_kad_post_feature":"","_kad_post_feature_position":"","_kad_post_header":false,"_kad_post_footer":false,"_kad_post_classname":"","iawp_total_views":28,"footnotes":""},"tags":[],"class_list":["post-134466","page","type-page","status-publish","has-post-thumbnail","hentry"],"yoast_head":"<!-- This site is optimized with the Yoast SEO plugin v27.3 - https:\/\/yoast.com\/product\/yoast-seo-wordpress\/ -->\n<title>Privattransfer in Montenegro - Visit Montenegro<\/title>\n<meta name=\"description\" content=\"Buchen Sie g\u00fcnstige, zuverl\u00e4ssige Privattransfer in Montenegro. Genie\u00dfen Sie nahtlose Fahrten vom Flughafen zum Hotel und Taxidienste \u00fcberall, auch von Dubrovnik. Reservieren Sie noch heute online!\" \/>\n<meta name=\"robots\" content=\"index, follow, max-snippet:-1, max-image-preview:large, max-video-preview:-1\" \/>\n<link rel=\"canonical\" href=\"https:\/\/www.visit-montenegro.com\/de\/transfers\/\" \/>\n<meta property=\"og:locale\" content=\"de_DE\" \/>\n<meta property=\"og:type\" content=\"article\" \/>\n<meta property=\"og:title\" content=\"Privattransfer in Montenegro - Visit Montenegro\" \/>\n<meta property=\"og:description\" content=\"Buchen Sie g\u00fcnstige, zuverl\u00e4ssige Privattransfer in Montenegro. Genie\u00dfen Sie nahtlose Fahrten vom Flughafen zum Hotel und Taxidienste \u00fcberall, auch von Dubrovnik. Reservieren Sie noch heute online!\" \/>\n<meta property=\"og:url\" content=\"https:\/\/www.visit-montenegro.com\/de\/transfers\/\" \/>\n<meta property=\"og:site_name\" content=\"Visit Montenegro\" \/>\n<meta property=\"article:publisher\" content=\"https:\/\/www.facebook.com\/visitmontenegro\" \/>\n<meta property=\"article:modified_time\" content=\"2026-03-12T11:51:37+00:00\" \/>\n<meta property=\"og:image\" content=\"https:\/\/www.visit-montenegro.com\/wp-content\/uploads\/2026\/01\/transfers-taxi-scaled.jpg\" \/>\n\t<meta property=\"og:image:width\" content=\"1600\" \/>\n\t<meta property=\"og:image:height\" content=\"900\" \/>\n\t<meta property=\"og:image:type\" content=\"image\/jpeg\" \/>\n<meta name=\"twitter:card\" content=\"summary_large_image\" \/>\n<meta name=\"twitter:site\" content=\"@visitmontenegro\" \/>\n<meta name=\"twitter:label1\" content=\"Gesch\u00e4tzte Lesezeit\" \/>\n\t<meta name=\"twitter:data1\" content=\"1\u00a0Minute\" \/>\n<script type=\"application\/ld+json\" class=\"yoast-schema-graph\">{\"@context\":\"https:\\\/\\\/schema.org\",\"@graph\":[{\"@type\":\"WebPage\",\"@id\":\"https:\\\/\\\/www.visit-montenegro.com\\\/de\\\/transfers\\\/\",\"url\":\"https:\\\/\\\/www.visit-montenegro.com\\\/de\\\/transfers\\\/\",\"name\":\"Privattransfer in Montenegro - Visit Montenegro\",\"isPartOf\":{\"@id\":\"https:\\\/\\\/www.visit-montenegro.com\\\/de\\\/#website\"},\"primaryImageOfPage\":{\"@id\":\"https:\\\/\\\/www.visit-montenegro.com\\\/de\\\/transfers\\\/#primaryimage\"},\"image\":{\"@id\":\"https:\\\/\\\/www.visit-montenegro.com\\\/de\\\/transfers\\\/#primaryimage\"},\"thumbnailUrl\":\"https:\\\/\\\/www.visit-montenegro.com\\\/wp-content\\\/uploads\\\/2026\\\/01\\\/transfers-taxi-scaled.jpg\",\"datePublished\":\"2026-01-28T18:16:58+00:00\",\"dateModified\":\"2026-03-12T11:51:37+00:00\",\"description\":\"Buchen Sie g\u00fcnstige, zuverl\u00e4ssige Privattransfer in Montenegro. Genie\u00dfen Sie nahtlose Fahrten vom Flughafen zum Hotel und Taxidienste \u00fcberall, auch von Dubrovnik. Reservieren Sie noch heute online!\",\"breadcrumb\":{\"@id\":\"https:\\\/\\\/www.visit-montenegro.com\\\/de\\\/transfers\\\/#breadcrumb\"},\"inLanguage\":\"de\",\"potentialAction\":[{\"@type\":\"ReadAction\",\"target\":[\"https:\\\/\\\/www.visit-montenegro.com\\\/de\\\/transfers\\\/\"]}]},{\"@type\":\"ImageObject\",\"inLanguage\":\"de\",\"@id\":\"https:\\\/\\\/www.visit-montenegro.com\\\/de\\\/transfers\\\/#primaryimage\",\"url\":\"https:\\\/\\\/www.visit-montenegro.com\\\/wp-content\\\/uploads\\\/2026\\\/01\\\/transfers-taxi-scaled.jpg\",\"contentUrl\":\"https:\\\/\\\/www.visit-montenegro.com\\\/wp-content\\\/uploads\\\/2026\\\/01\\\/transfers-taxi-scaled.jpg\",\"width\":1600,\"height\":900,\"caption\":\"Luxus-Taxidienst, Chauffeur \u00f6ffnet Autot\u00fcr f\u00fcr weiblichen Passagier, Reisen, Stockaufnahmen\"},{\"@type\":\"BreadcrumbList\",\"@id\":\"https:\\\/\\\/www.visit-montenegro.com\\\/de\\\/transfers\\\/#breadcrumb\",\"itemListElement\":[{\"@type\":\"ListItem\",\"position\":1,\"name\":\"Home\",\"item\":\"https:\\\/\\\/www.visit-montenegro.com\\\/de\\\/home\\\/\"},{\"@type\":\"ListItem\",\"position\":2,\"name\":\"Privattransfer in Montenegro\"}]},{\"@type\":\"WebSite\",\"@id\":\"https:\\\/\\\/www.visit-montenegro.com\\\/de\\\/#website\",\"url\":\"https:\\\/\\\/www.visit-montenegro.com\\\/de\\\/\",\"name\":\"Visit Montenegro\",\"description\":\"Breathtaking beauty\",\"publisher\":{\"@id\":\"https:\\\/\\\/www.visit-montenegro.com\\\/de\\\/#organization\"},\"potentialAction\":[{\"@type\":\"SearchAction\",\"target\":{\"@type\":\"EntryPoint\",\"urlTemplate\":\"https:\\\/\\\/www.visit-montenegro.com\\\/de\\\/?s={search_term_string}\"},\"query-input\":{\"@type\":\"PropertyValueSpecification\",\"valueRequired\":true,\"valueName\":\"search_term_string\"}}],\"inLanguage\":\"de\"},{\"@type\":\"Organization\",\"@id\":\"https:\\\/\\\/www.visit-montenegro.com\\\/de\\\/#organization\",\"name\":\"Visit Montenegro\",\"url\":\"https:\\\/\\\/www.visit-montenegro.com\\\/de\\\/\",\"logo\":{\"@type\":\"ImageObject\",\"inLanguage\":\"de\",\"@id\":\"https:\\\/\\\/www.visit-montenegro.com\\\/de\\\/#\\\/schema\\\/logo\\\/image\\\/\",\"url\":\"https:\\\/\\\/www.visit-montenegro.com\\\/wp-content\\\/uploads\\\/2017\\\/10\\\/logo-amp.png\",\"contentUrl\":\"https:\\\/\\\/www.visit-montenegro.com\\\/wp-content\\\/uploads\\\/2017\\\/10\\\/logo-amp.png\",\"width\":190,\"height\":36,\"caption\":\"Visit Montenegro\"},\"image\":{\"@id\":\"https:\\\/\\\/www.visit-montenegro.com\\\/de\\\/#\\\/schema\\\/logo\\\/image\\\/\"},\"sameAs\":[\"https:\\\/\\\/www.facebook.com\\\/visitmontenegro\",\"https:\\\/\\\/x.com\\\/visitmontenegro\",\"https:\\\/\\\/www.instagram.com\\\/visit_montenegro\\\/\",\"https:\\\/\\\/www.youtube.com\\\/user\\\/VisitMontenegro\"]}]}<\/script>\n<!-- \/ Yoast SEO plugin. -->","yoast_head_json":{"title":"Privattransfer in Montenegro - Visit Montenegro","description":"Buchen Sie g\u00fcnstige, zuverl\u00e4ssige Privattransfer in Montenegro. Genie\u00dfen Sie nahtlose Fahrten vom Flughafen zum Hotel und Taxidienste \u00fcberall, auch von Dubrovnik. Reservieren Sie noch heute online!","robots":{"index":"index","follow":"follow","max-snippet":"max-snippet:-1","max-image-preview":"max-image-preview:large","max-video-preview":"max-video-preview:-1"},"canonical":"https:\/\/www.visit-montenegro.com\/de\/transfers\/","og_locale":"de_DE","og_type":"article","og_title":"Privattransfer in Montenegro - Visit Montenegro","og_description":"Buchen Sie g\u00fcnstige, zuverl\u00e4ssige Privattransfer in Montenegro. Genie\u00dfen Sie nahtlose Fahrten vom Flughafen zum Hotel und Taxidienste \u00fcberall, auch von Dubrovnik. Reservieren Sie noch heute online!","og_url":"https:\/\/www.visit-montenegro.com\/de\/transfers\/","og_site_name":"Visit Montenegro","article_publisher":"https:\/\/www.facebook.com\/visitmontenegro","article_modified_time":"2026-03-12T11:51:37+00:00","og_image":[{"width":1600,"height":900,"url":"https:\/\/www.visit-montenegro.com\/wp-content\/uploads\/2026\/01\/transfers-taxi-scaled.jpg","type":"image\/jpeg"}],"twitter_card":"summary_large_image","twitter_site":"@visitmontenegro","twitter_misc":{"Gesch\u00e4tzte Lesezeit":"1\u00a0Minute"},"schema":{"@context":"https:\/\/schema.org","@graph":[{"@type":"WebPage","@id":"https:\/\/www.visit-montenegro.com\/de\/transfers\/","url":"https:\/\/www.visit-montenegro.com\/de\/transfers\/","name":"Privattransfer in Montenegro - Visit Montenegro","isPartOf":{"@id":"https:\/\/www.visit-montenegro.com\/de\/#website"},"primaryImageOfPage":{"@id":"https:\/\/www.visit-montenegro.com\/de\/transfers\/#primaryimage"},"image":{"@id":"https:\/\/www.visit-montenegro.com\/de\/transfers\/#primaryimage"},"thumbnailUrl":"https:\/\/www.visit-montenegro.com\/wp-content\/uploads\/2026\/01\/transfers-taxi-scaled.jpg","datePublished":"2026-01-28T18:16:58+00:00","dateModified":"2026-03-12T11:51:37+00:00","description":"Buchen Sie g\u00fcnstige, zuverl\u00e4ssige Privattransfer in Montenegro. Genie\u00dfen Sie nahtlose Fahrten vom Flughafen zum Hotel und Taxidienste \u00fcberall, auch von Dubrovnik. Reservieren Sie noch heute online!","breadcrumb":{"@id":"https:\/\/www.visit-montenegro.com\/de\/transfers\/#breadcrumb"},"inLanguage":"de","potentialAction":[{"@type":"ReadAction","target":["https:\/\/www.visit-montenegro.com\/de\/transfers\/"]}]},{"@type":"ImageObject","inLanguage":"de","@id":"https:\/\/www.visit-montenegro.com\/de\/transfers\/#primaryimage","url":"https:\/\/www.visit-montenegro.com\/wp-content\/uploads\/2026\/01\/transfers-taxi-scaled.jpg","contentUrl":"https:\/\/www.visit-montenegro.com\/wp-content\/uploads\/2026\/01\/transfers-taxi-scaled.jpg","width":1600,"height":900,"caption":"Luxus-Taxidienst, Chauffeur \u00f6ffnet Autot\u00fcr f\u00fcr weiblichen Passagier, Reisen, Stockaufnahmen"},{"@type":"BreadcrumbList","@id":"https:\/\/www.visit-montenegro.com\/de\/transfers\/#breadcrumb","itemListElement":[{"@type":"ListItem","position":1,"name":"Home","item":"https:\/\/www.visit-montenegro.com\/de\/home\/"},{"@type":"ListItem","position":2,"name":"Privattransfer in Montenegro"}]},{"@type":"WebSite","@id":"https:\/\/www.visit-montenegro.com\/de\/#website","url":"https:\/\/www.visit-montenegro.com\/de\/","name":"Visit Montenegro","description":"Breathtaking beauty","publisher":{"@id":"https:\/\/www.visit-montenegro.com\/de\/#organization"},"potentialAction":[{"@type":"SearchAction","target":{"@type":"EntryPoint","urlTemplate":"https:\/\/www.visit-montenegro.com\/de\/?s={search_term_string}"},"query-input":{"@type":"PropertyValueSpecification","valueRequired":true,"valueName":"search_term_string"}}],"inLanguage":"de"},{"@type":"Organization","@id":"https:\/\/www.visit-montenegro.com\/de\/#organization","name":"Visit Montenegro","url":"https:\/\/www.visit-montenegro.com\/de\/","logo":{"@type":"ImageObject","inLanguage":"de","@id":"https:\/\/www.visit-montenegro.com\/de\/#\/schema\/logo\/image\/","url":"https:\/\/www.visit-montenegro.com\/wp-content\/uploads\/2017\/10\/logo-amp.png","contentUrl":"https:\/\/www.visit-montenegro.com\/wp-content\/uploads\/2017\/10\/logo-amp.png","width":190,"height":36,"caption":"Visit Montenegro"},"image":{"@id":"https:\/\/www.visit-montenegro.com\/de\/#\/schema\/logo\/image\/"},"sameAs":["https:\/\/www.facebook.com\/visitmontenegro","https:\/\/x.com\/visitmontenegro","https:\/\/www.instagram.com\/visit_montenegro\/","https:\/\/www.youtube.com\/user\/VisitMontenegro"]}]}},"translations":[],"_links":{"self":[{"href":"https:\/\/www.visit-montenegro.com\/de\/wp-json\/wp\/v2\/pages\/134466","targetHints":{"allow":["GET"]}}],"collection":[{"href":"https:\/\/www.visit-montenegro.com\/de\/wp-json\/wp\/v2\/pages"}],"about":[{"href":"https:\/\/www.visit-montenegro.com\/de\/wp-json\/wp\/v2\/types\/page"}],"author":[{"embeddable":true,"href":"https:\/\/www.visit-montenegro.com\/de\/wp-json\/wp\/v2\/users\/1"}],"replies":[{"embeddable":true,"href":"https:\/\/www.visit-montenegro.com\/de\/wp-json\/wp\/v2\/comments?post=134466"}],"version-history":[{"count":0,"href":"https:\/\/www.visit-montenegro.com\/de\/wp-json\/wp\/v2\/pages\/134466\/revisions"}],"wp:featuredmedia":[{"embeddable":true,"href":"https:\/\/www.visit-montenegro.com\/de\/wp-json\/wp\/v2\/media\/134467"}],"wp:attachment":[{"href":"https:\/\/www.visit-montenegro.com\/de\/wp-json\/wp\/v2\/media?parent=134466"}],"wp:term":[{"taxonomy":"post_tag","embeddable":true,"href":"https:\/\/www.visit-montenegro.com\/de\/wp-json\/wp\/v2\/tags?post=134466"}],"curies":[{"name":"wp","href":"https:\/\/api.w.org\/{rel}","templated":true}]}}