{"id":134472,"date":"2026-01-28T19:16:58","date_gmt":"2026-01-28T18:16:58","guid":{"rendered":"https:\/\/new.visit-montenegro.com\/top-5-places\/"},"modified":"2026-02-24T14:51:09","modified_gmt":"2026-02-24T13:51:09","slug":"top-5-places","status":"publish","type":"page","link":"https:\/\/www.visit-montenegro.com\/de\/top-5-places\/","title":{"rendered":"Top 5 Orte in Montenegro"},"content":{"rendered":"\n<p>Montenegros Top 5 Orte umfassen <a href=\"https:\/\/www.visit-montenegro.com\/de\/reiseziele\/kotor\/\">Kotor<\/a>, <a href=\"https:\/\/www.visit-montenegro.com\/de\/reiseziele\/budva\/\">Budva<\/a>, <a href=\"https:\/\/www.visit-montenegro.com\/de\/reiseziele\/tivat\/\">Tivat<\/a>, \u017dabljak und <a href=\"https:\/\/www.visit-montenegro.com\/de\/reiseziele\/cetinje\/\">Cetinje<\/a>, die jeweils einzigartige K\u00fcstenpracht, lebendige Kultur oder bergige Ruhe f\u00fcr unvergessliche Reiseerlebnisse bieten.<\/p>\n\n<hr class=\"wp-block-separator has-alpha-channel-opacity\"\/>\n\n<h2 class=\"wp-block-heading\">Kotor: Ein dramatisches K\u00fcstenjuwel<\/h2>\n\n<figure class=\"wp-block-image size-full\"><img loading=\"lazy\" decoding=\"async\" width=\"1600\" height=\"1067\" src=\"https:\/\/www.visit-montenegro.com\/wp-content\/uploads\/2026\/01\/kotor-cruise-ship-scaled.jpg\" alt=\"\" class=\"wp-image-36087\" srcset=\"https:\/\/www.visit-montenegro.com\/wp-content\/uploads\/2026\/01\/kotor-cruise-ship-scaled.jpg 1600w, https:\/\/www.visit-montenegro.com\/wp-content\/uploads\/2026\/01\/kotor-cruise-ship-300x200.jpg 300w, https:\/\/www.visit-montenegro.com\/wp-content\/uploads\/2026\/01\/kotor-cruise-ship-1024x683.jpg 1024w, https:\/\/www.visit-montenegro.com\/wp-content\/uploads\/2026\/01\/kotor-cruise-ship-768x512.jpg 768w, https:\/\/www.visit-montenegro.com\/wp-content\/uploads\/2026\/01\/kotor-cruise-ship-1536x1024.jpg 1536w, https:\/\/www.visit-montenegro.com\/wp-content\/uploads\/2026\/01\/kotor-cruise-ship-1200x800.jpg 1200w\" sizes=\"auto, (max-width: 1600px) 100vw, 1600px\" \/><figcaption class=\"wp-element-caption\">Top-Ansicht der Altstadt in Kotor und ein gro\u00dfes Kreuzfahrtschiff, Montenegro<\/figcaption><\/figure>\n\n<p>Kotor hat seinen Anker zwischen den grauen Bergen und dem Meer geworfen und sein Leben hinter hohen, breiten W\u00e4llen verborgen. Seine Bollwerke wirken wie ewig wachsende Felsranken entlang des H\u00fcgels bis zur alten Festung, die \u00fcber die Stadt blickt. Diese dramatische Stadt vereint die Gegenwart mit einem Labyrinth mittelalterlicher Kirchen, Kathedralen, venezianischer Pal\u00e4ste und S\u00e4ulen. Tats\u00e4chlich lebt Kotor von Kontrasten \u2013 alte Pl\u00e4tze mit modernen Caf\u00e9s, Serenaden und Livemusik, widerhallende Schritte in engen Kopfsteinpflastergassen und faule Katzen unter Balkonen mit schmiedeeisernen Gel\u00e4ndern, die mit Petunien geschm\u00fcckt sind.<\/p>\n\n<div class=\"wp-block-buttons is-layout-flex wp-block-buttons-is-layout-flex\">\n<div class=\"wp-block-button\"><a class=\"wp-block-button__link has-white-color has-primary-background-color has-text-color has-background wp-element-button\" href=\"https:\/\/www.visit-montenegro.com\/de\/reiseziele\/kotor\/\">Kotor erkunden<\/a><\/div>\n<\/div>\n\n<hr class=\"wp-block-separator has-alpha-channel-opacity\"\/>\n\n<h2 class=\"wp-block-heading\">Budva: Die lebendige Metropole des Tourismus<\/h2>\n\n<figure class=\"wp-block-image size-full\"><img loading=\"lazy\" decoding=\"async\" width=\"1600\" height=\"1199\" src=\"https:\/\/www.visit-montenegro.com\/wp-content\/uploads\/2026\/01\/Depositphotos_219687082_XL-scaled.jpg\" alt=\"Budva Altstadt\" class=\"wp-image-133036\" srcset=\"https:\/\/www.visit-montenegro.com\/wp-content\/uploads\/2026\/01\/Depositphotos_219687082_XL-scaled.jpg 1600w, https:\/\/www.visit-montenegro.com\/wp-content\/uploads\/2026\/01\/Depositphotos_219687082_XL-300x225.jpg 300w, https:\/\/www.visit-montenegro.com\/wp-content\/uploads\/2026\/01\/Depositphotos_219687082_XL-1024x767.jpg 1024w, https:\/\/www.visit-montenegro.com\/wp-content\/uploads\/2026\/01\/Depositphotos_219687082_XL-768x576.jpg 768w, https:\/\/www.visit-montenegro.com\/wp-content\/uploads\/2026\/01\/Depositphotos_219687082_XL-1536x1151.jpg 1536w, https:\/\/www.visit-montenegro.com\/wp-content\/uploads\/2026\/01\/Depositphotos_219687082_XL-2048x1535.jpg 2048w\" sizes=\"auto, (max-width: 1600px) 100vw, 1600px\" \/><\/figure>\n\n<p>Einst eine kleine, ruhige K\u00fcstenstadt, ist Budva heute eine Metropole des montenegrinischen Tourismus. Im Sommer wird es zu einer der lautesten und vollsten St\u00e4dte an der montenegrinischen K\u00fcste. Sein Leben begann vor zweieinhalb Jahrtausenden auf einer Landzunge und ergoss sich aus den W\u00e4llen hin zu luxuri\u00f6sen Yachten, neuen Geb\u00e4uden, Restaurants, Bars und Nachtclubs mit erstaunlichem Spa\u00df. Budva hat sogar sein eigenes Hawaii \u2013 eine Insel gegen\u00fcber der Stadt mit sch\u00f6nen Str\u00e4nden, eiskalten Erfrischungen und Meeresfr\u00fcchte-Spezialit\u00e4ten. Abende auf der Promenade \u00fcberw\u00e4ltigen zudem mit lauter Musik aus Caf\u00e9s, Kinderlachen aus Vergn\u00fcgungsparks, dem Duft des Meeres vermischt mit Grillaromen und Discolichtstrahlen, die durch den Himmel wandern, was Budva zu einer gro\u00dfen Lichtshow macht.<\/p>\n\n<div class=\"wp-block-buttons is-layout-flex wp-block-buttons-is-layout-flex\">\n<div class=\"wp-block-button\"><a class=\"wp-block-button__link has-white-color has-primary-background-color has-text-color has-background wp-element-button\" href=\"https:\/\/www.visit-montenegro.com\/de\/reiseziele\/budva\/\">Budva erkunden<\/a><\/div>\n<\/div>\n\n<hr class=\"wp-block-separator has-alpha-channel-opacity\"\/>\n\n<h2 class=\"wp-block-heading\">Tivat: Glamour mit historischen Spuren<\/h2>\n\n<figure class=\"wp-block-image size-full\"><img loading=\"lazy\" decoding=\"async\" width=\"1600\" height=\"898\" src=\"https:\/\/www.visit-montenegro.com\/wp-content\/uploads\/2026\/01\/tivat-aerial-scaled.jpg\" alt=\"\" class=\"wp-image-36217\" srcset=\"https:\/\/www.visit-montenegro.com\/wp-content\/uploads\/2026\/01\/tivat-aerial-scaled.jpg 1600w, https:\/\/www.visit-montenegro.com\/wp-content\/uploads\/2026\/01\/tivat-aerial-300x168.jpg 300w, https:\/\/www.visit-montenegro.com\/wp-content\/uploads\/2026\/01\/tivat-aerial-1024x575.jpg 1024w, https:\/\/www.visit-montenegro.com\/wp-content\/uploads\/2026\/01\/tivat-aerial-768x431.jpg 768w, https:\/\/www.visit-montenegro.com\/wp-content\/uploads\/2026\/01\/tivat-aerial-1536x862.jpg 1536w, https:\/\/www.visit-montenegro.com\/wp-content\/uploads\/2026\/01\/tivat-aerial-1200x674.jpg 1200w\" sizes=\"auto, (max-width: 1600px) 100vw, 1600px\" \/><figcaption class=\"wp-element-caption\">Luftaufnahme des Abends in Porto Montenegro in Tivat.<\/figcaption><\/figure>\n\n<p>Nein, das ist nicht Monaco \u2013 all diese schlendernden Superyachten in einer noblen Marina, die hochklassige Promenade, schicke Apartmentbl\u00f6cke, polierte Restaurants und Gesch\u00e4fte befinden sich in Tivat, Montenegro. Einst eine bescheidene, gew\u00f6hnliche Stadt, erfuhr Tivat eine gro\u00dfe Marina-Umgestaltung und wurde zu einem Ort, an dem der Jetset der Welt im Sommer residiert und ruht. Obwohl vieles in Tivat modern und glamour\u00f6s ist, finden Sie hier historische Spuren. Folglich bieten die Renaissance-Sommerresidenz Buca im Stadtzentrum, Ostrvo Cvijeca mit heiligen Monumenten, Gornja Lastva (der alte Kern), der herrliche Plavi Horizonti Strand und die Insel Sv. Nikola Einblicke in die Vergangenheit. Der Geist alter Zeiten lebt durch einzigartige Ereignisse wie die Bocarska Olympiad und Sommerfeste weiter.<\/p>\n\n<div class=\"wp-block-buttons is-layout-flex wp-block-buttons-is-layout-flex\">\n<div class=\"wp-block-button\"><a class=\"wp-block-button__link has-white-color has-primary-background-color has-text-color has-background wp-element-button\" href=\"https:\/\/www.visit-montenegro.com\/de\/reiseziele\/tivat\/\">Tivat erkunden<\/a><\/div>\n<\/div>\n\n<hr class=\"wp-block-separator has-alpha-channel-opacity\"\/>\n\n<h2 class=\"wp-block-heading\">\u017dabljak: Ein Bergretreat<\/h2>\n\n<figure class=\"wp-block-image size-full\"><img loading=\"lazy\" decoding=\"async\" width=\"1600\" height=\"899\" src=\"https:\/\/www.visit-montenegro.com\/wp-content\/uploads\/2019\/06\/zabljak-black-lake.jpg\" alt=\"\" class=\"wp-image-35360\" srcset=\"https:\/\/www.visit-montenegro.com\/wp-content\/uploads\/2019\/06\/zabljak-black-lake.jpg 1600w, https:\/\/www.visit-montenegro.com\/wp-content\/uploads\/2019\/06\/zabljak-black-lake-300x169.jpg 300w, https:\/\/www.visit-montenegro.com\/wp-content\/uploads\/2019\/06\/zabljak-black-lake-768x432.jpg 768w, https:\/\/www.visit-montenegro.com\/wp-content\/uploads\/2019\/06\/zabljak-black-lake-1024x575.jpg 1024w\" sizes=\"auto, (max-width: 1600px) 100vw, 1600px\" \/><figcaption class=\"wp-element-caption\">Luftaufnahme eines sch\u00f6nen Sees in den Bergen. <a href=\"https:\/\/www.visit-montenegro.com\/de\/reiseziele\/zabljak\/sehenswuerdigkeiten\/schwarzer-see\/\">Schwarzer See<\/a>, Montenegro.<\/figcaption><\/figure>\n\n<p>\u017dabljak ist die Stadt auf der h\u00f6chsten H\u00f6he auf dem Balkan, gelegen auf 1456 m im Zentrum des riesigen Durmitor-Gebirges und des Durmitor-Nationalparks. Es stellt ein gutes Ziel f\u00fcr Wintertourismus dar, aber f\u00fcr viele Touristen ist diese einzigartige Stadt die beste Wahl f\u00fcr einen Sommerurlaub. In seiner N\u00e4he liegt Europas tiefster Canyon, der herrliche Tara-Fluss-Canyon. Diese kleine Stadt im Norden Montenegros ist von zahlreichen Seen und Berggipfeln umgeben. F\u00fcr seine nat\u00fcrlichen Sch\u00f6nheiten, die bei jedem Schritt auftauchen, zieht \u017dabljak im Sommer eine gro\u00dfe Anzahl von Besuchern an.<\/p>\n\n<div class=\"wp-block-buttons is-layout-flex wp-block-buttons-is-layout-flex\">\n<div class=\"wp-block-button\"><a class=\"wp-block-button__link has-white-color has-primary-background-color has-text-color has-background wp-element-button\" href=\"https:\/\/www.visit-montenegro.com\/de\/reiseziele\/zabljak\/\">\u017dabljak erkunden<\/a><\/div>\n<\/div>\n\n<hr class=\"wp-block-separator has-alpha-channel-opacity\"\/>\n\n<h2 class=\"wp-block-heading\">Cetinje: Ein kultureller Schatz<\/h2>\n\n<figure class=\"wp-block-image size-full\"><img loading=\"lazy\" decoding=\"async\" width=\"1600\" height=\"1064\" src=\"https:\/\/www.visit-montenegro.com\/wp-content\/uploads\/2026\/01\/cetinje-monastery-scaled.jpg\" alt=\"\" class=\"wp-image-36027\" srcset=\"https:\/\/www.visit-montenegro.com\/wp-content\/uploads\/2026\/01\/cetinje-monastery-scaled.jpg 1600w, https:\/\/www.visit-montenegro.com\/wp-content\/uploads\/2026\/01\/cetinje-monastery-300x200.jpg 300w, https:\/\/www.visit-montenegro.com\/wp-content\/uploads\/2026\/01\/cetinje-monastery-1024x681.jpg 1024w, https:\/\/www.visit-montenegro.com\/wp-content\/uploads\/2026\/01\/cetinje-monastery-768x511.jpg 768w, https:\/\/www.visit-montenegro.com\/wp-content\/uploads\/2026\/01\/cetinje-monastery-1536x1022.jpg 1536w, https:\/\/www.visit-montenegro.com\/wp-content\/uploads\/2026\/01\/cetinje-monastery-1200x798.jpg 1200w\" sizes=\"auto, (max-width: 1600px) 100vw, 1600px\" \/><figcaption class=\"wp-element-caption\">Altes Kloster der Geburt der Seligen Jungfrau Maria in Cetinje, beliebter Touristenort in Montenegro.<\/figcaption><\/figure>\n\n<p>Gelegen in den Feldern von Cetinje am Fu\u00dfe des Lovcen-Berges, ist Cetinje ein Schatz des montenegrinischen kulturellen und historischen Erbes. Es duftet nach Architektur aus dem 18. und 19. Jahrhundert, die aus dem reichen Gr\u00fcn dieser kleinen Stadt auftaucht. Als Hauptstadt Montenegros und der Crnogorsko-primorska Mitropolija wurden w\u00e4hrend der Herrschaft von K\u00f6nig Nikola viele Botschaften gebaut, die ihr das heutige spezifische Aussehen verleihen. Zwei der repr\u00e4sentativsten Geb\u00e4ude sind die Kl\u00f6ster von Cetinje und Biljarda. Das Cetinje-Kloster, 1701 erbaut, wurde mehrmals von den T\u00fcrken zerst\u00f6rt, aber vom Volk wiederaufgebaut. Es beherbergt Reliquien des Heiligen Petar von Cetinje, eines illustren Patrons der montenegrinischen Geschichte, und repr\u00e4sentiert den geistigen und politischen Sitz des montenegrinischen Volkes.<\/p>\n\n<div class=\"wp-block-buttons is-layout-flex wp-block-buttons-is-layout-flex\">\n<div class=\"wp-block-button\"><a class=\"wp-block-button__link has-white-color has-primary-background-color has-text-color has-background wp-element-button\" href=\"https:\/\/www.visit-montenegro.com\/de\/reiseziele\/cetinje\/\">Cetinje erkunden<\/a><\/div>\n<\/div>\n","protected":false},"excerpt":{"rendered":"<p>Entdecken Sie Montenegros Top 5 Orte, von Kotor&#8217;s dramatischem K\u00fcstencharme und Budva&#8217;s lebendigem Nachtleben \u00fcber Tivat&#8217;s glamour\u00f6sen Marinas, \u017dabljak&#8217;s bergiger Ruhe bis zu Cetinje&#8217;s reichem Kulturerbe. Jedes Ziel bietet einzigartige Erlebnisse f\u00fcr Reisende, die Sch\u00f6nheit und Abenteuer suchen.<\/p>\n","protected":false},"author":1,"featured_media":133637,"parent":0,"menu_order":0,"comment_status":"open","ping_status":"open","template":"","meta":{"_yoast_wpseo_focuskw":"Top 5 Orte in Montenegro","_yoast_wpseo_metadesc":"Entdecken Sie Montenegros Top 5 Orte: Kotor, Budva, Tivat, \u017dabljak und Cetinje. Erkunden Sie K\u00fcstenjuwelen, lebendige Kultur und Bergretreats f\u00fcr eine unvergessliche Reise.","_kad_post_transparent":"","_kad_post_title":"","_kad_post_layout":"","_kad_post_sidebar_id":"","_kad_post_content_style":"","_kad_post_vertical_padding":"","_kad_post_feature":"","_kad_post_feature_position":"","_kad_post_header":false,"_kad_post_footer":false,"_kad_post_classname":"","iawp_total_views":5,"footnotes":""},"tags":[],"class_list":["post-134472","page","type-page","status-publish","has-post-thumbnail","hentry"],"yoast_head":"<!-- This site is optimized with the Yoast SEO plugin v27.3 - https:\/\/yoast.com\/product\/yoast-seo-wordpress\/ -->\n<title>Top 5 Orte in Montenegro - Visit Montenegro<\/title>\n<meta name=\"description\" content=\"Entdecken Sie Montenegros Top 5 Orte: Kotor, Budva, Tivat, \u017dabljak und Cetinje. Erkunden Sie K\u00fcstenjuwelen, lebendige Kultur und Bergretreats f\u00fcr eine unvergessliche Reise.\" \/>\n<meta name=\"robots\" content=\"index, follow, max-snippet:-1, max-image-preview:large, max-video-preview:-1\" \/>\n<link rel=\"canonical\" href=\"https:\/\/www.visit-montenegro.com\/de\/top-5-places\/\" \/>\n<meta property=\"og:locale\" content=\"de_DE\" \/>\n<meta property=\"og:type\" content=\"article\" \/>\n<meta property=\"og:title\" content=\"Top 5 Orte in Montenegro - Visit Montenegro\" \/>\n<meta property=\"og:description\" content=\"Entdecken Sie Montenegros Top 5 Orte: Kotor, Budva, Tivat, \u017dabljak und Cetinje. Erkunden Sie K\u00fcstenjuwelen, lebendige Kultur und Bergretreats f\u00fcr eine unvergessliche Reise.\" \/>\n<meta property=\"og:url\" content=\"https:\/\/www.visit-montenegro.com\/de\/top-5-places\/\" \/>\n<meta property=\"og:site_name\" content=\"Visit Montenegro\" \/>\n<meta property=\"article:publisher\" content=\"https:\/\/www.facebook.com\/visitmontenegro\" \/>\n<meta property=\"article:modified_time\" content=\"2026-02-24T13:51:09+00:00\" \/>\n<meta property=\"og:image\" content=\"https:\/\/www.visit-montenegro.com\/wp-content\/uploads\/2026\/01\/montenegro-signs-scaled.jpg\" \/>\n\t<meta property=\"og:image:width\" content=\"1600\" \/>\n\t<meta property=\"og:image:height\" content=\"1128\" \/>\n\t<meta property=\"og:image:type\" content=\"image\/jpeg\" \/>\n<meta name=\"twitter:card\" content=\"summary_large_image\" \/>\n<meta name=\"twitter:site\" content=\"@visitmontenegro\" \/>\n<meta name=\"twitter:label1\" content=\"Gesch\u00e4tzte Lesezeit\" \/>\n\t<meta name=\"twitter:data1\" content=\"3\u00a0Minuten\" \/>\n<script type=\"application\/ld+json\" class=\"yoast-schema-graph\">{\"@context\":\"https:\\\/\\\/schema.org\",\"@graph\":[{\"@type\":\"WebPage\",\"@id\":\"https:\\\/\\\/www.visit-montenegro.com\\\/de\\\/top-5-places\\\/\",\"url\":\"https:\\\/\\\/www.visit-montenegro.com\\\/de\\\/top-5-places\\\/\",\"name\":\"Top 5 Orte in Montenegro - Visit Montenegro\",\"isPartOf\":{\"@id\":\"https:\\\/\\\/www.visit-montenegro.com\\\/de\\\/#website\"},\"primaryImageOfPage\":{\"@id\":\"https:\\\/\\\/www.visit-montenegro.com\\\/de\\\/top-5-places\\\/#primaryimage\"},\"image\":{\"@id\":\"https:\\\/\\\/www.visit-montenegro.com\\\/de\\\/top-5-places\\\/#primaryimage\"},\"thumbnailUrl\":\"https:\\\/\\\/www.visit-montenegro.com\\\/wp-content\\\/uploads\\\/2026\\\/01\\\/montenegro-signs-scaled.jpg\",\"datePublished\":\"2026-01-28T18:16:58+00:00\",\"dateModified\":\"2026-02-24T13:51:09+00:00\",\"description\":\"Entdecken Sie Montenegros Top 5 Orte: Kotor, Budva, Tivat, \u017dabljak und Cetinje. Erkunden Sie K\u00fcstenjuwelen, lebendige Kultur und Bergretreats f\u00fcr eine unvergessliche Reise.\",\"breadcrumb\":{\"@id\":\"https:\\\/\\\/www.visit-montenegro.com\\\/de\\\/top-5-places\\\/#breadcrumb\"},\"inLanguage\":\"de\",\"potentialAction\":[{\"@type\":\"ReadAction\",\"target\":[\"https:\\\/\\\/www.visit-montenegro.com\\\/de\\\/top-5-places\\\/\"]}]},{\"@type\":\"ImageObject\",\"inLanguage\":\"de\",\"@id\":\"https:\\\/\\\/www.visit-montenegro.com\\\/de\\\/top-5-places\\\/#primaryimage\",\"url\":\"https:\\\/\\\/www.visit-montenegro.com\\\/wp-content\\\/uploads\\\/2026\\\/01\\\/montenegro-signs-scaled.jpg\",\"contentUrl\":\"https:\\\/\\\/www.visit-montenegro.com\\\/wp-content\\\/uploads\\\/2026\\\/01\\\/montenegro-signs-scaled.jpg\",\"width\":1600,\"height\":1128},{\"@type\":\"BreadcrumbList\",\"@id\":\"https:\\\/\\\/www.visit-montenegro.com\\\/de\\\/top-5-places\\\/#breadcrumb\",\"itemListElement\":[{\"@type\":\"ListItem\",\"position\":1,\"name\":\"Home\",\"item\":\"https:\\\/\\\/www.visit-montenegro.com\\\/de\\\/home\\\/\"},{\"@type\":\"ListItem\",\"position\":2,\"name\":\"Top 5 Orte in Montenegro\"}]},{\"@type\":\"WebSite\",\"@id\":\"https:\\\/\\\/www.visit-montenegro.com\\\/de\\\/#website\",\"url\":\"https:\\\/\\\/www.visit-montenegro.com\\\/de\\\/\",\"name\":\"Visit Montenegro\",\"description\":\"Breathtaking beauty\",\"publisher\":{\"@id\":\"https:\\\/\\\/www.visit-montenegro.com\\\/de\\\/#organization\"},\"potentialAction\":[{\"@type\":\"SearchAction\",\"target\":{\"@type\":\"EntryPoint\",\"urlTemplate\":\"https:\\\/\\\/www.visit-montenegro.com\\\/de\\\/?s={search_term_string}\"},\"query-input\":{\"@type\":\"PropertyValueSpecification\",\"valueRequired\":true,\"valueName\":\"search_term_string\"}}],\"inLanguage\":\"de\"},{\"@type\":\"Organization\",\"@id\":\"https:\\\/\\\/www.visit-montenegro.com\\\/de\\\/#organization\",\"name\":\"Visit Montenegro\",\"url\":\"https:\\\/\\\/www.visit-montenegro.com\\\/de\\\/\",\"logo\":{\"@type\":\"ImageObject\",\"inLanguage\":\"de\",\"@id\":\"https:\\\/\\\/www.visit-montenegro.com\\\/de\\\/#\\\/schema\\\/logo\\\/image\\\/\",\"url\":\"https:\\\/\\\/www.visit-montenegro.com\\\/wp-content\\\/uploads\\\/2017\\\/10\\\/logo-amp.png\",\"contentUrl\":\"https:\\\/\\\/www.visit-montenegro.com\\\/wp-content\\\/uploads\\\/2017\\\/10\\\/logo-amp.png\",\"width\":190,\"height\":36,\"caption\":\"Visit Montenegro\"},\"image\":{\"@id\":\"https:\\\/\\\/www.visit-montenegro.com\\\/de\\\/#\\\/schema\\\/logo\\\/image\\\/\"},\"sameAs\":[\"https:\\\/\\\/www.facebook.com\\\/visitmontenegro\",\"https:\\\/\\\/x.com\\\/visitmontenegro\",\"https:\\\/\\\/www.instagram.com\\\/visit_montenegro\\\/\",\"https:\\\/\\\/www.youtube.com\\\/user\\\/VisitMontenegro\"]}]}<\/script>\n<!-- \/ Yoast SEO plugin. -->","yoast_head_json":{"title":"Top 5 Orte in Montenegro - Visit Montenegro","description":"Entdecken Sie Montenegros Top 5 Orte: Kotor, Budva, Tivat, \u017dabljak und Cetinje. Erkunden Sie K\u00fcstenjuwelen, lebendige Kultur und Bergretreats f\u00fcr eine unvergessliche Reise.","robots":{"index":"index","follow":"follow","max-snippet":"max-snippet:-1","max-image-preview":"max-image-preview:large","max-video-preview":"max-video-preview:-1"},"canonical":"https:\/\/www.visit-montenegro.com\/de\/top-5-places\/","og_locale":"de_DE","og_type":"article","og_title":"Top 5 Orte in Montenegro - Visit Montenegro","og_description":"Entdecken Sie Montenegros Top 5 Orte: Kotor, Budva, Tivat, \u017dabljak und Cetinje. Erkunden Sie K\u00fcstenjuwelen, lebendige Kultur und Bergretreats f\u00fcr eine unvergessliche Reise.","og_url":"https:\/\/www.visit-montenegro.com\/de\/top-5-places\/","og_site_name":"Visit Montenegro","article_publisher":"https:\/\/www.facebook.com\/visitmontenegro","article_modified_time":"2026-02-24T13:51:09+00:00","og_image":[{"width":1600,"height":1128,"url":"https:\/\/www.visit-montenegro.com\/wp-content\/uploads\/2026\/01\/montenegro-signs-scaled.jpg","type":"image\/jpeg"}],"twitter_card":"summary_large_image","twitter_site":"@visitmontenegro","twitter_misc":{"Gesch\u00e4tzte Lesezeit":"3\u00a0Minuten"},"schema":{"@context":"https:\/\/schema.org","@graph":[{"@type":"WebPage","@id":"https:\/\/www.visit-montenegro.com\/de\/top-5-places\/","url":"https:\/\/www.visit-montenegro.com\/de\/top-5-places\/","name":"Top 5 Orte in Montenegro - Visit Montenegro","isPartOf":{"@id":"https:\/\/www.visit-montenegro.com\/de\/#website"},"primaryImageOfPage":{"@id":"https:\/\/www.visit-montenegro.com\/de\/top-5-places\/#primaryimage"},"image":{"@id":"https:\/\/www.visit-montenegro.com\/de\/top-5-places\/#primaryimage"},"thumbnailUrl":"https:\/\/www.visit-montenegro.com\/wp-content\/uploads\/2026\/01\/montenegro-signs-scaled.jpg","datePublished":"2026-01-28T18:16:58+00:00","dateModified":"2026-02-24T13:51:09+00:00","description":"Entdecken Sie Montenegros Top 5 Orte: Kotor, Budva, Tivat, \u017dabljak und Cetinje. Erkunden Sie K\u00fcstenjuwelen, lebendige Kultur und Bergretreats f\u00fcr eine unvergessliche Reise.","breadcrumb":{"@id":"https:\/\/www.visit-montenegro.com\/de\/top-5-places\/#breadcrumb"},"inLanguage":"de","potentialAction":[{"@type":"ReadAction","target":["https:\/\/www.visit-montenegro.com\/de\/top-5-places\/"]}]},{"@type":"ImageObject","inLanguage":"de","@id":"https:\/\/www.visit-montenegro.com\/de\/top-5-places\/#primaryimage","url":"https:\/\/www.visit-montenegro.com\/wp-content\/uploads\/2026\/01\/montenegro-signs-scaled.jpg","contentUrl":"https:\/\/www.visit-montenegro.com\/wp-content\/uploads\/2026\/01\/montenegro-signs-scaled.jpg","width":1600,"height":1128},{"@type":"BreadcrumbList","@id":"https:\/\/www.visit-montenegro.com\/de\/top-5-places\/#breadcrumb","itemListElement":[{"@type":"ListItem","position":1,"name":"Home","item":"https:\/\/www.visit-montenegro.com\/de\/home\/"},{"@type":"ListItem","position":2,"name":"Top 5 Orte in Montenegro"}]},{"@type":"WebSite","@id":"https:\/\/www.visit-montenegro.com\/de\/#website","url":"https:\/\/www.visit-montenegro.com\/de\/","name":"Visit Montenegro","description":"Breathtaking beauty","publisher":{"@id":"https:\/\/www.visit-montenegro.com\/de\/#organization"},"potentialAction":[{"@type":"SearchAction","target":{"@type":"EntryPoint","urlTemplate":"https:\/\/www.visit-montenegro.com\/de\/?s={search_term_string}"},"query-input":{"@type":"PropertyValueSpecification","valueRequired":true,"valueName":"search_term_string"}}],"inLanguage":"de"},{"@type":"Organization","@id":"https:\/\/www.visit-montenegro.com\/de\/#organization","name":"Visit Montenegro","url":"https:\/\/www.visit-montenegro.com\/de\/","logo":{"@type":"ImageObject","inLanguage":"de","@id":"https:\/\/www.visit-montenegro.com\/de\/#\/schema\/logo\/image\/","url":"https:\/\/www.visit-montenegro.com\/wp-content\/uploads\/2017\/10\/logo-amp.png","contentUrl":"https:\/\/www.visit-montenegro.com\/wp-content\/uploads\/2017\/10\/logo-amp.png","width":190,"height":36,"caption":"Visit Montenegro"},"image":{"@id":"https:\/\/www.visit-montenegro.com\/de\/#\/schema\/logo\/image\/"},"sameAs":["https:\/\/www.facebook.com\/visitmontenegro","https:\/\/x.com\/visitmontenegro","https:\/\/www.instagram.com\/visit_montenegro\/","https:\/\/www.youtube.com\/user\/VisitMontenegro"]}]}},"translations":[],"_links":{"self":[{"href":"https:\/\/www.visit-montenegro.com\/de\/wp-json\/wp\/v2\/pages\/134472","targetHints":{"allow":["GET"]}}],"collection":[{"href":"https:\/\/www.visit-montenegro.com\/de\/wp-json\/wp\/v2\/pages"}],"about":[{"href":"https:\/\/www.visit-montenegro.com\/de\/wp-json\/wp\/v2\/types\/page"}],"author":[{"embeddable":true,"href":"https:\/\/www.visit-montenegro.com\/de\/wp-json\/wp\/v2\/users\/1"}],"replies":[{"embeddable":true,"href":"https:\/\/www.visit-montenegro.com\/de\/wp-json\/wp\/v2\/comments?post=134472"}],"version-history":[{"count":0,"href":"https:\/\/www.visit-montenegro.com\/de\/wp-json\/wp\/v2\/pages\/134472\/revisions"}],"wp:featuredmedia":[{"embeddable":true,"href":"https:\/\/www.visit-montenegro.com\/de\/wp-json\/wp\/v2\/media\/133637"}],"wp:attachment":[{"href":"https:\/\/www.visit-montenegro.com\/de\/wp-json\/wp\/v2\/media?parent=134472"}],"wp:term":[{"taxonomy":"post_tag","embeddable":true,"href":"https:\/\/www.visit-montenegro.com\/de\/wp-json\/wp\/v2\/tags?post=134472"}],"curies":[{"name":"wp","href":"https:\/\/api.w.org\/{rel}","templated":true}]}}