{"id":134474,"date":"2026-01-27T22:11:31","date_gmt":"2026-01-27T21:11:31","guid":{"rendered":"https:\/\/new.visit-montenegro.com\/entdecken\/"},"modified":"2026-02-22T16:59:52","modified_gmt":"2026-02-22T15:59:52","slug":"entdecken","status":"publish","type":"page","link":"https:\/\/www.visit-montenegro.com\/de\/entdecken\/","title":{"rendered":"Entdecken Sie Montenegro"},"content":{"rendered":"\n<p>Montenegro ist ein faszinierendes Balkanland, in dem raue Berge auf die Adria treffen und vielf\u00e4ltige Landschaften von mittelalterlichen K\u00fcstenst\u00e4dten bis zu unber\u00fchrten Nationalparks bieten, was es zu einem idealen Ziel f\u00fcr Abenteuer und kulturelle Erkundungen macht.<\/p>\n\n<hr class=\"wp-block-separator has-alpha-channel-opacity\"\/>\n\n<h2 class=\"wp-block-heading\">Entdecken Sie die vielf\u00e4ltigen Regionen Montenegros<\/h2>\n\n<p>Um Montenegro wirklich <strong>zu erkunden<\/strong>, m\u00fcssen Sie \u00fcber ein einzelnes Gebiet hinausgehen. Der Name des Landes selbst, der &#8222;Schwarzer Berg&#8220; bedeutet, deutet auf seine dramatischen n\u00f6rdlichen Landschaften hin. Tats\u00e4chlich ist kein Besuch komplett, ohne diese majest\u00e4tischen Gipfel zu erleben. Dar\u00fcber hinaus bietet die zentrale Region ihren eigenen einzigartigen Charme, w\u00e4hrend die K\u00fcste mit historischen St\u00e4dten und mediterraner Anziehungskraft lockt.<\/p>\n\n<div class=\"wp-block-query is-layout-flow wp-block-query-is-layout-flow\"><ul class=\"columns-1 wp-block-post-template is-layout-grid wp-container-core-post-template-is-layout-f9ac393c wp-block-post-template-is-layout-grid\"><li class=\"wp-block-post post-133946 page type-page status-publish has-post-thumbnail hentry\">\n\n<div class=\"wp-block-group\" style=\"padding-top:30px;padding-right:30px;padding-bottom:30px;padding-left:30px\"><div class=\"wp-block-group__inner-container is-layout-flow wp-block-group-is-layout-flow\"><figure class=\"wp-block-post-featured-image\"><img loading=\"lazy\" decoding=\"async\" width=\"1200\" height=\"780\" src=\"https:\/\/www.visit-montenegro.com\/wp-content\/uploads\/2026\/01\/lake-skadar-03-1200x780.jpg\" class=\"attachment-post-thumbnail size-post-thumbnail wp-post-image\" alt=\"\" style=\"object-fit:cover;\" srcset=\"https:\/\/www.visit-montenegro.com\/wp-content\/uploads\/2026\/01\/lake-skadar-03-1200x780.jpg 1200w, https:\/\/www.visit-montenegro.com\/wp-content\/uploads\/2026\/01\/lake-skadar-03-300x195.jpg 300w, https:\/\/www.visit-montenegro.com\/wp-content\/uploads\/2026\/01\/lake-skadar-03-1024x666.jpg 1024w, https:\/\/www.visit-montenegro.com\/wp-content\/uploads\/2026\/01\/lake-skadar-03-768x499.jpg 768w, https:\/\/www.visit-montenegro.com\/wp-content\/uploads\/2026\/01\/lake-skadar-03-1536x998.jpg 1536w, https:\/\/www.visit-montenegro.com\/wp-content\/uploads\/2026\/01\/lake-skadar-03-scaled.jpg 1600w\" sizes=\"auto, (max-width: 1200px) 100vw, 1200px\" \/><\/figure>\n\n<h2 class=\"wp-block-post-title\"><a href=\"https:\/\/www.visit-montenegro.com\/de\/entdecken\/zentral\/\" target=\"_self\" >Entdecken Sie Zentralmontenegro<\/a><\/h2>\n\n<div class=\"wp-block-post-excerpt\"><p class=\"wp-block-post-excerpt__excerpt\">Entdecken Sie Zentralmontenegro, eine lebendige Region mit Podgorica im Zentrum. Sie vereint urbanes Leben mit nat\u00fcrlicher Sch\u00f6nheit und bietet vielf\u00e4ltige Landschaften und eine reiche Geschichte f\u00fcr ein unvergessliches Reiseerlebnis.<\/p><p class=\"wp-block-post-excerpt__more-text\"><a class=\"wp-block-post-excerpt__more-link\" href=\"https:\/\/www.visit-montenegro.com\/de\/entdecken\/zentral\/\">Weiterlesen<\/a><\/p><\/div>\n\n\n<hr class=\"wp-block-separator has-alpha-channel-opacity\" style=\"margin-top:var(--wp--preset--spacing--70);margin-bottom:var(--wp--preset--spacing--70)\"\/>\n<\/div><\/div>\n\n<\/li><li class=\"wp-block-post post-134479 page type-page status-publish has-post-thumbnail hentry\">\n\n<div class=\"wp-block-group\" style=\"padding-top:30px;padding-right:30px;padding-bottom:30px;padding-left:30px\"><div class=\"wp-block-group__inner-container is-layout-flow wp-block-group-is-layout-flow\"><figure class=\"wp-block-post-featured-image\"><img loading=\"lazy\" decoding=\"async\" width=\"800\" height=\"533\" src=\"https:\/\/www.visit-montenegro.com\/wp-content\/uploads\/2015\/02\/Montenegro-Coast.jpg\" class=\"attachment-post-thumbnail size-post-thumbnail wp-post-image\" alt=\"\" style=\"object-fit:cover;\" srcset=\"https:\/\/www.visit-montenegro.com\/wp-content\/uploads\/2015\/02\/Montenegro-Coast.jpg 800w, https:\/\/www.visit-montenegro.com\/wp-content\/uploads\/2015\/02\/Montenegro-Coast-300x200.jpg 300w, https:\/\/www.visit-montenegro.com\/wp-content\/uploads\/2015\/02\/Montenegro-Coast-90x60.jpg 90w, https:\/\/www.visit-montenegro.com\/wp-content\/uploads\/2015\/02\/Montenegro-Coast-180x120.jpg 180w, https:\/\/www.visit-montenegro.com\/wp-content\/uploads\/2015\/02\/Montenegro-Coast-95x64.jpg 95w\" sizes=\"auto, (max-width: 800px) 100vw, 800px\" \/><\/figure>\n\n<h2 class=\"wp-block-post-title\"><a href=\"https:\/\/www.visit-montenegro.com\/de\/entdecken\/kueste\/\" target=\"_self\" >Entdecken Sie die K\u00fcste Montenegros<\/a><\/h2>\n\n<div class=\"wp-block-post-excerpt\"><p class=\"wp-block-post-excerpt__excerpt\">Entdecken Sie die bezaubernde montenegrinische K\u00fcste, wo historische St\u00e4dte wie Kotor und Budva eine Mischung aus UNESCO-Welterbe, lebendigem Nachtleben und atemberaubenden Str\u00e4nden bieten. Planen Sie Ihre Reise, um mediterranen Charme und beeindruckende Landschaften zu erleben.<\/p><p class=\"wp-block-post-excerpt__more-text\"><a class=\"wp-block-post-excerpt__more-link\" href=\"https:\/\/www.visit-montenegro.com\/de\/entdecken\/kueste\/\">Weiterlesen<\/a><\/p><\/div>\n\n\n<hr class=\"wp-block-separator has-alpha-channel-opacity\" style=\"margin-top:var(--wp--preset--spacing--70);margin-bottom:var(--wp--preset--spacing--70)\"\/>\n<\/div><\/div>\n\n<\/li><li class=\"wp-block-post post-133940 page type-page status-publish has-post-thumbnail hentry\">\n\n<div class=\"wp-block-group\" style=\"padding-top:30px;padding-right:30px;padding-bottom:30px;padding-left:30px\"><div class=\"wp-block-group__inner-container is-layout-flow wp-block-group-is-layout-flow\"><figure class=\"wp-block-post-featured-image\"><img loading=\"lazy\" decoding=\"async\" width=\"1200\" height=\"800\" src=\"https:\/\/www.visit-montenegro.com\/wp-content\/uploads\/2026\/01\/prokletije-02-1200x800.jpg\" class=\"attachment-post-thumbnail size-post-thumbnail wp-post-image\" alt=\"\" style=\"object-fit:cover;\" srcset=\"https:\/\/www.visit-montenegro.com\/wp-content\/uploads\/2026\/01\/prokletije-02-1200x800.jpg 1200w, https:\/\/www.visit-montenegro.com\/wp-content\/uploads\/2026\/01\/prokletije-02-300x200.jpg 300w, https:\/\/www.visit-montenegro.com\/wp-content\/uploads\/2026\/01\/prokletije-02-1024x683.jpg 1024w, https:\/\/www.visit-montenegro.com\/wp-content\/uploads\/2026\/01\/prokletije-02-768x512.jpg 768w, https:\/\/www.visit-montenegro.com\/wp-content\/uploads\/2026\/01\/prokletije-02-1536x1024.jpg 1536w, https:\/\/www.visit-montenegro.com\/wp-content\/uploads\/2026\/01\/prokletije-02-scaled.jpg 1600w\" sizes=\"auto, (max-width: 1200px) 100vw, 1200px\" \/><\/figure>\n\n<h2 class=\"wp-block-post-title\"><a href=\"https:\/\/www.visit-montenegro.com\/de\/entdecken\/nord\/\" target=\"_self\" >Entdecken Sie die Berge Montenegros<\/a><\/h2>\n\n<div class=\"wp-block-post-excerpt\"><p class=\"wp-block-post-excerpt__excerpt\">Entdecken Sie die majest\u00e4tischen Berge Montenegros, von der tiefsten Schlucht Europas bis zu uralten W\u00e4ldern. Dieser Leitfaden hebt Top-Destinationen wie Durmitor und Komovi hervor, ideal f\u00fcr Wandern, Rafting und kulturelle Erkundungen. Planen Sie Ihr Abenteuer in diesem unber\u00fchrten Naturparadies.<\/p><p class=\"wp-block-post-excerpt__more-text\"><a class=\"wp-block-post-excerpt__more-link\" href=\"https:\/\/www.visit-montenegro.com\/de\/entdecken\/nord\/\">Weiterlesen<\/a><\/p><\/div>\n\n\n<hr class=\"wp-block-separator has-alpha-channel-opacity\" style=\"margin-top:var(--wp--preset--spacing--70);margin-bottom:var(--wp--preset--spacing--70)\"\/>\n<\/div><\/div>\n\n<\/li><\/ul><\/div>\n","protected":false},"excerpt":{"rendered":"<p>Entdecken Sie Montenegros vielf\u00e4ltige Regionen, von den rauen n\u00f6rdlichen Bergen bis zu historischen K\u00fcstenst\u00e4dten. Dieser Leitfaden hilft Ihnen, die einzigartigen Landschaften und kulturellen Highlights des Landes f\u00fcr eine unvergessliche Reise zu erkunden.<\/p>\n","protected":false},"author":1,"featured_media":133637,"parent":0,"menu_order":0,"comment_status":"closed","ping_status":"closed","template":"","meta":{"_yoast_wpseo_focuskw":"Entdecken Sie Montenegro","_yoast_wpseo_metadesc":"Planen Sie Ihr Montenegro-Abenteuer mit unserem Leitfaden zu Bergen, zentralen Gebieten und K\u00fcste. Erkunden Sie vielf\u00e4ltige Landschaften und kulturelle Sch\u00e4tze f\u00fcr eine unvergessliche Reise.","_kad_post_transparent":"","_kad_post_title":"","_kad_post_layout":"","_kad_post_sidebar_id":"","_kad_post_content_style":"","_kad_post_vertical_padding":"","_kad_post_feature":"","_kad_post_feature_position":"","_kad_post_header":false,"_kad_post_footer":false,"_kad_post_classname":"","iawp_total_views":2,"footnotes":""},"tags":[],"class_list":["post-134474","page","type-page","status-publish","has-post-thumbnail","hentry"],"yoast_head":"<!-- This site is optimized with the Yoast SEO plugin v27.3 - https:\/\/yoast.com\/product\/yoast-seo-wordpress\/ -->\n<title>Entdecken Sie Montenegro - Visit Montenegro<\/title>\n<meta name=\"description\" content=\"Planen Sie Ihr Montenegro-Abenteuer mit unserem Leitfaden zu Bergen, zentralen Gebieten und K\u00fcste. Erkunden Sie vielf\u00e4ltige Landschaften und kulturelle Sch\u00e4tze f\u00fcr eine unvergessliche Reise.\" \/>\n<meta name=\"robots\" content=\"index, follow, max-snippet:-1, max-image-preview:large, max-video-preview:-1\" \/>\n<link rel=\"canonical\" href=\"https:\/\/www.visit-montenegro.com\/de\/entdecken\/\" \/>\n<meta property=\"og:locale\" content=\"de_DE\" \/>\n<meta property=\"og:type\" content=\"article\" \/>\n<meta property=\"og:title\" content=\"Entdecken Sie Montenegro - Visit Montenegro\" \/>\n<meta property=\"og:description\" content=\"Planen Sie Ihr Montenegro-Abenteuer mit unserem Leitfaden zu Bergen, zentralen Gebieten und K\u00fcste. Erkunden Sie vielf\u00e4ltige Landschaften und kulturelle Sch\u00e4tze f\u00fcr eine unvergessliche Reise.\" \/>\n<meta property=\"og:url\" content=\"https:\/\/www.visit-montenegro.com\/de\/entdecken\/\" \/>\n<meta property=\"og:site_name\" content=\"Visit Montenegro\" \/>\n<meta property=\"article:publisher\" content=\"https:\/\/www.facebook.com\/visitmontenegro\" \/>\n<meta property=\"article:modified_time\" content=\"2026-02-22T15:59:52+00:00\" \/>\n<meta property=\"og:image\" content=\"https:\/\/www.visit-montenegro.com\/wp-content\/uploads\/2026\/01\/montenegro-signs-scaled.jpg\" \/>\n\t<meta property=\"og:image:width\" content=\"1600\" \/>\n\t<meta property=\"og:image:height\" content=\"1128\" \/>\n\t<meta property=\"og:image:type\" content=\"image\/jpeg\" \/>\n<meta name=\"twitter:card\" content=\"summary_large_image\" \/>\n<meta name=\"twitter:site\" content=\"@visitmontenegro\" \/>\n<meta name=\"twitter:label1\" content=\"Gesch\u00e4tzte Lesezeit\" \/>\n\t<meta name=\"twitter:data1\" content=\"1\u00a0Minute\" \/>\n<script type=\"application\/ld+json\" class=\"yoast-schema-graph\">{\"@context\":\"https:\\\/\\\/schema.org\",\"@graph\":[{\"@type\":\"WebPage\",\"@id\":\"https:\\\/\\\/www.visit-montenegro.com\\\/de\\\/entdecken\\\/\",\"url\":\"https:\\\/\\\/www.visit-montenegro.com\\\/de\\\/entdecken\\\/\",\"name\":\"Entdecken Sie Montenegro - Visit Montenegro\",\"isPartOf\":{\"@id\":\"https:\\\/\\\/www.visit-montenegro.com\\\/de\\\/#website\"},\"primaryImageOfPage\":{\"@id\":\"https:\\\/\\\/www.visit-montenegro.com\\\/de\\\/entdecken\\\/#primaryimage\"},\"image\":{\"@id\":\"https:\\\/\\\/www.visit-montenegro.com\\\/de\\\/entdecken\\\/#primaryimage\"},\"thumbnailUrl\":\"https:\\\/\\\/www.visit-montenegro.com\\\/wp-content\\\/uploads\\\/2026\\\/01\\\/montenegro-signs-scaled.jpg\",\"datePublished\":\"2026-01-27T21:11:31+00:00\",\"dateModified\":\"2026-02-22T15:59:52+00:00\",\"description\":\"Planen Sie Ihr Montenegro-Abenteuer mit unserem Leitfaden zu Bergen, zentralen Gebieten und K\u00fcste. Erkunden Sie vielf\u00e4ltige Landschaften und kulturelle Sch\u00e4tze f\u00fcr eine unvergessliche Reise.\",\"breadcrumb\":{\"@id\":\"https:\\\/\\\/www.visit-montenegro.com\\\/de\\\/entdecken\\\/#breadcrumb\"},\"inLanguage\":\"de\",\"potentialAction\":[{\"@type\":\"ReadAction\",\"target\":[\"https:\\\/\\\/www.visit-montenegro.com\\\/de\\\/entdecken\\\/\"]}]},{\"@type\":\"ImageObject\",\"inLanguage\":\"de\",\"@id\":\"https:\\\/\\\/www.visit-montenegro.com\\\/de\\\/entdecken\\\/#primaryimage\",\"url\":\"https:\\\/\\\/www.visit-montenegro.com\\\/wp-content\\\/uploads\\\/2026\\\/01\\\/montenegro-signs-scaled.jpg\",\"contentUrl\":\"https:\\\/\\\/www.visit-montenegro.com\\\/wp-content\\\/uploads\\\/2026\\\/01\\\/montenegro-signs-scaled.jpg\",\"width\":1600,\"height\":1128},{\"@type\":\"BreadcrumbList\",\"@id\":\"https:\\\/\\\/www.visit-montenegro.com\\\/de\\\/entdecken\\\/#breadcrumb\",\"itemListElement\":[{\"@type\":\"ListItem\",\"position\":1,\"name\":\"Home\",\"item\":\"https:\\\/\\\/www.visit-montenegro.com\\\/de\\\/home\\\/\"},{\"@type\":\"ListItem\",\"position\":2,\"name\":\"Entdecken Sie Montenegro\"}]},{\"@type\":\"WebSite\",\"@id\":\"https:\\\/\\\/www.visit-montenegro.com\\\/de\\\/#website\",\"url\":\"https:\\\/\\\/www.visit-montenegro.com\\\/de\\\/\",\"name\":\"Visit Montenegro\",\"description\":\"Breathtaking beauty\",\"publisher\":{\"@id\":\"https:\\\/\\\/www.visit-montenegro.com\\\/de\\\/#organization\"},\"potentialAction\":[{\"@type\":\"SearchAction\",\"target\":{\"@type\":\"EntryPoint\",\"urlTemplate\":\"https:\\\/\\\/www.visit-montenegro.com\\\/de\\\/?s={search_term_string}\"},\"query-input\":{\"@type\":\"PropertyValueSpecification\",\"valueRequired\":true,\"valueName\":\"search_term_string\"}}],\"inLanguage\":\"de\"},{\"@type\":\"Organization\",\"@id\":\"https:\\\/\\\/www.visit-montenegro.com\\\/de\\\/#organization\",\"name\":\"Visit Montenegro\",\"url\":\"https:\\\/\\\/www.visit-montenegro.com\\\/de\\\/\",\"logo\":{\"@type\":\"ImageObject\",\"inLanguage\":\"de\",\"@id\":\"https:\\\/\\\/www.visit-montenegro.com\\\/de\\\/#\\\/schema\\\/logo\\\/image\\\/\",\"url\":\"https:\\\/\\\/www.visit-montenegro.com\\\/wp-content\\\/uploads\\\/2017\\\/10\\\/logo-amp.png\",\"contentUrl\":\"https:\\\/\\\/www.visit-montenegro.com\\\/wp-content\\\/uploads\\\/2017\\\/10\\\/logo-amp.png\",\"width\":190,\"height\":36,\"caption\":\"Visit Montenegro\"},\"image\":{\"@id\":\"https:\\\/\\\/www.visit-montenegro.com\\\/de\\\/#\\\/schema\\\/logo\\\/image\\\/\"},\"sameAs\":[\"https:\\\/\\\/www.facebook.com\\\/visitmontenegro\",\"https:\\\/\\\/x.com\\\/visitmontenegro\",\"https:\\\/\\\/www.instagram.com\\\/visit_montenegro\\\/\",\"https:\\\/\\\/www.youtube.com\\\/user\\\/VisitMontenegro\"]}]}<\/script>\n<!-- \/ Yoast SEO plugin. -->","yoast_head_json":{"title":"Entdecken Sie Montenegro - Visit Montenegro","description":"Planen Sie Ihr Montenegro-Abenteuer mit unserem Leitfaden zu Bergen, zentralen Gebieten und K\u00fcste. Erkunden Sie vielf\u00e4ltige Landschaften und kulturelle Sch\u00e4tze f\u00fcr eine unvergessliche Reise.","robots":{"index":"index","follow":"follow","max-snippet":"max-snippet:-1","max-image-preview":"max-image-preview:large","max-video-preview":"max-video-preview:-1"},"canonical":"https:\/\/www.visit-montenegro.com\/de\/entdecken\/","og_locale":"de_DE","og_type":"article","og_title":"Entdecken Sie Montenegro - Visit Montenegro","og_description":"Planen Sie Ihr Montenegro-Abenteuer mit unserem Leitfaden zu Bergen, zentralen Gebieten und K\u00fcste. Erkunden Sie vielf\u00e4ltige Landschaften und kulturelle Sch\u00e4tze f\u00fcr eine unvergessliche Reise.","og_url":"https:\/\/www.visit-montenegro.com\/de\/entdecken\/","og_site_name":"Visit Montenegro","article_publisher":"https:\/\/www.facebook.com\/visitmontenegro","article_modified_time":"2026-02-22T15:59:52+00:00","og_image":[{"width":1600,"height":1128,"url":"https:\/\/www.visit-montenegro.com\/wp-content\/uploads\/2026\/01\/montenegro-signs-scaled.jpg","type":"image\/jpeg"}],"twitter_card":"summary_large_image","twitter_site":"@visitmontenegro","twitter_misc":{"Gesch\u00e4tzte Lesezeit":"1\u00a0Minute"},"schema":{"@context":"https:\/\/schema.org","@graph":[{"@type":"WebPage","@id":"https:\/\/www.visit-montenegro.com\/de\/entdecken\/","url":"https:\/\/www.visit-montenegro.com\/de\/entdecken\/","name":"Entdecken Sie Montenegro - Visit Montenegro","isPartOf":{"@id":"https:\/\/www.visit-montenegro.com\/de\/#website"},"primaryImageOfPage":{"@id":"https:\/\/www.visit-montenegro.com\/de\/entdecken\/#primaryimage"},"image":{"@id":"https:\/\/www.visit-montenegro.com\/de\/entdecken\/#primaryimage"},"thumbnailUrl":"https:\/\/www.visit-montenegro.com\/wp-content\/uploads\/2026\/01\/montenegro-signs-scaled.jpg","datePublished":"2026-01-27T21:11:31+00:00","dateModified":"2026-02-22T15:59:52+00:00","description":"Planen Sie Ihr Montenegro-Abenteuer mit unserem Leitfaden zu Bergen, zentralen Gebieten und K\u00fcste. Erkunden Sie vielf\u00e4ltige Landschaften und kulturelle Sch\u00e4tze f\u00fcr eine unvergessliche Reise.","breadcrumb":{"@id":"https:\/\/www.visit-montenegro.com\/de\/entdecken\/#breadcrumb"},"inLanguage":"de","potentialAction":[{"@type":"ReadAction","target":["https:\/\/www.visit-montenegro.com\/de\/entdecken\/"]}]},{"@type":"ImageObject","inLanguage":"de","@id":"https:\/\/www.visit-montenegro.com\/de\/entdecken\/#primaryimage","url":"https:\/\/www.visit-montenegro.com\/wp-content\/uploads\/2026\/01\/montenegro-signs-scaled.jpg","contentUrl":"https:\/\/www.visit-montenegro.com\/wp-content\/uploads\/2026\/01\/montenegro-signs-scaled.jpg","width":1600,"height":1128},{"@type":"BreadcrumbList","@id":"https:\/\/www.visit-montenegro.com\/de\/entdecken\/#breadcrumb","itemListElement":[{"@type":"ListItem","position":1,"name":"Home","item":"https:\/\/www.visit-montenegro.com\/de\/home\/"},{"@type":"ListItem","position":2,"name":"Entdecken Sie Montenegro"}]},{"@type":"WebSite","@id":"https:\/\/www.visit-montenegro.com\/de\/#website","url":"https:\/\/www.visit-montenegro.com\/de\/","name":"Visit Montenegro","description":"Breathtaking beauty","publisher":{"@id":"https:\/\/www.visit-montenegro.com\/de\/#organization"},"potentialAction":[{"@type":"SearchAction","target":{"@type":"EntryPoint","urlTemplate":"https:\/\/www.visit-montenegro.com\/de\/?s={search_term_string}"},"query-input":{"@type":"PropertyValueSpecification","valueRequired":true,"valueName":"search_term_string"}}],"inLanguage":"de"},{"@type":"Organization","@id":"https:\/\/www.visit-montenegro.com\/de\/#organization","name":"Visit Montenegro","url":"https:\/\/www.visit-montenegro.com\/de\/","logo":{"@type":"ImageObject","inLanguage":"de","@id":"https:\/\/www.visit-montenegro.com\/de\/#\/schema\/logo\/image\/","url":"https:\/\/www.visit-montenegro.com\/wp-content\/uploads\/2017\/10\/logo-amp.png","contentUrl":"https:\/\/www.visit-montenegro.com\/wp-content\/uploads\/2017\/10\/logo-amp.png","width":190,"height":36,"caption":"Visit Montenegro"},"image":{"@id":"https:\/\/www.visit-montenegro.com\/de\/#\/schema\/logo\/image\/"},"sameAs":["https:\/\/www.facebook.com\/visitmontenegro","https:\/\/x.com\/visitmontenegro","https:\/\/www.instagram.com\/visit_montenegro\/","https:\/\/www.youtube.com\/user\/VisitMontenegro"]}]}},"translations":[],"_links":{"self":[{"href":"https:\/\/www.visit-montenegro.com\/de\/wp-json\/wp\/v2\/pages\/134474","targetHints":{"allow":["GET"]}}],"collection":[{"href":"https:\/\/www.visit-montenegro.com\/de\/wp-json\/wp\/v2\/pages"}],"about":[{"href":"https:\/\/www.visit-montenegro.com\/de\/wp-json\/wp\/v2\/types\/page"}],"author":[{"embeddable":true,"href":"https:\/\/www.visit-montenegro.com\/de\/wp-json\/wp\/v2\/users\/1"}],"replies":[{"embeddable":true,"href":"https:\/\/www.visit-montenegro.com\/de\/wp-json\/wp\/v2\/comments?post=134474"}],"version-history":[{"count":0,"href":"https:\/\/www.visit-montenegro.com\/de\/wp-json\/wp\/v2\/pages\/134474\/revisions"}],"wp:featuredmedia":[{"embeddable":true,"href":"https:\/\/www.visit-montenegro.com\/de\/wp-json\/wp\/v2\/media\/133637"}],"wp:attachment":[{"href":"https:\/\/www.visit-montenegro.com\/de\/wp-json\/wp\/v2\/media?parent=134474"}],"wp:term":[{"taxonomy":"post_tag","embeddable":true,"href":"https:\/\/www.visit-montenegro.com\/de\/wp-json\/wp\/v2\/tags?post=134474"}],"curies":[{"name":"wp","href":"https:\/\/api.w.org\/{rel}","templated":true}]}}