{"id":134490,"date":"2026-01-27T21:44:34","date_gmt":"2026-01-27T20:44:34","guid":{"rendered":"https:\/\/new.visit-montenegro.com\/ostrog\/"},"modified":"2026-02-22T16:59:53","modified_gmt":"2026-02-22T15:59:53","slug":"ostrog","status":"publish","type":"page","link":"https:\/\/www.visit-montenegro.com\/de\/reiseziele\/niksic\/sehenswuerdigkeiten\/ostrog\/","title":{"rendered":"Ostrog-Kloster"},"content":{"rendered":"\n<p>Das Ostrog-Kloster ist eine beeindruckende spirituelle St\u00e4tte, die in eine senkrechte Klippe in Montenegro gehauen ist und j\u00e4hrlich \u00fcber hunderttausend Besucher anzieht, darunter Pilger und Reisende aller Glaubensrichtungen, die von seiner wundersamen Aura und der Heiligkeit des Heiligen Basilius angezogen werden.<\/p>\n\n<hr class=\"wp-block-separator has-alpha-channel-opacity\"\/>\n\n<h2 class=\"wp-block-heading\">Einf\u00fchrung zum Ostrog-Kloster<\/h2>\n\n<p><strong>Das Ostrog-Kloster<\/strong> ist ein Wunder, das von der Natur und menschlichem Wirken geschaffen wurde, fast vollst\u00e4ndig in eine senkrecht stehende Bergklippe gehauen. Daher ist es heute die Perle der montenegrinischen Spiritualit\u00e4t, die jedes Jahr von mehr als hunderttausend Pilgern aus aller Welt und Reisenden aller Religionen besucht wird.<\/p>\n\n<p>Tats\u00e4chlich ist es eines der drei meistbesuchten christlichen Ziele auf dem Planeten mit seiner h\u00f6hlenartigen Kapelle und dem Klosterkomplex, der die Heiligkeit des Heiligen Basilius des Wundert\u00e4ters, eines orthodoxen christlichen Heiligen, bewahrt.<\/p>\n\n<p>Alle montenegrinischen spirituellen \u00dcberzeugungen und kulturellen Sch\u00e4tze haben in den hohen Klippen von <a href=\"https:\/\/www.visit-montenegro.com\/de\/kloster-ostrog\/\">Ostrog<\/a> ihre Heimat gefunden. Dar\u00fcber hinaus wird dieses atemberaubende Ziel Ihre Seele mit hoch erhabenen Gef\u00fchlen der Hingabe und Ehrfurcht vor Gott erf\u00fcllen.<\/p>\n\n<p>Mehr \u00fcber das <strong>Ostrog-Kloster<\/strong> erfahren Sie auf den folgenden Seiten:<\/p>\n\n<ul class=\"wp-block-list\">\n<li><a href=\"https:\/\/www.visit-montenegro.com\/de\/kloster-ostrog\/wo\/\">Lage von Ostrog<\/a><\/li>\n\n\n\n<li><a href=\"https:\/\/www.visit-montenegro.com\/de\/kloster-ostrog\/bau\/\">Bau von Ostrog<\/a><\/li>\n\n\n\n<li><a href=\"https:\/\/www.visit-montenegro.com\/de\/kloster-ostrog\/traditionen\/\">Ankunft und Abreise<\/a><\/li>\n\n\n\n<li><a href=\"https:\/\/www.visit-montenegro.com\/de\/kloster-ostrog\/geschichten\/\">Die Geschichten der Wunder<\/a><\/li>\n\n\n\n<li><a href=\"https:\/\/www.visit-montenegro.com\/de\/kloster-ostrog\/other\/\">Was andere \u00fcber Ostrog sagen<\/a><\/li>\n\n\n\n<li><a href=\"https:\/\/www.visit-montenegro.com\/de\/kloster-ostrog\/legenden\/\">Legenden und Mythen<\/a><\/li>\n\n\n\n<li><a href=\"https:\/\/www.visit-montenegro.com\/de\/kloster-ostrog\/historisch\/\">Geschichte von Ostrog<\/a><\/li>\n\n\n\n<li><a href=\"https:\/\/www.visit-montenegro.com\/de\/kloster-ostrog\/kulturell\/\">Das kulturelle Erbe<\/a><\/li>\n\n\n\n<li><a href=\"https:\/\/www.visit-montenegro.com\/de\/kloster-ostrog\/gatherings\/\">Feiertage und Versammlungen<\/a><\/li>\n\n\n\n<li><a href=\"https:\/\/www.visit-montenegro.com\/de\/kloster-ostrog\/kirchen\/\">Kirchen des Heiligen Basilius<\/a><\/li>\n\n\n\n<li><a href=\"https:\/\/www.visit-montenegro.com\/de\/kloster-ostrog\/gebet\/\">Das Gebet zum Heiligen Basilius<\/a><\/li>\n\n\n\n<li><a href=\"https:\/\/www.visit-montenegro.com\/de\/kloster-ostrog\/leben\/\">Das Leben des Heiligen Basilius von Ostrog<\/a><\/li>\n\n\n\n<li><a href=\"https:\/\/www.visit-montenegro.com\/de\/kloster-ostrog\/region\/\">Geschichte der Ostrog-Region<\/a><\/li>\n<\/ul>\n","protected":false},"excerpt":{"rendered":"<p>Entdecken Sie das Ostrog-Kloster, ein wundersames, in eine Klippe gehauenes Heiligtum in Montenegro. Dieses spirituelle Juwel zieht Pilger und Reisende aus aller Welt an und bietet tiefe Hingabe und kulturellen Reichtum.<\/p>\n","protected":false},"author":1,"featured_media":133953,"parent":134570,"menu_order":0,"comment_status":"closed","ping_status":"closed","template":"","meta":{"_yoast_wpseo_focuskw":"Ostrog-Kloster","_yoast_wpseo_metadesc":"Entdecken Sie das Ostrog-Kloster, Montenegros spirituelles Wunder in einer Klippe gehauen. Erfahren Sie mehr \u00fcber seine Wunder, Geschichte und warum es Besucher aus aller Welt anzieht. Planen Sie noch heute Ihren Besuch!","_kad_post_transparent":"","_kad_post_title":"","_kad_post_layout":"","_kad_post_sidebar_id":"","_kad_post_content_style":"","_kad_post_vertical_padding":"","_kad_post_feature":"","_kad_post_feature_position":"","_kad_post_header":false,"_kad_post_footer":false,"_kad_post_classname":"","iawp_total_views":6,"footnotes":""},"tags":[],"class_list":["post-134490","page","type-page","status-publish","has-post-thumbnail","hentry"],"yoast_head":"<!-- This site is optimized with the Yoast SEO plugin v27.3 - https:\/\/yoast.com\/product\/yoast-seo-wordpress\/ -->\n<title>Ostrog-Kloster - Visit Montenegro<\/title>\n<meta name=\"description\" content=\"Entdecken Sie das Ostrog-Kloster, Montenegros spirituelles Wunder in einer Klippe gehauen. Erfahren Sie mehr \u00fcber seine Wunder, Geschichte und warum es Besucher aus aller Welt anzieht. Planen Sie noch heute Ihren Besuch!\" \/>\n<meta name=\"robots\" content=\"index, follow, max-snippet:-1, max-image-preview:large, max-video-preview:-1\" \/>\n<link rel=\"canonical\" href=\"https:\/\/www.visit-montenegro.com\/de\/reiseziele\/niksic\/sehenswuerdigkeiten\/ostrog\/\" \/>\n<meta property=\"og:locale\" content=\"de_DE\" \/>\n<meta property=\"og:type\" content=\"article\" \/>\n<meta property=\"og:title\" content=\"Ostrog-Kloster - Visit Montenegro\" \/>\n<meta property=\"og:description\" content=\"Entdecken Sie das Ostrog-Kloster, Montenegros spirituelles Wunder in einer Klippe gehauen. Erfahren Sie mehr \u00fcber seine Wunder, Geschichte und warum es Besucher aus aller Welt anzieht. Planen Sie noch heute Ihren Besuch!\" \/>\n<meta property=\"og:url\" content=\"https:\/\/www.visit-montenegro.com\/de\/reiseziele\/niksic\/sehenswuerdigkeiten\/ostrog\/\" \/>\n<meta property=\"og:site_name\" content=\"Visit Montenegro\" \/>\n<meta property=\"article:publisher\" content=\"https:\/\/www.facebook.com\/visitmontenegro\" \/>\n<meta property=\"article:modified_time\" content=\"2026-02-22T15:59:53+00:00\" \/>\n<meta property=\"og:image\" content=\"https:\/\/www.visit-montenegro.com\/wp-content\/uploads\/2026\/01\/ostrog-monastery-01-scaled.jpg\" \/>\n\t<meta property=\"og:image:width\" content=\"1600\" \/>\n\t<meta property=\"og:image:height\" content=\"1067\" \/>\n\t<meta property=\"og:image:type\" content=\"image\/jpeg\" \/>\n<meta name=\"twitter:card\" content=\"summary_large_image\" \/>\n<meta name=\"twitter:site\" content=\"@visitmontenegro\" \/>\n<meta name=\"twitter:label1\" content=\"Gesch\u00e4tzte Lesezeit\" \/>\n\t<meta name=\"twitter:data1\" content=\"1\u00a0Minute\" \/>\n<script type=\"application\/ld+json\" class=\"yoast-schema-graph\">{\"@context\":\"https:\\\/\\\/schema.org\",\"@graph\":[{\"@type\":\"WebPage\",\"@id\":\"https:\\\/\\\/www.visit-montenegro.com\\\/de\\\/reiseziele\\\/niksic\\\/sehenswuerdigkeiten\\\/ostrog\\\/\",\"url\":\"https:\\\/\\\/www.visit-montenegro.com\\\/de\\\/reiseziele\\\/niksic\\\/sehenswuerdigkeiten\\\/ostrog\\\/\",\"name\":\"Ostrog-Kloster - Visit Montenegro\",\"isPartOf\":{\"@id\":\"https:\\\/\\\/www.visit-montenegro.com\\\/de\\\/#website\"},\"primaryImageOfPage\":{\"@id\":\"https:\\\/\\\/www.visit-montenegro.com\\\/de\\\/reiseziele\\\/niksic\\\/sehenswuerdigkeiten\\\/ostrog\\\/#primaryimage\"},\"image\":{\"@id\":\"https:\\\/\\\/www.visit-montenegro.com\\\/de\\\/reiseziele\\\/niksic\\\/sehenswuerdigkeiten\\\/ostrog\\\/#primaryimage\"},\"thumbnailUrl\":\"https:\\\/\\\/www.visit-montenegro.com\\\/wp-content\\\/uploads\\\/2026\\\/01\\\/ostrog-monastery-01-scaled.jpg\",\"datePublished\":\"2026-01-27T20:44:34+00:00\",\"dateModified\":\"2026-02-22T15:59:53+00:00\",\"description\":\"Entdecken Sie das Ostrog-Kloster, Montenegros spirituelles Wunder in einer Klippe gehauen. Erfahren Sie mehr \u00fcber seine Wunder, Geschichte und warum es Besucher aus aller Welt anzieht. Planen Sie noch heute Ihren Besuch!\",\"breadcrumb\":{\"@id\":\"https:\\\/\\\/www.visit-montenegro.com\\\/de\\\/reiseziele\\\/niksic\\\/sehenswuerdigkeiten\\\/ostrog\\\/#breadcrumb\"},\"inLanguage\":\"de\",\"potentialAction\":[{\"@type\":\"ReadAction\",\"target\":[\"https:\\\/\\\/www.visit-montenegro.com\\\/de\\\/reiseziele\\\/niksic\\\/sehenswuerdigkeiten\\\/ostrog\\\/\"]}]},{\"@type\":\"ImageObject\",\"inLanguage\":\"de\",\"@id\":\"https:\\\/\\\/www.visit-montenegro.com\\\/de\\\/reiseziele\\\/niksic\\\/sehenswuerdigkeiten\\\/ostrog\\\/#primaryimage\",\"url\":\"https:\\\/\\\/www.visit-montenegro.com\\\/wp-content\\\/uploads\\\/2026\\\/01\\\/ostrog-monastery-01-scaled.jpg\",\"contentUrl\":\"https:\\\/\\\/www.visit-montenegro.com\\\/wp-content\\\/uploads\\\/2026\\\/01\\\/ostrog-monastery-01-scaled.jpg\",\"width\":1600,\"height\":1067},{\"@type\":\"BreadcrumbList\",\"@id\":\"https:\\\/\\\/www.visit-montenegro.com\\\/de\\\/reiseziele\\\/niksic\\\/sehenswuerdigkeiten\\\/ostrog\\\/#breadcrumb\",\"itemListElement\":[{\"@type\":\"ListItem\",\"position\":1,\"name\":\"Home\",\"item\":\"https:\\\/\\\/www.visit-montenegro.com\\\/de\\\/home\\\/\"},{\"@type\":\"ListItem\",\"position\":2,\"name\":\"Reiseziele in Montenegro\",\"item\":\"https:\\\/\\\/www.visit-montenegro.com\\\/de\\\/reiseziele\\\/\"},{\"@type\":\"ListItem\",\"position\":3,\"name\":\"Niksic\",\"item\":\"https:\\\/\\\/www.visit-montenegro.com\\\/de\\\/reiseziele\\\/niksic\\\/\"},{\"@type\":\"ListItem\",\"position\":4,\"name\":\"Niksic Sehensw\u00fcrdigkeiten\",\"item\":\"https:\\\/\\\/www.visit-montenegro.com\\\/de\\\/reiseziele\\\/niksic\\\/sehenswuerdigkeiten\\\/\"},{\"@type\":\"ListItem\",\"position\":5,\"name\":\"Ostrog-Kloster\"}]},{\"@type\":\"WebSite\",\"@id\":\"https:\\\/\\\/www.visit-montenegro.com\\\/de\\\/#website\",\"url\":\"https:\\\/\\\/www.visit-montenegro.com\\\/de\\\/\",\"name\":\"Visit Montenegro\",\"description\":\"Breathtaking beauty\",\"publisher\":{\"@id\":\"https:\\\/\\\/www.visit-montenegro.com\\\/de\\\/#organization\"},\"potentialAction\":[{\"@type\":\"SearchAction\",\"target\":{\"@type\":\"EntryPoint\",\"urlTemplate\":\"https:\\\/\\\/www.visit-montenegro.com\\\/de\\\/?s={search_term_string}\"},\"query-input\":{\"@type\":\"PropertyValueSpecification\",\"valueRequired\":true,\"valueName\":\"search_term_string\"}}],\"inLanguage\":\"de\"},{\"@type\":\"Organization\",\"@id\":\"https:\\\/\\\/www.visit-montenegro.com\\\/de\\\/#organization\",\"name\":\"Visit Montenegro\",\"url\":\"https:\\\/\\\/www.visit-montenegro.com\\\/de\\\/\",\"logo\":{\"@type\":\"ImageObject\",\"inLanguage\":\"de\",\"@id\":\"https:\\\/\\\/www.visit-montenegro.com\\\/de\\\/#\\\/schema\\\/logo\\\/image\\\/\",\"url\":\"https:\\\/\\\/www.visit-montenegro.com\\\/wp-content\\\/uploads\\\/2017\\\/10\\\/logo-amp.png\",\"contentUrl\":\"https:\\\/\\\/www.visit-montenegro.com\\\/wp-content\\\/uploads\\\/2017\\\/10\\\/logo-amp.png\",\"width\":190,\"height\":36,\"caption\":\"Visit Montenegro\"},\"image\":{\"@id\":\"https:\\\/\\\/www.visit-montenegro.com\\\/de\\\/#\\\/schema\\\/logo\\\/image\\\/\"},\"sameAs\":[\"https:\\\/\\\/www.facebook.com\\\/visitmontenegro\",\"https:\\\/\\\/x.com\\\/visitmontenegro\",\"https:\\\/\\\/www.instagram.com\\\/visit_montenegro\\\/\",\"https:\\\/\\\/www.youtube.com\\\/user\\\/VisitMontenegro\"]}]}<\/script>\n<!-- \/ Yoast SEO plugin. -->","yoast_head_json":{"title":"Ostrog-Kloster - Visit Montenegro","description":"Entdecken Sie das Ostrog-Kloster, Montenegros spirituelles Wunder in einer Klippe gehauen. Erfahren Sie mehr \u00fcber seine Wunder, Geschichte und warum es Besucher aus aller Welt anzieht. Planen Sie noch heute Ihren Besuch!","robots":{"index":"index","follow":"follow","max-snippet":"max-snippet:-1","max-image-preview":"max-image-preview:large","max-video-preview":"max-video-preview:-1"},"canonical":"https:\/\/www.visit-montenegro.com\/de\/reiseziele\/niksic\/sehenswuerdigkeiten\/ostrog\/","og_locale":"de_DE","og_type":"article","og_title":"Ostrog-Kloster - Visit Montenegro","og_description":"Entdecken Sie das Ostrog-Kloster, Montenegros spirituelles Wunder in einer Klippe gehauen. Erfahren Sie mehr \u00fcber seine Wunder, Geschichte und warum es Besucher aus aller Welt anzieht. Planen Sie noch heute Ihren Besuch!","og_url":"https:\/\/www.visit-montenegro.com\/de\/reiseziele\/niksic\/sehenswuerdigkeiten\/ostrog\/","og_site_name":"Visit Montenegro","article_publisher":"https:\/\/www.facebook.com\/visitmontenegro","article_modified_time":"2026-02-22T15:59:53+00:00","og_image":[{"width":1600,"height":1067,"url":"https:\/\/www.visit-montenegro.com\/wp-content\/uploads\/2026\/01\/ostrog-monastery-01-scaled.jpg","type":"image\/jpeg"}],"twitter_card":"summary_large_image","twitter_site":"@visitmontenegro","twitter_misc":{"Gesch\u00e4tzte Lesezeit":"1\u00a0Minute"},"schema":{"@context":"https:\/\/schema.org","@graph":[{"@type":"WebPage","@id":"https:\/\/www.visit-montenegro.com\/de\/reiseziele\/niksic\/sehenswuerdigkeiten\/ostrog\/","url":"https:\/\/www.visit-montenegro.com\/de\/reiseziele\/niksic\/sehenswuerdigkeiten\/ostrog\/","name":"Ostrog-Kloster - Visit Montenegro","isPartOf":{"@id":"https:\/\/www.visit-montenegro.com\/de\/#website"},"primaryImageOfPage":{"@id":"https:\/\/www.visit-montenegro.com\/de\/reiseziele\/niksic\/sehenswuerdigkeiten\/ostrog\/#primaryimage"},"image":{"@id":"https:\/\/www.visit-montenegro.com\/de\/reiseziele\/niksic\/sehenswuerdigkeiten\/ostrog\/#primaryimage"},"thumbnailUrl":"https:\/\/www.visit-montenegro.com\/wp-content\/uploads\/2026\/01\/ostrog-monastery-01-scaled.jpg","datePublished":"2026-01-27T20:44:34+00:00","dateModified":"2026-02-22T15:59:53+00:00","description":"Entdecken Sie das Ostrog-Kloster, Montenegros spirituelles Wunder in einer Klippe gehauen. Erfahren Sie mehr \u00fcber seine Wunder, Geschichte und warum es Besucher aus aller Welt anzieht. Planen Sie noch heute Ihren Besuch!","breadcrumb":{"@id":"https:\/\/www.visit-montenegro.com\/de\/reiseziele\/niksic\/sehenswuerdigkeiten\/ostrog\/#breadcrumb"},"inLanguage":"de","potentialAction":[{"@type":"ReadAction","target":["https:\/\/www.visit-montenegro.com\/de\/reiseziele\/niksic\/sehenswuerdigkeiten\/ostrog\/"]}]},{"@type":"ImageObject","inLanguage":"de","@id":"https:\/\/www.visit-montenegro.com\/de\/reiseziele\/niksic\/sehenswuerdigkeiten\/ostrog\/#primaryimage","url":"https:\/\/www.visit-montenegro.com\/wp-content\/uploads\/2026\/01\/ostrog-monastery-01-scaled.jpg","contentUrl":"https:\/\/www.visit-montenegro.com\/wp-content\/uploads\/2026\/01\/ostrog-monastery-01-scaled.jpg","width":1600,"height":1067},{"@type":"BreadcrumbList","@id":"https:\/\/www.visit-montenegro.com\/de\/reiseziele\/niksic\/sehenswuerdigkeiten\/ostrog\/#breadcrumb","itemListElement":[{"@type":"ListItem","position":1,"name":"Home","item":"https:\/\/www.visit-montenegro.com\/de\/home\/"},{"@type":"ListItem","position":2,"name":"Reiseziele in Montenegro","item":"https:\/\/www.visit-montenegro.com\/de\/reiseziele\/"},{"@type":"ListItem","position":3,"name":"Niksic","item":"https:\/\/www.visit-montenegro.com\/de\/reiseziele\/niksic\/"},{"@type":"ListItem","position":4,"name":"Niksic Sehensw\u00fcrdigkeiten","item":"https:\/\/www.visit-montenegro.com\/de\/reiseziele\/niksic\/sehenswuerdigkeiten\/"},{"@type":"ListItem","position":5,"name":"Ostrog-Kloster"}]},{"@type":"WebSite","@id":"https:\/\/www.visit-montenegro.com\/de\/#website","url":"https:\/\/www.visit-montenegro.com\/de\/","name":"Visit Montenegro","description":"Breathtaking beauty","publisher":{"@id":"https:\/\/www.visit-montenegro.com\/de\/#organization"},"potentialAction":[{"@type":"SearchAction","target":{"@type":"EntryPoint","urlTemplate":"https:\/\/www.visit-montenegro.com\/de\/?s={search_term_string}"},"query-input":{"@type":"PropertyValueSpecification","valueRequired":true,"valueName":"search_term_string"}}],"inLanguage":"de"},{"@type":"Organization","@id":"https:\/\/www.visit-montenegro.com\/de\/#organization","name":"Visit Montenegro","url":"https:\/\/www.visit-montenegro.com\/de\/","logo":{"@type":"ImageObject","inLanguage":"de","@id":"https:\/\/www.visit-montenegro.com\/de\/#\/schema\/logo\/image\/","url":"https:\/\/www.visit-montenegro.com\/wp-content\/uploads\/2017\/10\/logo-amp.png","contentUrl":"https:\/\/www.visit-montenegro.com\/wp-content\/uploads\/2017\/10\/logo-amp.png","width":190,"height":36,"caption":"Visit Montenegro"},"image":{"@id":"https:\/\/www.visit-montenegro.com\/de\/#\/schema\/logo\/image\/"},"sameAs":["https:\/\/www.facebook.com\/visitmontenegro","https:\/\/x.com\/visitmontenegro","https:\/\/www.instagram.com\/visit_montenegro\/","https:\/\/www.youtube.com\/user\/VisitMontenegro"]}]}},"translations":[],"_links":{"self":[{"href":"https:\/\/www.visit-montenegro.com\/de\/wp-json\/wp\/v2\/pages\/134490","targetHints":{"allow":["GET"]}}],"collection":[{"href":"https:\/\/www.visit-montenegro.com\/de\/wp-json\/wp\/v2\/pages"}],"about":[{"href":"https:\/\/www.visit-montenegro.com\/de\/wp-json\/wp\/v2\/types\/page"}],"author":[{"embeddable":true,"href":"https:\/\/www.visit-montenegro.com\/de\/wp-json\/wp\/v2\/users\/1"}],"replies":[{"embeddable":true,"href":"https:\/\/www.visit-montenegro.com\/de\/wp-json\/wp\/v2\/comments?post=134490"}],"version-history":[{"count":0,"href":"https:\/\/www.visit-montenegro.com\/de\/wp-json\/wp\/v2\/pages\/134490\/revisions"}],"up":[{"embeddable":true,"href":"https:\/\/www.visit-montenegro.com\/de\/wp-json\/wp\/v2\/pages\/134570"}],"wp:featuredmedia":[{"embeddable":true,"href":"https:\/\/www.visit-montenegro.com\/de\/wp-json\/wp\/v2\/media\/133953"}],"wp:attachment":[{"href":"https:\/\/www.visit-montenegro.com\/de\/wp-json\/wp\/v2\/media?parent=134490"}],"wp:term":[{"taxonomy":"post_tag","embeddable":true,"href":"https:\/\/www.visit-montenegro.com\/de\/wp-json\/wp\/v2\/tags?post=134490"}],"curies":[{"name":"wp","href":"https:\/\/api.w.org\/{rel}","templated":true}]}}