{"id":134506,"date":"2026-01-27T21:44:34","date_gmt":"2026-01-27T20:44:34","guid":{"rendered":"https:\/\/new.visit-montenegro.com\/lake-slano\/"},"modified":"2026-02-22T16:59:53","modified_gmt":"2026-02-22T15:59:53","slug":"lake-slano","status":"publish","type":"page","link":"https:\/\/www.visit-montenegro.com\/de\/reiseziele\/niksic\/sehenswuerdigkeiten\/lake-slano\/","title":{"rendered":"Slano-See"},"content":{"rendered":"\n<p>Der Slano-See ist ein k\u00fcnstliches Reservoir in der N\u00e4he von Nik\u0161i\u0107, Montenegro, das 1950 f\u00fcr Wasserkraft geschaffen wurde und f\u00fcr sein sauberes Wasser, die zerkl\u00fcftete K\u00fcste und die reiche Artenvielfalt bekannt ist, was ihn zu einem ruhigen und malerischen Ziel macht.<\/p>\n\n<hr class=\"wp-block-separator has-alpha-channel-opacity\"\/>\n\n<h2 class=\"wp-block-heading\">\u00dcberblick und Entstehung des Slano-Sees<\/h2>\n\n<p>In der Umgebung von Nik\u0161i\u0107 gibt es drei k\u00fcnstliche Seen. Einer davon ist der <strong>Slano-See<\/strong> (Slano jezero), der 1950 geschaffen wurde, um den Bed\u00fcrfnissen des Wasserkraftwerks Peru\u0107ica zu dienen.<\/p>\n\n<p>Der <strong>Slano-See<\/strong> hat eine Fl\u00e4che von 9 km\u00b2 und liegt im westlichen Teil des Nik\u0161i\u0107-Feldes, umgeben von mittelhohen und hohen Bergen. Die K\u00fcstenlinie ist zerkl\u00fcftet, mit vielen Inseln und Halbinseln, und das Wasser des Sees ist unglaublich sauber und klar. Sie werden von der wilden Sch\u00f6nheit des Sees und der unber\u00fchrten Natur bezaubert sein, die ihn mit einer F\u00fclle von Pflanzen- und Tierarten umgibt.<\/p>\n\n<figure class=\"wp-block-image size-large\"><img loading=\"lazy\" decoding=\"async\" width=\"1024\" height=\"365\" src=\"https:\/\/www.visit-montenegro.com\/wp-content\/uploads\/2026\/01\/niksic-lake-slano-03-1024x365.jpg\" alt=\"\" class=\"wp-image-36143\" srcset=\"https:\/\/www.visit-montenegro.com\/wp-content\/uploads\/2026\/01\/niksic-lake-slano-03-1024x365.jpg 1024w, https:\/\/www.visit-montenegro.com\/wp-content\/uploads\/2026\/01\/niksic-lake-slano-03-300x107.jpg 300w, https:\/\/www.visit-montenegro.com\/wp-content\/uploads\/2026\/01\/niksic-lake-slano-03-768x274.jpg 768w, https:\/\/www.visit-montenegro.com\/wp-content\/uploads\/2026\/01\/niksic-lake-slano-03-1536x548.jpg 1536w, https:\/\/www.visit-montenegro.com\/wp-content\/uploads\/2026\/01\/niksic-lake-slano-03-1200x428.jpg 1200w, https:\/\/www.visit-montenegro.com\/wp-content\/uploads\/2026\/01\/niksic-lake-slano-03-scaled.jpg 1600w\" sizes=\"auto, (max-width: 1024px) 100vw, 1024px\" \/><figcaption class=\"wp-element-caption\">Gro\u00dfe abendliche Panoramaansicht des Slansko (Slano) Sees. Sonniger Tag, Wolken. Nik\u0161i\u0107. Montenegro.<\/figcaption><\/figure>\n\n<h2 class=\"wp-block-heading\">Malerische Sch\u00f6nheit und Erreichbarkeit<\/h2>\n\n<p>Obwohl es sich um eine k\u00fcnstliche Struktur handelt (an einem Rand gibt es einen Damm), machen das funkelnde blaue Wasser, die niedrigen Inseln und die gr\u00fcnen Ufer des <strong>Slano-Sees<\/strong> einen sch\u00f6nen Anblick aus. Es gibt einige kleine D\u00f6rfer am Ufer, aber es gibt keine direkte Route zum Wasser; nehmen Sie, welche Abzweigung Sie finden k\u00f6nnen, und schl\u00e4ngeln Sie sich hinunter. Sie werden wahrscheinlich nur wenige Menschen beim Angeln oder Sonnenbaden antreffen.<\/p>\n\n<p>Der <strong>Slano-See<\/strong> ist leicht erreichbar, aber nicht mit Infrastruktur ausgestattet. Nach dem Skadar-See ist er der gr\u00f6\u00dfte Vogelhabitat in Montenegro. Folglich hat der britische Automobilriese JAGUAR 2016 den <strong>Slano-See<\/strong> in der N\u00e4he von Nik\u0161i\u0107 mit seinem steilen, zerkl\u00fcfteten Gel\u00e4nde und der wilden Natur um den See herum als einen der Punkte auf der Weltkarte f\u00fcr Touristen markiert, um Jaguars erstes Gel\u00e4ndefahrzeug F-pace zu testen.<\/p>\n","protected":false},"excerpt":{"rendered":"<p>Entdecken Sie den Slano-See, einen k\u00fcnstlichen See in der N\u00e4he von Nik\u0161i\u0107, Montenegro, der 1950 entstand. Sein sauberes Wasser, die zerkl\u00fcftete K\u00fcste und die reiche Artenvielfalt bieten eine ruhige Flucht, perfekt f\u00fcr Naturliebhaber und Abenteuersuchende.<\/p>\n","protected":false},"author":1,"featured_media":134507,"parent":134570,"menu_order":0,"comment_status":"closed","ping_status":"closed","template":"","meta":{"_yoast_wpseo_focuskw":"Slano-See","_yoast_wpseo_metadesc":"Entdecken Sie den Slano-See in Montenegro: ein ruhiger k\u00fcnstlicher See mit sauberem Wasser, wilder Sch\u00f6nheit und reicher Tierwelt. Ideal f\u00fcr friedliche Auszeiten und malerische Aussichten.","_kad_post_transparent":"","_kad_post_title":"","_kad_post_layout":"","_kad_post_sidebar_id":"","_kad_post_content_style":"","_kad_post_vertical_padding":"","_kad_post_feature":"","_kad_post_feature_position":"","_kad_post_header":false,"_kad_post_footer":false,"_kad_post_classname":"","iawp_total_views":12,"footnotes":""},"tags":[],"class_list":["post-134506","page","type-page","status-publish","has-post-thumbnail","hentry"],"yoast_head":"<!-- This site is optimized with the Yoast SEO plugin v27.3 - https:\/\/yoast.com\/product\/yoast-seo-wordpress\/ -->\n<title>Slano-See - Visit Montenegro<\/title>\n<meta name=\"description\" content=\"Entdecken Sie den Slano-See in Montenegro: ein ruhiger k\u00fcnstlicher See mit sauberem Wasser, wilder Sch\u00f6nheit und reicher Tierwelt. Ideal f\u00fcr friedliche Auszeiten und malerische Aussichten.\" \/>\n<meta name=\"robots\" content=\"index, follow, max-snippet:-1, max-image-preview:large, max-video-preview:-1\" \/>\n<link rel=\"canonical\" href=\"https:\/\/www.visit-montenegro.com\/de\/reiseziele\/niksic\/sehenswuerdigkeiten\/lake-slano\/\" \/>\n<meta property=\"og:locale\" content=\"de_DE\" \/>\n<meta property=\"og:type\" content=\"article\" \/>\n<meta property=\"og:title\" content=\"Slano-See - Visit Montenegro\" \/>\n<meta property=\"og:description\" content=\"Entdecken Sie den Slano-See in Montenegro: ein ruhiger k\u00fcnstlicher See mit sauberem Wasser, wilder Sch\u00f6nheit und reicher Tierwelt. Ideal f\u00fcr friedliche Auszeiten und malerische Aussichten.\" \/>\n<meta property=\"og:url\" content=\"https:\/\/www.visit-montenegro.com\/de\/reiseziele\/niksic\/sehenswuerdigkeiten\/lake-slano\/\" \/>\n<meta property=\"og:site_name\" content=\"Visit Montenegro\" \/>\n<meta property=\"article:publisher\" content=\"https:\/\/www.facebook.com\/visitmontenegro\" \/>\n<meta property=\"article:modified_time\" content=\"2026-02-22T15:59:53+00:00\" \/>\n<meta property=\"og:image\" content=\"https:\/\/www.visit-montenegro.com\/wp-content\/uploads\/2026\/01\/niksic-lake-slano-02-scaled.jpg\" \/>\n\t<meta property=\"og:image:width\" content=\"1600\" \/>\n\t<meta property=\"og:image:height\" content=\"1039\" \/>\n\t<meta property=\"og:image:type\" content=\"image\/jpeg\" \/>\n<meta name=\"twitter:card\" content=\"summary_large_image\" \/>\n<meta name=\"twitter:site\" content=\"@visitmontenegro\" \/>\n<meta name=\"twitter:label1\" content=\"Gesch\u00e4tzte Lesezeit\" \/>\n\t<meta name=\"twitter:data1\" content=\"2\u00a0Minuten\" \/>\n<script type=\"application\/ld+json\" class=\"yoast-schema-graph\">{\"@context\":\"https:\\\/\\\/schema.org\",\"@graph\":[{\"@type\":\"WebPage\",\"@id\":\"https:\\\/\\\/www.visit-montenegro.com\\\/de\\\/reiseziele\\\/niksic\\\/sehenswuerdigkeiten\\\/lake-slano\\\/\",\"url\":\"https:\\\/\\\/www.visit-montenegro.com\\\/de\\\/reiseziele\\\/niksic\\\/sehenswuerdigkeiten\\\/lake-slano\\\/\",\"name\":\"Slano-See - Visit Montenegro\",\"isPartOf\":{\"@id\":\"https:\\\/\\\/www.visit-montenegro.com\\\/de\\\/#website\"},\"primaryImageOfPage\":{\"@id\":\"https:\\\/\\\/www.visit-montenegro.com\\\/de\\\/reiseziele\\\/niksic\\\/sehenswuerdigkeiten\\\/lake-slano\\\/#primaryimage\"},\"image\":{\"@id\":\"https:\\\/\\\/www.visit-montenegro.com\\\/de\\\/reiseziele\\\/niksic\\\/sehenswuerdigkeiten\\\/lake-slano\\\/#primaryimage\"},\"thumbnailUrl\":\"https:\\\/\\\/www.visit-montenegro.com\\\/wp-content\\\/uploads\\\/2026\\\/01\\\/niksic-lake-slano-02-scaled.jpg\",\"datePublished\":\"2026-01-27T20:44:34+00:00\",\"dateModified\":\"2026-02-22T15:59:53+00:00\",\"description\":\"Entdecken Sie den Slano-See in Montenegro: ein ruhiger k\u00fcnstlicher See mit sauberem Wasser, wilder Sch\u00f6nheit und reicher Tierwelt. Ideal f\u00fcr friedliche Auszeiten und malerische Aussichten.\",\"breadcrumb\":{\"@id\":\"https:\\\/\\\/www.visit-montenegro.com\\\/de\\\/reiseziele\\\/niksic\\\/sehenswuerdigkeiten\\\/lake-slano\\\/#breadcrumb\"},\"inLanguage\":\"de\",\"potentialAction\":[{\"@type\":\"ReadAction\",\"target\":[\"https:\\\/\\\/www.visit-montenegro.com\\\/de\\\/reiseziele\\\/niksic\\\/sehenswuerdigkeiten\\\/lake-slano\\\/\"]}]},{\"@type\":\"ImageObject\",\"inLanguage\":\"de\",\"@id\":\"https:\\\/\\\/www.visit-montenegro.com\\\/de\\\/reiseziele\\\/niksic\\\/sehenswuerdigkeiten\\\/lake-slano\\\/#primaryimage\",\"url\":\"https:\\\/\\\/www.visit-montenegro.com\\\/wp-content\\\/uploads\\\/2026\\\/01\\\/niksic-lake-slano-02-scaled.jpg\",\"contentUrl\":\"https:\\\/\\\/www.visit-montenegro.com\\\/wp-content\\\/uploads\\\/2026\\\/01\\\/niksic-lake-slano-02-scaled.jpg\",\"width\":1600,\"height\":1039},{\"@type\":\"BreadcrumbList\",\"@id\":\"https:\\\/\\\/www.visit-montenegro.com\\\/de\\\/reiseziele\\\/niksic\\\/sehenswuerdigkeiten\\\/lake-slano\\\/#breadcrumb\",\"itemListElement\":[{\"@type\":\"ListItem\",\"position\":1,\"name\":\"Home\",\"item\":\"https:\\\/\\\/www.visit-montenegro.com\\\/de\\\/home\\\/\"},{\"@type\":\"ListItem\",\"position\":2,\"name\":\"Reiseziele in Montenegro\",\"item\":\"https:\\\/\\\/www.visit-montenegro.com\\\/de\\\/reiseziele\\\/\"},{\"@type\":\"ListItem\",\"position\":3,\"name\":\"Niksic\",\"item\":\"https:\\\/\\\/www.visit-montenegro.com\\\/de\\\/reiseziele\\\/niksic\\\/\"},{\"@type\":\"ListItem\",\"position\":4,\"name\":\"Niksic Sehensw\u00fcrdigkeiten\",\"item\":\"https:\\\/\\\/www.visit-montenegro.com\\\/de\\\/reiseziele\\\/niksic\\\/sehenswuerdigkeiten\\\/\"},{\"@type\":\"ListItem\",\"position\":5,\"name\":\"Slano-See\"}]},{\"@type\":\"WebSite\",\"@id\":\"https:\\\/\\\/www.visit-montenegro.com\\\/de\\\/#website\",\"url\":\"https:\\\/\\\/www.visit-montenegro.com\\\/de\\\/\",\"name\":\"Visit Montenegro\",\"description\":\"Breathtaking beauty\",\"publisher\":{\"@id\":\"https:\\\/\\\/www.visit-montenegro.com\\\/de\\\/#organization\"},\"potentialAction\":[{\"@type\":\"SearchAction\",\"target\":{\"@type\":\"EntryPoint\",\"urlTemplate\":\"https:\\\/\\\/www.visit-montenegro.com\\\/de\\\/?s={search_term_string}\"},\"query-input\":{\"@type\":\"PropertyValueSpecification\",\"valueRequired\":true,\"valueName\":\"search_term_string\"}}],\"inLanguage\":\"de\"},{\"@type\":\"Organization\",\"@id\":\"https:\\\/\\\/www.visit-montenegro.com\\\/de\\\/#organization\",\"name\":\"Visit Montenegro\",\"url\":\"https:\\\/\\\/www.visit-montenegro.com\\\/de\\\/\",\"logo\":{\"@type\":\"ImageObject\",\"inLanguage\":\"de\",\"@id\":\"https:\\\/\\\/www.visit-montenegro.com\\\/de\\\/#\\\/schema\\\/logo\\\/image\\\/\",\"url\":\"https:\\\/\\\/www.visit-montenegro.com\\\/wp-content\\\/uploads\\\/2017\\\/10\\\/logo-amp.png\",\"contentUrl\":\"https:\\\/\\\/www.visit-montenegro.com\\\/wp-content\\\/uploads\\\/2017\\\/10\\\/logo-amp.png\",\"width\":190,\"height\":36,\"caption\":\"Visit Montenegro\"},\"image\":{\"@id\":\"https:\\\/\\\/www.visit-montenegro.com\\\/de\\\/#\\\/schema\\\/logo\\\/image\\\/\"},\"sameAs\":[\"https:\\\/\\\/www.facebook.com\\\/visitmontenegro\",\"https:\\\/\\\/x.com\\\/visitmontenegro\",\"https:\\\/\\\/www.instagram.com\\\/visit_montenegro\\\/\",\"https:\\\/\\\/www.youtube.com\\\/user\\\/VisitMontenegro\"]}]}<\/script>\n<!-- \/ Yoast SEO plugin. -->","yoast_head_json":{"title":"Slano-See - Visit Montenegro","description":"Entdecken Sie den Slano-See in Montenegro: ein ruhiger k\u00fcnstlicher See mit sauberem Wasser, wilder Sch\u00f6nheit und reicher Tierwelt. Ideal f\u00fcr friedliche Auszeiten und malerische Aussichten.","robots":{"index":"index","follow":"follow","max-snippet":"max-snippet:-1","max-image-preview":"max-image-preview:large","max-video-preview":"max-video-preview:-1"},"canonical":"https:\/\/www.visit-montenegro.com\/de\/reiseziele\/niksic\/sehenswuerdigkeiten\/lake-slano\/","og_locale":"de_DE","og_type":"article","og_title":"Slano-See - Visit Montenegro","og_description":"Entdecken Sie den Slano-See in Montenegro: ein ruhiger k\u00fcnstlicher See mit sauberem Wasser, wilder Sch\u00f6nheit und reicher Tierwelt. Ideal f\u00fcr friedliche Auszeiten und malerische Aussichten.","og_url":"https:\/\/www.visit-montenegro.com\/de\/reiseziele\/niksic\/sehenswuerdigkeiten\/lake-slano\/","og_site_name":"Visit Montenegro","article_publisher":"https:\/\/www.facebook.com\/visitmontenegro","article_modified_time":"2026-02-22T15:59:53+00:00","og_image":[{"width":1600,"height":1039,"url":"https:\/\/www.visit-montenegro.com\/wp-content\/uploads\/2026\/01\/niksic-lake-slano-02-scaled.jpg","type":"image\/jpeg"}],"twitter_card":"summary_large_image","twitter_site":"@visitmontenegro","twitter_misc":{"Gesch\u00e4tzte Lesezeit":"2\u00a0Minuten"},"schema":{"@context":"https:\/\/schema.org","@graph":[{"@type":"WebPage","@id":"https:\/\/www.visit-montenegro.com\/de\/reiseziele\/niksic\/sehenswuerdigkeiten\/lake-slano\/","url":"https:\/\/www.visit-montenegro.com\/de\/reiseziele\/niksic\/sehenswuerdigkeiten\/lake-slano\/","name":"Slano-See - Visit Montenegro","isPartOf":{"@id":"https:\/\/www.visit-montenegro.com\/de\/#website"},"primaryImageOfPage":{"@id":"https:\/\/www.visit-montenegro.com\/de\/reiseziele\/niksic\/sehenswuerdigkeiten\/lake-slano\/#primaryimage"},"image":{"@id":"https:\/\/www.visit-montenegro.com\/de\/reiseziele\/niksic\/sehenswuerdigkeiten\/lake-slano\/#primaryimage"},"thumbnailUrl":"https:\/\/www.visit-montenegro.com\/wp-content\/uploads\/2026\/01\/niksic-lake-slano-02-scaled.jpg","datePublished":"2026-01-27T20:44:34+00:00","dateModified":"2026-02-22T15:59:53+00:00","description":"Entdecken Sie den Slano-See in Montenegro: ein ruhiger k\u00fcnstlicher See mit sauberem Wasser, wilder Sch\u00f6nheit und reicher Tierwelt. Ideal f\u00fcr friedliche Auszeiten und malerische Aussichten.","breadcrumb":{"@id":"https:\/\/www.visit-montenegro.com\/de\/reiseziele\/niksic\/sehenswuerdigkeiten\/lake-slano\/#breadcrumb"},"inLanguage":"de","potentialAction":[{"@type":"ReadAction","target":["https:\/\/www.visit-montenegro.com\/de\/reiseziele\/niksic\/sehenswuerdigkeiten\/lake-slano\/"]}]},{"@type":"ImageObject","inLanguage":"de","@id":"https:\/\/www.visit-montenegro.com\/de\/reiseziele\/niksic\/sehenswuerdigkeiten\/lake-slano\/#primaryimage","url":"https:\/\/www.visit-montenegro.com\/wp-content\/uploads\/2026\/01\/niksic-lake-slano-02-scaled.jpg","contentUrl":"https:\/\/www.visit-montenegro.com\/wp-content\/uploads\/2026\/01\/niksic-lake-slano-02-scaled.jpg","width":1600,"height":1039},{"@type":"BreadcrumbList","@id":"https:\/\/www.visit-montenegro.com\/de\/reiseziele\/niksic\/sehenswuerdigkeiten\/lake-slano\/#breadcrumb","itemListElement":[{"@type":"ListItem","position":1,"name":"Home","item":"https:\/\/www.visit-montenegro.com\/de\/home\/"},{"@type":"ListItem","position":2,"name":"Reiseziele in Montenegro","item":"https:\/\/www.visit-montenegro.com\/de\/reiseziele\/"},{"@type":"ListItem","position":3,"name":"Niksic","item":"https:\/\/www.visit-montenegro.com\/de\/reiseziele\/niksic\/"},{"@type":"ListItem","position":4,"name":"Niksic Sehensw\u00fcrdigkeiten","item":"https:\/\/www.visit-montenegro.com\/de\/reiseziele\/niksic\/sehenswuerdigkeiten\/"},{"@type":"ListItem","position":5,"name":"Slano-See"}]},{"@type":"WebSite","@id":"https:\/\/www.visit-montenegro.com\/de\/#website","url":"https:\/\/www.visit-montenegro.com\/de\/","name":"Visit Montenegro","description":"Breathtaking beauty","publisher":{"@id":"https:\/\/www.visit-montenegro.com\/de\/#organization"},"potentialAction":[{"@type":"SearchAction","target":{"@type":"EntryPoint","urlTemplate":"https:\/\/www.visit-montenegro.com\/de\/?s={search_term_string}"},"query-input":{"@type":"PropertyValueSpecification","valueRequired":true,"valueName":"search_term_string"}}],"inLanguage":"de"},{"@type":"Organization","@id":"https:\/\/www.visit-montenegro.com\/de\/#organization","name":"Visit Montenegro","url":"https:\/\/www.visit-montenegro.com\/de\/","logo":{"@type":"ImageObject","inLanguage":"de","@id":"https:\/\/www.visit-montenegro.com\/de\/#\/schema\/logo\/image\/","url":"https:\/\/www.visit-montenegro.com\/wp-content\/uploads\/2017\/10\/logo-amp.png","contentUrl":"https:\/\/www.visit-montenegro.com\/wp-content\/uploads\/2017\/10\/logo-amp.png","width":190,"height":36,"caption":"Visit Montenegro"},"image":{"@id":"https:\/\/www.visit-montenegro.com\/de\/#\/schema\/logo\/image\/"},"sameAs":["https:\/\/www.facebook.com\/visitmontenegro","https:\/\/x.com\/visitmontenegro","https:\/\/www.instagram.com\/visit_montenegro\/","https:\/\/www.youtube.com\/user\/VisitMontenegro"]}]}},"translations":[],"_links":{"self":[{"href":"https:\/\/www.visit-montenegro.com\/de\/wp-json\/wp\/v2\/pages\/134506","targetHints":{"allow":["GET"]}}],"collection":[{"href":"https:\/\/www.visit-montenegro.com\/de\/wp-json\/wp\/v2\/pages"}],"about":[{"href":"https:\/\/www.visit-montenegro.com\/de\/wp-json\/wp\/v2\/types\/page"}],"author":[{"embeddable":true,"href":"https:\/\/www.visit-montenegro.com\/de\/wp-json\/wp\/v2\/users\/1"}],"replies":[{"embeddable":true,"href":"https:\/\/www.visit-montenegro.com\/de\/wp-json\/wp\/v2\/comments?post=134506"}],"version-history":[{"count":0,"href":"https:\/\/www.visit-montenegro.com\/de\/wp-json\/wp\/v2\/pages\/134506\/revisions"}],"up":[{"embeddable":true,"href":"https:\/\/www.visit-montenegro.com\/de\/wp-json\/wp\/v2\/pages\/134570"}],"wp:featuredmedia":[{"embeddable":true,"href":"https:\/\/www.visit-montenegro.com\/de\/wp-json\/wp\/v2\/media\/134507"}],"wp:attachment":[{"href":"https:\/\/www.visit-montenegro.com\/de\/wp-json\/wp\/v2\/media?parent=134506"}],"wp:term":[{"taxonomy":"post_tag","embeddable":true,"href":"https:\/\/www.visit-montenegro.com\/de\/wp-json\/wp\/v2\/tags?post=134506"}],"curies":[{"name":"wp","href":"https:\/\/api.w.org\/{rel}","templated":true}]}}